{"id":8053,"date":"2024-01-03T07:19:33","date_gmt":"2024-01-03T07:19:33","guid":{"rendered":"http:\/\/maldives-paradise.com\/?page_id=8053"},"modified":"2025-02-22T09:11:23","modified_gmt":"2025-02-22T09:11:23","slug":"5-stjarniga-hotellresorter-i-maldiverna-4","status":"publish","type":"page","link":"https:\/\/maldives-paradise.com\/sv\/5-stjarniga-hotellresorter-i-maldiverna-4\/","title":{"rendered":"5-stj\u00e4rniga hotell och resorter i Maldiverna 4"},"content":{"rendered":"<div class=\"wpb-content-wrapper\"><div class=\"vc_row wpb_row vc_row-fluid\"><div class=\"wpb_column vc_column_container vc_col-sm-12\"><div class=\"vc_column-inner\"><div class=\"wpb_wrapper\">\n\t<div class=\"wpb_text_column wpb_content_element\" >\n\t\t<div class=\"wpb_wrapper\">\n\t\t\t<h3>Ett urval av 5-stj\u00e4rniga hotell och resorter p\u00e5 Maldiverna<\/h3>\n<p>Med <strong data-start=\"450\" data-end=\"522\">fantastisk havsutsikt, vita sandstr\u00e4nder och kristallklara laguner<\/strong>, <strong data-start=\"524\" data-end=\"558\">5-stj\u00e4rniga resorter p\u00e5 Maldiverna<\/strong> omdefiniera tropisk lyx, vilket g\u00f6r dem till den perfekta destinationen f\u00f6r <strong data-start=\"625\" data-end=\"677\">smekm\u00e5nadsresen\u00e4rer, familjer och kr\u00e4sna resen\u00e4rer<\/strong> s\u00f6ker en of\u00f6rgl\u00f6mlig tillflyktsort.<\/p>\n\n\t\t<\/div>\n\t<\/div>\n<\/div><\/div><\/div><\/div><div class=\"vc_row wpb_row vc_row-fluid\"><div class=\"wpb_column vc_column_container vc_col-sm-3\"><div class=\"vc_column-inner\"><div class=\"wpb_wrapper\">\n\t<div  class=\"wpb_single_image wpb_content_element vc_align_left wpb_content_element\">\n\t\t\n\t\t<figure class=\"wpb_wrapper vc_figure\">\n\t\t\t<a href=\"http:\/\/maldives-paradise.com\/sv\/?page_id=8055\" target=\"_self\" class=\"vc_single_image-wrapper   vc_box_border_grey\"><img loading=\"lazy\" decoding=\"async\" width=\"150\" height=\"150\" src=\"https:\/\/maldives-paradise.com\/wp-content\/uploads\/2024\/01\/huvafen-fushi2-1-150x150.jpg\" class=\"vc_single_image-img attachment-thumbnail\" alt=\"Huvafen Fushi\" title=\"huvafen-fushi2\" \/><\/a>\n\t\t<\/figure>\n\t<\/div>\n<\/div><\/div><\/div><div class=\"wpb_column vc_column_container vc_col-sm-9\"><div class=\"vc_column-inner\"><div class=\"wpb_wrapper\">\n\t<div class=\"wpb_text_column wpb_content_element\" >\n\t\t<div class=\"wpb_wrapper\">\n\t\t\t<h4><a href=\"http:\/\/maldives-paradise.com\/sv\/?page_id=8055\">Huvafen Fushi<\/a><\/h4>\n<p><strong>Huvafen Fushi<\/strong> \u00e4r en 5-stj\u00e4rnig lyxig resort bel\u00e4gen p\u00e5 norra Mal\u00e9-atollen p\u00e5 Maldiverna. H\u00e4r finns bungalower \u00f6ver vattnet och stranden med privata pooler och 6 matst\u00e4llen.<br \/>\nHuvafen Fushi Maldives ligger i sin egen lagun och \u00e4r ett naturforskares underland d\u00e4r den fantastiska milj\u00f6n, b\u00e5de ovanf\u00f6r och under vattenlinjen.<\/p>\n\n\t\t<\/div>\n\t<\/div>\n<\/div><\/div><\/div><\/div><div class=\"vc_row wpb_row vc_row-fluid\"><div class=\"wpb_column vc_column_container vc_col-sm-3\"><div class=\"vc_column-inner\"><div class=\"wpb_wrapper\">\n\t<div  class=\"wpb_single_image wpb_content_element vc_align_left wpb_content_element\">\n\t\t\n\t\t<figure class=\"wpb_wrapper vc_figure\">\n\t\t\t<a href=\"http:\/\/maldives-paradise.com\/sv\/?page_id=7293\" target=\"_self\" class=\"vc_single_image-wrapper   vc_box_border_grey\"><img loading=\"lazy\" decoding=\"async\" width=\"150\" height=\"150\" src=\"https:\/\/maldives-paradise.com\/wp-content\/uploads\/2024\/01\/JA-Manafaru2-150x150.jpg\" class=\"vc_single_image-img attachment-thumbnail\" alt=\"JA Manafaru\" title=\"JA-Manafaru2\" \/><\/a>\n\t\t<\/figure>\n\t<\/div>\n<\/div><\/div><\/div><div class=\"wpb_column vc_column_container vc_col-sm-9\"><div class=\"vc_column-inner\"><div class=\"wpb_wrapper\">\n\t<div class=\"wpb_text_column wpb_content_element\" >\n\t\t<div class=\"wpb_wrapper\">\n\t\t\t<h4><a href=\"http:\/\/maldives-paradise.com\/sv\/?page_id=7293\">JA Manafaru<\/a><\/h4>\n<p><strong>JA Manafaru<\/strong> st\u00e5r som symbolen f\u00f6r lyx och lugn, och erbjuder en o\u00f6vertr\u00e4ffad flykt f\u00f6r kr\u00e4sna resen\u00e4rer som s\u00f6ker det ultimata inom \u00f6verfl\u00f6d. Denna exklusiva resort omdefinierar inneb\u00f6rden av paradis, och blandar s\u00f6ml\u00f6st p\u00e5kostat boende, bekv\u00e4mligheter i v\u00e4rldsklass och hisnande naturlig sk\u00f6nhet.<\/p>\n\n\t\t<\/div>\n\t<\/div>\n<\/div><\/div><\/div><\/div><div class=\"vc_row wpb_row vc_row-fluid\"><div class=\"wpb_column vc_column_container vc_col-sm-3\"><div class=\"vc_column-inner\"><div class=\"wpb_wrapper\">\n\t<div  class=\"wpb_single_image wpb_content_element vc_align_left wpb_content_element\">\n\t\t\n\t\t<figure class=\"wpb_wrapper vc_figure\">\n\t\t\t<a href=\"http:\/\/maldives-paradise.com\/sv\/?page_id=7297\" target=\"_self\" class=\"vc_single_image-wrapper   vc_box_border_grey\"><img loading=\"lazy\" decoding=\"async\" width=\"150\" height=\"150\" src=\"https:\/\/maldives-paradise.com\/wp-content\/uploads\/2024\/01\/joali2-150x150.jpg\" class=\"vc_single_image-img attachment-thumbnail\" alt=\"Joali Maldiverna\" title=\"joali2\" \/><\/a>\n\t\t<\/figure>\n\t<\/div>\n<\/div><\/div><\/div><div class=\"wpb_column vc_column_container vc_col-sm-9\"><div class=\"vc_column-inner\"><div class=\"wpb_wrapper\">\n\t<div class=\"wpb_text_column wpb_content_element\" >\n\t\t<div class=\"wpb_wrapper\">\n\t\t\t<h4><a href=\"http:\/\/maldives-paradise.com\/sv\/?page_id=7297\">Joali Maldiverna<\/a><\/h4>\n<p><strong>Joali Maldiverna<\/strong> \u00e4r inte bara en destination; det \u00e4r en upplevelse som s\u00f6ml\u00f6st blandar lyx, natur och konst. Oavsett om du letar efter en romantisk tillflyktsort, en \u00e4ventyrlig flykt eller bara en oas av lugn, lovar Joali en of\u00f6rgl\u00f6mlig resa in i paradiset. Njut av det extraordin\u00e4ra p\u00e5 Joali Maldives, d\u00e4r varje \u00f6gonblick \u00e4r ett m\u00e4sterverk.<\/p>\n\n\t\t<\/div>\n\t<\/div>\n<\/div><\/div><\/div><\/div><div class=\"vc_row wpb_row vc_row-fluid\"><div class=\"wpb_column vc_column_container vc_col-sm-3\"><div class=\"vc_column-inner\"><div class=\"wpb_wrapper\">\n\t<div  class=\"wpb_single_image wpb_content_element vc_align_left wpb_content_element\">\n\t\t\n\t\t<figure class=\"wpb_wrapper vc_figure\">\n\t\t\t<a href=\"http:\/\/maldives-paradise.com\/sv\/?page_id=7301\" target=\"_self\" class=\"vc_single_image-wrapper   vc_box_border_grey\"><img loading=\"lazy\" decoding=\"async\" width=\"150\" height=\"150\" src=\"https:\/\/maldives-paradise.com\/wp-content\/uploads\/2024\/01\/jumeirah-maldives-olhahali-island-1-150x150.jpg\" class=\"vc_single_image-img attachment-thumbnail\" alt=\"Jumeirah Maldiverna Olhahali Island\" title=\"jumeirah-maldiverna-olhahali-\u00f6-1\" \/><\/a>\n\t\t<\/figure>\n\t<\/div>\n<\/div><\/div><\/div><div class=\"wpb_column vc_column_container vc_col-sm-9\"><div class=\"vc_column-inner\"><div class=\"wpb_wrapper\">\n\t<div class=\"wpb_text_column wpb_content_element\" >\n\t\t<div class=\"wpb_wrapper\">\n\t\t\t<h4><a href=\"http:\/\/maldives-paradise.com\/sv\/?page_id=7301\">Jumeirah Maldiverna Olhahali Island<\/a><\/h4>\n<p>Fly till ett rike av o\u00f6vertr\u00e4ffad lyx och njut av en uts\u00f6kt blandning av \u00f6verfl\u00f6d och natur p\u00e5 <strong>Jumeirah Maldiverna Olhahali Island<\/strong>. Inb\u00e4ddat i hj\u00e4rtat av Indiska oceanen, omdefinierar denna prestigefyllda resort konsten att koppla av, och erbjuder en extraordin\u00e4r tillflyktsort f\u00f6r dem som s\u00f6ker symbolen f\u00f6r lyx.<\/p>\n\n\t\t<\/div>\n\t<\/div>\n<\/div><\/div><\/div><\/div><div class=\"vc_row wpb_row vc_row-fluid\"><div class=\"wpb_column vc_column_container vc_col-sm-3\"><div class=\"vc_column-inner\"><div class=\"wpb_wrapper\">\n\t<div  class=\"wpb_single_image wpb_content_element vc_align_left wpb_content_element\">\n\t\t\n\t\t<figure class=\"wpb_wrapper vc_figure\">\n\t\t\t<a href=\"http:\/\/maldives-paradise.com\/sv\/?page_id=7334\" target=\"_self\" class=\"vc_single_image-wrapper   vc_box_border_grey\"><img loading=\"lazy\" decoding=\"async\" width=\"150\" height=\"150\" src=\"https:\/\/maldives-paradise.com\/wp-content\/uploads\/2024\/01\/Kagi-Maldives3-150x150.jpg\" class=\"vc_single_image-img attachment-thumbnail\" alt=\"Kagi Maldives Resort &amp; Spa\" title=\"Kagi-Maldiverna 3\" \/><\/a>\n\t\t<\/figure>\n\t<\/div>\n<\/div><\/div><\/div><div class=\"wpb_column vc_column_container vc_col-sm-9\"><div class=\"vc_column-inner\"><div class=\"wpb_wrapper\">\n\t<div class=\"wpb_text_column wpb_content_element\" >\n\t\t<div class=\"wpb_wrapper\">\n\t\t\t<h4><a href=\"http:\/\/maldives-paradise.com\/sv\/?page_id=7334\">Kagi Maldives Resort &amp; Spa<\/a><\/h4>\n<p><strong><span style=\"color: #ff0000;\">B\u00e4sta prisgaranti<\/span><br \/>\n<\/strong><strong>Kagi Maldives Resort &amp; Spa<\/strong>, din fristad i hj\u00e4rtat av Maldiverna. Inb\u00e4ddat p\u00e5 den privata \u00f6n Kagi i norra Male-atollen, skapar denna exklusiva resort scenen f\u00f6r en of\u00f6rgl\u00f6mlig flykt och omdefinierar betydelsen av \u00f6verfl\u00f6d.<\/p>\n\n\t\t<\/div>\n\t<\/div>\n<\/div><\/div><\/div><\/div><div class=\"vc_row wpb_row vc_row-fluid\"><div class=\"wpb_column vc_column_container vc_col-sm-3\"><div class=\"vc_column-inner\"><div class=\"wpb_wrapper\">\n\t<div  class=\"wpb_single_image wpb_content_element vc_align_left wpb_content_element\">\n\t\t\n\t\t<figure class=\"wpb_wrapper vc_figure\">\n\t\t\t<a href=\"http:\/\/maldives-paradise.com\/sv\/?page_id=7330\" target=\"_self\" class=\"vc_single_image-wrapper   vc_box_border_grey\"><img loading=\"lazy\" decoding=\"async\" width=\"150\" height=\"150\" src=\"https:\/\/maldives-paradise.com\/wp-content\/uploads\/2024\/01\/Kandolhu2-150x150.jpg\" class=\"vc_single_image-img attachment-thumbnail\" alt=\"Kandolhu Island\" title=\"Kandolhu2\" \/><\/a>\n\t\t<\/figure>\n\t<\/div>\n<\/div><\/div><\/div><div class=\"wpb_column vc_column_container vc_col-sm-9\"><div class=\"vc_column-inner\"><div class=\"wpb_wrapper\">\n\t<div class=\"wpb_text_column wpb_content_element\" >\n\t\t<div class=\"wpb_wrapper\">\n\t\t\t<h4><a href=\"http:\/\/maldives-paradise.com\/sv\/?page_id=7330\">Kandolhu Island<\/a><\/h4>\n<p>Bo p\u00e5 Maldivernas or\u00f6rda sk\u00f6nhet med en vistelse p\u00e5 det exklusiva <strong>Kandolhu Island<\/strong> resort, d\u00e4r lyx m\u00f6ter o\u00f6vertr\u00e4ffad naturlig prakt. Detta avskilda paradis \u00e4r k\u00e4nt f\u00f6r sin hisnande sk\u00f6nhet, bekv\u00e4mligheter i v\u00e4rldsklass och o\u00f6vertr\u00e4ffad service.<\/p>\n\n\t\t<\/div>\n\t<\/div>\n<\/div><\/div><\/div><\/div><div class=\"vc_row wpb_row vc_row-fluid\"><div class=\"wpb_column vc_column_container vc_col-sm-3\"><div class=\"vc_column-inner\"><div class=\"wpb_wrapper\">\n\t<div  class=\"wpb_single_image wpb_content_element vc_align_left wpb_content_element\">\n\t\t\n\t\t<figure class=\"wpb_wrapper vc_figure\">\n\t\t\t<a href=\"http:\/\/maldives-paradise.com\/sv\/?page_id=7411\" target=\"_self\" class=\"vc_single_image-wrapper   vc_box_border_grey\"><img loading=\"lazy\" decoding=\"async\" width=\"150\" height=\"150\" src=\"https:\/\/maldives-paradise.com\/wp-content\/uploads\/2024\/01\/komandoo3.-150x150.jpg\" class=\"vc_single_image-img attachment-thumbnail\" alt=\"Komandoo Island Resort &amp; Spa\" title=\"Komandoo Infinity Pool\" \/><\/a>\n\t\t<\/figure>\n\t<\/div>\n<\/div><\/div><\/div><div class=\"wpb_column vc_column_container vc_col-sm-9\"><div class=\"vc_column-inner\"><div class=\"wpb_wrapper\">\n\t<div class=\"wpb_text_column wpb_content_element\" >\n\t\t<div class=\"wpb_wrapper\">\n\t\t\t<h4><a href=\"http:\/\/maldives-paradise.com\/sv\/?page_id=7411\">Komandoo Island Resort &amp; Spa \u2013 Endast vuxna<\/a><\/h4>\n<p><span style=\"color: #ff0000;\"><strong>B\u00e4sta prisgaranti<\/strong><\/span><br \/>\nFly till en v\u00e4rld av \u00f6verfl\u00f6d och lugn p\u00e5 <strong>Komandoo Island Resort &amp; Spa<\/strong>, en uts\u00f6kt tillflyktsort endast f\u00f6r vuxna, inb\u00e4ddat i hj\u00e4rtat av Maldiverna. K\u00e4nd f\u00f6r sin o\u00f6vertr\u00e4ffade sk\u00f6nhet och o\u00f6vertr\u00e4ffade service, denna lyxresort lovar en idyllisk tillflyktsort f\u00f6r dem som s\u00f6ker symbolen f\u00f6r ett tropiskt paradis.<\/p>\n\n\t\t<\/div>\n\t<\/div>\n<\/div><\/div><\/div><\/div><div class=\"vc_row wpb_row vc_row-fluid\"><div class=\"wpb_column vc_column_container vc_col-sm-3\"><div class=\"vc_column-inner\"><div class=\"wpb_wrapper\">\n\t<div  class=\"wpb_single_image wpb_content_element vc_align_left wpb_content_element\">\n\t\t\n\t\t<figure class=\"wpb_wrapper vc_figure\">\n\t\t\t<a href=\"http:\/\/maldives-paradise.com\/sv\/?page_id=7415\" target=\"_self\" class=\"vc_single_image-wrapper   vc_box_border_grey\"><img loading=\"lazy\" decoding=\"async\" width=\"150\" height=\"150\" src=\"https:\/\/maldives-paradise.com\/wp-content\/uploads\/2024\/01\/kuda-villingili-resort2-150x150.jpg\" class=\"vc_single_image-img attachment-thumbnail\" alt=\"Kuda Villingii Maldiverna\" title=\"kuda-villingili-resort2\" \/><\/a>\n\t\t<\/figure>\n\t<\/div>\n<\/div><\/div><\/div><div class=\"wpb_column vc_column_container vc_col-sm-9\"><div class=\"vc_column-inner\"><div class=\"wpb_wrapper\">\n\t<div class=\"wpb_text_column wpb_content_element\" >\n\t\t<div class=\"wpb_wrapper\">\n\t\t\t<h4><a href=\"http:\/\/maldives-paradise.com\/sv\/?page_id=7415\">Kuda Villingii Maldiverna<\/a><\/h4>\n<p><span style=\"color: #ff0000;\"><strong>B\u00e4sta prisgaranti<\/strong><\/span><br \/>\nKuda Villingii Maldives \u00e4r en lyxresort, d\u00e4r Indiska oceanens azurbl\u00e5 vatten m\u00f6ter den pudriga vita sanden p\u00e5 en avskild paradis\u00f6. Denna lyxiga resort omdefinierar den maldiviska upplevelsen och erbjuder en uts\u00f6kt blandning av o\u00f6vertr\u00e4ffad komfort, o\u00f6vertr\u00e4ffad naturlig sk\u00f6nhet och g\u00e4stfrihet i v\u00e4rldsklass.<\/p>\n\n\t\t<\/div>\n\t<\/div>\n<\/div><\/div><\/div><\/div><div class=\"vc_row wpb_row vc_row-fluid\"><div class=\"wpb_column vc_column_container vc_col-sm-3\"><div class=\"vc_column-inner\"><div class=\"wpb_wrapper\">\n\t<div  class=\"wpb_single_image wpb_content_element vc_align_left wpb_content_element\">\n\t\t\n\t\t<figure class=\"wpb_wrapper vc_figure\">\n\t\t\t<a href=\"http:\/\/maldives-paradise.com\/sv\/?page_id=7419\" target=\"_self\" class=\"vc_single_image-wrapper   vc_box_border_grey\"><img loading=\"lazy\" decoding=\"async\" width=\"150\" height=\"150\" src=\"https:\/\/maldives-paradise.com\/wp-content\/uploads\/2024\/01\/kudadoo2-150x150.jpg\" class=\"vc_single_image-img attachment-thumbnail\" alt=\"Kudadoo Maldivernas privata \u00f6\" title=\"kudadoo2\" \/><\/a>\n\t\t<\/figure>\n\t<\/div>\n<\/div><\/div><\/div><div class=\"wpb_column vc_column_container vc_col-sm-9\"><div class=\"vc_column-inner\"><div class=\"wpb_wrapper\">\n\t<div class=\"wpb_text_column wpb_content_element\" >\n\t\t<div class=\"wpb_wrapper\">\n\t\t\t<h4><a href=\"http:\/\/maldives-paradise.com\/sv\/?page_id=7419\">Kudadoo Maldivernas privata \u00f6<\/a><\/h4>\n<p><span style=\"color: #ff0000;\"><strong>B\u00e4sta prisgaranti<\/strong><\/span><\/p>\n<p><strong>Vad som helst, n\u00e4r som helst, var som helst<\/strong><\/p>\n<p>Den 5-stj\u00e4rniga <a href=\"https:\/\/lamp.glopss.com\/aff_c?offer_id=264&amp;aff_id=1834&amp;url=https%3A%2F%2Fwww.kudadoo.com%2F\" target=\"_blank\" rel=\"nofollow noopener\"><strong>Kudadoo Maldivernas privata \u00f6<\/strong><\/a> ligger i Lhaviyani Atoll och designad f\u00f6r att vara en fristad av lugn f\u00f6r dem som s\u00f6ker en <strong>all inclusive<\/strong> lyxupplevelse kompletterad med ett \u00f6verfl\u00f6d av personligt utrymme.<\/p>\n\n\t\t<\/div>\n\t<\/div>\n<\/div><\/div><\/div><\/div><div class=\"vc_row wpb_row vc_row-fluid\"><div class=\"wpb_column vc_column_container vc_col-sm-3\"><div class=\"vc_column-inner\"><div class=\"wpb_wrapper\">\n\t<div  class=\"wpb_single_image wpb_content_element vc_align_left wpb_content_element\">\n\t\t\n\t\t<figure class=\"wpb_wrapper vc_figure\">\n\t\t\t<a href=\"http:\/\/maldives-paradise.com\/sv\/?page_id=7423\" target=\"_self\" class=\"vc_single_image-wrapper   vc_box_border_grey\"><img loading=\"lazy\" decoding=\"async\" width=\"150\" height=\"150\" src=\"https:\/\/maldives-paradise.com\/wp-content\/uploads\/2024\/01\/Kurumba-Maldives-Hero-Image-150x150.jpg\" class=\"vc_single_image-img attachment-thumbnail\" alt=\"Kurumba Maldiverna\" title=\"Kurumba-Maldiverna-Hj\u00e4lte-bild\" \/><\/a>\n\t\t<\/figure>\n\t<\/div>\n<\/div><\/div><\/div><div class=\"wpb_column vc_column_container vc_col-sm-9\"><div class=\"vc_column-inner\"><div class=\"wpb_wrapper\">\n\t<div class=\"wpb_text_column wpb_content_element\" >\n\t\t<div class=\"wpb_wrapper\">\n\t\t\t<h4><a href=\"http:\/\/maldives-paradise.com\/sv\/?page_id=7423\">Kurumba Maldiverna<\/a><\/h4>\n<p><span style=\"color: #ff0000;\"><strong>B\u00e4sta prisgaranti<\/strong><\/span><br \/>\nInb\u00e4ddat i hj\u00e4rtat av Maldiverna, d\u00e4r turkost vatten m\u00f6ter pudervit sand, ligger symbolen f\u00f6r lyx och lugn \u2013 <a href=\"https:\/\/lamp.glopss.com\/aff_c?offer_id=225&amp;aff_id=1834\" target=\"_blank\" rel=\"nofollow noopener\"><strong>Kurumba Maldiverna<\/strong><\/a>. Kurumba \u00e4r k\u00e4nd som den f\u00f6rsta privata \u00f6resorten p\u00e5 Maldiverna och har s\u00f6ml\u00f6st blandat traditionell maldivisk charm med samtida \u00f6verfl\u00f6d f\u00f6r att skapa en fristad som \u00f6vertr\u00e4ffar det vanliga.<\/p>\n\n\t\t<\/div>\n\t<\/div>\n<\/div><\/div><\/div><\/div><div class=\"vc_row wpb_row vc_row-fluid\"><div class=\"wpb_column vc_column_container vc_col-sm-3\"><div class=\"vc_column-inner\"><div class=\"wpb_wrapper\">\n\t<div  class=\"wpb_single_image wpb_content_element vc_align_left wpb_content_element\">\n\t\t\n\t\t<figure class=\"wpb_wrapper vc_figure\">\n\t\t\t<a href=\"http:\/\/maldives-paradise.com\/sv\/?page_id=7427\" target=\"_self\" class=\"vc_single_image-wrapper   vc_box_border_grey\"><img loading=\"lazy\" decoding=\"async\" width=\"150\" height=\"150\" src=\"https:\/\/maldives-paradise.com\/wp-content\/uploads\/2024\/01\/lily-beach2-150x150.jpg\" class=\"vc_single_image-img attachment-thumbnail\" alt=\"Lily Beach Resort &amp; Spa\" title=\"lily-beach2\" \/><\/a>\n\t\t<\/figure>\n\t<\/div>\n<\/div><\/div><\/div><div class=\"wpb_column vc_column_container vc_col-sm-9\"><div class=\"vc_column-inner\"><div class=\"wpb_wrapper\">\n\t<div class=\"wpb_text_column wpb_content_element\" >\n\t\t<div class=\"wpb_wrapper\">\n\t\t\t<h4><a href=\"http:\/\/maldives-paradise.com\/sv\/?page_id=7427\">Lily Beach Resort &amp; Spa<\/a><\/h4>\n<p>En v\u00e4rld av o\u00f6vertr\u00e4ffad lyx och hisnande sk\u00f6nhet<strong> Lily Beach Resort &amp; Spa<\/strong>, Maldivernas kronjuvel. Inb\u00e4ddat p\u00e5 en or\u00f6rd \u00f6 i hj\u00e4rtat av Indiska oceanen, lockar denna exklusiva resort kr\u00e4sna resen\u00e4rer som s\u00f6ker en extraordin\u00e4r tropisk tillflyktsort. Med sina o\u00f6vertr\u00e4ffade egenskaper och o\u00f6vertr\u00e4ffad service st\u00e5r Lily Beach Resort &amp; Spa som ett bevis p\u00e5 symbolen f\u00f6r lyx.<\/p>\n\n\t\t<\/div>\n\t<\/div>\n<\/div><\/div><\/div><\/div><div class=\"vc_row wpb_row vc_row-fluid\"><div class=\"wpb_column vc_column_container vc_col-sm-3\"><div class=\"vc_column-inner\"><div class=\"wpb_wrapper\">\n\t<div  class=\"wpb_single_image wpb_content_element vc_align_left wpb_content_element\">\n\t\t\n\t\t<figure class=\"wpb_wrapper vc_figure\">\n\t\t\t<a href=\"http:\/\/maldives-paradise.com\/sv\/?page_id=7431\" target=\"_self\" class=\"vc_single_image-wrapper   vc_box_border_grey\"><img loading=\"lazy\" decoding=\"async\" width=\"150\" height=\"150\" src=\"https:\/\/maldives-paradise.com\/wp-content\/uploads\/2024\/01\/lux2-150x150.jpg\" class=\"vc_single_image-img attachment-thumbnail\" alt=\"LUX * Maldiverna South Ari Atoll\" title=\"lux2\" \/><\/a>\n\t\t<\/figure>\n\t<\/div>\n<\/div><\/div><\/div><div class=\"wpb_column vc_column_container vc_col-sm-9\"><div class=\"vc_column-inner\"><div class=\"wpb_wrapper\">\n\t<div class=\"wpb_text_column wpb_content_element\" >\n\t\t<div class=\"wpb_wrapper\">\n\t\t\t<h4><a href=\"http:\/\/maldives-paradise.com\/sv\/?page_id=7431\">LUX * Maldiverna South Ari Atoll<\/a><\/h4>\n<p>Prova stor lyx och tropisk prakt p\u00e5 <strong>LUX * Maldiverna South Ari Atoll<\/strong>, d\u00e4r det kristallklara vattnet i Indiska oceanen omfamnar or\u00f6rda vita sandar, vilket skapar en oas av lugn och \u00f6verfl\u00f6d. Denna exklusiva resort omdefinierar inneb\u00f6rden av lyx, och erbjuder en s\u00f6ml\u00f6s blandning av naturlig sk\u00f6nhet och o\u00f6vertr\u00e4ffad g\u00e4stfrihet.<\/p>\n\n\t\t<\/div>\n\t<\/div>\n<\/div><\/div><\/div><\/div><div class=\"vc_row wpb_row vc_row-fluid\"><div class=\"wpb_column vc_column_container vc_col-sm-12\"><div class=\"vc_column-inner\"><div class=\"wpb_wrapper\">\n\t<div class=\"wpb_text_column wpb_content_element\" >\n\t\t<div class=\"wpb_wrapper\">\n\t\t\t<h3>5-stj\u00e4rniga hotell och resorter i Maldiverna\u00a0 <a href=\"http:\/\/maldives-paradise.com\/sv\/?page_id=4124\">Sida 1<\/a>\u00a0\u00a0 <a href=\"http:\/\/maldives-paradise.com\/sv\/?page_id=7968\">Sida 2<\/a> \u00a0 <a href=\"http:\/\/maldives-paradise.com\/sv\/?page_id=7996\">Sida 3<\/a> \u00a0 <a href=\"http:\/\/maldives-paradise.com\/sv\/?page_id=8128\">Sida 5<\/a> \u00a0 <a href=\"http:\/\/maldives-paradise.com\/sv\/?page_id=8170\">Sida 6<\/a>\u00a0 <a href=\"http:\/\/maldives-paradise.com\/sv\/?page_id=8384\">Sida 7<\/a> \u00a0<a href=\"http:\/\/maldives-paradise.com\/sv\/5-stjarniga-hotellresorter-i-maldiverna-8\/\">Sida 8<\/a>\u00a0\u00a0<a href=\"https:\/\/maldives-paradise.com\/sv\/5-stjarniga-hotellresorter-i-maldiverna-9\/\">Sida 9<\/a><\/h3>\n\n\t\t<\/div>\n\t<\/div>\n<\/div><\/div><\/div><\/div>\n<\/div>","protected":false},"excerpt":{"rendered":"<div class=\"mh-excerpt\"><\/div>","protected":false},"author":1,"featured_media":0,"parent":0,"menu_order":0,"comment_status":"closed","ping_status":"closed","template":"","meta":{"footnotes":""},"class_list":["post-8053","page","type-page","status-publish"],"aioseo_notices":[],"_links":{"self":[{"href":"https:\/\/maldives-paradise.com\/sv\/wp-json\/wp\/v2\/pages\/8053","targetHints":{"allow":["GET"]}}],"collection":[{"href":"https:\/\/maldives-paradise.com\/sv\/wp-json\/wp\/v2\/pages"}],"about":[{"href":"https:\/\/maldives-paradise.com\/sv\/wp-json\/wp\/v2\/types\/page"}],"author":[{"embeddable":true,"href":"https:\/\/maldives-paradise.com\/sv\/wp-json\/wp\/v2\/users\/1"}],"replies":[{"embeddable":true,"href":"https:\/\/maldives-paradise.com\/sv\/wp-json\/wp\/v2\/comments?post=8053"}],"version-history":[{"count":6,"href":"https:\/\/maldives-paradise.com\/sv\/wp-json\/wp\/v2\/pages\/8053\/revisions"}],"predecessor-version":[{"id":34299,"href":"https:\/\/maldives-paradise.com\/sv\/wp-json\/wp\/v2\/pages\/8053\/revisions\/34299"}],"wp:attachment":[{"href":"https:\/\/maldives-paradise.com\/sv\/wp-json\/wp\/v2\/media?parent=8053"}],"curies":[{"name":"wp","href":"https:\/\/api.w.org\/{rel}","templated":true}]}}