{"id":7838,"date":"2023-12-31T07:27:13","date_gmt":"2023-12-31T07:27:13","guid":{"rendered":"http:\/\/maldives-paradise.com\/?page_id=7838"},"modified":"2025-10-02T07:12:53","modified_gmt":"2025-10-02T07:12:53","slug":"angsana-resort-och-spa-ihuru","status":"publish","type":"page","link":"https:\/\/maldives-paradise.com\/sv\/angsana-resort-och-spa-ihuru\/","title":{"rendered":"Angsana Resort and Spa Ihuru"},"content":{"rendered":"<div class=\"wpb-content-wrapper\"><div class=\"vc_row wpb_row vc_row-fluid\"><div class=\"wpb_column vc_column_container vc_col-sm-12\"><div class=\"vc_column-inner\"><div class=\"wpb_wrapper\">\n\t<div class=\"wpb_text_column wpb_content_element\" >\n\t\t<div class=\"wpb_wrapper\">\n\t\t\t<h3>Uppt\u00e4ck de b\u00e4sta egenskaperna hos Angsana Resort and Spa Ihuru p\u00e5 Maldiverna<\/h3>\n\n\t\t<\/div>\n\t<\/div>\n<\/div><\/div><\/div><\/div><div class=\"vc_row wpb_row vc_row-fluid\"><div class=\"wpb_column vc_column_container vc_col-sm-12\"><div class=\"vc_column-inner\"><div class=\"wpb_wrapper\">\n\t<div class=\"wpb_video_widget wpb_content_element vc_clearfix   vc_video-aspect-ratio-169 vc_video-el-width-100 vc_video-align-left\" >\n\t\t<div class=\"wpb_wrapper\">\n\t\t\t\n\t\t\t<div class=\"wpb_video_wrapper\"><iframe loading=\"lazy\" title=\"Angsana Ihuru\" width=\"500\" height=\"281\" src=\"https:\/\/www.youtube.com\/embed\/tYdRKx2V0po?feature=oembed\" frameborder=\"0\" allow=\"accelerometer; autoplay; clipboard-write; encrypted-media; gyroscope; picture-in-picture; web-share\" allowfullscreen><\/iframe><\/div>\n\t\t<\/div>\n\t<\/div>\n<\/div><\/div><\/div><\/div><div class=\"vc_row wpb_row vc_row-fluid\"><div class=\"wpb_column vc_column_container vc_col-sm-12\"><div class=\"vc_column-inner\"><div class=\"wpb_wrapper\">\n\t<div class=\"wpb_text_column wpb_content_element\" >\n\t\t<div class=\"wpb_wrapper\">\n\t\t\t<p>Fly till ett rike av o\u00f6vertr\u00e4ffad lyx och tropisk lycka p\u00e5 <strong>Angsana Resort and Spa Ihuru<\/strong>, d\u00e4r varje \u00f6gonblick \u00e4r ett m\u00e4sterverk av \u00f6verfl\u00f6d och naturlig prakt. Denna exklusiva Maldiviska fristad lockar kr\u00e4sna resen\u00e4rer med sina extraordin\u00e4ra egenskaper, som lovar en \u00f6verseende flykt utan dess like.<\/p>\n<p><strong>Bungalower \u00f6ver vattnet:<\/strong><br \/>\nAngsana Resort and Spa Ihuru har en samling uts\u00f6kta bungalower \u00f6ver vattnet, s\u00e5 att g\u00e4sterna kan vakna upp till enast\u00e5ende utsikt \u00f6ver Indiska oceanen. Dessa privata villor \u00e4r utrustade med golv med glasbotten, vilket ger en fascinerande inblick i det pulserande marina livet som frodas under ytan.<\/p>\n<p><strong>Privata villor vid stranden:<\/strong><br \/>\nF\u00f6r dem som s\u00f6ker en mer grundad upplevelse erbjuder resorten privata villor vid stranden omgivna av frodig vegetation. G\u00e4sterna kan njuta av direkt tillg\u00e5ng till stranden, vilket skapar en intim och idyllisk milj\u00f6 f\u00f6r avkoppling.<\/p>\n<p><strong>Snorkelparadis:<\/strong><br \/>\nHusrevet som omger Ihuru \u00e4r en fristad f\u00f6r snorklingsentusiaster. Anl\u00e4ggningen erbjuder gratis snorklingsutrustning, s\u00e5 att g\u00e4sterna kan utforska de pulserande koralltr\u00e4dg\u00e5rdarna och m\u00f6ta en m\u00e4ngd f\u00e4rgstarkt marint liv bara n\u00e5gra steg fr\u00e5n sitt boende.<\/p>\n<p><strong>Prisbel\u00f6nt spa:<\/strong><br \/>\nAngsana Spa \u00e4r en fristad f\u00f6r f\u00f6ryngring, d\u00e4r g\u00e4sterna kan njuta av en rad terapeutiska behandlingar inspirerade av asiatiska traditioner. Omgivet av havets lugnande ljud, erbjuder spaet en holistisk wellnessupplevelse som harmoniserar sinne, kropp och ande.<\/p>\n<p><strong>Gourmetmat:<\/strong><br \/>\nKulinariska l\u00e4ckerheter v\u00e4ntar p\u00e5 resortens restauranger, d\u00e4r kockar i v\u00e4rldsklass sammanst\u00e4ller en varierad meny inspirerad av lokala smaker och internationella r\u00e4tter. G\u00e4sterna kan \u00e4ta utomhus med t\u00e5rna i sanden eller njuta av en romantisk middag under den stj\u00e4rnbelysta maldiviska himlen.<\/p>\n<p><strong>Dykutflykter:<\/strong><br \/>\n\u00c4ventyrss\u00f6kande kan ge sig ut p\u00e5 dykexpeditioner f\u00f6r att utforska Maldivernas fascinerande undervattensv\u00e4rld. Resortens PADI-certifierade dykcenter erbjuder en rad kurser och utflykter som passar b\u00e5de nyb\u00f6rjare och erfarna dykare.<\/p>\n<p><strong>Milj\u00f6v\u00e5rd:<\/strong><br \/>\nAngsana Resort and Spa Ihuru \u00e4r engagerad i h\u00e5llbara och milj\u00f6v\u00e4nliga metoder. Anl\u00e4ggningen deltar aktivt i program f\u00f6r bevarande av koraller, och g\u00e4sterna kan delta i utbildningsaktiviteter f\u00f6r att l\u00e4ra sig om Maldivernas k\u00e4nsliga ekosystem.<\/p>\n<p><strong>Personliga upplevelser:<\/strong><br \/>\nOavsett om det \u00e4r en romantisk middag p\u00e5 stranden, en privat kryssning i solnedg\u00e5ngen eller ett skr\u00e4ddarsytt spapaket, g\u00e5r resortens uppm\u00e4rksamma personal ut\u00f6ver det vanliga f\u00f6r att tillgodose g\u00e4sternas individuella preferenser, vilket s\u00e4kerst\u00e4ller en verkligt personlig och of\u00f6rgl\u00f6mlig vistelse.<\/p>\n<p>Sammanfattningsvis st\u00e5r Angsana Resort and Spa Ihuru som ett bevis p\u00e5 lyx p\u00e5 Maldiverna, och erbjuder en harmonisk blandning av naturlig sk\u00f6nhet, exklusivt boende och o\u00f6vertr\u00e4ffade upplevelser. Det \u00e4r en destination d\u00e4r varje \u00f6gonblick \u00e4r en m\u00f6jlighet att skapa omhuldade minnen i en av v\u00e4rldens mest f\u00f6rtrollande milj\u00f6er.<\/p>\n\n\t\t<\/div>\n\t<\/div>\n<\/div><\/div><\/div><\/div><div class=\"vc_row wpb_row vc_row-fluid\"><div class=\"wpb_column vc_column_container vc_col-sm-12\"><div class=\"vc_column-inner\"><div class=\"wpb_wrapper\">\n\t<div class=\"wpb_text_column wpb_content_element\" >\n\t\t<div class=\"wpb_wrapper\">\n\t\t\t<p><strong><a title=\"Dhawa Ihuru\" href=\"https:\/\/trip.tpo.lv\/59Cvcbmi\" target=\"blanc2\" rel=\"nofollow\">Kontrollera tillg\u00e4nglighet och boka med b\u00e4sta pris p\u00e5 Dhawa Ihuru h\u00e4r &gt;&gt;<\/a><\/strong><\/p>\n\n\t\t<\/div>\n\t<\/div>\n<\/div><\/div><\/div><\/div><div class=\"vc_row wpb_row vc_row-fluid\"><div class=\"wpb_column vc_column_container vc_col-sm-12\"><div class=\"vc_column-inner\"><div class=\"wpb_wrapper\">\n<div class=\"vc_grid-container-wrapper vc_clearfix vc_grid-animation-fadeIn\">\n\t<div class=\"vc_grid-container vc_clearfix wpb_content_element vc_basic_grid\" data-initial-loading-animation=\"fadeIn\" data-vc-grid-settings=\"{&quot;page_id&quot;:7838,&quot;style&quot;:&quot;all&quot;,&quot;action&quot;:&quot;vc_get_vc_grid_data&quot;,&quot;shortcode_id&quot;:&quot;1759389046717-a0954494-cde1-4&quot;,&quot;tag&quot;:&quot;vc_basic_grid&quot;}\" data-vc-request=\"https:\/\/maldives-paradise.com\/wp-admin\/admin-ajax.php\" data-vc-post-id=\"7838\" data-vc-public-nonce=\"dd4201a20b\">\n\t\t\n\t<\/div>\n<\/div><\/div><\/div><\/div><\/div>\n<\/div>","protected":false},"excerpt":{"rendered":"<div class=\"mh-excerpt\"><\/div>","protected":false},"author":1,"featured_media":7839,"parent":0,"menu_order":0,"comment_status":"closed","ping_status":"closed","template":"","meta":{"footnotes":""},"class_list":["post-7838","page","type-page","status-publish","has-post-thumbnail"],"aioseo_notices":[],"_links":{"self":[{"href":"https:\/\/maldives-paradise.com\/sv\/wp-json\/wp\/v2\/pages\/7838","targetHints":{"allow":["GET"]}}],"collection":[{"href":"https:\/\/maldives-paradise.com\/sv\/wp-json\/wp\/v2\/pages"}],"about":[{"href":"https:\/\/maldives-paradise.com\/sv\/wp-json\/wp\/v2\/types\/page"}],"author":[{"embeddable":true,"href":"https:\/\/maldives-paradise.com\/sv\/wp-json\/wp\/v2\/users\/1"}],"replies":[{"embeddable":true,"href":"https:\/\/maldives-paradise.com\/sv\/wp-json\/wp\/v2\/comments?post=7838"}],"version-history":[{"count":3,"href":"https:\/\/maldives-paradise.com\/sv\/wp-json\/wp\/v2\/pages\/7838\/revisions"}],"predecessor-version":[{"id":42534,"href":"https:\/\/maldives-paradise.com\/sv\/wp-json\/wp\/v2\/pages\/7838\/revisions\/42534"}],"wp:featuredmedia":[{"embeddable":true,"href":"https:\/\/maldives-paradise.com\/sv\/wp-json\/wp\/v2\/media\/7839"}],"wp:attachment":[{"href":"https:\/\/maldives-paradise.com\/sv\/wp-json\/wp\/v2\/media?parent=7838"}],"curies":[{"name":"wp","href":"https:\/\/api.w.org\/{rel}","templated":true}]}}