{"id":4124,"date":"2023-11-29T19:40:28","date_gmt":"2023-11-29T19:40:28","guid":{"rendered":"http:\/\/maldives-paradise.com\/?page_id=4124"},"modified":"2025-02-22T08:35:53","modified_gmt":"2025-02-22T08:35:53","slug":"5-stjarniga-hotellresorter-i-maldiverna","status":"publish","type":"page","link":"https:\/\/maldives-paradise.com\/sv\/5-stjarniga-hotellresorter-i-maldiverna\/","title":{"rendered":"5-stj\u00e4rniga hotell och resorter i Maldiverna"},"content":{"rendered":"<div class=\"wpb-content-wrapper\"><div class=\"vc_row wpb_row vc_row-fluid\"><div class=\"wpb_column vc_column_container vc_col-sm-12\"><div class=\"vc_column-inner\"><div class=\"wpb_wrapper\">\n\t<div class=\"wpb_text_column wpb_content_element\" >\n\t\t<div class=\"wpb_wrapper\">\n\t\t\t<h3>Ett urval av 5-stj\u00e4rniga hotell och resorter p\u00e5 Maldiverna<\/h3>\n<p>Maldiverna \u00e4r k\u00e4nda f\u00f6r sina <strong data-start=\"82\" data-end=\"121\">lyxiga 5-stj\u00e4rniga hotell och resorter<\/strong>, erbjuder enast\u00e5ende <strong data-start=\"145\" data-end=\"191\">elegans, integritet och service i v\u00e4rldsklass<\/strong>. Dessa exklusiva retreater har <strong data-start=\"226\" data-end=\"316\">\u00f6vervattensvillor, infinitypooler, fina restauranger och privata butlertj\u00e4nster<\/strong>. G\u00e4sterna kan njuta <strong data-start=\"335\" data-end=\"354\">VIP-upplevelser<\/strong> s\u00e5som <strong data-start=\"363\" data-end=\"443\">personliga spabehandlingar, <\/strong>undervattensmat<strong data-start=\"363\" data-end=\"443\">, och privata yachtutflykter<\/strong>Med <strong data-start=\"450\" data-end=\"522\">fantastisk havsutsikt, <\/strong>vita sandstr\u00e4nder och kristallklara laguner, <strong data-start=\"524\" data-end=\"558\">5-stj\u00e4rniga resorter p\u00e5 Maldiverna<\/strong> omdefiniera tropisk lyx, vilket g\u00f6r dem till den perfekta destinationen f\u00f6r <strong data-start=\"625\" data-end=\"677\">smekm\u00e5nadsresen\u00e4rer, familjer och kr\u00e4sna resen\u00e4rer<\/strong> s\u00f6ker en of\u00f6rgl\u00f6mlig tillflyktsort.<\/p>\n\n\t\t<\/div>\n\t<\/div>\n<\/div><\/div><\/div><\/div><div class=\"vc_row wpb_row vc_row-fluid\"><div class=\"wpb_column vc_column_container vc_col-sm-3\"><div class=\"vc_column-inner\"><div class=\"wpb_wrapper\">\n\t<div  class=\"wpb_single_image wpb_content_element vc_align_left wpb_content_element\">\n\t\t\n\t\t<figure class=\"wpb_wrapper vc_figure\">\n\t\t\t<a href=\"http:\/\/maldives-paradise.com\/sv\/?page_id=6597\" target=\"_self\" class=\"vc_single_image-wrapper vc_box_rounded  vc_box_border_grey\"><img loading=\"lazy\" decoding=\"async\" width=\"300\" height=\"224\" src=\"https:\/\/maldives-paradise.com\/wp-content\/uploads\/2023\/12\/Alila-Kothaifaru-Maldives-300x224.jpg\" class=\"vc_single_image-img attachment-medium\" alt=\"Alila Kothaifaru Maldiverna\" title=\"Alila-Kothaifaru-Maldiverna\" srcset=\"https:\/\/maldives-paradise.com\/wp-content\/uploads\/2023\/12\/Alila-Kothaifaru-Maldives-300x224.jpg 300w, https:\/\/maldives-paradise.com\/wp-content\/uploads\/2023\/12\/Alila-Kothaifaru-Maldives-768x574.jpg 768w, https:\/\/maldives-paradise.com\/wp-content\/uploads\/2023\/12\/Alila-Kothaifaru-Maldives-678x509.jpg 678w, https:\/\/maldives-paradise.com\/wp-content\/uploads\/2023\/12\/Alila-Kothaifaru-Maldives-326x245.jpg 326w, https:\/\/maldives-paradise.com\/wp-content\/uploads\/2023\/12\/Alila-Kothaifaru-Maldives-80x60.jpg 80w, https:\/\/maldives-paradise.com\/wp-content\/uploads\/2023\/12\/Alila-Kothaifaru-Maldives-500x374.jpg 500w, https:\/\/maldives-paradise.com\/wp-content\/uploads\/2023\/12\/Alila-Kothaifaru-Maldives-800x598.jpg 800w, https:\/\/maldives-paradise.com\/wp-content\/uploads\/2023\/12\/Alila-Kothaifaru-Maldives.jpg 880w\" sizes=\"auto, (max-width: 300px) 100vw, 300px\" \/><\/a>\n\t\t<\/figure>\n\t<\/div>\n<\/div><\/div><\/div><div class=\"wpb_column vc_column_container vc_col-sm-9\"><div class=\"vc_column-inner\"><div class=\"wpb_wrapper\">\n\t<div class=\"wpb_text_column wpb_content_element\" >\n\t\t<div class=\"wpb_wrapper\">\n\t\t\t<h4><a href=\"http:\/\/maldives-paradise.com\/sv\/?page_id=6597\">Alila Kothaifaru Maldiverna<\/a><\/h4>\n<p>Alila Kothaifaru st\u00e5r som en ledstj\u00e4rna f\u00f6r lyx och lugn mitt i Indiska oceanens kristallklara vatten. Denna exklusiva resort, en del av den ber\u00f6mda Alila Hotels and Resorts-kedjan, erbjuder en hisnande flykt till paradiset, som kombinerar modern elegans med den maldiviska sk\u00e4rg\u00e5rdens naturliga sk\u00f6nhet.<\/p>\n\n\t\t<\/div>\n\t<\/div>\n<\/div><\/div><\/div><\/div><div class=\"vc_row wpb_row vc_row-fluid\"><div class=\"wpb_column vc_column_container vc_col-sm-3\"><div class=\"vc_column-inner\"><div class=\"wpb_wrapper\">\n\t<div  class=\"wpb_single_image wpb_content_element vc_align_left wpb_content_element\">\n\t\t\n\t\t<figure class=\"wpb_wrapper vc_figure\">\n\t\t\t<a href=\"http:\/\/maldives-paradise.com\/sv\/?page_id=6604\" target=\"_self\" class=\"vc_single_image-wrapper vc_box_rounded  vc_box_border_grey\"><img loading=\"lazy\" decoding=\"async\" width=\"150\" height=\"150\" src=\"https:\/\/maldives-paradise.com\/wp-content\/uploads\/2023\/12\/anantara-dhigu-150x150.jpg\" class=\"vc_single_image-img attachment-thumbnail\" alt=\"Anantara Resort Dhigu Maldiverna\" title=\"anantara-dhigu\" \/><\/a>\n\t\t<\/figure>\n\t<\/div>\n<\/div><\/div><\/div><div class=\"wpb_column vc_column_container vc_col-sm-9\"><div class=\"vc_column-inner\"><div class=\"wpb_wrapper\">\n\t<div class=\"wpb_text_column wpb_content_element\" >\n\t\t<div class=\"wpb_wrapper\">\n\t\t\t<h4><a href=\"http:\/\/maldives-paradise.com\/sv\/?page_id=6604\">Anantara Resort Dhigu Maldiverna<\/a><\/h4>\n<p><span style=\"color: #ff0000;\"><strong>* B\u00e4sta prisgaranti med hotellet<\/strong><\/span><br \/>\nAnantara Resort Maldives erbjuder 68 strandn\u00e4ra villor, alla bel\u00e4gna p\u00e5 en privat strand, med unika utomhusbadrum och regndusch. De 2 poolvillorna vid stranden \u00e4r rymligare och har en egen privat avsvalkningspool i en tropisk tr\u00e4dg\u00e5rd. Anantaras 38 sviter \u00f6ver vattnet, bel\u00e4gna \u00f6ver Indiska oceanen, har privata sold\u00e4ck och o\u00e4ndliga badkar utomhus med utsikt.<\/p>\n\n\t\t<\/div>\n\t<\/div>\n<\/div><\/div><\/div><\/div><div class=\"vc_row wpb_row vc_row-fluid\"><div class=\"wpb_column vc_column_container vc_col-sm-3\"><div class=\"vc_column-inner\"><div class=\"wpb_wrapper\">\n\t<div  class=\"wpb_single_image wpb_content_element vc_align_left wpb_content_element\">\n\t\t\n\t\t<figure class=\"wpb_wrapper vc_figure\">\n\t\t\t<a href=\"http:\/\/maldives-paradise.com\/sv\/?page_id=6607\" target=\"_self\" class=\"vc_single_image-wrapper vc_box_rounded  vc_box_border_grey\"><img loading=\"lazy\" decoding=\"async\" width=\"150\" height=\"150\" src=\"https:\/\/maldives-paradise.com\/wp-content\/uploads\/2023\/12\/anantara-kihavah-150x150.jpg\" class=\"vc_single_image-img attachment-thumbnail\" alt=\"Anantara Kihavah Villas Maldiverna\" title=\"anantara-kihavah\" srcset=\"https:\/\/maldives-paradise.com\/wp-content\/uploads\/2023\/12\/anantara-kihavah-150x150.jpg 150w, https:\/\/maldives-paradise.com\/wp-content\/uploads\/2023\/12\/anantara-kihavah-800x800.jpg 800w\" sizes=\"auto, (max-width: 150px) 100vw, 150px\" \/><\/a>\n\t\t<\/figure>\n\t<\/div>\n<\/div><\/div><\/div><div class=\"wpb_column vc_column_container vc_col-sm-9\"><div class=\"vc_column-inner\"><div class=\"wpb_wrapper\">\n\t<div class=\"wpb_text_column wpb_content_element\" >\n\t\t<div class=\"wpb_wrapper\">\n\t\t\t<h4><a href=\"http:\/\/maldives-paradise.com\/sv\/?page_id=6607\">Anantara Kihavah Villas Maldiverna<\/a><\/h4>\n<p><span style=\"color: #ff0000;\"><strong>* B\u00e4sta prisgaranti med hotellet<\/strong><\/span><br \/>\n80 villor och bost\u00e4der med pool och \u00f6ver vattnet. Anantara Kihavah Villas ligger p\u00e5 den vackra \u00f6n Kihavah Huravalhi i Baa-atollen och erbjuder lyxiga villor med privata infinitypooler. Hotellet \u00e4r omgivet av korallrev och bl\u00e5 lagun, och har gratis WiFi och ett spa \u00f6ver vattnet.<\/p>\n\n\t\t<\/div>\n\t<\/div>\n<\/div><\/div><\/div><\/div><div class=\"vc_row wpb_row vc_row-fluid\"><div class=\"wpb_column vc_column_container vc_col-sm-3\"><div class=\"vc_column-inner\"><div class=\"wpb_wrapper\">\n\t<div  class=\"wpb_single_image wpb_content_element vc_align_left wpb_content_element\">\n\t\t\n\t\t<figure class=\"wpb_wrapper vc_figure\">\n\t\t\t<a href=\"http:\/\/maldives-paradise.com\/sv\/?page_id=6610\" target=\"_self\" class=\"vc_single_image-wrapper vc_box_rounded  vc_box_border_grey\"><img loading=\"lazy\" decoding=\"async\" width=\"150\" height=\"150\" src=\"https:\/\/maldives-paradise.com\/wp-content\/uploads\/2023\/12\/anantara-veli-93-1080x480-1-150x150.jpg\" class=\"vc_single_image-img attachment-thumbnail\" alt=\"Anantara Veli Resort and Spa Maldiverna\" title=\"anantara-veli-93-1080x480\" \/><\/a>\n\t\t<\/figure>\n\t<\/div>\n<\/div><\/div><\/div><div class=\"wpb_column vc_column_container vc_col-sm-9\"><div class=\"vc_column-inner\"><div class=\"wpb_wrapper\">\n\t<div class=\"wpb_text_column wpb_content_element\" >\n\t\t<div class=\"wpb_wrapper\">\n\t\t\t<h4><a href=\"http:\/\/maldives-paradise.com\/sv\/?page_id=6610\">Anantara Veli Resort and Spa<\/a><\/h4>\n<p><span style=\"color: #ff0000;\"><strong>* B\u00e4sta prisgaranti med hotellet<\/strong><\/span><br \/>\nDe <strong>Anantara Veli Resort and Spa Maldiverna<\/strong> st\u00e5r som en ledstj\u00e4rna f\u00f6r lyx och lugn, och erbjuder en o\u00f6vertr\u00e4ffad flykt f\u00f6r dem som s\u00f6ker en of\u00f6rgl\u00f6mlig tropisk tillflyktsort. Med sina or\u00f6rda str\u00e4nder, kristallklara vatten och bekv\u00e4mligheter i v\u00e4rldsklass \u00e4r denna resort en fristad f\u00f6r resen\u00e4rer som vill uppleva symbolen f\u00f6r maldivisk g\u00e4stfrihet. H\u00e4r \u00e4r n\u00e5gra av de b\u00e4sta funktionerna som g\u00f6r Anantara Veli till en dr\u00f6mdestination.<\/p>\n\n\t\t<\/div>\n\t<\/div>\n<\/div><\/div><\/div><\/div><div class=\"vc_row wpb_row vc_row-fluid\"><div class=\"wpb_column vc_column_container vc_col-sm-3\"><div class=\"vc_column-inner\"><div class=\"wpb_wrapper\">\n\t<div  class=\"wpb_single_image wpb_content_element vc_align_left wpb_content_element\">\n\t\t\n\t\t<figure class=\"wpb_wrapper vc_figure\">\n\t\t\t<a href=\"http:\/\/maldives-paradise.com\/sv\/?page_id=6613\" target=\"_self\" class=\"vc_single_image-wrapper vc_box_rounded  vc_box_border_grey\"><img loading=\"lazy\" decoding=\"async\" width=\"150\" height=\"150\" src=\"https:\/\/maldives-paradise.com\/wp-content\/uploads\/2023\/12\/angsana-velavaru-1-150x150.jpeg\" class=\"vc_single_image-img attachment-thumbnail\" alt=\"Angsana Velavaru resort p\u00e5 Maldiverna\" title=\"angsana-velavaru\" \/><\/a>\n\t\t<\/figure>\n\t<\/div>\n<\/div><\/div><\/div><div class=\"wpb_column vc_column_container vc_col-sm-9\"><div class=\"vc_column-inner\"><div class=\"wpb_wrapper\">\n\t<div class=\"wpb_text_column wpb_content_element\" >\n\t\t<div class=\"wpb_wrapper\">\n\t\t\t<h4><a href=\"http:\/\/maldives-paradise.com\/sv\/?page_id=6613\">Angsana Velavaru<\/a><\/h4>\n<p>Fly till en oas av \u00f6verfl\u00f6d och lugn p\u00e5 <strong>Angsana Velavaru<\/strong>, en p\u00e4rla inb\u00e4ddad i hj\u00e4rtat av Maldiverna. Denna hisnande resort erbjuder en o\u00f6vertr\u00e4ffad blandning av lyx, naturlig sk\u00f6nhet och g\u00e4stfrihet i v\u00e4rldsklass. Uppt\u00e4ck de b\u00e4sta funktionerna som g\u00f6r Angsana Velavaru till symbolen f\u00f6r en dr\u00f6mmande tropisk retr\u00e4tt.<\/p>\n\n\t\t<\/div>\n\t<\/div>\n<\/div><\/div><\/div><\/div><div class=\"vc_row wpb_row vc_row-fluid\"><div class=\"wpb_column vc_column_container vc_col-sm-3\"><div class=\"vc_column-inner\"><div class=\"wpb_wrapper\">\n\t<div  class=\"wpb_single_image wpb_content_element vc_align_left wpb_content_element\">\n\t\t\n\t\t<figure class=\"wpb_wrapper vc_figure\">\n\t\t\t<a href=\"http:\/\/maldives-paradise.com\/sv\/?page_id=7838\" target=\"_self\" class=\"vc_single_image-wrapper vc_box_rounded  vc_box_border_grey\"><img loading=\"lazy\" decoding=\"async\" width=\"150\" height=\"150\" src=\"https:\/\/maldives-paradise.com\/wp-content\/uploads\/2023\/12\/angsana-ihuru-2-150x150.jpg\" class=\"vc_single_image-img attachment-thumbnail\" alt=\"Angsana Resort and Spa Ihuru\" title=\"angsana-ihuru\" \/><\/a>\n\t\t<\/figure>\n\t<\/div>\n<\/div><\/div><\/div><div class=\"wpb_column vc_column_container vc_col-sm-9\"><div class=\"vc_column-inner\"><div class=\"wpb_wrapper\">\n\t<div class=\"wpb_text_column wpb_content_element\" >\n\t\t<div class=\"wpb_wrapper\">\n\t\t\t<h4><a href=\"http:\/\/maldives-paradise.com\/sv\/?page_id=7838\">Angsana Resort and Spa Ihuru<\/a><\/h4>\n<p>Fly till ett rike av o\u00f6vertr\u00e4ffad lyx och tropisk lycka p\u00e5 det 5-stj\u00e4rniga <strong>Angsana Resort and Spa Ihuru<\/strong>, d\u00e4r varje \u00f6gonblick \u00e4r ett m\u00e4sterverk av \u00f6verfl\u00f6d och naturlig prakt. Denna exklusiva Maldiviska fristad lockar kr\u00e4sna resen\u00e4rer med sina extraordin\u00e4ra egenskaper, som lovar en \u00f6verseende flykt utan dess like.<\/p>\n\n\t\t<\/div>\n\t<\/div>\n<\/div><\/div><\/div><\/div><div class=\"vc_row wpb_row vc_row-fluid\"><div class=\"wpb_column vc_column_container vc_col-sm-3\"><div class=\"vc_column-inner\"><div class=\"wpb_wrapper\">\n\t<div  class=\"wpb_single_image wpb_content_element vc_align_left wpb_content_element\">\n\t\t\n\t\t<figure class=\"wpb_wrapper vc_figure\">\n\t\t\t<a href=\"http:\/\/maldives-paradise.com\/sv\/?page_id=6641\" target=\"_self\" class=\"vc_single_image-wrapper vc_box_rounded  vc_box_border_grey\"><img loading=\"lazy\" decoding=\"async\" width=\"150\" height=\"150\" src=\"https:\/\/maldives-paradise.com\/wp-content\/uploads\/2023\/12\/atmosphere-kanifushi2-150x150.jpg\" class=\"vc_single_image-img attachment-thumbnail\" alt=\"Atmosf\u00e4r Kanifushi Maldiverna\" title=\"atmosf\u00e4r-kanifushi2\" \/><\/a>\n\t\t<\/figure>\n\t<\/div>\n<\/div><\/div><\/div><div class=\"wpb_column vc_column_container vc_col-sm-9\"><div class=\"vc_column-inner\"><div class=\"wpb_wrapper\">\n\t<div class=\"wpb_text_column wpb_content_element\" >\n\t\t<div class=\"wpb_wrapper\">\n\t\t\t<h4><a href=\"http:\/\/maldives-paradise.com\/sv\/?page_id=6641\">Atmosf\u00e4r Kanifushi<\/a><\/h4>\n<p>Atmosf\u00e4r Kanifushi st\u00e5r som symbolen f\u00f6r lyx, och erbjuder en o\u00f6vertr\u00e4ffad upplevelse p\u00e5 en av v\u00e4rldens mest hisnande destinationer. Denna exklusiva resort \u00e4r en fristad f\u00f6r dem som s\u00f6ker den ultimata blandningen av \u00f6verfl\u00f6d, lugn och naturlig sk\u00f6nhet. L\u00e5t oss f\u00f6rdjupa oss i de b\u00e4sta funktionerna som g\u00f6r Atmosphere Kanifushi till ett o\u00f6vertr\u00e4ffat val f\u00f6r en of\u00f6rgl\u00f6mlig tropisk semester.<\/p>\n\n\t\t<\/div>\n\t<\/div>\n<\/div><\/div><\/div><\/div><div class=\"vc_row wpb_row vc_row-fluid\"><div class=\"wpb_column vc_column_container vc_col-sm-3\"><div class=\"vc_column-inner\"><div class=\"wpb_wrapper\">\n\t<div  class=\"wpb_single_image wpb_content_element vc_align_left wpb_content_element\">\n\t\t\n\t\t<figure class=\"wpb_wrapper vc_figure\">\n\t\t\t<a href=\"http:\/\/maldives-paradise.com\/sv\/?page_id=6648\" target=\"_self\" class=\"vc_single_image-wrapper vc_box_rounded  vc_box_border_grey\"><img loading=\"lazy\" decoding=\"async\" width=\"150\" height=\"150\" src=\"https:\/\/maldives-paradise.com\/wp-content\/uploads\/2023\/12\/ayada-maldives-1-150x150.jpg\" class=\"vc_single_image-img attachment-thumbnail\" alt=\"Ayada Maldiverna\" title=\"ayada-maldiverna\" srcset=\"https:\/\/maldives-paradise.com\/wp-content\/uploads\/2023\/12\/ayada-maldives-1-150x150.jpg 150w, https:\/\/maldives-paradise.com\/wp-content\/uploads\/2023\/12\/ayada-maldives-1-800x800.jpg 800w\" sizes=\"auto, (max-width: 150px) 100vw, 150px\" \/><\/a>\n\t\t<\/figure>\n\t<\/div>\n<\/div><\/div><\/div><div class=\"wpb_column vc_column_container vc_col-sm-9\"><div class=\"vc_column-inner\"><div class=\"wpb_wrapper\">\n\t<div class=\"wpb_text_column wpb_content_element\" >\n\t\t<div class=\"wpb_wrapper\">\n\t\t\t<h4><a href=\"http:\/\/maldives-paradise.com\/sv\/?page_id=6648\">Ayada Maldiverna<\/a><\/h4>\n<p>Fly till en v\u00e4rld av \u00f6verfl\u00f6d och lugn p\u00e5 Ayada Maldives, en lyxresort som omdefinierar inneb\u00f6rden av ett tropiskt paradis. Inb\u00e4ddat i hj\u00e4rtat av Maldiverna lockar Ayada kr\u00e4sna resen\u00e4rer med sin hisnande sk\u00f6nhet, oklanderliga service och en myriad av \u00f6verseende upplevelser. H\u00e4r \u00e4r en inblick i de b\u00e4sta funktionerna som g\u00f6r Ayada Maldives till en o\u00f6vertr\u00e4ffad oas av lyx.<\/p>\n\n\t\t<\/div>\n\t<\/div>\n<\/div><\/div><\/div><\/div><div class=\"vc_row wpb_row vc_row-fluid\"><div class=\"wpb_column vc_column_container vc_col-sm-3\"><div class=\"vc_column-inner\"><div class=\"wpb_wrapper\">\n\t<div  class=\"wpb_single_image wpb_content_element vc_align_left wpb_content_element\">\n\t\t\n\t\t<figure class=\"wpb_wrapper vc_figure\">\n\t\t\t<a href=\"http:\/\/maldives-paradise.com\/sv\/?page_id=6651\" target=\"_self\" class=\"vc_single_image-wrapper vc_box_rounded  vc_box_border_grey\"><img loading=\"lazy\" decoding=\"async\" width=\"150\" height=\"150\" src=\"https:\/\/maldives-paradise.com\/wp-content\/uploads\/2023\/12\/baglioni-maldives-1-150x150.jpg\" class=\"vc_single_image-img attachment-thumbnail\" alt=\"Baglioni Resort Maldiverna\" title=\"baglioni-maldiverna\" \/><\/a>\n\t\t<\/figure>\n\t<\/div>\n<\/div><\/div><\/div><div class=\"wpb_column vc_column_container vc_col-sm-9\"><div class=\"vc_column-inner\"><div class=\"wpb_wrapper\">\n\t<div class=\"wpb_text_column wpb_content_element\" >\n\t\t<div class=\"wpb_wrapper\">\n\t\t\t<h4><a href=\"http:\/\/maldives-paradise.com\/sv\/?page_id=6651\">Baglioni Resort Maldiverna<\/a><\/h4>\n<p>En v\u00e4rld av \u00f6verfl\u00f6d och lugn p\u00e5 hisnande Baglioni Resort Maldives, d\u00e4r lyxen inte k\u00e4nner n\u00e5gra gr\u00e4nser. Inb\u00e4ddat p\u00e5 Maldivernas or\u00f6rda str\u00e4nder, omdefinierar denna exklusiva resort g\u00e4stfrihetens konst, och erbjuder en of\u00f6rgl\u00f6mlig upplevelse som kombinerar o\u00f6vertr\u00e4ffad lyx med o\u00f6vertr\u00e4ffad naturlig sk\u00f6nhet.<\/p>\n\n\t\t<\/div>\n\t<\/div>\n<\/div><\/div><\/div><\/div><div class=\"vc_row wpb_row vc_row-fluid\"><div class=\"wpb_column vc_column_container vc_col-sm-3\"><div class=\"vc_column-inner\"><div class=\"wpb_wrapper\">\n\t<div  class=\"wpb_single_image wpb_content_element vc_align_left wpb_content_element\">\n\t\t\n\t\t<figure class=\"wpb_wrapper vc_figure\">\n\t\t\t<a href=\"http:\/\/maldives-paradise.com\/sv\/?page_id=6747\" target=\"_self\" class=\"vc_single_image-wrapper   vc_box_border_grey\"><img loading=\"lazy\" decoding=\"async\" width=\"150\" height=\"150\" src=\"https:\/\/maldives-paradise.com\/wp-content\/uploads\/2024\/01\/banyan-tree-150x150.jpg\" class=\"vc_single_image-img attachment-thumbnail\" alt=\"Banyan Tree Vabbinfaru\" title=\"banyan-tr\u00e4d\" \/><\/a>\n\t\t<\/figure>\n\t<\/div>\n<\/div><\/div><\/div><div class=\"wpb_column vc_column_container vc_col-sm-9\"><div class=\"vc_column-inner\"><div class=\"wpb_wrapper\">\n\t<div class=\"wpb_text_column wpb_content_element\" >\n\t\t<div class=\"wpb_wrapper\">\n\t\t\t<h3><a href=\"http:\/\/maldives-paradise.com\/sv\/?page_id=6747\">Banyan Tree Vabbinfaru<\/a><\/h3>\n<p>Banyan Tree Vabbinfaru p\u00e5 Maldiverna st\u00e5r som en oas av lugn och erbjuder en o\u00f6vertr\u00e4ffad upplevelse av lyx och naturlig sk\u00f6nhet. Denna exklusiva resort \u00e4r en fristad f\u00f6r dem som s\u00f6ker en extraordin\u00e4r flykt fr\u00e5n det vanliga, d\u00e4r varje \u00f6gonblick \u00e4r en hyllning till \u00f6verfl\u00f6d och lugn.<\/p>\n\n\t\t<\/div>\n\t<\/div>\n<\/div><\/div><\/div><\/div><div class=\"vc_row wpb_row vc_row-fluid\"><div class=\"wpb_column vc_column_container vc_col-sm-3\"><div class=\"vc_column-inner\"><div class=\"wpb_wrapper\">\n\t<div  class=\"wpb_single_image wpb_content_element vc_align_left wpb_content_element\">\n\t\t\n\t\t<figure class=\"wpb_wrapper vc_figure\">\n\t\t\t<a href=\"http:\/\/maldives-paradise.com\/sv\/?page_id=6751\" target=\"_self\" class=\"vc_single_image-wrapper   vc_box_border_grey\"><img loading=\"lazy\" decoding=\"async\" width=\"150\" height=\"150\" src=\"https:\/\/maldives-paradise.com\/wp-content\/uploads\/2024\/01\/baros-maldives2-150x150.jpg\" class=\"vc_single_image-img attachment-thumbnail\" alt=\"Baros Maldiverna\" title=\"baros-maldiverna2\" srcset=\"https:\/\/maldives-paradise.com\/wp-content\/uploads\/2024\/01\/baros-maldives2-150x150.jpg 150w, https:\/\/maldives-paradise.com\/wp-content\/uploads\/2024\/01\/baros-maldives2-800x800.jpg 800w\" sizes=\"auto, (max-width: 150px) 100vw, 150px\" \/><\/a>\n\t\t<\/figure>\n\t<\/div>\n<\/div><\/div><\/div><div class=\"wpb_column vc_column_container vc_col-sm-9\"><div class=\"vc_column-inner\"><div class=\"wpb_wrapper\">\n\t<div class=\"wpb_text_column wpb_content_element\" >\n\t\t<div class=\"wpb_wrapper\">\n\t\t\t<h4><a href=\"http:\/\/maldives-paradise.com\/sv\/?page_id=6751\">Baros Maldiverna<\/a><\/h4>\n<p><span style=\"color: #ff0000;\"><strong>* B\u00e4sta prisgaranti med hotellet<\/strong><\/span><\/p>\n<p><strong>Baros Maldiverna<\/strong> \u00e4r en liten \u00f6 n\u00e4ra Male som ligger i en turkos lagun.<br \/>\nDetta \u00e4r en av de b\u00e4sta semesterorterna p\u00e5 Maldiverna, undang\u00f6mt i en naturlig djungel, l\u00f6v som prasslar ovanf\u00f6r, ljud fr\u00e5n havet och plaskande v\u00e5gor. Oavsett om du stannar \u00f6ver vattnet eller p\u00e5 v\u00e5r djungelt\u00e4ckta strandlinje, \u00e4r du omgiven av v\u00e5ra gr\u00f6na och bl\u00e5a f\u00e4rger, med hela Baros inom n\u00e4ra r\u00e4ckh\u00e5ll.<\/p>\n\n\t\t<\/div>\n\t<\/div>\n<\/div><\/div><\/div><\/div><div class=\"vc_row wpb_row vc_row-fluid\"><div class=\"wpb_column vc_column_container vc_col-sm-3\"><div class=\"vc_column-inner\"><div class=\"wpb_wrapper\">\n\t<div  class=\"wpb_single_image wpb_content_element vc_align_left wpb_content_element\">\n\t\t\n\t\t<figure class=\"wpb_wrapper vc_figure\">\n\t\t\t<a href=\"http:\/\/maldives-paradise.com\/sv\/?page_id=6756\" target=\"_self\" class=\"vc_single_image-wrapper   vc_box_border_grey\"><img loading=\"lazy\" decoding=\"async\" width=\"150\" height=\"150\" src=\"https:\/\/maldives-paradise.com\/wp-content\/uploads\/2024\/01\/centara-Maldives2-150x150.jpg\" class=\"vc_single_image-img attachment-thumbnail\" alt=\"Centara Grand Island Resort &amp; Spa Maldiverna\" title=\"centara-Maldiverna2\" \/><\/a>\n\t\t<\/figure>\n\t<\/div>\n<\/div><\/div><\/div><div class=\"wpb_column vc_column_container vc_col-sm-9\"><div class=\"vc_column-inner\"><div class=\"wpb_wrapper\">\n\t<div class=\"wpb_text_column wpb_content_element\" >\n\t\t<div class=\"wpb_wrapper\">\n\t\t\t<h4><a href=\"http:\/\/maldives-paradise.com\/sv\/?page_id=6756\">Centara Grand Island Resort &amp; Spa Maldiverna<\/a><\/h4>\n<p>Fly till en v\u00e4rld av \u00f6verfl\u00f6d och lugn med den o\u00f6vertr\u00e4ffade sk\u00f6nheten i <strong>Centara Grand Island Resort &amp; Spa Maldiverna<\/strong>. Inb\u00e4ddat i hj\u00e4rtat av Indiska oceanen erbjuder denna lyxiga tillflyktsort en o\u00f6vertr\u00e4ffad tillflyktsort f\u00f6r dem som s\u00f6ker symbolen f\u00f6r \u00f6verseende. Med sin uts\u00f6kta design, bekv\u00e4mligheter i v\u00e4rldsklass och o\u00f6vertr\u00e4ffad service \u00e4r Centara Grand ditt pass till ett paradis bortom fantasi.<\/p>\n\n\t\t<\/div>\n\t<\/div>\n<\/div><\/div><\/div><\/div><div class=\"vc_row wpb_row vc_row-fluid\"><div class=\"wpb_column vc_column_container vc_col-sm-12\"><div class=\"vc_column-inner\"><div class=\"wpb_wrapper\">\n\t<div class=\"wpb_text_column wpb_content_element\" >\n\t\t<div class=\"wpb_wrapper\">\n\t\t\t<h3>5-stj\u00e4rniga hotell och resorter i Maldiverna\u00a0 <a href=\"http:\/\/maldives-paradise.com\/sv\/?page_id=7968\">Sida 2<\/a> \u00a0 <a href=\"http:\/\/maldives-paradise.com\/sv\/?page_id=7996\">Sida 3<\/a>\u00a0 <a href=\"http:\/\/maldives-paradise.com\/sv\/?page_id=8053\">Sida 4<\/a>\u00a0 <a href=\"http:\/\/maldives-paradise.com\/sv\/?page_id=8128\">Sida 5<\/a> \u00a0 <a href=\"http:\/\/maldives-paradise.com\/sv\/?page_id=8170\">Sida 6<\/a>\u00a0\u00a0 <a href=\"http:\/\/maldives-paradise.com\/sv\/?page_id=8384\">Sida 7<\/a> \u00a0<a href=\"http:\/\/maldives-paradise.com\/sv\/5-stjarniga-hotellresorter-i-maldiverna-8\/\">Sida 8<\/a> <a href=\"https:\/\/maldives-paradise.com\/sv\/5-stjarniga-hotellresorter-i-maldiverna-9\/\">Sida 9<\/a><\/h3>\n\n\t\t<\/div>\n\t<\/div>\n<\/div><\/div><\/div><\/div>\n<\/div>","protected":false},"excerpt":{"rendered":"<div class=\"mh-excerpt\"><\/div>","protected":false},"author":1,"featured_media":7635,"parent":0,"menu_order":0,"comment_status":"closed","ping_status":"closed","template":"","meta":{"footnotes":""},"class_list":["post-4124","page","type-page","status-publish","has-post-thumbnail"],"aioseo_notices":[],"_links":{"self":[{"href":"https:\/\/maldives-paradise.com\/sv\/wp-json\/wp\/v2\/pages\/4124","targetHints":{"allow":["GET"]}}],"collection":[{"href":"https:\/\/maldives-paradise.com\/sv\/wp-json\/wp\/v2\/pages"}],"about":[{"href":"https:\/\/maldives-paradise.com\/sv\/wp-json\/wp\/v2\/types\/page"}],"author":[{"embeddable":true,"href":"https:\/\/maldives-paradise.com\/sv\/wp-json\/wp\/v2\/users\/1"}],"replies":[{"embeddable":true,"href":"https:\/\/maldives-paradise.com\/sv\/wp-json\/wp\/v2\/comments?post=4124"}],"version-history":[{"count":6,"href":"https:\/\/maldives-paradise.com\/sv\/wp-json\/wp\/v2\/pages\/4124\/revisions"}],"predecessor-version":[{"id":34296,"href":"https:\/\/maldives-paradise.com\/sv\/wp-json\/wp\/v2\/pages\/4124\/revisions\/34296"}],"wp:featuredmedia":[{"embeddable":true,"href":"https:\/\/maldives-paradise.com\/sv\/wp-json\/wp\/v2\/media\/7635"}],"wp:attachment":[{"href":"https:\/\/maldives-paradise.com\/sv\/wp-json\/wp\/v2\/media?parent=4124"}],"curies":[{"name":"wp","href":"https:\/\/api.w.org\/{rel}","templated":true}]}}