{"id":24555,"date":"2024-09-12T18:04:35","date_gmt":"2024-09-12T18:04:35","guid":{"rendered":"https:\/\/maldives-paradise.com\/?page_id=24555"},"modified":"2025-02-22T09:17:56","modified_gmt":"2025-02-22T09:17:56","slug":"5-stjarniga-hotellresorter-i-maldiverna-9","status":"publish","type":"page","link":"https:\/\/maldives-paradise.com\/sv\/5-stjarniga-hotellresorter-i-maldiverna-9\/","title":{"rendered":"5-stj\u00e4rniga hotell och resorter i Maldiverna 9"},"content":{"rendered":"<div class=\"wpb-content-wrapper\"><div class=\"vc_row wpb_row vc_row-fluid\"><div class=\"wpb_column vc_column_container vc_col-sm-12\"><div class=\"vc_column-inner\"><div class=\"wpb_wrapper\">\n\t<div class=\"wpb_text_column wpb_content_element\" >\n\t\t<div class=\"wpb_wrapper\">\n\t\t\t<h3>Ett urval av 5-stj\u00e4rniga hotell och resorter p\u00e5 Maldiverna<\/h3>\n<p>Maldiverna \u00e4r k\u00e4nda f\u00f6r sina <strong data-start=\"82\" data-end=\"121\">lyxiga 5-stj\u00e4rniga hotell och resorter<\/strong>, erbjuder enast\u00e5ende <strong data-start=\"145\" data-end=\"191\">elegans, integritet och service i v\u00e4rldsklass<\/strong>. Dessa exklusiva retreater har <strong data-start=\"226\" data-end=\"316\">\u00f6vervattensvillor, infinitypooler, fina restauranger och privata butlertj\u00e4nster<\/strong>. G\u00e4sterna kan njuta <strong data-start=\"335\" data-end=\"354\">VIP-upplevelser<\/strong> s\u00e5som <strong data-start=\"363\" data-end=\"443\">personliga spabehandlingar, undervattensmiddagar och privata yachtutflykter<\/strong>.<\/p>\n\n\t\t<\/div>\n\t<\/div>\n<\/div><\/div><\/div><\/div><div class=\"vc_row wpb_row vc_row-fluid\"><div class=\"wpb_column vc_column_container vc_col-sm-3\"><div class=\"vc_column-inner\"><div class=\"wpb_wrapper\">\n\t<div  class=\"wpb_single_image wpb_content_element vc_align_left wpb_content_element\">\n\t\t\n\t\t<figure class=\"wpb_wrapper vc_figure\">\n\t\t\t<a href=\"https:\/\/maldives-paradise.com\/sv\/grand-park-kodhipparu-maldiverna\/\" target=\"_self\" class=\"vc_single_image-wrapper   vc_box_border_grey\"><img loading=\"lazy\" decoding=\"async\" width=\"150\" height=\"150\" src=\"https:\/\/maldives-paradise.com\/wp-content\/uploads\/2024\/09\/grand-park-kodhipparu-150x150.jpg\" class=\"vc_single_image-img attachment-thumbnail\" alt=\"Grand Park Kodhipparu Maldiverna\" title=\"grand-park-kodhipparu\" \/><\/a>\n\t\t<\/figure>\n\t<\/div>\n<\/div><\/div><\/div><div class=\"wpb_column vc_column_container vc_col-sm-9\"><div class=\"vc_column-inner\"><div class=\"wpb_wrapper\">\n\t<div class=\"wpb_text_column wpb_content_element\" >\n\t\t<div class=\"wpb_wrapper\">\n\t\t\t<h4><a href=\"https:\/\/maldives-paradise.com\/sv\/grand-park-kodhipparu-maldiverna\/\">Grand Park Kodhipparu<\/a><\/h4>\n<p>Grand Park Kodhipparu Maldives Resort ligger i den natursk\u00f6na norra Mal\u00e9-atollen, bara 20 minuters motorb\u00e5tsresa fr\u00e5n Velanas internationella flygplats, och erbjuder en o\u00f6vertr\u00e4ffad lyxupplevelse i hj\u00e4rtat av Indiska oceanen. Omgiven av or\u00f6rda turkosa vatten, pudervita sandstr\u00e4nder och livliga korallrev, \u00e4r denna prisbel\u00f6nta resort en perfekt blandning av avkoppling, \u00e4ventyr och \u00f6verd\u00e5digt boende.<\/p>\n\n\t\t<\/div>\n\t<\/div>\n<\/div><\/div><\/div><\/div><div class=\"vc_row wpb_row vc_row-fluid\"><div class=\"wpb_column vc_column_container vc_col-sm-3\"><div class=\"vc_column-inner\"><div class=\"wpb_wrapper\">\n\t<div  class=\"wpb_single_image wpb_content_element vc_align_left wpb_content_element\">\n\t\t\n\t\t<figure class=\"wpb_wrapper vc_figure\">\n\t\t\t<a href=\"https:\/\/maldives-paradise.com\/sv\/raaya-av-atmosfaren\/\" target=\"_self\" class=\"vc_single_image-wrapper   vc_box_border_grey\"><img loading=\"lazy\" decoding=\"async\" width=\"150\" height=\"150\" src=\"https:\/\/maldives-paradise.com\/wp-content\/uploads\/2024\/09\/RAAYA-by-Atmosphere-150x150.jpg\" class=\"vc_single_image-img attachment-thumbnail\" alt=\"RAAYA fr\u00e5n Atmosphere\" title=\"RAAYA-efter-atmosf\u00e4r\" \/><\/a>\n\t\t<\/figure>\n\t<\/div>\n<\/div><\/div><\/div><div class=\"wpb_column vc_column_container vc_col-sm-9\"><div class=\"vc_column-inner\"><div class=\"wpb_wrapper\">\n\t<div class=\"wpb_text_column wpb_content_element\" >\n\t\t<div class=\"wpb_wrapper\">\n\t\t\t<h4><a href=\"https:\/\/maldives-paradise.com\/sv\/raaya-av-atmosfaren\/\">RAAYA fr\u00e5n Atmosphere<\/a><\/h4>\n<p>RAAYA by Atmosphere, en exklusiv lyxresort inb\u00e4ddad i hj\u00e4rtat av Maldiverna, erbjuder en extraordin\u00e4r blandning av lugn, \u00f6verfl\u00f6d och unika upplevelser som tillgodoser de mest kr\u00e4sna resen\u00e4rerna. Denna destination i v\u00e4rldsklass utm\u00e4rker sig f\u00f6r sin oklanderliga service, fantastiska naturomgivningar och toppmoderna bekv\u00e4mligheter.<\/p>\n\n\t\t<\/div>\n\t<\/div>\n<\/div><\/div><\/div><\/div><div class=\"vc_row wpb_row vc_row-fluid\"><div class=\"wpb_column vc_column_container vc_col-sm-3\"><div class=\"vc_column-inner\"><div class=\"wpb_wrapper\">\n\t<div  class=\"wpb_single_image wpb_content_element vc_align_left wpb_content_element\">\n\t\t\n\t\t<figure class=\"wpb_wrapper vc_figure\">\n\t\t\t<a href=\"https:\/\/maldives-paradise.com\/sv\/varu-efter-atmosfar\/\" target=\"_self\" class=\"vc_single_image-wrapper   vc_box_border_grey\"><img loading=\"lazy\" decoding=\"async\" width=\"150\" height=\"150\" src=\"https:\/\/maldives-paradise.com\/wp-content\/uploads\/2024\/04\/varu-by-atmophere2-150x150.jpg\" class=\"vc_single_image-img attachment-thumbnail\" alt=\"Varu av Atmosphere\" title=\"varu-by-atmophere2\" \/><\/a>\n\t\t<\/figure>\n\t<\/div>\n<\/div><\/div><\/div><div class=\"wpb_column vc_column_container vc_col-sm-9\"><div class=\"vc_column-inner\"><div class=\"wpb_wrapper\">\n\t<div class=\"wpb_text_column wpb_content_element\" >\n\t\t<div class=\"wpb_wrapper\">\n\t\t\t<h4><a href=\"https:\/\/maldives-paradise.com\/sv\/varu-efter-atmosfar\/\">Varu av Atmosphere<\/a><\/h4>\n<p>VARU by Atmosphere ligger i den idylliska norra Mal\u00e9-atollen och \u00e4r en lyxresort p\u00e5 Maldiverna som blandar naturlig sk\u00f6nhet med modern elegans. K\u00e4nd f\u00f6r sina or\u00f6rda str\u00e4nder, kristallklara vatten och pulserande marint liv, erbjuder VARU en verkligt \u00f6verseende tropisk tillflyktsort. Oavsett om du letar efter romantik, familjekul eller lugn avkoppling, tillgodoser resortens unika egenskaper alla typer av resen\u00e4rer, vilket g\u00f6r den till en av de fr\u00e4msta lyxdestinationerna p\u00e5 Maldiverna.<\/p>\n\n\t\t<\/div>\n\t<\/div>\n<\/div><\/div><\/div><\/div><div class=\"vc_row wpb_row vc_row-fluid\"><div class=\"wpb_column vc_column_container vc_col-sm-3\"><div class=\"vc_column-inner\"><div class=\"wpb_wrapper\">\n\t<div  class=\"wpb_single_image wpb_content_element vc_align_left wpb_content_element\">\n\t\t\n\t\t<figure class=\"wpb_wrapper vc_figure\">\n\t\t\t<a href=\"https:\/\/maldives-paradise.com\/sv\/oblu-valj-sangeli\/\" target=\"_self\" class=\"vc_single_image-wrapper   vc_box_border_grey\"><img loading=\"lazy\" decoding=\"async\" width=\"150\" height=\"150\" src=\"https:\/\/maldives-paradise.com\/wp-content\/uploads\/2024\/07\/oblu-select-sangeli-150x150.jpg\" class=\"vc_single_image-img attachment-thumbnail\" alt=\"OBLU SELECT Sangeli\" title=\"oblu-select-sangeli\" \/><\/a>\n\t\t<\/figure>\n\t<\/div>\n<\/div><\/div><\/div><div class=\"wpb_column vc_column_container vc_col-sm-9\"><div class=\"vc_column-inner\"><div class=\"wpb_wrapper\">\n\t<div class=\"wpb_text_column wpb_content_element\" >\n\t\t<div class=\"wpb_wrapper\">\n\t\t\t<h4><a href=\"https:\/\/maldives-paradise.com\/sv\/oblu-valj-sangeli\/\">OBLU SELECT Sangeli<\/a><\/h4>\n<p>Bel\u00e4get i den natursk\u00f6na nordv\u00e4stra spetsen av Mal\u00e9-atollen, \u00e4r OBLU SELECT Sangeli by Atmosphere en f\u00f6rstklassig all-inclusive-resort som erbjuder en unik blandning av lyx, komfort och tropisk lycka. K\u00e4nd f\u00f6r sina or\u00f6rda str\u00e4nder, kristallklara vatten och pulserande marint liv, \u00e4r OBLU SELECT Sangeli ett popul\u00e4rt resm\u00e5l f\u00f6r b\u00e5de smekm\u00e5nadsfirare, familjer och \u00e4ventyrslystna. H\u00e4r \u00e4r de b\u00e4sta funktionerna som g\u00f6r denna resort till en framst\u00e5ende p\u00e5 Maldiverna.<\/p>\n\n\t\t<\/div>\n\t<\/div>\n<\/div><\/div><\/div><\/div><div class=\"vc_row wpb_row vc_row-fluid\"><div class=\"wpb_column vc_column_container vc_col-sm-3\"><div class=\"vc_column-inner\"><div class=\"wpb_wrapper\">\n\t<div  class=\"wpb_single_image wpb_content_element vc_align_left wpb_content_element\">\n\t\t\n\t\t<figure class=\"wpb_wrapper vc_figure\">\n\t\t\t<a href=\"https:\/\/maldives-paradise.com\/sv\/oblu-valj-lobigili\/\" target=\"_self\" class=\"vc_single_image-wrapper   vc_box_border_grey\"><img loading=\"lazy\" decoding=\"async\" width=\"150\" height=\"150\" src=\"https:\/\/maldives-paradise.com\/wp-content\/uploads\/2024\/05\/oblu-select-lobigili-1-150x150.jpg\" class=\"vc_single_image-img attachment-thumbnail\" alt=\"OBLU SELECT Lobigili\" title=\"oblu-select-lobigili-1\" \/><\/a>\n\t\t<\/figure>\n\t<\/div>\n<\/div><\/div><\/div><div class=\"wpb_column vc_column_container vc_col-sm-9\"><div class=\"vc_column-inner\"><div class=\"wpb_wrapper\">\n\t<div class=\"wpb_text_column wpb_content_element\" >\n\t\t<div class=\"wpb_wrapper\">\n\t\t\t<h4><a href=\"https:\/\/maldives-paradise.com\/sv\/oblu-valj-lobigili\/\">OBLU SELECT Lobigili<\/a><\/h4>\n<p>Inb\u00e4ddat i Maldivernas fantastiska turkosa vatten, \u00e4r OBLU SELECT Lobigili en lyxig all-inclusive-resort som erbjuder en of\u00f6rgl\u00f6mlig tropisk tillflyktsort. K\u00e4nd f\u00f6r sin romantiska milj\u00f6, exceptionella service och p\u00e5kostade bekv\u00e4mligheter, \u00e4r denna exklusiva resort f\u00f6r endast vuxna den perfekta destinationen f\u00f6r par som s\u00f6ker en fridfull och lyxig tillflyktsort. H\u00e4r \u00e4r en titt p\u00e5 de b\u00e4sta funktionerna som g\u00f6r OBLU SELECT Lobigili till en av de fr\u00e4msta resorterna p\u00e5 Maldiverna.<\/p>\n\n\t\t<\/div>\n\t<\/div>\n<\/div><\/div><\/div><\/div><div class=\"vc_row wpb_row vc_row-fluid\"><div class=\"wpb_column vc_column_container vc_col-sm-3\"><div class=\"vc_column-inner\"><div class=\"wpb_wrapper\">\n\t<div  class=\"wpb_single_image wpb_content_element vc_align_left wpb_content_element\">\n\t\t\n\t\t<figure class=\"wpb_wrapper vc_figure\">\n\t\t\t<a href=\"https:\/\/maldives-paradise.com\/sv\/du-mig-maldiverna\/\" target=\"_self\" class=\"vc_single_image-wrapper   vc_box_border_grey\"><img loading=\"lazy\" decoding=\"async\" width=\"150\" height=\"150\" src=\"https:\/\/maldives-paradise.com\/wp-content\/uploads\/2024\/06\/you-and-me-maldives-2-150x150.jpg\" class=\"vc_single_image-img attachment-thumbnail\" alt=\"Du &amp; Jag Maldiverna\" title=\"du-och-jag-maldiverna-2\" \/><\/a>\n\t\t<\/figure>\n\t<\/div>\n<\/div><\/div><\/div><div class=\"wpb_column vc_column_container vc_col-sm-9\"><div class=\"vc_column-inner\"><div class=\"wpb_wrapper\">\n\t<div class=\"wpb_text_column wpb_content_element\" >\n\t\t<div class=\"wpb_wrapper\">\n\t\t\t<h4><a href=\"https:\/\/maldives-paradise.com\/sv\/du-mig-maldiverna\/\">Du &amp; Jag Maldiverna<\/a><\/h4>\n<p>You &amp; Me Maldives resort \u00e4r en <strong>lyxresort endast f\u00f6r vuxna<\/strong> som erbjuder den perfekta blandningen av lugn, romantik och \u00f6verfl\u00f6d. Designad f\u00f6r par, smekm\u00e5nadsresen\u00e4rer och de som s\u00f6ker en fridfull flykt, erbjuder You &amp; Me Maldives en avskild fristad omgiven av or\u00f6rda str\u00e4nder och kristallklart vatten.<\/p>\n\n\t\t<\/div>\n\t<\/div>\n<\/div><\/div><\/div><\/div><div class=\"vc_row wpb_row vc_row-fluid\"><div class=\"wpb_column vc_column_container vc_col-sm-3\"><div class=\"vc_column-inner\"><div class=\"wpb_wrapper\">\n\t<div  class=\"wpb_single_image wpb_content_element vc_align_left wpb_content_element\">\n\t\t\n\t\t<figure class=\"wpb_wrapper vc_figure\">\n\t\t\t<a href=\"https:\/\/maldives-paradise.com\/sv\/veligandu-maldiverna-resort-o\/\" target=\"_self\" class=\"vc_single_image-wrapper   vc_box_border_grey\"><img loading=\"lazy\" decoding=\"async\" width=\"150\" height=\"150\" src=\"https:\/\/maldives-paradise.com\/wp-content\/uploads\/2024\/09\/Veligandu-Maldives-Resort-Island-150x150.jpg\" class=\"vc_single_image-img attachment-thumbnail\" alt=\"Veligandu Maldiverna Resort Island\" title=\"Veligandu-Maldiverna-Resort-\u00d6\" \/><\/a>\n\t\t<\/figure>\n\t<\/div>\n<\/div><\/div><\/div><div class=\"wpb_column vc_column_container vc_col-sm-9\"><div class=\"vc_column-inner\"><div class=\"wpb_wrapper\">\n\t<div class=\"wpb_text_column wpb_content_element\" >\n\t\t<div class=\"wpb_wrapper\">\n\t\t\t<h4><a href=\"https:\/\/maldives-paradise.com\/sv\/veligandu-maldiverna-resort-o\/\">Veligandu Maldiverna Resort Island<\/a><\/h4>\n<p>Veligandu Maldives Resort Island \u00e4r en lyxig tillflyktsort som erbjuder den perfekta blandningen av naturlig sk\u00f6nhet, lugn och bekv\u00e4mligheter i v\u00e4rldsklass. Med sina kristallklara laguner, fantastiska villor \u00f6ver vattnet och exklusiva upplevelser, detta <strong>all inclusive<\/strong> Resort \u00e4r den ultimata destinationen f\u00f6r par, smekm\u00e5nadsresen\u00e4rer och resen\u00e4rer som s\u00f6ker en lyxig tillflykt fr\u00e5n Maldiverna.<\/p>\n\n\t\t<\/div>\n\t<\/div>\n<\/div><\/div><\/div><\/div><div class=\"vc_row wpb_row vc_row-fluid\"><div class=\"wpb_column vc_column_container vc_col-sm-3\"><div class=\"vc_column-inner\"><div class=\"wpb_wrapper\">\n\t<div  class=\"wpb_single_image wpb_content_element vc_align_left wpb_content_element\">\n\t\t\n\t\t<figure class=\"wpb_wrapper vc_figure\">\n\t\t\t<a href=\"https:\/\/maldives-paradise.com\/sv\/interkontinentala-maldiverna-maamunagau-resort\/\" target=\"_self\" class=\"vc_single_image-wrapper   vc_box_border_grey\"><img loading=\"lazy\" decoding=\"async\" width=\"150\" height=\"150\" src=\"https:\/\/maldives-paradise.com\/wp-content\/uploads\/2024\/09\/Intercontinental-Maldives-150x150.jpg\" class=\"vc_single_image-img attachment-thumbnail\" alt=\"InterContinental Maldives Maamunagau Resort\" title=\"Interkontinentala Maldiverna\" \/><\/a>\n\t\t<\/figure>\n\t<\/div>\n<\/div><\/div><\/div><div class=\"wpb_column vc_column_container vc_col-sm-9\"><div class=\"vc_column-inner\"><div class=\"wpb_wrapper\">\n\t<div class=\"wpb_text_column wpb_content_element\" >\n\t\t<div class=\"wpb_wrapper\">\n\t\t\t<h4><a href=\"https:\/\/maldives-paradise.com\/sv\/interkontinentala-maldiverna-maamunagau-resort\/\">Interkontinentala Maldiverna<\/a><\/h4>\n<p>InterContinental Maldives Maamunagau Resort \u00e4r en lyxig tillflyktsort som erbjuder en o\u00f6vertr\u00e4ffad upplevelse p\u00e5 Maldiverna. K\u00e4nd f\u00f6r sina fantastiska \u00f6vervattensvillor, restauranger i v\u00e4rldsklass och wellness-fokuserade bekv\u00e4mligheter, \u00e4r denna resort symbolen f\u00f6r tropisk lyx. Oavsett om du letar efter en romantisk flykt eller en familjesemester erbjuder InterContinental Maldives Maamunagau Resort en idyllisk milj\u00f6 med f\u00f6rstklassiga tj\u00e4nster och unika egenskaper.<\/p>\n\n\t\t<\/div>\n\t<\/div>\n<\/div><\/div><\/div><\/div><div class=\"vc_row wpb_row vc_row-fluid\"><div class=\"wpb_column vc_column_container vc_col-sm-3\"><div class=\"vc_column-inner\"><div class=\"wpb_wrapper\">\n\t<div  class=\"wpb_single_image wpb_content_element vc_align_left wpb_content_element\">\n\t\t\n\t\t<figure class=\"wpb_wrapper vc_figure\">\n\t\t\t<a href=\"https:\/\/maldives-paradise.com\/sv\/sun-siyam-iru-veli\/\" target=\"_self\" class=\"vc_single_image-wrapper   vc_box_border_grey\"><img loading=\"lazy\" decoding=\"async\" width=\"150\" height=\"150\" src=\"https:\/\/maldives-paradise.com\/wp-content\/uploads\/2024\/09\/Sun-Siyam-Iru-Veli-overwater-villa-150x150.jpg\" class=\"vc_single_image-img attachment-thumbnail\" alt=\"Sun Siyam Iru Veli\" title=\"Sun-Siyam-Iru-Veli-\u00f6vervatten-villa\" \/><\/a>\n\t\t<\/figure>\n\t<\/div>\n<\/div><\/div><\/div><div class=\"wpb_column vc_column_container vc_col-sm-9\"><div class=\"vc_column-inner\"><div class=\"wpb_wrapper\">\n\t<div class=\"wpb_text_column wpb_content_element\" >\n\t\t<div class=\"wpb_wrapper\">\n\t\t\t<h4><a href=\"https:\/\/maldives-paradise.com\/sv\/sun-siyam-iru-veli\/\">Sun Siyam Iru Veli<\/a><\/h4>\n<p>Sun Siyam Iru Veli ligger i den pittoreska South Nilandhe-atollen och \u00e4r en 5-stj\u00e4rnig lyxresort p\u00e5 Maldiverna som erbjuder en perfekt kombination av lugn, \u00e4ventyr och bekv\u00e4mligheter i v\u00e4rldsklass. K\u00e4nd f\u00f6r sina expansiva \u00f6vervattensvillor, privata pooler och all-inclusive-paket, v\u00e4nder sig resorten till b\u00e5de par och familjer som s\u00f6ker en \u00f6verd\u00e5dig tropisk flykt. H\u00e4r \u00e4r en \u00f6versikt \u00f6ver de b\u00e4sta funktionerna som g\u00f6r Sun Siyam Iru Veli till en av de fr\u00e4msta lyxdestinationerna p\u00e5 Maldiverna.<\/p>\n\n\t\t<\/div>\n\t<\/div>\n<\/div><\/div><\/div><\/div><div class=\"vc_row wpb_row vc_row-fluid\"><div class=\"wpb_column vc_column_container vc_col-sm-3\"><div class=\"vc_column-inner\"><div class=\"wpb_wrapper\">\n\t<div  class=\"wpb_single_image wpb_content_element vc_align_left wpb_content_element\">\n\t\t\n\t\t<figure class=\"wpb_wrapper vc_figure\">\n\t\t\t<a href=\"https:\/\/maldives-paradise.com\/sv\/dhawa-ihuru\/\" target=\"_self\" class=\"vc_single_image-wrapper   vc_box_border_grey\"><img loading=\"lazy\" decoding=\"async\" width=\"150\" height=\"150\" src=\"https:\/\/maldives-paradise.com\/wp-content\/uploads\/2024\/09\/Dhawa-Ihuru-150x150.jpg\" class=\"vc_single_image-img attachment-thumbnail\" alt=\"Dhawa Ihuru\" title=\"Dhawa-Ihuru\" \/><\/a>\n\t\t<\/figure>\n\t<\/div>\n<\/div><\/div><\/div><div class=\"wpb_column vc_column_container vc_col-sm-9\"><div class=\"vc_column-inner\"><div class=\"wpb_wrapper\">\n\t<div class=\"wpb_text_column wpb_content_element\" >\n\t\t<div class=\"wpb_wrapper\">\n\t\t\t<h4><a href=\"https:\/\/maldives-paradise.com\/sv\/dhawa-ihuru\/\">Dhawa Ihuru<\/a><\/h4>\n<p>Dhawa Ihuru \u00e4r en lyxresort p\u00e5 Maldiverna som erbjuder en idyllisk tropisk tillflyktsort med ett starkt engagemang f\u00f6r h\u00e5llbarhet. K\u00e4nd f\u00f6r sina or\u00f6rda str\u00e4nder, kristallklara vatten och milj\u00f6v\u00e4nliga metoder, \u00e4r Dhawa Ihuru ett paradis f\u00f6r natur\u00e4lskare och resen\u00e4rer som s\u00f6ker b\u00e5de avkoppling och \u00e4ventyr. Denna resort med helt villor, med direkt tillg\u00e5ng till ett av Maldivernas mest k\u00e4nda husrev, ger en uppslukande upplevelse som blandar lyx med milj\u00f6medvetenhet.<\/p>\n\n\t\t<\/div>\n\t<\/div>\n<\/div><\/div><\/div><\/div><div class=\"vc_row wpb_row vc_row-fluid\"><div class=\"wpb_column vc_column_container vc_col-sm-3\"><div class=\"vc_column-inner\"><div class=\"wpb_wrapper\">\n\t<div  class=\"wpb_single_image wpb_content_element vc_align_left wpb_content_element\">\n\t\t\n\t\t<figure class=\"wpb_wrapper vc_figure\">\n\t\t\t<a href=\"https:\/\/maldives-paradise.com\/sv\/jw-marriott-maldiverna-resort-spa\/\" target=\"_self\" class=\"vc_single_image-wrapper   vc_box_border_grey\"><img loading=\"lazy\" decoding=\"async\" width=\"150\" height=\"150\" src=\"https:\/\/maldives-paradise.com\/wp-content\/uploads\/2024\/09\/JW-Marriott-Maldives-Resort-Spa-150x150.jpg\" class=\"vc_single_image-img attachment-thumbnail\" alt=\"JW Marriott Maldives Resort &amp; Spa\" title=\"JW-Marriott-Maldiverna-Resort-Spa\" \/><\/a>\n\t\t<\/figure>\n\t<\/div>\n<\/div><\/div><\/div><div class=\"wpb_column vc_column_container vc_col-sm-9\"><div class=\"vc_column-inner\"><div class=\"wpb_wrapper\">\n\t<div class=\"wpb_text_column wpb_content_element\" >\n\t\t<div class=\"wpb_wrapper\">\n\t\t\t<h4><a href=\"https:\/\/maldives-paradise.com\/sv\/jw-marriott-maldiverna-resort-spa\/\">JW Marriott Maldives Resort &amp; Spa<\/a><\/h4>\n<p>JW Marriott Maldives Resort &amp; Spa ligger p\u00e5 den or\u00f6rda \u00f6n Vagaru i Shaviyani-atollen, och \u00e4r en 5-stj\u00e4rnig lyxresort som erbjuder en uts\u00f6kt blandning av naturlig sk\u00f6nhet, modern design och o\u00f6vertr\u00e4ffad service. JW Marriott Maldives \u00e4r k\u00e4nt f\u00f6r sina \u00f6vervattensvillor, restauranger i v\u00e4rldsklass och personliga upplevelser, och \u00e4r en idealisk destination f\u00f6r b\u00e5de smekm\u00e5nadsfirare, familjer och lyxs\u00f6kande.<\/p>\n\n\t\t<\/div>\n\t<\/div>\n<\/div><\/div><\/div><\/div><div class=\"vc_row wpb_row vc_row-fluid\"><div class=\"wpb_column vc_column_container vc_col-sm-3\"><div class=\"vc_column-inner\"><div class=\"wpb_wrapper\">\n\t<div  class=\"wpb_single_image wpb_content_element vc_align_left wpb_content_element\">\n\t\t\n\t\t<figure class=\"wpb_wrapper vc_figure\">\n\t\t\t<a href=\"https:\/\/maldives-paradise.com\/sv\/dhigufaru-island-resort\/\" target=\"_self\" class=\"vc_single_image-wrapper   vc_box_border_grey\"><img loading=\"lazy\" decoding=\"async\" width=\"150\" height=\"150\" src=\"https:\/\/maldives-paradise.com\/wp-content\/uploads\/2024\/09\/Dhigufaru-Island-Resort-150x150.jpg\" class=\"vc_single_image-img attachment-thumbnail\" alt=\"Dhigufaru Island Resort\" title=\"Dhigufaru-\u00f6n-resort\" \/><\/a>\n\t\t<\/figure>\n\t<\/div>\n<\/div><\/div><\/div><div class=\"wpb_column vc_column_container vc_col-sm-9\"><div class=\"vc_column-inner\"><div class=\"wpb_wrapper\">\n\t<div class=\"wpb_text_column wpb_content_element\" >\n\t\t<div class=\"wpb_wrapper\">\n\t\t\t<h4><a href=\"https:\/\/maldives-paradise.com\/sv\/dhigufaru-island-resort\/\">Dhigufaru Island Resort<\/a><\/h4>\n<p>Maldiverna \u00e4r k\u00e4nda f\u00f6r sina or\u00f6rda str\u00e4nder, kristallklara vatten och lyxresorter, och Dhigufaru Island Resort \u00e4r ett lysande exempel p\u00e5 detta tropiska paradis. Inb\u00e4ddat i det skyddade UNESCO-biosf\u00e4rreservatet Baa Atoll, erbjuder Dhigufaru en unik blandning av naturlig sk\u00f6nhet, bekv\u00e4mligheter i v\u00e4rldsklass och o\u00f6vertr\u00e4ffad integritet. F\u00f6r dem som s\u00f6ker en \u00f6verseende flykt, h\u00e4r \u00e4r de b\u00e4sta funktionerna som g\u00f6r denna resort till ett enast\u00e5ende val.<\/p>\n\n\t\t<\/div>\n\t<\/div>\n<\/div><\/div><\/div><\/div><div class=\"vc_row wpb_row vc_row-fluid\"><div class=\"wpb_column vc_column_container vc_col-sm-12\"><div class=\"vc_column-inner\"><div class=\"wpb_wrapper\">\n\t<div class=\"wpb_text_column wpb_content_element\" >\n\t\t<div class=\"wpb_wrapper\">\n\t\t\t<h3>5-stj\u00e4rniga hotell och resorter i Maldiverna <a href=\"http:\/\/maldives-paradise.com\/sv\/?page_id=4124\">Sida 1<\/a> \u00a0<a href=\"http:\/\/maldives-paradise.com\/sv\/?page_id=7968\">Sida 2<\/a> \u00a0 <a href=\"http:\/\/maldives-paradise.com\/sv\/?page_id=7996\">Sida 3<\/a>\u00a0 <a href=\"http:\/\/maldives-paradise.com\/sv\/?page_id=8053\">Sida 4<\/a>\u00a0 <a href=\"http:\/\/maldives-paradise.com\/sv\/?page_id=8128\">Sida 5<\/a> \u00a0 <a href=\"http:\/\/maldives-paradise.com\/sv\/?page_id=8170\">Sida 6<\/a>\u00a0\u00a0 <a href=\"http:\/\/maldives-paradise.com\/sv\/?page_id=8384\">Sida 7<\/a> \u00a0<a href=\"https:\/\/maldives-paradise.com\/sv\/5-stjarniga-hotellresorter-i-maldiverna-8\/\">Sida 8<\/a><\/h3>\n\n\t\t<\/div>\n\t<\/div>\n<\/div><\/div><\/div><\/div>\n<\/div>","protected":false},"excerpt":{"rendered":"<div class=\"mh-excerpt\"><\/div>","protected":false},"author":1,"featured_media":24551,"parent":0,"menu_order":0,"comment_status":"closed","ping_status":"closed","template":"","meta":{"footnotes":""},"class_list":["post-24555","page","type-page","status-publish","has-post-thumbnail"],"aioseo_notices":[],"_links":{"self":[{"href":"https:\/\/maldives-paradise.com\/sv\/wp-json\/wp\/v2\/pages\/24555","targetHints":{"allow":["GET"]}}],"collection":[{"href":"https:\/\/maldives-paradise.com\/sv\/wp-json\/wp\/v2\/pages"}],"about":[{"href":"https:\/\/maldives-paradise.com\/sv\/wp-json\/wp\/v2\/types\/page"}],"author":[{"embeddable":true,"href":"https:\/\/maldives-paradise.com\/sv\/wp-json\/wp\/v2\/users\/1"}],"replies":[{"embeddable":true,"href":"https:\/\/maldives-paradise.com\/sv\/wp-json\/wp\/v2\/comments?post=24555"}],"version-history":[{"count":6,"href":"https:\/\/maldives-paradise.com\/sv\/wp-json\/wp\/v2\/pages\/24555\/revisions"}],"predecessor-version":[{"id":34304,"href":"https:\/\/maldives-paradise.com\/sv\/wp-json\/wp\/v2\/pages\/24555\/revisions\/34304"}],"wp:featuredmedia":[{"embeddable":true,"href":"https:\/\/maldives-paradise.com\/sv\/wp-json\/wp\/v2\/media\/24551"}],"wp:attachment":[{"href":"https:\/\/maldives-paradise.com\/sv\/wp-json\/wp\/v2\/media?parent=24555"}],"curies":[{"name":"wp","href":"https:\/\/api.w.org\/{rel}","templated":true}]}}