{"id":19376,"date":"2024-07-17T13:12:00","date_gmt":"2024-07-17T13:12:00","guid":{"rendered":"http:\/\/maldives-paradise.com\/?page_id=19376"},"modified":"2025-11-26T09:29:09","modified_gmt":"2025-11-26T09:29:09","slug":"de-12-basta-resorterna-pa-flera-oar-pa-maldiverna","status":"publish","type":"page","link":"https:\/\/maldives-paradise.com\/sv\/de-12-basta-resorterna-pa-flera-oar-pa-maldiverna\/","title":{"rendered":"De b\u00e4sta resorterna med flera \u00f6ar p\u00e5 Maldiverna"},"content":{"rendered":"<div class=\"wpb-content-wrapper\"><div class=\"vc_row wpb_row vc_row-fluid\"><div class=\"wpb_column vc_column_container vc_col-sm-12\"><div class=\"vc_column-inner\"><div class=\"wpb_wrapper\">\n\t<div class=\"wpb_text_column wpb_content_element\" >\n\t\t<div class=\"wpb_wrapper\">\n\t\t\t<p><strong>Utforska de b\u00e4sta multi-\u00f6arna p\u00e5 Maldiverna<\/strong><\/p>\n<p>Maldiverna, ett tropiskt paradis k\u00e4nt f\u00f6r sina or\u00f6rda str\u00e4nder, kristallklara vatten och lyxiga resorter, erbjuder n\u00e5gra av de mest uts\u00f6kta upplevelserna p\u00e5 flera \u00f6ar. Dessa orter erbjuder en unik blandning av avskildhet och \u00e4ventyr, vilket g\u00f6r att g\u00e4sterna kan utforska flera \u00f6ar samtidigt som de njuter av bekv\u00e4mligheter i v\u00e4rldsklass. H\u00e4r utforskar vi n\u00e5gra av Maldivernas b\u00e4sta semesterorter med flera \u00f6ar, som var och en erbjuder en unik del av paradiset.<\/p>\n\n\t\t<\/div>\n\t<\/div>\n<\/div><\/div><\/div><\/div><div class=\"vc_row wpb_row vc_row-fluid\"><div class=\"wpb_column vc_column_container vc_col-sm-3\"><div class=\"vc_column-inner\"><div class=\"wpb_wrapper\">\n\t<div  class=\"wpb_single_image wpb_content_element vc_align_left wpb_content_element\">\n\t\t\n\t\t<figure class=\"wpb_wrapper vc_figure\">\n\t\t\t<div class=\"vc_single_image-wrapper   vc_box_border_grey\"><img loading=\"lazy\" decoding=\"async\" width=\"150\" height=\"150\" src=\"https:\/\/maldives-paradise.com\/wp-content\/uploads\/2024\/07\/niyama_private_islands_maldives-150x150.jpg\" class=\"vc_single_image-img attachment-thumbnail\" alt=\"Niyama Private Islands Maldiverna\" title=\"niyama_privata_\u00f6ar_maldiverna\" \/><\/div>\n\t\t<\/figure>\n\t<\/div>\n<\/div><\/div><\/div><div class=\"wpb_column vc_column_container vc_col-sm-9\"><div class=\"vc_column-inner\"><div class=\"wpb_wrapper\">\n\t<div class=\"wpb_text_column wpb_content_element\" >\n\t\t<div class=\"wpb_wrapper\">\n\t\t\t<h4><a href=\"https:\/\/lamp.glopss.com\/SHUv\" target=\"_blank\" rel=\"nofollow noopener\">Niyama Private Islands Maldiverna<\/a><\/h4>\n<p>Niyama Private Islands Maldiverna sticker ut med sina tvilling\u00f6ar, Play och Chill, som erbjuder distinkta upplevelser. Lek \u00e4r perfekt f\u00f6r \u00e4ventyr och familjeskoj, med sp\u00e4nnande vattensporter, middagar i tr\u00e4dkojan och en barnklubb. Chill, \u00e5 andra sidan, erbjuder fridfull avkoppling med sitt \u00f6vervattenspa, fina restauranger och undervattensnattklubben Subsix. Resortens m\u00e5ngsidiga utbud s\u00e4kerst\u00e4ller att b\u00e5de adrenalins\u00f6kare och de som vill varva ner blir v\u00e4l tillgodosedda.<\/p>\n\n\t\t<\/div>\n\t<\/div>\n<\/div><\/div><\/div><\/div><div class=\"vc_row wpb_row vc_row-fluid\"><div class=\"wpb_column vc_column_container vc_col-sm-3\"><div class=\"vc_column-inner\"><div class=\"wpb_wrapper\">\n\t<div  class=\"wpb_single_image wpb_content_element vc_align_left wpb_content_element\">\n\t\t\n\t\t<figure class=\"wpb_wrapper vc_figure\">\n\t\t\t<div class=\"vc_single_image-wrapper   vc_box_border_grey\"><img loading=\"lazy\" decoding=\"async\" width=\"150\" height=\"150\" src=\"https:\/\/maldives-paradise.com\/wp-content\/uploads\/2024\/07\/hard-rock-hotel-maldives-150x150.jpg\" class=\"vc_single_image-img attachment-thumbnail\" alt=\"\" title=\"h\u00e5rdrock-hotell-maldiverna\" \/><\/div>\n\t\t<\/figure>\n\t<\/div>\n<\/div><\/div><\/div><div class=\"wpb_column vc_column_container vc_col-sm-9\"><div class=\"vc_column-inner\"><div class=\"wpb_wrapper\">\n\t<div class=\"wpb_text_column wpb_content_element\" >\n\t\t<div class=\"wpb_wrapper\">\n\t\t\t<h4><a href=\"https:\/\/lamp.glopss.com\/SHUU\" target=\"_blank\" rel=\"nofollow noopener\">Hard Rock Hotel Maldiverna<\/a><\/h4>\n<p>Hard Rock Hotel Maldives \u00e4r en del av komplexet CROSSROADS Maldives och erbjuder en energisk atmosf\u00e4r med bekv\u00e4mligheter med musiktema. G\u00e4sterna kan hoppa mellan Hard Rock Hotel och dess systerfastigheter inom den integrerade resorten. Hotellet har ett unikt Hard Rock Caf\u00e9, en infinitypool och ett Rock Spa, allt kompletterat med livlig livemusik och underh\u00e5llning. Dess n\u00e4rhet till Marina @ CROSSROADS l\u00e4gger till shopping, restauranger och kulturella upplevelser till mixen.<\/p>\n\n\t\t<\/div>\n\t<\/div>\n<\/div><\/div><\/div><\/div><div class=\"vc_row wpb_row vc_row-fluid\"><div class=\"wpb_column vc_column_container vc_col-sm-3\"><div class=\"vc_column-inner\"><div class=\"wpb_wrapper\">\n\t<div  class=\"wpb_single_image wpb_content_element vc_align_left wpb_content_element\">\n\t\t\n\t\t<figure class=\"wpb_wrapper vc_figure\">\n\t\t\t<div class=\"vc_single_image-wrapper   vc_box_border_grey\"><img loading=\"lazy\" decoding=\"async\" width=\"150\" height=\"150\" src=\"https:\/\/maldives-paradise.com\/wp-content\/uploads\/2024\/07\/SAii-Lagoon-Maldives-150x150.jpg\" class=\"vc_single_image-img attachment-thumbnail\" alt=\"SAii Lagoon Maldiverna\" title=\"SAii-Lagoon-Maldiverna\" \/><\/div>\n\t\t<\/figure>\n\t<\/div>\n<\/div><\/div><\/div><div class=\"wpb_column vc_column_container vc_col-sm-9\"><div class=\"vc_column-inner\"><div class=\"wpb_wrapper\">\n\t<div class=\"wpb_text_column wpb_content_element\" >\n\t\t<div class=\"wpb_wrapper\">\n\t\t\t<h4><a href=\"https:\/\/lamp.glopss.com\/SHUA\" target=\"_blank\" rel=\"nofollow noopener\">SAii Lagoon Maldiverna<\/a><\/h4>\n<p>SAii Lagoon Maldives ligger ocks\u00e5 inom CROSSROADS Maldives, och \u00e4r k\u00e4nt f\u00f6r sin avslappnade atmosf\u00e4r och personliga tj\u00e4nster. Denna resort erbjuder enkel tillg\u00e5ng till The Marina, d\u00e4r g\u00e4sterna kan \u00e4gna sig \u00e5t olika kulinariska och rekreationsaktiviteter. De rymliga villorna och sviterna, designade med en tropisk chic estetik, g\u00f6r det till ett perfekt val f\u00f6r b\u00e5de familjer och par som s\u00f6ker en avslappnad men \u00e4nd\u00e5 lyxig oas.<\/p>\n\n\t\t<\/div>\n\t<\/div>\n<\/div><\/div><\/div><\/div><div class=\"vc_row wpb_row vc_row-fluid\"><div class=\"wpb_column vc_column_container vc_col-sm-3\"><div class=\"vc_column-inner\"><div class=\"wpb_wrapper\">\n\t<div  class=\"wpb_single_image wpb_content_element vc_align_left wpb_content_element\">\n\t\t\n\t\t<figure class=\"wpb_wrapper vc_figure\">\n\t\t\t<div class=\"vc_single_image-wrapper   vc_box_border_grey\"><img loading=\"lazy\" decoding=\"async\" width=\"150\" height=\"150\" src=\"https:\/\/maldives-paradise.com\/wp-content\/uploads\/2024\/07\/waldorf-astoria-maldives-ithaafushi-150x150.jpg\" class=\"vc_single_image-img attachment-thumbnail\" alt=\"\" title=\"Waldorf-Astoria-Maldiverna-Ithaafushi\" \/><\/div>\n\t\t<\/figure>\n\t<\/div>\n<\/div><\/div><\/div><div class=\"wpb_column vc_column_container vc_col-sm-9\"><div class=\"vc_column-inner\"><div class=\"wpb_wrapper\">\n\t<div class=\"wpb_text_column wpb_content_element\" >\n\t\t<div class=\"wpb_wrapper\">\n\t\t\t<h4><a href=\"https:\/\/trip.tpo.lv\/WFVsZItJ\" target=\"_blank\" rel=\"nofollow noopener\">Waldorf Astoria Maldiverna Ithaafushi<\/a><\/h4>\n<p>Waldorf Astoria Maldiverna Ithaafushi str\u00e4cker sig \u00f6ver tre privata \u00f6ar och erbjuder o\u00f6vertr\u00e4ffad lyx och avskildhet. Anl\u00e4ggningen har 119 villor, alla med egen pool och fantastisk havsutsikt. G\u00e4sterna kan utforska en rad matst\u00e4llen p\u00e5 11 unika platser, \u00e4gna sig \u00e5t skr\u00e4ddarsydda h\u00e4lsoupplevelser och njuta av en rad vattensporter. Anl\u00e4ggningens privata yacht och personliga conciergetj\u00e4nster garanterar en exklusiv och minnesv\u00e4rd vistelse.<\/p>\n\n\t\t<\/div>\n\t<\/div>\n<\/div><\/div><\/div><\/div><div class=\"vc_row wpb_row vc_row-fluid\"><div class=\"wpb_column vc_column_container vc_col-sm-3\"><div class=\"vc_column-inner\"><div class=\"wpb_wrapper\">\n\t<div  class=\"wpb_single_image wpb_content_element vc_align_left wpb_content_element\">\n\t\t\n\t\t<figure class=\"wpb_wrapper vc_figure\">\n\t\t\t<div class=\"vc_single_image-wrapper   vc_box_border_grey\"><img loading=\"lazy\" decoding=\"async\" width=\"150\" height=\"150\" src=\"https:\/\/maldives-paradise.com\/wp-content\/uploads\/2024\/07\/ritz-carlton-maldives-150x150.jpg\" class=\"vc_single_image-img attachment-thumbnail\" alt=\"Ritz-Carlton Maldiverna, Fari\u00f6arna\" title=\"Ritz-Carlton-Maldiverna\" \/><\/div>\n\t\t<\/figure>\n\t<\/div>\n<\/div><\/div><\/div><div class=\"wpb_column vc_column_container vc_col-sm-9\"><div class=\"vc_column-inner\"><div class=\"wpb_wrapper\">\n\t<div class=\"wpb_text_column wpb_content_element\" >\n\t\t<div class=\"wpb_wrapper\">\n\t\t\t<h4><a href=\"https:\/\/trip.tpo.lv\/csokQr2l\" target=\"_blank\" rel=\"nofollow noopener\">Ritz-Carlton Maldiverna, Fari\u00f6arna<\/a><\/h4>\n<p>The Ritz-Carlton Maldives ligger inb\u00e4ddat p\u00e5 Fari\u00f6arna och erbjuder en blandning av modern lyx och traditionell maldivisk kultur. Anl\u00e4ggningen har elegant designade villor, en s\u00e4rskild barnklubb och en m\u00e4ngd olika matst\u00e4llen. G\u00e4sterna kan utforska Fari Marina Village, som inkluderar exklusiva butiker, restauranger och en konststudio. Anl\u00e4ggningens fokus p\u00e5 h\u00e5llbarhet och v\u00e4lbefinnande bidrar till dess attraktionskraft, vilket g\u00f6r den till en fristad f\u00f6r uppm\u00e4rksamma resen\u00e4rer.<\/p>\n\n\t\t<\/div>\n\t<\/div>\n<\/div><\/div><\/div><\/div><div class=\"vc_row wpb_row vc_row-fluid\"><div class=\"wpb_column vc_column_container vc_col-sm-3\"><div class=\"vc_column-inner\"><div class=\"wpb_wrapper\">\n\t<div  class=\"wpb_single_image wpb_content_element vc_align_left wpb_content_element\">\n\t\t\n\t\t<figure class=\"wpb_wrapper vc_figure\">\n\t\t\t<div class=\"vc_single_image-wrapper   vc_box_border_grey\"><img loading=\"lazy\" decoding=\"async\" width=\"150\" height=\"150\" src=\"https:\/\/maldives-paradise.com\/wp-content\/uploads\/2024\/07\/conrad-maldives-rangali-island2-150x150.jpg\" class=\"vc_single_image-img attachment-thumbnail\" alt=\"Conrad Maldiverna Rangali Island\" title=\"conrad-maldiverna-rangali-\u00f62\" \/><\/div>\n\t\t<\/figure>\n\t<\/div>\n<\/div><\/div><\/div><div class=\"wpb_column vc_column_container vc_col-sm-9\"><div class=\"vc_column-inner\"><div class=\"wpb_wrapper\">\n\t<div class=\"wpb_text_column wpb_content_element\" >\n\t\t<div class=\"wpb_wrapper\">\n\t\t\t<h4><a href=\"https:\/\/trip.tpo.lv\/6j29svud\" target=\"_blank\" rel=\"nofollow noopener\">Conrad Maldiverna Rangali Island<\/a><\/h4>\n<p>K\u00e4nd f\u00f6r sin banbrytande undervattensresidens, The Muraka, Conrad Maldives Rangali Island erbjuder ett unikt koncept med tv\u00e5 \u00f6ar som f\u00f6rbinds med en bro. G\u00e4sterna kan njuta av olika matupplevelser, inklusive v\u00e4rldens f\u00f6rsta undervattensrestaurang, Ithaa. Resortens omfattande utbud av aktiviteter, fr\u00e5n snorkling med valhajar till att \u00e4gna sig \u00e5t f\u00f6ryngrande spabehandlingar, s\u00e4kerst\u00e4ller en helt\u00e4ckande maldivisk upplevelse.<\/p>\n\n\t\t<\/div>\n\t<\/div>\n<\/div><\/div><\/div><\/div><div class=\"vc_row wpb_row vc_row-fluid\"><div class=\"wpb_column vc_column_container vc_col-sm-3\"><div class=\"vc_column-inner\"><div class=\"wpb_wrapper\">\n\t<div  class=\"wpb_single_image wpb_content_element vc_align_left wpb_content_element\">\n\t\t\n\t\t<figure class=\"wpb_wrapper vc_figure\">\n\t\t\t<div class=\"vc_single_image-wrapper   vc_box_border_grey\"><img loading=\"lazy\" decoding=\"async\" width=\"150\" height=\"150\" src=\"https:\/\/maldives-paradise.com\/wp-content\/uploads\/2024\/07\/anantara-dhigu-maldives-resort-1-150x150.jpg\" class=\"vc_single_image-img attachment-thumbnail\" alt=\"Anantara Dhigu Maldives Resort\" title=\"anantara-dhigu-maldiverna-resort\" \/><\/div>\n\t\t<\/figure>\n\t<\/div>\n<\/div><\/div><\/div><div class=\"wpb_column vc_column_container vc_col-sm-9\"><div class=\"vc_column-inner\"><div class=\"wpb_wrapper\">\n\t<div class=\"wpb_text_column wpb_content_element\" >\n\t\t<div class=\"wpb_wrapper\">\n\t\t\t<h4><a href=\"https:\/\/lamp.glopss.com\/SHUr\" target=\"_blank\" rel=\"nofollow noopener\">Anantara Dhigu Maldives Resort &amp; Anantara Veli Maldives Resort<\/a><\/h4>\n<p>Dessa systerresorter \u00e4r perfekta f\u00f6r b\u00e5de familjer och par. Anantara Dhigu erbjuder rymliga villor, en m\u00e4ngd olika vattensporter och en familjev\u00e4nlig atmosf\u00e4r. Anantara Veli, en resort endast f\u00f6r vuxna, erbjuder en lugn milj\u00f6 med bungalower \u00f6ver vattnet och romantiska matupplevelser. G\u00e4sterna kan enkelt pendla mellan de tv\u00e5 orterna f\u00f6r att njuta av det b\u00e4sta av tv\u00e5 v\u00e4rldar, oavsett om det \u00e4r avkoppling eller \u00e4ventyr.<\/p>\n\n\t\t<\/div>\n\t<\/div>\n<\/div><\/div><\/div><\/div><div class=\"vc_row wpb_row vc_row-fluid\"><div class=\"wpb_column vc_column_container vc_col-sm-3\"><div class=\"vc_column-inner\"><div class=\"wpb_wrapper\">\n\t<div  class=\"wpb_single_image wpb_content_element vc_align_left wpb_content_element\">\n\t\t\n\t\t<figure class=\"wpb_wrapper vc_figure\">\n\t\t\t<div class=\"vc_single_image-wrapper   vc_box_border_grey\"><img loading=\"lazy\" decoding=\"async\" width=\"150\" height=\"150\" src=\"https:\/\/maldives-paradise.com\/wp-content\/uploads\/2024\/07\/jawakara-islands-maldives-150x150.jpg\" class=\"vc_single_image-img attachment-thumbnail\" alt=\"Jawakara Islands Maldiverna en semesterort med flera \u00f6ar\" title=\"Jawakara\u00f6arna-Maldiverna\" \/><\/div>\n\t\t<\/figure>\n\t<\/div>\n<\/div><\/div><\/div><div class=\"wpb_column vc_column_container vc_col-sm-9\"><div class=\"vc_column-inner\"><div class=\"wpb_wrapper\">\n\t<div class=\"wpb_text_column wpb_content_element\" >\n\t\t<div class=\"wpb_wrapper\">\n\t\t\t<h4><a href=\"https:\/\/lamp.glopss.com\/SHUj\" target=\"_blank\" rel=\"nofollow noopener\">Jawakara Islands Maldiverna<\/a><\/h4>\n<p>Jawakara Islands Maldives \u00e4r ett nyare till\u00e4gg till den maldiviska lyxresortsscenen och erbjuder ett koncept med flera \u00f6ar som betonar avskildhet och naturlig sk\u00f6nhet. Anl\u00e4ggningen har rymliga villor, or\u00f6rda str\u00e4nder och en m\u00e4ngd olika matst\u00e4llen. Dess fokus p\u00e5 h\u00e5llbar turism och milj\u00f6v\u00e4nliga metoder g\u00f6r det till ett tilltalande val f\u00f6r milj\u00f6medvetna resen\u00e4rer.<\/p>\n\n\t\t<\/div>\n\t<\/div>\n<\/div><\/div><\/div><\/div><div class=\"vc_row wpb_row vc_row-fluid\"><div class=\"wpb_column vc_column_container vc_col-sm-3\"><div class=\"vc_column-inner\"><div class=\"wpb_wrapper\">\n\t<div  class=\"wpb_single_image wpb_content_element vc_align_left wpb_content_element\">\n\t\t\n\t\t<figure class=\"wpb_wrapper vc_figure\">\n\t\t\t<div class=\"vc_single_image-wrapper   vc_box_border_grey\"><img loading=\"lazy\" decoding=\"async\" width=\"150\" height=\"150\" src=\"https:\/\/maldives-paradise.com\/wp-content\/uploads\/2024\/07\/sun-siyam-olhuveli-150x150.jpg\" class=\"vc_single_image-img attachment-thumbnail\" alt=\"Sun Siyam Olhuveli, en semesterort med flera \u00f6ar p\u00e5 Maldiverna\" title=\"sol-siyam-olhuveli\" \/><\/div>\n\t\t<\/figure>\n\t<\/div>\n<\/div><\/div><\/div><div class=\"wpb_column vc_column_container vc_col-sm-9\"><div class=\"vc_column-inner\"><div class=\"wpb_wrapper\">\n\t<div class=\"wpb_text_column wpb_content_element\" >\n\t\t<div class=\"wpb_wrapper\">\n\t\t\t<h4><a href=\"https:\/\/lamp.glopss.com\/SHUo\" target=\"_blank\" rel=\"nofollow noopener\">Sun Siyam Olhuveli<\/a><\/h4>\n<p>Sun Siyam Olhuveli erbjuder en upplevelse med flera \u00f6ar med fokus p\u00e5 familjev\u00e4nliga aktiviteter och friskv\u00e5rd. Anl\u00e4ggningen har en rad olika boenden, fr\u00e5n strandvillor till sviter \u00f6ver vattnet. G\u00e4sterna kan njuta av en m\u00e4ngd olika matst\u00e4llen, fritidsaktiviteter och spabehandlingar \u00f6ver de sammankopplade \u00f6arna. Dess livliga husrev och dykplatser g\u00f6r den till en favorit bland undervattensentusiaster.<\/p>\n\n\t\t<\/div>\n\t<\/div>\n<\/div><\/div><\/div><\/div><div class=\"vc_row wpb_row vc_row-fluid\"><div class=\"wpb_column vc_column_container vc_col-sm-3\"><div class=\"vc_column-inner\"><div class=\"wpb_wrapper\">\n\t<div  class=\"wpb_single_image wpb_content_element vc_align_left wpb_content_element\">\n\t\t\n\t\t<figure class=\"wpb_wrapper vc_figure\">\n\t\t\t<div class=\"vc_single_image-wrapper   vc_box_border_grey\"><img loading=\"lazy\" decoding=\"async\" width=\"150\" height=\"150\" src=\"https:\/\/maldives-paradise.com\/wp-content\/uploads\/2024\/07\/oblu-select-sangeli-150x150.jpg\" class=\"vc_single_image-img attachment-thumbnail\" alt=\"OBLU SELECT Sangeli\" title=\"oblu-select-sangeli\" \/><\/div>\n\t\t<\/figure>\n\t<\/div>\n<\/div><\/div><\/div><div class=\"wpb_column vc_column_container vc_col-sm-9\"><div class=\"vc_column-inner\"><div class=\"wpb_wrapper\">\n\t<div class=\"wpb_text_column wpb_content_element\" >\n\t\t<div class=\"wpb_wrapper\">\n\t\t\t<h4><a href=\"https:\/\/trip.tpo.lv\/v9votxXA\">OBLU SELECT Sangeli<\/a><\/h4>\n<p>OBLU SELECT Sangeli erbjuder en all-inclusive-upplevelse p\u00e5 tv\u00e5 sammankopplade \u00f6ar. Anl\u00e4ggningen \u00e4r k\u00e4nd f\u00f6r sitt livliga husrev, sp\u00e4nnande vattensporter och en m\u00e4ngd olika matst\u00e4llen. Dess Serenity Plan inkluderar f\u00f6rstklassiga middagar, utflykter och h\u00e4lsoaktiviteter, vilket garanterar en problemfri och trevlig vistelse. Honeymoon Water Suites endast f\u00f6r vuxna ger en extra touch av romantik f\u00f6r par.<\/p>\n\n\t\t<\/div>\n\t<\/div>\n<\/div><\/div><\/div><\/div><div class=\"vc_row wpb_row vc_row-fluid\"><div class=\"wpb_column vc_column_container vc_col-sm-3\"><div class=\"vc_column-inner\"><div class=\"wpb_wrapper\">\n\t<div  class=\"wpb_single_image wpb_content_element vc_align_left wpb_content_element\">\n\t\t\n\t\t<figure class=\"wpb_wrapper vc_figure\">\n\t\t\t<div class=\"vc_single_image-wrapper   vc_box_border_grey\"><img loading=\"lazy\" decoding=\"async\" width=\"150\" height=\"150\" src=\"https:\/\/maldives-paradise.com\/wp-content\/uploads\/2024\/07\/patina-maldives-150x150.jpg\" class=\"vc_single_image-img attachment-thumbnail\" alt=\"Patina Maldives en semesterort med flera \u00f6ar\" title=\"patina-maldiverna\" \/><\/div>\n\t\t<\/figure>\n\t<\/div>\n<\/div><\/div><\/div><div class=\"wpb_column vc_column_container vc_col-sm-9\"><div class=\"vc_column-inner\"><div class=\"wpb_wrapper\">\n\t<div class=\"wpb_text_column wpb_content_element\" >\n\t\t<div class=\"wpb_wrapper\">\n\t\t\t<h4><a href=\"https:\/\/lamp.glopss.com\/aff_c?offer_id=1506&amp;aff_id=1834\" target=\"_blank\" rel=\"nofollow noopener\">Patina Maldiverna, Fari\u00f6arna<\/a><\/h4>\n<p>Patina Maldives \u00e4r en modern lyxresort p\u00e5 Fari\u00f6arna, som erbjuder en sofistikerad blandning av natur och design. Anl\u00e4ggningens rymliga villor, alla med privata pooler, ger en fridfull tillflyktsort. G\u00e4sterna kan utforska Fari Marina Village, delta i h\u00e4lsoprogram och njuta av gourmetmat. Patinas engagemang f\u00f6r h\u00e5llbarhet och samh\u00e4llsengagemang ger djup till dess lyxiga erbjudanden.<\/p>\n\n\t\t<\/div>\n\t<\/div>\n<\/div><\/div><\/div><\/div><div class=\"vc_row wpb_row vc_row-fluid\"><div class=\"wpb_column vc_column_container vc_col-sm-12\"><div class=\"vc_column-inner\"><div class=\"wpb_wrapper\">\n\t<div class=\"wpb_text_column wpb_content_element\" >\n\t\t<div class=\"wpb_wrapper\">\n\t\t\t<p>Sammanfattningsvis erbjuder Maldiverna en m\u00e4ngd av de b\u00e4sta resorterna p\u00e5 flera \u00f6ar, var och en med unika egenskaper och upplevelser. Oavsett om du s\u00f6ker \u00e4ventyr, avkoppling eller en blandning av b\u00e5da, ger dessa resorter den perfekta bakgrunden f\u00f6r en of\u00f6rgl\u00f6mlig semester i Maldiverna.<\/p>\n<p><strong><a title=\"De 12 b\u00e4sta lyxresorterna p\u00e5 Maldiverna\" href=\"https:\/\/maldives-paradise.com\/sv\/de-12-basta-lyxresorterna-i-maldiverna\/\">De b\u00e4sta resorterna p\u00e5 Maldiverna<\/a><\/strong><\/p>\n\n\t\t<\/div>\n\t<\/div>\n<\/div><\/div><\/div><\/div>\n<\/div>","protected":false},"excerpt":{"rendered":"<div class=\"mh-excerpt\"><\/div>","protected":false},"author":1,"featured_media":19377,"parent":0,"menu_order":0,"comment_status":"closed","ping_status":"closed","template":"","meta":{"footnotes":""},"class_list":["post-19376","page","type-page","status-publish","has-post-thumbnail"],"aioseo_notices":[],"_links":{"self":[{"href":"https:\/\/maldives-paradise.com\/sv\/wp-json\/wp\/v2\/pages\/19376","targetHints":{"allow":["GET"]}}],"collection":[{"href":"https:\/\/maldives-paradise.com\/sv\/wp-json\/wp\/v2\/pages"}],"about":[{"href":"https:\/\/maldives-paradise.com\/sv\/wp-json\/wp\/v2\/types\/page"}],"author":[{"embeddable":true,"href":"https:\/\/maldives-paradise.com\/sv\/wp-json\/wp\/v2\/users\/1"}],"replies":[{"embeddable":true,"href":"https:\/\/maldives-paradise.com\/sv\/wp-json\/wp\/v2\/comments?post=19376"}],"version-history":[{"count":7,"href":"https:\/\/maldives-paradise.com\/sv\/wp-json\/wp\/v2\/pages\/19376\/revisions"}],"predecessor-version":[{"id":45311,"href":"https:\/\/maldives-paradise.com\/sv\/wp-json\/wp\/v2\/pages\/19376\/revisions\/45311"}],"wp:featuredmedia":[{"embeddable":true,"href":"https:\/\/maldives-paradise.com\/sv\/wp-json\/wp\/v2\/media\/19377"}],"wp:attachment":[{"href":"https:\/\/maldives-paradise.com\/sv\/wp-json\/wp\/v2\/media?parent=19376"}],"curies":[{"name":"wp","href":"https:\/\/api.w.org\/{rel}","templated":true}]}}