{"id":17432,"date":"2024-06-15T08:23:33","date_gmt":"2024-06-15T08:23:33","guid":{"rendered":"http:\/\/maldives-paradise.com\/?page_id=17432"},"modified":"2025-11-26T09:31:39","modified_gmt":"2025-11-26T09:31:39","slug":"de-12-basta-resorterna-for-brollop-i-maldiverna-2","status":"publish","type":"page","link":"https:\/\/maldives-paradise.com\/sv\/de-12-basta-resorterna-for-brollop-i-maldiverna-2\/","title":{"rendered":"De b\u00e4sta resorterna f\u00f6r br\u00f6llop p\u00e5 Maldiverna"},"content":{"rendered":"<div class=\"wpb-content-wrapper\"><div class=\"vc_row wpb_row vc_row-fluid\"><div class=\"wpb_column vc_column_container vc_col-sm-12\"><div class=\"vc_column-inner\"><div class=\"wpb_wrapper\">\n\t<div class=\"wpb_text_column wpb_content_element\" >\n\t\t<div class=\"wpb_wrapper\">\n\t\t\t<p><strong>De b\u00e4sta lyxresorterna p\u00e5 Maldiverna f\u00f6r br\u00f6llop<\/strong><\/p>\n<p>Maldiverna, ett tropiskt paradis, \u00e4r synonymt med lyx, romantik och o\u00f6vertr\u00e4ffad naturlig sk\u00f6nhet. Dess fantastiska \u00f6vervattensvillor, or\u00f6rda str\u00e4nder och turkosa laguner g\u00f6r det till en dr\u00f6mdestination f\u00f6r br\u00f6llop. F\u00f6r dem som planerar ett destinationsbr\u00f6llop erbjuder Maldiverna en uppsj\u00f6 av lyxresorter.<\/p>\n<div class=\"flex flex-grow flex-col max-w-full\">\n<div class=\"min-h-&#091;20px&#093; text-message flex flex-col items-start whitespace-pre-wrap break-words &#091;.text-message+&amp;&#093;:mt-5 juice:w-full juice:items-end overflow-x-auto gap-2\" dir=\"auto\" data-message-author-role=\"assistant\" data-message-id=\"15d50877-8a2d-4bc1-b5cd-4fb3aac1d75e\">\n<div class=\"flex w-full flex-col gap-1 juice:empty:hidden juice:first:pt-&#091;3px&#093;\">\n<div class=\"markdown prose w-full break-words dark:prose-invert light\">\n<p>Bild utbyte av l\u00f6ften p\u00e5 en or\u00f6rd vit sandstrand med det kristallklara turkosa vattnet som bakgrund, eller i en elegant paviljong \u00f6ver vattnet omgiven av det fridfulla havet. Maldiviska resorter erbjuder omfattande br\u00f6llopspaket, inklusive personliga ceremonier, uts\u00f6kta matst\u00e4llen och lyxigt boende f\u00f6r dig och dina g\u00e4ster. Med fantastiska solnedg\u00e5ngar, romantisk avskildhet och service i v\u00e4rldsklass utlovar ett br\u00f6llop p\u00e5 Maldiverna ett of\u00f6rgl\u00f6mligt firande av k\u00e4rlek i paradiset.<\/p>\n<\/div>\n<\/div>\n<\/div>\n<\/div>\n<p>H\u00e4r \u00e4r n\u00e5gra av de b\u00e4sta lyxresorterna p\u00e5 Maldiverna f\u00f6r br\u00f6llop.<\/p>\n\n\t\t<\/div>\n\t<\/div>\n<\/div><\/div><\/div><\/div><div class=\"vc_row wpb_row vc_row-fluid\"><div class=\"wpb_column vc_column_container vc_col-sm-3\"><div class=\"vc_column-inner\"><div class=\"wpb_wrapper\">\n\t<div  class=\"wpb_single_image wpb_content_element vc_align_left wpb_content_element\">\n\t\t\n\t\t<figure class=\"wpb_wrapper vc_figure\">\n\t\t\t<div class=\"vc_single_image-wrapper   vc_box_border_grey\"><img loading=\"lazy\" decoding=\"async\" width=\"150\" height=\"150\" src=\"https:\/\/maldives-paradise.com\/wp-content\/uploads\/2024\/06\/One_Only_Reethi_Rah_Wedding-150x150.jpg\" class=\"vc_single_image-img attachment-thumbnail\" alt=\"One&amp;Only Reethi Rah\" title=\"One_Only_Reethi_Rah_Br\u00f6llop\" \/><\/div>\n\t\t<\/figure>\n\t<\/div>\n<\/div><\/div><\/div><div class=\"wpb_column vc_column_container vc_col-sm-9\"><div class=\"vc_column-inner\"><div class=\"wpb_wrapper\">\n\t<div class=\"wpb_text_column wpb_content_element\" >\n\t\t<div class=\"wpb_wrapper\">\n\t\t\t<h4><a href=\"https:\/\/hotellook.tp.st\/AH0DpGXS\" target=\"_blank\" rel=\"nofollow noopener\">One&amp;Only Reethi Rah<\/a><\/h4>\n<p>One&amp;Only Reethi Rah \u00e4r en privat \u00f6-resort k\u00e4nd f\u00f6r sin elegans och exklusivitet. Med \u00f6ver 120 villor erbjuder denna resort en m\u00e4ngd fantastiska platser f\u00f6r br\u00f6llopsceremonier, inklusive strandn\u00e4ra platser och paviljonger \u00f6ver vattnet. Anl\u00e4ggningen erbjuder personlig br\u00f6llopsplanering, vilket s\u00e4kerst\u00e4ller att varje detalj \u00e4r perfekt. Par kan njuta av en romantisk middag med levande ljus p\u00e5 stranden, f\u00f6ljt av en smekm\u00e5nad i en av de lyxiga villorna.<\/p>\n\n\t\t<\/div>\n\t<\/div>\n<\/div><\/div><\/div><\/div><div class=\"vc_row wpb_row vc_row-fluid\"><div class=\"wpb_column vc_column_container vc_col-sm-3\"><div class=\"vc_column-inner\"><div class=\"wpb_wrapper\">\n\t<div  class=\"wpb_single_image wpb_content_element vc_align_left wpb_content_element\">\n\t\t\n\t\t<figure class=\"wpb_wrapper vc_figure\">\n\t\t\t<div class=\"vc_single_image-wrapper   vc_box_border_grey\"><img loading=\"lazy\" decoding=\"async\" width=\"150\" height=\"150\" src=\"https:\/\/maldives-paradise.com\/wp-content\/uploads\/2024\/06\/soneva-fushi-maldives-wedding-150x150.jpg\" class=\"vc_single_image-img attachment-thumbnail\" alt=\"\" title=\"soneva-fushi-maldiverna-br\u00f6llop\" \/><\/div>\n\t\t<\/figure>\n\t<\/div>\n<\/div><\/div><\/div><div class=\"wpb_column vc_column_container vc_col-sm-9\"><div class=\"vc_column-inner\"><div class=\"wpb_wrapper\">\n\t<div class=\"wpb_text_column wpb_content_element\" >\n\t\t<div class=\"wpb_wrapper\">\n\t\t\t<h4><a href=\"https:\/\/trip.tpo.lv\/s4Vbr1lj\" target=\"_blank\" rel=\"nofollow noopener\">Soneva Fushi<\/a><\/h4>\n<p>Soneva Fushi, som ligger i Baa Atoll UNESCOs biosf\u00e4rreservat, \u00e4r k\u00e4nt f\u00f6r sin h\u00e5llbara lyx. Denna resort erbjuder barfotalyx i rymliga villor omgivna av frodig gr\u00f6nska. Soneva Fushis br\u00f6llopspaket inkluderar allt fr\u00e5n en privat sandbanksceremoni till en solnedg\u00e5ngskryssning. Resortens engagemang f\u00f6r h\u00e5llbarhet ger en milj\u00f6v\u00e4nlig touch till din speciella dag.<\/p>\n\n\t\t<\/div>\n\t<\/div>\n<\/div><\/div><\/div><\/div><div class=\"vc_row wpb_row vc_row-fluid\"><div class=\"wpb_column vc_column_container vc_col-sm-3\"><div class=\"vc_column-inner\"><div class=\"wpb_wrapper\">\n\t<div  class=\"wpb_single_image wpb_content_element vc_align_left wpb_content_element\">\n\t\t\n\t\t<figure class=\"wpb_wrapper vc_figure\">\n\t\t\t<div class=\"vc_single_image-wrapper   vc_box_border_grey\"><img loading=\"lazy\" decoding=\"async\" width=\"150\" height=\"150\" src=\"https:\/\/maldives-paradise.com\/wp-content\/uploads\/2024\/06\/velaa-private-island-wedding-150x150.jpg\" class=\"vc_single_image-img attachment-thumbnail\" alt=\"\" title=\"velaa-privat-\u00f6-br\u00f6llop\" \/><\/div>\n\t\t<\/figure>\n\t<\/div>\n<\/div><\/div><\/div><div class=\"wpb_column vc_column_container vc_col-sm-9\"><div class=\"vc_column-inner\"><div class=\"wpb_wrapper\">\n\t<div class=\"wpb_text_column wpb_content_element\" >\n\t\t<div class=\"wpb_wrapper\">\n\t\t\t<h4><a href=\"https:\/\/trip.tpo.lv\/5ucKKYji\" target=\"_blank\" rel=\"nofollow noopener\">Velaa privata \u00f6<\/a><\/h4>\n<p>Velaa Private Island \u00e4r symbolen f\u00f6r lyx och exklusivitet. Denna resort, som ligger p\u00e5 en privat \u00f6 i Noonu-atollen, har 47 villor, alla med egen pool. Velaa erbjuder skr\u00e4ddarsydda br\u00f6llopspaket skr\u00e4ddarsydda efter parets preferenser. Fr\u00e5n intima ceremonier p\u00e5 en avskild strand till storslagna firanden i resortens uts\u00f6kta lokaler, Velaa Private Island garanterar en magisk br\u00f6llopsupplevelse.<\/p>\n\n\t\t<\/div>\n\t<\/div>\n<\/div><\/div><\/div><\/div><div class=\"vc_row wpb_row vc_row-fluid\"><div class=\"wpb_column vc_column_container vc_col-sm-3\"><div class=\"vc_column-inner\"><div class=\"wpb_wrapper\">\n\t<div  class=\"wpb_single_image wpb_content_element vc_align_left wpb_content_element\">\n\t\t\n\t\t<figure class=\"wpb_wrapper vc_figure\">\n\t\t\t<div class=\"vc_single_image-wrapper   vc_box_border_grey\"><img loading=\"lazy\" decoding=\"async\" width=\"150\" height=\"150\" src=\"https:\/\/maldives-paradise.com\/wp-content\/uploads\/2024\/06\/st-regis-wedding-150x150.jpg\" class=\"vc_single_image-img attachment-thumbnail\" alt=\"Br\u00f6llop p\u00e5 St. Regis Maldives Vommuli Resort\" title=\"st-regis-br\u00f6llop\" \/><\/div>\n\t\t<\/figure>\n\t<\/div>\n<\/div><\/div><\/div><div class=\"wpb_column vc_column_container vc_col-sm-9\"><div class=\"vc_column-inner\"><div class=\"wpb_wrapper\">\n\t<div class=\"wpb_text_column wpb_content_element\" >\n\t\t<div class=\"wpb_wrapper\">\n\t\t\t<h4><a href=\"https:\/\/trip.tpo.lv\/2x3dIFEs\" target=\"_blank\" rel=\"nofollow noopener\">St. Regis Maldives Vommuli Resort<\/a><\/h4>\n<p>St. Regis Maldives Vommuli Resort kombinerar modern design med maldivisk charm. Denna resort erbjuder hisnande m\u00f6tesplatser f\u00f6r br\u00f6llop, inklusive Iridium Spa \u00f6ver vattnet och St. Regis Suite vid stranden. Resortens br\u00f6llopsspecialister hj\u00e4lper till att skapa personliga ceremonier, oavsett om du f\u00f6rest\u00e4ller dig ett traditionellt maldiviskt br\u00f6llop eller ett modernt firande. De lyxiga villorna och de exceptionella matst\u00e4llena g\u00f6r det till ett idealiskt val f\u00f6r ett br\u00f6llop och smekm\u00e5nad.<\/p>\n\n\t\t<\/div>\n\t<\/div>\n<\/div><\/div><\/div><\/div><div class=\"vc_row wpb_row vc_row-fluid\"><div class=\"wpb_column vc_column_container vc_col-sm-3\"><div class=\"vc_column-inner\"><div class=\"wpb_wrapper\">\n\t<div  class=\"wpb_single_image wpb_content_element vc_align_left wpb_content_element\">\n\t\t\n\t\t<figure class=\"wpb_wrapper vc_figure\">\n\t\t\t<div class=\"vc_single_image-wrapper   vc_box_border_grey\"><img loading=\"lazy\" decoding=\"async\" width=\"150\" height=\"150\" src=\"https:\/\/maldives-paradise.com\/wp-content\/uploads\/2024\/06\/Gili-Lankanfushi-Maldives-wedding-150x150.jpg\" class=\"vc_single_image-img attachment-thumbnail\" alt=\"Br\u00f6llop p\u00e5 Gili Lankanfushi\" title=\"Gili-Lankanfushi-Maldiverna-br\u00f6llop\" \/><\/div>\n\t\t<\/figure>\n\t<\/div>\n<\/div><\/div><\/div><div class=\"wpb_column vc_column_container vc_col-sm-9\"><div class=\"vc_column-inner\"><div class=\"wpb_wrapper\">\n\t<div class=\"wpb_text_column wpb_content_element\" >\n\t\t<div class=\"wpb_wrapper\">\n\t\t\t<h4><a href=\"https:\/\/trip.tpo.lv\/yIcxe2hb\" target=\"_blank\" rel=\"nofollow noopener\">Gili Lankanfushi<\/a><\/h4>\n<p>Gili Lankanfushi \u00e4r en lyxig eko-resort som erbjuder en intim och romantisk milj\u00f6 f\u00f6r br\u00f6llop. Gili Lankanfushi \u00e4r k\u00e4nd f\u00f6r sina \u00f6vervattensvillor och engagemang f\u00f6r h\u00e5llbarhet, och ger en lugn bakgrund f\u00f6r din speciella dag. Br\u00f6llopspaket inkluderar en dedikerad br\u00f6llopsplanerare, blomsterarrangemang och en solnedg\u00e5ngskryssning. Resortens &quot;No News, No Shoes&quot;-filosofi garanterar en avslappnad och stressfri br\u00f6llopsupplevelse.<\/p>\n\n\t\t<\/div>\n\t<\/div>\n<\/div><\/div><\/div><\/div><div class=\"vc_row wpb_row vc_row-fluid\"><div class=\"wpb_column vc_column_container vc_col-sm-3\"><div class=\"vc_column-inner\"><div class=\"wpb_wrapper\">\n\t<div  class=\"wpb_single_image wpb_content_element vc_align_left wpb_content_element\">\n\t\t\n\t\t<figure class=\"wpb_wrapper vc_figure\">\n\t\t\t<div class=\"vc_single_image-wrapper   vc_box_border_grey\"><img loading=\"lazy\" decoding=\"async\" width=\"150\" height=\"150\" src=\"https:\/\/maldives-paradise.com\/wp-content\/uploads\/2024\/06\/four-seasons-wedding-150x150.jpg\" class=\"vc_single_image-img attachment-thumbnail\" alt=\"Four Seasons Resort Maldiverna vid Landaa Giraavaru\" title=\"fyra s\u00e4songer-br\u00f6llop\" \/><\/div>\n\t\t<\/figure>\n\t<\/div>\n<\/div><\/div><\/div><div class=\"wpb_column vc_column_container vc_col-sm-9\"><div class=\"vc_column-inner\"><div class=\"wpb_wrapper\">\n\t<div class=\"wpb_text_column wpb_content_element\" >\n\t\t<div class=\"wpb_wrapper\">\n\t\t\t<h4><a href=\"https:\/\/trip.tpo.lv\/zgtY38IJ\" target=\"_blank\" rel=\"nofollow noopener\">Four Seasons Resort Maldiverna vid Landaa Giraavaru<\/a><\/h4>\n<p>Four Seasons Resort Maldives at Landaa Giraavaru ligger i Baa-atollen och \u00e4r en oas av lyx och lugn. Anl\u00e4ggningen erbjuder olika br\u00f6llopslokaler, fr\u00e5n en privat sandbank till en traditionell maldivisk dhoni (b\u00e5t). Four Seasons br\u00f6llopsteam hj\u00e4lper till med varje detalj, inklusive skr\u00e4ddarsydda menyer, blomsterarrangemang och underh\u00e5llning. Resortens ayurvediska spa- och h\u00e4lsoprogram ger en perfekt start p\u00e5 ett harmoniskt giftliv.<\/p>\n\n\t\t<\/div>\n\t<\/div>\n<\/div><\/div><\/div><\/div><div class=\"vc_row wpb_row vc_row-fluid\"><div class=\"wpb_column vc_column_container vc_col-sm-3\"><div class=\"vc_column-inner\"><div class=\"wpb_wrapper\">\n\t<div  class=\"wpb_single_image wpb_content_element vc_align_left wpb_content_element\">\n\t\t\n\t\t<figure class=\"wpb_wrapper vc_figure\">\n\t\t\t<div class=\"vc_single_image-wrapper   vc_box_border_grey\"><img loading=\"lazy\" decoding=\"async\" width=\"150\" height=\"150\" src=\"https:\/\/maldives-paradise.com\/wp-content\/uploads\/2024\/06\/com-maalifushi-wedding-150x150.jpg\" class=\"vc_single_image-img attachment-thumbnail\" alt=\"Br\u00f6llop p\u00e5 COMO Maalifushi\" title=\"com-maalifushi-br\u00f6llop\" \/><\/div>\n\t\t<\/figure>\n\t<\/div>\n<\/div><\/div><\/div><div class=\"wpb_column vc_column_container vc_col-sm-9\"><div class=\"vc_column-inner\"><div class=\"wpb_wrapper\">\n\t<div class=\"wpb_text_column wpb_content_element\" >\n\t\t<div class=\"wpb_wrapper\">\n\t\t\t<h4><a href=\"https:\/\/lamp.glopss.com\/SHU9\" target=\"_blank\" rel=\"nofollow noopener\">COMO Maalifushi<\/a><\/h4>\n<p>COMO Maalifushi \u00e4r den enda resorten i den or\u00f6rda Thaa-atollen, och erbjuder en unik och privat br\u00f6llopsupplevelse. Anl\u00e4ggningen har eleganta \u00f6vervattens- och strandvillor, som erbjuder fantastiska milj\u00f6er f\u00f6r br\u00f6llopsceremonier. COMO Maalifushis br\u00f6llopspaket inkluderar personliga tj\u00e4nster som fotografering, video och en br\u00f6llopskoordinator. Resortens COMO Shambhala Retreat garanterar avkoppling och f\u00f6ryngring f\u00f6re och efter br\u00f6llopet.<\/p>\n\n\t\t<\/div>\n\t<\/div>\n<\/div><\/div><\/div><\/div><div class=\"vc_row wpb_row vc_row-fluid\"><div class=\"wpb_column vc_column_container vc_col-sm-3\"><div class=\"vc_column-inner\"><div class=\"wpb_wrapper\">\n\t<div  class=\"wpb_single_image wpb_content_element vc_align_left wpb_content_element\">\n\t\t\n\t\t<figure class=\"wpb_wrapper vc_figure\">\n\t\t\t<div class=\"vc_single_image-wrapper   vc_box_border_grey\"><img loading=\"lazy\" decoding=\"async\" width=\"150\" height=\"150\" src=\"https:\/\/maldives-paradise.com\/wp-content\/uploads\/2024\/06\/Conrad-Maldives-Rangali-Wedding-Ithaa-Undersee2-150x150.jpg\" class=\"vc_single_image-img attachment-thumbnail\" alt=\"Br\u00f6llop p\u00e5 Conrad Maldiverna Rangali Island\" title=\"Conrad-Maldiverna-Rangali-Br\u00f6llop-Ithaa-Undersee2\" \/><\/div>\n\t\t<\/figure>\n\t<\/div>\n<\/div><\/div><\/div><div class=\"wpb_column vc_column_container vc_col-sm-9\"><div class=\"vc_column-inner\"><div class=\"wpb_wrapper\">\n\t<div class=\"wpb_text_column wpb_content_element\" >\n\t\t<div class=\"wpb_wrapper\">\n\t\t\t<h4><a href=\"https:\/\/trip.tpo.lv\/6j29svud\" target=\"_blank\" rel=\"nofollow noopener\">Conrad Maldiverna Rangali Island<\/a><\/h4>\n<p>Conrad Maldives Rangali Island \u00e4r k\u00e4nd f\u00f6r sin undervattensrestaurang, Ithaa, och lyxiga villor. Anl\u00e4ggningen erbjuder unika br\u00f6llopslokaler, inklusive en undervattensceremoni eller ett firande vid stranden. Conrads br\u00f6llopspaket \u00e4r helt\u00e4ckande, inklusive allt fr\u00e5n dekorationer till juridiska arrangemang. Resortens tvilling\u00f6ar erbjuder olika upplevelser, vilket g\u00f6r den till ett perfekt val f\u00f6r ett br\u00f6llop och smekm\u00e5nad.<\/p>\n\n\t\t<\/div>\n\t<\/div>\n<\/div><\/div><\/div><\/div><div class=\"vc_row wpb_row vc_row-fluid\"><div class=\"wpb_column vc_column_container vc_col-sm-3\"><div class=\"vc_column-inner\"><div class=\"wpb_wrapper\">\n\t<div  class=\"wpb_single_image wpb_content_element vc_align_left wpb_content_element\">\n\t\t\n\t\t<figure class=\"wpb_wrapper vc_figure\">\n\t\t\t<div class=\"vc_single_image-wrapper   vc_box_border_grey\"><img loading=\"lazy\" decoding=\"async\" width=\"150\" height=\"150\" src=\"https:\/\/maldives-paradise.com\/wp-content\/uploads\/2024\/06\/hideaway-weddings-150x150.jpg\" class=\"vc_single_image-img attachment-thumbnail\" alt=\"\" title=\"g\u00f6mst\u00e4lle-br\u00f6llop\" \/><\/div>\n\t\t<\/figure>\n\t<\/div>\n<\/div><\/div><\/div><div class=\"wpb_column vc_column_container vc_col-sm-9\"><div class=\"vc_column-inner\"><div class=\"wpb_wrapper\">\n\t<div class=\"wpb_text_column wpb_content_element\" >\n\t\t<div class=\"wpb_wrapper\">\n\t\t\t<h4><a href=\"https:\/\/lamp.glopss.com\/aff_c?offer_id=1384&amp;aff_id=1834\" target=\"_blank\" rel=\"nofollow noopener\">Hideaway Beach Resort &amp; Spa<\/a><\/h4>\n<p>Hideaway Beach Resort &amp; Spa \u00e4r en lyxig tillflyktsort som ligger i Haa Alifu-atollen. Denna resort \u00e4r k\u00e4nd f\u00f6r sina rymliga villor och privata milj\u00f6er och \u00e4r idealisk f\u00f6r par som s\u00f6ker en intim br\u00f6llopsupplevelse. Anl\u00e4ggningen erbjuder olika br\u00f6llopspaket, inklusive strandceremonier och solnedg\u00e5ngsmottagningar. Personliga tj\u00e4nster som br\u00f6llopsplanerare, blomsterarrangemang och fotografering s\u00e4kerst\u00e4ller att varje detalj \u00e4r perfekt. Resortens romantiska atmosf\u00e4r och avskilda l\u00e4ge g\u00f6r den till ett toppval f\u00f6r destinationsbr\u00f6llop.<\/p>\n\n\t\t<\/div>\n\t<\/div>\n<\/div><\/div><\/div><\/div><div class=\"vc_row wpb_row vc_row-fluid\"><div class=\"wpb_column vc_column_container vc_col-sm-3\"><div class=\"vc_column-inner\"><div class=\"wpb_wrapper\">\n\t<div  class=\"wpb_single_image wpb_content_element vc_align_left wpb_content_element\">\n\t\t\n\t\t<figure class=\"wpb_wrapper vc_figure\">\n\t\t\t<div class=\"vc_single_image-wrapper   vc_box_border_grey\"><img loading=\"lazy\" decoding=\"async\" width=\"150\" height=\"150\" src=\"https:\/\/maldives-paradise.com\/wp-content\/uploads\/2024\/06\/Komandoo-Wedding-150x150.jpg\" class=\"vc_single_image-img attachment-thumbnail\" alt=\"Br\u00f6llop p\u00e5 Komandoo Island Resort &amp; Spa\" title=\"Komandoo-br\u00f6llop\" \/><\/div>\n\t\t<\/figure>\n\t<\/div>\n<\/div><\/div><\/div><div class=\"wpb_column vc_column_container vc_col-sm-9\"><div class=\"vc_column-inner\"><div class=\"wpb_wrapper\">\n\t<div class=\"wpb_text_column wpb_content_element\" >\n\t\t<div class=\"wpb_wrapper\">\n\t\t\t<h4><a href=\"https:\/\/hotellook.tp.st\/m18hEKIZ\" target=\"_blank\" rel=\"nofollow noopener\">Komandoo Island Resort &amp; Spa<\/a><\/h4>\n<p>Komandoo Island Resort &amp; Spa, som ligger i Lhaviyani-atollen, \u00e4r en resort endast f\u00f6r vuxna som utlovar en lugn och romantisk atmosf\u00e4r. Denna boutiqueresort erbjuder villor vid stranden och \u00f6ver vattnet, och erbjuder fantastiska bakgrunder f\u00f6r br\u00f6llopsceremonier. Komandoos br\u00f6llopspaket inneh\u00e5ller allt fr\u00e5n traditionella maldiviska v\u00e4lsignelser till moderna fester. Resortens erfarna team hj\u00e4lper till med planering, vilket s\u00e4kerst\u00e4ller en stressfri och minnesv\u00e4rd br\u00f6llopsdag. Par kan njuta av en romantisk middag med levande ljus och unna sig spabehandlingar f\u00f6r en komplett br\u00f6llopsupplevelse.<\/p>\n\n\t\t<\/div>\n\t<\/div>\n<\/div><\/div><\/div><\/div><div class=\"vc_row wpb_row vc_row-fluid\"><div class=\"wpb_column vc_column_container vc_col-sm-3\"><div class=\"vc_column-inner\"><div class=\"wpb_wrapper\">\n\t<div  class=\"wpb_single_image wpb_content_element vc_align_left wpb_content_element\">\n\t\t\n\t\t<figure class=\"wpb_wrapper vc_figure\">\n\t\t\t<div class=\"vc_single_image-wrapper   vc_box_border_grey\"><img loading=\"lazy\" decoding=\"async\" width=\"150\" height=\"150\" src=\"https:\/\/maldives-paradise.com\/wp-content\/uploads\/2024\/06\/hurawalhi-wedding-1-150x150.jpg\" class=\"vc_single_image-img attachment-thumbnail\" alt=\"Br\u00f6llop p\u00e5 Hurawalhi Island Resort\" title=\"hurawalhi-br\u00f6llop-1\" \/><\/div>\n\t\t<\/figure>\n\t<\/div>\n<\/div><\/div><\/div><div class=\"wpb_column vc_column_container vc_col-sm-9\"><div class=\"vc_column-inner\"><div class=\"wpb_wrapper\">\n\t<div class=\"wpb_text_column wpb_content_element\" >\n\t\t<div class=\"wpb_wrapper\">\n\t\t\t<h4><a href=\"https:\/\/hotellook.tp.st\/6FluoLuO\" target=\"_blank\" rel=\"nofollow noopener\">Hurawalhi Island Resort<\/a><\/h4>\n<p>Hurawalhi Island Resort, som ligger i Lhaviyani-atollen, \u00e4r k\u00e4nt f\u00f6r sin lyx och exklusivitet. Anl\u00e4ggningen har v\u00e4rldens st\u00f6rsta undervattensrestaurang i helt glas, och erbjuder en unik br\u00f6llopslokal. Hurawalhis br\u00f6llopspaket tillgodoser olika preferenser, inklusive strandceremonier och undervattensbr\u00f6llop. Anl\u00e4ggningen erbjuder omfattande tj\u00e4nster, inklusive br\u00f6llopsplanerare, dekorationer och underh\u00e5llning. De lyxiga villorna och de exceptionella matst\u00e4llena g\u00f6r Hurawalhi till ett utm\u00e4rkt val f\u00f6r ett br\u00f6llop och smekm\u00e5nad.<\/p>\n\n\t\t<\/div>\n\t<\/div>\n<\/div><\/div><\/div><\/div><div class=\"vc_row wpb_row vc_row-fluid\"><div class=\"wpb_column vc_column_container vc_col-sm-3\"><div class=\"vc_column-inner\"><div class=\"wpb_wrapper\">\n\t<div  class=\"wpb_single_image wpb_content_element vc_align_left wpb_content_element\">\n\t\t\n\t\t<figure class=\"wpb_wrapper vc_figure\">\n\t\t\t<div class=\"vc_single_image-wrapper   vc_box_border_grey\"><img loading=\"lazy\" decoding=\"async\" width=\"150\" height=\"150\" src=\"https:\/\/maldives-paradise.com\/wp-content\/uploads\/2024\/06\/kandima-maldives-wedding-150x150.jpg\" class=\"vc_single_image-img attachment-thumbnail\" alt=\"Br\u00f6llop p\u00e5 Kandima Maldiverna\" title=\"kandima-maldiverna-br\u00f6llop\" \/><\/div>\n\t\t<\/figure>\n\t<\/div>\n<\/div><\/div><\/div><div class=\"wpb_column vc_column_container vc_col-sm-9\"><div class=\"vc_column-inner\"><div class=\"wpb_wrapper\">\n\t<div class=\"wpb_text_column wpb_content_element\" >\n\t\t<div class=\"wpb_wrapper\">\n\t\t\t<h4><a href=\"https:\/\/lamp.glopss.com\/SHUV\" target=\"_blank\" rel=\"nofollow noopener\">Kandima Maldiverna<\/a><\/h4>\n<p>Kandima Maldives, som ligger i Dhaalu-atollen, \u00e4r en livlig och elegant resort som erbjuder en blandning av lyx och n\u00f6je. Anl\u00e4ggningen har en m\u00e4ngd olika br\u00f6llopsst\u00e4llen, fr\u00e5n strandn\u00e4ra platser till paviljonger \u00f6ver vattnet. Kandimas br\u00f6llopspaket inkluderar personliga tj\u00e4nster som br\u00f6llopskoordinatorer, blomsterarrangemang och liveunderh\u00e5llning. Anl\u00e4ggningens omfattande faciliteter, inklusive flera matst\u00e4llen och ett h\u00e4lsocenter, garanterar en minnesv\u00e4rd upplevelse f\u00f6r par och deras g\u00e4ster. Kandimas unika blandning av lyx och lekfull atmosf\u00e4r g\u00f6r det till ett idealiskt val f\u00f6r ett modernt br\u00f6llop.<\/p>\n<p><strong>Slutsats<\/strong><\/p>\n<p>Att v\u00e4lja Maldiverna f\u00f6r ditt br\u00f6llop garanterar en pittoresk milj\u00f6 och en of\u00f6rgl\u00f6mlig upplevelse. Dessa lyxresorter erbjuder personlig service, hisnande lokaler och exceptionell g\u00e4stfrihet, vilket s\u00e4kerst\u00e4ller att din br\u00f6llopsdag blir perfekt. Oavsett om du dr\u00f6mmer om en storslagen fest eller en intim ceremoni, har Maldiverna den perfekta lyxresorten f\u00f6r att g\u00f6ra din br\u00f6llopsdag till ett k\u00e4rt minne.<\/p>\n\n\t\t<\/div>\n\t<\/div>\n<\/div><\/div><\/div><\/div><div class=\"vc_row wpb_row vc_row-fluid\"><div class=\"wpb_column vc_column_container vc_col-sm-12\"><div class=\"vc_column-inner\"><div class=\"wpb_wrapper\">\n\t<div class=\"wpb_text_column wpb_content_element\" >\n\t\t<div class=\"wpb_wrapper\">\n\t\t\t<p><a href=\"http:\/\/maldives-paradise.com\/sv\/marka\/brollop-maldiverna\/\"><strong>Mer om br\u00f6llop p\u00e5 Maldiverna<\/strong><\/a><\/p>\n<p><strong><a title=\"De 12 b\u00e4sta smekm\u00e5nadsresorterna i Maldiverna\" href=\"https:\/\/maldives-paradise.com\/sv\/de-12-basta-smekmanadsresorterna-i-maldiverna\/\">De b\u00e4sta smekm\u00e5nadsresorterna p\u00e5 Maldiverna<\/a><\/strong><\/p>\n\n\t\t<\/div>\n\t<\/div>\n<\/div><\/div><\/div><\/div>\n<\/div>","protected":false},"excerpt":{"rendered":"<div class=\"mh-excerpt\"><\/div>","protected":false},"author":1,"featured_media":17433,"parent":0,"menu_order":0,"comment_status":"closed","ping_status":"closed","template":"","meta":{"footnotes":""},"class_list":["post-17432","page","type-page","status-publish","has-post-thumbnail"],"aioseo_notices":[],"_links":{"self":[{"href":"https:\/\/maldives-paradise.com\/sv\/wp-json\/wp\/v2\/pages\/17432","targetHints":{"allow":["GET"]}}],"collection":[{"href":"https:\/\/maldives-paradise.com\/sv\/wp-json\/wp\/v2\/pages"}],"about":[{"href":"https:\/\/maldives-paradise.com\/sv\/wp-json\/wp\/v2\/types\/page"}],"author":[{"embeddable":true,"href":"https:\/\/maldives-paradise.com\/sv\/wp-json\/wp\/v2\/users\/1"}],"replies":[{"embeddable":true,"href":"https:\/\/maldives-paradise.com\/sv\/wp-json\/wp\/v2\/comments?post=17432"}],"version-history":[{"count":7,"href":"https:\/\/maldives-paradise.com\/sv\/wp-json\/wp\/v2\/pages\/17432\/revisions"}],"predecessor-version":[{"id":45313,"href":"https:\/\/maldives-paradise.com\/sv\/wp-json\/wp\/v2\/pages\/17432\/revisions\/45313"}],"wp:featuredmedia":[{"embeddable":true,"href":"https:\/\/maldives-paradise.com\/sv\/wp-json\/wp\/v2\/media\/17433"}],"wp:attachment":[{"href":"https:\/\/maldives-paradise.com\/sv\/wp-json\/wp\/v2\/media?parent=17432"}],"curies":[{"name":"wp","href":"https:\/\/api.w.org\/{rel}","templated":true}]}}