{"id":17305,"date":"2024-06-13T06:11:08","date_gmt":"2024-06-13T06:11:08","guid":{"rendered":"http:\/\/maldives-paradise.com\/?page_id=17305"},"modified":"2025-11-26T09:27:13","modified_gmt":"2025-11-26T09:27:13","slug":"de-12-basta-smekmanadsresorterna-i-maldiverna","status":"publish","type":"page","link":"https:\/\/maldives-paradise.com\/sv\/de-12-basta-smekmanadsresorterna-i-maldiverna\/","title":{"rendered":"De b\u00e4sta smekm\u00e5nadsresorterna p\u00e5 Maldiverna"},"content":{"rendered":"<div class=\"wpb-content-wrapper\"><div class=\"vc_row wpb_row vc_row-fluid\"><div class=\"wpb_column vc_column_container vc_col-sm-12\"><div class=\"vc_column-inner\"><div class=\"wpb_wrapper\">\n\t<div class=\"wpb_text_column wpb_content_element\" >\n\t\t<div class=\"wpb_wrapper\">\n\t\t\t<h4>Uppt\u00e4ck de b\u00e4sta lyxresorterna p\u00e5 Maldiverna f\u00f6r en dr\u00f6mbr\u00f6llopsresa<\/h4>\n<p>Maldiverna, ett tropiskt paradis, \u00e4r synonymt med romantik, lyx och o\u00f6vertr\u00e4ffad naturlig sk\u00f6nhet. Perfekt f\u00f6r smekm\u00e5nadsresor, Maldiverna erbjuder en myriad av uts\u00f6kta resorter, som alla lovar en of\u00f6rgl\u00f6mlig upplevelse. H\u00e4r utforskar vi n\u00e5gra av de b\u00e4sta lyxresorterna p\u00e5 Maldiverna som riktar sig specifikt till nygifta som s\u00f6ker en perfekt blandning av romantik, avkoppling och \u00e4ventyr.<\/p>\n<p>F\u00f6rest\u00e4ll dig att vakna upp i en villa \u00f6ver vattnet med panoramautsikt \u00f6ver havet, kliva direkt ut i det turkosa vattnet fr\u00e5n ditt d\u00e4ck och njuta av middagar med levande ljus p\u00e5 en avskild strand. Resorter p\u00e5 Maldiverna tillgodoser smekm\u00e5nadsresen\u00e4rer med personliga upplevelser, inklusive privata \u00f6-picknickar, romantiska solnedg\u00e5ngskryssningar och skr\u00e4ddarsydda spabehandlingar. Med or\u00f6rda vita sandstr\u00e4nder, pulserande korallrev f\u00f6r snorkling och en rad matst\u00e4llen i v\u00e4rldsklass, lovar en smekm\u00e5nad p\u00e5 Maldiverna of\u00f6rgl\u00f6mliga minnen och den perfekta starten p\u00e5 en livstid tillsammans.<\/p>\n\n\t\t<\/div>\n\t<\/div>\n<\/div><\/div><\/div><\/div><div class=\"vc_row wpb_row vc_row-fluid\"><div class=\"wpb_column vc_column_container vc_col-sm-3\"><div class=\"vc_column-inner\"><div class=\"wpb_wrapper\">\n\t<div  class=\"wpb_single_image wpb_content_element vc_align_left wpb_content_element\">\n\t\t\n\t\t<figure class=\"wpb_wrapper vc_figure\">\n\t\t\t<div class=\"vc_single_image-wrapper   vc_box_border_grey\"><img loading=\"lazy\" decoding=\"async\" width=\"150\" height=\"150\" src=\"https:\/\/maldives-paradise.com\/wp-content\/uploads\/2024\/06\/soneva-jani_Sonu-and-Eva-Shivdasani-150x150.jpg\" class=\"vc_single_image-img attachment-thumbnail\" alt=\"Soneva Jani\" title=\"soneva-jani_Sonu-och-Eva-Shivdasani\" \/><\/div>\n\t\t<\/figure>\n\t<\/div>\n<\/div><\/div><\/div><div class=\"wpb_column vc_column_container vc_col-sm-9\"><div class=\"vc_column-inner\"><div class=\"wpb_wrapper\">\n\t<div class=\"wpb_text_column wpb_content_element\" >\n\t\t<div class=\"wpb_wrapper\">\n\t\t\t<h4><a href=\"https:\/\/trip.tpo.lv\/xo5FXwOD\" target=\"_blank\" rel=\"nofollow noopener\">Soneva Jani<\/a><\/h4>\n<p>Soneva Jani \u00e4r symbolen f\u00f6r lyx, och erbjuder villor \u00f6ver vattnet som omdefinierar \u00f6verfl\u00f6d. Varje villa \u00e4r rymlig och har en privat pool, inf\u00e4llbart tak f\u00f6r stj\u00e4rnsk\u00e5dning och direkt tillg\u00e5ng till lagunen. Smekm\u00e5nadsresen\u00e4rer kan njuta av resortens skr\u00e4ddarsydda tj\u00e4nster, fr\u00e5n intima middagar p\u00e5 avskilda sandbankar till spabehandlingar skr\u00e4ddarsydda f\u00f6r par. Soneva Janis milj\u00f6v\u00e4nliga etos ger en touch av h\u00e5llbarhet till din romantiska semester.<\/p>\n<p><strong>H\u00f6jdpunkter:<\/strong><\/p>\n<p>\u2013 Privata \u00f6vervattensvillor med pooler<br \/>\n\u2013 Skr\u00e4ddarsydda matupplevelser<br \/>\n\u2013 Exceptionella spafaciliteter<\/p>\n\n\t\t<\/div>\n\t<\/div>\n<\/div><\/div><\/div><\/div><div class=\"vc_row wpb_row vc_row-fluid\"><div class=\"wpb_column vc_column_container vc_col-sm-3\"><div class=\"vc_column-inner\"><div class=\"wpb_wrapper\">\n\t<div  class=\"wpb_single_image wpb_content_element vc_align_left wpb_content_element\">\n\t\t\n\t\t<figure class=\"wpb_wrapper vc_figure\">\n\t\t\t<div class=\"vc_single_image-wrapper   vc_box_border_grey\"><img loading=\"lazy\" decoding=\"async\" width=\"150\" height=\"150\" src=\"https:\/\/maldives-paradise.com\/wp-content\/uploads\/2024\/06\/Conrad-Maldives-Rangali-Wedding-Ithaa-Undersee-150x150.jpg\" class=\"vc_single_image-img attachment-thumbnail\" alt=\"Conrad Maldiverna Rangali Island\" title=\"Conrad-Maldiverna-Rangali-Br\u00f6llop-Ithaa-Undersee\" \/><\/div>\n\t\t<\/figure>\n\t<\/div>\n<\/div><\/div><\/div><div class=\"wpb_column vc_column_container vc_col-sm-9\"><div class=\"vc_column-inner\"><div class=\"wpb_wrapper\">\n\t<div class=\"wpb_text_column wpb_content_element\" >\n\t\t<div class=\"wpb_wrapper\">\n\t\t\t<h4><a href=\"https:\/\/trip.tpo.lv\/6j29svud\" target=\"_blank\" rel=\"nofollow noopener\">Conrad Maldiverna Rangali Island<\/a><\/h4>\n<p>Ber\u00f6md f\u00f6r sin undervattensrestaurang Ithaa, Conrad Maldives Rangali Island \u00e4r en resort med tv\u00e5 \u00f6ar som erbjuder en unik blandning av lyx och natur. Smekm\u00e5nadsresen\u00e4rer kan bo i lyxiga villor med privata pooler och direkt tillg\u00e5ng till stranden eller lagunen. Anl\u00e4ggningen erbjuder personliga upplevelser, som delfinkryssningar i solnedg\u00e5ngen och pars spabehandlingar, vilket garanterar en minnesv\u00e4rd smekm\u00e5nad.<\/p>\n<p><strong>H\u00f6jdpunkter:<\/strong><\/p>\n<p>\u2013 Ithaa Undersea Restaurant<br \/>\n\u2013 Lyxiga strand- och \u00f6vervattensvillor<br \/>\n\u2013 Skr\u00e4ddarsydda romantiska utflykter<\/p>\n\n\t\t<\/div>\n\t<\/div>\n<\/div><\/div><\/div><\/div><div class=\"vc_row wpb_row vc_row-fluid\"><div class=\"wpb_column vc_column_container vc_col-sm-3\"><div class=\"vc_column-inner\"><div class=\"wpb_wrapper\">\n\t<div  class=\"wpb_single_image wpb_content_element vc_align_left wpb_content_element\">\n\t\t\n\t\t<figure class=\"wpb_wrapper vc_figure\">\n\t\t\t<div class=\"vc_single_image-wrapper   vc_box_border_grey\"><img loading=\"lazy\" decoding=\"async\" width=\"150\" height=\"150\" src=\"https:\/\/maldives-paradise.com\/wp-content\/uploads\/2024\/06\/The-St.-Regis-Maldives-Vommuli-Resort-honeymoon-150x150.jpg\" class=\"vc_single_image-img attachment-thumbnail\" alt=\"St. Regis Maldives Vommuli Resort\" title=\"St. Regis Maldiverna Vommuli Resort-smekm\u00e5nad\" \/><\/div>\n\t\t<\/figure>\n\t<\/div>\n<\/div><\/div><\/div><div class=\"wpb_column vc_column_container vc_col-sm-9\"><div class=\"vc_column-inner\"><div class=\"wpb_wrapper\">\n\t<div class=\"wpb_text_column wpb_content_element\" >\n\t\t<div class=\"wpb_wrapper\">\n\t\t\t<h4><a href=\"https:\/\/trip.tpo.lv\/2x3dIFEs\" target=\"_blank\" rel=\"nofollow noopener\">St. Regis Maldives Vommuli Resort<\/a><\/h4>\n<p>St. Regis Maldives Vommuli Resort \u00e4r en uts\u00f6kt oas som erbjuder en o\u00f6vertr\u00e4ffad serviceniv\u00e5 och lyx. Villorna \u00f6ver vattnet och stranden har privata pooler och fantastisk utsikt \u00f6ver Indiska oceanen. Par kan njuta av personliga butlertj\u00e4nster, gourmetmat och ett spa i v\u00e4rldsklass. Anl\u00e4ggningens signatur Whale Bar \u00e4r perfekt f\u00f6r att titta p\u00e5 hisnande solnedg\u00e5ngar tillsammans.<\/p>\n<p><strong>H\u00f6jdpunkter:<\/strong><\/p>\n<p>\u2013 Lyxiga villor med privata pooler<br \/>\n\u2013 Personlig butlerservice<br \/>\n\u2013 Whale Bar med fantastisk utsikt \u00f6ver solnedg\u00e5ngen<\/p>\n\n\t\t<\/div>\n\t<\/div>\n<\/div><\/div><\/div><\/div><div class=\"vc_row wpb_row vc_row-fluid\"><div class=\"wpb_column vc_column_container vc_col-sm-3\"><div class=\"vc_column-inner\"><div class=\"wpb_wrapper\">\n\t<div  class=\"wpb_single_image wpb_content_element vc_align_left wpb_content_element\">\n\t\t\n\t\t<figure class=\"wpb_wrapper vc_figure\">\n\t\t\t<div class=\"vc_single_image-wrapper   vc_box_border_grey\"><img loading=\"lazy\" decoding=\"async\" width=\"150\" height=\"150\" src=\"https:\/\/maldives-paradise.com\/wp-content\/uploads\/2024\/06\/OneOnly-Reethi-Rah-honeymoon-150x150.jpg\" class=\"vc_single_image-img attachment-thumbnail\" alt=\"One&amp;Only Reethi Rah\" title=\"One&amp;Only Reethi Rah-smekm\u00e5nad\" \/><\/div>\n\t\t<\/figure>\n\t<\/div>\n<\/div><\/div><\/div><div class=\"wpb_column vc_column_container vc_col-sm-9\"><div class=\"vc_column-inner\"><div class=\"wpb_wrapper\">\n\t<div class=\"wpb_text_column wpb_content_element\" >\n\t\t<div class=\"wpb_wrapper\">\n\t\t\t<h4><a href=\"https:\/\/hotellook.tp.st\/AH0DpGXS\" target=\"_blank\" rel=\"nofollow noopener\">One&amp;Only Reethi Rah<\/a><\/h4>\n<p>One&amp;Only Reethi Rah \u00e4r k\u00e4nt f\u00f6r sin exklusiva atmosf\u00e4r och exceptionella service. Anl\u00e4ggningens villor \u00e4r designade f\u00f6r maximal avskildhet och lyx, alla med direkt tillg\u00e5ng till stranden eller lagunen. Smekm\u00e5nadsresen\u00e4rer kan njuta av privata middagsupplevelser, segling i solnedg\u00e5ngen och f\u00f6ryngrande spabehandlingar. Anl\u00e4ggningen erbjuder ocks\u00e5 en rad vattensporter och utflykter f\u00f6r \u00e4ventyrliga par.<\/p>\n<p><strong>H\u00f6jdpunkter:<\/strong><\/p>\n<p>\u2013 Privat strand och villor \u00f6ver vattnet<br \/>\n\u2013 Exklusiva matupplevelser<br \/>\n\u2013 Omfattande vattensporter och utflykter<\/p>\n\n\t\t<\/div>\n\t<\/div>\n<\/div><\/div><\/div><\/div><div class=\"vc_row wpb_row vc_row-fluid\"><div class=\"wpb_column vc_column_container vc_col-sm-3\"><div class=\"vc_column-inner\"><div class=\"wpb_wrapper\">\n\t<div  class=\"wpb_single_image wpb_content_element vc_align_left wpb_content_element\">\n\t\t\n\t\t<figure class=\"wpb_wrapper vc_figure\">\n\t\t\t<div class=\"vc_single_image-wrapper   vc_box_border_grey\"><img loading=\"lazy\" decoding=\"async\" width=\"150\" height=\"150\" src=\"https:\/\/maldives-paradise.com\/wp-content\/uploads\/2024\/06\/Velaa_Private_Island_Couple-1-150x150.jpg\" class=\"vc_single_image-img attachment-thumbnail\" alt=\"Velaa privata \u00f6\" title=\"Velaa_Private_Island_Couple-1\" \/><\/div>\n\t\t<\/figure>\n\t<\/div>\n<\/div><\/div><\/div><div class=\"wpb_column vc_column_container vc_col-sm-9\"><div class=\"vc_column-inner\"><div class=\"wpb_wrapper\">\n\t<div class=\"wpb_text_column wpb_content_element\" >\n\t\t<div class=\"wpb_wrapper\">\n\t\t\t<h4><a href=\"https:\/\/trip.tpo.lv\/5ucKKYji\" target=\"_blank\" rel=\"nofollow noopener\">Velaa privata \u00f6<\/a><\/h4>\n<p>F\u00f6r dem som s\u00f6ker ultimat avskildhet och lyx \u00e4r Velaa Private Island det perfekta valet. Denna exklusiva resort erbjuder privata villor och bost\u00e4der med rymliga vardagsrum, pooler och fantastisk havsutsikt. Smekm\u00e5nadsresen\u00e4rer kan \u00e4gna sig \u00e5t skr\u00e4ddarsydda upplevelser, som privata yachtturer, undervattens\u00e4ventyr och skr\u00e4ddarsydda h\u00e4lsoprogram p\u00e5 resortens spa.<\/p>\n<p><strong>H\u00f6jdpunkter:<\/strong><\/p>\n<p>\u2013 Ultralyxiga privata villor<br \/>\n\u2013 Skr\u00e4ddarsydda romantiska upplevelser<br \/>\n\u2013 Skr\u00e4ddarsydda h\u00e4lso- och spaprogram<\/p>\n\n\t\t<\/div>\n\t<\/div>\n<\/div><\/div><\/div><\/div><div class=\"vc_row wpb_row vc_row-fluid\"><div class=\"wpb_column vc_column_container vc_col-sm-3\"><div class=\"vc_column-inner\"><div class=\"wpb_wrapper\">\n\t<div  class=\"wpb_single_image wpb_content_element vc_align_left wpb_content_element\">\n\t\t\n\t\t<figure class=\"wpb_wrapper vc_figure\">\n\t\t\t<div class=\"vc_single_image-wrapper   vc_box_border_grey\"><img loading=\"lazy\" decoding=\"async\" width=\"150\" height=\"150\" src=\"https:\/\/maldives-paradise.com\/wp-content\/uploads\/2024\/06\/Baros-Maldives-150x150.jpg\" class=\"vc_single_image-img attachment-thumbnail\" alt=\"Baros Maldiverna\" title=\"Baros Maldiverna\" \/><\/div>\n\t\t<\/figure>\n\t<\/div>\n<\/div><\/div><\/div><div class=\"wpb_column vc_column_container vc_col-sm-9\"><div class=\"vc_column-inner\"><div class=\"wpb_wrapper\">\n\t<div class=\"wpb_text_column wpb_content_element\" >\n\t\t<div class=\"wpb_wrapper\">\n\t\t\t<h4><a href=\"https:\/\/lamp.glopss.com\/SHUm\" target=\"_blank\" rel=\"nofollow noopener\">Baros Maldiverna<\/a><\/h4>\n<p>Baros Maldives \u00e4r en intim semesterort k\u00e4nd f\u00f6r sin personliga service och lugna milj\u00f6. Anl\u00e4ggningens villor \u00e4r elegant designade och ger direkt tillg\u00e5ng till stranden eller lagunen. Par kan njuta av romantiska middagar p\u00e5 en privat sandbank, dykutflykter f\u00f6r att utforska pulserande korallrev och f\u00f6ryngrande spabehandlingar f\u00f6r tv\u00e5.<\/p>\n<p><strong>H\u00f6jdpunkter:<\/strong><\/p>\n<p>\u2013 Intim och fridfull milj\u00f6<br \/>\n\u2013 Privat middag och utflykter<br \/>\n\u2013 Personliga spabehandlingar<\/p>\n\n\t\t<\/div>\n\t<\/div>\n<\/div><\/div><\/div><\/div><div class=\"vc_row wpb_row vc_row-fluid\"><div class=\"wpb_column vc_column_container vc_col-sm-3\"><div class=\"vc_column-inner\"><div class=\"wpb_wrapper\">\n\t<div  class=\"wpb_single_image wpb_content_element vc_align_left wpb_content_element\">\n\t\t\n\t\t<figure class=\"wpb_wrapper vc_figure\">\n\t\t\t<div class=\"vc_single_image-wrapper   vc_box_border_grey\"><img loading=\"lazy\" decoding=\"async\" width=\"150\" height=\"150\" src=\"https:\/\/maldives-paradise.com\/wp-content\/uploads\/2024\/06\/sixsenses-honeymoon-150x150.jpg\" class=\"vc_single_image-img attachment-thumbnail\" alt=\"Sex sinnen Laamu\" title=\"sixsenses-smekm\u00e5nad\" \/><\/div>\n\t\t<\/figure>\n\t<\/div>\n<\/div><\/div><\/div><div class=\"wpb_column vc_column_container vc_col-sm-9\"><div class=\"vc_column-inner\"><div class=\"wpb_wrapper\">\n\t<div class=\"wpb_text_column wpb_content_element\" >\n\t\t<div class=\"wpb_wrapper\">\n\t\t\t<h4><a href=\"https:\/\/trip.tpo.lv\/ok4LiuYE\" target=\"_blank\" rel=\"nofollow noopener\">Sex sinnen Laamu<\/a><\/h4>\n<p>Six Senses Laamu erbjuder en unik blandning av lyx och h\u00e5llbarhet, perfekt f\u00f6r milj\u00f6medvetna smekm\u00e5nadsresen\u00e4rer. Anl\u00e4ggningens villor \u00e4r gjorda av h\u00e5llbara material och erbjuder fantastisk utsikt \u00f6ver det turkosa vattnet. Par kan njuta av privata picknickar p\u00e5 \u00f6de \u00f6ar, snorkla med mantor och avkopplande spabehandlingar. Resortens betoning p\u00e5 v\u00e4lbefinnande och h\u00e5llbarhet ger en meningsfull touch till din romantiska flykt.<\/p>\n<p><strong>H\u00f6jdpunkter:<\/strong><\/p>\n<p>\u2013 Milj\u00f6v\u00e4nliga lyxvillor<br \/>\n\u2013 Unika romantiska upplevelser<br \/>\n\u2013 Betoning p\u00e5 v\u00e4lm\u00e5ende och h\u00e5llbarhet<\/p>\n\n\t\t<\/div>\n\t<\/div>\n<\/div><\/div><\/div><\/div><div class=\"vc_row wpb_row vc_row-fluid\"><div class=\"wpb_column vc_column_container vc_col-sm-3\"><div class=\"vc_column-inner\"><div class=\"wpb_wrapper\">\n\t<div  class=\"wpb_single_image wpb_content_element vc_align_left wpb_content_element\">\n\t\t\n\t\t<figure class=\"wpb_wrapper vc_figure\">\n\t\t\t<div class=\"vc_single_image-wrapper   vc_box_border_grey\"><img loading=\"lazy\" decoding=\"async\" width=\"150\" height=\"150\" src=\"https:\/\/maldives-paradise.com\/wp-content\/uploads\/2024\/06\/anantara_veli_honeymoon-150x150.jpg\" class=\"vc_single_image-img attachment-thumbnail\" alt=\"Anantara Veli Maldives Resort\" title=\"anantara_veli_smekm\u00e5nad\" \/><\/div>\n\t\t<\/figure>\n\t<\/div>\n<\/div><\/div><\/div><div class=\"wpb_column vc_column_container vc_col-sm-9\"><div class=\"vc_column-inner\"><div class=\"wpb_wrapper\">\n\t<div class=\"wpb_text_column wpb_content_element\" >\n\t\t<div class=\"wpb_wrapper\">\n\t\t\t<h4><a href=\"https:\/\/lamp.glopss.com\/SHUt\" target=\"_blank\" rel=\"nofollow noopener\">Anantara Veli Maldives Resort<\/a><\/h4>\n<p>Anantara Veli Maldives Resort \u00e4r en tillflyktsort endast f\u00f6r vuxna, perfekt f\u00f6r smekm\u00e5nadsresen\u00e4rer som s\u00f6ker avskildhet och romantik. Anl\u00e4ggningen har eleganta bungalower \u00f6ver vattnet med direkt tillg\u00e5ng till lagunen, privata terrasser och fantastisk havsutsikt. Par kan unna sig spabehandlingar, solnedg\u00e5ngskryssningar och privata middagsupplevelser p\u00e5 stranden eller i sin villa.<\/p>\n<p><strong>H\u00f6jdpunkter:<\/strong><\/p>\n<p>\u2013 Resort endast f\u00f6r vuxna<br \/>\n\u2013 Bungalower \u00f6ver vattnet med privata terrasser<br \/>\n\u2013 Personliga mat- och spaupplevelser<\/p>\n\n\t\t<\/div>\n\t<\/div>\n<\/div><\/div><\/div><\/div><div class=\"vc_row wpb_row vc_row-fluid\"><div class=\"wpb_column vc_column_container vc_col-sm-3\"><div class=\"vc_column-inner\"><div class=\"wpb_wrapper\">\n\t<div  class=\"wpb_single_image wpb_content_element vc_align_left wpb_content_element\">\n\t\t\n\t\t<figure class=\"wpb_wrapper vc_figure\">\n\t\t\t<div class=\"vc_single_image-wrapper   vc_box_border_grey\"><img loading=\"lazy\" decoding=\"async\" width=\"150\" height=\"150\" src=\"https:\/\/maldives-paradise.com\/wp-content\/uploads\/2024\/06\/Hideaway-Beach-Resort-Spa_Celebrate-Romance-150x150.jpg\" class=\"vc_single_image-img attachment-thumbnail\" alt=\"Hideaway Beach Resort &amp; Spa\" title=\"Hideaway Beach Resort &amp; Spa_Celebrate-Romance\" \/><\/div>\n\t\t<\/figure>\n\t<\/div>\n<\/div><\/div><\/div><div class=\"wpb_column vc_column_container vc_col-sm-9\"><div class=\"vc_column-inner\"><div class=\"wpb_wrapper\">\n\t<div class=\"wpb_text_column wpb_content_element\" >\n\t\t<div class=\"wpb_wrapper\">\n\t\t\t<h4><a href=\"https:\/\/lamp.glopss.com\/aff_c?offer_id=1384&amp;aff_id=1834\" target=\"_blank\" rel=\"nofollow noopener\">Hideaway Beach Resort &amp; Spa<\/a><\/h4>\n<p>Hideaway Beach Resort &amp; Spa erbjuder avskildhet och lyx p\u00e5 den idylliska \u00f6n Dhonakulhi. Anl\u00e4ggningens rymliga villor, m\u00e5nga med privata pooler, \u00e4r designade f\u00f6r ultimat integritet. Smekm\u00e5nadsresen\u00e4rer kan njuta av romantiska middagar p\u00e5 stranden, skr\u00e4ddarsydda utflykter och f\u00f6ryngrande behandlingar p\u00e5 Hideaway Spa. Anl\u00e4ggningen har ocks\u00e5 n\u00e5gra av de b\u00e4sta dykplatserna p\u00e5 Maldiverna.<\/p>\n<p><strong>H\u00f6jdpunkter:<\/strong><\/p>\n<p>\u2013 Rymliga privata villor med pooler<br \/>\n\u2013 Exklusiva matupplevelser<br \/>\n\u2013 Exceptionella dykplatser<\/p>\n\n\t\t<\/div>\n\t<\/div>\n<\/div><\/div><\/div><\/div><div class=\"vc_row wpb_row vc_row-fluid\"><div class=\"wpb_column vc_column_container vc_col-sm-3\"><div class=\"vc_column-inner\"><div class=\"wpb_wrapper\">\n\t<div  class=\"wpb_single_image wpb_content_element vc_align_left wpb_content_element\">\n\t\t\n\t\t<figure class=\"wpb_wrapper vc_figure\">\n\t\t\t<div class=\"vc_single_image-wrapper   vc_box_border_grey\"><img loading=\"lazy\" decoding=\"async\" width=\"150\" height=\"150\" src=\"https:\/\/maldives-paradise.com\/wp-content\/uploads\/2024\/06\/Komandoo-Island-Resort-Spa-Adults-Only-Exterior-150x150.jpeg\" class=\"vc_single_image-img attachment-thumbnail\" alt=\"Komandoo Island Resort &amp; Spa\" title=\"Komandoo-\u00f6n-resort-Spa-endast f\u00f6r vuxna-exteri\u00f6r\" \/><\/div>\n\t\t<\/figure>\n\t<\/div>\n<\/div><\/div><\/div><div class=\"wpb_column vc_column_container vc_col-sm-9\"><div class=\"vc_column-inner\"><div class=\"wpb_wrapper\">\n\t<div class=\"wpb_text_column wpb_content_element\" >\n\t\t<div class=\"wpb_wrapper\">\n\t\t\t<h4><a href=\"https:\/\/hotellook.tp.st\/m18hEKIZ\" target=\"_blank\" rel=\"nofollow noopener\">Komandoo Island Resort &amp; Spa<\/a><\/h4>\n<p>Komandoo Island Resort &amp; Spa \u00e4r en resort endast f\u00f6r vuxna k\u00e4nd f\u00f6r sin intima atmosf\u00e4r och vackra omgivningar. Anl\u00e4ggningen erbjuder strandvillor och villor \u00f6ver vattnet, som alla erbjuder en fridfull oas med direkt tillg\u00e5ng till lagunen eller stranden. Par kan njuta av romantiska strandmiddagar, spabehandlingar och en m\u00e4ngd olika vattensporter. Anl\u00e4ggningens lugna milj\u00f6 g\u00f6r den idealisk f\u00f6r en fridfull och romantisk smekm\u00e5nad.<\/p>\n<p><strong>H\u00f6jdpunkter:<\/strong><\/p>\n<p>\u2013 Resort endast f\u00f6r vuxna<br \/>\n\u2013 Strand- och \u00f6vervattensvillor<br \/>\n\u2013 Lugn och intim milj\u00f6<\/p>\n\n\t\t<\/div>\n\t<\/div>\n<\/div><\/div><\/div><\/div><div class=\"vc_row wpb_row vc_row-fluid\"><div class=\"wpb_column vc_column_container vc_col-sm-3\"><div class=\"vc_column-inner\"><div class=\"wpb_wrapper\">\n\t<div  class=\"wpb_single_image wpb_content_element vc_align_left wpb_content_element\">\n\t\t\n\t\t<figure class=\"wpb_wrapper vc_figure\">\n\t\t\t<div class=\"vc_single_image-wrapper   vc_box_border_grey\"><img loading=\"lazy\" decoding=\"async\" width=\"150\" height=\"150\" src=\"https:\/\/maldives-paradise.com\/wp-content\/uploads\/2024\/06\/ozen-life-madhoo-Floating-Breakfast-3-150x150.jpg\" class=\"vc_single_image-img attachment-thumbnail\" alt=\"OZEN LIFE MAADHOO\" title=\"Ozen-life-madhoo-Flytande-Frukost-3\" \/><\/div>\n\t\t<\/figure>\n\t<\/div>\n<\/div><\/div><\/div><div class=\"wpb_column vc_column_container vc_col-sm-9\"><div class=\"vc_column-inner\"><div class=\"wpb_wrapper\">\n\t<div class=\"wpb_text_column wpb_content_element\" >\n\t\t<div class=\"wpb_wrapper\">\n\t\t\t<h4><a href=\"https:\/\/trip.tpo.lv\/i4Tqqyq0\" target=\"_blank\" rel=\"nofollow noopener\">OZEN LIFE MAADHOO<\/a><\/h4>\n<p>OZEN LIFE MAADHOO kombinerar modern lyx med maldivisk charm. Anl\u00e4ggningen erbjuder Earth Villas p\u00e5 stranden och Wind Villas \u00f6ver vattnet, b\u00e5da med privata pooler. Smekm\u00e5nadsresen\u00e4rer kan njuta av resortens all inclusive-plan, som inkluderar fina middagar, f\u00f6rstklassiga drycker och en rad aktiviteter. Anl\u00e4ggningens undervattensrestaurang, M6m, erbjuder en unik matupplevelse omgiven av marint liv.<\/p>\n<p><strong>H\u00f6jdpunkter:<\/strong><\/p>\n<p>\u2013 All inclusive lyxresort<br \/>\n\u2013 Villor med privata pooler<br \/>\n\u2013 Undervattensservering p\u00e5 M6m<\/p>\n\n\t\t<\/div>\n\t<\/div>\n<\/div><\/div><\/div><\/div><div class=\"vc_row wpb_row vc_row-fluid\"><div class=\"wpb_column vc_column_container vc_col-sm-3\"><div class=\"vc_column-inner\"><div class=\"wpb_wrapper\">\n\t<div  class=\"wpb_single_image wpb_content_element vc_align_left wpb_content_element\">\n\t\t\n\t\t<figure class=\"wpb_wrapper vc_figure\">\n\t\t\t<div class=\"vc_single_image-wrapper   vc_box_border_grey\"><img loading=\"lazy\" decoding=\"async\" width=\"150\" height=\"150\" src=\"https:\/\/maldives-paradise.com\/wp-content\/uploads\/2024\/06\/Kandolhu-Maldives3-150x150.jpg\" class=\"vc_single_image-img attachment-thumbnail\" alt=\"Kandolhu Maldiverna\" title=\"Kandolhu Maldiverna\" \/><\/div>\n\t\t<\/figure>\n\t<\/div>\n<\/div><\/div><\/div><div class=\"wpb_column vc_column_container vc_col-sm-9\"><div class=\"vc_column-inner\"><div class=\"wpb_wrapper\">\n\t<div class=\"wpb_text_column wpb_content_element\" >\n\t\t<div class=\"wpb_wrapper\">\n\t\t\t<h4><a href=\"https:\/\/lamp.glopss.com\/SHUW\" target=\"_blank\" rel=\"nofollow noopener\">Kandolhu Maldiverna<\/a><\/h4>\n<p>Kandolhu Maldives \u00e4r en all inclusive-boutiqueresort som erbjuder en blandning av modern design och naturlig sk\u00f6nhet. Anl\u00e4ggningens villor, av vilka n\u00e5gra har privata pooler, ligger inb\u00e4ddade i frodig gr\u00f6nska eller uppflugna \u00f6ver vattnet. Par kan njuta av snorkling i husets rev, privata strandmiddagar och holistiska spabehandlingar. Resortens intima storlek garanterar personlig service och en lugn atmosf\u00e4r.<\/p>\n<p><strong>H\u00f6jdpunkter:<\/strong><\/p>\n<p>\u2013 Boutiqueresort med moderna villor<br \/>\n\u2013 Privata pooler och snorkling i husrevet<br \/>\n\u2013 Personlig service och intim milj\u00f6<\/p>\n\n\t\t<\/div>\n\t<\/div>\n<\/div><\/div><\/div><\/div><div class=\"vc_row wpb_row vc_row-fluid\"><div class=\"wpb_column vc_column_container vc_col-sm-12\"><div class=\"vc_column-inner\"><div class=\"wpb_wrapper\">\n\t<div class=\"wpb_text_column wpb_content_element\" >\n\t\t<div class=\"wpb_wrapper\">\n\t\t\t<p>Maldiverna \u00e4r ett toppval f\u00f6r smekm\u00e5nadsresen\u00e4rer, och erbjuder en rad lyxresorter som tillgodoser alla \u00f6nskem\u00e5l, fr\u00e5n privata \u00f6vervattensvillor till unika matupplevelser och skr\u00e4ddarsydda \u00e4ventyr. Oavsett om du s\u00f6ker avskildhet, \u00e4ventyr eller wellness, utlovar Maldiverna en of\u00f6rgl\u00f6mlig smekm\u00e5nad fylld med romantik och lyx. V\u00e4lj n\u00e5gon av dessa toppresorter och du \u00e4r s\u00e4ker p\u00e5 att skapa minnen som kommer att vara livet ut.<\/p>\n<p><a href=\"http:\/\/maldives-paradise.com\/sv\/marka\/smekmanad-maldiverna\/\">Mer om smekm\u00e5nadsresorter p\u00e5 Maldiverna<\/a><\/p>\n\n\t\t<\/div>\n\t<\/div>\n<\/div><\/div><\/div><\/div><div class=\"vc_row wpb_row vc_row-fluid\"><div class=\"wpb_column vc_column_container vc_col-sm-12\"><div class=\"vc_column-inner\"><div class=\"wpb_wrapper\">\n\t<div class=\"wpb_text_column wpb_content_element\" >\n\t\t<div class=\"wpb_wrapper\">\n\t\t\t<p><strong><a title=\"De 12 b\u00e4sta romantiska resorterna\" href=\"https:\/\/maldives-paradise.com\/sv\/?page_id=9020\">De b\u00e4sta romantiska resorterna p\u00e5 Maldiverna<\/a><\/strong><\/p>\n<p><strong><a title=\"De b\u00e4sta resorterna endast f\u00f6r vuxna\" href=\"https:\/\/maldives-paradise.com\/sv\/?page_id=8790\">De b\u00e4sta resorterna endast f\u00f6r vuxna p\u00e5 Maldiverna<\/a><\/strong><\/p>\n\n\t\t<\/div>\n\t<\/div>\n<\/div><\/div><\/div><\/div>\n<\/div>","protected":false},"excerpt":{"rendered":"<div class=\"mh-excerpt\"><\/div>","protected":false},"author":1,"featured_media":17306,"parent":0,"menu_order":0,"comment_status":"closed","ping_status":"closed","template":"","meta":{"footnotes":""},"class_list":["post-17305","page","type-page","status-publish","has-post-thumbnail"],"aioseo_notices":[],"_links":{"self":[{"href":"https:\/\/maldives-paradise.com\/sv\/wp-json\/wp\/v2\/pages\/17305","targetHints":{"allow":["GET"]}}],"collection":[{"href":"https:\/\/maldives-paradise.com\/sv\/wp-json\/wp\/v2\/pages"}],"about":[{"href":"https:\/\/maldives-paradise.com\/sv\/wp-json\/wp\/v2\/types\/page"}],"author":[{"embeddable":true,"href":"https:\/\/maldives-paradise.com\/sv\/wp-json\/wp\/v2\/users\/1"}],"replies":[{"embeddable":true,"href":"https:\/\/maldives-paradise.com\/sv\/wp-json\/wp\/v2\/comments?post=17305"}],"version-history":[{"count":7,"href":"https:\/\/maldives-paradise.com\/sv\/wp-json\/wp\/v2\/pages\/17305\/revisions"}],"predecessor-version":[{"id":45309,"href":"https:\/\/maldives-paradise.com\/sv\/wp-json\/wp\/v2\/pages\/17305\/revisions\/45309"}],"wp:featuredmedia":[{"embeddable":true,"href":"https:\/\/maldives-paradise.com\/sv\/wp-json\/wp\/v2\/media\/17306"}],"wp:attachment":[{"href":"https:\/\/maldives-paradise.com\/sv\/wp-json\/wp\/v2\/media?parent=17305"}],"curies":[{"name":"wp","href":"https:\/\/api.w.org\/{rel}","templated":true}]}}