{"id":16805,"date":"2024-06-05T18:15:48","date_gmt":"2024-06-05T18:15:48","guid":{"rendered":"http:\/\/maldives-paradise.com\/?page_id=16805"},"modified":"2025-10-08T13:15:38","modified_gmt":"2025-10-08T13:15:38","slug":"basta-lyxresorterna-i-norra-manliga-atollen","status":"publish","type":"page","link":"https:\/\/maldives-paradise.com\/sv\/basta-lyxresorterna-i-norra-manliga-atollen\/","title":{"rendered":"B\u00e4sta lyxresorterna i North Male Atoll"},"content":{"rendered":"<div class=\"wpb-content-wrapper\"><div class=\"vc_row wpb_row vc_row-fluid\"><div class=\"wpb_column vc_column_container vc_col-sm-12\"><div class=\"vc_column-inner\"><div class=\"wpb_wrapper\">\n\t<div class=\"wpb_text_column wpb_content_element\" >\n\t\t<div class=\"wpb_wrapper\">\n\t\t\t<p>Maldiverna, ett tropiskt paradis k\u00e4nt f\u00f6r sitt kristallklara vatten, pulserande korallrev och fantastiska bungalower \u00f6ver vattnet, \u00e4r hem f\u00f6r n\u00e5gra av de lyxigaste resorterna i v\u00e4rlden. Bland dess 26 atoller, <strong>North Male Atoll<\/strong> framst\u00e5r som en fr\u00e4msta destination f\u00f6r dem som s\u00f6ker \u00f6verfl\u00f6d och lugn. H\u00e4r utforskar vi de b\u00e4sta lyxresorterna i denna idylliska lokal, som alla erbjuder unika upplevelser och o\u00f6vertr\u00e4ffade bekv\u00e4mligheter.<\/p>\n\n\t\t<\/div>\n\t<\/div>\n<\/div><\/div><\/div><\/div><div class=\"vc_row wpb_row vc_row-fluid\"><div class=\"wpb_column vc_column_container vc_col-sm-12\"><div class=\"vc_column-inner\"><div class=\"wpb_wrapper\">\n\t<div  class=\"wpb_single_image wpb_content_element vc_align_left wpb_content_element\">\n\t\t<h2 class=\"wpb_heading wpb_singleimage_heading\">One&amp;Only Reethi Rah<\/h2>\n\t\t<figure class=\"wpb_wrapper vc_figure\">\n\t\t\t<div class=\"vc_single_image-wrapper   vc_box_border_grey\"><img loading=\"lazy\" decoding=\"async\" width=\"780\" height=\"438\" src=\"https:\/\/maldives-paradise.com\/wp-content\/uploads\/2024\/06\/oneandonly.jpg\" class=\"vc_single_image-img attachment-large\" alt=\"\" title=\"en och bara\" srcset=\"https:\/\/maldives-paradise.com\/wp-content\/uploads\/2024\/06\/oneandonly.jpg 780w, https:\/\/maldives-paradise.com\/wp-content\/uploads\/2024\/06\/oneandonly-300x168.jpg 300w, https:\/\/maldives-paradise.com\/wp-content\/uploads\/2024\/06\/oneandonly-768x431.jpg 768w, https:\/\/maldives-paradise.com\/wp-content\/uploads\/2024\/06\/oneandonly-18x10.jpg 18w, https:\/\/maldives-paradise.com\/wp-content\/uploads\/2024\/06\/oneandonly-678x381.jpg 678w, https:\/\/maldives-paradise.com\/wp-content\/uploads\/2024\/06\/oneandonly-500x281.jpg 500w\" sizes=\"auto, (max-width: 780px) 100vw, 780px\" \/><\/div>\n\t\t<\/figure>\n\t<\/div>\n<\/div><\/div><\/div><\/div><div class=\"vc_row wpb_row vc_row-fluid\"><div class=\"wpb_column vc_column_container vc_col-sm-12\"><div class=\"vc_column-inner\"><div class=\"wpb_wrapper\">\n\t<div class=\"wpb_text_column wpb_content_element\" >\n\t\t<div class=\"wpb_wrapper\">\n\t\t\t<h4><a href=\"http:\/\/maldives-paradise.com\/sv\/oneonly-reethi-rah-maldiverna\/\">One&amp;Only Reethi Rah<\/a><\/h4>\n<p>One&amp;Only Reethi Rah \u00e4r symbolen f\u00f6r lyx, och erbjuder 122 privata villor p\u00e5 en vidstr\u00e4ckt \u00f6. Denna resort \u00e4r k\u00e4nd f\u00f6r sina storslagna villor, av vilka n\u00e5gra har privata pooler och direkt tillg\u00e5ng till stranden. Resortens sex restauranger, inklusive den hyllade Tapasake, ger en m\u00e5ngsidig kulinarisk upplevelse. Dessutom inkluderar Reethi Rahs h\u00e4lsoerbjudanden personliga spabehandlingar och yogasessioner med utsikt \u00f6ver havet.<\/p>\n\n\t\t<\/div>\n\t<\/div>\n<\/div><\/div><\/div><\/div><div class=\"vc_row wpb_row vc_row-fluid\"><div class=\"wpb_column vc_column_container vc_col-sm-12\"><div class=\"vc_column-inner\"><div class=\"wpb_wrapper\">\n\t<div  class=\"wpb_single_image wpb_content_element vc_align_left wpb_content_element\">\n\t\t<h2 class=\"wpb_heading wpb_singleimage_heading\">Gili Lankanfushi<\/h2>\n\t\t<figure class=\"wpb_wrapper vc_figure\">\n\t\t\t<div class=\"vc_single_image-wrapper   vc_box_border_grey\"><img loading=\"lazy\" decoding=\"async\" width=\"780\" height=\"584\" src=\"https:\/\/maldives-paradise.com\/wp-content\/uploads\/2024\/06\/gili-lankanfushi3.jpg\" class=\"vc_single_image-img attachment-large\" alt=\"Gili Lankanfushi\" title=\"gili-lankanfushi3\" srcset=\"https:\/\/maldives-paradise.com\/wp-content\/uploads\/2024\/06\/gili-lankanfushi3.jpg 780w, https:\/\/maldives-paradise.com\/wp-content\/uploads\/2024\/06\/gili-lankanfushi3-300x225.jpg 300w, https:\/\/maldives-paradise.com\/wp-content\/uploads\/2024\/06\/gili-lankanfushi3-768x575.jpg 768w, https:\/\/maldives-paradise.com\/wp-content\/uploads\/2024\/06\/gili-lankanfushi3-16x12.jpg 16w, https:\/\/maldives-paradise.com\/wp-content\/uploads\/2024\/06\/gili-lankanfushi3-678x509.jpg 678w, https:\/\/maldives-paradise.com\/wp-content\/uploads\/2024\/06\/gili-lankanfushi3-326x245.jpg 326w, https:\/\/maldives-paradise.com\/wp-content\/uploads\/2024\/06\/gili-lankanfushi3-80x60.jpg 80w, https:\/\/maldives-paradise.com\/wp-content\/uploads\/2024\/06\/gili-lankanfushi3-500x374.jpg 500w\" sizes=\"auto, (max-width: 780px) 100vw, 780px\" \/><\/div>\n\t\t<\/figure>\n\t<\/div>\n<\/div><\/div><\/div><\/div><div class=\"vc_row wpb_row vc_row-fluid\"><div class=\"wpb_column vc_column_container vc_col-sm-12\"><div class=\"vc_column-inner\"><div class=\"wpb_wrapper\">\n\t<div class=\"wpb_text_column wpb_content_element\" >\n\t\t<div class=\"wpb_wrapper\">\n\t\t\t<h4><a href=\"http:\/\/maldives-paradise.com\/sv\/gili-lankanfushi-maldiverna\/\">Gili Lankanfushi<\/a><\/h4>\n<p>Ber\u00f6md f\u00f6r sitt milj\u00f6v\u00e4nliga tillv\u00e4gag\u00e5ngss\u00e4tt och rustika lyxiga design, \u00e4r Gili Lankanfushi en villaresort med en intim k\u00e4nsla. Crusoe Residences and Private Reserve erbjuder boende \u00f6ver vattnet n\u00e4r det \u00e4r som b\u00e4st, med direkt tillg\u00e5ng till lagunen. Anl\u00e4ggningen betonar h\u00e5llbarhet, anv\u00e4nder lokalt framst\u00e4llda material och erbjuder ekologiska matst\u00e4llen. Dess Meera Spa \u00e4r en h\u00f6jdpunkt, som erbjuder holistiska behandlingar i lugna omgivningar p\u00e5 Norra Male-atollen.<\/p>\n\n\t\t<\/div>\n\t<\/div>\n<\/div><\/div><\/div><\/div><div class=\"vc_row wpb_row vc_row-fluid\"><div class=\"wpb_column vc_column_container vc_col-sm-12\"><div class=\"vc_column-inner\"><div class=\"wpb_wrapper\">\n\t<div  class=\"wpb_single_image wpb_content_element vc_align_left wpb_content_element\">\n\t\t<h2 class=\"wpb_heading wpb_singleimage_heading\">Coco Bodu Hithi<\/h2>\n\t\t<figure class=\"wpb_wrapper vc_figure\">\n\t\t\t<div class=\"vc_single_image-wrapper   vc_box_border_grey\"><img loading=\"lazy\" decoding=\"async\" width=\"780\" height=\"393\" src=\"https:\/\/maldives-paradise.com\/wp-content\/uploads\/2024\/06\/coco-bodu-hithi-maldives-resort.jpg\" class=\"vc_single_image-img attachment-large\" alt=\"Coco Bodu Hithi\" title=\"coco-bodu-hithi-maldiverna-resort\" srcset=\"https:\/\/maldives-paradise.com\/wp-content\/uploads\/2024\/06\/coco-bodu-hithi-maldives-resort.jpg 780w, https:\/\/maldives-paradise.com\/wp-content\/uploads\/2024\/06\/coco-bodu-hithi-maldives-resort-300x151.jpg 300w, https:\/\/maldives-paradise.com\/wp-content\/uploads\/2024\/06\/coco-bodu-hithi-maldives-resort-768x387.jpg 768w, https:\/\/maldives-paradise.com\/wp-content\/uploads\/2024\/06\/coco-bodu-hithi-maldives-resort-18x9.jpg 18w, https:\/\/maldives-paradise.com\/wp-content\/uploads\/2024\/06\/coco-bodu-hithi-maldives-resort-500x252.jpg 500w\" sizes=\"auto, (max-width: 780px) 100vw, 780px\" \/><\/div>\n\t\t<\/figure>\n\t<\/div>\n<\/div><\/div><\/div><\/div><div class=\"vc_row wpb_row vc_row-fluid\"><div class=\"wpb_column vc_column_container vc_col-sm-12\"><div class=\"vc_column-inner\"><div class=\"wpb_wrapper\">\n\t<div class=\"wpb_text_column wpb_content_element\" >\n\t\t<div class=\"wpb_wrapper\">\n\t\t\t<h4><a href=\"http:\/\/maldives-paradise.com\/sv\/coco-bodu-hithi\/\">Coco Bodu Hithi<\/a><\/h4>\n<p>Coco Bodu Hithi kombinerar modern lyx med traditionella maldiviska inslag. Anl\u00e4ggningen har 100 villor, inklusive Island Villas, som har privata pooler och tr\u00e4dg\u00e5rdar. Resortens flera matst\u00e4llen, s\u00e5som restaurangen Aqua Aqua, erbjuder global mat med en lokal twist. Coco Spa erbjuder skr\u00e4ddarsydda behandlingar som blandar gamla metoder med moderna h\u00e4lsotekniker.<\/p>\n\n\t\t<\/div>\n\t<\/div>\n<\/div><\/div><\/div><\/div><div class=\"vc_row wpb_row vc_row-fluid\"><div class=\"wpb_column vc_column_container vc_col-sm-12\"><div class=\"vc_column-inner\"><div class=\"wpb_wrapper\">\n\t<div  class=\"wpb_single_image wpb_content_element vc_align_left wpb_content_element\">\n\t\t<h2 class=\"wpb_heading wpb_singleimage_heading\">Baros Maldiverna<\/h2>\n\t\t<figure class=\"wpb_wrapper vc_figure\">\n\t\t\t<div class=\"vc_single_image-wrapper   vc_box_border_grey\"><img loading=\"lazy\" decoding=\"async\" width=\"1000\" height=\"575\" src=\"https:\/\/maldives-paradise.com\/wp-content\/uploads\/2024\/06\/Baros-Maldives3.jpg\" class=\"vc_single_image-img attachment-large\" alt=\"Baros Maldiverna\" title=\"Baros-Maldiverna 3\" srcset=\"https:\/\/maldives-paradise.com\/wp-content\/uploads\/2024\/06\/Baros-Maldives3.jpg 1000w, https:\/\/maldives-paradise.com\/wp-content\/uploads\/2024\/06\/Baros-Maldives3-300x173.jpg 300w, https:\/\/maldives-paradise.com\/wp-content\/uploads\/2024\/06\/Baros-Maldives3-768x442.jpg 768w, https:\/\/maldives-paradise.com\/wp-content\/uploads\/2024\/06\/Baros-Maldives3-18x10.jpg 18w, https:\/\/maldives-paradise.com\/wp-content\/uploads\/2024\/06\/Baros-Maldives3-500x288.jpg 500w, https:\/\/maldives-paradise.com\/wp-content\/uploads\/2024\/06\/Baros-Maldives3-800x460.jpg 800w\" sizes=\"auto, (max-width: 1000px) 100vw, 1000px\" \/><\/div>\n\t\t<\/figure>\n\t<\/div>\n<\/div><\/div><\/div><\/div><div class=\"vc_row wpb_row vc_row-fluid\"><div class=\"wpb_column vc_column_container vc_col-sm-12\"><div class=\"vc_column-inner\"><div class=\"wpb_wrapper\">\n\t<div class=\"wpb_text_column wpb_content_element\" >\n\t\t<div class=\"wpb_wrapper\">\n\t\t\t<h4><a href=\"http:\/\/maldives-paradise.com\/sv\/baros-maldiverna\/\">Baros Maldiverna<\/a><\/h4>\n<p>Baros Maldives \u00e4r k\u00e4nt f\u00f6r sin oklanderliga service och romantiska atmosf\u00e4r, vilket g\u00f6r det till en favorit f\u00f6r smekm\u00e5nadsresen\u00e4rer. Anl\u00e4ggningens 75 villor, inklusive de ikoniska Water Villas, erbjuder avskildhet och lyx. Baros \u00e4r ocks\u00e5 ett PADI femstj\u00e4rnigt dykcenter, perfekt f\u00f6r undervattensentusiaster. The Lighthouse Restaurant, med sin fina middag och panoramautsikt, \u00e4r ett kulinariskt landm\u00e4rke p\u00e5 North Male Atoll.<\/p>\n\n\t\t<\/div>\n\t<\/div>\n<\/div><\/div><\/div><\/div><div class=\"vc_row wpb_row vc_row-fluid\"><div class=\"wpb_column vc_column_container vc_col-sm-12\"><div class=\"vc_column-inner\"><div class=\"wpb_wrapper\">\n\t<div  class=\"wpb_single_image wpb_content_element vc_align_left wpb_content_element\">\n\t\t<h2 class=\"wpb_heading wpb_singleimage_heading\">Huvafen Fushi<\/h2>\n\t\t<figure class=\"wpb_wrapper vc_figure\">\n\t\t\t<div class=\"vc_single_image-wrapper   vc_box_border_grey\"><img loading=\"lazy\" decoding=\"async\" width=\"780\" height=\"313\" src=\"https:\/\/maldives-paradise.com\/wp-content\/uploads\/2024\/06\/Huvafen_Fushi_Ocean_Bungalow_with_Pool.jpg\" class=\"vc_single_image-img attachment-large\" alt=\"Huvafen Fushi\" title=\"Huvafen_Fushi_Ocean_Bungalow_with_Pool\" srcset=\"https:\/\/maldives-paradise.com\/wp-content\/uploads\/2024\/06\/Huvafen_Fushi_Ocean_Bungalow_with_Pool.jpg 780w, https:\/\/maldives-paradise.com\/wp-content\/uploads\/2024\/06\/Huvafen_Fushi_Ocean_Bungalow_with_Pool-300x120.jpg 300w, https:\/\/maldives-paradise.com\/wp-content\/uploads\/2024\/06\/Huvafen_Fushi_Ocean_Bungalow_with_Pool-768x308.jpg 768w, https:\/\/maldives-paradise.com\/wp-content\/uploads\/2024\/06\/Huvafen_Fushi_Ocean_Bungalow_with_Pool-18x7.jpg 18w, https:\/\/maldives-paradise.com\/wp-content\/uploads\/2024\/06\/Huvafen_Fushi_Ocean_Bungalow_with_Pool-500x201.jpg 500w\" sizes=\"auto, (max-width: 780px) 100vw, 780px\" \/><\/div>\n\t\t<\/figure>\n\t<\/div>\n<\/div><\/div><\/div><\/div><div class=\"vc_row wpb_row vc_row-fluid\"><div class=\"wpb_column vc_column_container vc_col-sm-12\"><div class=\"vc_column-inner\"><div class=\"wpb_wrapper\">\n\t<div class=\"wpb_text_column wpb_content_element\" >\n\t\t<div class=\"wpb_wrapper\">\n\t\t\t<h4><a href=\"http:\/\/maldives-paradise.com\/sv\/huvafen-fushi\/\">Huvafen Fushi<\/a><\/h4>\n<p>Huvafen Fushi \u00e4r k\u00e4nt f\u00f6r sina innovativa koncept, som v\u00e4rldens f\u00f6rsta undervattensspa. Anl\u00e4ggningens 44 bungalower och paviljonger \u00e4r designade f\u00f6r att erbjuda st\u00f6rsta m\u00f6jliga integritet. Att \u00e4ta p\u00e5 Huvafen Fushi \u00e4r ett gastronomiskt \u00e4ventyr, med alternativ som Celsius, Raw och Salt som ger olika kulinariska upplevelser. Undervattensspabehandlingarna \u00e4r en extraordin\u00e4r njutning, och erbjuder ett unikt s\u00e4tt att varva ner.<\/p>\n\n\t\t<\/div>\n\t<\/div>\n<\/div><\/div><\/div><\/div><div class=\"vc_row wpb_row vc_row-fluid\"><div class=\"wpb_column vc_column_container vc_col-sm-12\"><div class=\"vc_column-inner\"><div class=\"wpb_wrapper\">\n\t<div  class=\"wpb_single_image wpb_content_element vc_align_left wpb_content_element\">\n\t\t<h2 class=\"wpb_heading wpb_singleimage_heading\">Four Seasons Resort Maldiverna vid Kuda Huraa<\/h2>\n\t\t<figure class=\"wpb_wrapper vc_figure\">\n\t\t\t<div class=\"vc_single_image-wrapper   vc_box_border_grey\"><img loading=\"lazy\" decoding=\"async\" width=\"780\" height=\"437\" src=\"https:\/\/maldives-paradise.com\/wp-content\/uploads\/2024\/06\/four-seasons-kudas-huraa3.pg_.jpg\" class=\"vc_single_image-img attachment-large\" alt=\"Four Seasons Resort Maldiverna vid Kuda Huraa\" title=\"fyra-s\u00e4songer-kudas-huraa3.pg\" srcset=\"https:\/\/maldives-paradise.com\/wp-content\/uploads\/2024\/06\/four-seasons-kudas-huraa3.pg_.jpg 780w, https:\/\/maldives-paradise.com\/wp-content\/uploads\/2024\/06\/four-seasons-kudas-huraa3.pg_-300x168.jpg 300w, https:\/\/maldives-paradise.com\/wp-content\/uploads\/2024\/06\/four-seasons-kudas-huraa3.pg_-768x430.jpg 768w, https:\/\/maldives-paradise.com\/wp-content\/uploads\/2024\/06\/four-seasons-kudas-huraa3.pg_-18x10.jpg 18w, https:\/\/maldives-paradise.com\/wp-content\/uploads\/2024\/06\/four-seasons-kudas-huraa3.pg_-678x381.jpg 678w, https:\/\/maldives-paradise.com\/wp-content\/uploads\/2024\/06\/four-seasons-kudas-huraa3.pg_-500x280.jpg 500w\" sizes=\"auto, (max-width: 780px) 100vw, 780px\" \/><\/div>\n\t\t<\/figure>\n\t<\/div>\n<\/div><\/div><\/div><\/div><div class=\"vc_row wpb_row vc_row-fluid\"><div class=\"wpb_column vc_column_container vc_col-sm-12\"><div class=\"vc_column-inner\"><div class=\"wpb_wrapper\">\n\t<div class=\"wpb_text_column wpb_content_element\" >\n\t\t<div class=\"wpb_wrapper\">\n\t\t\t<h4><a href=\"http:\/\/maldives-paradise.com\/sv\/fyra-arstider-maldiverna-kuda-huraa\/\">Four Seasons Maldiverna p\u00e5 Kuda Huraa<\/a><\/h4>\n<p>Four Seasons Resort Maldives at Kuda Huraa kombinerar traditionell maldivisk charm med modern lyx. Resortens 96 boenden inkluderar strandbungalower och vattenvillor. Island Spa erbjuder behandlingar inspirerade av havet och lokala traditioner. Att \u00e4ta p\u00e5 Baraabaru och Reef Club erbjuder uts\u00f6kta kulinariska upplevelser.<\/p>\n\n\t\t<\/div>\n\t<\/div>\n<\/div><\/div><\/div><\/div><div class=\"vc_row wpb_row vc_row-fluid\"><div class=\"wpb_column vc_column_container vc_col-sm-12\"><div class=\"vc_column-inner\"><div class=\"wpb_wrapper\">\n\t<div  class=\"wpb_single_image wpb_content_element vc_align_left wpb_content_element\">\n\t\t<h2 class=\"wpb_heading wpb_singleimage_heading\">Ritz-Carlton Maldiverna Fari Island<\/h2>\n\t\t<figure class=\"wpb_wrapper vc_figure\">\n\t\t\t<div class=\"vc_single_image-wrapper   vc_box_border_grey\"><img loading=\"lazy\" decoding=\"async\" width=\"780\" height=\"520\" src=\"https:\/\/maldives-paradise.com\/wp-content\/uploads\/2024\/06\/ritz-carlton-mlera-lagoon-pool-villa-3.jpg\" class=\"vc_single_image-img attachment-large\" alt=\"Ritz-Carlton Maldiverna Fari Island\" title=\"ritz-carlton-mlera-lagoon-pool-villa-3\" srcset=\"https:\/\/maldives-paradise.com\/wp-content\/uploads\/2024\/06\/ritz-carlton-mlera-lagoon-pool-villa-3.jpg 780w, https:\/\/maldives-paradise.com\/wp-content\/uploads\/2024\/06\/ritz-carlton-mlera-lagoon-pool-villa-3-300x200.jpg 300w, https:\/\/maldives-paradise.com\/wp-content\/uploads\/2024\/06\/ritz-carlton-mlera-lagoon-pool-villa-3-768x512.jpg 768w, https:\/\/maldives-paradise.com\/wp-content\/uploads\/2024\/06\/ritz-carlton-mlera-lagoon-pool-villa-3-18x12.jpg 18w, https:\/\/maldives-paradise.com\/wp-content\/uploads\/2024\/06\/ritz-carlton-mlera-lagoon-pool-villa-3-500x333.jpg 500w\" sizes=\"auto, (max-width: 780px) 100vw, 780px\" \/><\/div>\n\t\t<\/figure>\n\t<\/div>\n<\/div><\/div><\/div><\/div><div class=\"vc_row wpb_row vc_row-fluid\"><div class=\"wpb_column vc_column_container vc_col-sm-12\"><div class=\"vc_column-inner\"><div class=\"wpb_wrapper\">\n\t<div class=\"wpb_text_column wpb_content_element\" >\n\t\t<div class=\"wpb_wrapper\">\n\t\t\t<h4><a href=\"http:\/\/maldives-paradise.com\/sv\/ritz-carlton-maldiverna\/\">Ritz-Carlton Maldiverna Fari Island<\/a><\/h4>\n<p>Ritz-Carlton Estate, inb\u00e4ddat i en avskild strandvik, erbjuder lyx och lugn. Varje villa har en privat infinitypool d\u00e4r g\u00e4sterna kan njuta av ett uppfriskande dopp med utsikt. Dessutom har varje villa ett rymligt sold\u00e4ck, perfekt f\u00f6r avkopplande solbad eller stj\u00e4rnsk\u00e5dning. F\u00f6r att s\u00e4kerst\u00e4lla en lyxig och s\u00f6ml\u00f6s upplevelse finns den h\u00e4ngivna uppm\u00e4rksamheten fr\u00e5n en Aris Meeha, eller \u00f6-butler, tillg\u00e4nglig f\u00f6r att tillgodose alla dina behov p\u00e5 denna lyxresort p\u00e5 Maldiverna.<\/p>\n\n\t\t<\/div>\n\t<\/div>\n<\/div><\/div><\/div><\/div><div class=\"vc_row wpb_row vc_row-fluid\"><div class=\"wpb_column vc_column_container vc_col-sm-12\"><div class=\"vc_column-inner\"><div class=\"wpb_wrapper\">\n\t<div  class=\"wpb_single_image wpb_content_element vc_align_left wpb_content_element\">\n\t\t<h2 class=\"wpb_heading wpb_singleimage_heading\">VARU fr\u00e5n Atmosphere<\/h2>\n\t\t<figure class=\"wpb_wrapper vc_figure\">\n\t\t\t<div class=\"vc_single_image-wrapper   vc_box_border_grey\"><img loading=\"lazy\" decoding=\"async\" width=\"780\" height=\"503\" src=\"https:\/\/maldives-paradise.com\/wp-content\/uploads\/2024\/06\/varu-by-atmosphere-3.jpg\" class=\"vc_single_image-img attachment-large\" alt=\"VARU fr\u00e5n Atmosphere\" title=\"varu-f\u00f6r-atmosf\u00e4r-3\" srcset=\"https:\/\/maldives-paradise.com\/wp-content\/uploads\/2024\/06\/varu-by-atmosphere-3.jpg 780w, https:\/\/maldives-paradise.com\/wp-content\/uploads\/2024\/06\/varu-by-atmosphere-3-300x193.jpg 300w, https:\/\/maldives-paradise.com\/wp-content\/uploads\/2024\/06\/varu-by-atmosphere-3-768x495.jpg 768w, https:\/\/maldives-paradise.com\/wp-content\/uploads\/2024\/06\/varu-by-atmosphere-3-18x12.jpg 18w, https:\/\/maldives-paradise.com\/wp-content\/uploads\/2024\/06\/varu-by-atmosphere-3-500x322.jpg 500w\" sizes=\"auto, (max-width: 780px) 100vw, 780px\" \/><\/div>\n\t\t<\/figure>\n\t<\/div>\n<\/div><\/div><\/div><\/div><div class=\"vc_row wpb_row vc_row-fluid\"><div class=\"wpb_column vc_column_container vc_col-sm-12\"><div class=\"vc_column-inner\"><div class=\"wpb_wrapper\">\n\t<div class=\"wpb_text_column wpb_content_element\" >\n\t\t<div class=\"wpb_wrapper\">\n\t\t\t<h4><a href=\"https:\/\/trip.tpo.lv\/XTX8WSQn\" target=\"_blank\" rel=\"nofollow noopener\">VARU fr\u00e5n Atmosphere<\/a><\/h4>\n<p>Bel\u00e4get i norra Mal\u00e9-atollen p\u00e5 Maldiverna, erbjuder den 5-stj\u00e4rniga resorten en verkligt maldivisk upplevelse genom att inf\u00f6rliva aspekter av lokala traditioner och kulturer, strukturell design \u2013 sammansm\u00e4lt med utbrott av chica tropiska vibbar. VARU \u00e4r positionerat som en modern och &quot;naturligt maldivisk&quot; resortupplevelse med 108 villor utspridda runt de vita sandstr\u00e4nderna och breder ut sig \u00f6ver de turkosa lagunerna.<\/p>\n\n\t\t<\/div>\n\t<\/div>\n<\/div><\/div><\/div><\/div><div class=\"vc_row wpb_row vc_row-fluid\"><div class=\"wpb_column vc_column_container vc_col-sm-12\"><div class=\"vc_column-inner\"><div class=\"wpb_wrapper\">\n\t<div  class=\"wpb_single_image wpb_content_element vc_align_left wpb_content_element\">\n\t\t<h2 class=\"wpb_heading wpb_singleimage_heading\">Kuda Villingili Maldiverna<\/h2>\n\t\t<figure class=\"wpb_wrapper vc_figure\">\n\t\t\t<div class=\"vc_single_image-wrapper   vc_box_border_grey\"><img loading=\"lazy\" decoding=\"async\" width=\"780\" height=\"437\" src=\"https:\/\/maldives-paradise.com\/wp-content\/uploads\/2024\/06\/kuda-villingili.jpg\" class=\"vc_single_image-img attachment-large\" alt=\"Kuda Villingili Maldiverna\" title=\"kuda-villingili\" srcset=\"https:\/\/maldives-paradise.com\/wp-content\/uploads\/2024\/06\/kuda-villingili.jpg 780w, https:\/\/maldives-paradise.com\/wp-content\/uploads\/2024\/06\/kuda-villingili-300x168.jpg 300w, https:\/\/maldives-paradise.com\/wp-content\/uploads\/2024\/06\/kuda-villingili-768x430.jpg 768w, https:\/\/maldives-paradise.com\/wp-content\/uploads\/2024\/06\/kuda-villingili-18x10.jpg 18w, https:\/\/maldives-paradise.com\/wp-content\/uploads\/2024\/06\/kuda-villingili-678x381.jpg 678w, https:\/\/maldives-paradise.com\/wp-content\/uploads\/2024\/06\/kuda-villingili-500x280.jpg 500w\" sizes=\"auto, (max-width: 780px) 100vw, 780px\" \/><\/div>\n\t\t<\/figure>\n\t<\/div>\n<\/div><\/div><\/div><\/div><div class=\"vc_row wpb_row vc_row-fluid\"><div class=\"wpb_column vc_column_container vc_col-sm-12\"><div class=\"vc_column-inner\"><div class=\"wpb_wrapper\">\n\t<div class=\"wpb_text_column wpb_content_element\" >\n\t\t<div class=\"wpb_wrapper\">\n\t\t\t<h4><a href=\"http:\/\/maldives-paradise.com\/sv\/kuda-villingii-maldiverna\/\">Kuda Villingili Maldiverna<\/a><\/h4>\n<p>Kuda Villingili Resort Maldives utlovar en idyllisk tillflyktsort p\u00e5 en tropisk \u00f6 som ligger p\u00e5 en av v\u00e4rldens fr\u00e4msta surfplatser som heter Chickens i Nort Male Atoll. Perfekt f\u00f6r smekm\u00e5nadsfirare, familjer och sols\u00f6kande, det \u00e4r den idealiska milj\u00f6n f\u00f6r att skapa v\u00e4rdefulla minnen p\u00e5 en plats d\u00e4r tiden verkar st\u00e5 still. De rymliga villorna och sviterna med \u00f6ppen planl\u00f6sning erbjuder 180-graders utsikt \u00f6ver den vidstr\u00e4ckta Indiska oceanen, placerad b\u00e5de p\u00e5 soluppg\u00e5ngs- och solnedg\u00e5ngssidan av \u00f6n. Resorten utvecklade sitt mat &amp; dryck-koncept f\u00f6r att erbjuda g\u00e4sterna en unik gourmetresa.<\/p>\n\n\t\t<\/div>\n\t<\/div>\n<\/div><\/div><\/div><\/div><div class=\"vc_row wpb_row vc_row-fluid\"><div class=\"wpb_column vc_column_container vc_col-sm-12\"><div class=\"vc_column-inner\"><div class=\"wpb_wrapper\">\n\t<div  class=\"wpb_single_image wpb_content_element vc_align_left wpb_content_element\">\n\t\t<h2 class=\"wpb_heading wpb_singleimage_heading\">Hilton Maldives Amingiri Resort &amp; Spa<\/h2>\n\t\t<figure class=\"wpb_wrapper vc_figure\">\n\t\t\t<div class=\"vc_single_image-wrapper   vc_box_border_grey\"><img loading=\"lazy\" decoding=\"async\" width=\"780\" height=\"520\" src=\"https:\/\/maldives-paradise.com\/wp-content\/uploads\/2024\/06\/hilton-maldives-3.jpg\" class=\"vc_single_image-img attachment-large\" alt=\"Hilton Maldives Amingiri Resort &amp; Spa\" title=\"hilton-maldiverna-3\" srcset=\"https:\/\/maldives-paradise.com\/wp-content\/uploads\/2024\/06\/hilton-maldives-3.jpg 780w, https:\/\/maldives-paradise.com\/wp-content\/uploads\/2024\/06\/hilton-maldives-3-300x200.jpg 300w, https:\/\/maldives-paradise.com\/wp-content\/uploads\/2024\/06\/hilton-maldives-3-768x512.jpg 768w, https:\/\/maldives-paradise.com\/wp-content\/uploads\/2024\/06\/hilton-maldives-3-18x12.jpg 18w, https:\/\/maldives-paradise.com\/wp-content\/uploads\/2024\/06\/hilton-maldives-3-500x333.jpg 500w\" sizes=\"auto, (max-width: 780px) 100vw, 780px\" \/><\/div>\n\t\t<\/figure>\n\t<\/div>\n<\/div><\/div><\/div><\/div><div class=\"vc_row wpb_row vc_row-fluid\"><div class=\"wpb_column vc_column_container vc_col-sm-12\"><div class=\"vc_column-inner\"><div class=\"wpb_wrapper\">\n\t<div class=\"wpb_text_column wpb_content_element\" >\n\t\t<div class=\"wpb_wrapper\">\n\t\t\t<h4><a href=\"http:\/\/maldives-paradise.com\/sv\/hilton-maldiverna-amingiri-resort-spa\/\">Hilton Maldives Amingiri Resort &amp; Spa<\/a><\/h4>\n<p>Omgiven av or\u00f6rd vit sand och turkosbl\u00e5tt vatten, erbjuder v\u00e5r resort i v\u00e4rldsklass en of\u00f6rgl\u00f6mlig upplevelse f\u00f6r hela familjen. Dra nytta av v\u00e5ra familjev\u00e4nliga bekv\u00e4mligheter, Amingiri Spa och omfattande matst\u00e4llen under din vistelse. Dyk ner i havet direkt fr\u00e5n din villa \u00f6ver vattnet. Varje avskild villa har en privat pool och fri havsutsikt.<\/p>\n<p>Sammanfattningsvis \u00e4r North Male Atoll hem f\u00f6r n\u00e5gra av v\u00e4rldens mest lyxiga resorter, som alla erbjuder unika upplevelser som blandar naturlig sk\u00f6nhet med o\u00f6vertr\u00e4ffad komfort och service. Oavsett om du s\u00f6ker \u00e4ventyr, avkoppling eller romantik, erbjuder dessa resorter den perfekta milj\u00f6n f\u00f6r en dr\u00f6msemester p\u00e5 Maldiverna.<\/p>\n<h4><a href=\"http:\/\/maldives-paradise.com\/sv\/basta-lyxresorterna-i-sodra-male-atollen\/\">B\u00e4sta lyxresorterna i South Male Atoll<\/a><\/h4>\n\n\t\t<\/div>\n\t<\/div>\n<\/div><\/div><\/div><\/div>\n<\/div>","protected":false},"excerpt":{"rendered":"<div class=\"mh-excerpt\"><\/div>","protected":false},"author":1,"featured_media":16806,"parent":0,"menu_order":0,"comment_status":"closed","ping_status":"closed","template":"","meta":{"footnotes":""},"class_list":["post-16805","page","type-page","status-publish","has-post-thumbnail"],"aioseo_notices":[],"_links":{"self":[{"href":"https:\/\/maldives-paradise.com\/sv\/wp-json\/wp\/v2\/pages\/16805","targetHints":{"allow":["GET"]}}],"collection":[{"href":"https:\/\/maldives-paradise.com\/sv\/wp-json\/wp\/v2\/pages"}],"about":[{"href":"https:\/\/maldives-paradise.com\/sv\/wp-json\/wp\/v2\/types\/page"}],"author":[{"embeddable":true,"href":"https:\/\/maldives-paradise.com\/sv\/wp-json\/wp\/v2\/users\/1"}],"replies":[{"embeddable":true,"href":"https:\/\/maldives-paradise.com\/sv\/wp-json\/wp\/v2\/comments?post=16805"}],"version-history":[{"count":6,"href":"https:\/\/maldives-paradise.com\/sv\/wp-json\/wp\/v2\/pages\/16805\/revisions"}],"predecessor-version":[{"id":43247,"href":"https:\/\/maldives-paradise.com\/sv\/wp-json\/wp\/v2\/pages\/16805\/revisions\/43247"}],"wp:featuredmedia":[{"embeddable":true,"href":"https:\/\/maldives-paradise.com\/sv\/wp-json\/wp\/v2\/media\/16806"}],"wp:attachment":[{"href":"https:\/\/maldives-paradise.com\/sv\/wp-json\/wp\/v2\/media?parent=16805"}],"curies":[{"name":"wp","href":"https:\/\/api.w.org\/{rel}","templated":true}]}}