{"id":16243,"date":"2024-05-28T18:22:14","date_gmt":"2024-05-28T18:22:14","guid":{"rendered":"http:\/\/maldives-paradise.com\/?page_id=16243"},"modified":"2025-02-22T18:05:32","modified_gmt":"2025-02-22T18:05:32","slug":"basta-lyxresorterna-i-laamu-atollen","status":"publish","type":"page","link":"https:\/\/maldives-paradise.com\/sv\/basta-lyxresorterna-i-laamu-atollen\/","title":{"rendered":"B\u00e4sta lyxhotell i Laamu Atoll"},"content":{"rendered":"<div class=\"wpb-content-wrapper\"><div class=\"vc_row wpb_row vc_row-fluid\"><div class=\"wpb_column vc_column_container vc_col-sm-12\"><div class=\"vc_column-inner\"><div class=\"wpb_wrapper\">\n\t<div class=\"wpb_text_column wpb_content_element\" >\n\t\t<div class=\"wpb_wrapper\">\n\t\t\t<p>Laamu Atoll, inb\u00e4ddat i s\u00f6dra Maldiverna, \u00e4r en hisnande gobel\u00e4ng av skimrande azurbl\u00e5 vatten, livliga korallrev och or\u00f6rda tropiska \u00f6ar. Det representerar en exklusiv tillflyktsort f\u00f6r dem som s\u00f6ker avskildhet, o\u00f6vertr\u00e4ffad lyx och en genuin koppling till naturens fridfulla sk\u00f6nhet. Atollens lyxresorter \u00e4r m\u00e4sterklasser i h\u00e5llbar lyx, som kombinerar milj\u00f6medvetna metoder med \u00f6verseende upplevelser, vilket s\u00e4kerst\u00e4ller att g\u00e4sterna njuter av den or\u00f6rda milj\u00f6n ansvarsfullt och lyxigt. H\u00e4r \u00e4r de b\u00e4sta lyxresorterna i <strong>Laamu Atoll<\/strong>, var och en erbjuder en exceptionell del av paradiset.<\/p>\n\n\t\t<\/div>\n\t<\/div>\n<\/div><\/div><\/div><\/div><div class=\"vc_row wpb_row vc_row-fluid\"><div class=\"wpb_column vc_column_container vc_col-sm-12\"><div class=\"vc_column-inner\"><div class=\"wpb_wrapper\">\n\t<div  class=\"wpb_single_image wpb_content_element vc_align_left wpb_content_element\">\n\t\t<h2 class=\"wpb_heading wpb_singleimage_heading\">Sex sinnen Laamu<\/h2>\n\t\t<figure class=\"wpb_wrapper vc_figure\">\n\t\t\t<div class=\"vc_single_image-wrapper   vc_box_border_grey\"><img loading=\"lazy\" decoding=\"async\" width=\"780\" height=\"474\" src=\"https:\/\/maldives-paradise.com\/wp-content\/uploads\/2024\/05\/six-senses-laamu.jpg\" class=\"vc_single_image-img attachment-large\" alt=\"Sex sinnen Laamu\" title=\"Sex sinnen Laamu\" srcset=\"https:\/\/maldives-paradise.com\/wp-content\/uploads\/2024\/05\/six-senses-laamu.jpg 780w, https:\/\/maldives-paradise.com\/wp-content\/uploads\/2024\/05\/six-senses-laamu-300x182.jpg 300w, https:\/\/maldives-paradise.com\/wp-content\/uploads\/2024\/05\/six-senses-laamu-768x467.jpg 768w, https:\/\/maldives-paradise.com\/wp-content\/uploads\/2024\/05\/six-senses-laamu-18x12.jpg 18w, https:\/\/maldives-paradise.com\/wp-content\/uploads\/2024\/05\/six-senses-laamu-500x304.jpg 500w\" sizes=\"auto, (max-width: 780px) 100vw, 780px\" \/><\/div>\n\t\t<\/figure>\n\t<\/div>\n<\/div><\/div><\/div><\/div><div class=\"vc_row wpb_row vc_row-fluid\"><div class=\"wpb_column vc_column_container vc_col-sm-12\"><div class=\"vc_column-inner\"><div class=\"wpb_wrapper\">\n\t<div class=\"wpb_text_column wpb_content_element\" >\n\t\t<div class=\"wpb_wrapper\">\n\t\t\t<h4><a href=\"http:\/\/maldives-paradise.com\/sv\/sex-sinnen-laamu\/\">Sex sinnen Laamu<\/a><\/h4>\n<p>Six Senses Laamu \u00e4r symbolen f\u00f6r h\u00e5llbar lyx, st\u00e5 ensam p\u00e5 Laamu Atoll. Den blandar s\u00f6ml\u00f6st milj\u00f6ansvar med lyxigt boende, och erbjuder villor byggda av naturliga material, uppflugna \u00f6ver vattnet eller inb\u00e4ddade i frodig vegetation. Anl\u00e4ggningens engagemang f\u00f6r bevarande \u00e4r uppenbart i dess ekologiska tr\u00e4dg\u00e5rdar, marina bevarandeprogram och Earth Lab, som visar upp h\u00e5llbarhetsinsatser. G\u00e4sterna kan njuta av matupplevelser i v\u00e4rldsklass, innovativa h\u00e4lsobehandlingar p\u00e5 Six Senses Spa och en uppsj\u00f6 av vattenbaserade aktiviteter, allt samtidigt som de \u00e4r omgivna av atollens hisnande naturliga sk\u00f6nhet.<\/p>\n\n\t\t<\/div>\n\t<\/div>\n<\/div><\/div><\/div><\/div><div class=\"vc_row wpb_row vc_row-fluid\"><div class=\"wpb_column vc_column_container vc_col-sm-12\"><div class=\"vc_column-inner\"><div class=\"wpb_wrapper\">\n\t<div  class=\"wpb_single_image wpb_content_element vc_align_left wpb_content_element\">\n\t\t<h2 class=\"wpb_heading wpb_singleimage_heading\">Rahaa Resort Maldiverna<\/h2>\n\t\t<figure class=\"wpb_wrapper vc_figure\">\n\t\t\t<div class=\"vc_single_image-wrapper   vc_box_border_grey\"><img loading=\"lazy\" decoding=\"async\" width=\"780\" height=\"519\" src=\"https:\/\/maldives-paradise.com\/wp-content\/uploads\/2024\/05\/rahaa.jpg\" class=\"vc_single_image-img attachment-large\" alt=\"Rahaa resort\" title=\"rahaa\" srcset=\"https:\/\/maldives-paradise.com\/wp-content\/uploads\/2024\/05\/rahaa.jpg 780w, https:\/\/maldives-paradise.com\/wp-content\/uploads\/2024\/05\/rahaa-300x200.jpg 300w, https:\/\/maldives-paradise.com\/wp-content\/uploads\/2024\/05\/rahaa-768x511.jpg 768w, https:\/\/maldives-paradise.com\/wp-content\/uploads\/2024\/05\/rahaa-18x12.jpg 18w, https:\/\/maldives-paradise.com\/wp-content\/uploads\/2024\/05\/rahaa-500x333.jpg 500w\" sizes=\"auto, (max-width: 780px) 100vw, 780px\" \/><\/div>\n\t\t<\/figure>\n\t<\/div>\n<\/div><\/div><\/div><\/div><div class=\"vc_row wpb_row vc_row-fluid\"><div class=\"wpb_column vc_column_container vc_col-sm-12\"><div class=\"vc_column-inner\"><div class=\"wpb_wrapper\">\n\t<div class=\"wpb_text_column wpb_content_element\" >\n\t\t<div class=\"wpb_wrapper\">\n\t\t\t<h4><a href=\"http:\/\/maldives-paradise.com\/sv\/rahaa-resort-maldiverna\/\">Rahaa Resort Maldiverna<\/a><\/h4>\n<p>Rahaa \u00e4r en 4-stj\u00e4rnig resort bel\u00e4gen i den or\u00f6rda och l\u00e5gtrafikerade Laamu-atollen, en uppskattad destination f\u00f6r ett brett utbud av resen\u00e4rer, fr\u00e5n smekm\u00e5nadsresen\u00e4rer och familjer till grupper av v\u00e4nner och \u00e4ventyrare. Ett naturligt vackert l\u00e4ge med ursprunglig v\u00e4xtlighet, breda strandstr\u00e4ckor och en naturlig saltvattensj\u00f6. Rahaa kan n\u00e5s via ett kort inrikesflyg p\u00e5 30 \u2013 40 minuter f\u00f6ljt av en snabb 20 \u2013 30 minuters motorb\u00e5tsf\u00e4rd. Anl\u00e4ggningen har tv\u00e5 villakategorier p\u00e5 land, med levande minimalistisk modern design infunderad med den lokala maldiviska arkitekturen, Lake View Villas och Ocean View Villas. G\u00e4sterna kan njuta av utm\u00e4rkta internationella och lokala r\u00e4tter p\u00e5 huvudrestaurangen &quot;Kaage&quot; och tv\u00e5 barer &quot;Dhirun Bar&quot; och &quot;Ko&#039;Bar&quot;. Alla butiker ligger precis vid stranden med utsikt \u00f6ver havet och sj\u00f6n. Rahaa erbjuder dessutom ett brett utbud av aktiviteter och tj\u00e4nster inklusive dykning, vattensporter, barnh\u00f6rna, SPA, gym, utflykter, surfing och mer.<\/p>\n\n\t\t<\/div>\n\t<\/div>\n<\/div><\/div><\/div><\/div><div class=\"vc_row wpb_row vc_row-fluid\"><div class=\"wpb_column vc_column_container vc_col-sm-12\"><div class=\"vc_column-inner\"><div class=\"wpb_wrapper\">\n\t<div  class=\"wpb_single_image wpb_content_element vc_align_left wpb_content_element\">\n\t\t<h2 class=\"wpb_heading wpb_singleimage_heading\">Evexia Beach Collection Laamu<\/h2>\n\t\t<figure class=\"wpb_wrapper vc_figure\">\n\t\t\t<div class=\"vc_single_image-wrapper   vc_box_border_grey\"><img loading=\"lazy\" decoding=\"async\" width=\"780\" height=\"503\" src=\"https:\/\/maldives-paradise.com\/wp-content\/uploads\/2024\/05\/evexia-residences-beach.jpg\" class=\"vc_single_image-img attachment-large\" alt=\"evexia beach collection laamu\" title=\"evexia-residences-strand\" srcset=\"https:\/\/maldives-paradise.com\/wp-content\/uploads\/2024\/05\/evexia-residences-beach.jpg 780w, https:\/\/maldives-paradise.com\/wp-content\/uploads\/2024\/05\/evexia-residences-beach-300x193.jpg 300w, https:\/\/maldives-paradise.com\/wp-content\/uploads\/2024\/05\/evexia-residences-beach-768x495.jpg 768w, https:\/\/maldives-paradise.com\/wp-content\/uploads\/2024\/05\/evexia-residences-beach-18x12.jpg 18w, https:\/\/maldives-paradise.com\/wp-content\/uploads\/2024\/05\/evexia-residences-beach-500x322.jpg 500w\" sizes=\"auto, (max-width: 780px) 100vw, 780px\" \/><\/div>\n\t\t<\/figure>\n\t<\/div>\n<\/div><\/div><\/div><\/div><div class=\"vc_row wpb_row vc_row-fluid\"><div class=\"wpb_column vc_column_container vc_col-sm-12\"><div class=\"vc_column-inner\"><div class=\"wpb_wrapper\">\n\t<div class=\"wpb_text_column wpb_content_element\" >\n\t\t<div class=\"wpb_wrapper\">\n\t\t\t<h4>Evexia Beach Collection Laamu<\/h4>\n<p>Evexia Beach Collection LaamuTM \u00e4r en f\u00f6rstklassig milj\u00f6v\u00e4nlig boutiqueresort, som har omfattande fritids- och h\u00e4lsofaciliteter som \u00f6vertr\u00e4ffar f\u00f6rv\u00e4ntningarna hos en h\u00e4lsoresen\u00e4r. Det erbjuder tre olika typer av rum, restauranger, pool med l\u00e5nga varv, privat or\u00f6rd strand, Ayush SpaTM, gym, en gr\u00e4smatta f\u00f6r yoga och meditation och en presentbutik.<\/p>\n\n\t\t<\/div>\n\t<\/div>\n<\/div><\/div><\/div><\/div><div class=\"vc_row wpb_row vc_row-fluid\"><div class=\"wpb_column vc_column_container vc_col-sm-12\"><div class=\"vc_column-inner\"><div class=\"wpb_wrapper\">\n\t<div  class=\"wpb_single_image wpb_content_element vc_align_left wpb_content_element\">\n\t\t<h2 class=\"wpb_heading wpb_singleimage_heading\">Amra Palace Laamu<\/h2>\n\t\t<figure class=\"wpb_wrapper vc_figure\">\n\t\t\t<div class=\"vc_single_image-wrapper   vc_box_border_grey\"><img loading=\"lazy\" decoding=\"async\" width=\"780\" height=\"520\" src=\"https:\/\/maldives-paradise.com\/wp-content\/uploads\/2024\/05\/Amra-Palace-laamu.jpeg\" class=\"vc_single_image-img attachment-large\" alt=\"Amra Palace Laamu\" title=\"Amra-Palace-laamu\" srcset=\"https:\/\/maldives-paradise.com\/wp-content\/uploads\/2024\/05\/Amra-Palace-laamu.jpeg 780w, https:\/\/maldives-paradise.com\/wp-content\/uploads\/2024\/05\/Amra-Palace-laamu-300x200.jpeg 300w, https:\/\/maldives-paradise.com\/wp-content\/uploads\/2024\/05\/Amra-Palace-laamu-768x512.jpeg 768w, https:\/\/maldives-paradise.com\/wp-content\/uploads\/2024\/05\/Amra-Palace-laamu-18x12.jpeg 18w, https:\/\/maldives-paradise.com\/wp-content\/uploads\/2024\/05\/Amra-Palace-laamu-500x333.jpeg 500w\" sizes=\"auto, (max-width: 780px) 100vw, 780px\" \/><\/div>\n\t\t<\/figure>\n\t<\/div>\n<\/div><\/div><\/div><\/div><div class=\"vc_row wpb_row vc_row-fluid\"><div class=\"wpb_column vc_column_container vc_col-sm-12\"><div class=\"vc_column-inner\"><div class=\"wpb_wrapper\">\n\t<div class=\"wpb_text_column wpb_content_element\" >\n\t\t<div class=\"wpb_wrapper\">\n\t\t\t<h4><a href=\"https:\/\/hotellook.tp.st\/1BjYBZ1c\" target=\"_blank\" rel=\"nofollow noopener\">Amra Palace Laamu<\/a><\/h4>\n<p>Bes\u00f6k Amra Palace Laamu Upplev sk\u00f6nheten i verkliga Maldiverna, solen, vita sandstr\u00e4nder, kristallklart hav, m\u00e5nga nyanser av klarbl\u00e5 himmel genom att bo p\u00e5 Amra Palace, Gan Island, Laamu Atoll, Maldiverna. Njut av hotellets fritidsfaciliteter, inklusive badmintonbana, b\u00e5tar, kanot, uthyrning av vattensportsutrustning, snorkling, innan du drar dig tillbaka till ditt rum f\u00f6r en v\u00e4lf\u00f6rtj\u00e4nt vila. Amra Palace kombinerar varm g\u00e4stfrihet med en h\u00e4rlig atmosf\u00e4r f\u00f6r att g\u00f6ra din vistelse p\u00e5 Maldiverna of\u00f6rgl\u00f6mlig.<\/p>\n\n\t\t<\/div>\n\t<\/div>\n<\/div><\/div><\/div><\/div>\n<\/div>","protected":false},"excerpt":{"rendered":"<div class=\"mh-excerpt\"><\/div>","protected":false},"author":1,"featured_media":16244,"parent":0,"menu_order":0,"comment_status":"closed","ping_status":"closed","template":"","meta":{"footnotes":""},"class_list":["post-16243","page","type-page","status-publish","has-post-thumbnail"],"aioseo_notices":[],"_links":{"self":[{"href":"https:\/\/maldives-paradise.com\/sv\/wp-json\/wp\/v2\/pages\/16243","targetHints":{"allow":["GET"]}}],"collection":[{"href":"https:\/\/maldives-paradise.com\/sv\/wp-json\/wp\/v2\/pages"}],"about":[{"href":"https:\/\/maldives-paradise.com\/sv\/wp-json\/wp\/v2\/types\/page"}],"author":[{"embeddable":true,"href":"https:\/\/maldives-paradise.com\/sv\/wp-json\/wp\/v2\/users\/1"}],"replies":[{"embeddable":true,"href":"https:\/\/maldives-paradise.com\/sv\/wp-json\/wp\/v2\/comments?post=16243"}],"version-history":[{"count":2,"href":"https:\/\/maldives-paradise.com\/sv\/wp-json\/wp\/v2\/pages\/16243\/revisions"}],"predecessor-version":[{"id":16251,"href":"https:\/\/maldives-paradise.com\/sv\/wp-json\/wp\/v2\/pages\/16243\/revisions\/16251"}],"wp:featuredmedia":[{"embeddable":true,"href":"https:\/\/maldives-paradise.com\/sv\/wp-json\/wp\/v2\/media\/16244"}],"wp:attachment":[{"href":"https:\/\/maldives-paradise.com\/sv\/wp-json\/wp\/v2\/media?parent=16243"}],"curies":[{"name":"wp","href":"https:\/\/api.w.org\/{rel}","templated":true}]}}