{"id":16081,"date":"2024-05-27T15:36:56","date_gmt":"2024-05-27T15:36:56","guid":{"rendered":"http:\/\/maldives-paradise.com\/?page_id=16081"},"modified":"2025-10-09T15:00:57","modified_gmt":"2025-10-09T15:00:57","slug":"basta-lyxresorterna-i-shaviyani-atollen","status":"publish","type":"page","link":"https:\/\/maldives-paradise.com\/sv\/basta-lyxresorterna-i-shaviyani-atollen\/","title":{"rendered":"B\u00e4sta lyxhotell i Shaviyani Atoll"},"content":{"rendered":"<div class=\"wpb-content-wrapper\"><div class=\"vc_row wpb_row vc_row-fluid\"><div class=\"wpb_column vc_column_container vc_col-sm-12\"><div class=\"vc_column-inner\"><div class=\"wpb_wrapper\">\n\t<div class=\"wpb_text_column wpb_content_element\" >\n\t\t<div class=\"wpb_wrapper\">\n\t\t\t<p>Shaviyani Atoll, inb\u00e4ddat i den norra delen av Maldiverna, \u00e4r ett avskilt paradis k\u00e4nt f\u00f6r sin or\u00f6rda sk\u00f6nhet och lyxiga resorter som tillgodoser dem som s\u00f6ker exklusivitet och o\u00f6vertr\u00e4ffad service. Atollens kristallklara vatten, pulserande korallrev och vita sandstr\u00e4nder skapar en bakgrund av naturlig prakt som f\u00f6rst\u00e4rker den \u00f6verd\u00e5diga upplevelsen som erbjuds av dess toppklassresorter. H\u00e4r utforskar vi de tio b\u00e4sta lyxresorterna i <strong>Shaviyani Atoll<\/strong>, var och en erbjuder en unik del av paradiset med bekv\u00e4mligheter i v\u00e4rldsklass och skr\u00e4ddarsydda upplevelser.<\/p>\n\n\t\t<\/div>\n\t<\/div>\n<\/div><\/div><\/div><\/div><div class=\"vc_row wpb_row vc_row-fluid\"><div class=\"wpb_column vc_column_container vc_col-sm-12\"><div class=\"vc_column-inner\"><div class=\"wpb_wrapper\">\n\t<div  class=\"wpb_single_image wpb_content_element vc_align_left wpb_content_element\">\n\t\t<h2 class=\"wpb_heading wpb_singleimage_heading\">Fairmont Maldiverna Sirru Fen Fushi<\/h2>\n\t\t<figure class=\"wpb_wrapper vc_figure\">\n\t\t\t<div class=\"vc_single_image-wrapper   vc_box_border_grey\"><img loading=\"lazy\" decoding=\"async\" width=\"780\" height=\"390\" src=\"https:\/\/maldives-paradise.com\/wp-content\/uploads\/2024\/05\/Fairmont-Maldives-Aerial-Pool.jpg\" class=\"vc_single_image-img attachment-large\" alt=\"Sirru Fen Fushi\" title=\"Fairmont-Maldiverna-Aerial-Pool\" srcset=\"https:\/\/maldives-paradise.com\/wp-content\/uploads\/2024\/05\/Fairmont-Maldives-Aerial-Pool.jpg 780w, https:\/\/maldives-paradise.com\/wp-content\/uploads\/2024\/05\/Fairmont-Maldives-Aerial-Pool-300x150.jpg 300w, https:\/\/maldives-paradise.com\/wp-content\/uploads\/2024\/05\/Fairmont-Maldives-Aerial-Pool-768x384.jpg 768w, https:\/\/maldives-paradise.com\/wp-content\/uploads\/2024\/05\/Fairmont-Maldives-Aerial-Pool-18x9.jpg 18w, https:\/\/maldives-paradise.com\/wp-content\/uploads\/2024\/05\/Fairmont-Maldives-Aerial-Pool-500x250.jpg 500w\" sizes=\"auto, (max-width: 780px) 100vw, 780px\" \/><\/div>\n\t\t<\/figure>\n\t<\/div>\n<\/div><\/div><\/div><\/div><div class=\"vc_row wpb_row vc_row-fluid\"><div class=\"wpb_column vc_column_container vc_col-sm-12\"><div class=\"vc_column-inner\"><div class=\"wpb_wrapper\">\n\t<div class=\"wpb_text_column wpb_content_element\" >\n\t\t<div class=\"wpb_wrapper\">\n\t\t\t<h4><a href=\"https:\/\/lamp.glopss.com\/SHWB\" target=\"_blank\" rel=\"nofollow noopener\">Sirru Fen Fushi Private Lagoon Resort<\/a><\/h4>\n<p>Sirru Fen Fushi, k\u00e4nd som &quot;Den hemliga vatten\u00f6n&quot;, \u00e4r en exklusiv resort med 120 lyxiga villor som erbjuder g\u00e4sterna det ultimata inom avskildhet och lyx. Resorten utm\u00e4rker sig genom sitt 9 km l\u00e5nga husrev som \u00e4r direkt tillg\u00e4ngligt fr\u00e5n stranden, en undervattenskonstinstallation av Jason deCaires Taylor och det lyxiga Willow Stream Spa. Villorna varierar fr\u00e5n strandn\u00e4ra till ovanf\u00f6r vattnet, alla med sin egen pool, vilket erbjuder en fristad av lugn och o\u00f6vertr\u00e4ffad komfort.<\/p>\n\n\t\t<\/div>\n\t<\/div>\n<\/div><\/div><\/div><\/div><div class=\"vc_row wpb_row vc_row-fluid\"><div class=\"wpb_column vc_column_container vc_col-sm-12\"><div class=\"vc_column-inner\"><div class=\"wpb_wrapper\">\n\t<div  class=\"wpb_single_image wpb_content_element vc_align_left wpb_content_element\">\n\t\t<h2 class=\"wpb_heading wpb_singleimage_heading\">JW Marriott Maldives Resort &amp; Spa<\/h2>\n\t\t<figure class=\"wpb_wrapper vc_figure\">\n\t\t\t<div class=\"vc_single_image-wrapper   vc_box_border_grey\"><img loading=\"lazy\" decoding=\"async\" width=\"1024\" height=\"683\" src=\"https:\/\/maldives-paradise.com\/wp-content\/uploads\/2024\/05\/jw-marriott-1024x683.jpg\" class=\"vc_single_image-img attachment-large\" alt=\"JW Marriott Maldives Resort &amp; Spa\" title=\"jw-marriott\" srcset=\"https:\/\/maldives-paradise.com\/wp-content\/uploads\/2024\/05\/jw-marriott-1024x683.jpg 1024w, https:\/\/maldives-paradise.com\/wp-content\/uploads\/2024\/05\/jw-marriott-300x200.jpg 300w, https:\/\/maldives-paradise.com\/wp-content\/uploads\/2024\/05\/jw-marriott-768x512.jpg 768w, https:\/\/maldives-paradise.com\/wp-content\/uploads\/2024\/05\/jw-marriott-18x12.jpg 18w, https:\/\/maldives-paradise.com\/wp-content\/uploads\/2024\/05\/jw-marriott-1200x800.jpg 1200w, https:\/\/maldives-paradise.com\/wp-content\/uploads\/2024\/05\/jw-marriott-500x333.jpg 500w, https:\/\/maldives-paradise.com\/wp-content\/uploads\/2024\/05\/jw-marriott-800x534.jpg 800w, https:\/\/maldives-paradise.com\/wp-content\/uploads\/2024\/05\/jw-marriott.jpg 1336w\" sizes=\"auto, (max-width: 1024px) 100vw, 1024px\" \/><\/div>\n\t\t<\/figure>\n\t<\/div>\n<\/div><\/div><\/div><\/div><div class=\"vc_row wpb_row vc_row-fluid\"><div class=\"wpb_column vc_column_container vc_col-sm-12\"><div class=\"vc_column-inner\"><div class=\"wpb_wrapper\">\n\t<div class=\"wpb_text_column wpb_content_element\" >\n\t\t<div class=\"wpb_wrapper\">\n\t\t\t<h4><a href=\"https:\/\/trip.tpo.lv\/zodsIVh1\" target=\"_blank\" rel=\"nofollow noopener\">JW Marriott Maldives Resort &amp; Spa<\/a><\/h4>\n<p>JW Marriott Maldives Resort &amp; Spa tillf\u00f6r sofistikerad lyx till de or\u00f6rda str\u00e4nderna p\u00e5 Shaviyani Atoll. Med 61 villor, som alla erbjuder privata pooler och fantastisk utsikt \u00f6ver Indiska oceanen, kan g\u00e4sterna njuta av avskildhet och exklusiva bekv\u00e4mligheter. Anl\u00e4ggningen har fem unika matupplevelser, en omfattande barnklubb och Spa by JW, som ger en holistisk inst\u00e4llning till v\u00e4lbefinnande.<\/p>\n\n\t\t<\/div>\n\t<\/div>\n<\/div><\/div><\/div><\/div><div class=\"vc_row wpb_row vc_row-fluid\"><div class=\"wpb_column vc_column_container vc_col-sm-12\"><div class=\"vc_column-inner\"><div class=\"wpb_wrapper\">\n\t<div class=\"wpb_text_column wpb_content_element\" >\n\t\t<div class=\"wpb_wrapper\">\n\t\t\t<h4><a href=\"https:\/\/maldives-paradise.com\/sv\/2024\/03\/de-basta-lyxresorterna-i-baa-atoll\/\">De b\u00e4sta lyxresorterna i Baa Atoll<\/a><\/h4>\n\n\t\t<\/div>\n\t<\/div>\n<\/div><\/div><\/div><\/div>\n<\/div>","protected":false},"excerpt":{"rendered":"<div class=\"mh-excerpt\"><\/div>","protected":false},"author":1,"featured_media":16082,"parent":0,"menu_order":0,"comment_status":"closed","ping_status":"closed","template":"","meta":{"footnotes":""},"class_list":["post-16081","page","type-page","status-publish","has-post-thumbnail"],"aioseo_notices":[],"_links":{"self":[{"href":"https:\/\/maldives-paradise.com\/sv\/wp-json\/wp\/v2\/pages\/16081","targetHints":{"allow":["GET"]}}],"collection":[{"href":"https:\/\/maldives-paradise.com\/sv\/wp-json\/wp\/v2\/pages"}],"about":[{"href":"https:\/\/maldives-paradise.com\/sv\/wp-json\/wp\/v2\/types\/page"}],"author":[{"embeddable":true,"href":"https:\/\/maldives-paradise.com\/sv\/wp-json\/wp\/v2\/users\/1"}],"replies":[{"embeddable":true,"href":"https:\/\/maldives-paradise.com\/sv\/wp-json\/wp\/v2\/comments?post=16081"}],"version-history":[{"count":4,"href":"https:\/\/maldives-paradise.com\/sv\/wp-json\/wp\/v2\/pages\/16081\/revisions"}],"predecessor-version":[{"id":43321,"href":"https:\/\/maldives-paradise.com\/sv\/wp-json\/wp\/v2\/pages\/16081\/revisions\/43321"}],"wp:featuredmedia":[{"embeddable":true,"href":"https:\/\/maldives-paradise.com\/sv\/wp-json\/wp\/v2\/media\/16082"}],"wp:attachment":[{"href":"https:\/\/maldives-paradise.com\/sv\/wp-json\/wp\/v2\/media?parent=16081"}],"curies":[{"name":"wp","href":"https:\/\/api.w.org\/{rel}","templated":true}]}}