{"id":15837,"date":"2024-05-22T16:34:40","date_gmt":"2024-05-22T16:34:40","guid":{"rendered":"http:\/\/maldives-paradise.com\/?page_id=15837"},"modified":"2025-10-04T09:51:35","modified_gmt":"2025-10-04T09:51:35","slug":"de-basta-lyxresorterna-i-dhaalu-atollen","status":"publish","type":"page","link":"https:\/\/maldives-paradise.com\/sv\/de-basta-lyxresorterna-i-dhaalu-atollen\/","title":{"rendered":"De b\u00e4sta lyxresorterna i Dhaalu Atoll"},"content":{"rendered":"<div class=\"wpb-content-wrapper\"><div class=\"vc_row wpb_row vc_row-fluid\"><div class=\"wpb_column vc_column_container vc_col-sm-12\"><div class=\"vc_column-inner\"><div class=\"wpb_wrapper\">\n\t<div class=\"wpb_text_column wpb_content_element\" >\n\t\t<div class=\"wpb_wrapper\">\n\t\t\t<p>Dhaalu Atoll, en or\u00f6rd juvel i Maldivernas krona, hyllas f\u00f6r sina hisnande undervattenslandskap, kristallklart turkosa vatten och avskilda \u00f6ar som erbjuder det ultimata inom lyx och avskildhet. Den h\u00e4r atollen har blivit ett eftertraktat resm\u00e5l f\u00f6r dem som \u00f6nskar en tillflyktsort som kombinerar lugnet p\u00e5 en avskild \u00f6 med \u00f6verfl\u00f6d av lyxresorter. H\u00e4r bevaras harmonin mellan natur och lyxig komfort minuti\u00f6st, vilket ger g\u00e4sterna en o\u00f6vertr\u00e4ffad upplevelse. Nedan \u00e4r de tio b\u00e4sta lyxresorterna i <strong>Dhaalu Atoll<\/strong>, var och en ger en flykt in i en v\u00e4rld av \u00f6verseende lugn och o\u00f6vertr\u00e4ffad sk\u00f6nhet.<\/p>\n\n\t\t<\/div>\n\t<\/div>\n<\/div><\/div><\/div><\/div><div class=\"vc_row wpb_row vc_row-fluid\"><div class=\"wpb_column vc_column_container vc_col-sm-12\"><div class=\"vc_column-inner\"><div class=\"wpb_wrapper\">\n\t<div  class=\"wpb_single_image wpb_content_element vc_align_left wpb_content_element\">\n\t\t<h2 class=\"wpb_heading wpb_singleimage_heading\">Niyama Private Islands Maldiverna<\/h2>\n\t\t<figure class=\"wpb_wrapper vc_figure\">\n\t\t\t<div class=\"vc_single_image-wrapper   vc_box_border_grey\"><img loading=\"lazy\" decoding=\"async\" width=\"1024\" height=\"720\" src=\"https:\/\/maldives-paradise.com\/wp-content\/uploads\/2024\/01\/niyama2.jpg\" class=\"vc_single_image-img attachment-large\" alt=\"Niyama Private Islands Maldiverna\" title=\"nyama2\" srcset=\"https:\/\/maldives-paradise.com\/wp-content\/uploads\/2024\/01\/niyama2.jpg 1024w, https:\/\/maldives-paradise.com\/wp-content\/uploads\/2024\/01\/niyama2-300x211.jpg 300w, https:\/\/maldives-paradise.com\/wp-content\/uploads\/2024\/01\/niyama2-768x540.jpg 768w, https:\/\/maldives-paradise.com\/wp-content\/uploads\/2024\/01\/niyama2-500x352.jpg 500w, https:\/\/maldives-paradise.com\/wp-content\/uploads\/2024\/01\/niyama2-800x563.jpg 800w\" sizes=\"auto, (max-width: 1024px) 100vw, 1024px\" \/><\/div>\n\t\t<\/figure>\n\t<\/div>\n<\/div><\/div><\/div><\/div><div class=\"vc_row wpb_row vc_row-fluid\"><div class=\"wpb_column vc_column_container vc_col-sm-12\"><div class=\"vc_column-inner\"><div class=\"wpb_wrapper\">\n\t<div class=\"wpb_text_column wpb_content_element\" >\n\t\t<div class=\"wpb_wrapper\">\n\t\t\t<h4><a href=\"https:\/\/lamp.glopss.com\/SHUv\" target=\"_blank\" rel=\"nofollow noopener\">Niyama Private Islands Maldiverna<\/a><\/h4>\n<p>Niyama Private Islands Maldiverna tar konceptet med \u00f6-chic till en ny niv\u00e5 med sina tvilling\u00f6ar, Play och Chill. Anl\u00e4ggningen erbjuder en unik blandning av \u00e4ventyrliga aktiviteter och fridfull avkoppling, inklusive en undervattensnattklubb och ett lugnt \u00f6vervattenspa. Villorna, som str\u00e4cker sig fr\u00e5n stranden till \u00f6ver vattnet, omdefinierar lyx med sina privata pooler och direkt tillg\u00e5ng till lagunen eller havet.<\/p>\n\n\t\t<\/div>\n\t<\/div>\n<\/div><\/div><\/div><\/div><div class=\"vc_row wpb_row vc_row-fluid\"><div class=\"wpb_column vc_column_container vc_col-sm-12\"><div class=\"vc_column-inner\"><div class=\"wpb_wrapper\">\n\t<div  class=\"wpb_single_image wpb_content_element vc_align_left wpb_content_element\">\n\t\t<h2 class=\"wpb_heading wpb_singleimage_heading\">St. Regis Maldives Vommuli Resort<\/h2>\n\t\t<figure class=\"wpb_wrapper vc_figure\">\n\t\t\t<div class=\"vc_single_image-wrapper   vc_box_border_grey\"><img loading=\"lazy\" decoding=\"async\" width=\"780\" height=\"489\" src=\"https:\/\/maldives-paradise.com\/wp-content\/uploads\/2024\/05\/the-st-regis-maldives-780.jpg\" class=\"vc_single_image-img attachment-large\" alt=\"St. Regis Maldives Vommuli Resort\" title=\"the-st-regis-maldiverna-780\" srcset=\"https:\/\/maldives-paradise.com\/wp-content\/uploads\/2024\/05\/the-st-regis-maldives-780.jpg 780w, https:\/\/maldives-paradise.com\/wp-content\/uploads\/2024\/05\/the-st-regis-maldives-780-300x188.jpg 300w, https:\/\/maldives-paradise.com\/wp-content\/uploads\/2024\/05\/the-st-regis-maldives-780-768x481.jpg 768w, https:\/\/maldives-paradise.com\/wp-content\/uploads\/2024\/05\/the-st-regis-maldives-780-18x12.jpg 18w, https:\/\/maldives-paradise.com\/wp-content\/uploads\/2024\/05\/the-st-regis-maldives-780-500x313.jpg 500w\" sizes=\"auto, (max-width: 780px) 100vw, 780px\" \/><\/div>\n\t\t<\/figure>\n\t<\/div>\n<\/div><\/div><\/div><\/div><div class=\"vc_row wpb_row vc_row-fluid\"><div class=\"wpb_column vc_column_container vc_col-sm-12\"><div class=\"vc_column-inner\"><div class=\"wpb_wrapper\">\n\t<div class=\"wpb_text_column wpb_content_element\" >\n\t\t<div class=\"wpb_wrapper\">\n\t\t\t<h4><a href=\"https:\/\/trip.tpo.lv\/2x3dIFEs\" target=\"_blank\" rel=\"nofollow noopener\">St. Regis Maldives Vommuli Resort<\/a><\/h4>\n<p>The St. Regis Maldives Vommuli Resort \u00e4r k\u00e4nt f\u00f6r sin hisnande arkitektur och exceptionella service och erbjuder en o\u00f6vertr\u00e4ffad maldivisk upplevelse. Varje villa \u00e4r en oas av lyx och erbjuder privata pooler och fantastisk utsikt \u00f6ver Indiska oceanen. Anl\u00e4ggningens Iridium Spa ligger p\u00e5 sin egen \u00f6 och erbjuder skr\u00e4ddarsydda behandlingar i en lugn milj\u00f6.<\/p>\n\n\t\t<\/div>\n\t<\/div>\n<\/div><\/div><\/div><\/div><div class=\"vc_row wpb_row vc_row-fluid\"><div class=\"wpb_column vc_column_container vc_col-sm-12\"><div class=\"vc_column-inner\"><div class=\"wpb_wrapper\">\n\t<div  class=\"wpb_single_image wpb_content_element vc_align_left wpb_content_element\">\n\t\t<h2 class=\"wpb_heading wpb_singleimage_heading\">Sun Siyam Iru Veli<\/h2>\n\t\t<figure class=\"wpb_wrapper vc_figure\">\n\t\t\t<div class=\"vc_single_image-wrapper   vc_box_border_grey\"><img loading=\"lazy\" decoding=\"async\" width=\"780\" height=\"519\" src=\"https:\/\/maldives-paradise.com\/wp-content\/uploads\/2024\/05\/Sun-Siyam-Iru-Veli-Premium-All-Inclusive.jpeg\" class=\"vc_single_image-img attachment-large\" alt=\"Sun Siyam Iru Veli Resort Maldiverna\" title=\"Sun-Siyam-Iru-Veli-Premium-All Inclusive\" srcset=\"https:\/\/maldives-paradise.com\/wp-content\/uploads\/2024\/05\/Sun-Siyam-Iru-Veli-Premium-All-Inclusive.jpeg 780w, https:\/\/maldives-paradise.com\/wp-content\/uploads\/2024\/05\/Sun-Siyam-Iru-Veli-Premium-All-Inclusive-300x200.jpeg 300w, https:\/\/maldives-paradise.com\/wp-content\/uploads\/2024\/05\/Sun-Siyam-Iru-Veli-Premium-All-Inclusive-768x511.jpeg 768w, https:\/\/maldives-paradise.com\/wp-content\/uploads\/2024\/05\/Sun-Siyam-Iru-Veli-Premium-All-Inclusive-18x12.jpeg 18w, https:\/\/maldives-paradise.com\/wp-content\/uploads\/2024\/05\/Sun-Siyam-Iru-Veli-Premium-All-Inclusive-500x333.jpeg 500w\" sizes=\"auto, (max-width: 780px) 100vw, 780px\" \/><\/div>\n\t\t<\/figure>\n\t<\/div>\n<\/div><\/div><\/div><\/div><div class=\"vc_row wpb_row vc_row-fluid\"><div class=\"wpb_column vc_column_container vc_col-sm-12\"><div class=\"vc_column-inner\"><div class=\"wpb_wrapper\">\n\t<div class=\"wpb_text_column wpb_content_element\" >\n\t\t<div class=\"wpb_wrapper\">\n\t\t\t<h4><a href=\"https:\/\/lamp.glopss.com\/SHVC\" target=\"_blank\" rel=\"nofollow noopener\">Sun Siyam Iru Veli<\/a><\/h4>\n<p>Sun Siyam Iru Veli \u00e4r en exklusiv resort med sviter och \u00e4r ett m\u00e4sterverk av modern design och lyxigt boende. Varje svit erbjuder direkt tillg\u00e5ng till stranden eller lagunen, och m\u00e5nga har en privat pool. Anl\u00e4ggningen har en rad matst\u00e4llen, fr\u00e5n internationella buff\u00e9er till fina middagsupplevelser, vilket garanterar en kulinarisk resa lika m\u00e5ngsidig som den \u00e4r f\u00f6rtjusande.<\/p>\n\n\t\t<\/div>\n\t<\/div>\n<\/div><\/div><\/div><\/div><div class=\"vc_row wpb_row vc_row-fluid\"><div class=\"wpb_column vc_column_container vc_col-sm-12\"><div class=\"vc_column-inner\"><div class=\"wpb_wrapper\">\n\t<div  class=\"wpb_single_image wpb_content_element vc_align_left wpb_content_element\">\n\t\t<h2 class=\"wpb_heading wpb_singleimage_heading\">Kandima Maldiverna<\/h2>\n\t\t<figure class=\"wpb_wrapper vc_figure\">\n\t\t\t<div class=\"vc_single_image-wrapper   vc_box_border_grey\"><img loading=\"lazy\" decoding=\"async\" width=\"1024\" height=\"767\" src=\"https:\/\/maldives-paradise.com\/wp-content\/uploads\/2024\/02\/Kandima.jpg\" class=\"vc_single_image-img attachment-large\" alt=\"Kandima Maldiverna\" title=\"Kandima.jpg\" srcset=\"https:\/\/maldives-paradise.com\/wp-content\/uploads\/2024\/02\/Kandima.jpg 1024w, https:\/\/maldives-paradise.com\/wp-content\/uploads\/2024\/02\/Kandima-300x225.jpg 300w, https:\/\/maldives-paradise.com\/wp-content\/uploads\/2024\/02\/Kandima-768x575.jpg 768w, https:\/\/maldives-paradise.com\/wp-content\/uploads\/2024\/02\/Kandima-16x12.jpg 16w, https:\/\/maldives-paradise.com\/wp-content\/uploads\/2024\/02\/Kandima-678x509.jpg 678w, https:\/\/maldives-paradise.com\/wp-content\/uploads\/2024\/02\/Kandima-326x245.jpg 326w, https:\/\/maldives-paradise.com\/wp-content\/uploads\/2024\/02\/Kandima-80x60.jpg 80w, https:\/\/maldives-paradise.com\/wp-content\/uploads\/2024\/02\/Kandima-500x375.jpg 500w, https:\/\/maldives-paradise.com\/wp-content\/uploads\/2024\/02\/Kandima-800x599.jpg 800w\" sizes=\"auto, (max-width: 1024px) 100vw, 1024px\" \/><\/div>\n\t\t<\/figure>\n\t<\/div>\n<\/div><\/div><\/div><\/div><div class=\"vc_row wpb_row vc_row-fluid\"><div class=\"wpb_column vc_column_container vc_col-sm-12\"><div class=\"vc_column-inner\"><div class=\"wpb_wrapper\">\n\t<div class=\"wpb_text_column wpb_content_element\" >\n\t\t<div class=\"wpb_wrapper\">\n\t\t\t<h4><a href=\"https:\/\/lamp.glopss.com\/SHUV\" target=\"_blank\" rel=\"nofollow noopener\">Kandima Maldiverna<\/a><\/h4>\n<p>Positionerad som en livsstilsresort erbjuder Kandima Maldives en fr\u00e4sch inblick i den maldiviska semestern med sin konststudio, marinbiologiska centrum och omfattande sportfaciliteter. Anl\u00e4ggningen v\u00e4nder sig till b\u00e5de familjer och par, med ett utbud av boende som inkluderar strandn\u00e4ra och vattenlevande villor, som alla erbjuder elegant inredning och moderna bekv\u00e4mligheter.<\/p>\n\n\t\t<\/div>\n\t<\/div>\n<\/div><\/div><\/div><\/div><div class=\"vc_row wpb_row vc_row-fluid\"><div class=\"wpb_column vc_column_container vc_col-sm-12\"><div class=\"vc_column-inner\"><div class=\"wpb_wrapper\">\n\t<div  class=\"wpb_single_image wpb_content_element vc_align_left wpb_content_element\">\n\t\t<h2 class=\"wpb_heading wpb_singleimage_heading\">Baglioni Resort Maldiverna<\/h2>\n\t\t<figure class=\"wpb_wrapper vc_figure\">\n\t\t\t<div class=\"vc_single_image-wrapper   vc_box_border_grey\"><img loading=\"lazy\" decoding=\"async\" width=\"1024\" height=\"764\" src=\"https:\/\/maldives-paradise.com\/wp-content\/uploads\/2023\/12\/baglioni-maldives-1.jpg\" class=\"vc_single_image-img attachment-large\" alt=\"Baglioni Resort Maldiverna\" title=\"baglioni-maldiverna\" srcset=\"https:\/\/maldives-paradise.com\/wp-content\/uploads\/2023\/12\/baglioni-maldives-1.jpg 1024w, https:\/\/maldives-paradise.com\/wp-content\/uploads\/2023\/12\/baglioni-maldives-1-300x224.jpg 300w, https:\/\/maldives-paradise.com\/wp-content\/uploads\/2023\/12\/baglioni-maldives-1-768x573.jpg 768w, https:\/\/maldives-paradise.com\/wp-content\/uploads\/2023\/12\/baglioni-maldives-1-80x60.jpg 80w, https:\/\/maldives-paradise.com\/wp-content\/uploads\/2023\/12\/baglioni-maldives-1-500x373.jpg 500w, https:\/\/maldives-paradise.com\/wp-content\/uploads\/2023\/12\/baglioni-maldives-1-800x597.jpg 800w\" sizes=\"auto, (max-width: 1024px) 100vw, 1024px\" \/><\/div>\n\t\t<\/figure>\n\t<\/div>\n<\/div><\/div><\/div><\/div><div class=\"vc_row wpb_row vc_row-fluid\"><div class=\"wpb_column vc_column_container vc_col-sm-12\"><div class=\"vc_column-inner\"><div class=\"wpb_wrapper\">\n\t<div class=\"wpb_text_column wpb_content_element\" >\n\t\t<div class=\"wpb_wrapper\">\n\t\t\t<h4><a href=\"https:\/\/trip.tpo.lv\/k5f5be0H\" target=\"_blank\" rel=\"nofollow noopener\">Baglioni Resort Maldiverna<\/a><\/h4>\n<p>Baglioni Resort Maldives kombinerar italiensk stil med tropisk maldivisk sk\u00f6nhet, och \u00e4r en lyxparadis f\u00f6r kr\u00e4sna resen\u00e4rer. Anl\u00e4ggningens villor erbjuder en blandning av elegans och avskildhet, med vissa ovanp\u00e5 det azurbl\u00e5 vattnet och andra inb\u00e4ddat p\u00e5 de vita sandstr\u00e4nderna. Anl\u00e4ggningen \u00e4r stolt \u00f6ver sina gourmetmatupplevelser och Baglioni SPA, som erbjuder en lugn oas f\u00f6r sinnena.<\/p>\n\n\t\t<\/div>\n\t<\/div>\n<\/div><\/div><\/div><\/div><div class=\"vc_row wpb_row vc_row-fluid\"><div class=\"wpb_column vc_column_container vc_col-sm-12\"><div class=\"vc_column-inner\"><div class=\"wpb_wrapper\">\n\t<div  class=\"wpb_single_image wpb_content_element vc_align_left wpb_content_element\">\n\t\t<h2 class=\"wpb_heading wpb_singleimage_heading\">Angsana Velavaru<\/h2>\n\t\t<figure class=\"wpb_wrapper vc_figure\">\n\t\t\t<div class=\"vc_single_image-wrapper   vc_box_border_grey\"><img loading=\"lazy\" decoding=\"async\" width=\"700\" height=\"466\" src=\"https:\/\/maldives-paradise.com\/wp-content\/uploads\/2023\/12\/batch_Angsana-Velavaru-Kuredhi-Bar-Alfresco.jpg\" class=\"vc_single_image-img attachment-large\" alt=\"Angsana Velavaru\" title=\"batch_Angsana-Velavaru-Kuredhi-Bar-Alfresco.jpg\" srcset=\"https:\/\/maldives-paradise.com\/wp-content\/uploads\/2023\/12\/batch_Angsana-Velavaru-Kuredhi-Bar-Alfresco.jpg 700w, https:\/\/maldives-paradise.com\/wp-content\/uploads\/2023\/12\/batch_Angsana-Velavaru-Kuredhi-Bar-Alfresco-300x200.jpg 300w, https:\/\/maldives-paradise.com\/wp-content\/uploads\/2023\/12\/batch_Angsana-Velavaru-Kuredhi-Bar-Alfresco-500x333.jpg 500w\" sizes=\"auto, (max-width: 700px) 100vw, 700px\" \/><\/div>\n\t\t<\/figure>\n\t<\/div>\n<\/div><\/div><\/div><\/div><div class=\"vc_row wpb_row vc_row-fluid\"><div class=\"wpb_column vc_column_container vc_col-sm-12\"><div class=\"vc_column-inner\"><div class=\"wpb_wrapper\">\n\t<div class=\"wpb_text_column wpb_content_element\" >\n\t\t<div class=\"wpb_wrapper\">\n\t\t\t<h4><a href=\"https:\/\/trip.tpo.lv\/DQMUstBs\" target=\"_blank\" rel=\"nofollow noopener\">Angsana Velavaru<\/a><\/h4>\n<p>Angsana Velavaru, &quot;Sk\u00f6ldpadds\u00f6n&quot; p\u00e5 det lokala spr\u00e5ket, erbjuder en idyllisk tillflyktsort med sina villor som sm\u00e4lter in i den naturliga omgivningen. Anl\u00e4ggningen \u00e4r s\u00e4rskilt k\u00e4nd f\u00f6r sina InOcean Villas, den f\u00f6rsta frist\u00e5ende samlingen av vattenvillor som ligger en kilometer fr\u00e5n huvud\u00f6n och ger o\u00f6vertr\u00e4ffad avskildhet och panoramautsikt \u00f6ver havet.<\/p>\n\n\t\t<\/div>\n\t<\/div>\n<\/div><\/div><\/div><\/div><div class=\"vc_row wpb_row vc_row-fluid\"><div class=\"wpb_column vc_column_container vc_col-sm-12\"><div class=\"vc_column-inner\"><div class=\"wpb_wrapper\">\n\t<div  class=\"wpb_single_image wpb_content_element vc_align_left wpb_content_element\">\n\t\t<h2 class=\"wpb_heading wpb_singleimage_heading\">Nova Maldiverna<\/h2>\n\t\t<figure class=\"wpb_wrapper vc_figure\">\n\t\t\t<div class=\"vc_single_image-wrapper   vc_box_border_grey\"><img loading=\"lazy\" decoding=\"async\" width=\"854\" height=\"480\" src=\"https:\/\/maldives-paradise.com\/wp-content\/uploads\/2023\/12\/nova-maldives.jpg\" class=\"vc_single_image-img attachment-large\" alt=\"Nova Maldiverna\" title=\"nova-maldiverna\" srcset=\"https:\/\/maldives-paradise.com\/wp-content\/uploads\/2023\/12\/nova-maldives.jpg 854w, https:\/\/maldives-paradise.com\/wp-content\/uploads\/2023\/12\/nova-maldives-300x169.jpg 300w, https:\/\/maldives-paradise.com\/wp-content\/uploads\/2023\/12\/nova-maldives-768x432.jpg 768w, https:\/\/maldives-paradise.com\/wp-content\/uploads\/2023\/12\/nova-maldives-678x381.jpg 678w, https:\/\/maldives-paradise.com\/wp-content\/uploads\/2023\/12\/nova-maldives-500x281.jpg 500w, https:\/\/maldives-paradise.com\/wp-content\/uploads\/2023\/12\/nova-maldives-800x450.jpg 800w\" sizes=\"auto, (max-width: 854px) 100vw, 854px\" \/><\/div>\n\t\t<\/figure>\n\t<\/div>\n<\/div><\/div><\/div><\/div><div class=\"vc_row wpb_row vc_row-fluid\"><div class=\"wpb_column vc_column_container vc_col-sm-12\"><div class=\"vc_column-inner\"><div class=\"wpb_wrapper\">\n\t<div class=\"wpb_text_column wpb_content_element\" >\n\t\t<div class=\"wpb_wrapper\">\n\t\t\t<h4><a href=\"https:\/\/hotellook.tp.st\/JA6kruq4\" target=\"_blank\" rel=\"nofollow noopener\">Nova Maldiverna<\/a><\/h4>\n<p>Ett lyxigt modernt all-inclusive-gemenskapskoncept, en avslappnad plats med en sj\u00e4l som v\u00e4cker gl\u00e4dje och \u00e4r designad f\u00f6r verklig anslutning. N\u00e5gonstans att m\u00e5 ditt allra b\u00e4sta \u2013 och mest omh\u00e4ndertaget. Oavsett om du reser ensam, med n\u00e4ra och k\u00e4ra, v\u00e4nner eller familj - alla \u00e4r v\u00e4lkomna till v\u00e5rt hem-borta-hemifr\u00e5n. H\u00e4r kan du g\u00f6ra s\u00e5 mycket eller s\u00e5 lite du vill - vad du \u00e4n vill. Dyk, tr\u00e4na p\u00e5 gymmet eller sitt under palmerna och njut av n\u00e5got enkelt och verkligt. K\u00e4nn dig glad \u00f6ver att vara h\u00e4r. Glad i stunden - p\u00e5 en av Maldivernas b\u00e4sta all inclusive-resorter.<\/p>\n\n\t\t<\/div>\n\t<\/div>\n<\/div><\/div><\/div><\/div><div class=\"vc_row wpb_row vc_row-fluid\"><div class=\"wpb_column vc_column_container vc_col-sm-12\"><div class=\"vc_column-inner\"><div class=\"wpb_wrapper\">\n\t<div  class=\"wpb_single_image wpb_content_element vc_align_left wpb_content_element\">\n\t\t<h2 class=\"wpb_heading wpb_singleimage_heading\">Ayada Maldiverna<\/h2>\n\t\t<figure class=\"wpb_wrapper vc_figure\">\n\t\t\t<div class=\"vc_single_image-wrapper   vc_box_border_grey\"><img loading=\"lazy\" decoding=\"async\" width=\"1024\" height=\"767\" src=\"https:\/\/maldives-paradise.com\/wp-content\/uploads\/2023\/12\/ayada-maldives-1024x767.jpg\" class=\"vc_single_image-img attachment-large\" alt=\"Ayada Maldiverna\" title=\"ayada-maldiverna\" srcset=\"https:\/\/maldives-paradise.com\/wp-content\/uploads\/2023\/12\/ayada-maldives-1024x767.jpg 1024w, https:\/\/maldives-paradise.com\/wp-content\/uploads\/2023\/12\/ayada-maldives-300x225.jpg 300w, https:\/\/maldives-paradise.com\/wp-content\/uploads\/2023\/12\/ayada-maldives-768x575.jpg 768w, https:\/\/maldives-paradise.com\/wp-content\/uploads\/2023\/12\/ayada-maldives-678x509.jpg 678w, https:\/\/maldives-paradise.com\/wp-content\/uploads\/2023\/12\/ayada-maldives-326x245.jpg 326w, https:\/\/maldives-paradise.com\/wp-content\/uploads\/2023\/12\/ayada-maldives-80x60.jpg 80w, https:\/\/maldives-paradise.com\/wp-content\/uploads\/2023\/12\/ayada-maldives-500x375.jpg 500w, https:\/\/maldives-paradise.com\/wp-content\/uploads\/2023\/12\/ayada-maldives-800x599.jpg 800w, https:\/\/maldives-paradise.com\/wp-content\/uploads\/2023\/12\/ayada-maldives.jpg 1080w\" sizes=\"auto, (max-width: 1024px) 100vw, 1024px\" \/><\/div>\n\t\t<\/figure>\n\t<\/div>\n<\/div><\/div><\/div><\/div><div class=\"vc_row wpb_row vc_row-fluid\"><div class=\"wpb_column vc_column_container vc_col-sm-12\"><div class=\"vc_column-inner\"><div class=\"wpb_wrapper\">\n\t<div class=\"wpb_text_column wpb_content_element\" >\n\t\t<div class=\"wpb_wrapper\">\n\t\t\t<h4><a href=\"http:\/\/lamp.glopss.com\/aff_c?offer_id=1520&amp;aff_id=1834\" target=\"_blank\" rel=\"nofollow noopener\">Ayada Maldiverna<\/a><\/h4>\n<p>Tilldelad TripAdvisors &quot;Best of the Best Hotel Award 2023&quot; f\u00f6r ett exceptionellt tredje \u00e5r i rad och ocks\u00e5 listad bland de 25 b\u00e4sta lyxresorterna v\u00e4rlden \u00f6ver, Ayada Maldives \u00e4r en lyxig privat \u00f6-resort som erbjuder en verkligt lyxig tillflyktsort med en genuin maldivisk stil. Bel\u00e4get i den relativt outforskade Gaafu Dhaalu-atollen i s\u00f6dra landet<\/p>\n<p>Var och en av dessa orter i Dhaalu Atoll ger en unik lins f\u00f6r att uppleva Maldivernas sk\u00f6nhet och lugn. Oavsett om du letar efter \u00e4ventyr, avkoppling eller en djupdykning i maldivisk kultur, erbjuder Dhaalu Atolls lyxresorter en ink\u00f6rsport till of\u00f6rgl\u00f6mliga upplevelser p\u00e5 en av v\u00e4rldens mest pittoreska destinationer.<\/p>\n\n\t\t<\/div>\n\t<\/div>\n<\/div><\/div><\/div><\/div><div class=\"vc_row wpb_row vc_row-fluid\"><div class=\"wpb_column vc_column_container vc_col-sm-12\"><div class=\"vc_column-inner\"><div class=\"wpb_wrapper\">\n\t<div class=\"wpb_text_column wpb_content_element\" >\n\t\t<div class=\"wpb_wrapper\">\n\t\t\t<h4><a href=\"http:\/\/maldives-paradise.com\/sv\/basta-lyxresorterna-i-addu-atoll\/\">B\u00e4sta lyxresorterna i Addu Atoll<\/a><\/h4>\n\n\t\t<\/div>\n\t<\/div>\n<\/div><\/div><\/div><\/div>\n<\/div>","protected":false},"excerpt":{"rendered":"<div class=\"mh-excerpt\"><\/div>","protected":false},"author":1,"featured_media":15838,"parent":0,"menu_order":0,"comment_status":"closed","ping_status":"closed","template":"","meta":{"footnotes":""},"class_list":["post-15837","page","type-page","status-publish","has-post-thumbnail"],"aioseo_notices":[],"_links":{"self":[{"href":"https:\/\/maldives-paradise.com\/sv\/wp-json\/wp\/v2\/pages\/15837","targetHints":{"allow":["GET"]}}],"collection":[{"href":"https:\/\/maldives-paradise.com\/sv\/wp-json\/wp\/v2\/pages"}],"about":[{"href":"https:\/\/maldives-paradise.com\/sv\/wp-json\/wp\/v2\/types\/page"}],"author":[{"embeddable":true,"href":"https:\/\/maldives-paradise.com\/sv\/wp-json\/wp\/v2\/users\/1"}],"replies":[{"embeddable":true,"href":"https:\/\/maldives-paradise.com\/sv\/wp-json\/wp\/v2\/comments?post=15837"}],"version-history":[{"count":6,"href":"https:\/\/maldives-paradise.com\/sv\/wp-json\/wp\/v2\/pages\/15837\/revisions"}],"predecessor-version":[{"id":42880,"href":"https:\/\/maldives-paradise.com\/sv\/wp-json\/wp\/v2\/pages\/15837\/revisions\/42880"}],"wp:featuredmedia":[{"embeddable":true,"href":"https:\/\/maldives-paradise.com\/sv\/wp-json\/wp\/v2\/media\/15838"}],"wp:attachment":[{"href":"https:\/\/maldives-paradise.com\/sv\/wp-json\/wp\/v2\/media?parent=15837"}],"curies":[{"name":"wp","href":"https:\/\/api.w.org\/{rel}","templated":true}]}}