{"id":14860,"date":"2024-05-04T07:48:44","date_gmt":"2024-05-04T07:48:44","guid":{"rendered":"http:\/\/maldives-paradise.com\/?page_id=14860"},"modified":"2024-05-04T07:48:44","modified_gmt":"2024-05-04T07:48:44","slug":"halsovard-och-medicinska-kliniker-for-turister-pa-maldiverna","status":"publish","type":"page","link":"https:\/\/maldives-paradise.com\/sv\/halsovard-och-medicinska-kliniker-for-turister-pa-maldiverna\/","title":{"rendered":"H\u00e4lsov\u00e5rd och medicinska kliniker f\u00f6r turister p\u00e5 Maldiverna"},"content":{"rendered":"<div class=\"wpb-content-wrapper\"><div class=\"vc_row wpb_row vc_row-fluid\"><div class=\"wpb_column vc_column_container vc_col-sm-12\"><div class=\"vc_column-inner\"><div class=\"wpb_wrapper\">\n\t<div class=\"wpb_text_column wpb_content_element\" >\n\t\t<div class=\"wpb_wrapper\">\n\t\t\t<p>Maldiverna, k\u00e4nda f\u00f6r sina hisnande \u00f6ar och som en lyxig semesterdestination, \u00e4r ocks\u00e5 utrustad med ett sjukv\u00e5rdssystem utformat f\u00f6r att tillgodose b\u00e5de dess inv\u00e5nare och de internationella turister som bes\u00f6ker varje \u00e5r. Att f\u00f6rst\u00e5 omfattningen och effektiviteten hos tillg\u00e4ngliga h\u00e4lsotj\u00e4nster \u00e4r avg\u00f6rande f\u00f6r resen\u00e4rer, s\u00e4rskilt n\u00e4r de bes\u00f6ker avl\u00e4gsna \u00f6ar.<\/p>\n<p><strong>Sjukv\u00e5rdens infrastruktur<\/strong><\/p>\n<p>Sjukv\u00e5rdssystemet p\u00e5 Maldiverna har sett betydande uppgraderingar de senaste \u00e5ren. Huvudstaden, Mal\u00e9, \u00e4r v\u00e4rd f\u00f6r de mest avancerade medicinska anl\u00e4ggningarna i landet, inklusive Indira Gandhi Memorial Hospital (IGMH) och ADK Hospital, som erbjuder en rad specialiserade tj\u00e4nster. F\u00f6r turister \u00e4r dessa sjukhus de prim\u00e4ra centra f\u00f6r omfattande medicinsk v\u00e5rd, utrustade f\u00f6r att hantera allvarligare medicinska fall inklusive n\u00f6dsituationer. B\u00e5da sjukhusen har engelsktalande l\u00e4kare.<\/p>\n<p>F\u00f6rutom dessa finns det regionala sjukhus och m\u00e5nga v\u00e5rdcentraler spridda \u00f6ver olika atoller. Maldiverna har ocks\u00e5 ett n\u00e4tverk av \u00f6kliniker, speciellt inriktade p\u00e5 att tillhandah\u00e5lla grundl\u00e4ggande medicinska tj\u00e4nster. Dessa \u00e4r s\u00e4rskilt viktiga med tanke p\u00e5 sk\u00e4rg\u00e5rdens spridda natur.<\/p>\n<p><strong>Sjukv\u00e5rd f\u00f6r turister<\/strong><\/p>\n<p>De flesta orter p\u00e5 Maldiverna har medicinska kliniker p\u00e5 plats bemannade av en allm\u00e4nl\u00e4kare eller en sjuksk\u00f6terska, som kan behandla mindre \u00e5kommor som sk\u00e4rs\u00e5r, bl\u00e5m\u00e4rken och vanliga sjukdomar som f\u00f6rkylningar eller allergier. F\u00f6r mer allvarliga problem kan resortkliniker underl\u00e4tta transfer till n\u00e4rmaste sjukhus. I n\u00f6dsituationer, s\u00e4rskilt p\u00e5 mer isolerade \u00f6ar, anv\u00e4nds sj\u00f6flygplan eller motorb\u00e5tar f\u00f6r att transportera patienter till b\u00e4ttre utrustade anl\u00e4ggningar i Mal\u00e9.<\/p>\n<p>Maldivernas privata h\u00e4lsov\u00e5rdssektor har vuxit avsev\u00e4rt under det senaste decenniet eller s\u00e5 p\u00e5 Maldiverna. F\u00f6r n\u00e4rvarande finns det mer \u00e4n 50 kliniker ut\u00f6ver ett f\u00e5tal terti\u00e4ra sjukhus \u00f6ver hela landet.<\/p>\n<p><strong>Sjukf\u00f6rs\u00e4kring och kostnader<\/strong><\/p>\n<p>Det \u00e4r mycket l\u00e4mpligt f\u00f6r turister att ha en helt\u00e4ckande resesjukf\u00f6rs\u00e4kring innan de anl\u00e4nder till Maldiverna. Sjukv\u00e5rd, s\u00e4rskilt akuta evakueringar och behandlingar p\u00e5 privata sjukhus, kan vara dyra. Sjukf\u00f6rs\u00e4kring som t\u00e4cker luftevakuering rekommenderas s\u00e4rskilt eftersom transportlogistik avsev\u00e4rt kan \u00f6ka medicinska kostnader.<\/p>\n<p><strong>H\u00e4lsof\u00f6reskrifter och rekommendationer<\/strong><\/p>\n<p>Turister b\u00f6r vidta vanliga f\u00f6rsiktighets\u00e5tg\u00e4rder f\u00f6r resor som att uppdatera vaccinationer och anv\u00e4nda myggmedel f\u00f6r att undvika tropiska sjukdomar som denguefeber, som har periodiska utbrott p\u00e5 Maldiverna. Att dricka vatten p\u00e5 flaska rekommenderas ocks\u00e5 f\u00f6r att undvika vattenburna sjukdomar.<\/p>\n<p><strong>Tillg\u00e4nglighet och tillg\u00e4nglighet<\/strong><\/p>\n<p>Tillg\u00e5ngen till sjukv\u00e5rd varierar kraftigt fr\u00e5n en \u00f6 till en annan. Medan Mal\u00e9 och st\u00f6rre turistorter erbjuder relativt h\u00f6g standard p\u00e5 sjukv\u00e5rd, kan de mer avl\u00e4gsna \u00f6arna ha begr\u00e4nsade medicinska faciliteter. Turister som planerar att bes\u00f6ka eller stanna p\u00e5 isolerade \u00f6ar b\u00f6r kontrollera tillg\u00e4ngligheten av medicinska tj\u00e4nster i f\u00f6rv\u00e4g.<\/p>\n<p><strong>Slutsats<\/strong><\/p>\n<p>Medan Maldiverna erbjuder en paradisliknande upplevelse f\u00f6r sina bes\u00f6kare, tar nationen ocks\u00e5 avsev\u00e4rda steg f\u00f6r att s\u00e4kerst\u00e4lla att turister kan f\u00e5 tillg\u00e5ng till viktiga h\u00e4lsov\u00e5rdstj\u00e4nster. Med strategisk placering av medicinska anl\u00e4ggningar och beredskap f\u00f6r n\u00f6dsituationer \u00e4r h\u00e4lso- och sjukv\u00e5rden p\u00e5 Maldiverna inriktat p\u00e5 att g\u00f6ra alla turisters vistelse s\u00e5 s\u00e4ker och h\u00e4lsosam som m\u00f6jligt.<\/p>\n<p>Alla lyxresorter har tillg\u00e5ng till p\u00e5litlig h\u00e4lsov\u00e5rd och medicinska kliniker.<\/p>\n\n\t\t<\/div>\n\t<\/div>\n<\/div><\/div><\/div><\/div>\n<\/div>","protected":false},"excerpt":{"rendered":"<div class=\"mh-excerpt\"><\/div>","protected":false},"author":1,"featured_media":14861,"parent":0,"menu_order":0,"comment_status":"closed","ping_status":"closed","template":"","meta":{"footnotes":""},"class_list":["post-14860","page","type-page","status-publish","has-post-thumbnail"],"aioseo_notices":[],"_links":{"self":[{"href":"https:\/\/maldives-paradise.com\/sv\/wp-json\/wp\/v2\/pages\/14860","targetHints":{"allow":["GET"]}}],"collection":[{"href":"https:\/\/maldives-paradise.com\/sv\/wp-json\/wp\/v2\/pages"}],"about":[{"href":"https:\/\/maldives-paradise.com\/sv\/wp-json\/wp\/v2\/types\/page"}],"author":[{"embeddable":true,"href":"https:\/\/maldives-paradise.com\/sv\/wp-json\/wp\/v2\/users\/1"}],"replies":[{"embeddable":true,"href":"https:\/\/maldives-paradise.com\/sv\/wp-json\/wp\/v2\/comments?post=14860"}],"version-history":[{"count":2,"href":"https:\/\/maldives-paradise.com\/sv\/wp-json\/wp\/v2\/pages\/14860\/revisions"}],"predecessor-version":[{"id":14863,"href":"https:\/\/maldives-paradise.com\/sv\/wp-json\/wp\/v2\/pages\/14860\/revisions\/14863"}],"wp:featuredmedia":[{"embeddable":true,"href":"https:\/\/maldives-paradise.com\/sv\/wp-json\/wp\/v2\/media\/14861"}],"wp:attachment":[{"href":"https:\/\/maldives-paradise.com\/sv\/wp-json\/wp\/v2\/media?parent=14860"}],"curies":[{"name":"wp","href":"https:\/\/api.w.org\/{rel}","templated":true}]}}