{"id":12744,"date":"2024-03-23T08:05:25","date_gmt":"2024-03-23T08:05:25","guid":{"rendered":"http:\/\/maldives-paradise.com\/?page_id=12744"},"modified":"2025-02-23T08:10:09","modified_gmt":"2025-02-23T08:10:09","slug":"budgethotell-och-resorter-pa-maldiverna","status":"publish","type":"page","link":"https:\/\/maldives-paradise.com\/sv\/budgethotell-och-resorter-pa-maldiverna\/","title":{"rendered":"Budgethotell och resorter p\u00e5 Maldiverna"},"content":{"rendered":"<div class=\"wpb-content-wrapper\"><div class=\"vc_row wpb_row vc_row-fluid\"><div class=\"wpb_column vc_column_container vc_col-sm-12\"><div class=\"vc_column-inner\"><div class=\"wpb_wrapper\">\n\t<div class=\"wpb_text_column wpb_content_element\" >\n\t\t<div class=\"wpb_wrapper\">\n\t\t\t<p>Budgethotell och pensionat p\u00e5 Maldiverna erbjuder ett prisv\u00e4rt s\u00e4tt att uppleva sk\u00f6nheten i detta tropiska paradis utan att kompromissa med komforten. Dessa boenden erbjuder vanligtvis mysiga, luftkonditionerade rum, Wi-Fi och personlig service.<br \/>\nM\u00e5nga budgethotell ligger p\u00e5 lokala \u00f6ar, vilket g\u00f6r det m\u00f6jligt f\u00f6r g\u00e4sterna att utforska pulserande kultur, or\u00f6rda str\u00e4nder och ett varierat marint liv. G\u00e4sterna kan njuta av aktiviteter som snorkling, dykning och delfinsk\u00e5dning, ofta organiserade till budgetv\u00e4nliga priser. Med alternativ som str\u00e4cker sig fr\u00e5n familje\u00e4gda pensionat till boutiquehotell, erbjuder dessa boenden en v\u00e4lkomnande atmosf\u00e4r och tillg\u00e5ng till autentiska maldiviska upplevelser, vilket g\u00f6r dem idealiska f\u00f6r resen\u00e4rer som s\u00f6ker v\u00e4rde och \u00e4ventyr.<\/p>\n\n\t\t<\/div>\n\t<\/div>\n<\/div><\/div><\/div><\/div><div class=\"vc_row wpb_row vc_row-fluid\"><div class=\"wpb_column vc_column_container vc_col-sm-3\"><div class=\"vc_column-inner\"><div class=\"wpb_wrapper\">\n\t<div  class=\"wpb_single_image wpb_content_element vc_align_left wpb_content_element\">\n\t\t\n\t\t<figure class=\"wpb_wrapper vc_figure\">\n\t\t\t<a href=\"https:\/\/maldives-paradise.com\/sv\/2024\/11\/hur-man-lever-budgetvanligt-pa-maldiverna-en-guide-for-den-kostnadsmedvetna-resenaren\/\" target=\"_self\" class=\"vc_single_image-wrapper   vc_box_border_grey\"><img loading=\"lazy\" decoding=\"async\" width=\"150\" height=\"150\" src=\"https:\/\/maldives-paradise.com\/wp-content\/uploads\/2024\/09\/maldives-beach-150x150.jpg\" class=\"vc_single_image-img attachment-thumbnail\" alt=\"Strand p\u00e5 Maldiverna\" title=\"maldiverna-stranden\" \/><\/a>\n\t\t<\/figure>\n\t<\/div>\n<\/div><\/div><\/div><div class=\"wpb_column vc_column_container vc_col-sm-9\"><div class=\"vc_column-inner\"><div class=\"wpb_wrapper\">\n\t<div class=\"wpb_text_column wpb_content_element\" >\n\t\t<div class=\"wpb_wrapper\">\n\t\t\t<h4 class=\"entry-title\"><a href=\"https:\/\/maldives-paradise.com\/sv\/2024\/11\/hur-man-lever-budgetvanligt-pa-maldiverna-en-guide-for-den-kostnadsmedvetna-resenaren\/\">Hur man lever p\u00e5 en budget i Maldiverna: En guide f\u00f6r den kostnadsmedvetna resen\u00e4ren<\/a><\/h4>\n<p>Medan Maldiverna \u00e4r k\u00e4nda f\u00f6r sina privata semester\u00f6ar finns det m\u00e5nga lokala \u00f6ar som erbjuder budgetv\u00e4nliga alternativ. Dessa \u00f6ar erbjuder budgethotell och pensionat i en autentisk upplevelse av maldiviansk kultur, med vita sandstr\u00e4nder, turkost vatten och pulserande marint liv.<\/p>\n\n\t\t<\/div>\n\t<\/div>\n<\/div><\/div><\/div><\/div><div class=\"vc_row wpb_row vc_row-fluid\"><div class=\"wpb_column vc_column_container vc_col-sm-3\"><div class=\"vc_column-inner\"><div class=\"wpb_wrapper\">\n\t<div  class=\"wpb_single_image wpb_content_element vc_align_left wpb_content_element\">\n\t\t\n\t\t<figure class=\"wpb_wrapper vc_figure\">\n\t\t\t<a href=\"https:\/\/maldives-paradise.com\/sv\/2024\/12\/budgethotell-och-pensionat-pa-on-dhigurah\/\" target=\"_self\" class=\"vc_single_image-wrapper   vc_box_border_grey\"><img loading=\"lazy\" decoding=\"async\" width=\"150\" height=\"150\" src=\"https:\/\/maldives-paradise.com\/wp-content\/uploads\/2024\/12\/Dhigurah-island-150x150.jpeg\" class=\"vc_single_image-img attachment-thumbnail\" alt=\"Dhigurah \u00f6\" title=\"DCIM100MEDIADJI_0239JPG\" \/><\/a>\n\t\t<\/figure>\n\t<\/div>\n<\/div><\/div><\/div><div class=\"wpb_column vc_column_container vc_col-sm-9\"><div class=\"vc_column-inner\"><div class=\"wpb_wrapper\">\n\t<div class=\"wpb_text_column wpb_content_element\" >\n\t\t<div class=\"wpb_wrapper\">\n\t\t\t<h4 class=\"entry-title\"><a href=\"https:\/\/maldives-paradise.com\/sv\/2024\/12\/budgethotell-och-pensionat-pa-on-dhigurah\/\">Budgethotell och pensionat p\u00e5 \u00f6n Dhigurah<\/a><\/h4>\n<p>En av Dhigurahs mest utm\u00e4rkande drag \u00e4r dess n\u00e4rhet till en \u00e5ret runt-population av valhajar, vilket g\u00f6r den till en utm\u00e4rkt destination f\u00f6r snorkling- och dykentusiaster. \u00d6ns omgivande vatten \u00e4r ocks\u00e5 hem f\u00f6r mantor och f\u00e4rgglada korallrev, vilket erbjuder o\u00f6vertr\u00e4ffade undervattensupplevelser.<\/p>\n<p>F\u00f6r resen\u00e4rer som s\u00f6ker budgetv\u00e4nliga hotell och pensionat utan att kompromissa med komforten erbjuder Dhigurah flera utm\u00e4rkta alternativ.<\/p>\n\n\t\t<\/div>\n\t<\/div>\n<\/div><\/div><\/div><\/div><div class=\"vc_row wpb_row vc_row-fluid\"><div class=\"wpb_column vc_column_container vc_col-sm-3\"><div class=\"vc_column-inner\"><div class=\"wpb_wrapper\">\n\t<div  class=\"wpb_single_image wpb_content_element vc_align_left wpb_content_element\">\n\t\t\n\t\t<figure class=\"wpb_wrapper vc_figure\">\n\t\t\t<a href=\"https:\/\/maldives-paradise.com\/sv\/2024\/12\/budget-hotels-and-guest-houses-in-gulhi-island\/\" target=\"_self\" class=\"vc_single_image-wrapper   vc_box_border_grey\"><img loading=\"lazy\" decoding=\"async\" width=\"150\" height=\"150\" src=\"https:\/\/maldives-paradise.com\/wp-content\/uploads\/2024\/12\/Gulhi-Island-view-150x150.jpg\" class=\"vc_single_image-img attachment-thumbnail\" alt=\"Gulhi Island\" title=\"Utsikt \u00f6ver Gulhi-\u00f6n\" \/><\/a>\n\t\t<\/figure>\n\t<\/div>\n<\/div><\/div><\/div><div class=\"wpb_column vc_column_container vc_col-sm-9\"><div class=\"vc_column-inner\"><div class=\"wpb_wrapper\">\n\t<div class=\"wpb_text_column wpb_content_element\" >\n\t\t<div class=\"wpb_wrapper\">\n\t\t\t<h4 class=\"entry-title\"><a href=\"https:\/\/maldives-paradise.com\/sv\/2024\/12\/budget-hotels-and-guest-houses-in-gulhi-island\/\">Budgethotell och pensionat p\u00e5 \u00f6n Gulhi<\/a><\/h4>\n<p>Gulhi Island, inb\u00e4ddad i South Mal\u00e9 Atoll p\u00e5 Maldiverna, \u00e4r en fridfull oas ber\u00f6md f\u00f6r sina or\u00f6rda vita sandstr\u00e4nder, kristallklara turkosa vatten och lugna atmosf\u00e4r. Till skillnad fr\u00e5n sina mer kommersiella grannar erbjuder Gulhi bes\u00f6kare en autentisk maldivisk upplevelse, k\u00e4nnetecknad av sitt lilla fiskesamh\u00e4lle och or\u00f6rda natursk\u00f6nhet.<\/p>\n\n\t\t<\/div>\n\t<\/div>\n<\/div><\/div><\/div><\/div><div class=\"vc_row wpb_row vc_row-fluid\"><div class=\"wpb_column vc_column_container vc_col-sm-3\"><div class=\"vc_column-inner\"><div class=\"wpb_wrapper\">\n\t<div  class=\"wpb_single_image wpb_content_element vc_align_left wpb_content_element\">\n\t\t\n\t\t<figure class=\"wpb_wrapper vc_figure\">\n\t\t\t<a href=\"https:\/\/maldives-paradise.com\/sv\/2022\/10\/basta-stallena-att-bo-pa-i-maafushi-maldiverna\/\" target=\"_self\" class=\"vc_single_image-wrapper   vc_box_border_grey\"><img loading=\"lazy\" decoding=\"async\" width=\"150\" height=\"150\" src=\"https:\/\/maldives-paradise.com\/wp-content\/uploads\/2024\/04\/stingray-feeding-maafushi-triton-maldives-150x150.jpg\" class=\"vc_single_image-img attachment-thumbnail\" alt=\"Vaavu Atoll\" title=\"stingrocka-matning-maafushi-triton-maldiverna\" \/><\/a>\n\t\t<\/figure>\n\t<\/div>\n<\/div><\/div><\/div><div class=\"wpb_column vc_column_container vc_col-sm-9\"><div class=\"vc_column-inner\"><div class=\"wpb_wrapper\">\n\t<div class=\"wpb_text_column wpb_content_element\" >\n\t\t<div class=\"wpb_wrapper\">\n\t\t\t<h4 class=\"entry-title\"><a href=\"https:\/\/maldives-paradise.com\/sv\/2022\/10\/basta-stallena-att-bo-pa-i-maafushi-maldiverna\/\">B\u00e4sta st\u00e4llena att bo p\u00e5 i Maafushi, Maldiverna<\/a><\/h4>\n<p>N\u00e4r du v\u00e4ljer mellan budgethotell att bo p\u00e5 i Maafushi spelar det ingen roll vilken del av \u00f6n du v\u00e4ljer. Vissa hotell i Maafushi erbjuder dig natursk\u00f6na havsutsikter. Andra ligger d\u00e4remot i lugna vr\u00e5r, borta fr\u00e5n turistmassornas h\u00f6gljudda liv och r\u00f6relse.<\/p>\n\n\t\t<\/div>\n\t<\/div>\n<\/div><\/div><\/div><\/div><div class=\"vc_row wpb_row vc_row-fluid\"><div class=\"wpb_column vc_column_container vc_col-sm-3\"><div class=\"vc_column-inner\"><div class=\"wpb_wrapper\">\n\t<div  class=\"wpb_single_image wpb_content_element vc_align_left wpb_content_element\">\n\t\t\n\t\t<figure class=\"wpb_wrapper vc_figure\">\n\t\t\t<a href=\"https:\/\/maldives-paradise.com\/sv\/2024\/12\/budgethotell-och-pensionat-i-male\/\" target=\"_self\" class=\"vc_single_image-wrapper   vc_box_border_grey\"><img loading=\"lazy\" decoding=\"async\" width=\"150\" height=\"150\" src=\"https:\/\/maldives-paradise.com\/wp-content\/uploads\/2024\/07\/Male-Maldives-700x450-1-150x150.jpg\" class=\"vc_single_image-img attachment-thumbnail\" alt=\"Manliga Maldiverna\" title=\"Man-Maldiverna-700x450\" \/><\/a>\n\t\t<\/figure>\n\t<\/div>\n<\/div><\/div><\/div><div class=\"wpb_column vc_column_container vc_col-sm-9\"><div class=\"vc_column-inner\"><div class=\"wpb_wrapper\">\n\t<div class=\"wpb_text_column wpb_content_element\" >\n\t\t<div class=\"wpb_wrapper\">\n\t\t\t<h4 class=\"entry-title\"><a href=\"https:\/\/maldives-paradise.com\/sv\/2024\/12\/budgethotell-och-pensionat-i-male\/\">Budgethotell och pensionat i Male<\/a><\/h4>\n<p>F\u00f6r resen\u00e4rer som s\u00f6ker prisv\u00e4rda vistelser i Mal\u00e9 finns h\u00e4r fem budgetv\u00e4nliga hotell och pensionat. Mal\u00e9, Maldivernas livliga huvudstad, erbjuder en unik blandning av rikt kulturarv och modernt stadsliv, vilket skiljer den fr\u00e5n landets lugna semester\u00f6ar. Bel\u00e4gen p\u00e5 en kompakt \u00f6 i norra Mal\u00e9atollen \u00e4r den en av v\u00e4rldens mest t\u00e4tbefolkade st\u00e4der, vilket ger bes\u00f6karna en autentisk inblick i det maldiviska vardagslivet.<\/p>\n\n\t\t<\/div>\n\t<\/div>\n<\/div><\/div><\/div><\/div><div class=\"vc_row wpb_row vc_row-fluid\"><div class=\"wpb_column vc_column_container vc_col-sm-3\"><div class=\"vc_column-inner\"><div class=\"wpb_wrapper\">\n\t<div  class=\"wpb_single_image wpb_content_element vc_align_left wpb_content_element\">\n\t\t\n\t\t<figure class=\"wpb_wrapper vc_figure\">\n\t\t\t<a href=\"https:\/\/maldives-paradise.com\/sv\/2024\/12\/budgethotell-och-pensionat-pa-thoddoo-island\/\" target=\"_self\" class=\"vc_single_image-wrapper   vc_box_border_grey\"><img loading=\"lazy\" decoding=\"async\" width=\"150\" height=\"150\" src=\"https:\/\/maldives-paradise.com\/wp-content\/uploads\/2024\/11\/thoodoo-island-150x150.jpg\" class=\"vc_single_image-img attachment-thumbnail\" alt=\"Thoddoo\" title=\"thoodoo-\u00f6n\" \/><\/a>\n\t\t<\/figure>\n\t<\/div>\n<\/div><\/div><\/div><div class=\"wpb_column vc_column_container vc_col-sm-9\"><div class=\"vc_column-inner\"><div class=\"wpb_wrapper\">\n\t<div class=\"wpb_text_column wpb_content_element\" >\n\t\t<div class=\"wpb_wrapper\">\n\t\t\t<h4 class=\"entry-title\"><a href=\"https:\/\/maldives-paradise.com\/sv\/2024\/12\/budgethotell-och-pensionat-pa-thoddoo-island\/\">Budgethotell och pensionat p\u00e5 \u00f6n Thoddoo<\/a><\/h4>\n<p>Thoddoo erbjuder bes\u00f6kare en autentisk inblick i det traditionella maldiviska livet, d\u00e4r jordbruk harmoniskt blandas med framv\u00e4xande turism. \u00d6ns vidstr\u00e4ckta jordbruksmarker och tropiska fruktodlingar utg\u00f6r en unik bakgrund som skiljer den fr\u00e5n de typiska semesterorterna.<\/p>\n<p>F\u00f6r resen\u00e4rer som s\u00f6ker budgetv\u00e4nligt boende utan att kompromissa med upplevelsen erbjuder Thoddoo flera budgethotell och pensionat.<\/p>\n\n\t\t<\/div>\n\t<\/div>\n<\/div><\/div><\/div><\/div><div class=\"vc_row wpb_row vc_row-fluid\"><div class=\"wpb_column vc_column_container vc_col-sm-3\"><div class=\"vc_column-inner\"><div class=\"wpb_wrapper\">\n\t<div  class=\"wpb_single_image wpb_content_element vc_align_left wpb_content_element\">\n\t\t\n\t\t<figure class=\"wpb_wrapper vc_figure\">\n\t\t\t<a href=\"https:\/\/maldives-paradise.com\/sv\/2024\/12\/budgethotell-och-pensionat-pa-thulusdhoo-on\/\" target=\"_self\" class=\"vc_single_image-wrapper   vc_box_border_grey\"><img loading=\"lazy\" decoding=\"async\" width=\"150\" height=\"150\" src=\"https:\/\/maldives-paradise.com\/wp-content\/uploads\/2024\/12\/Thulusdhoo-150x150.jpg\" class=\"vc_single_image-img attachment-thumbnail\" alt=\"Thulusdhoo \u00f6\" title=\"DCIM100MEDIADJI_0047JPG\" \/><\/a>\n\t\t<\/figure>\n\t<\/div>\n<\/div><\/div><\/div><div class=\"wpb_column vc_column_container vc_col-sm-9\"><div class=\"vc_column-inner\"><div class=\"wpb_wrapper\">\n\t<div class=\"wpb_text_column wpb_content_element\" >\n\t\t<div class=\"wpb_wrapper\">\n\t\t\t<h4 class=\"entry-title\"><a href=\"https:\/\/maldives-paradise.com\/sv\/2024\/12\/budgethotell-och-pensionat-pa-thulusdhoo-on\/\">Budgethotell och pensionat p\u00e5 \u00f6n Thulusdhoo<\/a><\/h4>\n<p>Thulusdhoo Island utm\u00e4rker sig som en unik destination p\u00e5 Maldiverna och erbjuder surfing i v\u00e4rldsklass, autentiska kulturupplevelser och budgetv\u00e4nliga boenden, vilket g\u00f6r det till ett idealiskt val f\u00f6r resen\u00e4rer som s\u00f6ker b\u00e5de \u00e4ventyr och \u00f6verkomliga priser.<br \/>\nResen\u00e4rer som s\u00f6ker prisv\u00e4rda men bekv\u00e4ma boenden kommer att tycka att Thulusdhoo \u00e4r tillm\u00f6tesg\u00e5ende. H\u00e4r \u00e4r fyra budgetv\u00e4nliga alternativ<\/p>\n\n\t\t<\/div>\n\t<\/div>\n<\/div><\/div><\/div><\/div><div class=\"vc_row wpb_row vc_row-fluid\"><div class=\"wpb_column vc_column_container vc_col-sm-3\"><div class=\"vc_column-inner\"><div class=\"wpb_wrapper\">\n\t<div  class=\"wpb_single_image wpb_content_element vc_align_left wpb_content_element\">\n\t\t\n\t\t<figure class=\"wpb_wrapper vc_figure\">\n\t\t\t<a href=\"https:\/\/maldives-paradise.com\/sv\/2024\/11\/budget-hotels-and-guest-houses-in-ukulhas\/\" target=\"_self\" class=\"vc_single_image-wrapper   vc_box_border_grey\"><img loading=\"lazy\" decoding=\"async\" width=\"150\" height=\"150\" src=\"https:\/\/maldives-paradise.com\/wp-content\/uploads\/2024\/11\/ukulhus-1-150x150.jpg\" class=\"vc_single_image-img attachment-thumbnail\" alt=\"Ukulhas\" title=\"ukulhus\" \/><\/a>\n\t\t<\/figure>\n\t<\/div>\n<\/div><\/div><\/div><div class=\"wpb_column vc_column_container vc_col-sm-9\"><div class=\"vc_column-inner\"><div class=\"wpb_wrapper\">\n\t<div class=\"wpb_text_column wpb_content_element\" >\n\t\t<div class=\"wpb_wrapper\">\n\t\t\t<h4 class=\"entry-title\"><a href=\"https:\/\/maldives-paradise.com\/sv\/2024\/11\/budget-hotels-and-guest-houses-in-ukulhas\/\">Budgethotell och pensionat i Ukulhas<\/a><\/h4>\n<p>F\u00f6r resen\u00e4rer som s\u00f6ker prisv\u00e4rda budgethotell och budgetpensionat utan att kompromissa med komforten erbjuder Ukulhas flera utm\u00e4rkta alternativ.<\/p>\n\n\t\t<\/div>\n\t<\/div>\n<\/div><\/div><\/div><\/div>\n<\/div>","protected":false},"excerpt":{"rendered":"<div class=\"mh-excerpt\"><\/div>","protected":false},"author":1,"featured_media":11680,"parent":0,"menu_order":0,"comment_status":"closed","ping_status":"closed","template":"","meta":{"footnotes":""},"class_list":["post-12744","page","type-page","status-publish","has-post-thumbnail"],"aioseo_notices":[],"_links":{"self":[{"href":"https:\/\/maldives-paradise.com\/sv\/wp-json\/wp\/v2\/pages\/12744","targetHints":{"allow":["GET"]}}],"collection":[{"href":"https:\/\/maldives-paradise.com\/sv\/wp-json\/wp\/v2\/pages"}],"about":[{"href":"https:\/\/maldives-paradise.com\/sv\/wp-json\/wp\/v2\/types\/page"}],"author":[{"embeddable":true,"href":"https:\/\/maldives-paradise.com\/sv\/wp-json\/wp\/v2\/users\/1"}],"replies":[{"embeddable":true,"href":"https:\/\/maldives-paradise.com\/sv\/wp-json\/wp\/v2\/comments?post=12744"}],"version-history":[{"count":6,"href":"https:\/\/maldives-paradise.com\/sv\/wp-json\/wp\/v2\/pages\/12744\/revisions"}],"predecessor-version":[{"id":30047,"href":"https:\/\/maldives-paradise.com\/sv\/wp-json\/wp\/v2\/pages\/12744\/revisions\/30047"}],"wp:featuredmedia":[{"embeddable":true,"href":"https:\/\/maldives-paradise.com\/sv\/wp-json\/wp\/v2\/media\/11680"}],"wp:attachment":[{"href":"https:\/\/maldives-paradise.com\/sv\/wp-json\/wp\/v2\/media?parent=12744"}],"curies":[{"name":"wp","href":"https:\/\/api.w.org\/{rel}","templated":true}]}}