{"id":11428,"date":"2024-02-25T14:59:22","date_gmt":"2024-02-25T14:59:22","guid":{"rendered":"http:\/\/maldives-paradise.com\/?page_id=11428"},"modified":"2025-02-22T14:37:55","modified_gmt":"2025-02-22T14:37:55","slug":"alkoholreglerna-pa-maldiverna","status":"publish","type":"page","link":"https:\/\/maldives-paradise.com\/sv\/alkoholreglerna-pa-maldiverna\/","title":{"rendered":"Alkoholregler p\u00e5 Maldiverna"},"content":{"rendered":"<div class=\"wpb-content-wrapper\"><div class=\"vc_row wpb_row vc_row-fluid\"><div class=\"wpb_column vc_column_container vc_col-sm-12\"><div class=\"vc_column-inner\"><div class=\"wpb_wrapper\">\n\t<div class=\"wpb_text_column wpb_content_element\" >\n\t\t<div class=\"wpb_wrapper\">\n\t\t\t<h3>Alkohollagar, f\u00f6rordningar och \u00f6verv\u00e4ganden p\u00e5 Maldiverna<\/h3>\n\n\t\t<\/div>\n\t<\/div>\n<\/div><\/div><\/div><\/div><div class=\"vc_row wpb_row vc_row-fluid\"><div class=\"wpb_column vc_column_container vc_col-sm-12\"><div class=\"vc_column-inner\"><div class=\"wpb_wrapper\">\n\t<div  class=\"wpb_single_image wpb_content_element vc_align_left wpb_content_element\">\n\t\t\n\t\t<figure class=\"wpb_wrapper vc_figure\">\n\t\t\t<div class=\"vc_single_image-wrapper   vc_box_border_grey\"><img loading=\"lazy\" decoding=\"async\" width=\"760\" height=\"506\" src=\"https:\/\/maldives-paradise.com\/wp-content\/uploads\/2024\/02\/drinks-maldives.jpg\" class=\"vc_single_image-img attachment-full\" alt=\"Alkoholregleringar p\u00e5 Maldiverna\" title=\"drinkar-maldiverna\" srcset=\"https:\/\/maldives-paradise.com\/wp-content\/uploads\/2024\/02\/drinks-maldives.jpg 760w, https:\/\/maldives-paradise.com\/wp-content\/uploads\/2024\/02\/drinks-maldives-300x200.jpg 300w, https:\/\/maldives-paradise.com\/wp-content\/uploads\/2024\/02\/drinks-maldives-18x12.jpg 18w, https:\/\/maldives-paradise.com\/wp-content\/uploads\/2024\/02\/drinks-maldives-500x333.jpg 500w\" sizes=\"auto, (max-width: 760px) 100vw, 760px\" \/><\/div>\n\t\t<\/figure>\n\t<\/div>\n<\/div><\/div><\/div><\/div><div class=\"vc_row wpb_row vc_row-fluid\"><div class=\"wpb_column vc_column_container vc_col-sm-12\"><div class=\"vc_column-inner\"><div class=\"wpb_wrapper\">\n\t<div class=\"wpb_text_column wpb_content_element\" >\n\t\t<div class=\"wpb_wrapper\">\n\t\t\t<p>Maldiverna har en unik inst\u00e4llning till alkohollagar som \u00e5terspeglar dess kulturella och religi\u00f6sa v\u00e4rderingar. Som ett \u00f6verv\u00e4gande muslimskt land f\u00f6ljer Maldiverna islamisk lag, som f\u00f6rbjuder medborgarnas konsumtion av alkohol. Detta f\u00f6rbud har sina r\u00f6tter i den islamiska tron.<\/p>\n<p><strong>Privata \u00f6ar<\/strong><\/p>\n<p>Men, med tanke p\u00e5 turismens betydelse f\u00f6r sin ekonomi, har Maldiverna gjort undantag fr\u00e5n dessa strikta alkohollagar i angivna omr\u00e5den, fr\u00e4mst i orter som ligger p\u00e5 privata \u00f6ar. Dessa orter, som fr\u00e4mst v\u00e4nder sig till utl\u00e4ndska turister, f\u00e5r erh\u00e5lla s\u00e4rskilda tillst\u00e5nd f\u00f6r att servera alkohol till sina g\u00e4ster. Kontrasten i alkoholreglering mellan offentliga omr\u00e5den och privata orter \u00e4r skarp.<\/p>\n<p><strong>Offentliga \u00f6ar<\/strong><\/p>\n<p>Bebodda \u00f6ar, d\u00e4r lokalbefolkningen bor, f\u00f6rbjuder str\u00e4ngt f\u00f6rs\u00e4ljning och konsumtion av alkohol i linje med islamiska principer.<\/p>\n<p><strong>Maldivernas tullar<\/strong><\/p>\n<p>Turister \u00e4r ocks\u00e5 f\u00f6rbjudna att ta med alkohol in i landet och \u00e4r f\u00f6rem\u00e5l f\u00f6r tullkontroller vid infartsst\u00e4llen.<\/p>\n<p><strong>Slutsats<\/strong><\/p>\n<p>P\u00e5 de privata resort\u00f6arna kan turister njuta av en m\u00e4ngd olika alkoholhaltiga drycker, inklusive \u00f6l, vin och sprit, i en kontrollerad milj\u00f6. Resorterna \u00e4r ansvariga f\u00f6r att f\u00f6lja de regler som fastst\u00e4llts av den maldiviska regeringen, som inkluderar att inte s\u00e4lja alkohol till maldiviska medborgare och att se till att alkohol endast konsumeras inom resortens gr\u00e4nser. Detta unika system g\u00f6r att Maldiverna kan beh\u00e5lla sin kulturella och religi\u00f6sa integritet samtidigt som de tillm\u00f6tesg\u00e5r internationella turisters \u00f6nskem\u00e5l.<\/p>\n<p>Den maldiviska regeringens inst\u00e4llning till alkoholreglering \u00e4r en k\u00e4nslig balans mellan att respektera islamiska lagar och traditioner och att fr\u00e4mja en lukrativ turistindustri. Det \u00e5terspeglar landets engagemang f\u00f6r att bevara sin kulturella identitet samtidigt som det \u00e4r \u00f6ppet f\u00f6r det globala samh\u00e4llet. Denna balans \u00e4r avg\u00f6rande f\u00f6r att uppr\u00e4tth\u00e5lla social harmoni och s\u00e4kerst\u00e4lla att b\u00e5de inv\u00e5nare och bes\u00f6kare kan njuta av Maldivernas sk\u00f6nhet och lugn.<\/p>\n\n\t\t<\/div>\n\t<\/div>\n<\/div><\/div><\/div><\/div><div class=\"vc_row wpb_row vc_row-fluid\"><div class=\"wpb_column vc_column_container vc_col-sm-12\"><div class=\"vc_column-inner\"><div class=\"wpb_wrapper\">\n\t<div class=\"wpb_text_column wpb_content_element\" >\n\t\t<div class=\"wpb_wrapper\">\n\t\t\t<p><strong><a class=\"wp-block-latest-posts__post-title\" href=\"https:\/\/maldives-paradise.com\/sv\/2024\/12\/nya-tobaksregler-och-vapingforbud-pa-maldiverna-2024\/\">Nya tobaksregler och vapingf\u00f6rbud p\u00e5 Maldiverna 2024<\/a><\/strong><\/p>\n\n\t\t<\/div>\n\t<\/div>\n<\/div><\/div><\/div><\/div>\n<\/div>","protected":false},"excerpt":{"rendered":"<div class=\"mh-excerpt\"><\/div>","protected":false},"author":1,"featured_media":11430,"parent":0,"menu_order":0,"comment_status":"closed","ping_status":"closed","template":"","meta":{"footnotes":""},"class_list":["post-11428","page","type-page","status-publish","has-post-thumbnail"],"aioseo_notices":[],"_links":{"self":[{"href":"https:\/\/maldives-paradise.com\/sv\/wp-json\/wp\/v2\/pages\/11428","targetHints":{"allow":["GET"]}}],"collection":[{"href":"https:\/\/maldives-paradise.com\/sv\/wp-json\/wp\/v2\/pages"}],"about":[{"href":"https:\/\/maldives-paradise.com\/sv\/wp-json\/wp\/v2\/types\/page"}],"author":[{"embeddable":true,"href":"https:\/\/maldives-paradise.com\/sv\/wp-json\/wp\/v2\/users\/1"}],"replies":[{"embeddable":true,"href":"https:\/\/maldives-paradise.com\/sv\/wp-json\/wp\/v2\/comments?post=11428"}],"version-history":[{"count":4,"href":"https:\/\/maldives-paradise.com\/sv\/wp-json\/wp\/v2\/pages\/11428\/revisions"}],"predecessor-version":[{"id":30968,"href":"https:\/\/maldives-paradise.com\/sv\/wp-json\/wp\/v2\/pages\/11428\/revisions\/30968"}],"wp:featuredmedia":[{"embeddable":true,"href":"https:\/\/maldives-paradise.com\/sv\/wp-json\/wp\/v2\/media\/11430"}],"wp:attachment":[{"href":"https:\/\/maldives-paradise.com\/sv\/wp-json\/wp\/v2\/media?parent=11428"}],"curies":[{"name":"wp","href":"https:\/\/api.w.org\/{rel}","templated":true}]}}