{"id":10581,"date":"2024-02-12T20:15:26","date_gmt":"2024-02-12T20:15:26","guid":{"rendered":"http:\/\/maldives-paradise.com\/?page_id=10581"},"modified":"2025-10-15T14:02:41","modified_gmt":"2025-10-15T14:02:41","slug":"somerset-hotellet","status":"publish","type":"page","link":"https:\/\/maldives-paradise.com\/sv\/somerset-hotellet\/","title":{"rendered":"Somerset Hotel"},"content":{"rendered":"<div class=\"wpb-content-wrapper\"><div class=\"vc_row wpb_row vc_row-fluid\"><div class=\"wpb_column vc_column_container vc_col-sm-12\"><div class=\"vc_column-inner\"><div class=\"wpb_wrapper\">\n\t<div class=\"wpb_text_column wpb_content_element\" >\n\t\t<div class=\"wpb_wrapper\">\n\t\t\t<h3>De b\u00e4sta funktionerna p\u00e5 Somerset Hotel p\u00e5 Maldiverna<\/h3>\n\n\t\t<\/div>\n\t<\/div>\n<\/div><\/div><\/div><\/div><div class=\"vc_row wpb_row vc_row-fluid\"><div class=\"wpb_column vc_column_container vc_col-sm-12\"><div class=\"vc_column-inner\"><div class=\"wpb_wrapper\">\n\t<div class=\"wpb_video_widget wpb_content_element vc_clearfix   vc_video-aspect-ratio-169 vc_video-el-width-100 vc_video-align-left\" >\n\t\t<div class=\"wpb_wrapper\">\n\t\t\t\n\t\t\t<div class=\"wpb_video_wrapper\"><iframe loading=\"lazy\" title=\"Season Paradise, dr\u00f6mresm\u00e5l p\u00e5 Maldiverna\" width=\"500\" height=\"281\" src=\"https:\/\/www.youtube.com\/embed\/lrFeMMiDh-w?feature=oembed\" frameborder=\"0\" allow=\"accelerometer; autoplay; clipboard-write; encrypted-media; gyroscope; picture-in-picture; web-share\" allowfullscreen><\/iframe><\/div>\n\t\t<\/div>\n\t<\/div>\n<\/div><\/div><\/div><\/div><div class=\"vc_row wpb_row vc_row-fluid\"><div class=\"wpb_column vc_column_container vc_col-sm-12\"><div class=\"vc_column-inner\"><div class=\"wpb_wrapper\">\n\t<div class=\"wpb_text_column wpb_content_element\" >\n\t\t<div class=\"wpb_wrapper\">\n\t\t\t<p>Somerset Hotel st\u00e5r som en ledstj\u00e4rna f\u00f6r lyx och lugn i detta tropiska paradis. Detta eleganta tillflyktsort ligger i huvudstaden Mal\u00e9 och erbjuder kr\u00e4sna resen\u00e4rer en unik blandning av modern sofistikering och maldivisk charm. L\u00e5t oss utforska de b\u00e4sta funktionerna som g\u00f6r <strong>Somerset Hotel<\/strong> ett m\u00e5ste att bes\u00f6ka.<\/p>\n<p><strong>Perfekt plats:<\/strong><br \/>\nSomerset Hotel har ett utm\u00e4rkt l\u00e4ge i hj\u00e4rtat av Mal\u00e9, Maldivernas livliga huvudstad. Bekv\u00e4mt bel\u00e4get n\u00e4ra stadens stora attraktioner, shoppingdistrikt och aff\u00e4rscentrum, har g\u00e4sterna enkel tillg\u00e5ng till allt som denna f\u00f6rtrollande destination har att erbjuda. Oavsett om du utforskar Mal\u00e9s livliga gator eller ger dig ut p\u00e5 utflykter till n\u00e4rliggande \u00f6ar, fungerar The Somerset Hotel som den perfekta basen f\u00f6r of\u00f6rgl\u00f6mliga \u00e4ventyr.<\/p>\n<p><strong>Lyxigt boende:<\/strong><br \/>\nSomerset Hotel erbjuder lyxigt boende utformat f\u00f6r att ge g\u00e4sterna h\u00f6gsta m\u00f6jliga komfort och avkoppling. Fr\u00e5n eleganta rum till rymliga sviter, alla boenden \u00e4r elegant inredda och utrustade med moderna bekv\u00e4mligheter f\u00f6r att s\u00e4kerst\u00e4lla en smidig vistelse. G\u00e4sterna kan varva ner i mjuka s\u00e4ngar, bada i djupa badkar och njuta av panoramautsikt \u00f6ver stadens silhuett eller den lugna Indiska oceanen fr\u00e5n sina privata balkonger.<\/p>\n<p><strong>Exceptionella matupplevelser:<\/strong><br \/>\nKulinariska l\u00e4ckerheter v\u00e4ntar g\u00e4ster p\u00e5 The Somerset Hotels olika matst\u00e4llen, d\u00e4r kockar i v\u00e4rldsklass tillverkar uts\u00f6kta r\u00e4tter inspirerade av lokala smaker och internationella r\u00e4tter. Fr\u00e5n fina restauranger som serverar gourmetr\u00e4tter till avslappnade kaf\u00e9er och barer som erbjuder l\u00e4ttare tilltugg och uppfriskande drycker, det finns n\u00e5got som lockar varje smak. G\u00e4sterna kan njuta av \u00f6verd\u00e5diga buff\u00e9er, m\u00e5ltider utomhus vid poolen eller romantiska middagar under stj\u00e4rnorna, vilket garanterar en kulinarisk upplevelse att minnas.<\/p>\n<p><strong>Infinitypool p\u00e5 taket:<\/strong><br \/>\nEn av de utm\u00e4rkande egenskaperna hos The Somerset Hotel \u00e4r infinitypoolen p\u00e5 taket, som erbjuder fantastisk utsikt \u00f6ver Maldivernas silhuett och Indiska oceanens skimrande vatten. G\u00e4sterna kan ta ett uppfriskande dopp i det kristallklara vattnet, njuta av den tropiska solen p\u00e5 bekv\u00e4ma solstolar eller smutta p\u00e5 uppfriskande cocktails i poolbaren. Oavsett om du kopplar av efter en dag av utforskning eller njuter av ett lugnt dopp i solnedg\u00e5ngen, ger infinitypoolen p\u00e5 taket den ultimata avkopplingsupplevelsen.<\/p>\n<p><strong>Friskv\u00e5rd och rekreation:<\/strong><br \/>\nSomerset Hotel erbjuder en rad wellness- och rekreationsfaciliteter utformade f\u00f6r att f\u00f6ryngra sinne, kropp och sj\u00e4l. G\u00e4sterna kan njuta av sk\u00f6na spabehandlingar, uppfriskande tr\u00e4ningspass p\u00e5 gymmet eller yogapass p\u00e5 takterrassen med utsikt \u00f6ver havet. F\u00f6r dem som s\u00f6ker \u00e4ventyr kan hotellet ordna en m\u00e4ngd olika vattensporter, inklusive snorkling, dykning och solnedg\u00e5ngskryssningar, s\u00e5 att g\u00e4sterna kan utforska Maldivernas pulserande marina liv och naturliga underverk.<\/p>\n<p><strong>Personlig service:<\/strong><br \/>\nP\u00e5 The Somerset Hotel bjuds g\u00e4sterna p\u00e5 personlig service och varm maldivisk g\u00e4stfrihet fr\u00e5n det \u00f6gonblick de anl\u00e4nder. Den uppm\u00e4rksamma personalen g\u00f6r allt f\u00f6r att s\u00e4kerst\u00e4lla att alla aspekter av g\u00e4sternas vistelse \u00e4r felfri, fr\u00e5n att ordna flygplatstransfer till att organisera skr\u00e4ddarsydda utflykter och upplevelser. Med uppm\u00e4rksamhet p\u00e5 detaljer och en genuin \u00f6nskan att \u00f6vertr\u00e4ffa f\u00f6rv\u00e4ntningarna skapar The Somerset Hotel of\u00f6rgl\u00f6mliga minnen f\u00f6r varje g\u00e4st.<\/p>\n<p><strong>Aff\u00e4rs- och eventfaciliteter:<\/strong><br \/>\nF\u00f6r aff\u00e4rsresen\u00e4rer och de som \u00e4r v\u00e4rd f\u00f6r speciella evenemang erbjuder The Somerset Hotel toppmoderna m\u00f6tes- och evenemangsfaciliteter utrustade med den senaste tekniken och bekv\u00e4mligheterna. Fr\u00e5n intima styrelsem\u00f6ten till storslagna mottagningar och banketter, hotellets erfarna evenemangsteam kan hj\u00e4lpa till med varje detalj f\u00f6r att s\u00e4kerst\u00e4lla ett framg\u00e5ngsrikt och minnesv\u00e4rt tillf\u00e4lle.<\/p>\n<p>Sammanfattningsvis erbjuder The Somerset Hotel en lyxig oas i hj\u00e4rtat av Maldiverna, som kombinerar elegant boende, exceptionella matupplevelser och o\u00f6vertr\u00e4ffad service f\u00f6r att skapa en of\u00f6rgl\u00f6mlig vistelse f\u00f6r g\u00e4sterna. Oavsett om du s\u00f6ker avkoppling, \u00e4ventyr eller aff\u00e4rsm\u00f6jligheter, bjuder The Somerset Hotel in resen\u00e4rer att uppt\u00e4cka sk\u00f6nheten och lugnet i denna f\u00f6rtrollande destination och skapa minnen f\u00f6r livet.<\/p>\n\n\t\t<\/div>\n\t<\/div>\n<\/div><\/div><\/div><\/div><div class=\"vc_row wpb_row vc_row-fluid\"><div class=\"wpb_column vc_column_container vc_col-sm-12\"><div class=\"vc_column-inner\"><div class=\"wpb_wrapper\">\n\t<div class=\"wpb_text_column wpb_content_element\" >\n\t\t<div class=\"wpb_wrapper\">\n\t\t\t<h3><a title=\"Somerset Hotel\" href=\"https:\/\/trip.tpo.lv\/nJmI3cNc\" target=\"blanc2\" rel=\"nofollow\">Kolla tillg\u00e4nglighet och b\u00e4sta pris p\u00e5 The Somerset Hotel h\u00e4r &gt;&gt;<\/a><\/h3>\n\n\t\t<\/div>\n\t<\/div>\n<\/div><\/div><\/div><\/div>\n<\/div>","protected":false},"excerpt":{"rendered":"<div class=\"mh-excerpt\"><\/div>","protected":false},"author":1,"featured_media":10582,"parent":0,"menu_order":0,"comment_status":"closed","ping_status":"closed","template":"","meta":{"footnotes":""},"class_list":["post-10581","page","type-page","status-publish","has-post-thumbnail"],"aioseo_notices":[],"_links":{"self":[{"href":"https:\/\/maldives-paradise.com\/sv\/wp-json\/wp\/v2\/pages\/10581","targetHints":{"allow":["GET"]}}],"collection":[{"href":"https:\/\/maldives-paradise.com\/sv\/wp-json\/wp\/v2\/pages"}],"about":[{"href":"https:\/\/maldives-paradise.com\/sv\/wp-json\/wp\/v2\/types\/page"}],"author":[{"embeddable":true,"href":"https:\/\/maldives-paradise.com\/sv\/wp-json\/wp\/v2\/users\/1"}],"replies":[{"embeddable":true,"href":"https:\/\/maldives-paradise.com\/sv\/wp-json\/wp\/v2\/comments?post=10581"}],"version-history":[{"count":3,"href":"https:\/\/maldives-paradise.com\/sv\/wp-json\/wp\/v2\/pages\/10581\/revisions"}],"predecessor-version":[{"id":43713,"href":"https:\/\/maldives-paradise.com\/sv\/wp-json\/wp\/v2\/pages\/10581\/revisions\/43713"}],"wp:featuredmedia":[{"embeddable":true,"href":"https:\/\/maldives-paradise.com\/sv\/wp-json\/wp\/v2\/media\/10582"}],"wp:attachment":[{"href":"https:\/\/maldives-paradise.com\/sv\/wp-json\/wp\/v2\/media?parent=10581"}],"curies":[{"name":"wp","href":"https:\/\/api.w.org\/{rel}","templated":true}]}}