{"id":10332,"date":"2024-02-08T18:07:56","date_gmt":"2024-02-08T18:07:56","guid":{"rendered":"http:\/\/maldives-paradise.com\/?page_id=10332"},"modified":"2025-10-10T15:04:48","modified_gmt":"2025-10-10T15:04:48","slug":"rihiveli-maldiverna-resort","status":"publish","type":"page","link":"https:\/\/maldives-paradise.com\/sv\/rihiveli-maldiverna-resort\/","title":{"rendered":"Rihiveli Maldives Resort"},"content":{"rendered":"<div class=\"wpb-content-wrapper\"><div class=\"vc_row wpb_row vc_row-fluid\"><div class=\"wpb_column vc_column_container vc_col-sm-12\"><div class=\"vc_column-inner\"><div class=\"wpb_wrapper\">\n\t<div class=\"wpb_text_column wpb_content_element\" >\n\t\t<div class=\"wpb_wrapper\">\n\t\t\t<h3>Rihiveli Maldives Resort: Ett tidl\u00f6st paradis av naturlig sk\u00f6nhet<\/h3>\n\n\t\t<\/div>\n\t<\/div>\n<\/div><\/div><\/div><\/div><div class=\"vc_row wpb_row vc_row-fluid\"><div class=\"wpb_column vc_column_container vc_col-sm-12\"><div class=\"vc_column-inner\"><div class=\"wpb_wrapper\">\n\t<div class=\"wpb_video_widget wpb_content_element vc_clearfix   vc_video-aspect-ratio-169 vc_video-el-width-100 vc_video-align-left\" >\n\t\t<div class=\"wpb_wrapper\">\n\t\t\t\n\t\t\t<div class=\"wpb_video_wrapper\"><iframe loading=\"lazy\" title=\"Rihiveli Maldives Resort - Runt \u00f6n\" width=\"413\" height=\"310\" src=\"https:\/\/www.youtube.com\/embed\/qxPqrM4zG3Q?feature=oembed\" frameborder=\"0\" allow=\"accelerometer; autoplay; clipboard-write; encrypted-media; gyroscope; picture-in-picture; web-share\" allowfullscreen><\/iframe><\/div>\n\t\t<\/div>\n\t<\/div>\n<\/div><\/div><\/div><\/div><div class=\"vc_row wpb_row vc_row-fluid\"><div class=\"wpb_column vc_column_container vc_col-sm-12\"><div class=\"vc_column-inner\"><div class=\"wpb_wrapper\">\n\t<div class=\"wpb_text_column wpb_content_element\" >\n\t\t<div class=\"wpb_wrapper\">\n\t\t\t<p>Maldiverna, med sina or\u00f6rda korallatoller, turkosa laguner och vita sandstr\u00e4nder, \u00e4r en dr\u00f6mdestination f\u00f6r resen\u00e4rer p\u00e5 jakt efter den ultimata tropiska tillflyktsort. I den h\u00e4r artikeln kommer vi att presentera dig f\u00f6r <strong>Rihiveli Maldives Resort<\/strong>, en tidl\u00f6s oas som f\u00f6rkroppsligar den sanna essensen av paradis\u00f6. Uppt\u00e4ck de fascinerande fakta och unika egenskaper som g\u00f6r Rihiveli Maldives Resort till ett extraordin\u00e4rt val f\u00f6r din dr\u00f6msemester.<\/p>\n<p><strong>L\u00e4ge och tillg\u00e4nglighet<\/strong><\/p>\n<p>Rihiveli Maldives Resort ligger p\u00e5 den privata \u00f6n Rihiveli i s\u00f6dra Mal\u00e9-atollen, och erbjuder en exklusiv och lugn milj\u00f6 f\u00f6r din semester. F\u00f6r att n\u00e5 detta avskilda paradis kan g\u00e4sterna ta en kort och natursk\u00f6n 50-minuters tur med motorb\u00e5t fr\u00e5n Velanas internationella flygplats. Sj\u00e4lva resan erbjuder en fantastisk introduktion till Maldivernas naturliga sk\u00f6nhet, och s\u00e4tter scenen f\u00f6r din tropiska flykt.<\/p>\n<p><strong>boende<\/strong><\/p>\n<p>Anl\u00e4ggningen erbjuder en rad unika boendealternativ, alla utformade f\u00f6r att ge en autentisk och bekv\u00e4m upplevelse. Rihivelis ikoniska vattenbungalower ligger uppe p\u00e5 p\u00e5lar ovanf\u00f6r lagunens klara vatten och erbjuder direkt tillg\u00e5ng till havet. Alternativt erbjuder bungalower vid stranden enkel tillg\u00e5ng till den pudriga sanden och det turkosa havet. Alla boenden \u00e4r utrustade med moderna bekv\u00e4mligheter och designade f\u00f6r att sm\u00e4lta samman med den naturliga omgivningen.<\/p>\n<p><strong>Matsal<\/strong><\/p>\n<p>Rihiveli Maldives Resort erbjuder en h\u00e4rlig kulinarisk resa som \u00e5terspeglar dess engagemang f\u00f6r excellens. Huvudrestaurangen Sand serverar en blandning av internationella och maldiviska r\u00e4tter, med tonvikt p\u00e5 f\u00e4rska och lokala r\u00e5varor. G\u00e4sterna kan ocks\u00e5 njuta av grillkv\u00e4llar och middagar vid stranden, vilket skapar of\u00f6rgl\u00f6mliga matupplevelser under den stj\u00e4rnbelysta maldiviska himlen.<\/p>\n<p><strong>Aktiviteter och \u00e4ventyr<\/strong><\/p>\n<p>Oavsett om du letar efter \u00e4ventyr eller avkoppling, har Rihiveli n\u00e5got f\u00f6r alla. Utforska den pulserande undervattensv\u00e4rlden genom snorkling och dyknings\u00e4ventyr. Delta i olika vattensporter, inklusive vindsurfing, kajakpaddling och paddleboard. F\u00f6r dem som vill varva ner erbjuder resortens spa en rad lugnande behandlingar och h\u00e4lsoaktiviteter.<\/p>\n<p><strong>H\u00e5llbarhet och bevarande<\/strong><\/p>\n<p>Rihiveli Maldives Resort \u00e4r djupt engagerad i h\u00e5llbara metoder och marin bevarande. Anl\u00e4ggningen deltar aktivt i korallrestaureringsinitiativ, marina saneringsinsatser och st\u00f6djer lokala milj\u00f6initiativ. G\u00e4sterna uppmuntras att engagera sig i dessa aktiviteter och bidra positivt till bevarandet av Maldivernas v\u00e4rdefulla marina ekosystem.<\/p>\n<p><strong>Unika upplevelser<\/strong><\/p>\n<p>Rihiveli erbjuder unika upplevelser som l\u00e5ter dig ansluta till den lokala kulturen och naturen. F\u00f6lj med p\u00e5 en traditionell maldivisk fisketur, d\u00e4r du kan l\u00e4ra dig konsten att fiska av lokala fiskare. Ta del av en Robinson Crusoe-picknick p\u00e5 en avskild sandbank, eller bara varva ner i en h\u00e4ngmatta med en bok och ljudet av mjuka v\u00e5gor.<\/p>\n<p><strong>Slutsats<\/strong><\/p>\n<p>Sammanfattningsvis \u00e4r Rihiveli Maldives Resort ett tidl\u00f6st tropiskt paradis som utlovar en of\u00f6rgl\u00f6mlig flykt. Dess idylliska l\u00e4ge, unika boenden, uts\u00f6kta matr\u00e4tter och engagemang f\u00f6r h\u00e5llbarhet g\u00f6r det till ett idealiskt val f\u00f6r resen\u00e4rer som s\u00f6ker avkoppling och \u00e4ventyr. Oavsett om du firar ett speciellt tillf\u00e4lle eller s\u00f6ker en f\u00f6ryngrande flykt, erbjuder Rihiveli Maldives Resort en upplevelse som skapar omhuldade minnen. Boka din vistelse idag och ge dig ut p\u00e5 en resa till ett tidl\u00f6st paradis p\u00e5 Maldiverna.<\/p>\n\n\t\t<\/div>\n\t<\/div>\n<\/div><\/div><\/div><\/div><div class=\"vc_row wpb_row vc_row-fluid\"><div class=\"wpb_column vc_column_container vc_col-sm-12\"><div class=\"vc_column-inner\"><div class=\"wpb_wrapper\">\n\t<div class=\"wpb_text_column wpb_content_element\" >\n\t\t<div class=\"wpb_wrapper\">\n\t\t\t<h3><a title=\"Rihiveli Maldives Resort\" href=\"https:\/\/trip.tpo.lv\/J9wBZQqX\" target=\"blanc2\" rel=\"nofollow\">Kolla tillg\u00e4nglighet och b\u00e4sta pris p\u00e5 Rihiveli Maldives Resort h\u00e4r &gt;&gt;<\/a><\/h3>\n\n\t\t<\/div>\n\t<\/div>\n<\/div><\/div><\/div><\/div>\n<\/div>","protected":false},"excerpt":{"rendered":"<div class=\"mh-excerpt\"><\/div>","protected":false},"author":1,"featured_media":10333,"parent":0,"menu_order":0,"comment_status":"closed","ping_status":"closed","template":"","meta":{"footnotes":""},"class_list":["post-10332","page","type-page","status-publish","has-post-thumbnail"],"aioseo_notices":[],"_links":{"self":[{"href":"https:\/\/maldives-paradise.com\/sv\/wp-json\/wp\/v2\/pages\/10332","targetHints":{"allow":["GET"]}}],"collection":[{"href":"https:\/\/maldives-paradise.com\/sv\/wp-json\/wp\/v2\/pages"}],"about":[{"href":"https:\/\/maldives-paradise.com\/sv\/wp-json\/wp\/v2\/types\/page"}],"author":[{"embeddable":true,"href":"https:\/\/maldives-paradise.com\/sv\/wp-json\/wp\/v2\/users\/1"}],"replies":[{"embeddable":true,"href":"https:\/\/maldives-paradise.com\/sv\/wp-json\/wp\/v2\/comments?post=10332"}],"version-history":[{"count":3,"href":"https:\/\/maldives-paradise.com\/sv\/wp-json\/wp\/v2\/pages\/10332\/revisions"}],"predecessor-version":[{"id":43503,"href":"https:\/\/maldives-paradise.com\/sv\/wp-json\/wp\/v2\/pages\/10332\/revisions\/43503"}],"wp:featuredmedia":[{"embeddable":true,"href":"https:\/\/maldives-paradise.com\/sv\/wp-json\/wp\/v2\/media\/10333"}],"wp:attachment":[{"href":"https:\/\/maldives-paradise.com\/sv\/wp-json\/wp\/v2\/media?parent=10332"}],"curies":[{"name":"wp","href":"https:\/\/api.w.org\/{rel}","templated":true}]}}