{"id":10248,"date":"2024-02-06T17:56:03","date_gmt":"2024-02-06T17:56:03","guid":{"rendered":"http:\/\/maldives-paradise.com\/?page_id=10248"},"modified":"2025-10-10T14:09:23","modified_gmt":"2025-10-10T14:09:23","slug":"nakai-alimatha-resort-maldiverna","status":"publish","type":"page","link":"https:\/\/maldives-paradise.com\/sv\/nakai-alimatha-resort-maldiverna\/","title":{"rendered":"Nakai Alimat\u00e0 Resort Maldiverna"},"content":{"rendered":"<div class=\"wpb-content-wrapper\"><div class=\"vc_row wpb_row vc_row-fluid\"><div class=\"wpb_column vc_column_container vc_col-sm-12\"><div class=\"vc_column-inner\"><div class=\"wpb_wrapper\">\n\t<div class=\"wpb_text_column wpb_content_element\" >\n\t\t<div class=\"wpb_wrapper\">\n\t\t\t<h3>Nakai Alimat\u00e0 Resort Maldives: Ett unikt paradis i Indiska oceanen<\/h3>\n\n\t\t<\/div>\n\t<\/div>\n<\/div><\/div><\/div><\/div><div class=\"vc_row wpb_row vc_row-fluid\"><div class=\"wpb_column vc_column_container vc_col-sm-12\"><div class=\"vc_column-inner\"><div class=\"wpb_wrapper\">\n\t<div class=\"wpb_video_widget wpb_content_element vc_clearfix   vc_video-aspect-ratio-169 vc_video-el-width-100 vc_video-align-left\" >\n\t\t<div class=\"wpb_wrapper\">\n\t\t\t\n\t\t\t<div class=\"wpb_video_wrapper\"><iframe loading=\"lazy\" title=\"NAKAI Alimat\u00e0 Resort - En piedi nudi i Paradiso\" width=\"500\" height=\"281\" src=\"https:\/\/www.youtube.com\/embed\/LSL8uL2IHEU?feature=oembed\" frameborder=\"0\" allow=\"accelerometer; autoplay; clipboard-write; encrypted-media; gyroscope; picture-in-picture; web-share\" allowfullscreen><\/iframe><\/div>\n\t\t<\/div>\n\t<\/div>\n<\/div><\/div><\/div><\/div><div class=\"vc_row wpb_row vc_row-fluid\"><div class=\"wpb_column vc_column_container vc_col-sm-12\"><div class=\"vc_column-inner\"><div class=\"wpb_wrapper\">\n\t<div class=\"wpb_text_column wpb_content_element\" >\n\t\t<div class=\"wpb_wrapper\">\n\t\t\t<p>Maldiverna, k\u00e4nda f\u00f6r sina or\u00f6rda str\u00e4nder och pulserande marint liv, \u00e4r en dr\u00f6mdestination f\u00f6r resen\u00e4rer som s\u00f6ker den perfekta tropiska flykten. Mitt i denna hisnande sk\u00e4rg\u00e5rd ligger <strong>Nakai Alimat\u00e0 Resort<\/strong>, en dold p\u00e4rla som erbjuder en distinkt blandning av avkoppling, \u00e4ventyr och maldivisk charm.<\/p>\n<p><strong>L\u00e4ge och tillg\u00e4nglighet<\/strong><\/p>\n<p>Nakai Alimatha Resort \u00e4r strategiskt bel\u00e4get p\u00e5 \u00f6n Alimat\u00e0, i Vaavu-atollen. F\u00f6r att n\u00e5 detta avskilda paradis kan g\u00e4sterna v\u00e4lja ett 30-minuters inrikesflyg fr\u00e5n Velana International Airport till Gan International Airport, f\u00f6ljt av en 20-minuters transfer med motorb\u00e5t till resorten. Resan i sig \u00e4r en introduktion till Maldivernas naturliga sk\u00f6nhet och s\u00e4tter tonen f\u00f6r din tropiska semester.<\/p>\n<p><strong>Bungalower vid stranden och villor \u00f6ver vattnet<\/strong><\/p>\n<p>Anl\u00e4ggningen erbjuder en rad bekv\u00e4ma och v\u00e4lutrustade boendealternativ. Fr\u00e5n bungalower vid stranden till villor \u00f6ver vattnet, varje enhet \u00e4r designad f\u00f6r att ge den perfekta blandningen av komfort och modern lyx. I synnerhet \u00f6vervattensvillorna erbjuder direkt tillg\u00e5ng till den kristallklara lagunen, s\u00e5 att du kan f\u00f6rdjupa dig i Indiska oceanens sk\u00f6nhet.<\/p>\n<p><strong>Matsal<\/strong><\/p>\n<p>Nakai Alimath\u00e0 Resort lockar dina smakl\u00f6kar med ett h\u00e4rligt urval av kulinariska upplevelser. Anl\u00e4ggningens huvudrestaurang, Falhu, serverar en h\u00e4rlig blandning av internationella och maldiviska r\u00e4tter. G\u00e4sterna kan ocks\u00e5 njuta av asiatiska fusionsr\u00e4tter p\u00e5 Dhonakulhi, anl\u00e4ggningens specialitetsrestaurang. Oavsett om du njuter av internationella smaker eller lokala specialiteter, kommer resortens kulinariska utbud garanterat att tillfredsst\u00e4lla din smak.<\/p>\n<p><strong>Aktiviteter och \u00e4ventyr<\/strong><\/p>\n<p>B\u00e5de \u00e4ventyrss\u00f6kande och avkopplingsentusiaster kommer att hitta ett \u00f6verfl\u00f6d av aktiviteter att njuta av p\u00e5 Nakai Alimath\u00e0 Resort. Utforska den pulserande undervattensv\u00e4rlden med snorkling och dyknings\u00e4ventyr. Delta i olika vattensporter som vindsurfing, kajakpaddling och paddleboard. F\u00f6r dem som s\u00f6ker avkoppling erbjuder resortens spa en rad f\u00f6ryngrande behandlingar och h\u00e4lsoaktiviteter.<\/p>\n<p><strong>H\u00e5llbarhet och bevarande<\/strong><\/p>\n<p>Anl\u00e4ggningen \u00e4r djupt engagerad i h\u00e5llbara metoder och marin bevarande. Nakai Alimat\u00e0 Resort deltar aktivt i korallrestaureringsinitiativ, marina saneringsinsatser och st\u00f6djer lokala milj\u00f6initiativ. G\u00e4ster uppmuntras att g\u00e5 med i dessa aktiviteter, vilket bidrar positivt till bevarandet av Maldivernas v\u00e4rdefulla marina ekosystem.<\/p>\n<p><strong>Unika upplevelser<\/strong><\/p>\n<p>F\u00f6r att g\u00f6ra din vistelse riktigt speciell erbjuder resorten unika upplevelser som solnedg\u00e5ngsfiske, \u00f6hoppning och guidade snorklingsturer till n\u00e4rliggande korallrev. Oavsett om du vill f\u00f6rdjupa dig i den lokala kulturen, bevittna hisnande solnedg\u00e5ngar eller bara koppla av i paradiset, garanterar Nakai Alimath\u00e0 Resort att det finns n\u00e5got f\u00f6r alla.<\/p>\n<p><strong>Slutsats<\/strong><\/p>\n<p>Sammanfattningsvis \u00e4r Nakai Alimat\u00e0 Resort en dold tropisk p\u00e4rla som utlovar en extraordin\u00e4r tillflyktsort. Dess avl\u00e4gset l\u00e4ge, bekv\u00e4ma boende, m\u00e5ngsidiga k\u00f6ket och h\u00e4ngivenhet f\u00f6r h\u00e5llbarhet g\u00f6r det till det perfekta valet f\u00f6r resen\u00e4rer som s\u00f6ker avkoppling och \u00e4ventyr. Oavsett om du firar ett speciellt tillf\u00e4lle eller s\u00f6ker en f\u00f6ryngrande flykt, erbjuder Nakai Alimath\u00e0 Resort en upplevelse som skapar omhuldade minnen. Boka din vistelse idag och ge dig ut p\u00e5 en of\u00f6rgl\u00f6mlig resa till paradiset p\u00e5 Maldiverna.<\/p>\n\n\t\t<\/div>\n\t<\/div>\n<\/div><\/div><\/div><\/div><div class=\"vc_row wpb_row vc_row-fluid\"><div class=\"wpb_column vc_column_container vc_col-sm-12\"><div class=\"vc_column-inner\"><div class=\"wpb_wrapper\">\n\t<div class=\"wpb_text_column wpb_content_element\" >\n\t\t<div class=\"wpb_wrapper\">\n\t\t\t<h3><a title=\"Nakai Alimatha Resort\" href=\"https:\/\/trip.tpo.lv\/trGfhPM3\" target=\"blanc2\" rel=\"nofollow\">Kolla tillg\u00e4nglighet och b\u00e4sta pris p\u00e5 Nakai Alimatha Resort h\u00e4r &gt;&gt;<\/a><\/h3>\n\n\t\t<\/div>\n\t<\/div>\n<\/div><\/div><\/div><\/div>\n<\/div>","protected":false},"excerpt":{"rendered":"<div class=\"mh-excerpt\"><\/div>","protected":false},"author":1,"featured_media":10249,"parent":0,"menu_order":0,"comment_status":"closed","ping_status":"closed","template":"","meta":{"footnotes":""},"class_list":["post-10248","page","type-page","status-publish","has-post-thumbnail"],"aioseo_notices":[],"_links":{"self":[{"href":"https:\/\/maldives-paradise.com\/sv\/wp-json\/wp\/v2\/pages\/10248","targetHints":{"allow":["GET"]}}],"collection":[{"href":"https:\/\/maldives-paradise.com\/sv\/wp-json\/wp\/v2\/pages"}],"about":[{"href":"https:\/\/maldives-paradise.com\/sv\/wp-json\/wp\/v2\/types\/page"}],"author":[{"embeddable":true,"href":"https:\/\/maldives-paradise.com\/sv\/wp-json\/wp\/v2\/users\/1"}],"replies":[{"embeddable":true,"href":"https:\/\/maldives-paradise.com\/sv\/wp-json\/wp\/v2\/comments?post=10248"}],"version-history":[{"count":3,"href":"https:\/\/maldives-paradise.com\/sv\/wp-json\/wp\/v2\/pages\/10248\/revisions"}],"predecessor-version":[{"id":43471,"href":"https:\/\/maldives-paradise.com\/sv\/wp-json\/wp\/v2\/pages\/10248\/revisions\/43471"}],"wp:featuredmedia":[{"embeddable":true,"href":"https:\/\/maldives-paradise.com\/sv\/wp-json\/wp\/v2\/media\/10249"}],"wp:attachment":[{"href":"https:\/\/maldives-paradise.com\/sv\/wp-json\/wp\/v2\/media?parent=10248"}],"curies":[{"name":"wp","href":"https:\/\/api.w.org\/{rel}","templated":true}]}}