{"id":9940,"date":"2024-02-02T07:17:47","date_gmt":"2024-02-02T07:17:47","guid":{"rendered":"http:\/\/maldives-paradise.com\/?page_id=9940"},"modified":"2025-10-10T08:17:48","modified_gmt":"2025-10-10T08:17:48","slug":"fiyavalhu-resort-maldivas","status":"publish","type":"page","link":"https:\/\/maldives-paradise.com\/pt\/fiyavalhu-resort-maldivas\/","title":{"rendered":"Fiyavalhu Resort Maldivas"},"content":{"rendered":"<div class=\"wpb-content-wrapper\"><div class=\"vc_row wpb_row vc_row-fluid\"><div class=\"wpb_column vc_column_container vc_col-sm-12\"><div class=\"vc_column-inner\"><div class=\"wpb_wrapper\">\n\t<div class=\"wpb_text_column wpb_content_element\" >\n\t\t<div class=\"wpb_wrapper\">\n\t\t\t<h3>Descobrindo o Para\u00edso: Fiyavalhu Resort Maldivas<\/h3>\n\n\t\t<\/div>\n\t<\/div>\n<\/div><\/div><\/div><\/div><div class=\"vc_row wpb_row vc_row-fluid\"><div class=\"wpb_column vc_column_container vc_col-sm-12\"><div class=\"vc_column-inner\"><div class=\"wpb_wrapper\">\n\t<div class=\"wpb_video_widget wpb_content_element vc_clearfix   vc_video-aspect-ratio-169 vc_video-el-width-100 vc_video-align-left\" >\n\t\t<div class=\"wpb_wrapper\">\n\t\t\t\n\t\t\t<div class=\"wpb_video_wrapper\"><iframe loading=\"lazy\" title=\"Fiyavalhu Maldivas\" width=\"500\" height=\"281\" src=\"https:\/\/www.youtube.com\/embed\/PK0BqCE6r_Y?feature=oembed\" frameborder=\"0\" allow=\"accelerometer; autoplay; clipboard-write; encrypted-media; gyroscope; picture-in-picture; web-share\" allowfullscreen><\/iframe><\/div>\n\t\t<\/div>\n\t<\/div>\n<\/div><\/div><\/div><\/div><div class=\"vc_row wpb_row vc_row-fluid\"><div class=\"wpb_column vc_column_container vc_col-sm-12\"><div class=\"vc_column-inner\"><div class=\"wpb_wrapper\">\n\t<div class=\"wpb_text_column wpb_content_element\" >\n\t\t<div class=\"wpb_wrapper\">\n\t\t\t<p>O Fiyavalhu Resort Maldives \u00e9 um verdadeiro para\u00edso para aqueles que buscam um peda\u00e7o do para\u00edso na Terra. Com suas praias imaculadas, \u00e1guas cristalinas e paisagens tropicais exuberantes, este resort de luxo oferece uma experi\u00eancia inesquec\u00edvel que atende a todos os seus desejos. Neste artigo otimizado para SEO, daremos uma olhada mais de perto no que torna o <strong>Fiyavalhu Resort Maldivas<\/strong> um destino imperd\u00edvel para viajantes que buscam relaxamento, aventura e beleza natural incompar\u00e1vel.<\/p>\n<p><strong>Localiza\u00e7\u00e3o e acessibilidade<\/strong><\/p>\n<p>O Fiyavalhu Resort Maldives est\u00e1 estrategicamente localizado na pitoresca ilha de Maalhos, parte do Atol Raa. Para chegar a esse destino dos sonhos, os h\u00f3spedes podem pegar um traslado de hidroavi\u00e3o do Aeroporto Internacional de Velana, proporcionando uma vista a\u00e9rea inspiradora das ilhas de corais das Maldivas. O isolamento do resort garante uma fuga da agita\u00e7\u00e3o da vida cotidiana, tornando-o o local ideal para casais em lua de mel, fam\u00edlias e qualquer pessoa em busca de tranquilidade.<\/p>\n<p><strong>Alojamento<\/strong><\/p>\n<p>O Fiyavalhu Resort oferece uma variedade de op\u00e7\u00f5es de acomoda\u00e7\u00f5es luxuosas para atender a todos os gostos e prefer\u00eancias. De vilas \u00e0 beira-mar a bangal\u00f4s sobre a \u00e1gua, cada quarto \u00e9 projetado para fornecer aos h\u00f3spedes o m\u00e1ximo de conforto e privacidade. As vilas s\u00e3o equipadas com comodidades modernas e apresentam terra\u00e7os privativos que oferecem vistas de tirar o f\u00f4lego do Oceano \u00cdndico. Os bangal\u00f4s sobre a \u00e1gua permitem que os h\u00f3spedes entrem diretamente no oceano a partir de seus decks privativos, proporcionando uma experi\u00eancia verdadeiramente envolvente.<\/p>\n<p><strong>Jantar<\/strong><\/p>\n<p>Entusiastas da culin\u00e1ria ficar\u00e3o encantados com as diversas op\u00e7\u00f5es de refei\u00e7\u00f5es do resort. O restaurante principal, Vai Restaurant, serve uma deliciosa variedade de cozinha internacional e das Maldivas. Para uma experi\u00eancia mais \u00edntima, o Fiyavalhu oferece op\u00e7\u00f5es de refei\u00e7\u00f5es privativas na praia ou na sua villa. De frutos do mar frescos a iguarias internacionais, os talentosos chefs do resort garantem que cada refei\u00e7\u00e3o seja uma experi\u00eancia memor\u00e1vel.<\/p>\n<p><strong>Atividades e Experi\u00eancias<\/strong><\/p>\n<p>O Fiyavalhu Resort Maldives atende tanto os aventureiros quanto aqueles que buscam relaxamento. Mergulhe nas \u00e1guas cristalinas e explore vibrantes recifes de corais repletos de vida marinha. Mergulho com snorkel, mergulho aut\u00f4nomo e esportes aqu\u00e1ticos est\u00e3o prontamente dispon\u00edveis. Aqueles em busca de relaxamento podem descontrair no luxuoso spa do resort, onde uma variedade de tratamentos e terapias rejuvenescedoras s\u00e3o oferecidos.<\/p>\n<p><strong>Sustentabilidade e Conserva\u00e7\u00e3o<\/strong><\/p>\n<p>O Fiyavalhu Resort Maldives est\u00e1 comprometido com a sustentabilidade ambiental e a conserva\u00e7\u00e3o marinha. O resort participa ativamente de projetos de restaura\u00e7\u00e3o de corais, conserva\u00e7\u00e3o de tartarugas e iniciativas de gerenciamento de res\u00edduos. Os h\u00f3spedes podem aprender sobre esses esfor\u00e7os e at\u00e9 mesmo se envolver em atividades como plantio de corais, garantindo que sua visita contribua positivamente para o ecossistema local.<\/p>\n<p><strong>Experi\u00eancias \u00fanicas<\/strong><\/p>\n<p>Para tornar sua estadia verdadeiramente memor\u00e1vel, o resort oferece experi\u00eancias \u00fanicas, como cruzeiros ao p\u00f4r do sol, sess\u00f5es de observa\u00e7\u00e3o de estrelas e excurs\u00f5es guiadas \u00e0 ilha. Quer voc\u00ea esteja interessado em explorar a cultura local, testemunhar pores do sol de tirar o f\u00f4lego ou simplesmente relaxar no para\u00edso, o Fiyavalhu Resort tem algo para todos.<\/p>\n<p><strong>Conclus\u00e3o<\/strong><\/p>\n<p>Concluindo, o Fiyavalhu Resort Maldives \u00e9 um para\u00edso tropical que promete uma escapada inesquec\u00edvel. Sua localiza\u00e7\u00e3o deslumbrante, acomoda\u00e7\u00f5es luxuosas, culin\u00e1ria deliciosa e compromisso com a sustentabilidade fazem dele uma escolha ideal para viajantes que buscam escapar para um mundo de beleza natural e serenidade. Quer voc\u00ea esteja comemorando uma ocasi\u00e3o especial ou simplesmente buscando uma pausa bem merecida, o Fiyavalhu Resort Maldives oferece uma experi\u00eancia que deixar\u00e1 voc\u00ea com mem\u00f3rias queridas para o resto da vida. Reserve sua estadia hoje e embarque em uma jornada para o para\u00edso no cora\u00e7\u00e3o das Maldivas.<\/p>\n\n\t\t<\/div>\n\t<\/div>\n<\/div><\/div><\/div><\/div><div class=\"vc_row wpb_row vc_row-fluid\"><div class=\"wpb_column vc_column_container vc_col-sm-12\"><div class=\"vc_column-inner\"><div class=\"wpb_wrapper\">\n\t<div class=\"wpb_text_column wpb_content_element\" >\n\t\t<div class=\"wpb_wrapper\">\n\t\t\t<h3><a title=\"Fiyavalhu Resort Maldivas\" href=\"https:\/\/trip.tpo.lv\/TKuNrVkI\" target=\"blanc2\" rel=\"nofollow\">Check availability and best price at Fiyavalhu Resort Maldives here &gt;&gt;<\/a><\/h3>\n\n\t\t<\/div>\n\t<\/div>\n<\/div><\/div><\/div><\/div>\n<\/div>","protected":false},"excerpt":{"rendered":"<div class=\"mh-excerpt\"><\/div>","protected":false},"author":1,"featured_media":9941,"parent":0,"menu_order":0,"comment_status":"closed","ping_status":"closed","template":"","meta":{"footnotes":""},"class_list":["post-9940","page","type-page","status-publish","has-post-thumbnail"],"aioseo_notices":[],"_links":{"self":[{"href":"https:\/\/maldives-paradise.com\/pt\/wp-json\/wp\/v2\/pages\/9940","targetHints":{"allow":["GET"]}}],"collection":[{"href":"https:\/\/maldives-paradise.com\/pt\/wp-json\/wp\/v2\/pages"}],"about":[{"href":"https:\/\/maldives-paradise.com\/pt\/wp-json\/wp\/v2\/types\/page"}],"author":[{"embeddable":true,"href":"https:\/\/maldives-paradise.com\/pt\/wp-json\/wp\/v2\/users\/1"}],"replies":[{"embeddable":true,"href":"https:\/\/maldives-paradise.com\/pt\/wp-json\/wp\/v2\/comments?post=9940"}],"version-history":[{"count":4,"href":"https:\/\/maldives-paradise.com\/pt\/wp-json\/wp\/v2\/pages\/9940\/revisions"}],"predecessor-version":[{"id":43434,"href":"https:\/\/maldives-paradise.com\/pt\/wp-json\/wp\/v2\/pages\/9940\/revisions\/43434"}],"wp:featuredmedia":[{"embeddable":true,"href":"https:\/\/maldives-paradise.com\/pt\/wp-json\/wp\/v2\/media\/9941"}],"wp:attachment":[{"href":"https:\/\/maldives-paradise.com\/pt\/wp-json\/wp\/v2\/media?parent=9940"}],"curies":[{"name":"wp","href":"https:\/\/api.w.org\/{rel}","templated":true}]}}