{"id":9773,"date":"2024-01-30T07:44:09","date_gmt":"2024-01-30T07:44:09","guid":{"rendered":"http:\/\/maldives-paradise.com\/?page_id=9773"},"modified":"2025-10-10T06:58:21","modified_gmt":"2025-10-10T06:58:21","slug":"resort-na-ilha-eriyadu","status":"publish","type":"page","link":"https:\/\/maldives-paradise.com\/pt\/resort-na-ilha-eriyadu\/","title":{"rendered":"Resort da Ilha Eriyadu"},"content":{"rendered":"<div class=\"wpb-content-wrapper\"><div class=\"vc_row wpb_row vc_row-fluid\"><div class=\"wpb_column vc_column_container vc_col-sm-12\"><div class=\"vc_column-inner\"><div class=\"wpb_wrapper\">\n\t<div class=\"wpb_text_column wpb_content_element\" >\n\t\t<div class=\"wpb_wrapper\">\n\t\t\t<h3>Eriyadu Island Resort: Uma joia escondida no para\u00edso tropical<\/h3>\n\n\t\t<\/div>\n\t<\/div>\n<\/div><\/div><\/div><\/div><div class=\"vc_row wpb_row vc_row-fluid\"><div class=\"wpb_column vc_column_container vc_col-sm-12\"><div class=\"vc_column-inner\"><div class=\"wpb_wrapper\">\n\t<div class=\"wpb_video_widget wpb_content_element vc_clearfix   vc_video-aspect-ratio-169 vc_video-el-width-100 vc_video-align-left\" >\n\t\t<div class=\"wpb_wrapper\">\n\t\t\t\n\t\t\t<div class=\"wpb_video_wrapper\"><iframe loading=\"lazy\" title=\"Eriyadu Island Resort, Reethi Rah\" width=\"500\" height=\"281\" src=\"https:\/\/www.youtube.com\/embed\/eeM69RiJwO8?feature=oembed\" frameborder=\"0\" allow=\"accelerometer; autoplay; clipboard-write; encrypted-media; gyroscope; picture-in-picture; web-share\" allowfullscreen><\/iframe><\/div>\n\t\t<\/div>\n\t<\/div>\n<\/div><\/div><\/div><\/div><div class=\"vc_row wpb_row vc_row-fluid\"><div class=\"wpb_column vc_column_container vc_col-sm-12\"><div class=\"vc_column-inner\"><div class=\"wpb_wrapper\">\n\t<div class=\"wpb_text_column wpb_content_element\" >\n\t\t<div class=\"wpb_wrapper\">\n\t\t\t<p>Escondido no cora\u00e7\u00e3o do Oceano \u00cdndico, o <strong>Resort da Ilha Eriyadu<\/strong> \u00e9 um o\u00e1sis tranquilo que promete uma escapada inesquec\u00edvel nas Maldivas. Situado na isolada Ilha Eriyadu, este resort combina beleza natural, relaxamento e aventuras aqu\u00e1ticas para criar um retiro id\u00edlico para viajantes que buscam serenidade nas Maldivas.<\/p>\n<p><strong>Chegada ao Para\u00edso<\/strong><\/p>\n<p>Sua jornada para o Eriyadu Island Resort come\u00e7a com um traslado panor\u00e2mico de lancha do Aeroporto Internacional de Mal\u00e9. Conforme voc\u00ea se aproxima da ilha, voc\u00ea ser\u00e1 recebido por areias brancas imaculadas, vegeta\u00e7\u00e3o tropical exuberante e a promessa de uma fuga extraordin\u00e1ria.<\/p>\n<p><strong>Acomoda\u00e7\u00f5es aconchegantes<\/strong><\/p>\n<p>O resort oferece uma variedade de acomoda\u00e7\u00f5es confort\u00e1veis projetadas para se misturar com o ambiente natural, ao mesmo tempo em que oferece confortos modernos. Escolha entre bangal\u00f4s \u00e0 beira-mar ou vilas sobre a \u00e1gua, cada um cuidadosamente projetado com terra\u00e7os privativos e acesso direto \u00e0 praia ou lagoa. Adorme\u00e7a ao som suave das ondas do oceano e acorde com o abra\u00e7o suave da brisa tropical.<\/p>\n<p><strong>Del\u00edcias Culin\u00e1rias<\/strong><\/p>\n<p>O Eriyadu Island Resort ostenta uma variedade de op\u00e7\u00f5es gastron\u00f4micas que atendem a todos os paladares. O restaurante principal, Sufura, oferece buffets internacionais com noites tem\u00e1ticas de jantar, garantindo uma experi\u00eancia culin\u00e1ria diversificada. O exclusivo Sunset Restaurant and Bar oferece vistas deslumbrantes do oceano e culin\u00e1ria requintada. Para uma experi\u00eancia gastron\u00f4mica rom\u00e2ntica, saboreie um jantar privado \u00e0 luz de velas na praia.<\/p>\n<p><strong>Aventuras aqu\u00e1ticas<\/strong><\/p>\n<p>As Maldivas s\u00e3o famosas por sua vibrante vida marinha, e o Eriyadu Island Resort permite que voc\u00ea a explore de perto. O centro de mergulho certificado pela PADI do resort oferece experi\u00eancias de mergulho que revelam recifes de corais de tirar o f\u00f4lego, encontros com vida marinha colorida e at\u00e9 mesmo oportunidades de nadar com majestosas arraias manta e tubar\u00f5es de recife. Saf\u00e1ris de mergulho com snorkel e mergulho com snorkel guiado tamb\u00e9m est\u00e3o dispon\u00edveis.<\/p>\n<p><strong>Esportes Aqu\u00e1ticos e Atividades de Lazer<\/strong><\/p>\n<p>Al\u00e9m de mergulho e snorkeling, o resort oferece uma variedade de esportes aqu\u00e1ticos e atividades terrestres. Experimente windsurf, paddleboarding ou caiaque. Participe de uma partida amig\u00e1vel de v\u00f4lei de praia ou badminton. Mantenha sua rotina de exerc\u00edcios na academia ou desfrute de um tratamento relaxante no Coconut Spa.<\/p>\n<p><strong>Retiro familiar<\/strong><\/p>\n<p>O Eriyadu Island Resort \u00e9 um destino ideal para fam\u00edlias, oferecendo acomoda\u00e7\u00f5es para fam\u00edlias, uma piscina infantil e um Kids&#039; Club com atividades supervisionadas. Enquanto os pais embarcam em suas pr\u00f3prias aventuras, as crian\u00e7as podem ter sua pr\u00f3pria parcela de divers\u00e3o e entretenimento.<\/p>\n<p><strong>Escapadas rom\u00e2nticas<\/strong><\/p>\n<p>Para casais que buscam uma escapada rom\u00e2ntica, o resort oferece experi\u00eancias gastron\u00f4micas \u00edntimas, tratamentos de spa para casais e cruzeiros ao p\u00f4r do sol. A serena beleza natural da Ilha Eriyadu prepara o cen\u00e1rio para momentos queridos juntos.<\/p>\n<p><strong>Compromisso Ecol\u00f3gico<\/strong><\/p>\n<p>O resort \u00e9 dedicado a pr\u00e1ticas de turismo sustent\u00e1vel, participando ativamente de projetos de restaura\u00e7\u00e3o de corais e esfor\u00e7os de conserva\u00e7\u00e3o ambiental. Envolva-se em suas iniciativas ecologicamente corretas para contribuir com a preserva\u00e7\u00e3o do ecossistema marinho.<\/p>\n<p><strong>Conclus\u00e3o<\/strong><\/p>\n<p>O Eriyadu Island Resort Maldives n\u00e3o \u00e9 apenas um destino de f\u00e9rias; \u00e9 um convite para se reconectar com a natureza e abra\u00e7ar a serenidade das Maldivas. Quer voc\u00ea esteja buscando aventura sob as ondas, relaxamento em praias imaculadas ou uma escapada rom\u00e2ntica, este resort oferece tudo. Com hospitalidade calorosa e arredores de tirar o f\u00f4lego, o Eriyadu Island Resort convida voc\u00ea a criar mem\u00f3rias duradouras neste canto sereno das Maldivas.<\/p>\n<p>Experimente a magia das Maldivas no Eriyadu Island Resort, onde a natureza e o conforto se combinam para criar um retiro inigual\u00e1vel. Transforme seus sonhos de uma escapada nas Maldivas em realidade e mergulhe na beleza extraordin\u00e1ria que o cerca.<\/p>\n\n\t\t<\/div>\n\t<\/div>\n<\/div><\/div><\/div><\/div><div class=\"vc_row wpb_row vc_row-fluid\"><div class=\"wpb_column vc_column_container vc_col-sm-12\"><div class=\"vc_column-inner\"><div class=\"wpb_wrapper\">\n\t<div class=\"wpb_text_column wpb_content_element\" >\n\t\t<div class=\"wpb_wrapper\">\n\t\t\t<h3><a title=\"Resort da Ilha Eriyadu\" href=\"https:\/\/trip.tpo.lv\/tqs16qtu\" target=\"blanc2\" rel=\"nofollow\">Verifique a disponibilidade e o melhor pre\u00e7o no Eriyadu Island Resort aqui &gt;&gt;<\/a><\/h3>\n\n\t\t<\/div>\n\t<\/div>\n<\/div><\/div><\/div><\/div>\n<\/div>","protected":false},"excerpt":{"rendered":"<div class=\"mh-excerpt\"><\/div>","protected":false},"author":1,"featured_media":9774,"parent":0,"menu_order":0,"comment_status":"closed","ping_status":"closed","template":"","meta":{"footnotes":""},"class_list":["post-9773","page","type-page","status-publish","has-post-thumbnail"],"aioseo_notices":[],"_links":{"self":[{"href":"https:\/\/maldives-paradise.com\/pt\/wp-json\/wp\/v2\/pages\/9773","targetHints":{"allow":["GET"]}}],"collection":[{"href":"https:\/\/maldives-paradise.com\/pt\/wp-json\/wp\/v2\/pages"}],"about":[{"href":"https:\/\/maldives-paradise.com\/pt\/wp-json\/wp\/v2\/types\/page"}],"author":[{"embeddable":true,"href":"https:\/\/maldives-paradise.com\/pt\/wp-json\/wp\/v2\/users\/1"}],"replies":[{"embeddable":true,"href":"https:\/\/maldives-paradise.com\/pt\/wp-json\/wp\/v2\/comments?post=9773"}],"version-history":[{"count":3,"href":"https:\/\/maldives-paradise.com\/pt\/wp-json\/wp\/v2\/pages\/9773\/revisions"}],"predecessor-version":[{"id":43429,"href":"https:\/\/maldives-paradise.com\/pt\/wp-json\/wp\/v2\/pages\/9773\/revisions\/43429"}],"wp:featuredmedia":[{"embeddable":true,"href":"https:\/\/maldives-paradise.com\/pt\/wp-json\/wp\/v2\/media\/9774"}],"wp:attachment":[{"href":"https:\/\/maldives-paradise.com\/pt\/wp-json\/wp\/v2\/media?parent=9773"}],"curies":[{"name":"wp","href":"https:\/\/api.w.org\/{rel}","templated":true}]}}