{"id":8128,"date":"2024-01-04T07:32:35","date_gmt":"2024-01-04T07:32:35","guid":{"rendered":"http:\/\/maldives-paradise.com\/?page_id=8128"},"modified":"2025-02-22T09:12:49","modified_gmt":"2025-02-22T09:12:49","slug":"hoteis-e-resorts-5-estrelas-nas-maldivas-5","status":"publish","type":"page","link":"https:\/\/maldives-paradise.com\/pt\/hoteis-e-resorts-5-estrelas-nas-maldivas-5\/","title":{"rendered":"Hot\u00e9is e resorts 5 estrelas nas Maldivas 5"},"content":{"rendered":"<div class=\"wpb-content-wrapper\"><div class=\"vc_row wpb_row vc_row-fluid\"><div class=\"wpb_column vc_column_container vc_col-sm-12\"><div class=\"vc_column-inner\"><div class=\"wpb_wrapper\">\n\t<div class=\"wpb_text_column wpb_content_element\" >\n\t\t<div class=\"wpb_wrapper\">\n\t\t\t<h3>Uma sele\u00e7\u00e3o de hot\u00e9is e resorts 5 estrelas nas Maldivas<\/h3>\n<p>Com <strong data-start=\"450\" data-end=\"522\">vistas deslumbrantes do oceano, praias de areia branca e lagoas cristalinas<\/strong>, <strong data-start=\"524\" data-end=\"558\">Resorts 5 estrelas nas Maldivas<\/strong> redefinir o luxo tropical, tornando-os o destino perfeito para <strong data-start=\"625\" data-end=\"677\">rec\u00e9m-casados, fam\u00edlias e viajantes exigentes<\/strong> buscando uma escapada inesquec\u00edvel.<\/p>\n\n\t\t<\/div>\n\t<\/div>\n<\/div><\/div><\/div><\/div><div class=\"vc_row wpb_row vc_row-fluid\"><div class=\"wpb_column vc_column_container vc_col-sm-3\"><div class=\"vc_column-inner\"><div class=\"wpb_wrapper\">\n\t<div  class=\"wpb_single_image wpb_content_element vc_align_left wpb_content_element\">\n\t\t\n\t\t<figure class=\"wpb_wrapper vc_figure\">\n\t\t\t<a href=\"http:\/\/maldives-paradise.com\/pt\/?page_id=4724\" target=\"_self\" class=\"vc_single_image-wrapper   vc_box_border_grey\"><img loading=\"lazy\" decoding=\"async\" width=\"150\" height=\"150\" src=\"https:\/\/maldives-paradise.com\/wp-content\/uploads\/2024\/01\/Milaidhoo-Island-Maldives2-150x150.jpg\" class=\"vc_single_image-img attachment-thumbnail\" alt=\"Ilha Milaidhoo\" title=\"Ilha Milaidhoo-Maldivas2\" \/><\/a>\n\t\t<\/figure>\n\t<\/div>\n<\/div><\/div><\/div><div class=\"wpb_column vc_column_container vc_col-sm-9\"><div class=\"vc_column-inner\"><div class=\"wpb_wrapper\">\n\t<div class=\"wpb_text_column wpb_content_element\" >\n\t\t<div class=\"wpb_wrapper\">\n\t\t\t<h4><a href=\"http:\/\/maldives-paradise.com\/pt\/?page_id=4724\">Ilha Milaidhoo<\/a><\/h4>\n<p><strong><span style=\"color: #ff0000;\">* Garantia de melhor tarifa para este resort<\/span><br \/>\n<\/strong>No cora\u00e7\u00e3o do Atol de Baa, a Ilha Milaidhoo Maldivas \u00e9 um local ideal para descobrir as Ilhas Maldivas. \u00c9 um resort boutique de luxo na Reserva da Biosfera da UNESCO. Seu pr\u00f3prio recife de corais \u00e9 uma \u00e1rea protegida e conhecido como um excelente local para mergulho com snorkel e cilindro. A bela ilha, repleta de vegeta\u00e7\u00e3o tropical, \u00e9 cercada por praias de areia branca e cercada por um recife de corais.<\/p>\n\n\t\t<\/div>\n\t<\/div>\n<\/div><\/div><\/div><\/div><div class=\"vc_row wpb_row vc_row-fluid\"><div class=\"wpb_column vc_column_container vc_col-sm-3\"><div class=\"vc_column-inner\"><div class=\"wpb_wrapper\">\n\t<div  class=\"wpb_single_image wpb_content_element vc_align_left wpb_content_element\">\n\t\t\n\t\t<figure class=\"wpb_wrapper vc_figure\">\n\t\t\t<a href=\"http:\/\/maldives-paradise.com\/pt\/?page_id=7435\" target=\"_self\" class=\"vc_single_image-wrapper   vc_box_border_grey\"><img loading=\"lazy\" decoding=\"async\" width=\"150\" height=\"150\" src=\"https:\/\/maldives-paradise.com\/wp-content\/uploads\/2024\/01\/mirihi2-150x150.jpg\" class=\"vc_single_image-img attachment-thumbnail\" alt=\"Resort da Ilha Mirihi\" title=\"mirihi2\" \/><\/a>\n\t\t<\/figure>\n\t<\/div>\n<\/div><\/div><\/div><div class=\"wpb_column vc_column_container vc_col-sm-9\"><div class=\"vc_column-inner\"><div class=\"wpb_wrapper\">\n\t<div class=\"wpb_text_column wpb_content_element\" >\n\t\t<div class=\"wpb_wrapper\">\n\t\t\t<h4><a href=\"http:\/\/maldives-paradise.com\/pt\/?page_id=7435\">Resort da Ilha Mirihi<\/a><\/h4>\n<p><strong>Resort da Ilha Mirihi<\/strong> \u00e9 um testemunho de opul\u00eancia e tranquilidade, oferecendo um ref\u00fagio incompar\u00e1vel para quem busca o auge do luxo. Ao embarcar em uma jornada para este ref\u00fagio isolado, prepare-se para se encantar com as principais caracter\u00edsticas do resort, que redefinem a ess\u00eancia de um para\u00edso tropical.<\/p>\n\n\t\t<\/div>\n\t<\/div>\n<\/div><\/div><\/div><\/div><div class=\"vc_row wpb_row vc_row-fluid\"><div class=\"wpb_column vc_column_container vc_col-sm-3\"><div class=\"vc_column-inner\"><div class=\"wpb_wrapper\">\n\t<div  class=\"wpb_single_image wpb_content_element vc_align_left wpb_content_element\">\n\t\t\n\t\t<figure class=\"wpb_wrapper vc_figure\">\n\t\t\t<a href=\"http:\/\/maldives-paradise.com\/pt\/?page_id=7503\" target=\"_self\" class=\"vc_single_image-wrapper   vc_box_border_grey\"><img loading=\"lazy\" decoding=\"async\" width=\"150\" height=\"150\" src=\"https:\/\/maldives-paradise.com\/wp-content\/uploads\/2024\/01\/naladu2-150x150.jpg\" class=\"vc_single_image-img attachment-thumbnail\" alt=\"Ilha Privada de Naladhu\" title=\"naladu2\" \/><\/a>\n\t\t<\/figure>\n\t<\/div>\n<\/div><\/div><\/div><div class=\"wpb_column vc_column_container vc_col-sm-9\"><div class=\"vc_column-inner\"><div class=\"wpb_wrapper\">\n\t<div class=\"wpb_text_column wpb_content_element\" >\n\t\t<div class=\"wpb_wrapper\">\n\t\t\t<h4><a href=\"http:\/\/maldives-paradise.com\/pt\/?page_id=7503\">Naladhu Private Island Resort<\/a><\/h4>\n<p>Revelando um reino de luxo e tranquilidade incompar\u00e1veis, <strong>Ilha Privada de Naladhu<\/strong> nas Maldivas convida os viajantes mais exigentes a experimentar uma sinfonia de opul\u00eancia e beleza natural. Situado no cora\u00e7\u00e3o do Oceano \u00cdndico, este retiro exclusivo \u00e9 um testemunho de eleg\u00e2ncia refinada e servi\u00e7o personalizado, estabelecendo um novo padr\u00e3o de luxo nas Maldivas.<\/p>\n\n\t\t<\/div>\n\t<\/div>\n<\/div><\/div><\/div><\/div><div class=\"vc_row wpb_row vc_row-fluid\"><div class=\"wpb_column vc_column_container vc_col-sm-3\"><div class=\"vc_column-inner\"><div class=\"wpb_wrapper\">\n\t<div  class=\"wpb_single_image wpb_content_element vc_align_left wpb_content_element\">\n\t\t\n\t\t<figure class=\"wpb_wrapper vc_figure\">\n\t\t\t<a href=\"http:\/\/maldives-paradise.com\/pt\/?page_id=7525\" target=\"_self\" class=\"vc_single_image-wrapper   vc_box_border_grey\"><img loading=\"lazy\" decoding=\"async\" width=\"150\" height=\"150\" src=\"https:\/\/maldives-paradise.com\/wp-content\/uploads\/2024\/01\/nautilus2-150x150.jpg\" class=\"vc_single_image-img attachment-thumbnail\" alt=\"Nautilus Maldivas\" title=\"n\u00e1utilo2\" \/><\/a>\n\t\t<\/figure>\n\t<\/div>\n<\/div><\/div><\/div><div class=\"wpb_column vc_column_container vc_col-sm-9\"><div class=\"vc_column-inner\"><div class=\"wpb_wrapper\">\n\t<div class=\"wpb_text_column wpb_content_element\" >\n\t\t<div class=\"wpb_wrapper\">\n\t\t\t<h4><a href=\"http:\/\/maldives-paradise.com\/pt\/?page_id=7525\">Nautilus Maldivas<\/a><\/h4>\n<p>Votado entre os <strong>os 3 melhores resorts do mundo<\/strong> e como o melhor resort no Oceano \u00cdndico pelos leitores da Cond\u00e9 Nast Traveller em 2020!<br \/>\nO Nautilus Maldives \u00e9 o local inigual\u00e1vel da ilha; situado em sua pr\u00f3pria ilha intocada de areia branca e adornado com uma flora end\u00eamica verdejante na Biosfera da UNESCO do Atol Baa.<\/p>\n\n\t\t<\/div>\n\t<\/div>\n<\/div><\/div><\/div><\/div><div class=\"vc_row wpb_row vc_row-fluid\"><div class=\"wpb_column vc_column_container vc_col-sm-3\"><div class=\"vc_column-inner\"><div class=\"wpb_wrapper\">\n\t<div  class=\"wpb_single_image wpb_content_element vc_align_left wpb_content_element\">\n\t\t\n\t\t<figure class=\"wpb_wrapper vc_figure\">\n\t\t\t<a href=\"http:\/\/maldives-paradise.com\/pt\/?page_id=7529\" target=\"_self\" class=\"vc_single_image-wrapper   vc_box_border_grey\"><img loading=\"lazy\" decoding=\"async\" width=\"150\" height=\"150\" src=\"https:\/\/maldives-paradise.com\/wp-content\/uploads\/2024\/01\/nika-island-beach-villa-with-private-150x150.jpg\" class=\"vc_single_image-img attachment-thumbnail\" alt=\"Nika Island Resort &amp; Spa Maldivas\" title=\"vila de praia na ilha de nika com banheiro privativo\" \/><\/a>\n\t\t<\/figure>\n\t<\/div>\n<\/div><\/div><\/div><div class=\"wpb_column vc_column_container vc_col-sm-9\"><div class=\"vc_column-inner\"><div class=\"wpb_wrapper\">\n\t<div class=\"wpb_text_column wpb_content_element\" >\n\t\t<div class=\"wpb_wrapper\">\n\t\t\t<h3><a href=\"http:\/\/maldives-paradise.com\/pt\/?page_id=7529\">Nika Island Resort &amp; Spa Maldivas<\/a><\/h3>\n<p>Situado no cora\u00e7\u00e3o das Maldivas, <strong>Nika Island Resort &amp; Spa<\/strong> convida os viajantes exigentes para um mundo de luxo e beleza natural inigual\u00e1veis. Este resort exclusivo, situado em uma ilha particular, oferece uma experi\u00eancia verdadeiramente inesquec\u00edvel com suas comodidades de primeira linha e arredores de tirar o f\u00f4lego.<\/p>\n\n\t\t<\/div>\n\t<\/div>\n<\/div><\/div><\/div><\/div><div class=\"vc_row wpb_row vc_row-fluid\"><div class=\"wpb_column vc_column_container vc_col-sm-3\"><div class=\"vc_column-inner\"><div class=\"wpb_wrapper\">\n\t<div  class=\"wpb_single_image wpb_content_element vc_align_left wpb_content_element\">\n\t\t\n\t\t<figure class=\"wpb_wrapper vc_figure\">\n\t\t\t<a href=\"http:\/\/maldives-paradise.com\/pt\/?page_id=7533\" target=\"_self\" class=\"vc_single_image-wrapper   vc_box_border_grey\"><img loading=\"lazy\" decoding=\"async\" width=\"150\" height=\"150\" src=\"https:\/\/maldives-paradise.com\/wp-content\/uploads\/2024\/01\/niyama2-150x150.jpg\" class=\"vc_single_image-img attachment-thumbnail\" alt=\"Ilhas Privadas de Niyama Maldivas\" title=\"niyama2\" \/><\/a>\n\t\t<\/figure>\n\t<\/div>\n<\/div><\/div><\/div><div class=\"wpb_column vc_column_container vc_col-sm-9\"><div class=\"vc_column-inner\"><div class=\"wpb_wrapper\">\n\t<div class=\"wpb_text_column wpb_content_element\" >\n\t\t<div class=\"wpb_wrapper\">\n\t\t\t<h4><a href=\"http:\/\/maldives-paradise.com\/pt\/?page_id=7533\">Ilhas Privadas de Niyama Maldivas<\/a><\/h4>\n<p>Niyama Private Islands, onde a opul\u00eancia encontra a natureza em perfeita harmonia. Aninhado no cora\u00e7\u00e3o do Oceano \u00cdndico, este resort exclusivo convida os viajantes mais exigentes a experimentar um mundo onde cada momento \u00e9 uma celebra\u00e7\u00e3o da vida luxuosa. Aqui est\u00e1 um vislumbre dos principais recursos que fazem do Niyama Private Islands uma verdadeira joia das Maldivas.<\/p>\n\n\t\t<\/div>\n\t<\/div>\n<\/div><\/div><\/div><\/div><div class=\"vc_row wpb_row vc_row-fluid\"><div class=\"wpb_column vc_column_container vc_col-sm-3\"><div class=\"vc_column-inner\"><div class=\"wpb_wrapper\">\n\t<div  class=\"wpb_single_image wpb_content_element vc_align_left wpb_content_element\">\n\t\t\n\t\t<figure class=\"wpb_wrapper vc_figure\">\n\t\t\t<a href=\"http:\/\/maldives-paradise.com\/pt\/?page_id=7634\" target=\"_self\" class=\"vc_single_image-wrapper   vc_box_border_grey\"><img loading=\"lazy\" decoding=\"async\" width=\"150\" height=\"150\" src=\"https:\/\/maldives-paradise.com\/wp-content\/uploads\/2024\/01\/nova-maldives2-150x150.jpg\" class=\"vc_single_image-img attachment-thumbnail\" alt=\"Nova Maldivas\" title=\"nova-maldivas2\" \/><\/a>\n\t\t<\/figure>\n\t<\/div>\n<\/div><\/div><\/div><div class=\"wpb_column vc_column_container vc_col-sm-9\"><div class=\"vc_column-inner\"><div class=\"wpb_wrapper\">\n\t<div class=\"wpb_text_column wpb_content_element\" >\n\t\t<div class=\"wpb_wrapper\">\n\t\t\t<h4><a href=\"http:\/\/maldives-paradise.com\/pt\/?page_id=7634\">Nova Maldivas<\/a><\/h4>\n<p>Um mundo onde as \u00e1guas azuis do Oceano \u00cdndico encontram as areias brancas em perfeita harmonia <strong>Nova Maldivas<\/strong>, o ep\u00edtome dos resorts de luxo. Situado em uma ilha particular, este ref\u00fagio requintado promete uma experi\u00eancia incompar\u00e1vel que transcende as f\u00e9rias comuns. Tudo inclu\u00eddo.<\/p>\n\n\t\t<\/div>\n\t<\/div>\n<\/div><\/div><\/div><\/div><div class=\"vc_row wpb_row vc_row-fluid\"><div class=\"wpb_column vc_column_container vc_col-sm-3\"><div class=\"vc_column-inner\"><div class=\"wpb_wrapper\">\n\t<div  class=\"wpb_single_image wpb_content_element vc_align_left wpb_content_element\">\n\t\t\n\t\t<figure class=\"wpb_wrapper vc_figure\">\n\t\t\t<a href=\"http:\/\/maldives-paradise.com\/pt\/?page_id=7537\" target=\"_self\" class=\"vc_single_image-wrapper   vc_box_border_grey\"><img loading=\"lazy\" decoding=\"async\" width=\"150\" height=\"150\" src=\"https:\/\/maldives-paradise.com\/wp-content\/uploads\/2024\/01\/oaga-art-resort2-150x150.jpg\" class=\"vc_single_image-img attachment-thumbnail\" alt=\"Oaga Art Resort\" title=\"oaga-art-resort2\" \/><\/a>\n\t\t<\/figure>\n\t<\/div>\n<\/div><\/div><\/div><div class=\"wpb_column vc_column_container vc_col-sm-9\"><div class=\"vc_column-inner\"><div class=\"wpb_wrapper\">\n\t<div class=\"wpb_text_column wpb_content_element\" >\n\t\t<div class=\"wpb_wrapper\">\n\t\t\t<h4><a href=\"http:\/\/maldives-paradise.com\/pt\/?page_id=7537\">Oaga Art Resort<\/a><\/h4>\n<p>Descubra o m\u00e1ximo <strong>luxo com tudo inclu\u00eddo<\/strong> experi\u00eancia de resort em <strong>Resorts Oaga<\/strong>. Mergulhe na beleza incompar\u00e1vel deste para\u00edso tropical enquanto desfruta das comodidades de primeira linha e do servi\u00e7o de classe mundial que fazem do Oaga Art Resort um destino verdadeiramente excepcional.<\/p>\n\n\t\t<\/div>\n\t<\/div>\n<\/div><\/div><\/div><\/div><div class=\"vc_row wpb_row vc_row-fluid\"><div class=\"wpb_column vc_column_container vc_col-sm-3\"><div class=\"vc_column-inner\"><div class=\"wpb_wrapper\">\n\t<div  class=\"wpb_single_image wpb_content_element vc_align_left wpb_content_element\">\n\t\t\n\t\t<figure class=\"wpb_wrapper vc_figure\">\n\t\t\t<a href=\"http:\/\/maldives-paradise.com\/pt\/?page_id=7541\" target=\"_self\" class=\"vc_single_image-wrapper   vc_box_border_grey\"><img loading=\"lazy\" decoding=\"async\" width=\"150\" height=\"150\" src=\"https:\/\/maldives-paradise.com\/wp-content\/uploads\/2024\/01\/one-and-only2-150x150.jpg\" class=\"vc_single_image-img attachment-thumbnail\" alt=\"One&amp;Only Reethi Rah Maldivas\" title=\"\u00fanico e \u00fanico2\" \/><\/a>\n\t\t<\/figure>\n\t<\/div>\n<\/div><\/div><\/div><div class=\"wpb_column vc_column_container vc_col-sm-9\"><div class=\"vc_column-inner\"><div class=\"wpb_wrapper\">\n\t<div class=\"wpb_text_column wpb_content_element\" >\n\t\t<div class=\"wpb_wrapper\">\n\t\t\t<h4><a href=\"http:\/\/maldives-paradise.com\/pt\/?page_id=7541\">One&amp;Only Reethi Rah Maldivas<\/a><\/h4>\n<p>Fuja para o para\u00edso com uma estadia no requintado <strong>One&amp;Only Reethi Rah Maldivas<\/strong>, onde o luxo n\u00e3o conhece limites. Situado no cora\u00e7\u00e3o do Oceano \u00cdndico, este resort de classe mundial oferece uma experi\u00eancia incompar\u00e1vel que combina opul\u00eancia, tranquilidade e uma beleza natural de tirar o f\u00f4lego.<\/p>\n\n\t\t<\/div>\n\t<\/div>\n<\/div><\/div><\/div><\/div><div class=\"vc_row wpb_row vc_row-fluid\"><div class=\"wpb_column vc_column_container vc_col-sm-3\"><div class=\"vc_column-inner\"><div class=\"wpb_wrapper\">\n\t<div  class=\"wpb_single_image wpb_content_element vc_align_left wpb_content_element\">\n\t\t\n\t\t<figure class=\"wpb_wrapper vc_figure\">\n\t\t\t<a href=\"http:\/\/maldives-paradise.com\/pt\/?page_id=7545\" target=\"_self\" class=\"vc_single_image-wrapper   vc_box_border_grey\"><img loading=\"lazy\" decoding=\"async\" width=\"150\" height=\"150\" src=\"https:\/\/maldives-paradise.com\/wp-content\/uploads\/2024\/01\/outrigger2-150x150.jpg\" class=\"vc_single_image-img attachment-thumbnail\" alt=\"Outrigger Maldivas Maafushivaru\" title=\"estabilizador2\" \/><\/a>\n\t\t<\/figure>\n\t<\/div>\n<\/div><\/div><\/div><div class=\"wpb_column vc_column_container vc_col-sm-9\"><div class=\"vc_column-inner\"><div class=\"wpb_wrapper\">\n\t<div class=\"wpb_text_column wpb_content_element\" >\n\t\t<div class=\"wpb_wrapper\">\n\t\t\t<h4><a href=\"http:\/\/maldives-paradise.com\/pt\/?page_id=7545\">Outrigger Maldivas Maafushivaru<\/a><\/h4>\n<p>Deixe-se levar pelo ep\u00edtome da opul\u00eancia no <strong>Outrigger Maldivas Maafushivaru<\/strong>, onde cada momento \u00e9 uma celebra\u00e7\u00e3o de luxo e tranquilidade. Aninhado no cora\u00e7\u00e3o das Maldivas, este resort cinco estrelas \u00e9 um para\u00edso para aqueles que buscam uma mistura perfeita de beleza natural de tirar o f\u00f4lego e hospitalidade de classe mundial.<\/p>\n\n\t\t<\/div>\n\t<\/div>\n<\/div><\/div><\/div><\/div><div class=\"vc_row wpb_row vc_row-fluid\"><div class=\"wpb_column vc_column_container vc_col-sm-3\"><div class=\"vc_column-inner\"><div class=\"wpb_wrapper\">\n\t<div  class=\"wpb_single_image wpb_content_element vc_align_left wpb_content_element\">\n\t\t\n\t\t<figure class=\"wpb_wrapper vc_figure\">\n\t\t\t<a href=\"http:\/\/maldives-paradise.com\/pt\/?page_id=7549\" target=\"_self\" class=\"vc_single_image-wrapper   vc_box_border_grey\"><img loading=\"lazy\" decoding=\"async\" width=\"150\" height=\"150\" src=\"https:\/\/maldives-paradise.com\/wp-content\/uploads\/2024\/01\/ozen-life-2-150x150.jpg\" class=\"vc_single_image-img attachment-thumbnail\" alt=\"OZEN Life Maadhoo\" title=\"ozen-vida-2\" \/><\/a>\n\t\t<\/figure>\n\t<\/div>\n<\/div><\/div><\/div><div class=\"wpb_column vc_column_container vc_col-sm-9\"><div class=\"vc_column-inner\"><div class=\"wpb_wrapper\">\n\t<div class=\"wpb_text_column wpb_content_element\" >\n\t\t<div class=\"wpb_wrapper\">\n\t\t\t<h4><a href=\"http:\/\/maldives-paradise.com\/pt\/?page_id=7549\">OZEN Life Maadhoo<\/a><\/h4>\n<p>Fuja para o OZEN Life Maadhoo para uma mistura extraordin\u00e1ria de luxo, beleza natural e hospitalidade incompar\u00e1vel. Delicie-se com uma experi\u00eancia \u00fanica, onde cada detalhe \u00e9 meticulosamente selecionado para criar mem\u00f3rias que durar\u00e3o a vida toda. Reserve j\u00e1 a sua estadia e embarque numa viagem ao para\u00edso como nenhuma outra.<\/p>\n\n\t\t<\/div>\n\t<\/div>\n<\/div><\/div><\/div><\/div><div class=\"vc_row wpb_row vc_row-fluid\"><div class=\"wpb_column vc_column_container vc_col-sm-3\"><div class=\"vc_column-inner\"><div class=\"wpb_wrapper\">\n\t<div  class=\"wpb_single_image wpb_content_element vc_align_left wpb_content_element\">\n\t\t\n\t\t<figure class=\"wpb_wrapper vc_figure\">\n\t\t\t<a href=\"http:\/\/maldives-paradise.com\/pt\/?page_id=7554\" target=\"_self\" class=\"vc_single_image-wrapper   vc_box_border_grey\"><img loading=\"lazy\" decoding=\"async\" width=\"150\" height=\"150\" src=\"https:\/\/maldives-paradise.com\/wp-content\/uploads\/2024\/01\/Ozen-Reserve-Bolifushi2-150x150.jpg\" class=\"vc_single_image-img attachment-thumbnail\" alt=\"Reserva Ozen Bolifushi\" title=\"Ozen-Reserve-Bolifushi2\" \/><\/a>\n\t\t<\/figure>\n\t<\/div>\n<\/div><\/div><\/div><div class=\"wpb_column vc_column_container vc_col-sm-9\"><div class=\"vc_column-inner\"><div class=\"wpb_wrapper\">\n\t<div class=\"wpb_text_column wpb_content_element\" >\n\t\t<div class=\"wpb_wrapper\">\n\t\t\t<h4><a href=\"http:\/\/maldives-paradise.com\/pt\/?page_id=7554\">Reserva Ozen Bolifushi<\/a><\/h4>\n<p>Em todos os aspectos, o Ozen Reserve Bolifushi transcende o comum, convidando os h\u00f3spedes a mergulhar em um mundo de luxo e beleza natural incompar\u00e1veis. Esta joia das Maldivas \u00e9 um testemunho da fus\u00e3o perfeita de opul\u00eancia, esplendor natural e hospitalidade incompar\u00e1vel.<\/p>\n\n\t\t<\/div>\n\t<\/div>\n<\/div><\/div><\/div><\/div><div class=\"vc_row wpb_row vc_row-fluid\"><div class=\"wpb_column vc_column_container vc_col-sm-12\"><div class=\"vc_column-inner\"><div class=\"wpb_wrapper\">\n\t<div class=\"wpb_text_column wpb_content_element\" >\n\t\t<div class=\"wpb_wrapper\">\n\t\t\t<h3>Hot\u00e9is e resorts 5 estrelas em Maldivas\u00a0\u00a0 <a href=\"http:\/\/maldives-paradise.com\/pt\/?page_id=4124\">P\u00e1gina 1<\/a>\u00a0\u00a0 <a href=\"http:\/\/maldives-paradise.com\/pt\/?page_id=7968\">P\u00e1gina 2<\/a>\u00a0\u00a0 <a href=\"http:\/\/maldives-paradise.com\/pt\/?page_id=7996\">P\u00e1gina 3<\/a> \u00a0 <a href=\"http:\/\/maldives-paradise.com\/pt\/?page_id=8053\">P\u00e1gina 4<\/a> \u00a0 <a href=\"http:\/\/maldives-paradise.com\/pt\/?page_id=8170\">P\u00e1gina 6<\/a>\u00a0\u00a0 <a href=\"http:\/\/maldives-paradise.com\/pt\/?page_id=8384\">P\u00e1gina 7<\/a> \u00a0<a href=\"http:\/\/maldives-paradise.com\/pt\/resorts-hoteis-5-estrelas-nas-maldivas-8\/\">P\u00e1gina 8<\/a>\u00a0\u00a0<a href=\"https:\/\/maldives-paradise.com\/pt\/hoteis-resorts-5-estrelas-nas-maldivas-9\/\">P\u00e1gina 9<\/a><\/h3>\n\n\t\t<\/div>\n\t<\/div>\n<\/div><\/div><\/div><\/div>\n<\/div>","protected":false},"excerpt":{"rendered":"<div class=\"mh-excerpt\"><\/div>","protected":false},"author":1,"featured_media":8130,"parent":0,"menu_order":0,"comment_status":"closed","ping_status":"closed","template":"","meta":{"footnotes":""},"class_list":["post-8128","page","type-page","status-publish","has-post-thumbnail"],"aioseo_notices":[],"_links":{"self":[{"href":"https:\/\/maldives-paradise.com\/pt\/wp-json\/wp\/v2\/pages\/8128","targetHints":{"allow":["GET"]}}],"collection":[{"href":"https:\/\/maldives-paradise.com\/pt\/wp-json\/wp\/v2\/pages"}],"about":[{"href":"https:\/\/maldives-paradise.com\/pt\/wp-json\/wp\/v2\/types\/page"}],"author":[{"embeddable":true,"href":"https:\/\/maldives-paradise.com\/pt\/wp-json\/wp\/v2\/users\/1"}],"replies":[{"embeddable":true,"href":"https:\/\/maldives-paradise.com\/pt\/wp-json\/wp\/v2\/comments?post=8128"}],"version-history":[{"count":6,"href":"https:\/\/maldives-paradise.com\/pt\/wp-json\/wp\/v2\/pages\/8128\/revisions"}],"predecessor-version":[{"id":34300,"href":"https:\/\/maldives-paradise.com\/pt\/wp-json\/wp\/v2\/pages\/8128\/revisions\/34300"}],"wp:featuredmedia":[{"embeddable":true,"href":"https:\/\/maldives-paradise.com\/pt\/wp-json\/wp\/v2\/media\/8130"}],"wp:attachment":[{"href":"https:\/\/maldives-paradise.com\/pt\/wp-json\/wp\/v2\/media?parent=8128"}],"curies":[{"name":"wp","href":"https:\/\/api.w.org\/{rel}","templated":true}]}}