{"id":8053,"date":"2024-01-03T07:19:33","date_gmt":"2024-01-03T07:19:33","guid":{"rendered":"http:\/\/maldives-paradise.com\/?page_id=8053"},"modified":"2025-02-22T09:11:23","modified_gmt":"2025-02-22T09:11:23","slug":"resorts-de-hoteis-5-estrelas-nas-maldivas-4","status":"publish","type":"page","link":"https:\/\/maldives-paradise.com\/pt\/resorts-de-hoteis-5-estrelas-nas-maldivas-4\/","title":{"rendered":"Hot\u00e9is e Resorts 5 Estrelas em Maldivas 4"},"content":{"rendered":"<div class=\"wpb-content-wrapper\"><div class=\"vc_row wpb_row vc_row-fluid\"><div class=\"wpb_column vc_column_container vc_col-sm-12\"><div class=\"vc_column-inner\"><div class=\"wpb_wrapper\">\n\t<div class=\"wpb_text_column wpb_content_element\" >\n\t\t<div class=\"wpb_wrapper\">\n\t\t\t<h3>Uma sele\u00e7\u00e3o de hot\u00e9is e resorts 5 estrelas nas Maldivas<\/h3>\n<p>Com <strong data-start=\"450\" data-end=\"522\">vistas deslumbrantes do oceano, praias de areia branca e lagoas cristalinas<\/strong>, <strong data-start=\"524\" data-end=\"558\">Resorts 5 estrelas nas Maldivas<\/strong> redefinir o luxo tropical, tornando-os o destino perfeito para <strong data-start=\"625\" data-end=\"677\">rec\u00e9m-casados, fam\u00edlias e viajantes exigentes<\/strong> buscando uma escapada inesquec\u00edvel.<\/p>\n\n\t\t<\/div>\n\t<\/div>\n<\/div><\/div><\/div><\/div><div class=\"vc_row wpb_row vc_row-fluid\"><div class=\"wpb_column vc_column_container vc_col-sm-3\"><div class=\"vc_column-inner\"><div class=\"wpb_wrapper\">\n\t<div  class=\"wpb_single_image wpb_content_element vc_align_left wpb_content_element\">\n\t\t\n\t\t<figure class=\"wpb_wrapper vc_figure\">\n\t\t\t<a href=\"http:\/\/maldives-paradise.com\/pt\/?page_id=8055\" target=\"_self\" class=\"vc_single_image-wrapper   vc_box_border_grey\"><img loading=\"lazy\" decoding=\"async\" width=\"150\" height=\"150\" src=\"https:\/\/maldives-paradise.com\/wp-content\/uploads\/2024\/01\/huvafen-fushi2-1-150x150.jpg\" class=\"vc_single_image-img attachment-thumbnail\" alt=\"Huvafen Fushi\" title=\"huvafen-fushi2\" \/><\/a>\n\t\t<\/figure>\n\t<\/div>\n<\/div><\/div><\/div><div class=\"wpb_column vc_column_container vc_col-sm-9\"><div class=\"vc_column-inner\"><div class=\"wpb_wrapper\">\n\t<div class=\"wpb_text_column wpb_content_element\" >\n\t\t<div class=\"wpb_wrapper\">\n\t\t\t<h4><a href=\"http:\/\/maldives-paradise.com\/pt\/?page_id=8055\">Huvafen Fushi<\/a><\/h4>\n<p><strong>Huvafen Fushi<\/strong> \u00e9 um luxuoso resort 5 estrelas localizado no Atol Norte de Mal\u00e9, nas Maldivas. Disponibiliza bungalows sobre a \u00e1gua e na praia com piscinas privadas e 6 restaurantes.<br \/>\nSituado dentro da sua pr\u00f3pria lagoa, o Huvafen Fushi Maldives \u00e9 um pa\u00eds das maravilhas dos naturalistas, onde o ambiente deslumbrante, tanto acima como abaixo da linha de \u00e1gua.<\/p>\n\n\t\t<\/div>\n\t<\/div>\n<\/div><\/div><\/div><\/div><div class=\"vc_row wpb_row vc_row-fluid\"><div class=\"wpb_column vc_column_container vc_col-sm-3\"><div class=\"vc_column-inner\"><div class=\"wpb_wrapper\">\n\t<div  class=\"wpb_single_image wpb_content_element vc_align_left wpb_content_element\">\n\t\t\n\t\t<figure class=\"wpb_wrapper vc_figure\">\n\t\t\t<a href=\"http:\/\/maldives-paradise.com\/pt\/?page_id=7293\" target=\"_self\" class=\"vc_single_image-wrapper   vc_box_border_grey\"><img loading=\"lazy\" decoding=\"async\" width=\"150\" height=\"150\" src=\"https:\/\/maldives-paradise.com\/wp-content\/uploads\/2024\/01\/JA-Manafaru2-150x150.jpg\" class=\"vc_single_image-img attachment-thumbnail\" alt=\"JA Manafaru\" title=\"JA-Manafaru2\" \/><\/a>\n\t\t<\/figure>\n\t<\/div>\n<\/div><\/div><\/div><div class=\"wpb_column vc_column_container vc_col-sm-9\"><div class=\"vc_column-inner\"><div class=\"wpb_wrapper\">\n\t<div class=\"wpb_text_column wpb_content_element\" >\n\t\t<div class=\"wpb_wrapper\">\n\t\t\t<h4><a href=\"http:\/\/maldives-paradise.com\/pt\/?page_id=7293\">JA Manafaru<\/a><\/h4>\n<p><strong>JA Manafaru<\/strong> \u00e9 o ep\u00edtome do luxo e da tranquilidade, oferecendo um ref\u00fagio incompar\u00e1vel para viajantes exigentes que buscam o m\u00e1ximo em opul\u00eancia. Este resort exclusivo redefine o significado do para\u00edso, combinando perfeitamente acomoda\u00e7\u00f5es luxuosas, comodidades de classe mundial e beleza natural de tirar o f\u00f4lego.<\/p>\n\n\t\t<\/div>\n\t<\/div>\n<\/div><\/div><\/div><\/div><div class=\"vc_row wpb_row vc_row-fluid\"><div class=\"wpb_column vc_column_container vc_col-sm-3\"><div class=\"vc_column-inner\"><div class=\"wpb_wrapper\">\n\t<div  class=\"wpb_single_image wpb_content_element vc_align_left wpb_content_element\">\n\t\t\n\t\t<figure class=\"wpb_wrapper vc_figure\">\n\t\t\t<a href=\"http:\/\/maldives-paradise.com\/pt\/?page_id=7297\" target=\"_self\" class=\"vc_single_image-wrapper   vc_box_border_grey\"><img loading=\"lazy\" decoding=\"async\" width=\"150\" height=\"150\" src=\"https:\/\/maldives-paradise.com\/wp-content\/uploads\/2024\/01\/joali2-150x150.jpg\" class=\"vc_single_image-img attachment-thumbnail\" alt=\"Joali Maldivas\" title=\"joali2\" \/><\/a>\n\t\t<\/figure>\n\t<\/div>\n<\/div><\/div><\/div><div class=\"wpb_column vc_column_container vc_col-sm-9\"><div class=\"vc_column-inner\"><div class=\"wpb_wrapper\">\n\t<div class=\"wpb_text_column wpb_content_element\" >\n\t\t<div class=\"wpb_wrapper\">\n\t\t\t<h4><a href=\"http:\/\/maldives-paradise.com\/pt\/?page_id=7297\">Joali Maldivas<\/a><\/h4>\n<p><strong>Joali Maldivas<\/strong> n\u00e3o \u00e9 apenas um destino; \u00e9 uma experi\u00eancia que combina perfeitamente luxo, natureza e arte. Quer voc\u00ea procure uma escapadela rom\u00e2ntica, uma fuga de aventura ou simplesmente um ref\u00fagio de tranquilidade, Joali promete uma viagem inesquec\u00edvel ao para\u00edso. Delicie-se com o extraordin\u00e1rio no Joali Maldives, onde cada momento \u00e9 uma obra-prima.<\/p>\n\n\t\t<\/div>\n\t<\/div>\n<\/div><\/div><\/div><\/div><div class=\"vc_row wpb_row vc_row-fluid\"><div class=\"wpb_column vc_column_container vc_col-sm-3\"><div class=\"vc_column-inner\"><div class=\"wpb_wrapper\">\n\t<div  class=\"wpb_single_image wpb_content_element vc_align_left wpb_content_element\">\n\t\t\n\t\t<figure class=\"wpb_wrapper vc_figure\">\n\t\t\t<a href=\"http:\/\/maldives-paradise.com\/pt\/?page_id=7301\" target=\"_self\" class=\"vc_single_image-wrapper   vc_box_border_grey\"><img loading=\"lazy\" decoding=\"async\" width=\"150\" height=\"150\" src=\"https:\/\/maldives-paradise.com\/wp-content\/uploads\/2024\/01\/jumeirah-maldives-olhahali-island-1-150x150.jpg\" class=\"vc_single_image-img attachment-thumbnail\" alt=\"Jumeirah Maldivas Ilha Olhahali\" title=\"jumeirah-maldivas-olhahali-ilha-1\" \/><\/a>\n\t\t<\/figure>\n\t<\/div>\n<\/div><\/div><\/div><div class=\"wpb_column vc_column_container vc_col-sm-9\"><div class=\"vc_column-inner\"><div class=\"wpb_wrapper\">\n\t<div class=\"wpb_text_column wpb_content_element\" >\n\t\t<div class=\"wpb_wrapper\">\n\t\t\t<h4><a href=\"http:\/\/maldives-paradise.com\/pt\/?page_id=7301\">Jumeirah Maldivas Ilha Olhahali<\/a><\/h4>\n<p>Fuja para um reino de luxo incompar\u00e1vel e desfrute de uma mistura requintada de opul\u00eancia e natureza em <strong>Jumeirah Maldivas Ilha Olhahali<\/strong>. Situado no cora\u00e7\u00e3o do Oceano \u00cdndico, este prestigiado resort redefine a arte do relaxamento, oferecendo um ref\u00fagio extraordin\u00e1rio para quem procura o ep\u00edtome do luxo.<\/p>\n\n\t\t<\/div>\n\t<\/div>\n<\/div><\/div><\/div><\/div><div class=\"vc_row wpb_row vc_row-fluid\"><div class=\"wpb_column vc_column_container vc_col-sm-3\"><div class=\"vc_column-inner\"><div class=\"wpb_wrapper\">\n\t<div  class=\"wpb_single_image wpb_content_element vc_align_left wpb_content_element\">\n\t\t\n\t\t<figure class=\"wpb_wrapper vc_figure\">\n\t\t\t<a href=\"http:\/\/maldives-paradise.com\/pt\/?page_id=7334\" target=\"_self\" class=\"vc_single_image-wrapper   vc_box_border_grey\"><img loading=\"lazy\" decoding=\"async\" width=\"150\" height=\"150\" src=\"https:\/\/maldives-paradise.com\/wp-content\/uploads\/2024\/01\/Kagi-Maldives3-150x150.jpg\" class=\"vc_single_image-img attachment-thumbnail\" alt=\"Kagi Maldivas Resort &amp; Spa\" title=\"Kagi-Maldivas3\" \/><\/a>\n\t\t<\/figure>\n\t<\/div>\n<\/div><\/div><\/div><div class=\"wpb_column vc_column_container vc_col-sm-9\"><div class=\"vc_column-inner\"><div class=\"wpb_wrapper\">\n\t<div class=\"wpb_text_column wpb_content_element\" >\n\t\t<div class=\"wpb_wrapper\">\n\t\t\t<h4><a href=\"http:\/\/maldives-paradise.com\/pt\/?page_id=7334\">Kagi Maldivas Resort &amp; Spa<\/a><\/h4>\n<p><strong><span style=\"color: #ff0000;\">Garantia de melhor tarifa<\/span><br \/>\n<\/strong><strong>Kagi Maldivas Resort &amp; Spa<\/strong>, seu ref\u00fagio no cora\u00e7\u00e3o das Maldivas. Situado na ilha privada de Kagi, no Atol Norte de Mal\u00e9, este resort exclusivo prepara o cen\u00e1rio para uma fuga inesquec\u00edvel, redefinindo o significado de opul\u00eancia.<\/p>\n\n\t\t<\/div>\n\t<\/div>\n<\/div><\/div><\/div><\/div><div class=\"vc_row wpb_row vc_row-fluid\"><div class=\"wpb_column vc_column_container vc_col-sm-3\"><div class=\"vc_column-inner\"><div class=\"wpb_wrapper\">\n\t<div  class=\"wpb_single_image wpb_content_element vc_align_left wpb_content_element\">\n\t\t\n\t\t<figure class=\"wpb_wrapper vc_figure\">\n\t\t\t<a href=\"http:\/\/maldives-paradise.com\/pt\/?page_id=7330\" target=\"_self\" class=\"vc_single_image-wrapper   vc_box_border_grey\"><img loading=\"lazy\" decoding=\"async\" width=\"150\" height=\"150\" src=\"https:\/\/maldives-paradise.com\/wp-content\/uploads\/2024\/01\/Kandolhu2-150x150.jpg\" class=\"vc_single_image-img attachment-thumbnail\" alt=\"Ilha Kandolhu\" title=\"Kandolhu2\" \/><\/a>\n\t\t<\/figure>\n\t<\/div>\n<\/div><\/div><\/div><div class=\"wpb_column vc_column_container vc_col-sm-9\"><div class=\"vc_column-inner\"><div class=\"wpb_wrapper\">\n\t<div class=\"wpb_text_column wpb_content_element\" >\n\t\t<div class=\"wpb_wrapper\">\n\t\t\t<h4><a href=\"http:\/\/maldives-paradise.com\/pt\/?page_id=7330\">Ilha Kandolhu<\/a><\/h4>\n<p>Fique na beleza imaculada das Maldivas com uma estadia no exclusivo <strong>Ilha Kandolhu<\/strong> resort, onde o luxo encontra um esplendor natural incompar\u00e1vel. Este para\u00edso isolado \u00e9 conhecido pela sua beleza deslumbrante, comodidades de classe mundial e servi\u00e7o incompar\u00e1vel.<\/p>\n\n\t\t<\/div>\n\t<\/div>\n<\/div><\/div><\/div><\/div><div class=\"vc_row wpb_row vc_row-fluid\"><div class=\"wpb_column vc_column_container vc_col-sm-3\"><div class=\"vc_column-inner\"><div class=\"wpb_wrapper\">\n\t<div  class=\"wpb_single_image wpb_content_element vc_align_left wpb_content_element\">\n\t\t\n\t\t<figure class=\"wpb_wrapper vc_figure\">\n\t\t\t<a href=\"http:\/\/maldives-paradise.com\/pt\/?page_id=7411\" target=\"_self\" class=\"vc_single_image-wrapper   vc_box_border_grey\"><img loading=\"lazy\" decoding=\"async\" width=\"150\" height=\"150\" src=\"https:\/\/maldives-paradise.com\/wp-content\/uploads\/2024\/01\/komandoo3.-150x150.jpg\" class=\"vc_single_image-img attachment-thumbnail\" alt=\"Komandoo Island Resort &amp; Spa\" title=\"Piscina infinita Komandoo\" \/><\/a>\n\t\t<\/figure>\n\t<\/div>\n<\/div><\/div><\/div><div class=\"wpb_column vc_column_container vc_col-sm-9\"><div class=\"vc_column-inner\"><div class=\"wpb_wrapper\">\n\t<div class=\"wpb_text_column wpb_content_element\" >\n\t\t<div class=\"wpb_wrapper\">\n\t\t\t<h4><a href=\"http:\/\/maldives-paradise.com\/pt\/?page_id=7411\">Komandoo Island Resort &amp; Spa \u2013 Somente Adultos<\/a><\/h4>\n<p><span style=\"color: #ff0000;\"><strong>Garantia de melhor tarifa<\/strong><\/span><br \/>\nFuja para um mundo de opul\u00eancia e tranquilidade em <strong>Komandoo Island Resort &amp; Spa<\/strong>, um ref\u00fagio requintado apenas para adultos situado no cora\u00e7\u00e3o das Maldivas. Famoso pela sua beleza incompar\u00e1vel e servi\u00e7o incompar\u00e1vel, este resort de luxo promete um retiro id\u00edlico para aqueles que procuram o ep\u00edtome do para\u00edso tropical.<\/p>\n\n\t\t<\/div>\n\t<\/div>\n<\/div><\/div><\/div><\/div><div class=\"vc_row wpb_row vc_row-fluid\"><div class=\"wpb_column vc_column_container vc_col-sm-3\"><div class=\"vc_column-inner\"><div class=\"wpb_wrapper\">\n\t<div  class=\"wpb_single_image wpb_content_element vc_align_left wpb_content_element\">\n\t\t\n\t\t<figure class=\"wpb_wrapper vc_figure\">\n\t\t\t<a href=\"http:\/\/maldives-paradise.com\/pt\/?page_id=7415\" target=\"_self\" class=\"vc_single_image-wrapper   vc_box_border_grey\"><img loading=\"lazy\" decoding=\"async\" width=\"150\" height=\"150\" src=\"https:\/\/maldives-paradise.com\/wp-content\/uploads\/2024\/01\/kuda-villingili-resort2-150x150.jpg\" class=\"vc_single_image-img attachment-thumbnail\" alt=\"Kuda Villingii Maldivas\" title=\"resort-kuda-villingili2\" \/><\/a>\n\t\t<\/figure>\n\t<\/div>\n<\/div><\/div><\/div><div class=\"wpb_column vc_column_container vc_col-sm-9\"><div class=\"vc_column-inner\"><div class=\"wpb_wrapper\">\n\t<div class=\"wpb_text_column wpb_content_element\" >\n\t\t<div class=\"wpb_wrapper\">\n\t\t\t<h4><a href=\"http:\/\/maldives-paradise.com\/pt\/?page_id=7415\">Kuda Villingii Maldivas<\/a><\/h4>\n<p><span style=\"color: #ff0000;\"><strong>Garantia de melhor tarifa<\/strong><\/span><br \/>\nKuda Villingii Maldives \u00e9 um resort de luxo, onde as \u00e1guas azuis do Oceano \u00cdndico encontram as areias brancas e finas de uma ilha paradis\u00edaca isolada. Este resort de luxo redefine a experi\u00eancia das Maldivas, oferecendo uma mistura requintada de conforto incompar\u00e1vel, beleza natural incompar\u00e1vel e hospitalidade de classe mundial.<\/p>\n\n\t\t<\/div>\n\t<\/div>\n<\/div><\/div><\/div><\/div><div class=\"vc_row wpb_row vc_row-fluid\"><div class=\"wpb_column vc_column_container vc_col-sm-3\"><div class=\"vc_column-inner\"><div class=\"wpb_wrapper\">\n\t<div  class=\"wpb_single_image wpb_content_element vc_align_left wpb_content_element\">\n\t\t\n\t\t<figure class=\"wpb_wrapper vc_figure\">\n\t\t\t<a href=\"http:\/\/maldives-paradise.com\/pt\/?page_id=7419\" target=\"_self\" class=\"vc_single_image-wrapper   vc_box_border_grey\"><img loading=\"lazy\" decoding=\"async\" width=\"150\" height=\"150\" src=\"https:\/\/maldives-paradise.com\/wp-content\/uploads\/2024\/01\/kudadoo2-150x150.jpg\" class=\"vc_single_image-img attachment-thumbnail\" alt=\"Ilha Privada Kudadoo Maldivas\" title=\"kudadoo2\" \/><\/a>\n\t\t<\/figure>\n\t<\/div>\n<\/div><\/div><\/div><div class=\"wpb_column vc_column_container vc_col-sm-9\"><div class=\"vc_column-inner\"><div class=\"wpb_wrapper\">\n\t<div class=\"wpb_text_column wpb_content_element\" >\n\t\t<div class=\"wpb_wrapper\">\n\t\t\t<h4><a href=\"http:\/\/maldives-paradise.com\/pt\/?page_id=7419\">Ilha Privada Kudadoo Maldivas<\/a><\/h4>\n<p><span style=\"color: #ff0000;\"><strong>Garantia de melhor tarifa<\/strong><\/span><\/p>\n<p><strong>Qualquer coisa, a qualquer hora, em qualquer lugar<\/strong><\/p>\n<p>O 5 estrelas <a href=\"https:\/\/lamp.glopss.com\/aff_c?offer_id=264&amp;aff_id=1834&amp;url=https%3A%2F%2Fwww.kudadoo.com%2F\" target=\"_blank\" rel=\"nofollow noopener\"><strong>Ilha Privada Kudadoo Maldivas<\/strong><\/a> est\u00e1 localizado no Atol Lhaviyani e foi projetado para ser um santu\u00e1rio de serenidade para quem procura um <strong>tudo inclu\u00eddo<\/strong> experi\u00eancia de luxo complementada com uma abund\u00e2ncia de espa\u00e7o pessoal.<\/p>\n\n\t\t<\/div>\n\t<\/div>\n<\/div><\/div><\/div><\/div><div class=\"vc_row wpb_row vc_row-fluid\"><div class=\"wpb_column vc_column_container vc_col-sm-3\"><div class=\"vc_column-inner\"><div class=\"wpb_wrapper\">\n\t<div  class=\"wpb_single_image wpb_content_element vc_align_left wpb_content_element\">\n\t\t\n\t\t<figure class=\"wpb_wrapper vc_figure\">\n\t\t\t<a href=\"http:\/\/maldives-paradise.com\/pt\/?page_id=7423\" target=\"_self\" class=\"vc_single_image-wrapper   vc_box_border_grey\"><img loading=\"lazy\" decoding=\"async\" width=\"150\" height=\"150\" src=\"https:\/\/maldives-paradise.com\/wp-content\/uploads\/2024\/01\/Kurumba-Maldives-Hero-Image-150x150.jpg\" class=\"vc_single_image-img attachment-thumbnail\" alt=\"Kurumba Maldivas\" title=\"Kurumba-Maldivas-Hero-Imagem\" \/><\/a>\n\t\t<\/figure>\n\t<\/div>\n<\/div><\/div><\/div><div class=\"wpb_column vc_column_container vc_col-sm-9\"><div class=\"vc_column-inner\"><div class=\"wpb_wrapper\">\n\t<div class=\"wpb_text_column wpb_content_element\" >\n\t\t<div class=\"wpb_wrapper\">\n\t\t\t<h4><a href=\"http:\/\/maldives-paradise.com\/pt\/?page_id=7423\">Kurumba Maldivas<\/a><\/h4>\n<p><span style=\"color: #ff0000;\"><strong>Garantia de melhor tarifa<\/strong><\/span><br \/>\nSituado no cora\u00e7\u00e3o das Maldivas, onde as \u00e1guas azul-turquesa encontram areias brancas e finas, encontra-se o ep\u00edtome do luxo e da serenidade \u2013 <a href=\"https:\/\/lamp.glopss.com\/aff_c?offer_id=225&amp;aff_id=1834\" target=\"_blank\" rel=\"nofollow noopener\"><strong>Kurumba Maldivas<\/strong><\/a>. Reconhecido como o primeiro resort em uma ilha privada nas Maldivas, Kurumba combinou perfeitamente o charme tradicional das Maldivas com a opul\u00eancia contempor\u00e2nea para criar um ref\u00fagio que transcende o comum.<\/p>\n\n\t\t<\/div>\n\t<\/div>\n<\/div><\/div><\/div><\/div><div class=\"vc_row wpb_row vc_row-fluid\"><div class=\"wpb_column vc_column_container vc_col-sm-3\"><div class=\"vc_column-inner\"><div class=\"wpb_wrapper\">\n\t<div  class=\"wpb_single_image wpb_content_element vc_align_left wpb_content_element\">\n\t\t\n\t\t<figure class=\"wpb_wrapper vc_figure\">\n\t\t\t<a href=\"http:\/\/maldives-paradise.com\/pt\/?page_id=7427\" target=\"_self\" class=\"vc_single_image-wrapper   vc_box_border_grey\"><img loading=\"lazy\" decoding=\"async\" width=\"150\" height=\"150\" src=\"https:\/\/maldives-paradise.com\/wp-content\/uploads\/2024\/01\/lily-beach2-150x150.jpg\" class=\"vc_single_image-img attachment-thumbnail\" alt=\"Lily Beach Resort &amp; Spa\" title=\"lily-praia2\" \/><\/a>\n\t\t<\/figure>\n\t<\/div>\n<\/div><\/div><\/div><div class=\"wpb_column vc_column_container vc_col-sm-9\"><div class=\"vc_column-inner\"><div class=\"wpb_wrapper\">\n\t<div class=\"wpb_text_column wpb_content_element\" >\n\t\t<div class=\"wpb_wrapper\">\n\t\t\t<h4><a href=\"http:\/\/maldives-paradise.com\/pt\/?page_id=7427\">Lily Beach Resort &amp; Spa<\/a><\/h4>\n<p>Um mundo de luxo incompar\u00e1vel e beleza de tirar o f\u00f4lego em<strong> Lily Beach Resort &amp; Spa<\/strong>, a joia da coroa das Maldivas. Situado numa ilha imaculada no cora\u00e7\u00e3o do Oceano \u00cdndico, este resort exclusivo atrai viajantes exigentes que procuram um retiro tropical extraordin\u00e1rio. Com caracter\u00edsticas incompar\u00e1veis e servi\u00e7o incompar\u00e1vel, o Lily Beach Resort &amp; Spa \u00e9 um testemunho do ep\u00edtome do luxo.<\/p>\n\n\t\t<\/div>\n\t<\/div>\n<\/div><\/div><\/div><\/div><div class=\"vc_row wpb_row vc_row-fluid\"><div class=\"wpb_column vc_column_container vc_col-sm-3\"><div class=\"vc_column-inner\"><div class=\"wpb_wrapper\">\n\t<div  class=\"wpb_single_image wpb_content_element vc_align_left wpb_content_element\">\n\t\t\n\t\t<figure class=\"wpb_wrapper vc_figure\">\n\t\t\t<a href=\"http:\/\/maldives-paradise.com\/pt\/?page_id=7431\" target=\"_self\" class=\"vc_single_image-wrapper   vc_box_border_grey\"><img loading=\"lazy\" decoding=\"async\" width=\"150\" height=\"150\" src=\"https:\/\/maldives-paradise.com\/wp-content\/uploads\/2024\/01\/lux2-150x150.jpg\" class=\"vc_single_image-img attachment-thumbnail\" alt=\"LUX * Maldivas South Ari Atoll\" title=\"lux2\" \/><\/a>\n\t\t<\/figure>\n\t<\/div>\n<\/div><\/div><\/div><div class=\"wpb_column vc_column_container vc_col-sm-9\"><div class=\"vc_column-inner\"><div class=\"wpb_wrapper\">\n\t<div class=\"wpb_text_column wpb_content_element\" >\n\t\t<div class=\"wpb_wrapper\">\n\t\t\t<h4><a href=\"http:\/\/maldives-paradise.com\/pt\/?page_id=7431\">LUX * Maldivas South Ari Atoll<\/a><\/h4>\n<p>Experimente o grande luxo e o esplendor tropical em <strong>LUX * Maldivas South Ari Atoll<\/strong>, onde as \u00e1guas cristalinas do Oceano \u00cdndico abra\u00e7am areias brancas e imaculadas, criando um ref\u00fagio de serenidade e opul\u00eancia. Este resort exclusivo redefine o significado de luxo, oferecendo uma mistura perfeita de beleza natural e hospitalidade incompar\u00e1vel.<\/p>\n\n\t\t<\/div>\n\t<\/div>\n<\/div><\/div><\/div><\/div><div class=\"vc_row wpb_row vc_row-fluid\"><div class=\"wpb_column vc_column_container vc_col-sm-12\"><div class=\"vc_column-inner\"><div class=\"wpb_wrapper\">\n\t<div class=\"wpb_text_column wpb_content_element\" >\n\t\t<div class=\"wpb_wrapper\">\n\t\t\t<h3>Hot\u00e9is e resorts 5 estrelas em Maldivas\u00a0 <a href=\"http:\/\/maldives-paradise.com\/pt\/?page_id=4124\">P\u00e1gina 1<\/a>\u00a0\u00a0 <a href=\"http:\/\/maldives-paradise.com\/pt\/?page_id=7968\">P\u00e1gina 2<\/a> \u00a0 <a href=\"http:\/\/maldives-paradise.com\/pt\/?page_id=7996\">P\u00e1gina 3<\/a> \u00a0 <a href=\"http:\/\/maldives-paradise.com\/pt\/?page_id=8128\">P\u00e1gina 5<\/a> \u00a0 <a href=\"http:\/\/maldives-paradise.com\/pt\/?page_id=8170\">P\u00e1gina 6<\/a>\u00a0 <a href=\"http:\/\/maldives-paradise.com\/pt\/?page_id=8384\">P\u00e1gina 7<\/a> \u00a0<a href=\"http:\/\/maldives-paradise.com\/pt\/resorts-hoteis-5-estrelas-nas-maldivas-8\/\">P\u00e1gina 8<\/a>\u00a0\u00a0<a href=\"https:\/\/maldives-paradise.com\/pt\/hoteis-resorts-5-estrelas-nas-maldivas-9\/\">P\u00e1gina 9<\/a><\/h3>\n\n\t\t<\/div>\n\t<\/div>\n<\/div><\/div><\/div><\/div>\n<\/div>","protected":false},"excerpt":{"rendered":"<div class=\"mh-excerpt\"><\/div>","protected":false},"author":1,"featured_media":0,"parent":0,"menu_order":0,"comment_status":"closed","ping_status":"closed","template":"","meta":{"footnotes":""},"class_list":["post-8053","page","type-page","status-publish"],"aioseo_notices":[],"_links":{"self":[{"href":"https:\/\/maldives-paradise.com\/pt\/wp-json\/wp\/v2\/pages\/8053","targetHints":{"allow":["GET"]}}],"collection":[{"href":"https:\/\/maldives-paradise.com\/pt\/wp-json\/wp\/v2\/pages"}],"about":[{"href":"https:\/\/maldives-paradise.com\/pt\/wp-json\/wp\/v2\/types\/page"}],"author":[{"embeddable":true,"href":"https:\/\/maldives-paradise.com\/pt\/wp-json\/wp\/v2\/users\/1"}],"replies":[{"embeddable":true,"href":"https:\/\/maldives-paradise.com\/pt\/wp-json\/wp\/v2\/comments?post=8053"}],"version-history":[{"count":6,"href":"https:\/\/maldives-paradise.com\/pt\/wp-json\/wp\/v2\/pages\/8053\/revisions"}],"predecessor-version":[{"id":34299,"href":"https:\/\/maldives-paradise.com\/pt\/wp-json\/wp\/v2\/pages\/8053\/revisions\/34299"}],"wp:attachment":[{"href":"https:\/\/maldives-paradise.com\/pt\/wp-json\/wp\/v2\/media?parent=8053"}],"curies":[{"name":"wp","href":"https:\/\/api.w.org\/{rel}","templated":true}]}}