{"id":7968,"date":"2024-01-02T16:23:18","date_gmt":"2024-01-02T16:23:18","guid":{"rendered":"http:\/\/maldives-paradise.com\/?page_id=7968"},"modified":"2025-02-22T09:05:46","modified_gmt":"2025-02-22T09:05:46","slug":"resorts-hoteis-5-estrelas-nas-maldivas-2","status":"publish","type":"page","link":"https:\/\/maldives-paradise.com\/pt\/resorts-hoteis-5-estrelas-nas-maldivas-2\/","title":{"rendered":"Hot\u00e9is e Resorts 5 Estrelas em Maldivas 2"},"content":{"rendered":"<div class=\"wpb-content-wrapper\"><div class=\"vc_row wpb_row vc_row-fluid\"><div class=\"wpb_column vc_column_container vc_col-sm-12\"><div class=\"vc_column-inner\"><div class=\"wpb_wrapper\">\n\t<div class=\"wpb_text_column wpb_content_element\" >\n\t\t<div class=\"wpb_wrapper\">\n\t\t\t<h3>Uma sele\u00e7\u00e3o de hot\u00e9is e resorts 5 estrelas nas Maldivas p\u00e1gina 2<\/h3>\n<p>As Maldivas s\u00e3o famosas por sua <strong data-start=\"82\" data-end=\"121\">hot\u00e9is e resorts luxuosos de 5 estrelas<\/strong>, oferecendo incompar\u00e1vel <strong data-start=\"145\" data-end=\"191\">eleg\u00e2ncia, privacidade e servi\u00e7o de classe mundial<\/strong>. Esses retiros exclusivos apresentam <strong data-start=\"226\" data-end=\"316\">vilas sobre a \u00e1gua, piscinas de borda infinita, restaurantes requintados e servi\u00e7os de mordomo privativo<\/strong>.<\/p>\n\n\t\t<\/div>\n\t<\/div>\n<\/div><\/div><\/div><\/div><div class=\"vc_row wpb_row vc_row-fluid\"><div class=\"wpb_column vc_column_container vc_col-sm-3\"><div class=\"vc_column-inner\"><div class=\"wpb_wrapper\">\n\t<div  class=\"wpb_single_image wpb_content_element vc_align_left wpb_content_element\">\n\t\t\n\t\t<figure class=\"wpb_wrapper vc_figure\">\n\t\t\t<a href=\"http:\/\/maldives-paradise.com\/pt\/?page_id=6760\" target=\"_self\" class=\"vc_single_image-wrapper   vc_box_border_grey\"><img loading=\"lazy\" decoding=\"async\" width=\"150\" height=\"150\" src=\"https:\/\/maldives-paradise.com\/wp-content\/uploads\/2024\/01\/Cheval-Blanc-randheli-maldives-150x150.jpg\" class=\"vc_single_image-img attachment-thumbnail\" alt=\"\" title=\"Cheval-Blanc-randheli-maldivas\" \/><\/a>\n\t\t<\/figure>\n\t<\/div>\n<\/div><\/div><\/div><div class=\"wpb_column vc_column_container vc_col-sm-9\"><div class=\"vc_column-inner\"><div class=\"wpb_wrapper\">\n\t<div class=\"wpb_text_column wpb_content_element\" >\n\t\t<div class=\"wpb_wrapper\">\n\t\t\t<h4><a href=\"http:\/\/maldives-paradise.com\/pt\/?page_id=6760\">Cheval Blanc Randheli<\/a><\/h4>\n<p>O resort 5 estrelas <strong>Cheval Blanc Randheli<\/strong> permanece como o ep\u00edtome da opul\u00eancia e tranquilidade nas Maldivas. Este exclusivo resort de luxo atrai viajantes exigentes que procuram uma fuga incompar\u00e1vel para o para\u00edso. Com seu design requintado, comodidades de classe mundial e servi\u00e7o incompar\u00e1vel, o Cheval Blanc Randheli promete uma experi\u00eancia inesquec\u00edvel para quem aprecia as coisas boas da vida.<\/p>\n\n\t\t<\/div>\n\t<\/div>\n<\/div><\/div><\/div><\/div><div class=\"vc_row wpb_row vc_row-fluid\"><div class=\"wpb_column vc_column_container vc_col-sm-3\"><div class=\"vc_column-inner\"><div class=\"wpb_wrapper\">\n\t<div  class=\"wpb_single_image wpb_content_element vc_align_left wpb_content_element\">\n\t\t\n\t\t<figure class=\"wpb_wrapper vc_figure\">\n\t\t\t<a href=\"http:\/\/maldives-paradise.com\/pt\/?page_id=6764\" target=\"_self\" class=\"vc_single_image-wrapper   vc_box_border_grey\"><img loading=\"lazy\" decoding=\"async\" width=\"150\" height=\"150\" src=\"https:\/\/maldives-paradise.com\/wp-content\/uploads\/2024\/01\/coco-bodu-hithi2-150x150.jpg\" class=\"vc_single_image-img attachment-thumbnail\" alt=\"Coco Bodu Hithi\" title=\"coco-bodu-hithi2\" srcset=\"https:\/\/maldives-paradise.com\/wp-content\/uploads\/2024\/01\/coco-bodu-hithi2-150x150.jpg 150w, https:\/\/maldives-paradise.com\/wp-content\/uploads\/2024\/01\/coco-bodu-hithi2-300x300.jpg 300w, https:\/\/maldives-paradise.com\/wp-content\/uploads\/2024\/01\/coco-bodu-hithi2.jpg 450w\" sizes=\"auto, (max-width: 150px) 100vw, 150px\" \/><\/a>\n\t\t<\/figure>\n\t<\/div>\n<\/div><\/div><\/div><div class=\"wpb_column vc_column_container vc_col-sm-9\"><div class=\"vc_column-inner\"><div class=\"wpb_wrapper\">\n\t<div class=\"wpb_text_column wpb_content_element\" >\n\t\t<div class=\"wpb_wrapper\">\n\t\t\t<h4><a href=\"http:\/\/maldives-paradise.com\/pt\/?page_id=6764\">Coco Bodu Hithi<\/a><\/h4>\n<p><strong>Coco Bodu Hithi<\/strong> permanece como um testemunho de opul\u00eancia e serenidade. Este resort de luxo, conhecido pela sua beleza deslumbrante e comodidades de classe mundial, oferece uma fuga incompar\u00e1vel para o para\u00edso. Aqui est\u00e3o as principais caracter\u00edsticas que fazem de Coco Bodu Hithi um destino de visita obrigat\u00f3ria para viajantes exigentes que buscam o ep\u00edtome da indulg\u00eancia.<\/p>\n\n\t\t<\/div>\n\t<\/div>\n<\/div><\/div><\/div><\/div><div class=\"vc_row wpb_row vc_row-fluid\"><div class=\"wpb_column vc_column_container vc_col-sm-3\"><div class=\"vc_column-inner\"><div class=\"wpb_wrapper\">\n\t<div  class=\"wpb_single_image wpb_content_element vc_align_left wpb_content_element\">\n\t\t\n\t\t<figure class=\"wpb_wrapper vc_figure\">\n\t\t\t<a href=\"http:\/\/maldives-paradise.com\/pt\/?page_id=6768\" target=\"_self\" class=\"vc_single_image-wrapper   vc_box_border_grey\"><img loading=\"lazy\" decoding=\"async\" width=\"150\" height=\"150\" src=\"https:\/\/maldives-paradise.com\/wp-content\/uploads\/2024\/01\/Coco_Palm_Dhuni_Kolhu_Maldives2-150x150.jpg\" class=\"vc_single_image-img attachment-thumbnail\" alt=\"Coco Palm Dhuni Kolhu\" title=\"Coco_Palm_Dhuni_Kolhu_Maldives2\" \/><\/a>\n\t\t<\/figure>\n\t<\/div>\n<\/div><\/div><\/div><div class=\"wpb_column vc_column_container vc_col-sm-9\"><div class=\"vc_column-inner\"><div class=\"wpb_wrapper\">\n\t<div class=\"wpb_text_column wpb_content_element\" >\n\t\t<div class=\"wpb_wrapper\">\n\t\t\t<h4><a href=\"http:\/\/maldives-paradise.com\/pt\/?page_id=6768\">Coco Palm Dhuni Kolhu<\/a><\/h4>\n<p>Fuja para um ref\u00fagio de luxo e serenidade incompar\u00e1veis em <strong>Coco Palm Dhuni Kolhu<\/strong>, o ep\u00edtome da indulg\u00eancia tropical no cora\u00e7\u00e3o das Maldivas. Situado numa ilha privada imaculada, este resort exclusivo combina perfeitamente beleza natural com comodidades luxuosas, oferecendo um ref\u00fagio inesquec\u00edvel para viajantes exigentes.<\/p>\n\n\t\t<\/div>\n\t<\/div>\n<\/div><\/div><\/div><\/div><div class=\"vc_row wpb_row vc_row-fluid\"><div class=\"wpb_column vc_column_container vc_col-sm-3\"><div class=\"vc_column-inner\"><div class=\"wpb_wrapper\">\n\t<div  class=\"wpb_single_image wpb_content_element vc_align_left wpb_content_element\">\n\t\t\n\t\t<figure class=\"wpb_wrapper vc_figure\">\n\t\t\t<a href=\"http:\/\/maldives-paradise.com\/pt\/?page_id=6830\" target=\"_self\" class=\"vc_single_image-wrapper   vc_box_border_grey\"><img loading=\"lazy\" decoding=\"async\" width=\"150\" height=\"150\" src=\"https:\/\/maldives-paradise.com\/wp-content\/uploads\/2024\/01\/como-cocoa-island2-150x150.jpg\" class=\"vc_single_image-img attachment-thumbnail\" alt=\"COMO Ilha do Cacau\" title=\"como-cocoa-island2\" \/><\/a>\n\t\t<\/figure>\n\t<\/div>\n<\/div><\/div><\/div><div class=\"wpb_column vc_column_container vc_col-sm-9\"><div class=\"vc_column-inner\"><div class=\"wpb_wrapper\">\n\t<div class=\"wpb_text_column wpb_content_element\" >\n\t\t<div class=\"wpb_wrapper\">\n\t\t\t<h4><a href=\"http:\/\/maldives-paradise.com\/pt\/?page_id=6830\">COMO Ilha do Cacau<\/a><\/h4>\n<p><strong>COMO Ilha do Cacau<\/strong> permanece como o ep\u00edtome da opul\u00eancia e tranquilidade. Este resort de luxo nas Maldivas atrai viajantes exigentes com suas praias de areia branca, \u00e1guas cristalinas azul-turquesa e uma s\u00e9rie de comodidades incompar\u00e1veis. Aqui, revelamos as principais caracter\u00edsticas que fazem do COMO Cocoa Island um para\u00edso para quem busca uma escapadela inesquec\u00edvel.<\/p>\n\n\t\t<\/div>\n\t<\/div>\n<\/div><\/div><\/div><\/div><div class=\"vc_row wpb_row vc_row-fluid\"><div class=\"wpb_column vc_column_container vc_col-sm-3\"><div class=\"vc_column-inner\"><div class=\"wpb_wrapper\">\n\t<div  class=\"wpb_single_image wpb_content_element vc_align_left wpb_content_element\">\n\t\t\n\t\t<figure class=\"wpb_wrapper vc_figure\">\n\t\t\t<a href=\"http:\/\/maldives-paradise.com\/pt\/?page_id=6834\" target=\"_self\" class=\"vc_single_image-wrapper   vc_box_border_grey\"><img loading=\"lazy\" decoding=\"async\" width=\"150\" height=\"150\" src=\"https:\/\/maldives-paradise.com\/wp-content\/uploads\/2024\/01\/COMO-Maalifushi2-150x150.jpg\" class=\"vc_single_image-img attachment-thumbnail\" alt=\"COMO Maalifushi\" title=\"COMO-Maalifushi2\" \/><\/a>\n\t\t<\/figure>\n\t<\/div>\n<\/div><\/div><\/div><div class=\"wpb_column vc_column_container vc_col-sm-9\"><div class=\"vc_column-inner\"><div class=\"wpb_wrapper\">\n\t<div class=\"wpb_text_column wpb_content_element\" >\n\t\t<div class=\"wpb_wrapper\">\n\t\t\t<h4><a href=\"http:\/\/maldives-paradise.com\/pt\/?page_id=6834\">COMO Maalifushi<\/a><\/h4>\n<p>Situado nas \u00e1guas cristalinas das Maldivas, <strong>COMO Maalifushi<\/strong> \u00e9 o ep\u00edtome do luxo e da tranquilidade. Este resort exclusivo \u00e9 um para\u00edso para viajantes exigentes que procuram uma fuga incompar\u00e1vel num para\u00edso tropical. Com sua beleza natural deslumbrante e comodidades de classe mundial, o COMO Maalifushi promete uma experi\u00eancia inesquec\u00edvel.<\/p>\n\n\t\t<\/div>\n\t<\/div>\n<\/div><\/div><\/div><\/div><div class=\"vc_row wpb_row vc_row-fluid\"><div class=\"wpb_column vc_column_container vc_col-sm-3\"><div class=\"vc_column-inner\"><div class=\"wpb_wrapper\">\n\t<div  class=\"wpb_single_image wpb_content_element vc_align_left wpb_content_element\">\n\t\t\n\t\t<figure class=\"wpb_wrapper vc_figure\">\n\t\t\t<a href=\"http:\/\/maldives-paradise.com\/pt\/?page_id=6886\" target=\"_self\" class=\"vc_single_image-wrapper   vc_box_border_grey\"><img loading=\"lazy\" decoding=\"async\" width=\"150\" height=\"150\" src=\"https:\/\/maldives-paradise.com\/wp-content\/uploads\/2024\/01\/Conrad-Rangali-Island-Maldives-150x150.jpg\" class=\"vc_single_image-img attachment-thumbnail\" alt=\"Ilha Conrad Rangali Maldivas\" title=\"Conrad-Rangali-Ilha-Maldivas\" \/><\/a>\n\t\t<\/figure>\n\t<\/div>\n<\/div><\/div><\/div><div class=\"wpb_column vc_column_container vc_col-sm-9\"><div class=\"vc_column-inner\"><div class=\"wpb_wrapper\">\n\t<div class=\"wpb_text_column wpb_content_element\" >\n\t\t<div class=\"wpb_wrapper\">\n\t\t\t<h4><a href=\"http:\/\/maldives-paradise.com\/pt\/?page_id=6886\">Ilha Conrad Rangali Maldivas<\/a><\/h4>\n<p><strong>Ilha Conrad Rangali Maldivas<\/strong>, um ref\u00fagio fascinante situado no cora\u00e7\u00e3o do Oceano \u00cdndico. Reconhecido pela sua beleza incompar\u00e1vel e servi\u00e7o impec\u00e1vel, este resort de luxo convida os viajantes mais exigentes a experimentar uma sinfonia de opul\u00eancia e tranquilidade.<\/p>\n\n\t\t<\/div>\n\t<\/div>\n<\/div><\/div><\/div><\/div><div class=\"vc_row wpb_row vc_row-fluid\"><div class=\"wpb_column vc_column_container vc_col-sm-3\"><div class=\"vc_column-inner\"><div class=\"wpb_wrapper\">\n\t<div  class=\"wpb_single_image wpb_content_element vc_align_left wpb_content_element\">\n\t\t\n\t\t<figure class=\"wpb_wrapper vc_figure\">\n\t\t\t<a href=\"http:\/\/maldives-paradise.com\/pt\/?page_id=6890\" target=\"_self\" class=\"vc_single_image-wrapper   vc_box_border_grey\"><img loading=\"lazy\" decoding=\"async\" width=\"150\" height=\"150\" src=\"https:\/\/maldives-paradise.com\/wp-content\/uploads\/2024\/01\/constance-halavelii-maldive-best-destination-02-150x150.jpg\" class=\"vc_single_image-img attachment-thumbnail\" alt=\"Constance Halaveli Maldivas\" title=\"constance-halavelii-maldivas-melhor-destino-02\" \/><\/a>\n\t\t<\/figure>\n\t<\/div>\n<\/div><\/div><\/div><div class=\"wpb_column vc_column_container vc_col-sm-9\"><div class=\"vc_column-inner\"><div class=\"wpb_wrapper\">\n\t<div class=\"wpb_text_column wpb_content_element\" >\n\t\t<div class=\"wpb_wrapper\">\n\t\t\t<h4><a href=\"http:\/\/maldives-paradise.com\/pt\/?page_id=6890\">Constance Halaveli Maldivas<\/a><\/h4>\n<p><strong>Constance Halaveli Maldivas<\/strong> se destaca como um farol de luxo incompar\u00e1vel, oferecendo uma fuga exclusiva para um para\u00edso tropical. Reconhecido pela sua beleza deslumbrante e servi\u00e7o impec\u00e1vel, este resort de luxo \u00e9 um destino de sonho para quem procura um retiro extraordin\u00e1rio.<\/p>\n\n\t\t<\/div>\n\t<\/div>\n<\/div><\/div><\/div><\/div><div class=\"vc_row wpb_row vc_row-fluid\"><div class=\"wpb_column vc_column_container vc_col-sm-3\"><div class=\"vc_column-inner\"><div class=\"wpb_wrapper\">\n\t<div  class=\"wpb_single_image wpb_content_element vc_align_left wpb_content_element\">\n\t\t\n\t\t<figure class=\"wpb_wrapper vc_figure\">\n\t\t\t<a href=\"http:\/\/maldives-paradise.com\/pt\/?page_id=6894\" target=\"_self\" class=\"vc_single_image-wrapper   vc_box_border_grey\"><img loading=\"lazy\" decoding=\"async\" width=\"150\" height=\"150\" src=\"https:\/\/maldives-paradise.com\/wp-content\/uploads\/2024\/01\/Constance-Moofushi-Maldivesjpg-150x150.jpg\" class=\"vc_single_image-img attachment-thumbnail\" alt=\"Constance Moofushi Maldivas\" title=\"Constance-Moofushi-Maldivasjpg\" \/><\/a>\n\t\t<\/figure>\n\t<\/div>\n<\/div><\/div><\/div><div class=\"wpb_column vc_column_container vc_col-sm-9\"><div class=\"vc_column-inner\"><div class=\"wpb_wrapper\">\n\t<div class=\"wpb_text_column wpb_content_element\" >\n\t\t<div class=\"wpb_wrapper\">\n\t\t\t<h4><a href=\"http:\/\/maldives-paradise.com\/pt\/?page_id=6894\">Constance Moofushi Maldivas<\/a><\/h4>\n<p><strong>Constance Moofushi Maldivas<\/strong> \u00e9 o ep\u00edtome do luxo, oferecendo um ref\u00fagio sublime para viajantes exigentes que buscam uma experi\u00eancia inesquec\u00edvel na ilha. Este resort exclusivo combina uma beleza natural deslumbrante com comodidades opulentas para criar um ref\u00fagio de tranquilidade e indulg\u00eancia. Aqui est\u00e3o as principais caracter\u00edsticas que tornam Constance Moofushi um destino verdadeiramente excepcional.<\/p>\n\n\t\t<\/div>\n\t<\/div>\n<\/div><\/div><\/div><\/div><div class=\"vc_row wpb_row vc_row-fluid\"><div class=\"wpb_column vc_column_container vc_col-sm-3\"><div class=\"vc_column-inner\"><div class=\"wpb_wrapper\">\n\t<div  class=\"wpb_single_image wpb_content_element vc_align_left wpb_content_element\">\n\t\t\n\t\t<figure class=\"wpb_wrapper vc_figure\">\n\t\t\t<a href=\"http:\/\/maldives-paradise.com\/pt\/?page_id=6899\" target=\"_self\" class=\"vc_single_image-wrapper   vc_box_border_grey\"><img loading=\"lazy\" decoding=\"async\" width=\"150\" height=\"150\" src=\"https:\/\/maldives-paradise.com\/wp-content\/uploads\/2024\/01\/Cora-Cora-maldives-2-150x150.jpg\" class=\"vc_single_image-img attachment-thumbnail\" alt=\"Cora Cora Maldivas\" title=\"Cora-Cora-maldivas-2\" \/><\/a>\n\t\t<\/figure>\n\t<\/div>\n<\/div><\/div><\/div><div class=\"wpb_column vc_column_container vc_col-sm-9\"><div class=\"vc_column-inner\"><div class=\"wpb_wrapper\">\n\t<div class=\"wpb_text_column wpb_content_element\" >\n\t\t<div class=\"wpb_wrapper\">\n\t\t\t<h4><a href=\"http:\/\/maldives-paradise.com\/pt\/?page_id=6899\">Cora Cora Maldivas<\/a><\/h4>\n<p>Entre no mundo de <strong>Cora Cora Maldivas<\/strong>, onde cada momento \u00e9 uma celebra\u00e7\u00e3o de opul\u00eancia e tranquilidade. Situado no cora\u00e7\u00e3o do Oceano \u00cdndico, este extraordin\u00e1rio resort de luxo atrai viajantes exigentes para experimentar o ep\u00edtome do esplendor das Maldivas.<\/p>\n\n\t\t<\/div>\n\t<\/div>\n<\/div><\/div><\/div><\/div><div class=\"vc_row wpb_row vc_row-fluid\"><div class=\"wpb_column vc_column_container vc_col-sm-3\"><div class=\"vc_column-inner\"><div class=\"wpb_wrapper\">\n\t<div  class=\"wpb_single_image wpb_content_element vc_align_left wpb_content_element\">\n\t\t\n\t\t<figure class=\"wpb_wrapper vc_figure\">\n\t\t\t<a href=\"http:\/\/maldives-paradise.com\/pt\/?page_id=6904\" target=\"_self\" class=\"vc_single_image-wrapper   vc_box_border_grey\"><img loading=\"lazy\" decoding=\"async\" width=\"150\" height=\"150\" src=\"https:\/\/maldives-paradise.com\/wp-content\/uploads\/2024\/01\/Dhigali-Maldives2-150x150.jpg\" class=\"vc_single_image-img attachment-thumbnail\" alt=\"Dhigali Maldivas\" title=\"Dhigali-Maldivas2\" \/><\/a>\n\t\t<\/figure>\n\t<\/div>\n<\/div><\/div><\/div><div class=\"wpb_column vc_column_container vc_col-sm-9\"><div class=\"vc_column-inner\"><div class=\"wpb_wrapper\">\n\t<div class=\"wpb_text_column wpb_content_element\" >\n\t\t<div class=\"wpb_wrapper\">\n\t\t\t<h4><a href=\"http:\/\/maldives-paradise.com\/pt\/?page_id=6904\">Dhigali Maldivas<\/a><\/h4>\n<p><strong>Dhigali Maldivas<\/strong> se destaca como um farol de luxo, convidando os viajantes a experimentar um mundo onde a opul\u00eancia encontra a beleza natural. Este resort exclusivo \u00e9 um ref\u00fagio para quem procura uma fuga inesquec\u00edvel, oferecendo uma infinidade de recursos de primeira linha que o diferenciam como o ep\u00edtome da indulg\u00eancia.<\/p>\n\n\t\t<\/div>\n\t<\/div>\n<\/div><\/div><\/div><\/div><div class=\"vc_row wpb_row vc_row-fluid\"><div class=\"wpb_column vc_column_container vc_col-sm-3\"><div class=\"vc_column-inner\"><div class=\"wpb_wrapper\">\n\t<div  class=\"wpb_single_image wpb_content_element vc_align_left wpb_content_element\">\n\t\t\n\t\t<figure class=\"wpb_wrapper vc_figure\">\n\t\t\t<a href=\"http:\/\/maldives-paradise.com\/pt\/?page_id=6908\" target=\"_self\" class=\"vc_single_image-wrapper   vc_box_border_grey\"><img loading=\"lazy\" decoding=\"async\" width=\"150\" height=\"150\" src=\"https:\/\/maldives-paradise.com\/wp-content\/uploads\/2024\/01\/Diamonds-Athuruga-Maldives-ResortandSpa2-150x150.jpg\" class=\"vc_single_image-img attachment-thumbnail\" alt=\"Diamonds Athuruga Maldivas Resort &amp; Spa\" title=\"Diamantes-Athuruga-Maldivas-ResortandSpa2\" \/><\/a>\n\t\t<\/figure>\n\t<\/div>\n<\/div><\/div><\/div><div class=\"wpb_column vc_column_container vc_col-sm-9\"><div class=\"vc_column-inner\"><div class=\"wpb_wrapper\">\n\t<div class=\"wpb_text_column wpb_content_element\" >\n\t\t<div class=\"wpb_wrapper\">\n\t\t\t<h4><a href=\"http:\/\/maldives-paradise.com\/pt\/?page_id=6908\">Diamonds Athuruga Maldivas Resort &amp; Spa<\/a><\/h4>\n<p>Delicie-se com o ep\u00edtome de luxo e tranquilidade em <strong>Diamonds Athuruga Maldivas Resort &amp; Spa<\/strong>, um ref\u00fagio situado no cora\u00e7\u00e3o das Maldivas. Este resort exclusivo promete uma fuga inesquec\u00edvel para o para\u00edso, onde praias imaculadas, \u00e1guas cristalinas e um servi\u00e7o incompar\u00e1vel convergem para criar um o\u00e1sis de opul\u00eancia.<\/p>\n\n\t\t<\/div>\n\t<\/div>\n<\/div><\/div><\/div><\/div><div class=\"vc_row wpb_row vc_row-fluid\"><div class=\"wpb_column vc_column_container vc_col-sm-3\"><div class=\"vc_column-inner\"><div class=\"wpb_wrapper\">\n\t<div  class=\"wpb_single_image wpb_content_element vc_align_left wpb_content_element\">\n\t\t\n\t\t<figure class=\"wpb_wrapper vc_figure\">\n\t\t\t<a href=\"http:\/\/maldives-paradise.com\/pt\/?page_id=6912\" target=\"_self\" class=\"vc_single_image-wrapper   vc_box_border_grey\"><img loading=\"lazy\" decoding=\"async\" width=\"150\" height=\"150\" src=\"https:\/\/maldives-paradise.com\/wp-content\/uploads\/2024\/01\/Diamonds-Thudufushi-Maldives2-150x150.jpg\" class=\"vc_single_image-img attachment-thumbnail\" alt=\"Diamonds Thudufushi Maldivas Resort &amp; Spa\" title=\"Diamantes-Thudufushi-Maldivas2\" \/><\/a>\n\t\t<\/figure>\n\t<\/div>\n<\/div><\/div><\/div><div class=\"wpb_column vc_column_container vc_col-sm-9\"><div class=\"vc_column-inner\"><div class=\"wpb_wrapper\">\n\t<div class=\"wpb_text_column wpb_content_element\" >\n\t\t<div class=\"wpb_wrapper\">\n\t\t\t<h4><a href=\"http:\/\/maldives-paradise.com\/pt\/?page_id=6912\">Diamonds Thudufushi Maldivas Resort &amp; Spa<\/a><\/h4>\n<p>Fuja para um reino de opul\u00eancia e tranquilidade em <strong>Diamonds Thudufushi Maldivas Resort &amp; Spa<\/strong>, onde praias ensolaradas, \u00e1guas cristalinas azul-turquesa e luxo incompar\u00e1vel convergem para criar um ref\u00fagio tropical inesquec\u00edvel. Situado no cora\u00e7\u00e3o das Maldivas, este resort exclusivo atrai viajantes exigentes com as suas comodidades de classe mundial e arredores deslumbrantes.<\/p>\n\n\t\t<\/div>\n\t<\/div>\n<\/div><\/div><\/div><\/div><div class=\"vc_row wpb_row vc_row-fluid\"><div class=\"wpb_column vc_column_container vc_col-sm-12\"><div class=\"vc_column-inner\"><div class=\"wpb_wrapper\">\n\t<div class=\"wpb_text_column wpb_content_element\" >\n\t\t<div class=\"wpb_wrapper\">\n\t\t\t<h3>Hot\u00e9is e resorts 5 estrelas em Maldivas\u00a0 <a href=\"http:\/\/maldives-paradise.com\/pt\/?page_id=4124\">P\u00e1gina 1<\/a> \u00a0 <a href=\"http:\/\/maldives-paradise.com\/pt\/?page_id=7996\">P\u00e1gina 3<\/a> \u00a0 <a href=\"http:\/\/maldives-paradise.com\/pt\/?page_id=8053\">P\u00e1gina 4<\/a> \u00a0 <a href=\"http:\/\/maldives-paradise.com\/pt\/?page_id=8128\">P\u00e1gina 5<\/a> \u00a0 <a href=\"http:\/\/maldives-paradise.com\/pt\/?page_id=8170\">P\u00e1gina 6<\/a>\u00a0\u00a0 <a href=\"http:\/\/maldives-paradise.com\/pt\/?page_id=8384\">P\u00e1gina 7<\/a> \u00a0<a href=\"http:\/\/maldives-paradise.com\/pt\/resorts-hoteis-5-estrelas-nas-maldivas-8\/\">P\u00e1gina 8<\/a>\u00a0\u00a0<a href=\"https:\/\/maldives-paradise.com\/pt\/hoteis-resorts-5-estrelas-nas-maldivas-9\/\">P\u00e1gina 9<\/a><\/h3>\n\n\t\t<\/div>\n\t<\/div>\n<\/div><\/div><\/div><\/div>\n<\/div>","protected":false},"excerpt":{"rendered":"<div class=\"mh-excerpt\"><\/div>","protected":false},"author":1,"featured_media":7969,"parent":0,"menu_order":0,"comment_status":"closed","ping_status":"closed","template":"","meta":{"footnotes":""},"class_list":["post-7968","page","type-page","status-publish","has-post-thumbnail"],"aioseo_notices":[],"_links":{"self":[{"href":"https:\/\/maldives-paradise.com\/pt\/wp-json\/wp\/v2\/pages\/7968","targetHints":{"allow":["GET"]}}],"collection":[{"href":"https:\/\/maldives-paradise.com\/pt\/wp-json\/wp\/v2\/pages"}],"about":[{"href":"https:\/\/maldives-paradise.com\/pt\/wp-json\/wp\/v2\/types\/page"}],"author":[{"embeddable":true,"href":"https:\/\/maldives-paradise.com\/pt\/wp-json\/wp\/v2\/users\/1"}],"replies":[{"embeddable":true,"href":"https:\/\/maldives-paradise.com\/pt\/wp-json\/wp\/v2\/comments?post=7968"}],"version-history":[{"count":6,"href":"https:\/\/maldives-paradise.com\/pt\/wp-json\/wp\/v2\/pages\/7968\/revisions"}],"predecessor-version":[{"id":34297,"href":"https:\/\/maldives-paradise.com\/pt\/wp-json\/wp\/v2\/pages\/7968\/revisions\/34297"}],"wp:featuredmedia":[{"embeddable":true,"href":"https:\/\/maldives-paradise.com\/pt\/wp-json\/wp\/v2\/media\/7969"}],"wp:attachment":[{"href":"https:\/\/maldives-paradise.com\/pt\/wp-json\/wp\/v2\/media?parent=7968"}],"curies":[{"name":"wp","href":"https:\/\/api.w.org\/{rel}","templated":true}]}}