{"id":4124,"date":"2023-11-29T19:40:28","date_gmt":"2023-11-29T19:40:28","guid":{"rendered":"http:\/\/maldives-paradise.com\/?page_id=4124"},"modified":"2025-02-22T08:35:53","modified_gmt":"2025-02-22T08:35:53","slug":"resorts-hoteis-5-estrelas-nas-maldivas","status":"publish","type":"page","link":"https:\/\/maldives-paradise.com\/pt\/resorts-hoteis-5-estrelas-nas-maldivas\/","title":{"rendered":"Hot\u00e9is e resorts 5 estrelas em Maldivas"},"content":{"rendered":"<div class=\"wpb-content-wrapper\"><div class=\"vc_row wpb_row vc_row-fluid\"><div class=\"wpb_column vc_column_container vc_col-sm-12\"><div class=\"vc_column-inner\"><div class=\"wpb_wrapper\">\n\t<div class=\"wpb_text_column wpb_content_element\" >\n\t\t<div class=\"wpb_wrapper\">\n\t\t\t<h3>Uma sele\u00e7\u00e3o de hot\u00e9is e resorts 5 estrelas nas Maldivas<\/h3>\n<p>As Maldivas s\u00e3o famosas por sua <strong data-start=\"82\" data-end=\"121\">hot\u00e9is e resorts luxuosos de 5 estrelas<\/strong>, oferecendo incompar\u00e1vel <strong data-start=\"145\" data-end=\"191\">eleg\u00e2ncia, privacidade e servi\u00e7o de classe mundial<\/strong>. Esses retiros exclusivos apresentam <strong data-start=\"226\" data-end=\"316\">vilas sobre a \u00e1gua, piscinas de borda infinita, restaurantes requintados e servi\u00e7os de mordomo privativo<\/strong>. Os h\u00f3spedes podem desfrutar <strong data-start=\"335\" data-end=\"354\">Experi\u00eancias VIP<\/strong> como <strong data-start=\"363\" data-end=\"443\">tratamentos de spa personalizados, <\/strong>jantar subaqu\u00e1tico<strong data-start=\"363\" data-end=\"443\">, e excurs\u00f5es de iate privadas<\/strong>. Com <strong data-start=\"450\" data-end=\"522\">vistas deslumbrantes do oceano, <\/strong>praias de areia branca e lagoas cristalinas, <strong data-start=\"524\" data-end=\"558\">Resorts 5 estrelas nas Maldivas<\/strong> redefinir o luxo tropical, tornando-os o destino perfeito para <strong data-start=\"625\" data-end=\"677\">rec\u00e9m-casados, fam\u00edlias e viajantes exigentes<\/strong> buscando uma escapada inesquec\u00edvel.<\/p>\n\n\t\t<\/div>\n\t<\/div>\n<\/div><\/div><\/div><\/div><div class=\"vc_row wpb_row vc_row-fluid\"><div class=\"wpb_column vc_column_container vc_col-sm-3\"><div class=\"vc_column-inner\"><div class=\"wpb_wrapper\">\n\t<div  class=\"wpb_single_image wpb_content_element vc_align_left wpb_content_element\">\n\t\t\n\t\t<figure class=\"wpb_wrapper vc_figure\">\n\t\t\t<a href=\"http:\/\/maldives-paradise.com\/pt\/?page_id=6597\" target=\"_self\" class=\"vc_single_image-wrapper vc_box_rounded  vc_box_border_grey\"><img loading=\"lazy\" decoding=\"async\" width=\"300\" height=\"224\" src=\"https:\/\/maldives-paradise.com\/wp-content\/uploads\/2023\/12\/Alila-Kothaifaru-Maldives-300x224.jpg\" class=\"vc_single_image-img attachment-medium\" alt=\"Alila Kothaifaru Maldivas\" title=\"Alila-Kothaifaru-Maldivas\" srcset=\"https:\/\/maldives-paradise.com\/wp-content\/uploads\/2023\/12\/Alila-Kothaifaru-Maldives-300x224.jpg 300w, https:\/\/maldives-paradise.com\/wp-content\/uploads\/2023\/12\/Alila-Kothaifaru-Maldives-768x574.jpg 768w, https:\/\/maldives-paradise.com\/wp-content\/uploads\/2023\/12\/Alila-Kothaifaru-Maldives-678x509.jpg 678w, https:\/\/maldives-paradise.com\/wp-content\/uploads\/2023\/12\/Alila-Kothaifaru-Maldives-326x245.jpg 326w, https:\/\/maldives-paradise.com\/wp-content\/uploads\/2023\/12\/Alila-Kothaifaru-Maldives-80x60.jpg 80w, https:\/\/maldives-paradise.com\/wp-content\/uploads\/2023\/12\/Alila-Kothaifaru-Maldives-500x374.jpg 500w, https:\/\/maldives-paradise.com\/wp-content\/uploads\/2023\/12\/Alila-Kothaifaru-Maldives-800x598.jpg 800w, https:\/\/maldives-paradise.com\/wp-content\/uploads\/2023\/12\/Alila-Kothaifaru-Maldives.jpg 880w\" sizes=\"auto, (max-width: 300px) 100vw, 300px\" \/><\/a>\n\t\t<\/figure>\n\t<\/div>\n<\/div><\/div><\/div><div class=\"wpb_column vc_column_container vc_col-sm-9\"><div class=\"vc_column-inner\"><div class=\"wpb_wrapper\">\n\t<div class=\"wpb_text_column wpb_content_element\" >\n\t\t<div class=\"wpb_wrapper\">\n\t\t\t<h4><a href=\"http:\/\/maldives-paradise.com\/pt\/?page_id=6597\">Alila Kothaifaru Maldivas<\/a><\/h4>\n<p>O Alila Kothaifaru \u00e9 um farol de luxo e tranquilidade em meio \u00e0s \u00e1guas cristalinas do Oceano \u00cdndico. Este resort exclusivo, parte da renomada rede Alila Hotels and Resorts, oferece uma fuga deslumbrante para o para\u00edso, combinando a eleg\u00e2ncia moderna com a beleza natural do arquip\u00e9lago das Maldivas.<\/p>\n\n\t\t<\/div>\n\t<\/div>\n<\/div><\/div><\/div><\/div><div class=\"vc_row wpb_row vc_row-fluid\"><div class=\"wpb_column vc_column_container vc_col-sm-3\"><div class=\"vc_column-inner\"><div class=\"wpb_wrapper\">\n\t<div  class=\"wpb_single_image wpb_content_element vc_align_left wpb_content_element\">\n\t\t\n\t\t<figure class=\"wpb_wrapper vc_figure\">\n\t\t\t<a href=\"http:\/\/maldives-paradise.com\/pt\/?page_id=6604\" target=\"_self\" class=\"vc_single_image-wrapper vc_box_rounded  vc_box_border_grey\"><img loading=\"lazy\" decoding=\"async\" width=\"150\" height=\"150\" src=\"https:\/\/maldives-paradise.com\/wp-content\/uploads\/2023\/12\/anantara-dhigu-150x150.jpg\" class=\"vc_single_image-img attachment-thumbnail\" alt=\"Anantara Resort Dhigu Maldivas\" title=\"anantara-dhigu\" \/><\/a>\n\t\t<\/figure>\n\t<\/div>\n<\/div><\/div><\/div><div class=\"wpb_column vc_column_container vc_col-sm-9\"><div class=\"vc_column-inner\"><div class=\"wpb_wrapper\">\n\t<div class=\"wpb_text_column wpb_content_element\" >\n\t\t<div class=\"wpb_wrapper\">\n\t\t\t<h4><a href=\"http:\/\/maldives-paradise.com\/pt\/?page_id=6604\">Anantara Resort Dhigu Maldivas<\/a><\/h4>\n<p><span style=\"color: #ff0000;\"><strong>*Garantia de melhor tarifa com o hotel<\/strong><\/span><br \/>\nO Anantara Resort Maldives oferece 68 vilas \u00e0 beira-mar, todas situadas em uma praia particular, com banheiros externos exclusivos e chuveiros com efeito de chuva. As 2 villas com piscina \u00e0 beira-mar s\u00e3o mais espa\u00e7osas e disp\u00f5em de piscina de imers\u00e3o privativa situada em um jardim tropical. As 38 su\u00edtes sobre a \u00e1gua do Anantara, situadas sobre o Oceano \u00cdndico, disp\u00f5em de terra\u00e7os privativos e banheiras ao ar livre com borda infinita e vista.<\/p>\n\n\t\t<\/div>\n\t<\/div>\n<\/div><\/div><\/div><\/div><div class=\"vc_row wpb_row vc_row-fluid\"><div class=\"wpb_column vc_column_container vc_col-sm-3\"><div class=\"vc_column-inner\"><div class=\"wpb_wrapper\">\n\t<div  class=\"wpb_single_image wpb_content_element vc_align_left wpb_content_element\">\n\t\t\n\t\t<figure class=\"wpb_wrapper vc_figure\">\n\t\t\t<a href=\"http:\/\/maldives-paradise.com\/pt\/?page_id=6607\" target=\"_self\" class=\"vc_single_image-wrapper vc_box_rounded  vc_box_border_grey\"><img loading=\"lazy\" decoding=\"async\" width=\"150\" height=\"150\" src=\"https:\/\/maldives-paradise.com\/wp-content\/uploads\/2023\/12\/anantara-kihavah-150x150.jpg\" class=\"vc_single_image-img attachment-thumbnail\" alt=\"Anantara Kihavah Villas Maldivas\" title=\"anantara-kihavah\" srcset=\"https:\/\/maldives-paradise.com\/wp-content\/uploads\/2023\/12\/anantara-kihavah-150x150.jpg 150w, https:\/\/maldives-paradise.com\/wp-content\/uploads\/2023\/12\/anantara-kihavah-800x800.jpg 800w\" sizes=\"auto, (max-width: 150px) 100vw, 150px\" \/><\/a>\n\t\t<\/figure>\n\t<\/div>\n<\/div><\/div><\/div><div class=\"wpb_column vc_column_container vc_col-sm-9\"><div class=\"vc_column-inner\"><div class=\"wpb_wrapper\">\n\t<div class=\"wpb_text_column wpb_content_element\" >\n\t\t<div class=\"wpb_wrapper\">\n\t\t\t<h4><a href=\"http:\/\/maldives-paradise.com\/pt\/?page_id=6607\">Anantara Kihavah Villas Maldivas<\/a><\/h4>\n<p><span style=\"color: #ff0000;\"><strong>*Garantia de melhor tarifa com o hotel<\/strong><\/span><br \/>\n80 vilas e resid\u00eancias com piscina na praia e sobre a \u00e1gua. Apresentando villas luxuosas com piscinas infinitas privativas, o Anantara Kihavah Villas est\u00e1 localizado na bela Ilha Kihavah Huravalhi, no Atol Baa. Rodeado por recifes de coral e uma lagoa azul, disp\u00f5e de acesso Wi-Fi gratuito e de um spa sobre a \u00e1gua.<\/p>\n\n\t\t<\/div>\n\t<\/div>\n<\/div><\/div><\/div><\/div><div class=\"vc_row wpb_row vc_row-fluid\"><div class=\"wpb_column vc_column_container vc_col-sm-3\"><div class=\"vc_column-inner\"><div class=\"wpb_wrapper\">\n\t<div  class=\"wpb_single_image wpb_content_element vc_align_left wpb_content_element\">\n\t\t\n\t\t<figure class=\"wpb_wrapper vc_figure\">\n\t\t\t<a href=\"http:\/\/maldives-paradise.com\/pt\/?page_id=6610\" target=\"_self\" class=\"vc_single_image-wrapper vc_box_rounded  vc_box_border_grey\"><img loading=\"lazy\" decoding=\"async\" width=\"150\" height=\"150\" src=\"https:\/\/maldives-paradise.com\/wp-content\/uploads\/2023\/12\/anantara-veli-93-1080x480-1-150x150.jpg\" class=\"vc_single_image-img attachment-thumbnail\" alt=\"Anantara Veli Resort e Spa Maldivas\" title=\"anantara-veli-93-1080x480\" \/><\/a>\n\t\t<\/figure>\n\t<\/div>\n<\/div><\/div><\/div><div class=\"wpb_column vc_column_container vc_col-sm-9\"><div class=\"vc_column-inner\"><div class=\"wpb_wrapper\">\n\t<div class=\"wpb_text_column wpb_content_element\" >\n\t\t<div class=\"wpb_wrapper\">\n\t\t\t<h4><a href=\"http:\/\/maldives-paradise.com\/pt\/?page_id=6610\">Anantara Veli Resort e Spa<\/a><\/h4>\n<p><span style=\"color: #ff0000;\"><strong>*Garantia de melhor tarifa com o hotel<\/strong><\/span><br \/>\nO <strong>Anantara Veli Resort e Spa Maldivas<\/strong> \u00e9 um farol de luxo e tranquilidade, oferecendo um ref\u00fagio incompar\u00e1vel para quem procura um retiro tropical inesquec\u00edvel. Com as suas praias imaculadas, \u00e1guas cristalinas e comodidades de classe mundial, este resort \u00e9 um para\u00edso para os viajantes que procuram experimentar o ep\u00edtome da hospitalidade das Maldivas. Aqui est\u00e3o algumas das principais caracter\u00edsticas que fazem do Anantara Veli um destino de sonho.<\/p>\n\n\t\t<\/div>\n\t<\/div>\n<\/div><\/div><\/div><\/div><div class=\"vc_row wpb_row vc_row-fluid\"><div class=\"wpb_column vc_column_container vc_col-sm-3\"><div class=\"vc_column-inner\"><div class=\"wpb_wrapper\">\n\t<div  class=\"wpb_single_image wpb_content_element vc_align_left wpb_content_element\">\n\t\t\n\t\t<figure class=\"wpb_wrapper vc_figure\">\n\t\t\t<a href=\"http:\/\/maldives-paradise.com\/pt\/?page_id=6613\" target=\"_self\" class=\"vc_single_image-wrapper vc_box_rounded  vc_box_border_grey\"><img loading=\"lazy\" decoding=\"async\" width=\"150\" height=\"150\" src=\"https:\/\/maldives-paradise.com\/wp-content\/uploads\/2023\/12\/angsana-velavaru-1-150x150.jpeg\" class=\"vc_single_image-img attachment-thumbnail\" alt=\"Resort Angsana Velavaru nas Maldivas\" title=\"angsana-velavaru\" \/><\/a>\n\t\t<\/figure>\n\t<\/div>\n<\/div><\/div><\/div><div class=\"wpb_column vc_column_container vc_col-sm-9\"><div class=\"vc_column-inner\"><div class=\"wpb_wrapper\">\n\t<div class=\"wpb_text_column wpb_content_element\" >\n\t\t<div class=\"wpb_wrapper\">\n\t\t\t<h4><a href=\"http:\/\/maldives-paradise.com\/pt\/?page_id=6613\">Angsana Velavaru<\/a><\/h4>\n<p>Fuja para um ref\u00fagio de opul\u00eancia e tranquilidade em <strong>Angsana Velavaru<\/strong>, uma j\u00f3ia situada no cora\u00e7\u00e3o das Maldivas. Este resort de tirar o f\u00f4lego oferece uma mistura incompar\u00e1vel de luxo, beleza natural e hospitalidade de classe mundial. Descubra as principais caracter\u00edsticas que fazem de Angsana Velavaru o ep\u00edtome de um retiro tropical de sonho.<\/p>\n\n\t\t<\/div>\n\t<\/div>\n<\/div><\/div><\/div><\/div><div class=\"vc_row wpb_row vc_row-fluid\"><div class=\"wpb_column vc_column_container vc_col-sm-3\"><div class=\"vc_column-inner\"><div class=\"wpb_wrapper\">\n\t<div  class=\"wpb_single_image wpb_content_element vc_align_left wpb_content_element\">\n\t\t\n\t\t<figure class=\"wpb_wrapper vc_figure\">\n\t\t\t<a href=\"http:\/\/maldives-paradise.com\/pt\/?page_id=7838\" target=\"_self\" class=\"vc_single_image-wrapper vc_box_rounded  vc_box_border_grey\"><img loading=\"lazy\" decoding=\"async\" width=\"150\" height=\"150\" src=\"https:\/\/maldives-paradise.com\/wp-content\/uploads\/2023\/12\/angsana-ihuru-2-150x150.jpg\" class=\"vc_single_image-img attachment-thumbnail\" alt=\"Angsana Resort e Spa Ihuru\" title=\"Angsana-Ihuru\" \/><\/a>\n\t\t<\/figure>\n\t<\/div>\n<\/div><\/div><\/div><div class=\"wpb_column vc_column_container vc_col-sm-9\"><div class=\"vc_column-inner\"><div class=\"wpb_wrapper\">\n\t<div class=\"wpb_text_column wpb_content_element\" >\n\t\t<div class=\"wpb_wrapper\">\n\t\t\t<h4><a href=\"http:\/\/maldives-paradise.com\/pt\/?page_id=7838\">Angsana Resort e Spa Ihuru<\/a><\/h4>\n<p>Fuja para um reino de luxo incompar\u00e1vel e felicidade tropical em um hotel 5 estrelas <strong>Angsana Resort e Spa Ihuru<\/strong>, onde cada momento \u00e9 uma obra-prima de opul\u00eancia e esplendor natural. Este santu\u00e1rio exclusivo das Maldivas atrai viajantes exigentes com suas caracter\u00edsticas extraordin\u00e1rias, prometendo uma fuga indulgente como nenhuma outra.<\/p>\n\n\t\t<\/div>\n\t<\/div>\n<\/div><\/div><\/div><\/div><div class=\"vc_row wpb_row vc_row-fluid\"><div class=\"wpb_column vc_column_container vc_col-sm-3\"><div class=\"vc_column-inner\"><div class=\"wpb_wrapper\">\n\t<div  class=\"wpb_single_image wpb_content_element vc_align_left wpb_content_element\">\n\t\t\n\t\t<figure class=\"wpb_wrapper vc_figure\">\n\t\t\t<a href=\"http:\/\/maldives-paradise.com\/pt\/?page_id=6641\" target=\"_self\" class=\"vc_single_image-wrapper vc_box_rounded  vc_box_border_grey\"><img loading=\"lazy\" decoding=\"async\" width=\"150\" height=\"150\" src=\"https:\/\/maldives-paradise.com\/wp-content\/uploads\/2023\/12\/atmosphere-kanifushi2-150x150.jpg\" class=\"vc_single_image-img attachment-thumbnail\" alt=\"Atmosfera Kanifushi Maldivas\" title=\"atmosfera-kanifushi2\" \/><\/a>\n\t\t<\/figure>\n\t<\/div>\n<\/div><\/div><\/div><div class=\"wpb_column vc_column_container vc_col-sm-9\"><div class=\"vc_column-inner\"><div class=\"wpb_wrapper\">\n\t<div class=\"wpb_text_column wpb_content_element\" >\n\t\t<div class=\"wpb_wrapper\">\n\t\t\t<h4><a href=\"http:\/\/maldives-paradise.com\/pt\/?page_id=6641\">Atmosfera Kanifushi<\/a><\/h4>\n<p>Atmosphere Kanifushi \u00e9 o ep\u00edtome do luxo, oferecendo uma experi\u00eancia incompar\u00e1vel em um dos destinos mais deslumbrantes do mundo. Este resort exclusivo \u00e9 um ref\u00fagio para quem procura a melhor combina\u00e7\u00e3o de opul\u00eancia, tranquilidade e beleza natural. Vamos nos aprofundar nos principais recursos que tornam o Atmosphere Kanifushi uma escolha incompar\u00e1vel para uma escapadela tropical inesquec\u00edvel.<\/p>\n\n\t\t<\/div>\n\t<\/div>\n<\/div><\/div><\/div><\/div><div class=\"vc_row wpb_row vc_row-fluid\"><div class=\"wpb_column vc_column_container vc_col-sm-3\"><div class=\"vc_column-inner\"><div class=\"wpb_wrapper\">\n\t<div  class=\"wpb_single_image wpb_content_element vc_align_left wpb_content_element\">\n\t\t\n\t\t<figure class=\"wpb_wrapper vc_figure\">\n\t\t\t<a href=\"http:\/\/maldives-paradise.com\/pt\/?page_id=6648\" target=\"_self\" class=\"vc_single_image-wrapper vc_box_rounded  vc_box_border_grey\"><img loading=\"lazy\" decoding=\"async\" width=\"150\" height=\"150\" src=\"https:\/\/maldives-paradise.com\/wp-content\/uploads\/2023\/12\/ayada-maldives-1-150x150.jpg\" class=\"vc_single_image-img attachment-thumbnail\" alt=\"Ayada Maldivas\" title=\"ayada-maldivas\" srcset=\"https:\/\/maldives-paradise.com\/wp-content\/uploads\/2023\/12\/ayada-maldives-1-150x150.jpg 150w, https:\/\/maldives-paradise.com\/wp-content\/uploads\/2023\/12\/ayada-maldives-1-800x800.jpg 800w\" sizes=\"auto, (max-width: 150px) 100vw, 150px\" \/><\/a>\n\t\t<\/figure>\n\t<\/div>\n<\/div><\/div><\/div><div class=\"wpb_column vc_column_container vc_col-sm-9\"><div class=\"vc_column-inner\"><div class=\"wpb_wrapper\">\n\t<div class=\"wpb_text_column wpb_content_element\" >\n\t\t<div class=\"wpb_wrapper\">\n\t\t\t<h4><a href=\"http:\/\/maldives-paradise.com\/pt\/?page_id=6648\">Ayada Maldivas<\/a><\/h4>\n<p>Fuja para um mundo de opul\u00eancia e tranquilidade no Ayada Maldives, um resort de luxo que redefine o significado de um para\u00edso tropical. Situado no cora\u00e7\u00e3o das Maldivas, Ayada atrai viajantes exigentes com sua beleza deslumbrante, servi\u00e7o impec\u00e1vel e uma infinidade de experi\u00eancias indulgentes. Aqui est\u00e1 um vislumbre das principais caracter\u00edsticas que fazem do Ayada Maldives um ref\u00fagio de luxo incompar\u00e1vel.<\/p>\n\n\t\t<\/div>\n\t<\/div>\n<\/div><\/div><\/div><\/div><div class=\"vc_row wpb_row vc_row-fluid\"><div class=\"wpb_column vc_column_container vc_col-sm-3\"><div class=\"vc_column-inner\"><div class=\"wpb_wrapper\">\n\t<div  class=\"wpb_single_image wpb_content_element vc_align_left wpb_content_element\">\n\t\t\n\t\t<figure class=\"wpb_wrapper vc_figure\">\n\t\t\t<a href=\"http:\/\/maldives-paradise.com\/pt\/?page_id=6651\" target=\"_self\" class=\"vc_single_image-wrapper vc_box_rounded  vc_box_border_grey\"><img loading=\"lazy\" decoding=\"async\" width=\"150\" height=\"150\" src=\"https:\/\/maldives-paradise.com\/wp-content\/uploads\/2023\/12\/baglioni-maldives-1-150x150.jpg\" class=\"vc_single_image-img attachment-thumbnail\" alt=\"Baglioni Resort Maldivas\" title=\"baglioni-maldivas\" \/><\/a>\n\t\t<\/figure>\n\t<\/div>\n<\/div><\/div><\/div><div class=\"wpb_column vc_column_container vc_col-sm-9\"><div class=\"vc_column-inner\"><div class=\"wpb_wrapper\">\n\t<div class=\"wpb_text_column wpb_content_element\" >\n\t\t<div class=\"wpb_wrapper\">\n\t\t\t<h4><a href=\"http:\/\/maldives-paradise.com\/pt\/?page_id=6651\">Baglioni Resort Maldivas<\/a><\/h4>\n<p>Um mundo de opul\u00eancia e tranquilidade no deslumbrante Baglioni Resort Maldives, onde o luxo n\u00e3o tem limites. Aninhado nas costas imaculadas das Maldivas, este resort exclusivo redefine a arte da hospitalidade, oferecendo uma experi\u00eancia inesquec\u00edvel que combina luxo incompar\u00e1vel com beleza natural incompar\u00e1vel.<\/p>\n\n\t\t<\/div>\n\t<\/div>\n<\/div><\/div><\/div><\/div><div class=\"vc_row wpb_row vc_row-fluid\"><div class=\"wpb_column vc_column_container vc_col-sm-3\"><div class=\"vc_column-inner\"><div class=\"wpb_wrapper\">\n\t<div  class=\"wpb_single_image wpb_content_element vc_align_left wpb_content_element\">\n\t\t\n\t\t<figure class=\"wpb_wrapper vc_figure\">\n\t\t\t<a href=\"http:\/\/maldives-paradise.com\/pt\/?page_id=6747\" target=\"_self\" class=\"vc_single_image-wrapper   vc_box_border_grey\"><img loading=\"lazy\" decoding=\"async\" width=\"150\" height=\"150\" src=\"https:\/\/maldives-paradise.com\/wp-content\/uploads\/2024\/01\/banyan-tree-150x150.jpg\" class=\"vc_single_image-img attachment-thumbnail\" alt=\"Figueira Vabbinfaru\" title=\"figueira-de-bengala\" \/><\/a>\n\t\t<\/figure>\n\t<\/div>\n<\/div><\/div><\/div><div class=\"wpb_column vc_column_container vc_col-sm-9\"><div class=\"vc_column-inner\"><div class=\"wpb_wrapper\">\n\t<div class=\"wpb_text_column wpb_content_element\" >\n\t\t<div class=\"wpb_wrapper\">\n\t\t\t<h3><a href=\"http:\/\/maldives-paradise.com\/pt\/?page_id=6747\">Figueira Vabbinfaru<\/a><\/h3>\n<p>Banyan Tree Vabbinfaru nas Maldivas \u00e9 um o\u00e1sis de tranquilidade, oferecendo uma experi\u00eancia incompar\u00e1vel de luxo e beleza natural. Este resort exclusivo \u00e9 um ref\u00fagio para quem procura uma fuga extraordin\u00e1ria do comum, onde cada momento \u00e9 uma celebra\u00e7\u00e3o de opul\u00eancia e serenidade.<\/p>\n\n\t\t<\/div>\n\t<\/div>\n<\/div><\/div><\/div><\/div><div class=\"vc_row wpb_row vc_row-fluid\"><div class=\"wpb_column vc_column_container vc_col-sm-3\"><div class=\"vc_column-inner\"><div class=\"wpb_wrapper\">\n\t<div  class=\"wpb_single_image wpb_content_element vc_align_left wpb_content_element\">\n\t\t\n\t\t<figure class=\"wpb_wrapper vc_figure\">\n\t\t\t<a href=\"http:\/\/maldives-paradise.com\/pt\/?page_id=6751\" target=\"_self\" class=\"vc_single_image-wrapper   vc_box_border_grey\"><img loading=\"lazy\" decoding=\"async\" width=\"150\" height=\"150\" src=\"https:\/\/maldives-paradise.com\/wp-content\/uploads\/2024\/01\/baros-maldives2-150x150.jpg\" class=\"vc_single_image-img attachment-thumbnail\" alt=\"Baros Maldivas\" title=\"baros-maldivas2\" srcset=\"https:\/\/maldives-paradise.com\/wp-content\/uploads\/2024\/01\/baros-maldives2-150x150.jpg 150w, https:\/\/maldives-paradise.com\/wp-content\/uploads\/2024\/01\/baros-maldives2-800x800.jpg 800w\" sizes=\"auto, (max-width: 150px) 100vw, 150px\" \/><\/a>\n\t\t<\/figure>\n\t<\/div>\n<\/div><\/div><\/div><div class=\"wpb_column vc_column_container vc_col-sm-9\"><div class=\"vc_column-inner\"><div class=\"wpb_wrapper\">\n\t<div class=\"wpb_text_column wpb_content_element\" >\n\t\t<div class=\"wpb_wrapper\">\n\t\t\t<h4><a href=\"http:\/\/maldives-paradise.com\/pt\/?page_id=6751\">Baros Maldivas<\/a><\/h4>\n<p><span style=\"color: #ff0000;\"><strong>*Garantia de melhor tarifa com o hotel<\/strong><\/span><\/p>\n<p><strong>Baros Maldivas<\/strong> \u00e9 uma pequena ilha perto de Mal\u00e9 situada numa lagoa azul-turquesa.<br \/>\nEste \u00e9 um dos melhores resorts das Maldivas, escondido em uma selva natural, com folhas farfalhando no alto, sons do mar e ondas batendo. Quer voc\u00ea fique sobre a \u00e1gua ou em nossa costa coberta de selva, voc\u00ea estar\u00e1 cercado por nossos verdes e azuis, com toda Baros ao seu alcance.<\/p>\n\n\t\t<\/div>\n\t<\/div>\n<\/div><\/div><\/div><\/div><div class=\"vc_row wpb_row vc_row-fluid\"><div class=\"wpb_column vc_column_container vc_col-sm-3\"><div class=\"vc_column-inner\"><div class=\"wpb_wrapper\">\n\t<div  class=\"wpb_single_image wpb_content_element vc_align_left wpb_content_element\">\n\t\t\n\t\t<figure class=\"wpb_wrapper vc_figure\">\n\t\t\t<a href=\"http:\/\/maldives-paradise.com\/pt\/?page_id=6756\" target=\"_self\" class=\"vc_single_image-wrapper   vc_box_border_grey\"><img loading=\"lazy\" decoding=\"async\" width=\"150\" height=\"150\" src=\"https:\/\/maldives-paradise.com\/wp-content\/uploads\/2024\/01\/centara-Maldives2-150x150.jpg\" class=\"vc_single_image-img attachment-thumbnail\" alt=\"Centara Grand Island Resort &amp; Spa Maldivas\" title=\"centara-Maldivas2\" \/><\/a>\n\t\t<\/figure>\n\t<\/div>\n<\/div><\/div><\/div><div class=\"wpb_column vc_column_container vc_col-sm-9\"><div class=\"vc_column-inner\"><div class=\"wpb_wrapper\">\n\t<div class=\"wpb_text_column wpb_content_element\" >\n\t\t<div class=\"wpb_wrapper\">\n\t\t\t<h4><a href=\"http:\/\/maldives-paradise.com\/pt\/?page_id=6756\">Centara Grand Island Resort &amp; Spa Maldivas<\/a><\/h4>\n<p>Fuja para um mundo de opul\u00eancia e tranquilidade com a beleza incompar\u00e1vel de <strong>Centara Grand Island Resort &amp; Spa Maldivas<\/strong>. Situado no cora\u00e7\u00e3o do Oceano \u00cdndico, este ref\u00fagio luxuoso oferece um ref\u00fagio incompar\u00e1vel para aqueles que procuram o ep\u00edtome da indulg\u00eancia. Com seu design requintado, comodidades de classe mundial e servi\u00e7o incompar\u00e1vel, o Centara Grand \u00e9 o seu passaporte para um para\u00edso al\u00e9m da imagina\u00e7\u00e3o.<\/p>\n\n\t\t<\/div>\n\t<\/div>\n<\/div><\/div><\/div><\/div><div class=\"vc_row wpb_row vc_row-fluid\"><div class=\"wpb_column vc_column_container vc_col-sm-12\"><div class=\"vc_column-inner\"><div class=\"wpb_wrapper\">\n\t<div class=\"wpb_text_column wpb_content_element\" >\n\t\t<div class=\"wpb_wrapper\">\n\t\t\t<h3>Hot\u00e9is e resorts 5 estrelas em Maldivas\u00a0 <a href=\"http:\/\/maldives-paradise.com\/pt\/?page_id=7968\">P\u00e1gina 2<\/a> \u00a0 <a href=\"http:\/\/maldives-paradise.com\/pt\/?page_id=7996\">P\u00e1gina 3<\/a>\u00a0 <a href=\"http:\/\/maldives-paradise.com\/pt\/?page_id=8053\">P\u00e1gina 4<\/a>\u00a0 <a href=\"http:\/\/maldives-paradise.com\/pt\/?page_id=8128\">P\u00e1gina 5<\/a> \u00a0 <a href=\"http:\/\/maldives-paradise.com\/pt\/?page_id=8170\">P\u00e1gina 6<\/a>\u00a0\u00a0 <a href=\"http:\/\/maldives-paradise.com\/pt\/?page_id=8384\">P\u00e1gina 7<\/a> \u00a0<a href=\"http:\/\/maldives-paradise.com\/pt\/resorts-hoteis-5-estrelas-nas-maldivas-8\/\">P\u00e1gina 8<\/a> <a href=\"https:\/\/maldives-paradise.com\/pt\/hoteis-resorts-5-estrelas-nas-maldivas-9\/\">P\u00e1gina 9<\/a><\/h3>\n\n\t\t<\/div>\n\t<\/div>\n<\/div><\/div><\/div><\/div>\n<\/div>","protected":false},"excerpt":{"rendered":"<div class=\"mh-excerpt\"><\/div>","protected":false},"author":1,"featured_media":7635,"parent":0,"menu_order":0,"comment_status":"closed","ping_status":"closed","template":"","meta":{"footnotes":""},"class_list":["post-4124","page","type-page","status-publish","has-post-thumbnail"],"aioseo_notices":[],"_links":{"self":[{"href":"https:\/\/maldives-paradise.com\/pt\/wp-json\/wp\/v2\/pages\/4124","targetHints":{"allow":["GET"]}}],"collection":[{"href":"https:\/\/maldives-paradise.com\/pt\/wp-json\/wp\/v2\/pages"}],"about":[{"href":"https:\/\/maldives-paradise.com\/pt\/wp-json\/wp\/v2\/types\/page"}],"author":[{"embeddable":true,"href":"https:\/\/maldives-paradise.com\/pt\/wp-json\/wp\/v2\/users\/1"}],"replies":[{"embeddable":true,"href":"https:\/\/maldives-paradise.com\/pt\/wp-json\/wp\/v2\/comments?post=4124"}],"version-history":[{"count":6,"href":"https:\/\/maldives-paradise.com\/pt\/wp-json\/wp\/v2\/pages\/4124\/revisions"}],"predecessor-version":[{"id":34296,"href":"https:\/\/maldives-paradise.com\/pt\/wp-json\/wp\/v2\/pages\/4124\/revisions\/34296"}],"wp:featuredmedia":[{"embeddable":true,"href":"https:\/\/maldives-paradise.com\/pt\/wp-json\/wp\/v2\/media\/7635"}],"wp:attachment":[{"href":"https:\/\/maldives-paradise.com\/pt\/wp-json\/wp\/v2\/media?parent=4124"}],"curies":[{"name":"wp","href":"https:\/\/api.w.org\/{rel}","templated":true}]}}