{"id":32551,"date":"2025-01-09T16:41:04","date_gmt":"2025-01-09T16:41:04","guid":{"rendered":"https:\/\/maldives-paradise.com\/?page_id=32551"},"modified":"2025-03-30T08:53:36","modified_gmt":"2025-03-30T08:53:36","slug":"as-residencias-mais-luxuosas-das-maldivas","status":"publish","type":"page","link":"https:\/\/maldives-paradise.com\/pt\/as-residencias-mais-luxuosas-das-maldivas\/","title":{"rendered":"As resid\u00eancias mais luxuosas das Maldivas"},"content":{"rendered":"<div class=\"wpb-content-wrapper\"><div class=\"vc_row wpb_row vc_row-fluid\"><div class=\"wpb_column vc_column_container vc_col-sm-12\"><div class=\"vc_column-inner\"><div class=\"wpb_wrapper\">\n\t<div class=\"wpb_text_column wpb_content_element\" >\n\t\t<div class=\"wpb_wrapper\">\n\t\t\t<p>Estas villas redefinem o luxo, oferecendo uma combina\u00e7\u00e3o de privacidade, eleg\u00e2ncia e comodidades de classe mundial para criar experi\u00eancias inesquec\u00edveis nas Maldivas.<\/p>\n\n\t\t<\/div>\n\t<\/div>\n<\/div><\/div><\/div><\/div><div class=\"vc_row wpb_row vc_row-fluid\"><div class=\"wpb_column vc_column_container vc_col-sm-3\"><div class=\"vc_column-inner\"><div class=\"wpb_wrapper\">\n\t<div  class=\"wpb_single_image wpb_content_element vc_align_left wpb_content_element\">\n\t\t\n\t\t<figure class=\"wpb_wrapper vc_figure\">\n\t\t\t<a href=\"https:\/\/maldives-paradise.com\/pt\/2024\/12\/vilas-com-toboaguas-na-reserva-natural-de-soneva-fushi\/\" target=\"_self\" class=\"vc_single_image-wrapper   vc_box_border_grey\"><img loading=\"lazy\" decoding=\"async\" width=\"150\" height=\"150\" src=\"https:\/\/maldives-paradise.com\/wp-content\/uploads\/2024\/06\/soneva-fushi-1-Bedroom-Water-Reserve-with-Slide-150x150.jpg\" class=\"vc_single_image-img attachment-thumbnail\" alt=\"Vila sobre a \u00e1gua em Soneva Fushi\" title=\"soneva-fushi-1-quarto-reserva-de-\u00e1gua-com-escorrega\" \/><\/a>\n\t\t<\/figure>\n\t<\/div>\n<\/div><\/div><\/div><div class=\"wpb_column vc_column_container vc_col-sm-9\"><div class=\"vc_column-inner\"><div class=\"wpb_wrapper\">\n\t<div class=\"wpb_text_column wpb_content_element\" >\n\t\t<div class=\"wpb_wrapper\">\n\t\t\t<h4 class=\"entry-title mh-posts-list-title\"><a title=\"As Villas Water Reserve com Tobo\u00e1guas no Soneva Fushi\" href=\"https:\/\/maldives-paradise.com\/pt\/2024\/12\/vilas-com-toboaguas-na-reserva-natural-de-soneva-fushi\/\" rel=\"bookmark\">As Villas Water Reserve com Tobo\u00e1guas no Soneva Fushi<\/a><\/h4>\n<p>Uma escapada luxuosa nas Maldivas. Aninhado no cora\u00e7\u00e3o das Maldivas, o Soneva Fushi se ergue como um \u00e1pice de luxo descontra\u00eddo, oferecendo aos seus h\u00f3spedes uma opul\u00eancia incompar\u00e1vel em harmonia com a natureza. Entre suas muitas maravilhas\u2026<\/p>\n\n\t\t<\/div>\n\t<\/div>\n<\/div><\/div><\/div><\/div><div class=\"vc_row wpb_row vc_row-fluid\"><div class=\"wpb_column vc_column_container vc_col-sm-3\"><div class=\"vc_column-inner\"><div class=\"wpb_wrapper\">\n\t<div  class=\"wpb_single_image wpb_content_element vc_align_left wpb_content_element\">\n\t\t\n\t\t<figure class=\"wpb_wrapper vc_figure\">\n\t\t\t<a href=\"https:\/\/maldives-paradise.com\/pt\/2024\/12\/residencias-com-piscina-oceanica-na-ilha-particular-de-kudadoo-nas-maldivas\/\" target=\"_self\" class=\"vc_single_image-wrapper   vc_box_border_grey\"><img loading=\"lazy\" decoding=\"async\" width=\"150\" height=\"150\" src=\"https:\/\/maldives-paradise.com\/wp-content\/uploads\/2024\/06\/Kudadoo-private-island-Residence-pool-150x150.jpg\" class=\"vc_single_image-img attachment-thumbnail\" alt=\"Ocean Residence com piscina privativa na ilha privativa Kudadoo Maldives\" title=\"Piscina na resid\u00eancia privada de Kudadoo\" \/><\/a>\n\t\t<\/figure>\n\t<\/div>\n<\/div><\/div><\/div><div class=\"wpb_column vc_column_container vc_col-sm-9\"><div class=\"vc_column-inner\"><div class=\"wpb_wrapper\">\n\t<div class=\"wpb_text_column wpb_content_element\" >\n\t\t<div class=\"wpb_wrapper\">\n\t\t\t<h4 class=\"entry-title\"><a href=\"https:\/\/maldives-paradise.com\/pt\/2024\/12\/residencias-com-piscina-oceanica-na-ilha-particular-de-kudadoo-nas-maldivas\/\">The Ocean Pool Residences na Ilha Privada Kudadoo Maldives<\/a><\/h4>\n<p>Escondido nas \u00e1guas serenas do Atol Lhaviyani, nas Maldivas, <strong>Ilha Privada Kudadoo Maldivas<\/strong> redefine o significado de luxo com seu <strong>Resid\u00eancias com piscina oce\u00e2nica<\/strong>. Estas deslumbrantes vilas sobre a \u00e1gua foram projetadas para viajantes exigentes que buscam privacidade, luxo com tudo inclu\u00eddo e servi\u00e7os de primeira classe em um dos destinos mais belos do mundo.<\/p>\n\n\t\t<\/div>\n\t<\/div>\n<\/div><\/div><\/div><\/div><div class=\"vc_row wpb_row vc_row-fluid\"><div class=\"wpb_column vc_column_container vc_col-sm-3\"><div class=\"vc_column-inner\"><div class=\"wpb_wrapper\">\n\t<div  class=\"wpb_single_image wpb_content_element vc_align_left wpb_content_element\">\n\t\t\n\t\t<figure class=\"wpb_wrapper vc_figure\">\n\t\t\t<a href=\"https:\/\/maldives-paradise.com\/pt\/2024\/12\/villa-com-piscina-ao-por-do-sol-sobre-a-agua-em-anantara-kihavah-maldivas\/\" target=\"_self\" class=\"vc_single_image-wrapper   vc_box_border_grey\"><img loading=\"lazy\" decoding=\"async\" width=\"150\" height=\"150\" src=\"https:\/\/maldives-paradise.com\/wp-content\/uploads\/2024\/12\/1_anantara_kihavah_sunset_over_water_pool_villa_aerial_880x600px-150x150.jpg\" class=\"vc_single_image-img attachment-thumbnail\" alt=\"Sunset Over Water Pool Villa em Anantara Kihavah Maldives Villas\" title=\"1_anantara_kihavah_p\u00f4r do sol_sobre_a_\u00e1gua_piscina_villa_a\u00e9rea_880x600px\" \/><\/a>\n\t\t<\/figure>\n\t<\/div>\n<\/div><\/div><\/div><div class=\"wpb_column vc_column_container vc_col-sm-9\"><div class=\"vc_column-inner\"><div class=\"wpb_wrapper\">\n\t<div class=\"wpb_text_column wpb_content_element\" >\n\t\t<div class=\"wpb_wrapper\">\n\t\t\t<h4 class=\"entry-title\"><a href=\"https:\/\/maldives-paradise.com\/pt\/2024\/12\/villa-com-piscina-ao-por-do-sol-sobre-a-agua-em-anantara-kihavah-maldivas\/\">Sunset Over Water Pool Villa em Anantara Kihavah Maldives Villas<\/a><\/h4>\n<p>Situada no cora\u00e7\u00e3o das Maldivas, a Sunset Over Water Pool Villa do Anantara Kihavah Maldives Villas \u00e9 um ref\u00fagio luxuoso que personifica a serenidade tropical. Suspensa sobre \u00e1guas turquesas e com vistas panor\u00e2micas para o Oceano \u00cdndico, esta villa combina privacidade incompar\u00e1vel, opul\u00eancia e a beleza da natureza.<\/p>\n\n\t\t<\/div>\n\t<\/div>\n<\/div><\/div><\/div><\/div><div class=\"vc_row wpb_row vc_row-fluid\"><div class=\"wpb_column vc_column_container vc_col-sm-3\"><div class=\"vc_column-inner\"><div class=\"wpb_wrapper\">\n\t<div  class=\"wpb_single_image wpb_content_element vc_align_left wpb_content_element\">\n\t\t\n\t\t<figure class=\"wpb_wrapper vc_figure\">\n\t\t\t<a href=\"https:\/\/maldives-paradise.com\/pt\/2024\/12\/a-propriedade-ritz-carlton\/\" target=\"_self\" class=\"vc_single_image-wrapper   vc_box_border_grey\"><img loading=\"lazy\" decoding=\"async\" width=\"150\" height=\"150\" src=\"https:\/\/maldives-paradise.com\/wp-content\/uploads\/2023\/12\/The-Ritz-Carlton-Maldives-Fari-Islands-Fari-Marina-Village-150x150.jpg\" class=\"vc_single_image-img attachment-thumbnail\" alt=\"The Ritz-Carlton Maldivas\" title=\"The-Ritz-Carlton-Maldivas-Fari-Islands-Fari-Marina-Village.jpg\" \/><\/a>\n\t\t<\/figure>\n\t<\/div>\n<\/div><\/div><\/div><div class=\"wpb_column vc_column_container vc_col-sm-9\"><div class=\"vc_column-inner\"><div class=\"wpb_wrapper\">\n\t<div class=\"wpb_text_column wpb_content_element\" >\n\t\t<div class=\"wpb_wrapper\">\n\t\t\t<h4 class=\"entry-title\"><a href=\"https:\/\/maldives-paradise.com\/pt\/2024\/12\/a-propriedade-ritz-carlton\/\">A propriedade Ritz-Carlton<\/a><\/h4>\n<p>O Ritz-Carlton Estate no The Ritz-Carlton Maldives, Fari Islands, simboliza luxo e exclusividade em um cen\u00e1rio de ilha de tirar o f\u00f4lego. Esta propriedade expansiva abrange 16.146 p\u00e9s quadrados, superf\u00edcie residencial de 1500 m\u00b2 (4921 p\u00e9s quadrados), oferecendo luxo e tranquilidade. Possui tr\u00eas pavilh\u00f5es extravagantes, cada um com at\u00e9 quatro quartos. Espa\u00e7os de estar e jantar convidativos, complementados por uma cozinha totalmente equipada, fornecem uma \u00e1rea confort\u00e1vel para relaxamento e refei\u00e7\u00f5es.<\/p>\n\n\t\t<\/div>\n\t<\/div>\n<\/div><\/div><\/div><\/div><div class=\"vc_row wpb_row vc_row-fluid\"><div class=\"wpb_column vc_column_container vc_col-sm-3\"><div class=\"vc_column-inner\"><div class=\"wpb_wrapper\">\n\t<div  class=\"wpb_single_image wpb_content_element vc_align_left wpb_content_element\">\n\t\t\n\t\t<figure class=\"wpb_wrapper vc_figure\">\n\t\t\t<a href=\"https:\/\/maldives-paradise.com\/pt\/2024\/12\/o-muraka-em-conrad-maldivas-ilha-rangali\/\" target=\"_self\" class=\"vc_single_image-wrapper   vc_box_border_grey\"><img loading=\"lazy\" decoding=\"async\" width=\"150\" height=\"150\" src=\"https:\/\/maldives-paradise.com\/wp-content\/uploads\/2024\/12\/muraka2-conrad-maldivis-150x150.jpg\" class=\"vc_single_image-img attachment-thumbnail\" alt=\"O Muraka na Ilha Conrad Maldives Rangali\" title=\"muraka2-conrad-maldivis\" \/><\/a>\n\t\t<\/figure>\n\t<\/div>\n<\/div><\/div><\/div><div class=\"wpb_column vc_column_container vc_col-sm-9\"><div class=\"vc_column-inner\"><div class=\"wpb_wrapper\">\n\t<div class=\"wpb_text_column wpb_content_element\" >\n\t\t<div class=\"wpb_wrapper\">\n\t\t\t<h4 class=\"entry-title\"><a href=\"https:\/\/maldives-paradise.com\/pt\/2024\/12\/o-muraka-em-conrad-maldivas-ilha-rangali\/\">O Muraka na Ilha Conrad Maldives Rangali<\/a><\/h4>\n<p>O Muraka, no Conrad Maldives Rangali Island, \u00e9 uma resid\u00eancia de luxo pioneira que redefine opul\u00eancia e exclusividade no cora\u00e7\u00e3o do Oceano \u00cdndico. Como a primeira su\u00edte de hotel subaqu\u00e1tica do mundo, oferece uma experi\u00eancia incompar\u00e1vel que combina perfeitamente inova\u00e7\u00e3o arquitet\u00f4nica com a beleza natural das Maldivas.<\/p>\n\n\t\t<\/div>\n\t<\/div>\n<\/div><\/div><\/div><\/div><div class=\"vc_row wpb_row vc_row-fluid\"><div class=\"wpb_column vc_column_container vc_col-sm-3\"><div class=\"vc_column-inner\"><div class=\"wpb_wrapper\">\n\t<div  class=\"wpb_single_image wpb_content_element vc_align_left wpb_content_element\">\n\t\t\n\t\t<figure class=\"wpb_wrapper vc_figure\">\n\t\t\t<a href=\"https:\/\/maldives-paradise.com\/pt\/2024\/12\/o-pavilhao-com-piscina-de-praia-de-dois-quartos-nas-ilhas-privadas-de-niyama\/\" target=\"_self\" class=\"vc_single_image-wrapper   vc_box_border_grey\"><img loading=\"lazy\" decoding=\"async\" width=\"150\" height=\"150\" src=\"https:\/\/maldives-paradise.com\/wp-content\/uploads\/2024\/12\/niyama_maldives_two_bedroom_beach_pool_pavilion_private_pool_880x600-150x150.webp\" class=\"vc_single_image-img attachment-thumbnail\" alt=\"O pavilh\u00e3o com piscina de praia de dois quartos em Niyama Private Islands\" title=\"niyama_maldives_two_bedroom_beach_pool_pavilion_private_pool_880x600\" \/><\/a>\n\t\t<\/figure>\n\t<\/div>\n<\/div><\/div><\/div><div class=\"wpb_column vc_column_container vc_col-sm-9\"><div class=\"vc_column-inner\"><div class=\"wpb_wrapper\">\n\t<div class=\"wpb_text_column wpb_content_element\" >\n\t\t<div class=\"wpb_wrapper\">\n\t\t\t<h4 class=\"entry-title\"><a href=\"https:\/\/maldives-paradise.com\/pt\/2024\/12\/o-pavilhao-com-piscina-de-praia-de-dois-quartos-nas-ilhas-privadas-de-niyama\/\">O pavilh\u00e3o com piscina de praia de dois quartos em Niyama Private Islands<\/a><\/h4>\n<p>Experimente luxo e isolamento incompar\u00e1veis em <strong>Ilhas Privadas de Niyama Maldivas<\/strong> com o Pavilh\u00e3o de Piscina de Praia de Dois Quartos. Abrangendo impressionantes 635 metros quadrados (6.833 p\u00e9s quadrados), este retiro exclusivo \u00e9 meticulosamente projetado para fornecer o santu\u00e1rio definitivo para fam\u00edlias ou grupos que buscam uma fuga luxuosa \u00e0 beira-mar.<\/p>\n\n\t\t<\/div>\n\t<\/div>\n<\/div><\/div><\/div><\/div><div class=\"vc_row wpb_row vc_row-fluid\"><div class=\"wpb_column vc_column_container vc_col-sm-3\"><div class=\"vc_column-inner\"><div class=\"wpb_wrapper\">\n\t<div  class=\"wpb_single_image wpb_content_element vc_align_left wpb_content_element\">\n\t\t\n\t\t<figure class=\"wpb_wrapper vc_figure\">\n\t\t\t<a href=\"https:\/\/maldives-paradise.com\/pt\/2024\/12\/a-residencia-oceanica-com-piscina-infinita-no-heritance-aarah\/\" target=\"_self\" class=\"vc_single_image-wrapper   vc_box_border_grey\"><img loading=\"lazy\" decoding=\"async\" width=\"150\" height=\"150\" src=\"https:\/\/maldives-paradise.com\/wp-content\/uploads\/2024\/12\/ocean-residence-heritance-aarah-150x150.jpg\" class=\"vc_single_image-img attachment-thumbnail\" alt=\"Ocean Residence com piscina infinita no Heritance Aarah\" title=\"resid\u00eancia oce\u00e2nica-heran\u00e7a-aarah\" \/><\/a>\n\t\t<\/figure>\n\t<\/div>\n<\/div><\/div><\/div><div class=\"wpb_column vc_column_container vc_col-sm-9\"><div class=\"vc_column-inner\"><div class=\"wpb_wrapper\">\n\t<div class=\"wpb_text_column wpb_content_element\" >\n\t\t<div class=\"wpb_wrapper\">\n\t\t\t<h4 class=\"entry-title\"><a href=\"https:\/\/maldives-paradise.com\/pt\/2024\/12\/a-residencia-oceanica-com-piscina-infinita-no-heritance-aarah\/\">The Ocean Residence com piscina infinita no Heritance Aarah<\/a><\/h4>\n<p>A resid\u00eancia disp\u00f5e de dois quartos com camas king-size, cada um com banheiro privativo equipado com banheira em ambos os andares. Al\u00e9m disso, h\u00e1 um quarto separado para bab\u00e1, uma sala de estar espa\u00e7osa e uma despensa anexa com geladeira e micro-ondas, garantindo uma estadia confort\u00e1vel para at\u00e9 seis adultos.<\/p>\n\n\t\t<\/div>\n\t<\/div>\n<\/div><\/div><\/div><\/div><div class=\"vc_row wpb_row vc_row-fluid\"><div class=\"wpb_column vc_column_container vc_col-sm-3\"><div class=\"vc_column-inner\"><div class=\"wpb_wrapper\">\n\t<div  class=\"wpb_single_image wpb_content_element vc_align_left wpb_content_element\">\n\t\t\n\t\t<figure class=\"wpb_wrapper vc_figure\">\n\t\t\t<a href=\"https:\/\/maldives-paradise.com\/pt\/2024\/12\/a-romantica-residencia-com-piscina-na-ilha-privada-de-velaa\/\" target=\"_self\" class=\"vc_single_image-wrapper   vc_box_border_grey\"><img loading=\"lazy\" decoding=\"async\" width=\"150\" height=\"150\" src=\"https:\/\/maldives-paradise.com\/wp-content\/uploads\/2024\/12\/Romantic-pool-residence-at-Velaa-Private-Island5-villa-150x150.jpg\" class=\"vc_single_image-img attachment-thumbnail\" alt=\"A rom\u00e2ntica resid\u00eancia com piscina no Velaa Private Island\" title=\"Resid\u00eancia rom\u00e2ntica com piscina em Velaa-Private-Island5-villanjpg\" \/><\/a>\n\t\t<\/figure>\n\t<\/div>\n<\/div><\/div><\/div><div class=\"wpb_column vc_column_container vc_col-sm-9\"><div class=\"vc_column-inner\"><div class=\"wpb_wrapper\">\n\t<div class=\"wpb_text_column wpb_content_element\" >\n\t\t<div class=\"wpb_wrapper\">\n\t\t\t<h4 class=\"entry-title\"><a href=\"https:\/\/maldives-paradise.com\/pt\/2024\/12\/a-romantica-residencia-com-piscina-na-ilha-privada-de-velaa\/\">A rom\u00e2ntica resid\u00eancia com piscina no Velaa Private Island<\/a><\/h4>\n<p>A Resid\u00eancia Rom\u00e2ntica com Piscina na Ilha Privada Velaa, nas Maldivas, personifica o luxo isolado, tornando-se um ref\u00fagio ideal para casais em lua de mel e para aqueles que buscam privacidade incompar\u00e1vel. Com uma \u00e1rea impressionante de 598 metros quadrados, esta exclusiva villa de um quarto est\u00e1 suspensa sobre a tranquila lagoa e s\u00f3 \u00e9 acess\u00edvel por barco, garantindo total isolamento.<\/p>\n\n\t\t<\/div>\n\t<\/div>\n<\/div><\/div><\/div><\/div><div class=\"vc_row wpb_row vc_row-fluid\"><div class=\"wpb_column vc_column_container vc_col-sm-3\"><div class=\"vc_column-inner\"><div class=\"wpb_wrapper\">\n\t<div  class=\"wpb_single_image wpb_content_element vc_align_left wpb_content_element\">\n\t\t\n\t\t<figure class=\"wpb_wrapper vc_figure\">\n\t\t\t<a href=\"https:\/\/maldives-paradise.com\/pt\/2025\/03\/residencias-sirru-luxuosa-propriedade-de-sete-quartos-em-sirru-fen-fushi\/\" target=\"_self\" class=\"vc_single_image-wrapper   vc_box_border_grey\"><img loading=\"lazy\" decoding=\"async\" width=\"150\" height=\"150\" src=\"https:\/\/maldives-paradise.com\/wp-content\/uploads\/2024\/01\/Fairmont-Maldives-Sirru-Fen-Fushi2-150x150.jpg\" class=\"vc_single_image-img attachment-thumbnail\" alt=\"Fairmont Maldivas Sirru Fen Fushi\" title=\"Fairmont-Maldivas-Sirru-Fen-Fushi2\" \/><\/a>\n\t\t<\/figure>\n\t<\/div>\n<\/div><\/div><\/div><div class=\"wpb_column vc_column_container vc_col-sm-9\"><div class=\"vc_column-inner\"><div class=\"wpb_wrapper\">\n\t<div class=\"wpb_text_column wpb_content_element\" >\n\t\t<div class=\"wpb_wrapper\">\n\t\t\t<h4><a href=\"https:\/\/maldives-paradise.com\/pt\/2025\/03\/residencias-sirru-luxuosa-propriedade-de-sete-quartos-em-sirru-fen-fushi\/\">Sirru Residences \u2013 Luxuosa propriedade de sete quartos em Sirru Fen Fushi<\/a><\/h4>\n<p>As Resid\u00eancias Sirru \u2014 onde a eleg\u00e2ncia encontra o luxo descontra\u00eddo no cora\u00e7\u00e3o das Maldivas. Localizadas no intocado Atol Shaviyani, dentro do exclusivo resort Sirru Fen Fushi, estas resid\u00eancias ultraluxuosas com sete quartos redefinem a vida em uma ilha particular com uma combina\u00e7\u00e3o extraordin\u00e1ria de espa\u00e7o, estilo e servi\u00e7o.<\/p>\n\n\t\t<\/div>\n\t<\/div>\n<\/div><\/div><\/div><\/div>\n<\/div>","protected":false},"excerpt":{"rendered":"<div class=\"mh-excerpt\"><\/div>","protected":false},"author":1,"featured_media":18269,"parent":0,"menu_order":0,"comment_status":"closed","ping_status":"closed","template":"","meta":{"footnotes":""},"class_list":["post-32551","page","type-page","status-publish","has-post-thumbnail"],"aioseo_notices":[],"_links":{"self":[{"href":"https:\/\/maldives-paradise.com\/pt\/wp-json\/wp\/v2\/pages\/32551","targetHints":{"allow":["GET"]}}],"collection":[{"href":"https:\/\/maldives-paradise.com\/pt\/wp-json\/wp\/v2\/pages"}],"about":[{"href":"https:\/\/maldives-paradise.com\/pt\/wp-json\/wp\/v2\/types\/page"}],"author":[{"embeddable":true,"href":"https:\/\/maldives-paradise.com\/pt\/wp-json\/wp\/v2\/users\/1"}],"replies":[{"embeddable":true,"href":"https:\/\/maldives-paradise.com\/pt\/wp-json\/wp\/v2\/comments?post=32551"}],"version-history":[{"count":3,"href":"https:\/\/maldives-paradise.com\/pt\/wp-json\/wp\/v2\/pages\/32551\/revisions"}],"predecessor-version":[{"id":35745,"href":"https:\/\/maldives-paradise.com\/pt\/wp-json\/wp\/v2\/pages\/32551\/revisions\/35745"}],"wp:featuredmedia":[{"embeddable":true,"href":"https:\/\/maldives-paradise.com\/pt\/wp-json\/wp\/v2\/media\/18269"}],"wp:attachment":[{"href":"https:\/\/maldives-paradise.com\/pt\/wp-json\/wp\/v2\/media?parent=32551"}],"curies":[{"name":"wp","href":"https:\/\/api.w.org\/{rel}","templated":true}]}}