{"id":24555,"date":"2024-09-12T18:04:35","date_gmt":"2024-09-12T18:04:35","guid":{"rendered":"https:\/\/maldives-paradise.com\/?page_id=24555"},"modified":"2025-02-22T09:17:56","modified_gmt":"2025-02-22T09:17:56","slug":"hoteis-resorts-5-estrelas-nas-maldivas-9","status":"publish","type":"page","link":"https:\/\/maldives-paradise.com\/pt\/hoteis-resorts-5-estrelas-nas-maldivas-9\/","title":{"rendered":"Hot\u00e9is e resorts 5 estrelas nas Maldivas 9"},"content":{"rendered":"<div class=\"wpb-content-wrapper\"><div class=\"vc_row wpb_row vc_row-fluid\"><div class=\"wpb_column vc_column_container vc_col-sm-12\"><div class=\"vc_column-inner\"><div class=\"wpb_wrapper\">\n\t<div class=\"wpb_text_column wpb_content_element\" >\n\t\t<div class=\"wpb_wrapper\">\n\t\t\t<h3>Uma sele\u00e7\u00e3o de hot\u00e9is e resorts 5 estrelas nas Maldivas<\/h3>\n<p>As Maldivas s\u00e3o famosas por sua <strong data-start=\"82\" data-end=\"121\">hot\u00e9is e resorts luxuosos de 5 estrelas<\/strong>, oferecendo incompar\u00e1vel <strong data-start=\"145\" data-end=\"191\">eleg\u00e2ncia, privacidade e servi\u00e7o de classe mundial<\/strong>. Esses retiros exclusivos apresentam <strong data-start=\"226\" data-end=\"316\">vilas sobre a \u00e1gua, piscinas de borda infinita, restaurantes requintados e servi\u00e7os de mordomo privativo<\/strong>. Os h\u00f3spedes podem desfrutar <strong data-start=\"335\" data-end=\"354\">Experi\u00eancias VIP<\/strong> como <strong data-start=\"363\" data-end=\"443\">tratamentos de spa personalizados, refei\u00e7\u00f5es subaqu\u00e1ticas e excurs\u00f5es de iate privadas<\/strong>.<\/p>\n\n\t\t<\/div>\n\t<\/div>\n<\/div><\/div><\/div><\/div><div class=\"vc_row wpb_row vc_row-fluid\"><div class=\"wpb_column vc_column_container vc_col-sm-3\"><div class=\"vc_column-inner\"><div class=\"wpb_wrapper\">\n\t<div  class=\"wpb_single_image wpb_content_element vc_align_left wpb_content_element\">\n\t\t\n\t\t<figure class=\"wpb_wrapper vc_figure\">\n\t\t\t<a href=\"https:\/\/maldives-paradise.com\/pt\/grande-parque-kodhipparu-maldivas\/\" target=\"_self\" class=\"vc_single_image-wrapper   vc_box_border_grey\"><img loading=\"lazy\" decoding=\"async\" width=\"150\" height=\"150\" src=\"https:\/\/maldives-paradise.com\/wp-content\/uploads\/2024\/09\/grand-park-kodhipparu-150x150.jpg\" class=\"vc_single_image-img attachment-thumbnail\" alt=\"Grand Park Kodhipparu Maldivas\" title=\"grande-parque-kodhipparu\" \/><\/a>\n\t\t<\/figure>\n\t<\/div>\n<\/div><\/div><\/div><div class=\"wpb_column vc_column_container vc_col-sm-9\"><div class=\"vc_column-inner\"><div class=\"wpb_wrapper\">\n\t<div class=\"wpb_text_column wpb_content_element\" >\n\t\t<div class=\"wpb_wrapper\">\n\t\t\t<h4><a href=\"https:\/\/maldives-paradise.com\/pt\/grande-parque-kodhipparu-maldivas\/\">Grande Parque Kodhipparu<\/a><\/h4>\n<p>Localizado no pitoresco North Mal\u00e9 Atoll, a apenas 20 minutos de lancha do Aeroporto Internacional de Velana, o Grand Park Kodhipparu Maldives Resort oferece uma experi\u00eancia de luxo incompar\u00e1vel no cora\u00e7\u00e3o do Oceano \u00cdndico. Cercado por \u00e1guas turquesas cristalinas, praias de areia branca e vibrantes recifes de corais, este premiado resort \u00e9 uma mistura perfeita de relaxamento, aventura e vida opulenta.<\/p>\n\n\t\t<\/div>\n\t<\/div>\n<\/div><\/div><\/div><\/div><div class=\"vc_row wpb_row vc_row-fluid\"><div class=\"wpb_column vc_column_container vc_col-sm-3\"><div class=\"vc_column-inner\"><div class=\"wpb_wrapper\">\n\t<div  class=\"wpb_single_image wpb_content_element vc_align_left wpb_content_element\">\n\t\t\n\t\t<figure class=\"wpb_wrapper vc_figure\">\n\t\t\t<a href=\"https:\/\/maldives-paradise.com\/pt\/raaya-por-atmosfera\/\" target=\"_self\" class=\"vc_single_image-wrapper   vc_box_border_grey\"><img loading=\"lazy\" decoding=\"async\" width=\"150\" height=\"150\" src=\"https:\/\/maldives-paradise.com\/wp-content\/uploads\/2024\/09\/RAAYA-by-Atmosphere-150x150.jpg\" class=\"vc_single_image-img attachment-thumbnail\" alt=\"RAAYA por Atmosfera\" title=\"RAAYA-por-Atmosfera\" \/><\/a>\n\t\t<\/figure>\n\t<\/div>\n<\/div><\/div><\/div><div class=\"wpb_column vc_column_container vc_col-sm-9\"><div class=\"vc_column-inner\"><div class=\"wpb_wrapper\">\n\t<div class=\"wpb_text_column wpb_content_element\" >\n\t\t<div class=\"wpb_wrapper\">\n\t\t\t<h4><a href=\"https:\/\/maldives-paradise.com\/pt\/raaya-por-atmosfera\/\">RAAYA por Atmosfera<\/a><\/h4>\n<p>RAAYA by Atmosphere, um resort de luxo exclusivo aninhado no cora\u00e7\u00e3o das Maldivas, oferece uma mistura extraordin\u00e1ria de serenidade, opul\u00eancia e experi\u00eancias \u00fanicas que atendem aos viajantes mais exigentes. Este destino de classe mundial se destaca por seu servi\u00e7o impec\u00e1vel, arredores naturais deslumbrantes e comodidades de \u00faltima gera\u00e7\u00e3o.<\/p>\n\n\t\t<\/div>\n\t<\/div>\n<\/div><\/div><\/div><\/div><div class=\"vc_row wpb_row vc_row-fluid\"><div class=\"wpb_column vc_column_container vc_col-sm-3\"><div class=\"vc_column-inner\"><div class=\"wpb_wrapper\">\n\t<div  class=\"wpb_single_image wpb_content_element vc_align_left wpb_content_element\">\n\t\t\n\t\t<figure class=\"wpb_wrapper vc_figure\">\n\t\t\t<a href=\"https:\/\/maldives-paradise.com\/pt\/varu-pela-atmosfera\/\" target=\"_self\" class=\"vc_single_image-wrapper   vc_box_border_grey\"><img loading=\"lazy\" decoding=\"async\" width=\"150\" height=\"150\" src=\"https:\/\/maldives-paradise.com\/wp-content\/uploads\/2024\/04\/varu-by-atmophere2-150x150.jpg\" class=\"vc_single_image-img attachment-thumbnail\" alt=\"Varu por Atmosfera\" title=\"varu-por-atmophere2\" \/><\/a>\n\t\t<\/figure>\n\t<\/div>\n<\/div><\/div><\/div><div class=\"wpb_column vc_column_container vc_col-sm-9\"><div class=\"vc_column-inner\"><div class=\"wpb_wrapper\">\n\t<div class=\"wpb_text_column wpb_content_element\" >\n\t\t<div class=\"wpb_wrapper\">\n\t\t\t<h4><a href=\"https:\/\/maldives-paradise.com\/pt\/varu-pela-atmosfera\/\">Varu por Atmosfera<\/a><\/h4>\n<p>Localizado no id\u00edlico North Mal\u00e9 Atoll, o VARU by Atmosphere \u00e9 um resort de luxo nas Maldivas que combina beleza natural com eleg\u00e2ncia contempor\u00e2nea. Conhecido por suas praias imaculadas, \u00e1guas cristalinas e vida marinha vibrante, o VARU oferece uma escapada tropical verdadeiramente indulgente. Quer voc\u00ea esteja buscando romance, divers\u00e3o em fam\u00edlia ou relaxamento sereno, as caracter\u00edsticas \u00fanicas do resort atendem a todos os tipos de viajantes, tornando-o um dos principais destinos de luxo nas Maldivas.<\/p>\n\n\t\t<\/div>\n\t<\/div>\n<\/div><\/div><\/div><\/div><div class=\"vc_row wpb_row vc_row-fluid\"><div class=\"wpb_column vc_column_container vc_col-sm-3\"><div class=\"vc_column-inner\"><div class=\"wpb_wrapper\">\n\t<div  class=\"wpb_single_image wpb_content_element vc_align_left wpb_content_element\">\n\t\t\n\t\t<figure class=\"wpb_wrapper vc_figure\">\n\t\t\t<a href=\"https:\/\/maldives-paradise.com\/pt\/oblu-selecionar-sangeli\/\" target=\"_self\" class=\"vc_single_image-wrapper   vc_box_border_grey\"><img loading=\"lazy\" decoding=\"async\" width=\"150\" height=\"150\" src=\"https:\/\/maldives-paradise.com\/wp-content\/uploads\/2024\/07\/oblu-select-sangeli-150x150.jpg\" class=\"vc_single_image-img attachment-thumbnail\" alt=\"OBLU SELECT Sangeli\" title=\"oblu-select-sangeli\" \/><\/a>\n\t\t<\/figure>\n\t<\/div>\n<\/div><\/div><\/div><div class=\"wpb_column vc_column_container vc_col-sm-9\"><div class=\"vc_column-inner\"><div class=\"wpb_wrapper\">\n\t<div class=\"wpb_text_column wpb_content_element\" >\n\t\t<div class=\"wpb_wrapper\">\n\t\t\t<h4><a href=\"https:\/\/maldives-paradise.com\/pt\/oblu-selecionar-sangeli\/\">OBLU SELECT Sangeli<\/a><\/h4>\n<p>Localizado na pitoresca ponta noroeste do Atol de Mal\u00e9, o OBLU SELECT Sangeli by Atmosphere \u00e9 um resort premium com tudo inclu\u00eddo que oferece uma mistura \u00fanica de luxo, conforto e felicidade tropical. Conhecido por suas praias imaculadas, \u00e1guas cristalinas e vida marinha vibrante, o OBLU SELECT Sangeli \u00e9 um destino popular para casais em lua de mel, fam\u00edlias e aventureiros. Aqui est\u00e3o as principais caracter\u00edsticas que fazem deste resort um destaque nas Maldivas.<\/p>\n\n\t\t<\/div>\n\t<\/div>\n<\/div><\/div><\/div><\/div><div class=\"vc_row wpb_row vc_row-fluid\"><div class=\"wpb_column vc_column_container vc_col-sm-3\"><div class=\"vc_column-inner\"><div class=\"wpb_wrapper\">\n\t<div  class=\"wpb_single_image wpb_content_element vc_align_left wpb_content_element\">\n\t\t\n\t\t<figure class=\"wpb_wrapper vc_figure\">\n\t\t\t<a href=\"https:\/\/maldives-paradise.com\/pt\/oblu-select-lobigili\/\" target=\"_self\" class=\"vc_single_image-wrapper   vc_box_border_grey\"><img loading=\"lazy\" decoding=\"async\" width=\"150\" height=\"150\" src=\"https:\/\/maldives-paradise.com\/wp-content\/uploads\/2024\/05\/oblu-select-lobigili-1-150x150.jpg\" class=\"vc_single_image-img attachment-thumbnail\" alt=\"OBLU SELECT Lobigili\" title=\"oblu-select-lobigili-1\" \/><\/a>\n\t\t<\/figure>\n\t<\/div>\n<\/div><\/div><\/div><div class=\"wpb_column vc_column_container vc_col-sm-9\"><div class=\"vc_column-inner\"><div class=\"wpb_wrapper\">\n\t<div class=\"wpb_text_column wpb_content_element\" >\n\t\t<div class=\"wpb_wrapper\">\n\t\t\t<h4><a href=\"https:\/\/maldives-paradise.com\/pt\/oblu-select-lobigili\/\">OBLU SELECT Lobigili<\/a><\/h4>\n<p>Aninhado nas deslumbrantes \u00e1guas azul-turquesa das Maldivas, o OBLU SELECT Lobigili \u00e9 um resort de luxo com tudo inclu\u00eddo que oferece uma escapada tropical inesquec\u00edvel. Conhecido por seu cen\u00e1rio rom\u00e2ntico, servi\u00e7o excepcional e comodidades luxuosas, este resort exclusivo somente para adultos \u00e9 o destino perfeito para casais que buscam um retiro sereno e luxuoso. Aqui est\u00e3o as principais caracter\u00edsticas que fazem do OBLU SELECT Lobigili um dos principais resorts nas Maldivas.<\/p>\n\n\t\t<\/div>\n\t<\/div>\n<\/div><\/div><\/div><\/div><div class=\"vc_row wpb_row vc_row-fluid\"><div class=\"wpb_column vc_column_container vc_col-sm-3\"><div class=\"vc_column-inner\"><div class=\"wpb_wrapper\">\n\t<div  class=\"wpb_single_image wpb_content_element vc_align_left wpb_content_element\">\n\t\t\n\t\t<figure class=\"wpb_wrapper vc_figure\">\n\t\t\t<a href=\"https:\/\/maldives-paradise.com\/pt\/voce-eu-maldivas\/\" target=\"_self\" class=\"vc_single_image-wrapper   vc_box_border_grey\"><img loading=\"lazy\" decoding=\"async\" width=\"150\" height=\"150\" src=\"https:\/\/maldives-paradise.com\/wp-content\/uploads\/2024\/06\/you-and-me-maldives-2-150x150.jpg\" class=\"vc_single_image-img attachment-thumbnail\" alt=\"Voc\u00ea e eu Maldivas\" title=\"voc\u00ea-e-eu-maldivas-2\" \/><\/a>\n\t\t<\/figure>\n\t<\/div>\n<\/div><\/div><\/div><div class=\"wpb_column vc_column_container vc_col-sm-9\"><div class=\"vc_column-inner\"><div class=\"wpb_wrapper\">\n\t<div class=\"wpb_text_column wpb_content_element\" >\n\t\t<div class=\"wpb_wrapper\">\n\t\t\t<h4><a href=\"https:\/\/maldives-paradise.com\/pt\/voce-eu-maldivas\/\">Voc\u00ea e eu Maldivas<\/a><\/h4>\n<p>O resort You &amp; Me Maldives \u00e9 um <strong>resort de luxo somente para adultos<\/strong> que oferece a mistura perfeita de tranquilidade, romance e opul\u00eancia. Projetado para casais, rec\u00e9m-casados e aqueles que buscam uma fuga pac\u00edfica, o You &amp; Me Maldives oferece um santu\u00e1rio isolado cercado por praias imaculadas e \u00e1guas cristalinas.<\/p>\n\n\t\t<\/div>\n\t<\/div>\n<\/div><\/div><\/div><\/div><div class=\"vc_row wpb_row vc_row-fluid\"><div class=\"wpb_column vc_column_container vc_col-sm-3\"><div class=\"vc_column-inner\"><div class=\"wpb_wrapper\">\n\t<div  class=\"wpb_single_image wpb_content_element vc_align_left wpb_content_element\">\n\t\t\n\t\t<figure class=\"wpb_wrapper vc_figure\">\n\t\t\t<a href=\"https:\/\/maldives-paradise.com\/pt\/ilha-resort-veligandu-maldivas\/\" target=\"_self\" class=\"vc_single_image-wrapper   vc_box_border_grey\"><img loading=\"lazy\" decoding=\"async\" width=\"150\" height=\"150\" src=\"https:\/\/maldives-paradise.com\/wp-content\/uploads\/2024\/09\/Veligandu-Maldives-Resort-Island-150x150.jpg\" class=\"vc_single_image-img attachment-thumbnail\" alt=\"Ilha Resort Veligandu Maldivas\" title=\"Veligandu-Maldivas-Resort-Ilha\" \/><\/a>\n\t\t<\/figure>\n\t<\/div>\n<\/div><\/div><\/div><div class=\"wpb_column vc_column_container vc_col-sm-9\"><div class=\"vc_column-inner\"><div class=\"wpb_wrapper\">\n\t<div class=\"wpb_text_column wpb_content_element\" >\n\t\t<div class=\"wpb_wrapper\">\n\t\t\t<h4><a href=\"https:\/\/maldives-paradise.com\/pt\/ilha-resort-veligandu-maldivas\/\">Ilha Resort Veligandu Maldivas<\/a><\/h4>\n<p>O Veligandu Maldives Resort Island \u00e9 um retiro de luxo que oferece a mistura perfeita de beleza natural, serenidade e comodidades de classe mundial. Com suas lagoas cristalinas, vilas deslumbrantes sobre a \u00e1gua e experi\u00eancias exclusivas, este <strong>tudo inclu\u00eddo<\/strong> O resort \u00e9 o destino definitivo para casais, rec\u00e9m-casados e viajantes que buscam uma escapada luxuosa nas Maldivas.<\/p>\n\n\t\t<\/div>\n\t<\/div>\n<\/div><\/div><\/div><\/div><div class=\"vc_row wpb_row vc_row-fluid\"><div class=\"wpb_column vc_column_container vc_col-sm-3\"><div class=\"vc_column-inner\"><div class=\"wpb_wrapper\">\n\t<div  class=\"wpb_single_image wpb_content_element vc_align_left wpb_content_element\">\n\t\t\n\t\t<figure class=\"wpb_wrapper vc_figure\">\n\t\t\t<a href=\"https:\/\/maldives-paradise.com\/pt\/resort-intercontinental-maldivas-maamunagau\/\" target=\"_self\" class=\"vc_single_image-wrapper   vc_box_border_grey\"><img loading=\"lazy\" decoding=\"async\" width=\"150\" height=\"150\" src=\"https:\/\/maldives-paradise.com\/wp-content\/uploads\/2024\/09\/Intercontinental-Maldives-150x150.jpg\" class=\"vc_single_image-img attachment-thumbnail\" alt=\"InterContinental Maldivas Maamunagau Resort\" title=\"Intercontinental-Maldivas\" \/><\/a>\n\t\t<\/figure>\n\t<\/div>\n<\/div><\/div><\/div><div class=\"wpb_column vc_column_container vc_col-sm-9\"><div class=\"vc_column-inner\"><div class=\"wpb_wrapper\">\n\t<div class=\"wpb_text_column wpb_content_element\" >\n\t\t<div class=\"wpb_wrapper\">\n\t\t\t<h4><a href=\"https:\/\/maldives-paradise.com\/pt\/resort-intercontinental-maldivas-maamunagau\/\">Maldivas Intercontinentais<\/a><\/h4>\n<p>O InterContinental Maldives Maamunagau Resort \u00e9 um retiro luxuoso que oferece uma experi\u00eancia inigual\u00e1vel nas Maldivas. Conhecido por suas deslumbrantes vilas sobre a \u00e1gua, restaurantes de classe mundial e comodidades focadas em bem-estar, este resort \u00e9 o ep\u00edtome do luxo tropical. Quer voc\u00ea esteja procurando uma escapada rom\u00e2ntica ou f\u00e9rias em fam\u00edlia, o InterContinental Maldives Maamunagau Resort oferece um cen\u00e1rio id\u00edlico com servi\u00e7os de primeira linha e recursos exclusivos.<\/p>\n\n\t\t<\/div>\n\t<\/div>\n<\/div><\/div><\/div><\/div><div class=\"vc_row wpb_row vc_row-fluid\"><div class=\"wpb_column vc_column_container vc_col-sm-3\"><div class=\"vc_column-inner\"><div class=\"wpb_wrapper\">\n\t<div  class=\"wpb_single_image wpb_content_element vc_align_left wpb_content_element\">\n\t\t\n\t\t<figure class=\"wpb_wrapper vc_figure\">\n\t\t\t<a href=\"https:\/\/maldives-paradise.com\/pt\/sol-siyam-iru-veli\/\" target=\"_self\" class=\"vc_single_image-wrapper   vc_box_border_grey\"><img loading=\"lazy\" decoding=\"async\" width=\"150\" height=\"150\" src=\"https:\/\/maldives-paradise.com\/wp-content\/uploads\/2024\/09\/Sun-Siyam-Iru-Veli-overwater-villa-150x150.jpg\" class=\"vc_single_image-img attachment-thumbnail\" alt=\"Sun Siyam Iru Veli\" title=\"Villa Sun-Siyam-Iru-Veli-sobre a \u00e1gua\" \/><\/a>\n\t\t<\/figure>\n\t<\/div>\n<\/div><\/div><\/div><div class=\"wpb_column vc_column_container vc_col-sm-9\"><div class=\"vc_column-inner\"><div class=\"wpb_wrapper\">\n\t<div class=\"wpb_text_column wpb_content_element\" >\n\t\t<div class=\"wpb_wrapper\">\n\t\t\t<h4><a href=\"https:\/\/maldives-paradise.com\/pt\/sol-siyam-iru-veli\/\">Sun Siyam Iru Veli<\/a><\/h4>\n<p>Localizado no pitoresco Atol de South Nilandhe, o Sun Siyam Iru Veli \u00e9 um resort de luxo 5 estrelas nas Maldivas que oferece uma combina\u00e7\u00e3o perfeita de serenidade, aventura e comodidades de classe mundial. Conhecido por suas amplas vilas sobre a \u00e1gua, piscinas privativas e pacotes com tudo inclu\u00eddo, o resort atende a casais e fam\u00edlias que buscam uma luxuosa escapada tropical. Aqui est\u00e1 uma vis\u00e3o geral dos principais recursos que fazem do Sun Siyam Iru Veli um dos principais destinos de luxo nas Maldivas.<\/p>\n\n\t\t<\/div>\n\t<\/div>\n<\/div><\/div><\/div><\/div><div class=\"vc_row wpb_row vc_row-fluid\"><div class=\"wpb_column vc_column_container vc_col-sm-3\"><div class=\"vc_column-inner\"><div class=\"wpb_wrapper\">\n\t<div  class=\"wpb_single_image wpb_content_element vc_align_left wpb_content_element\">\n\t\t\n\t\t<figure class=\"wpb_wrapper vc_figure\">\n\t\t\t<a href=\"https:\/\/maldives-paradise.com\/pt\/dhawa-ihuru\/\" target=\"_self\" class=\"vc_single_image-wrapper   vc_box_border_grey\"><img loading=\"lazy\" decoding=\"async\" width=\"150\" height=\"150\" src=\"https:\/\/maldives-paradise.com\/wp-content\/uploads\/2024\/09\/Dhawa-Ihuru-150x150.jpg\" class=\"vc_single_image-img attachment-thumbnail\" alt=\"Dhawa Ihuru\" title=\"Dhawa-Ihuru\" \/><\/a>\n\t\t<\/figure>\n\t<\/div>\n<\/div><\/div><\/div><div class=\"wpb_column vc_column_container vc_col-sm-9\"><div class=\"vc_column-inner\"><div class=\"wpb_wrapper\">\n\t<div class=\"wpb_text_column wpb_content_element\" >\n\t\t<div class=\"wpb_wrapper\">\n\t\t\t<h4><a href=\"https:\/\/maldives-paradise.com\/pt\/dhawa-ihuru\/\">Dhawa Ihuru<\/a><\/h4>\n<p>Dhawa Ihuru \u00e9 um resort de luxo nas Maldivas que oferece uma fuga tropical id\u00edlica com um forte compromisso com a sustentabilidade. Conhecido por suas praias imaculadas, \u00e1guas cristalinas e pr\u00e1ticas ecol\u00f3gicas, Dhawa Ihuru \u00e9 um para\u00edso para os amantes da natureza e viajantes que buscam relaxamento e aventura. Este resort de vilas, com acesso direto a um dos recifes de casas mais famosos das Maldivas, oferece uma experi\u00eancia imersiva que mistura luxo com consci\u00eancia ambiental.<\/p>\n\n\t\t<\/div>\n\t<\/div>\n<\/div><\/div><\/div><\/div><div class=\"vc_row wpb_row vc_row-fluid\"><div class=\"wpb_column vc_column_container vc_col-sm-3\"><div class=\"vc_column-inner\"><div class=\"wpb_wrapper\">\n\t<div  class=\"wpb_single_image wpb_content_element vc_align_left wpb_content_element\">\n\t\t\n\t\t<figure class=\"wpb_wrapper vc_figure\">\n\t\t\t<a href=\"https:\/\/maldives-paradise.com\/pt\/jw-marriott-maldivas-resort-spa\/\" target=\"_self\" class=\"vc_single_image-wrapper   vc_box_border_grey\"><img loading=\"lazy\" decoding=\"async\" width=\"150\" height=\"150\" src=\"https:\/\/maldives-paradise.com\/wp-content\/uploads\/2024\/09\/JW-Marriott-Maldives-Resort-Spa-150x150.jpg\" class=\"vc_single_image-img attachment-thumbnail\" alt=\"JW Marriott Maldivas Resort &amp; Spa\" title=\"JW-Marriott-Maldivas-Resort-Spa\" \/><\/a>\n\t\t<\/figure>\n\t<\/div>\n<\/div><\/div><\/div><div class=\"wpb_column vc_column_container vc_col-sm-9\"><div class=\"vc_column-inner\"><div class=\"wpb_wrapper\">\n\t<div class=\"wpb_text_column wpb_content_element\" >\n\t\t<div class=\"wpb_wrapper\">\n\t\t\t<h4><a href=\"https:\/\/maldives-paradise.com\/pt\/jw-marriott-maldivas-resort-spa\/\">JW Marriott Maldivas Resort &amp; Spa<\/a><\/h4>\n<p>Situado na ilha imaculada de Vagaru, no Atol Shaviyani, o JW Marriott Maldives Resort &amp; Spa \u00e9 um resort de luxo 5 estrelas que oferece uma mistura requintada de beleza natural, design contempor\u00e2neo e servi\u00e7o inigual\u00e1vel. Conhecido por suas vilas sobre a \u00e1gua, restaurantes de classe mundial e experi\u00eancias personalizadas, o JW Marriott Maldives \u00e9 um destino ideal para casais em lua de mel, fam\u00edlias e pessoas que buscam luxo.<\/p>\n\n\t\t<\/div>\n\t<\/div>\n<\/div><\/div><\/div><\/div><div class=\"vc_row wpb_row vc_row-fluid\"><div class=\"wpb_column vc_column_container vc_col-sm-3\"><div class=\"vc_column-inner\"><div class=\"wpb_wrapper\">\n\t<div  class=\"wpb_single_image wpb_content_element vc_align_left wpb_content_element\">\n\t\t\n\t\t<figure class=\"wpb_wrapper vc_figure\">\n\t\t\t<a href=\"https:\/\/maldives-paradise.com\/pt\/dhigufaru-island-resort\/\" target=\"_self\" class=\"vc_single_image-wrapper   vc_box_border_grey\"><img loading=\"lazy\" decoding=\"async\" width=\"150\" height=\"150\" src=\"https:\/\/maldives-paradise.com\/wp-content\/uploads\/2024\/09\/Dhigufaru-Island-Resort-150x150.jpg\" class=\"vc_single_image-img attachment-thumbnail\" alt=\"Resort da Ilha Dhigufaru\" title=\"Dhigufaru-Ilha-Resort\" \/><\/a>\n\t\t<\/figure>\n\t<\/div>\n<\/div><\/div><\/div><div class=\"wpb_column vc_column_container vc_col-sm-9\"><div class=\"vc_column-inner\"><div class=\"wpb_wrapper\">\n\t<div class=\"wpb_text_column wpb_content_element\" >\n\t\t<div class=\"wpb_wrapper\">\n\t\t\t<h4><a href=\"https:\/\/maldives-paradise.com\/pt\/dhigufaru-island-resort\/\">Resort da Ilha Dhigufaru<\/a><\/h4>\n<p>As Maldivas s\u00e3o famosas por suas praias imaculadas, \u00e1guas cristalinas e resorts de luxo, e o Dhigufaru Island Resort \u00e9 um exemplo brilhante desse para\u00edso tropical. Aninhado na Reserva da Biosfera da UNESCO protegida do Atol de Baa, o Dhigufaru oferece uma mistura \u00fanica de beleza natural, comodidades de classe mundial e privacidade inigual\u00e1vel. Para aqueles que buscam uma fuga indulgente, aqui est\u00e3o os principais recursos que tornam este resort uma escolha de destaque.<\/p>\n\n\t\t<\/div>\n\t<\/div>\n<\/div><\/div><\/div><\/div><div class=\"vc_row wpb_row vc_row-fluid\"><div class=\"wpb_column vc_column_container vc_col-sm-12\"><div class=\"vc_column-inner\"><div class=\"wpb_wrapper\">\n\t<div class=\"wpb_text_column wpb_content_element\" >\n\t\t<div class=\"wpb_wrapper\">\n\t\t\t<h3>Hot\u00e9is e resorts 5 estrelas em Maldivas <a href=\"http:\/\/maldives-paradise.com\/pt\/?page_id=4124\">P\u00e1gina 1<\/a> \u00a0<a href=\"http:\/\/maldives-paradise.com\/pt\/?page_id=7968\">P\u00e1gina 2<\/a> \u00a0 <a href=\"http:\/\/maldives-paradise.com\/pt\/?page_id=7996\">P\u00e1gina 3<\/a>\u00a0 <a href=\"http:\/\/maldives-paradise.com\/pt\/?page_id=8053\">P\u00e1gina 4<\/a>\u00a0 <a href=\"http:\/\/maldives-paradise.com\/pt\/?page_id=8128\">P\u00e1gina 5<\/a> \u00a0 <a href=\"http:\/\/maldives-paradise.com\/pt\/?page_id=8170\">P\u00e1gina 6<\/a>\u00a0\u00a0 <a href=\"http:\/\/maldives-paradise.com\/pt\/?page_id=8384\">P\u00e1gina 7<\/a> \u00a0<a href=\"https:\/\/maldives-paradise.com\/pt\/resorts-hoteis-5-estrelas-nas-maldivas-8\/\">P\u00e1gina 8<\/a><\/h3>\n\n\t\t<\/div>\n\t<\/div>\n<\/div><\/div><\/div><\/div>\n<\/div>","protected":false},"excerpt":{"rendered":"<div class=\"mh-excerpt\"><\/div>","protected":false},"author":1,"featured_media":24551,"parent":0,"menu_order":0,"comment_status":"closed","ping_status":"closed","template":"","meta":{"footnotes":""},"class_list":["post-24555","page","type-page","status-publish","has-post-thumbnail"],"aioseo_notices":[],"_links":{"self":[{"href":"https:\/\/maldives-paradise.com\/pt\/wp-json\/wp\/v2\/pages\/24555","targetHints":{"allow":["GET"]}}],"collection":[{"href":"https:\/\/maldives-paradise.com\/pt\/wp-json\/wp\/v2\/pages"}],"about":[{"href":"https:\/\/maldives-paradise.com\/pt\/wp-json\/wp\/v2\/types\/page"}],"author":[{"embeddable":true,"href":"https:\/\/maldives-paradise.com\/pt\/wp-json\/wp\/v2\/users\/1"}],"replies":[{"embeddable":true,"href":"https:\/\/maldives-paradise.com\/pt\/wp-json\/wp\/v2\/comments?post=24555"}],"version-history":[{"count":6,"href":"https:\/\/maldives-paradise.com\/pt\/wp-json\/wp\/v2\/pages\/24555\/revisions"}],"predecessor-version":[{"id":34304,"href":"https:\/\/maldives-paradise.com\/pt\/wp-json\/wp\/v2\/pages\/24555\/revisions\/34304"}],"wp:featuredmedia":[{"embeddable":true,"href":"https:\/\/maldives-paradise.com\/pt\/wp-json\/wp\/v2\/media\/24551"}],"wp:attachment":[{"href":"https:\/\/maldives-paradise.com\/pt\/wp-json\/wp\/v2\/media?parent=24555"}],"curies":[{"name":"wp","href":"https:\/\/api.w.org\/{rel}","templated":true}]}}