{"id":19376,"date":"2024-07-17T13:12:00","date_gmt":"2024-07-17T13:12:00","guid":{"rendered":"http:\/\/maldives-paradise.com\/?page_id=19376"},"modified":"2025-11-26T09:29:09","modified_gmt":"2025-11-26T09:29:09","slug":"os-12-melhores-resorts-multi-ilhas-nas-maldivas","status":"publish","type":"page","link":"https:\/\/maldives-paradise.com\/pt\/os-12-melhores-resorts-multi-ilhas-nas-maldivas\/","title":{"rendered":"Os melhores resorts com v\u00e1rias ilhas nas Maldivas"},"content":{"rendered":"<div class=\"wpb-content-wrapper\"><div class=\"vc_row wpb_row vc_row-fluid\"><div class=\"wpb_column vc_column_container vc_col-sm-12\"><div class=\"vc_column-inner\"><div class=\"wpb_wrapper\">\n\t<div class=\"wpb_text_column wpb_content_element\" >\n\t\t<div class=\"wpb_wrapper\">\n\t\t\t<p><strong>Explorando os melhores resorts multi-ilhas nas Maldivas<\/strong><\/p>\n<p>As Maldivas, um para\u00edso tropical conhecido por suas praias imaculadas, \u00e1guas cristalinas e resorts luxuosos, oferece algumas das experi\u00eancias multi-ilhas mais requintadas. Esses resorts oferecem uma mistura \u00fanica de reclus\u00e3o e aventura, permitindo que os h\u00f3spedes explorem v\u00e1rias ilhas enquanto aproveitam comodidades de classe mundial. Aqui, exploramos alguns dos melhores resorts multi-ilhas nas Maldivas, cada um oferecendo um peda\u00e7o \u00fanico do para\u00edso.<\/p>\n\n\t\t<\/div>\n\t<\/div>\n<\/div><\/div><\/div><\/div><div class=\"vc_row wpb_row vc_row-fluid\"><div class=\"wpb_column vc_column_container vc_col-sm-3\"><div class=\"vc_column-inner\"><div class=\"wpb_wrapper\">\n\t<div  class=\"wpb_single_image wpb_content_element vc_align_left wpb_content_element\">\n\t\t\n\t\t<figure class=\"wpb_wrapper vc_figure\">\n\t\t\t<div class=\"vc_single_image-wrapper   vc_box_border_grey\"><img loading=\"lazy\" decoding=\"async\" width=\"150\" height=\"150\" src=\"https:\/\/maldives-paradise.com\/wp-content\/uploads\/2024\/07\/niyama_private_islands_maldives-150x150.jpg\" class=\"vc_single_image-img attachment-thumbnail\" alt=\"Ilhas Privadas de Niyama Maldivas\" title=\"niyama_ilhas_privadas_maldivas\" \/><\/div>\n\t\t<\/figure>\n\t<\/div>\n<\/div><\/div><\/div><div class=\"wpb_column vc_column_container vc_col-sm-9\"><div class=\"vc_column-inner\"><div class=\"wpb_wrapper\">\n\t<div class=\"wpb_text_column wpb_content_element\" >\n\t\t<div class=\"wpb_wrapper\">\n\t\t\t<h4><a href=\"https:\/\/lamp.glopss.com\/SHUv\" target=\"_blank\" rel=\"nofollow noopener\">Ilhas Privadas de Niyama Maldivas<\/a><\/h4>\n<p>O Niyama Private Islands Maldives se destaca com suas ilhas g\u00eameas, Play e Chill, oferecendo experi\u00eancias distintas. Play \u00e9 ideal para aventura e divers\u00e3o em fam\u00edlia, com esportes aqu\u00e1ticos emocionantes, refei\u00e7\u00f5es na casa da \u00e1rvore e um clube infantil. Chill, por outro lado, oferece relaxamento sereno com seu spa sobre a \u00e1gua, refei\u00e7\u00f5es requintadas e boate subaqu\u00e1tica, Subsix. As ofertas vers\u00e1teis do resort garantem que tanto os ca\u00e7adores de adrenalina quanto aqueles que querem relaxar sejam bem atendidos.<\/p>\n\n\t\t<\/div>\n\t<\/div>\n<\/div><\/div><\/div><\/div><div class=\"vc_row wpb_row vc_row-fluid\"><div class=\"wpb_column vc_column_container vc_col-sm-3\"><div class=\"vc_column-inner\"><div class=\"wpb_wrapper\">\n\t<div  class=\"wpb_single_image wpb_content_element vc_align_left wpb_content_element\">\n\t\t\n\t\t<figure class=\"wpb_wrapper vc_figure\">\n\t\t\t<div class=\"vc_single_image-wrapper   vc_box_border_grey\"><img loading=\"lazy\" decoding=\"async\" width=\"150\" height=\"150\" src=\"https:\/\/maldives-paradise.com\/wp-content\/uploads\/2024\/07\/hard-rock-hotel-maldives-150x150.jpg\" class=\"vc_single_image-img attachment-thumbnail\" alt=\"\" title=\"hard-rock-hotel-maldivas\" \/><\/div>\n\t\t<\/figure>\n\t<\/div>\n<\/div><\/div><\/div><div class=\"wpb_column vc_column_container vc_col-sm-9\"><div class=\"vc_column-inner\"><div class=\"wpb_wrapper\">\n\t<div class=\"wpb_text_column wpb_content_element\" >\n\t\t<div class=\"wpb_wrapper\">\n\t\t\t<h4><a href=\"https:\/\/lamp.glopss.com\/SHUU\" target=\"_blank\" rel=\"nofollow noopener\">Hard Rock Hotel Maldivas<\/a><\/h4>\n<p>Parte do complexo CROSSROADS Maldives, o Hard Rock Hotel Maldives oferece uma vibra\u00e7\u00e3o energ\u00e9tica com comodidades tem\u00e1ticas de m\u00fasica. Os h\u00f3spedes podem alternar entre o Hard Rock Hotel e suas propriedades irm\u00e3s dentro do resort integrado. O hotel disp\u00f5e de um Hard Rock Caf\u00e9 exclusivo, uma piscina infinita e um Rock Spa, tudo complementado por m\u00fasica ao vivo vibrante e entretenimento. Sua proximidade com a Marina @ CROSSROADS adiciona compras, restaurantes e experi\u00eancias culturais \u00e0 mistura.<\/p>\n\n\t\t<\/div>\n\t<\/div>\n<\/div><\/div><\/div><\/div><div class=\"vc_row wpb_row vc_row-fluid\"><div class=\"wpb_column vc_column_container vc_col-sm-3\"><div class=\"vc_column-inner\"><div class=\"wpb_wrapper\">\n\t<div  class=\"wpb_single_image wpb_content_element vc_align_left wpb_content_element\">\n\t\t\n\t\t<figure class=\"wpb_wrapper vc_figure\">\n\t\t\t<div class=\"vc_single_image-wrapper   vc_box_border_grey\"><img loading=\"lazy\" decoding=\"async\" width=\"150\" height=\"150\" src=\"https:\/\/maldives-paradise.com\/wp-content\/uploads\/2024\/07\/SAii-Lagoon-Maldives-150x150.jpg\" class=\"vc_single_image-img attachment-thumbnail\" alt=\"SAii Lagoon Maldivas\" title=\"SAii-Lagoa-Maldivas\" \/><\/div>\n\t\t<\/figure>\n\t<\/div>\n<\/div><\/div><\/div><div class=\"wpb_column vc_column_container vc_col-sm-9\"><div class=\"vc_column-inner\"><div class=\"wpb_wrapper\">\n\t<div class=\"wpb_text_column wpb_content_element\" >\n\t\t<div class=\"wpb_wrapper\">\n\t\t\t<h4><a href=\"https:\/\/lamp.glopss.com\/SHUA\" target=\"_blank\" rel=\"nofollow noopener\">SAii Lagoon Maldivas<\/a><\/h4>\n<p>Tamb\u00e9m localizado dentro do CROSSROADS Maldives, o SAii Lagoon Maldives \u00e9 conhecido por sua atmosfera relaxada e servi\u00e7os personalizados. Este resort oferece f\u00e1cil acesso \u00e0 Marina, onde os h\u00f3spedes podem se deliciar com v\u00e1rias atividades culin\u00e1rias e recreativas. As espa\u00e7osas vilas e su\u00edtes, projetadas com uma est\u00e9tica tropical chique, fazem dele uma escolha perfeita para fam\u00edlias e casais que buscam um retiro descontra\u00eddo, mas luxuoso.<\/p>\n\n\t\t<\/div>\n\t<\/div>\n<\/div><\/div><\/div><\/div><div class=\"vc_row wpb_row vc_row-fluid\"><div class=\"wpb_column vc_column_container vc_col-sm-3\"><div class=\"vc_column-inner\"><div class=\"wpb_wrapper\">\n\t<div  class=\"wpb_single_image wpb_content_element vc_align_left wpb_content_element\">\n\t\t\n\t\t<figure class=\"wpb_wrapper vc_figure\">\n\t\t\t<div class=\"vc_single_image-wrapper   vc_box_border_grey\"><img loading=\"lazy\" decoding=\"async\" width=\"150\" height=\"150\" src=\"https:\/\/maldives-paradise.com\/wp-content\/uploads\/2024\/07\/waldorf-astoria-maldives-ithaafushi-150x150.jpg\" class=\"vc_single_image-img attachment-thumbnail\" alt=\"\" title=\"waldorf-astoria-maldivas-ithaafushi\" \/><\/div>\n\t\t<\/figure>\n\t<\/div>\n<\/div><\/div><\/div><div class=\"wpb_column vc_column_container vc_col-sm-9\"><div class=\"vc_column-inner\"><div class=\"wpb_wrapper\">\n\t<div class=\"wpb_text_column wpb_content_element\" >\n\t\t<div class=\"wpb_wrapper\">\n\t\t\t<h4><a href=\"https:\/\/trip.tpo.lv\/WFVsZItJ\" target=\"_blank\" rel=\"nofollow noopener\">Waldorf Astoria Maldivas Ithaafushi<\/a><\/h4>\n<p>O Waldorf Astoria Maldives Ithaafushi abrange tr\u00eas ilhas privadas, oferecendo luxo e privacidade incompar\u00e1veis. O resort possui 119 vilas, cada uma com piscina privada e vistas deslumbrantes do oceano. Os h\u00f3spedes podem explorar uma variedade de op\u00e7\u00f5es de refei\u00e7\u00f5es em 11 locais exclusivos, desfrutar de experi\u00eancias de bem-estar personalizadas e desfrutar de uma variedade de esportes aqu\u00e1ticos. O iate privado do resort e os servi\u00e7os de concierge personalizados garantem uma estadia exclusiva e memor\u00e1vel.<\/p>\n\n\t\t<\/div>\n\t<\/div>\n<\/div><\/div><\/div><\/div><div class=\"vc_row wpb_row vc_row-fluid\"><div class=\"wpb_column vc_column_container vc_col-sm-3\"><div class=\"vc_column-inner\"><div class=\"wpb_wrapper\">\n\t<div  class=\"wpb_single_image wpb_content_element vc_align_left wpb_content_element\">\n\t\t\n\t\t<figure class=\"wpb_wrapper vc_figure\">\n\t\t\t<div class=\"vc_single_image-wrapper   vc_box_border_grey\"><img loading=\"lazy\" decoding=\"async\" width=\"150\" height=\"150\" src=\"https:\/\/maldives-paradise.com\/wp-content\/uploads\/2024\/07\/ritz-carlton-maldives-150x150.jpg\" class=\"vc_single_image-img attachment-thumbnail\" alt=\"The Ritz-Carlton Maldivas, Ilhas Fari\" title=\"ritz-carlton-maldivas\" \/><\/div>\n\t\t<\/figure>\n\t<\/div>\n<\/div><\/div><\/div><div class=\"wpb_column vc_column_container vc_col-sm-9\"><div class=\"vc_column-inner\"><div class=\"wpb_wrapper\">\n\t<div class=\"wpb_text_column wpb_content_element\" >\n\t\t<div class=\"wpb_wrapper\">\n\t\t\t<h4><a href=\"https:\/\/trip.tpo.lv\/csokQr2l\" target=\"_blank\" rel=\"nofollow noopener\">The Ritz-Carlton Maldivas, Ilhas Fari<\/a><\/h4>\n<p>Aninhado nas Ilhas Fari, o The Ritz-Carlton Maldives oferece uma mistura de luxo moderno e cultura tradicional das Maldivas. O resort disp\u00f5e de vilas elegantemente projetadas, um clube infantil dedicado e uma variedade de op\u00e7\u00f5es gastron\u00f4micas. Os h\u00f3spedes podem explorar o Fari Marina Village, que inclui boutiques de luxo, restaurantes e um est\u00fadio de arte. O foco do resort em sustentabilidade e bem-estar aumenta seu apelo, tornando-o um para\u00edso para viajantes conscientes.<\/p>\n\n\t\t<\/div>\n\t<\/div>\n<\/div><\/div><\/div><\/div><div class=\"vc_row wpb_row vc_row-fluid\"><div class=\"wpb_column vc_column_container vc_col-sm-3\"><div class=\"vc_column-inner\"><div class=\"wpb_wrapper\">\n\t<div  class=\"wpb_single_image wpb_content_element vc_align_left wpb_content_element\">\n\t\t\n\t\t<figure class=\"wpb_wrapper vc_figure\">\n\t\t\t<div class=\"vc_single_image-wrapper   vc_box_border_grey\"><img loading=\"lazy\" decoding=\"async\" width=\"150\" height=\"150\" src=\"https:\/\/maldives-paradise.com\/wp-content\/uploads\/2024\/07\/conrad-maldives-rangali-island2-150x150.jpg\" class=\"vc_single_image-img attachment-thumbnail\" alt=\"Conrad Maldivas Ilha Rangali\" title=\"conrad-maldivas-rangali-ilha2\" \/><\/div>\n\t\t<\/figure>\n\t<\/div>\n<\/div><\/div><\/div><div class=\"wpb_column vc_column_container vc_col-sm-9\"><div class=\"vc_column-inner\"><div class=\"wpb_wrapper\">\n\t<div class=\"wpb_text_column wpb_content_element\" >\n\t\t<div class=\"wpb_wrapper\">\n\t\t\t<h4><a href=\"https:\/\/trip.tpo.lv\/6j29svud\" target=\"_blank\" rel=\"nofollow noopener\">Conrad Maldivas Ilha Rangali<\/a><\/h4>\n<p>Reconhecido por sua resid\u00eancia subaqu\u00e1tica pioneira, The Muraka, o Conrad Maldives Rangali Island oferece um conceito \u00fanico de duas ilhas conectadas por uma ponte. Os h\u00f3spedes podem desfrutar de diversas experi\u00eancias gastron\u00f4micas, incluindo o primeiro restaurante subaqu\u00e1tico do mundo, o Ithaa. A ampla gama de atividades do resort, desde mergulho com tubar\u00f5es-baleia at\u00e9 tratamentos de spa rejuvenescedores, garante uma experi\u00eancia abrangente nas Maldivas.<\/p>\n\n\t\t<\/div>\n\t<\/div>\n<\/div><\/div><\/div><\/div><div class=\"vc_row wpb_row vc_row-fluid\"><div class=\"wpb_column vc_column_container vc_col-sm-3\"><div class=\"vc_column-inner\"><div class=\"wpb_wrapper\">\n\t<div  class=\"wpb_single_image wpb_content_element vc_align_left wpb_content_element\">\n\t\t\n\t\t<figure class=\"wpb_wrapper vc_figure\">\n\t\t\t<div class=\"vc_single_image-wrapper   vc_box_border_grey\"><img loading=\"lazy\" decoding=\"async\" width=\"150\" height=\"150\" src=\"https:\/\/maldives-paradise.com\/wp-content\/uploads\/2024\/07\/anantara-dhigu-maldives-resort-1-150x150.jpg\" class=\"vc_single_image-img attachment-thumbnail\" alt=\"Anantara Dhigu Maldivas Resort\" title=\"anantara-dhigu-maldivas-resort\" \/><\/div>\n\t\t<\/figure>\n\t<\/div>\n<\/div><\/div><\/div><div class=\"wpb_column vc_column_container vc_col-sm-9\"><div class=\"vc_column-inner\"><div class=\"wpb_wrapper\">\n\t<div class=\"wpb_text_column wpb_content_element\" >\n\t\t<div class=\"wpb_wrapper\">\n\t\t\t<h4><a href=\"https:\/\/lamp.glopss.com\/SHUr\" target=\"_blank\" rel=\"nofollow noopener\">Anantara Dhigu Maldivas Resort e Anantara Veli Maldivas Resort<\/a><\/h4>\n<p>Esses resorts irm\u00e3os s\u00e3o perfeitos para fam\u00edlias e casais. O Anantara Dhigu oferece vilas espa\u00e7osas, uma variedade de esportes aqu\u00e1ticos e uma atmosfera familiar. O Anantara Veli, um resort somente para adultos, oferece um ambiente tranquilo com bangal\u00f4s sobre a \u00e1gua e experi\u00eancias gastron\u00f4micas rom\u00e2nticas. Os h\u00f3spedes podem facilmente se deslocar entre os dois resorts para aproveitar o melhor dos dois mundos, seja relaxamento ou aventura.<\/p>\n\n\t\t<\/div>\n\t<\/div>\n<\/div><\/div><\/div><\/div><div class=\"vc_row wpb_row vc_row-fluid\"><div class=\"wpb_column vc_column_container vc_col-sm-3\"><div class=\"vc_column-inner\"><div class=\"wpb_wrapper\">\n\t<div  class=\"wpb_single_image wpb_content_element vc_align_left wpb_content_element\">\n\t\t\n\t\t<figure class=\"wpb_wrapper vc_figure\">\n\t\t\t<div class=\"vc_single_image-wrapper   vc_box_border_grey\"><img loading=\"lazy\" decoding=\"async\" width=\"150\" height=\"150\" src=\"https:\/\/maldives-paradise.com\/wp-content\/uploads\/2024\/07\/jawakara-islands-maldives-150x150.jpg\" class=\"vc_single_image-img attachment-thumbnail\" alt=\"Ilhas Jawakara Maldivas um resort multi-ilhas\" title=\"ilhas-jawakara-maldivas\" \/><\/div>\n\t\t<\/figure>\n\t<\/div>\n<\/div><\/div><\/div><div class=\"wpb_column vc_column_container vc_col-sm-9\"><div class=\"vc_column-inner\"><div class=\"wpb_wrapper\">\n\t<div class=\"wpb_text_column wpb_content_element\" >\n\t\t<div class=\"wpb_wrapper\">\n\t\t\t<h4><a href=\"https:\/\/lamp.glopss.com\/SHUj\" target=\"_blank\" rel=\"nofollow noopener\">Ilhas Jawakara Maldivas<\/a><\/h4>\n<p>Uma nova adi\u00e7\u00e3o ao cen\u00e1rio de resorts de luxo das Maldivas, o Jawakara Islands Maldives oferece um conceito multi-ilhas que enfatiza a privacidade e a beleza natural. O resort oferece vilas espa\u00e7osas, praias imaculadas e uma variedade de op\u00e7\u00f5es gastron\u00f4micas. Seu foco em turismo sustent\u00e1vel e pr\u00e1ticas ecologicamente corretas o torna uma escolha atraente para viajantes ambientalmente conscientes.<\/p>\n\n\t\t<\/div>\n\t<\/div>\n<\/div><\/div><\/div><\/div><div class=\"vc_row wpb_row vc_row-fluid\"><div class=\"wpb_column vc_column_container vc_col-sm-3\"><div class=\"vc_column-inner\"><div class=\"wpb_wrapper\">\n\t<div  class=\"wpb_single_image wpb_content_element vc_align_left wpb_content_element\">\n\t\t\n\t\t<figure class=\"wpb_wrapper vc_figure\">\n\t\t\t<div class=\"vc_single_image-wrapper   vc_box_border_grey\"><img loading=\"lazy\" decoding=\"async\" width=\"150\" height=\"150\" src=\"https:\/\/maldives-paradise.com\/wp-content\/uploads\/2024\/07\/sun-siyam-olhuveli-150x150.jpg\" class=\"vc_single_image-img attachment-thumbnail\" alt=\"Sun Siyam Olhuveli, um resort multi-ilhas nas Maldivas\" title=\"sol-siyam-olhuveli\" \/><\/div>\n\t\t<\/figure>\n\t<\/div>\n<\/div><\/div><\/div><div class=\"wpb_column vc_column_container vc_col-sm-9\"><div class=\"vc_column-inner\"><div class=\"wpb_wrapper\">\n\t<div class=\"wpb_text_column wpb_content_element\" >\n\t\t<div class=\"wpb_wrapper\">\n\t\t\t<h4><a href=\"https:\/\/lamp.glopss.com\/SHUo\" target=\"_blank\" rel=\"nofollow noopener\">Sun Siyam Olhuveli<\/a><\/h4>\n<p>O Sun Siyam Olhuveli oferece uma experi\u00eancia multi-ilhas com foco em atividades familiares e bem-estar. O resort oferece uma variedade de acomoda\u00e7\u00f5es, de vilas de praia a su\u00edtes sobre a \u00e1gua. Os h\u00f3spedes podem aproveitar uma variedade de op\u00e7\u00f5es de refei\u00e7\u00f5es, atividades recreativas e tratamentos de spa nas ilhas interconectadas. Seu vibrante recife dom\u00e9stico e pontos de mergulho o tornam um favorito entre os entusiastas subaqu\u00e1ticos.<\/p>\n\n\t\t<\/div>\n\t<\/div>\n<\/div><\/div><\/div><\/div><div class=\"vc_row wpb_row vc_row-fluid\"><div class=\"wpb_column vc_column_container vc_col-sm-3\"><div class=\"vc_column-inner\"><div class=\"wpb_wrapper\">\n\t<div  class=\"wpb_single_image wpb_content_element vc_align_left wpb_content_element\">\n\t\t\n\t\t<figure class=\"wpb_wrapper vc_figure\">\n\t\t\t<div class=\"vc_single_image-wrapper   vc_box_border_grey\"><img loading=\"lazy\" decoding=\"async\" width=\"150\" height=\"150\" src=\"https:\/\/maldives-paradise.com\/wp-content\/uploads\/2024\/07\/oblu-select-sangeli-150x150.jpg\" class=\"vc_single_image-img attachment-thumbnail\" alt=\"OBLU SELECT Sangeli\" title=\"oblu-select-sangeli\" \/><\/div>\n\t\t<\/figure>\n\t<\/div>\n<\/div><\/div><\/div><div class=\"wpb_column vc_column_container vc_col-sm-9\"><div class=\"vc_column-inner\"><div class=\"wpb_wrapper\">\n\t<div class=\"wpb_text_column wpb_content_element\" >\n\t\t<div class=\"wpb_wrapper\">\n\t\t\t<h4><a href=\"https:\/\/trip.tpo.lv\/v9votxXA\">OBLU SELECT Sangeli<\/a><\/h4>\n<p>O OBLU SELECT Sangeli oferece uma experi\u00eancia com tudo inclu\u00eddo em duas ilhas interconectadas. O resort \u00e9 conhecido por seu vibrante recife dom\u00e9stico, esportes aqu\u00e1ticos emocionantes e uma variedade de op\u00e7\u00f5es gastron\u00f4micas. Seu Serenity Plan inclui refei\u00e7\u00f5es premium, excurs\u00f5es e atividades de bem-estar, garantindo uma estadia agrad\u00e1vel e sem complica\u00e7\u00f5es. As Honeymoon Water Suites, exclusivas para adultos, oferecem um toque extra de romance para casais.<\/p>\n\n\t\t<\/div>\n\t<\/div>\n<\/div><\/div><\/div><\/div><div class=\"vc_row wpb_row vc_row-fluid\"><div class=\"wpb_column vc_column_container vc_col-sm-3\"><div class=\"vc_column-inner\"><div class=\"wpb_wrapper\">\n\t<div  class=\"wpb_single_image wpb_content_element vc_align_left wpb_content_element\">\n\t\t\n\t\t<figure class=\"wpb_wrapper vc_figure\">\n\t\t\t<div class=\"vc_single_image-wrapper   vc_box_border_grey\"><img loading=\"lazy\" decoding=\"async\" width=\"150\" height=\"150\" src=\"https:\/\/maldives-paradise.com\/wp-content\/uploads\/2024\/07\/patina-maldives-150x150.jpg\" class=\"vc_single_image-img attachment-thumbnail\" alt=\"Patina Maldives um resort multi-ilhas\" title=\"p\u00e1tina-maldivas\" \/><\/div>\n\t\t<\/figure>\n\t<\/div>\n<\/div><\/div><\/div><div class=\"wpb_column vc_column_container vc_col-sm-9\"><div class=\"vc_column-inner\"><div class=\"wpb_wrapper\">\n\t<div class=\"wpb_text_column wpb_content_element\" >\n\t\t<div class=\"wpb_wrapper\">\n\t\t\t<h4><a href=\"https:\/\/lamp.glopss.com\/aff_c?offer_id=1506&amp;aff_id=1834\" target=\"_blank\" rel=\"nofollow noopener\">Patina Maldivas, Ilhas Fari<\/a><\/h4>\n<p>O Patina Maldives \u00e9 um resort de luxo moderno nas Ilhas Fari, oferecendo uma mistura sofisticada de natureza e design. As vilas espa\u00e7osas do resort, cada uma com piscinas privativas, proporcionam uma fuga serena. Os h\u00f3spedes podem explorar o Fari Marina Village, participar de programas de bem-estar e desfrutar de refei\u00e7\u00f5es gourmet. O compromisso do Patina com a sustentabilidade e o engajamento da comunidade acrescenta profundidade \u00e0s suas ofertas luxuosas.<\/p>\n\n\t\t<\/div>\n\t<\/div>\n<\/div><\/div><\/div><\/div><div class=\"vc_row wpb_row vc_row-fluid\"><div class=\"wpb_column vc_column_container vc_col-sm-12\"><div class=\"vc_column-inner\"><div class=\"wpb_wrapper\">\n\t<div class=\"wpb_text_column wpb_content_element\" >\n\t\t<div class=\"wpb_wrapper\">\n\t\t\t<p>Concluindo, as Maldivas oferecem uma variedade dos melhores resorts multi-ilhas, cada um com caracter\u00edsticas e experi\u00eancias \u00fanicas. Quer voc\u00ea esteja em busca de aventura, relaxamento ou uma mistura de ambos, esses resorts fornecem o cen\u00e1rio perfeito para uma escapada inesquec\u00edvel nas Maldivas.<\/p>\n<p><strong><a title=\"Os 12 melhores resorts de luxo nas Maldivas\" href=\"https:\/\/maldives-paradise.com\/pt\/os-12-melhores-resorts-de-luxo-nas-maldivas\/\">Os melhores resorts nas Maldivas<\/a><\/strong><\/p>\n\n\t\t<\/div>\n\t<\/div>\n<\/div><\/div><\/div><\/div>\n<\/div>","protected":false},"excerpt":{"rendered":"<div class=\"mh-excerpt\"><\/div>","protected":false},"author":1,"featured_media":19377,"parent":0,"menu_order":0,"comment_status":"closed","ping_status":"closed","template":"","meta":{"footnotes":""},"class_list":["post-19376","page","type-page","status-publish","has-post-thumbnail"],"aioseo_notices":[],"_links":{"self":[{"href":"https:\/\/maldives-paradise.com\/pt\/wp-json\/wp\/v2\/pages\/19376","targetHints":{"allow":["GET"]}}],"collection":[{"href":"https:\/\/maldives-paradise.com\/pt\/wp-json\/wp\/v2\/pages"}],"about":[{"href":"https:\/\/maldives-paradise.com\/pt\/wp-json\/wp\/v2\/types\/page"}],"author":[{"embeddable":true,"href":"https:\/\/maldives-paradise.com\/pt\/wp-json\/wp\/v2\/users\/1"}],"replies":[{"embeddable":true,"href":"https:\/\/maldives-paradise.com\/pt\/wp-json\/wp\/v2\/comments?post=19376"}],"version-history":[{"count":7,"href":"https:\/\/maldives-paradise.com\/pt\/wp-json\/wp\/v2\/pages\/19376\/revisions"}],"predecessor-version":[{"id":45311,"href":"https:\/\/maldives-paradise.com\/pt\/wp-json\/wp\/v2\/pages\/19376\/revisions\/45311"}],"wp:featuredmedia":[{"embeddable":true,"href":"https:\/\/maldives-paradise.com\/pt\/wp-json\/wp\/v2\/media\/19377"}],"wp:attachment":[{"href":"https:\/\/maldives-paradise.com\/pt\/wp-json\/wp\/v2\/media?parent=19376"}],"curies":[{"name":"wp","href":"https:\/\/api.w.org\/{rel}","templated":true}]}}