{"id":17305,"date":"2024-06-13T06:11:08","date_gmt":"2024-06-13T06:11:08","guid":{"rendered":"http:\/\/maldives-paradise.com\/?page_id=17305"},"modified":"2025-11-26T09:27:13","modified_gmt":"2025-11-26T09:27:13","slug":"os-12-melhores-resorts-para-lua-de-mel-nas-maldivas","status":"publish","type":"page","link":"https:\/\/maldives-paradise.com\/pt\/os-12-melhores-resorts-para-lua-de-mel-nas-maldivas\/","title":{"rendered":"Os melhores resorts para lua de mel nas Maldivas"},"content":{"rendered":"<div class=\"wpb-content-wrapper\"><div class=\"vc_row wpb_row vc_row-fluid\"><div class=\"wpb_column vc_column_container vc_col-sm-12\"><div class=\"vc_column-inner\"><div class=\"wpb_wrapper\">\n\t<div class=\"wpb_text_column wpb_content_element\" >\n\t\t<div class=\"wpb_wrapper\">\n\t\t\t<h4>Descubra os melhores resorts de luxo nas Maldivas para uma lua de mel dos sonhos<\/h4>\n<p>As Maldivas, um para\u00edso tropical, s\u00e3o sin\u00f4nimo de romance, luxo e beleza natural inigual\u00e1vel. Perfeitas para casais em lua de mel, as Maldivas oferecem uma infinidade de resorts requintados, cada um prometendo uma experi\u00eancia inesquec\u00edvel. Aqui, exploramos alguns dos melhores resorts de luxo nas Maldivas que atendem especificamente a rec\u00e9m-casados que buscam uma mistura perfeita de romance, relaxamento e aventura.<\/p>\n<p>Imagine acordar em uma vila sobre a \u00e1gua com vista panor\u00e2mica do oceano, pisar diretamente nas \u00e1guas azul-turquesa do seu deck e desfrutar de jantares \u00e0 luz de velas em uma praia isolada. Os resorts nas Maldivas atendem aos rec\u00e9m-casados com experi\u00eancias personalizadas, incluindo piqueniques em ilhas particulares, cruzeiros rom\u00e2nticos ao p\u00f4r do sol e tratamentos de spa personalizados. Com praias de areia branca intocadas, recifes de corais vibrantes para mergulho com snorkel e uma variedade de op\u00e7\u00f5es gastron\u00f4micas de classe mundial, uma lua de mel nas Maldivas promete mem\u00f3rias inesquec\u00edveis e o come\u00e7o perfeito para uma vida inteira juntos.<\/p>\n\n\t\t<\/div>\n\t<\/div>\n<\/div><\/div><\/div><\/div><div class=\"vc_row wpb_row vc_row-fluid\"><div class=\"wpb_column vc_column_container vc_col-sm-3\"><div class=\"vc_column-inner\"><div class=\"wpb_wrapper\">\n\t<div  class=\"wpb_single_image wpb_content_element vc_align_left wpb_content_element\">\n\t\t\n\t\t<figure class=\"wpb_wrapper vc_figure\">\n\t\t\t<div class=\"vc_single_image-wrapper   vc_box_border_grey\"><img loading=\"lazy\" decoding=\"async\" width=\"150\" height=\"150\" src=\"https:\/\/maldives-paradise.com\/wp-content\/uploads\/2024\/06\/soneva-jani_Sonu-and-Eva-Shivdasani-150x150.jpg\" class=\"vc_single_image-img attachment-thumbnail\" alt=\"Soneva Jani\" title=\"soneva-jani_Sonu-and-Eva-Shivdasani\" \/><\/div>\n\t\t<\/figure>\n\t<\/div>\n<\/div><\/div><\/div><div class=\"wpb_column vc_column_container vc_col-sm-9\"><div class=\"vc_column-inner\"><div class=\"wpb_wrapper\">\n\t<div class=\"wpb_text_column wpb_content_element\" >\n\t\t<div class=\"wpb_wrapper\">\n\t\t\t<h4><a href=\"https:\/\/trip.tpo.lv\/xo5FXwOD\" target=\"_blank\" rel=\"nofollow noopener\">Soneva Jani<\/a><\/h4>\n<p>O Soneva Jani \u00e9 o ep\u00edtome do luxo, oferecendo vilas sobre a \u00e1gua que redefinem a opul\u00eancia. Cada vila \u00e9 espa\u00e7osa, com piscina privativa, teto retr\u00e1til para observa\u00e7\u00e3o de estrelas e acesso direto \u00e0 lagoa. Os rec\u00e9m-casados podem aproveitar os servi\u00e7os personalizados do resort, desde jantares \u00edntimos em bancos de areia isolados at\u00e9 tratamentos de spa personalizados para casais. O ethos ecol\u00f3gico do Soneva Jani adiciona um toque de sustentabilidade \u00e0 sua escapada rom\u00e2ntica.<\/p>\n<p><strong>Destaques:<\/strong><\/p>\n<p>\u2013 Vilas privadas sobre a \u00e1gua com piscinas<br \/>\n\u2013 Experi\u00eancias gastron\u00f4micas personalizadas<br \/>\n\u2013 Instala\u00e7\u00f5es de spa excepcionais<\/p>\n\n\t\t<\/div>\n\t<\/div>\n<\/div><\/div><\/div><\/div><div class=\"vc_row wpb_row vc_row-fluid\"><div class=\"wpb_column vc_column_container vc_col-sm-3\"><div class=\"vc_column-inner\"><div class=\"wpb_wrapper\">\n\t<div  class=\"wpb_single_image wpb_content_element vc_align_left wpb_content_element\">\n\t\t\n\t\t<figure class=\"wpb_wrapper vc_figure\">\n\t\t\t<div class=\"vc_single_image-wrapper   vc_box_border_grey\"><img loading=\"lazy\" decoding=\"async\" width=\"150\" height=\"150\" src=\"https:\/\/maldives-paradise.com\/wp-content\/uploads\/2024\/06\/Conrad-Maldives-Rangali-Wedding-Ithaa-Undersee-150x150.jpg\" class=\"vc_single_image-img attachment-thumbnail\" alt=\"Conrad Maldivas Ilha Rangali\" title=\"Conrad-Maldivas-Rangali-Wedding-Ithaa-Undersee\" \/><\/div>\n\t\t<\/figure>\n\t<\/div>\n<\/div><\/div><\/div><div class=\"wpb_column vc_column_container vc_col-sm-9\"><div class=\"vc_column-inner\"><div class=\"wpb_wrapper\">\n\t<div class=\"wpb_text_column wpb_content_element\" >\n\t\t<div class=\"wpb_wrapper\">\n\t\t\t<h4><a href=\"https:\/\/trip.tpo.lv\/6j29svud\" target=\"_blank\" rel=\"nofollow noopener\">Conrad Maldivas Ilha Rangali<\/a><\/h4>\n<p>Famoso por seu restaurante subaqu\u00e1tico, Ithaa, o Conrad Maldives Rangali Island \u00e9 um resort de duas ilhas que oferece uma mistura \u00fanica de luxo e natureza. Os rec\u00e9m-casados podem ficar em luxuosas vilas com piscinas privativas e acesso direto \u00e0 praia ou \u00e0 lagoa. O resort oferece experi\u00eancias personalizadas, como cruzeiros com golfinhos ao p\u00f4r do sol e tratamentos de spa para casais, garantindo uma lua de mel memor\u00e1vel.<\/p>\n<p><strong>Destaques:<\/strong><\/p>\n<p>\u2013 Restaurante Submarino Ithaa<br \/>\n\u2013 Luxuosas vilas de praia e sobre a \u00e1gua<br \/>\n\u2013 Excurs\u00f5es rom\u00e2nticas personalizadas<\/p>\n\n\t\t<\/div>\n\t<\/div>\n<\/div><\/div><\/div><\/div><div class=\"vc_row wpb_row vc_row-fluid\"><div class=\"wpb_column vc_column_container vc_col-sm-3\"><div class=\"vc_column-inner\"><div class=\"wpb_wrapper\">\n\t<div  class=\"wpb_single_image wpb_content_element vc_align_left wpb_content_element\">\n\t\t\n\t\t<figure class=\"wpb_wrapper vc_figure\">\n\t\t\t<div class=\"vc_single_image-wrapper   vc_box_border_grey\"><img loading=\"lazy\" decoding=\"async\" width=\"150\" height=\"150\" src=\"https:\/\/maldives-paradise.com\/wp-content\/uploads\/2024\/06\/The-St.-Regis-Maldives-Vommuli-Resort-honeymoon-150x150.jpg\" class=\"vc_single_image-img attachment-thumbnail\" alt=\"O St. Regis Maldivas Vommuli Resort\" title=\"O St. Regis Maldives Vommuli Resort - lua de mel\" \/><\/div>\n\t\t<\/figure>\n\t<\/div>\n<\/div><\/div><\/div><div class=\"wpb_column vc_column_container vc_col-sm-9\"><div class=\"vc_column-inner\"><div class=\"wpb_wrapper\">\n\t<div class=\"wpb_text_column wpb_content_element\" >\n\t\t<div class=\"wpb_wrapper\">\n\t\t\t<h4><a href=\"https:\/\/trip.tpo.lv\/2x3dIFEs\" target=\"_blank\" rel=\"nofollow noopener\">O St. Regis Maldivas Vommuli Resort<\/a><\/h4>\n<p>O St. Regis Maldives Vommuli Resort \u00e9 um retiro requintado, oferecendo um n\u00edvel incompar\u00e1vel de servi\u00e7o e luxo. As villas sobre a \u00e1gua e na praia v\u00eam com piscinas privadas e vistas deslumbrantes do Oceano \u00cdndico. Os casais podem desfrutar de servi\u00e7os de mordomo personalizados, refei\u00e7\u00f5es gourmet e um spa de classe mundial. O exclusivo Whale Bar do resort \u00e9 perfeito para assistir a pores do sol de tirar o f\u00f4lego juntos.<\/p>\n<p><strong>Destaques:<\/strong><\/p>\n<p>\u2013 Moradias luxuosas com piscinas privadas<br \/>\n\u2013 Servi\u00e7o de mordomo personalizado<br \/>\n\u2013 Whale Bar com vistas deslumbrantes do p\u00f4r do sol<\/p>\n\n\t\t<\/div>\n\t<\/div>\n<\/div><\/div><\/div><\/div><div class=\"vc_row wpb_row vc_row-fluid\"><div class=\"wpb_column vc_column_container vc_col-sm-3\"><div class=\"vc_column-inner\"><div class=\"wpb_wrapper\">\n\t<div  class=\"wpb_single_image wpb_content_element vc_align_left wpb_content_element\">\n\t\t\n\t\t<figure class=\"wpb_wrapper vc_figure\">\n\t\t\t<div class=\"vc_single_image-wrapper   vc_box_border_grey\"><img loading=\"lazy\" decoding=\"async\" width=\"150\" height=\"150\" src=\"https:\/\/maldives-paradise.com\/wp-content\/uploads\/2024\/06\/OneOnly-Reethi-Rah-honeymoon-150x150.jpg\" class=\"vc_single_image-img attachment-thumbnail\" alt=\"Um&amp;Somente Reethi Rah\" title=\"One&amp;Only Reethi Rah - lua de mel\" \/><\/div>\n\t\t<\/figure>\n\t<\/div>\n<\/div><\/div><\/div><div class=\"wpb_column vc_column_container vc_col-sm-9\"><div class=\"vc_column-inner\"><div class=\"wpb_wrapper\">\n\t<div class=\"wpb_text_column wpb_content_element\" >\n\t\t<div class=\"wpb_wrapper\">\n\t\t\t<h4><a href=\"https:\/\/hotellook.tp.st\/AH0DpGXS\" target=\"_blank\" rel=\"nofollow noopener\">One&amp;Only Reethi Rah<\/a><\/h4>\n<p>O One&amp;Only Reethi Rah \u00e9 conhecido por seu ambiente exclusivo e servi\u00e7o excepcional. As vilas do resort s\u00e3o projetadas para m\u00e1xima privacidade e luxo, cada uma com acesso direto \u00e0 praia ou lagoa. Os rec\u00e9m-casados podem desfrutar de experi\u00eancias gastron\u00f4micas privativas, vela ao p\u00f4r do sol e tratamentos de spa rejuvenescedores. O resort tamb\u00e9m oferece uma variedade de esportes aqu\u00e1ticos e excurs\u00f5es para casais aventureiros.<\/p>\n<p><strong>Destaques:<\/strong><\/p>\n<p>\u2013 Praia privada e vilas sobre a \u00e1gua<br \/>\n\u2013 Experi\u00eancias gastron\u00f4micas exclusivas<br \/>\n\u2013 Esportes aqu\u00e1ticos e excurs\u00f5es extensivas<\/p>\n\n\t\t<\/div>\n\t<\/div>\n<\/div><\/div><\/div><\/div><div class=\"vc_row wpb_row vc_row-fluid\"><div class=\"wpb_column vc_column_container vc_col-sm-3\"><div class=\"vc_column-inner\"><div class=\"wpb_wrapper\">\n\t<div  class=\"wpb_single_image wpb_content_element vc_align_left wpb_content_element\">\n\t\t\n\t\t<figure class=\"wpb_wrapper vc_figure\">\n\t\t\t<div class=\"vc_single_image-wrapper   vc_box_border_grey\"><img loading=\"lazy\" decoding=\"async\" width=\"150\" height=\"150\" src=\"https:\/\/maldives-paradise.com\/wp-content\/uploads\/2024\/06\/Velaa_Private_Island_Couple-1-150x150.jpg\" class=\"vc_single_image-img attachment-thumbnail\" alt=\"Ilha Privada Velaa\" title=\"Velaa_Ilha_Privada_Casal-1\" \/><\/div>\n\t\t<\/figure>\n\t<\/div>\n<\/div><\/div><\/div><div class=\"wpb_column vc_column_container vc_col-sm-9\"><div class=\"vc_column-inner\"><div class=\"wpb_wrapper\">\n\t<div class=\"wpb_text_column wpb_content_element\" >\n\t\t<div class=\"wpb_wrapper\">\n\t\t\t<h4><a href=\"https:\/\/trip.tpo.lv\/5ucKKYji\" target=\"_blank\" rel=\"nofollow noopener\">Ilha Privada Velaa<\/a><\/h4>\n<p>Para aqueles que buscam o m\u00e1ximo de reclus\u00e3o e luxo, Velaa Private Island \u00e9 a escolha perfeita. Este resort exclusivo oferece vilas e resid\u00eancias privadas com \u00e1reas de estar espa\u00e7osas, piscinas e vistas deslumbrantes do oceano. Os rec\u00e9m-casados podem desfrutar de experi\u00eancias personalizadas, como passeios de iate privados, aventuras subaqu\u00e1ticas e programas de bem-estar personalizados no spa do resort.<\/p>\n<p><strong>Destaques:<\/strong><\/p>\n<p>\u2013 Vilas privadas ultraluxuosas<br \/>\n\u2013 Experi\u00eancias rom\u00e2nticas personalizadas<br \/>\n\u2013 Programas de bem-estar e spa personalizados<\/p>\n\n\t\t<\/div>\n\t<\/div>\n<\/div><\/div><\/div><\/div><div class=\"vc_row wpb_row vc_row-fluid\"><div class=\"wpb_column vc_column_container vc_col-sm-3\"><div class=\"vc_column-inner\"><div class=\"wpb_wrapper\">\n\t<div  class=\"wpb_single_image wpb_content_element vc_align_left wpb_content_element\">\n\t\t\n\t\t<figure class=\"wpb_wrapper vc_figure\">\n\t\t\t<div class=\"vc_single_image-wrapper   vc_box_border_grey\"><img loading=\"lazy\" decoding=\"async\" width=\"150\" height=\"150\" src=\"https:\/\/maldives-paradise.com\/wp-content\/uploads\/2024\/06\/Baros-Maldives-150x150.jpg\" class=\"vc_single_image-img attachment-thumbnail\" alt=\"Baros Maldivas\" title=\"Baros Maldivas\" \/><\/div>\n\t\t<\/figure>\n\t<\/div>\n<\/div><\/div><\/div><div class=\"wpb_column vc_column_container vc_col-sm-9\"><div class=\"vc_column-inner\"><div class=\"wpb_wrapper\">\n\t<div class=\"wpb_text_column wpb_content_element\" >\n\t\t<div class=\"wpb_wrapper\">\n\t\t\t<h4><a href=\"https:\/\/lamp.glopss.com\/SHUm\" target=\"_blank\" rel=\"nofollow noopener\">Baros Maldivas<\/a><\/h4>\n<p>Baros Maldives \u00e9 um resort intimista conhecido por seu servi\u00e7o personalizado e ambiente sereno. As vilas do resort s\u00e3o elegantemente projetadas, fornecendo acesso direto \u00e0 praia ou lagoa. Os casais podem desfrutar de jantares rom\u00e2nticos em um banco de areia privado, excurs\u00f5es de mergulho para explorar recifes de corais vibrantes e tratamentos de spa rejuvenescedores projetados para dois.<\/p>\n<p><strong>Destaques:<\/strong><\/p>\n<p>\u2013 Ambiente \u00edntimo e sereno<br \/>\n\u2013 Jantares e excurs\u00f5es privadas<br \/>\n\u2013 Tratamentos de spa personalizados<\/p>\n\n\t\t<\/div>\n\t<\/div>\n<\/div><\/div><\/div><\/div><div class=\"vc_row wpb_row vc_row-fluid\"><div class=\"wpb_column vc_column_container vc_col-sm-3\"><div class=\"vc_column-inner\"><div class=\"wpb_wrapper\">\n\t<div  class=\"wpb_single_image wpb_content_element vc_align_left wpb_content_element\">\n\t\t\n\t\t<figure class=\"wpb_wrapper vc_figure\">\n\t\t\t<div class=\"vc_single_image-wrapper   vc_box_border_grey\"><img loading=\"lazy\" decoding=\"async\" width=\"150\" height=\"150\" src=\"https:\/\/maldives-paradise.com\/wp-content\/uploads\/2024\/06\/sixsenses-honeymoon-150x150.jpg\" class=\"vc_single_image-img attachment-thumbnail\" alt=\"Seis Sentidos Laamu\" title=\"sixsenses-lua de mel\" \/><\/div>\n\t\t<\/figure>\n\t<\/div>\n<\/div><\/div><\/div><div class=\"wpb_column vc_column_container vc_col-sm-9\"><div class=\"vc_column-inner\"><div class=\"wpb_wrapper\">\n\t<div class=\"wpb_text_column wpb_content_element\" >\n\t\t<div class=\"wpb_wrapper\">\n\t\t\t<h4><a href=\"https:\/\/trip.tpo.lv\/ok4LiuYE\" target=\"_blank\" rel=\"nofollow noopener\">Seis Sentidos Laamu<\/a><\/h4>\n<p>O Six Senses Laamu oferece uma mistura \u00fanica de luxo e sustentabilidade, perfeita para casais em lua de mel ecologicamente conscientes. As vilas do resort s\u00e3o feitas de materiais sustent\u00e1veis e oferecem vistas deslumbrantes das \u00e1guas azul-turquesa. Os casais podem aproveitar piqueniques particulares em ilhas desertas, mergulho com snorkel com arraias manta e tratamentos relaxantes de spa. A \u00eanfase do resort em bem-estar e sustentabilidade adiciona um toque significativo \u00e0 sua escapada rom\u00e2ntica.<\/p>\n<p><strong>Destaques:<\/strong><\/p>\n<p>\u2013 Moradias de luxo ecol\u00f3gicas<br \/>\n\u2013 Experi\u00eancias rom\u00e2nticas \u00fanicas<br \/>\n\u2013 \u00canfase no bem-estar e na sustentabilidade<\/p>\n\n\t\t<\/div>\n\t<\/div>\n<\/div><\/div><\/div><\/div><div class=\"vc_row wpb_row vc_row-fluid\"><div class=\"wpb_column vc_column_container vc_col-sm-3\"><div class=\"vc_column-inner\"><div class=\"wpb_wrapper\">\n\t<div  class=\"wpb_single_image wpb_content_element vc_align_left wpb_content_element\">\n\t\t\n\t\t<figure class=\"wpb_wrapper vc_figure\">\n\t\t\t<div class=\"vc_single_image-wrapper   vc_box_border_grey\"><img loading=\"lazy\" decoding=\"async\" width=\"150\" height=\"150\" src=\"https:\/\/maldives-paradise.com\/wp-content\/uploads\/2024\/06\/anantara_veli_honeymoon-150x150.jpg\" class=\"vc_single_image-img attachment-thumbnail\" alt=\"Anantara Veli Maldivas Resort\" title=\"anantara_veli_lua de mel\" \/><\/div>\n\t\t<\/figure>\n\t<\/div>\n<\/div><\/div><\/div><div class=\"wpb_column vc_column_container vc_col-sm-9\"><div class=\"vc_column-inner\"><div class=\"wpb_wrapper\">\n\t<div class=\"wpb_text_column wpb_content_element\" >\n\t\t<div class=\"wpb_wrapper\">\n\t\t\t<h4><a href=\"https:\/\/lamp.glopss.com\/SHUt\" target=\"_blank\" rel=\"nofollow noopener\">Anantara Veli Maldivas Resort<\/a><\/h4>\n<p>O Anantara Veli Maldives Resort \u00e9 um para\u00edso somente para adultos, perfeito para casais em lua de mel que buscam privacidade e romance. O resort oferece elegantes bangal\u00f4s sobre a \u00e1gua com acesso direto \u00e0 lagoa, terra\u00e7os privativos e vistas deslumbrantes do oceano. Os casais podem desfrutar de tratamentos de spa, cruzeiros ao p\u00f4r do sol e experi\u00eancias gastron\u00f4micas privativas na praia ou em sua villa.<\/p>\n<p><strong>Destaques:<\/strong><\/p>\n<p>\u2013 Resort somente para adultos<br \/>\n\u2013 Bungalows sobre a \u00e1gua com terra\u00e7os privados<br \/>\n\u2013 Experi\u00eancias personalizadas de jantar e spa<\/p>\n\n\t\t<\/div>\n\t<\/div>\n<\/div><\/div><\/div><\/div><div class=\"vc_row wpb_row vc_row-fluid\"><div class=\"wpb_column vc_column_container vc_col-sm-3\"><div class=\"vc_column-inner\"><div class=\"wpb_wrapper\">\n\t<div  class=\"wpb_single_image wpb_content_element vc_align_left wpb_content_element\">\n\t\t\n\t\t<figure class=\"wpb_wrapper vc_figure\">\n\t\t\t<div class=\"vc_single_image-wrapper   vc_box_border_grey\"><img loading=\"lazy\" decoding=\"async\" width=\"150\" height=\"150\" src=\"https:\/\/maldives-paradise.com\/wp-content\/uploads\/2024\/06\/Hideaway-Beach-Resort-Spa_Celebrate-Romance-150x150.jpg\" class=\"vc_single_image-img attachment-thumbnail\" alt=\"Hideaway Beach Resort &amp; Spa\" title=\"Hideaway Beach Resort &amp; Spa_Celebre-Romance\" \/><\/div>\n\t\t<\/figure>\n\t<\/div>\n<\/div><\/div><\/div><div class=\"wpb_column vc_column_container vc_col-sm-9\"><div class=\"vc_column-inner\"><div class=\"wpb_wrapper\">\n\t<div class=\"wpb_text_column wpb_content_element\" >\n\t\t<div class=\"wpb_wrapper\">\n\t\t\t<h4><a href=\"https:\/\/lamp.glopss.com\/aff_c?offer_id=1384&amp;aff_id=1834\" target=\"_blank\" rel=\"nofollow noopener\">Hideaway Beach Resort &amp; Spa<\/a><\/h4>\n<p>O Hideaway Beach Resort &amp; Spa oferece isolamento e luxo na id\u00edlica Ilha Dhonakulhi. As espa\u00e7osas vilas do resort, muitas com piscinas privadas, s\u00e3o projetadas para a m\u00e1xima privacidade. Os rec\u00e9m-casados podem desfrutar de jantares rom\u00e2nticos na praia, excurs\u00f5es personalizadas e tratamentos rejuvenescedores no Hideaway Spa. O resort tamb\u00e9m ostenta alguns dos melhores pontos de mergulho nas Maldivas.<\/p>\n<p><strong>Destaques:<\/strong><\/p>\n<p>\u2013 Moradias privadas espa\u00e7osas com piscinas<br \/>\n\u2013 Experi\u00eancias gastron\u00f4micas exclusivas<br \/>\n\u2013 Pontos de mergulho excepcionais<\/p>\n\n\t\t<\/div>\n\t<\/div>\n<\/div><\/div><\/div><\/div><div class=\"vc_row wpb_row vc_row-fluid\"><div class=\"wpb_column vc_column_container vc_col-sm-3\"><div class=\"vc_column-inner\"><div class=\"wpb_wrapper\">\n\t<div  class=\"wpb_single_image wpb_content_element vc_align_left wpb_content_element\">\n\t\t\n\t\t<figure class=\"wpb_wrapper vc_figure\">\n\t\t\t<div class=\"vc_single_image-wrapper   vc_box_border_grey\"><img loading=\"lazy\" decoding=\"async\" width=\"150\" height=\"150\" src=\"https:\/\/maldives-paradise.com\/wp-content\/uploads\/2024\/06\/Komandoo-Island-Resort-Spa-Adults-Only-Exterior-150x150.jpeg\" class=\"vc_single_image-img attachment-thumbnail\" alt=\"Komandoo Island Resort &amp; Spa\" title=\"Komandoo-Ilha-Resort-Spa-Somente-Adultos-Exterior\" \/><\/div>\n\t\t<\/figure>\n\t<\/div>\n<\/div><\/div><\/div><div class=\"wpb_column vc_column_container vc_col-sm-9\"><div class=\"vc_column-inner\"><div class=\"wpb_wrapper\">\n\t<div class=\"wpb_text_column wpb_content_element\" >\n\t\t<div class=\"wpb_wrapper\">\n\t\t\t<h4><a href=\"https:\/\/hotellook.tp.st\/m18hEKIZ\" target=\"_blank\" rel=\"nofollow noopener\">Komandoo Island Resort &amp; Spa<\/a><\/h4>\n<p>O Komandoo Island Resort &amp; Spa \u00e9 um resort somente para adultos conhecido por sua atmosfera \u00edntima e belos arredores. O resort oferece vilas de praia e vilas sobre a \u00e1gua, cada uma proporcionando um retiro sereno com acesso direto \u00e0 lagoa ou \u00e0 praia. Os casais podem desfrutar de jantares rom\u00e2nticos na praia, tratamentos de spa e uma variedade de esportes aqu\u00e1ticos. O ambiente tranquilo do resort o torna ideal para uma lua de mel pac\u00edfica e rom\u00e2ntica.<\/p>\n<p><strong>Destaques:<\/strong><\/p>\n<p>\u2013 Resort somente para adultos<br \/>\n\u2013 Vilas de praia e sobre a \u00e1gua<br \/>\n\u2013 Ambiente tranquilo e intimista<\/p>\n\n\t\t<\/div>\n\t<\/div>\n<\/div><\/div><\/div><\/div><div class=\"vc_row wpb_row vc_row-fluid\"><div class=\"wpb_column vc_column_container vc_col-sm-3\"><div class=\"vc_column-inner\"><div class=\"wpb_wrapper\">\n\t<div  class=\"wpb_single_image wpb_content_element vc_align_left wpb_content_element\">\n\t\t\n\t\t<figure class=\"wpb_wrapper vc_figure\">\n\t\t\t<div class=\"vc_single_image-wrapper   vc_box_border_grey\"><img loading=\"lazy\" decoding=\"async\" width=\"150\" height=\"150\" src=\"https:\/\/maldives-paradise.com\/wp-content\/uploads\/2024\/06\/ozen-life-madhoo-Floating-Breakfast-3-150x150.jpg\" class=\"vc_single_image-img attachment-thumbnail\" alt=\"VIDA DE OZEN MAADHOO\" title=\"ozen-life-madhoo-caf\u00e9-da-manh\u00e3-flutuante-3\" \/><\/div>\n\t\t<\/figure>\n\t<\/div>\n<\/div><\/div><\/div><div class=\"wpb_column vc_column_container vc_col-sm-9\"><div class=\"vc_column-inner\"><div class=\"wpb_wrapper\">\n\t<div class=\"wpb_text_column wpb_content_element\" >\n\t\t<div class=\"wpb_wrapper\">\n\t\t\t<h4><a href=\"https:\/\/trip.tpo.lv\/i4Tqqyq0\" target=\"_blank\" rel=\"nofollow noopener\">VIDA DE OZEN MAADHOO<\/a><\/h4>\n<p>OZEN LIFE MAADHOO combina luxo contempor\u00e2neo com o charme das Maldivas. O resort oferece Earth Villas na praia e Wind Villas sobre a \u00e1gua, ambas com piscinas privativas. Os rec\u00e9m-casados podem aproveitar o plano all-inclusive do resort, que inclui refei\u00e7\u00f5es requintadas, bebidas premium e uma variedade de atividades. O restaurante subaqu\u00e1tico do resort, M6m, oferece uma experi\u00eancia gastron\u00f4mica \u00fanica cercada pela vida marinha.<\/p>\n<p><strong>Destaques:<\/strong><\/p>\n<p>\u2013 Resort de luxo com tudo inclu\u00eddo<br \/>\n\u2013 Moradias com piscinas privadas<br \/>\n\u2013 Jantar subaqu\u00e1tico no M6m<\/p>\n\n\t\t<\/div>\n\t<\/div>\n<\/div><\/div><\/div><\/div><div class=\"vc_row wpb_row vc_row-fluid\"><div class=\"wpb_column vc_column_container vc_col-sm-3\"><div class=\"vc_column-inner\"><div class=\"wpb_wrapper\">\n\t<div  class=\"wpb_single_image wpb_content_element vc_align_left wpb_content_element\">\n\t\t\n\t\t<figure class=\"wpb_wrapper vc_figure\">\n\t\t\t<div class=\"vc_single_image-wrapper   vc_box_border_grey\"><img loading=\"lazy\" decoding=\"async\" width=\"150\" height=\"150\" src=\"https:\/\/maldives-paradise.com\/wp-content\/uploads\/2024\/06\/Kandolhu-Maldives3-150x150.jpg\" class=\"vc_single_image-img attachment-thumbnail\" alt=\"Kandolhu Maldivas\" title=\"Kandolhu Maldivas\" \/><\/div>\n\t\t<\/figure>\n\t<\/div>\n<\/div><\/div><\/div><div class=\"wpb_column vc_column_container vc_col-sm-9\"><div class=\"vc_column-inner\"><div class=\"wpb_wrapper\">\n\t<div class=\"wpb_text_column wpb_content_element\" >\n\t\t<div class=\"wpb_wrapper\">\n\t\t\t<h4><a href=\"https:\/\/lamp.glopss.com\/SHUW\" target=\"_blank\" rel=\"nofollow noopener\">Kandolhu Maldivas<\/a><\/h4>\n<p>O Kandolhu Maldives \u00e9 um resort boutique com tudo inclu\u00eddo que oferece uma mistura de design moderno e beleza natural. As vilas do resort, algumas das quais apresentam piscinas privadas, est\u00e3o aninhadas em vegeta\u00e7\u00e3o exuberante ou empoleiradas sobre a \u00e1gua. Os casais podem desfrutar de mergulho com snorkel no recife da casa, jantares privados na praia e tratamentos hol\u00edsticos de spa. O tamanho intimista do resort garante um servi\u00e7o personalizado e uma atmosfera pac\u00edfica.<\/p>\n<p><strong>Destaques:<\/strong><\/p>\n<p>\u2013 Resort boutique com vilas modernas<br \/>\n\u2013 Piscinas privadas e mergulho com snorkel nos recifes da casa<br \/>\n\u2013 Atendimento personalizado e ambiente intimista<\/p>\n\n\t\t<\/div>\n\t<\/div>\n<\/div><\/div><\/div><\/div><div class=\"vc_row wpb_row vc_row-fluid\"><div class=\"wpb_column vc_column_container vc_col-sm-12\"><div class=\"vc_column-inner\"><div class=\"wpb_wrapper\">\n\t<div class=\"wpb_text_column wpb_content_element\" >\n\t\t<div class=\"wpb_wrapper\">\n\t\t\t<p>As Maldivas s\u00e3o a melhor escolha para casais em lua de mel, oferecendo uma variedade de resorts de luxo que atendem a todos os desejos, desde vilas privadas sobre a \u00e1gua at\u00e9 experi\u00eancias gastron\u00f4micas \u00fanicas e aventuras personalizadas. Quer voc\u00ea busque reclus\u00e3o, aventura ou bem-estar, as Maldivas prometem uma lua de mel inesquec\u00edvel, cheia de romance e luxo. Escolha qualquer um desses resorts de primeira linha e voc\u00ea certamente criar\u00e1 mem\u00f3rias que durar\u00e3o a vida toda.<\/p>\n<p><a href=\"http:\/\/maldives-paradise.com\/pt\/marcacao\/lua-de-mel-maldivas\/\">Mais sobre resorts para lua de mel nas Maldivas<\/a><\/p>\n\n\t\t<\/div>\n\t<\/div>\n<\/div><\/div><\/div><\/div><div class=\"vc_row wpb_row vc_row-fluid\"><div class=\"wpb_column vc_column_container vc_col-sm-12\"><div class=\"vc_column-inner\"><div class=\"wpb_wrapper\">\n\t<div class=\"wpb_text_column wpb_content_element\" >\n\t\t<div class=\"wpb_wrapper\">\n\t\t\t<p><strong><a title=\"Os 12 melhores resorts rom\u00e2nticos\" href=\"https:\/\/maldives-paradise.com\/pt\/?page_id=9020\">Os melhores resorts rom\u00e2nticos nas Maldivas<\/a><\/strong><\/p>\n<p><strong><a title=\"Os melhores resorts somente para adultos\" href=\"https:\/\/maldives-paradise.com\/pt\/?page_id=8790\">Os melhores resorts somente para adultos nas Maldivas<\/a><\/strong><\/p>\n\n\t\t<\/div>\n\t<\/div>\n<\/div><\/div><\/div><\/div>\n<\/div>","protected":false},"excerpt":{"rendered":"<div class=\"mh-excerpt\"><\/div>","protected":false},"author":1,"featured_media":17306,"parent":0,"menu_order":0,"comment_status":"closed","ping_status":"closed","template":"","meta":{"footnotes":""},"class_list":["post-17305","page","type-page","status-publish","has-post-thumbnail"],"aioseo_notices":[],"_links":{"self":[{"href":"https:\/\/maldives-paradise.com\/pt\/wp-json\/wp\/v2\/pages\/17305","targetHints":{"allow":["GET"]}}],"collection":[{"href":"https:\/\/maldives-paradise.com\/pt\/wp-json\/wp\/v2\/pages"}],"about":[{"href":"https:\/\/maldives-paradise.com\/pt\/wp-json\/wp\/v2\/types\/page"}],"author":[{"embeddable":true,"href":"https:\/\/maldives-paradise.com\/pt\/wp-json\/wp\/v2\/users\/1"}],"replies":[{"embeddable":true,"href":"https:\/\/maldives-paradise.com\/pt\/wp-json\/wp\/v2\/comments?post=17305"}],"version-history":[{"count":7,"href":"https:\/\/maldives-paradise.com\/pt\/wp-json\/wp\/v2\/pages\/17305\/revisions"}],"predecessor-version":[{"id":45309,"href":"https:\/\/maldives-paradise.com\/pt\/wp-json\/wp\/v2\/pages\/17305\/revisions\/45309"}],"wp:featuredmedia":[{"embeddable":true,"href":"https:\/\/maldives-paradise.com\/pt\/wp-json\/wp\/v2\/media\/17306"}],"wp:attachment":[{"href":"https:\/\/maldives-paradise.com\/pt\/wp-json\/wp\/v2\/media?parent=17305"}],"curies":[{"name":"wp","href":"https:\/\/api.w.org\/{rel}","templated":true}]}}