{"id":16081,"date":"2024-05-27T15:36:56","date_gmt":"2024-05-27T15:36:56","guid":{"rendered":"http:\/\/maldives-paradise.com\/?page_id=16081"},"modified":"2025-10-09T15:00:57","modified_gmt":"2025-10-09T15:00:57","slug":"melhores-resorts-de-luxo-no-atol-de-shaviyani","status":"publish","type":"page","link":"https:\/\/maldives-paradise.com\/pt\/melhores-resorts-de-luxo-no-atol-de-shaviyani\/","title":{"rendered":"Melhores resorts de luxo no Atol Shaviyani"},"content":{"rendered":"<div class=\"wpb-content-wrapper\"><div class=\"vc_row wpb_row vc_row-fluid\"><div class=\"wpb_column vc_column_container vc_col-sm-12\"><div class=\"vc_column-inner\"><div class=\"wpb_wrapper\">\n\t<div class=\"wpb_text_column wpb_content_element\" >\n\t\t<div class=\"wpb_wrapper\">\n\t\t\t<p>O Atol Shaviyani, aninhado na parte norte das Maldivas, \u00e9 um para\u00edso isolado, conhecido por sua beleza intocada e resorts luxuosos que atendem aqueles que buscam exclusividade e servi\u00e7o inigual\u00e1vel. As \u00e1guas cristalinas do atol, os vibrantes recifes de corais e as praias de areia branca criam um cen\u00e1rio de esplendor natural que aprimora a experi\u00eancia opulenta oferecida por seus resorts de primeira linha. Aqui, exploramos os dez melhores resorts de luxo em <strong>Atol Shaviyani<\/strong>, cada um oferecendo um peda\u00e7o \u00fanico do para\u00edso com comodidades de classe mundial e experi\u00eancias personalizadas.<\/p>\n\n\t\t<\/div>\n\t<\/div>\n<\/div><\/div><\/div><\/div><div class=\"vc_row wpb_row vc_row-fluid\"><div class=\"wpb_column vc_column_container vc_col-sm-12\"><div class=\"vc_column-inner\"><div class=\"wpb_wrapper\">\n\t<div  class=\"wpb_single_image wpb_content_element vc_align_left wpb_content_element\">\n\t\t<h2 class=\"wpb_heading wpb_singleimage_heading\">Fairmont Maldivas Sirru Fen Fushi<\/h2>\n\t\t<figure class=\"wpb_wrapper vc_figure\">\n\t\t\t<div class=\"vc_single_image-wrapper   vc_box_border_grey\"><img loading=\"lazy\" decoding=\"async\" width=\"780\" height=\"390\" src=\"https:\/\/maldives-paradise.com\/wp-content\/uploads\/2024\/05\/Fairmont-Maldives-Aerial-Pool.jpg\" class=\"vc_single_image-img attachment-large\" alt=\"Sirru Fen Fushi\" title=\"Fairmont-Maldives-Aerial-Pool\" srcset=\"https:\/\/maldives-paradise.com\/wp-content\/uploads\/2024\/05\/Fairmont-Maldives-Aerial-Pool.jpg 780w, https:\/\/maldives-paradise.com\/wp-content\/uploads\/2024\/05\/Fairmont-Maldives-Aerial-Pool-300x150.jpg 300w, https:\/\/maldives-paradise.com\/wp-content\/uploads\/2024\/05\/Fairmont-Maldives-Aerial-Pool-768x384.jpg 768w, https:\/\/maldives-paradise.com\/wp-content\/uploads\/2024\/05\/Fairmont-Maldives-Aerial-Pool-18x9.jpg 18w, https:\/\/maldives-paradise.com\/wp-content\/uploads\/2024\/05\/Fairmont-Maldives-Aerial-Pool-500x250.jpg 500w\" sizes=\"auto, (max-width: 780px) 100vw, 780px\" \/><\/div>\n\t\t<\/figure>\n\t<\/div>\n<\/div><\/div><\/div><\/div><div class=\"vc_row wpb_row vc_row-fluid\"><div class=\"wpb_column vc_column_container vc_col-sm-12\"><div class=\"vc_column-inner\"><div class=\"wpb_wrapper\">\n\t<div class=\"wpb_text_column wpb_content_element\" >\n\t\t<div class=\"wpb_wrapper\">\n\t\t\t<h4><a href=\"https:\/\/lamp.glopss.com\/SHWB\" target=\"_blank\" rel=\"nofollow noopener\">Resort em lagoa privada Sirru Fen Fushi<\/a><\/h4>\n<p>Sirru Fen Fushi, known as the &#8220;Secret Water Island,&#8221; is an exclusive 120-luxury villa resort that offers guests the ultimate in privacy and luxury. The resort is distinguished by its 9 km long house reef directly accessible from the beach, an underwater art installation by Jason deCaires Taylor, and the luxurious Willow Stream Spa. Villas range from beachfront to overwater, each with its private pool, offering a sanctuary of tranquility and unparalleled comfort.<\/p>\n\n\t\t<\/div>\n\t<\/div>\n<\/div><\/div><\/div><\/div><div class=\"vc_row wpb_row vc_row-fluid\"><div class=\"wpb_column vc_column_container vc_col-sm-12\"><div class=\"vc_column-inner\"><div class=\"wpb_wrapper\">\n\t<div  class=\"wpb_single_image wpb_content_element vc_align_left wpb_content_element\">\n\t\t<h2 class=\"wpb_heading wpb_singleimage_heading\">JW Marriott Maldivas Resort &amp; Spa<\/h2>\n\t\t<figure class=\"wpb_wrapper vc_figure\">\n\t\t\t<div class=\"vc_single_image-wrapper   vc_box_border_grey\"><img loading=\"lazy\" decoding=\"async\" width=\"1024\" height=\"683\" src=\"https:\/\/maldives-paradise.com\/wp-content\/uploads\/2024\/05\/jw-marriott-1024x683.jpg\" class=\"vc_single_image-img attachment-large\" alt=\"JW Marriott Maldivas Resort &amp; Spa\" title=\"jw-marriott\" srcset=\"https:\/\/maldives-paradise.com\/wp-content\/uploads\/2024\/05\/jw-marriott-1024x683.jpg 1024w, https:\/\/maldives-paradise.com\/wp-content\/uploads\/2024\/05\/jw-marriott-300x200.jpg 300w, https:\/\/maldives-paradise.com\/wp-content\/uploads\/2024\/05\/jw-marriott-768x512.jpg 768w, https:\/\/maldives-paradise.com\/wp-content\/uploads\/2024\/05\/jw-marriott-18x12.jpg 18w, https:\/\/maldives-paradise.com\/wp-content\/uploads\/2024\/05\/jw-marriott-1200x800.jpg 1200w, https:\/\/maldives-paradise.com\/wp-content\/uploads\/2024\/05\/jw-marriott-500x333.jpg 500w, https:\/\/maldives-paradise.com\/wp-content\/uploads\/2024\/05\/jw-marriott-800x534.jpg 800w, https:\/\/maldives-paradise.com\/wp-content\/uploads\/2024\/05\/jw-marriott.jpg 1336w\" sizes=\"auto, (max-width: 1024px) 100vw, 1024px\" \/><\/div>\n\t\t<\/figure>\n\t<\/div>\n<\/div><\/div><\/div><\/div><div class=\"vc_row wpb_row vc_row-fluid\"><div class=\"wpb_column vc_column_container vc_col-sm-12\"><div class=\"vc_column-inner\"><div class=\"wpb_wrapper\">\n\t<div class=\"wpb_text_column wpb_content_element\" >\n\t\t<div class=\"wpb_wrapper\">\n\t\t\t<h4><a href=\"https:\/\/trip.tpo.lv\/zodsIVh1\" target=\"_blank\" rel=\"nofollow noopener\">JW Marriott Maldivas Resort &amp; Spa<\/a><\/h4>\n<p>O JW Marriott Maldives Resort &amp; Spa traz luxo sofisticado \u00e0s praias imaculadas do Atol Shaviyani. Com 61 vilas, cada uma oferecendo piscinas privativas e vistas deslumbrantes do Oceano \u00cdndico, os h\u00f3spedes podem desfrutar de isolamento e comodidades exclusivas. O resort oferece cinco experi\u00eancias gastron\u00f4micas exclusivas, um clube infantil abrangente e o Spa by JW, proporcionando uma abordagem hol\u00edstica ao bem-estar.<\/p>\n\n\t\t<\/div>\n\t<\/div>\n<\/div><\/div><\/div><\/div><div class=\"vc_row wpb_row vc_row-fluid\"><div class=\"wpb_column vc_column_container vc_col-sm-12\"><div class=\"vc_column-inner\"><div class=\"wpb_wrapper\">\n\t<div class=\"wpb_text_column wpb_content_element\" >\n\t\t<div class=\"wpb_wrapper\">\n\t\t\t<h4><a href=\"https:\/\/maldives-paradise.com\/pt\/2024\/03\/os-melhores-resorts-de-luxo-no-atol-baa\/\">Os melhores resorts de luxo no Atol Baa<\/a><\/h4>\n\n\t\t<\/div>\n\t<\/div>\n<\/div><\/div><\/div><\/div>\n<\/div>","protected":false},"excerpt":{"rendered":"<div class=\"mh-excerpt\"><\/div>","protected":false},"author":1,"featured_media":16082,"parent":0,"menu_order":0,"comment_status":"closed","ping_status":"closed","template":"","meta":{"footnotes":""},"class_list":["post-16081","page","type-page","status-publish","has-post-thumbnail"],"aioseo_notices":[],"_links":{"self":[{"href":"https:\/\/maldives-paradise.com\/pt\/wp-json\/wp\/v2\/pages\/16081","targetHints":{"allow":["GET"]}}],"collection":[{"href":"https:\/\/maldives-paradise.com\/pt\/wp-json\/wp\/v2\/pages"}],"about":[{"href":"https:\/\/maldives-paradise.com\/pt\/wp-json\/wp\/v2\/types\/page"}],"author":[{"embeddable":true,"href":"https:\/\/maldives-paradise.com\/pt\/wp-json\/wp\/v2\/users\/1"}],"replies":[{"embeddable":true,"href":"https:\/\/maldives-paradise.com\/pt\/wp-json\/wp\/v2\/comments?post=16081"}],"version-history":[{"count":4,"href":"https:\/\/maldives-paradise.com\/pt\/wp-json\/wp\/v2\/pages\/16081\/revisions"}],"predecessor-version":[{"id":43321,"href":"https:\/\/maldives-paradise.com\/pt\/wp-json\/wp\/v2\/pages\/16081\/revisions\/43321"}],"wp:featuredmedia":[{"embeddable":true,"href":"https:\/\/maldives-paradise.com\/pt\/wp-json\/wp\/v2\/media\/16082"}],"wp:attachment":[{"href":"https:\/\/maldives-paradise.com\/pt\/wp-json\/wp\/v2\/media?parent=16081"}],"curies":[{"name":"wp","href":"https:\/\/api.w.org\/{rel}","templated":true}]}}