{"id":16026,"date":"2024-05-25T10:56:36","date_gmt":"2024-05-25T10:56:36","guid":{"rendered":"http:\/\/maldives-paradise.com\/?page_id=16026"},"modified":"2025-10-10T15:08:11","modified_gmt":"2025-10-10T15:08:11","slug":"os-melhores-resorts-de-luxo-no-atol-de-gaafu","status":"publish","type":"page","link":"https:\/\/maldives-paradise.com\/pt\/os-melhores-resorts-de-luxo-no-atol-de-gaafu\/","title":{"rendered":"Os melhores resorts de luxo no Atol de Gaafu"},"content":{"rendered":"<div class=\"wpb-content-wrapper\"><div class=\"vc_row wpb_row vc_row-fluid\"><div class=\"wpb_column vc_column_container vc_col-sm-12\"><div class=\"vc_column-inner\"><div class=\"wpb_wrapper\">\n\t<div class=\"wpb_text_column wpb_content_element\" >\n\t\t<div class=\"wpb_wrapper\">\n\t\t\t<p><strong>Atol de Gaafu<\/strong> \u00e9 um destino tur\u00edstico popular para aqueles que buscam uma experi\u00eancia aut\u00eantica das Maldivas. O atol \u00e9 bem conhecido por suas praias imaculadas, \u00e1guas azul-turquesa e vida marinha diversificada, tornando-o um local ideal para mergulho com snorkel e cilindro. O atol \u00e9 um dos maiores das Maldivas, com 87 ilhas, das quais apenas 12 s\u00e3o habitadas.<\/p>\n\n\t\t<\/div>\n\t<\/div>\n<\/div><\/div><\/div><\/div><div class=\"vc_row wpb_row vc_row-fluid\"><div class=\"wpb_column vc_column_container vc_col-sm-12\"><div class=\"vc_column-inner\"><div class=\"wpb_wrapper\">\n\t<div  class=\"wpb_single_image wpb_content_element vc_align_left wpb_content_element\">\n\t\t<h2 class=\"wpb_heading wpb_singleimage_heading\">Raffles Maldivas Meradhoo<\/h2>\n\t\t<figure class=\"wpb_wrapper vc_figure\">\n\t\t\t<div class=\"vc_single_image-wrapper   vc_box_border_grey\"><img loading=\"lazy\" decoding=\"async\" width=\"1024\" height=\"768\" src=\"https:\/\/maldives-paradise.com\/wp-content\/uploads\/2024\/05\/raffles.jpg\" class=\"vc_single_image-img attachment-large\" alt=\"Raffles Maldivas Meradhoo\" title=\"rifas\" srcset=\"https:\/\/maldives-paradise.com\/wp-content\/uploads\/2024\/05\/raffles.jpg 1024w, https:\/\/maldives-paradise.com\/wp-content\/uploads\/2024\/05\/raffles-300x225.jpg 300w, https:\/\/maldives-paradise.com\/wp-content\/uploads\/2024\/05\/raffles-768x576.jpg 768w, https:\/\/maldives-paradise.com\/wp-content\/uploads\/2024\/05\/raffles-16x12.jpg 16w, https:\/\/maldives-paradise.com\/wp-content\/uploads\/2024\/05\/raffles-678x509.jpg 678w, https:\/\/maldives-paradise.com\/wp-content\/uploads\/2024\/05\/raffles-326x245.jpg 326w, https:\/\/maldives-paradise.com\/wp-content\/uploads\/2024\/05\/raffles-80x60.jpg 80w, https:\/\/maldives-paradise.com\/wp-content\/uploads\/2024\/05\/raffles-500x375.jpg 500w, https:\/\/maldives-paradise.com\/wp-content\/uploads\/2024\/05\/raffles-800x600.jpg 800w\" sizes=\"auto, (max-width: 1024px) 100vw, 1024px\" \/><\/div>\n\t\t<\/figure>\n\t<\/div>\n<\/div><\/div><\/div><\/div><div class=\"vc_row wpb_row vc_row-fluid\"><div class=\"wpb_column vc_column_container vc_col-sm-12\"><div class=\"vc_column-inner\"><div class=\"wpb_wrapper\">\n\t<div class=\"wpb_text_column wpb_content_element\" >\n\t\t<div class=\"wpb_wrapper\">\n\t\t\t<h4><a href=\"https:\/\/trip.tpo.lv\/a8GaZiTf\" target=\"_blank\" rel=\"nofollow noopener\">Raffles Maldivas<\/a><\/h4>\n<p>Raffles Maldives Meradhoo \u00e9 dois mundos requintados em um, cercados por areia branca imaculada e \u00e1guas cristalinas. As elegantes e espa\u00e7osas vilas e resid\u00eancias ficam a poucos passos da praia em uma ilha particular ou na lagoa, com panoramas arrebatadores do et\u00e9reo belo no Atol de Gaafu, no Oceano \u00cdndico.<\/p>\n\n\t\t<\/div>\n\t<\/div>\n<\/div><\/div><\/div><\/div><div class=\"vc_row wpb_row vc_row-fluid\"><div class=\"wpb_column vc_column_container vc_col-sm-12\"><div class=\"vc_column-inner\"><div class=\"wpb_wrapper\">\n\t<div  class=\"wpb_single_image wpb_content_element vc_align_left wpb_content_element\">\n\t\t<h2 class=\"wpb_heading wpb_singleimage_heading\">Park Hyatt Maldivas Hadahaa<\/h2>\n\t\t<figure class=\"wpb_wrapper vc_figure\">\n\t\t\t<div class=\"vc_single_image-wrapper   vc_box_border_grey\"><img loading=\"lazy\" decoding=\"async\" width=\"700\" height=\"475\" src=\"https:\/\/maldives-paradise.com\/wp-content\/uploads\/2024\/05\/Park-Hyatt-Maldives-Hadahaa-deluxe-park-pool-villa.jpg\" class=\"vc_single_image-img attachment-large\" alt=\"Park Hyatt Maldivas Hadahaa\" title=\"Park Hyatt Maldives Hadahaa-deluxe-parque-piscina-villa\" srcset=\"https:\/\/maldives-paradise.com\/wp-content\/uploads\/2024\/05\/Park-Hyatt-Maldives-Hadahaa-deluxe-park-pool-villa.jpg 700w, https:\/\/maldives-paradise.com\/wp-content\/uploads\/2024\/05\/Park-Hyatt-Maldives-Hadahaa-deluxe-park-pool-villa-300x204.jpg 300w, https:\/\/maldives-paradise.com\/wp-content\/uploads\/2024\/05\/Park-Hyatt-Maldives-Hadahaa-deluxe-park-pool-villa-18x12.jpg 18w, https:\/\/maldives-paradise.com\/wp-content\/uploads\/2024\/05\/Park-Hyatt-Maldives-Hadahaa-deluxe-park-pool-villa-500x339.jpg 500w\" sizes=\"auto, (max-width: 700px) 100vw, 700px\" \/><\/div>\n\t\t<\/figure>\n\t<\/div>\n<\/div><\/div><\/div><\/div><div class=\"vc_row wpb_row vc_row-fluid\"><div class=\"wpb_column vc_column_container vc_col-sm-12\"><div class=\"vc_column-inner\"><div class=\"wpb_wrapper\">\n\t<div class=\"wpb_text_column wpb_content_element\" >\n\t\t<div class=\"wpb_wrapper\">\n\t\t\t<h4><a href=\"https:\/\/trip.tpo.lv\/VgLltNfb\" target=\"_blank\" rel=\"nofollow noopener\">Park Hyatt Maldivas Hadahaa<\/a><\/h4>\n<p>Experimente o servi\u00e7o de classe mundial no Park Hyatt Maldives Hadahaa. Desfrute de estadias luxuosas em uma ilha exclusiva no Park Hyatt Maldives, com vilas 5 estrelas localizadas a poucos passos da areia branca e fina. Disp\u00f5e de uma piscina ao ar livre, centro de atividades e pomba PADI 5 estrelas, spa de primeira classe e academia. Aninhadas em meio \u00e0 vegeta\u00e7\u00e3o tropical, as vilas apresentam \u00e1reas de banho de conceito aberto que oferecem vistas panor\u00e2micas. Os confortos da vila incluem decks privativos com espregui\u00e7adeiras, centro de m\u00eddia e muito mais.<\/p>\n\n\t\t<\/div>\n\t<\/div>\n<\/div><\/div><\/div><\/div><div class=\"vc_row wpb_row vc_row-fluid\"><div class=\"wpb_column vc_column_container vc_col-sm-12\"><div class=\"vc_column-inner\"><div class=\"wpb_wrapper\">\n\t<div  class=\"wpb_single_image wpb_content_element vc_align_left wpb_content_element\">\n\t\t<h2 class=\"wpb_heading wpb_singleimage_heading\">ROBINSON Clube Maldivas<\/h2>\n\t\t<figure class=\"wpb_wrapper vc_figure\">\n\t\t\t<div class=\"vc_single_image-wrapper   vc_box_border_grey\"><img loading=\"lazy\" decoding=\"async\" width=\"780\" height=\"518\" src=\"https:\/\/maldives-paradise.com\/wp-content\/uploads\/2024\/05\/Robinson-Maldives-Adults-Only-Hotel-Gaafu-Alifu-Atoll-Exterior.jpeg\" class=\"vc_single_image-img attachment-large\" alt=\"Atol de Gaafu nas Maldivas\" title=\"Robinson-Maldivas-Adults-Only-Hotel-Gaafu-Alifu-Atoll-Exterior\" srcset=\"https:\/\/maldives-paradise.com\/wp-content\/uploads\/2024\/05\/Robinson-Maldives-Adults-Only-Hotel-Gaafu-Alifu-Atoll-Exterior.jpeg 780w, https:\/\/maldives-paradise.com\/wp-content\/uploads\/2024\/05\/Robinson-Maldives-Adults-Only-Hotel-Gaafu-Alifu-Atoll-Exterior-300x199.jpeg 300w, https:\/\/maldives-paradise.com\/wp-content\/uploads\/2024\/05\/Robinson-Maldives-Adults-Only-Hotel-Gaafu-Alifu-Atoll-Exterior-768x510.jpeg 768w, https:\/\/maldives-paradise.com\/wp-content\/uploads\/2024\/05\/Robinson-Maldives-Adults-Only-Hotel-Gaafu-Alifu-Atoll-Exterior-18x12.jpeg 18w, https:\/\/maldives-paradise.com\/wp-content\/uploads\/2024\/05\/Robinson-Maldives-Adults-Only-Hotel-Gaafu-Alifu-Atoll-Exterior-500x332.jpeg 500w\" sizes=\"auto, (max-width: 780px) 100vw, 780px\" \/><\/div>\n\t\t<\/figure>\n\t<\/div>\n<\/div><\/div><\/div><\/div><div class=\"vc_row wpb_row vc_row-fluid\"><div class=\"wpb_column vc_column_container vc_col-sm-12\"><div class=\"vc_column-inner\"><div class=\"wpb_wrapper\">\n\t<div class=\"wpb_text_column wpb_content_element\" >\n\t\t<div class=\"wpb_wrapper\">\n\t\t\t<h4><a href=\"https:\/\/trip.tpo.lv\/eBl71ATn\" target=\"_blank\" rel=\"nofollow noopener\">ROBINSON Clube Maldivas<\/a><\/h4>\n<p>Positioned on Funamadua Island, ROBINSON Maldives caters to adults and families with children aged 14 and above. It offers a relaxed atmosphere with beach bungalows, garden villas, and overwater villas, each designed to provide an intimate escape. The resort is known for its extensive sports programs, including diving, water sports, and fitness classes, making it the perfect choice for active travelers seeking luxury.<\/p>\n\n\t\t<\/div>\n\t<\/div>\n<\/div><\/div><\/div><\/div><div class=\"vc_row wpb_row vc_row-fluid\"><div class=\"wpb_column vc_column_container vc_col-sm-12\"><div class=\"vc_column-inner\"><div class=\"wpb_wrapper\">\n\t<div  class=\"wpb_single_image wpb_content_element vc_align_left wpb_content_element\">\n\t\t<h2 class=\"wpb_heading wpb_singleimage_heading\">Mercure Maldivas Kooddoo Resort<\/h2>\n\t\t<figure class=\"wpb_wrapper vc_figure\">\n\t\t\t<div class=\"vc_single_image-wrapper   vc_box_border_grey\"><img loading=\"lazy\" decoding=\"async\" width=\"1024\" height=\"768\" src=\"https:\/\/maldives-paradise.com\/wp-content\/uploads\/2024\/05\/mercure.jpg\" class=\"vc_single_image-img attachment-large\" alt=\"Mercure Maldivas Kooddoo Resort\" title=\"Mercure Maldivas Kooddoo Resort\" srcset=\"https:\/\/maldives-paradise.com\/wp-content\/uploads\/2024\/05\/mercure.jpg 1024w, https:\/\/maldives-paradise.com\/wp-content\/uploads\/2024\/05\/mercure-300x225.jpg 300w, https:\/\/maldives-paradise.com\/wp-content\/uploads\/2024\/05\/mercure-768x576.jpg 768w, https:\/\/maldives-paradise.com\/wp-content\/uploads\/2024\/05\/mercure-16x12.jpg 16w, https:\/\/maldives-paradise.com\/wp-content\/uploads\/2024\/05\/mercure-678x509.jpg 678w, https:\/\/maldives-paradise.com\/wp-content\/uploads\/2024\/05\/mercure-326x245.jpg 326w, https:\/\/maldives-paradise.com\/wp-content\/uploads\/2024\/05\/mercure-80x60.jpg 80w, https:\/\/maldives-paradise.com\/wp-content\/uploads\/2024\/05\/mercure-500x375.jpg 500w, https:\/\/maldives-paradise.com\/wp-content\/uploads\/2024\/05\/mercure-800x600.jpg 800w\" sizes=\"auto, (max-width: 1024px) 100vw, 1024px\" \/><\/div>\n\t\t<\/figure>\n\t<\/div>\n<\/div><\/div><\/div><\/div><div class=\"vc_row wpb_row vc_row-fluid\"><div class=\"wpb_column vc_column_container vc_col-sm-12\"><div class=\"vc_column-inner\"><div class=\"wpb_wrapper\">\n\t<div class=\"wpb_text_column wpb_content_element\" >\n\t\t<div class=\"wpb_wrapper\">\n\t\t\t<h4><a href=\"https:\/\/trip.tpo.lv\/VmYMdeUR\" target=\"_blank\" rel=\"nofollow noopener\">Mercure Maldivas Kooddoo Resort<\/a><\/h4>\n<p>Com acesso direto ao oceano de todas as suas vilas, o Mercure Maldives Kooddoo Resort combina arquitetura local com conforto moderno. \u00c9 o \u00fanico resort nas Maldivas que \u00e9 constru\u00eddo usando materiais locais em sua constru\u00e7\u00e3o, reduzindo significativamente sua pegada de carbono. Com um centro de biologia marinha, um spa bem equipado e v\u00e1rios locais para refei\u00e7\u00f5es, o resort oferece uma experi\u00eancia de luxo abrangente.<\/p>\n\n\t\t<\/div>\n\t<\/div>\n<\/div><\/div><\/div><\/div><div class=\"vc_row wpb_row vc_row-fluid\"><div class=\"wpb_column vc_column_container vc_col-sm-12\"><div class=\"vc_column-inner\"><div class=\"wpb_wrapper\">\n\t<div  class=\"wpb_single_image wpb_content_element vc_align_left wpb_content_element\">\n\t\t<h2 class=\"wpb_heading wpb_singleimage_heading\">Outrigger Konotta Maldivas Resort<\/h2>\n\t\t<figure class=\"wpb_wrapper vc_figure\">\n\t\t\t<div class=\"vc_single_image-wrapper   vc_box_border_grey\"><img loading=\"lazy\" decoding=\"async\" width=\"900\" height=\"500\" src=\"https:\/\/maldives-paradise.com\/wp-content\/uploads\/2024\/05\/outrigger.jpg\" class=\"vc_single_image-img attachment-large\" alt=\"Outrigger Konotta Maldivas Resort\" title=\"estabilizador\" srcset=\"https:\/\/maldives-paradise.com\/wp-content\/uploads\/2024\/05\/outrigger.jpg 900w, https:\/\/maldives-paradise.com\/wp-content\/uploads\/2024\/05\/outrigger-300x167.jpg 300w, https:\/\/maldives-paradise.com\/wp-content\/uploads\/2024\/05\/outrigger-768x427.jpg 768w, https:\/\/maldives-paradise.com\/wp-content\/uploads\/2024\/05\/outrigger-18x10.jpg 18w, https:\/\/maldives-paradise.com\/wp-content\/uploads\/2024\/05\/outrigger-500x278.jpg 500w, https:\/\/maldives-paradise.com\/wp-content\/uploads\/2024\/05\/outrigger-800x444.jpg 800w\" sizes=\"auto, (max-width: 900px) 100vw, 900px\" \/><\/div>\n\t\t<\/figure>\n\t<\/div>\n<\/div><\/div><\/div><\/div><div class=\"vc_row wpb_row vc_row-fluid\"><div class=\"wpb_column vc_column_container vc_col-sm-12\"><div class=\"vc_column-inner\"><div class=\"wpb_wrapper\">\n\t<div class=\"wpb_text_column wpb_content_element\" >\n\t\t<div class=\"wpb_wrapper\">\n\t\t\t<h4><a href=\"https:\/\/hotellook.tp.st\/C5KGyvIB\" target=\"_blank\" rel=\"nofollow noopener\">Outrigger Konotta Maldivas Resort<\/a><\/h4>\n<p>Este resort isolado oferece privacidade e luxo inigual\u00e1veis, com vilas espa\u00e7osas com piscinas privativas, acesso direto \u00e0 lagoa e servi\u00e7o personalizado. O Outrigger Konotta Maldives Resort \u00e9 perfeito para aqueles que buscam uma fuga serena e opulenta. Seu Navasana Spa, diversas op\u00e7\u00f5es culin\u00e1rias e uma variedade de atividades aqu\u00e1ticas garantem uma estadia memor\u00e1vel no para\u00edso do Atol de Gaafu.<\/p>\n\n\t\t<\/div>\n\t<\/div>\n<\/div><\/div><\/div><\/div><div class=\"vc_row wpb_row vc_row-fluid\"><div class=\"wpb_column vc_column_container vc_col-sm-12\"><div class=\"vc_column-inner\"><div class=\"wpb_wrapper\">\n\t<div  class=\"wpb_single_image wpb_content_element vc_align_left wpb_content_element\">\n\t\t<h2 class=\"wpb_heading wpb_singleimage_heading\">Pullman Maldivas Resort com tudo inclu\u00eddo<\/h2>\n\t\t<figure class=\"wpb_wrapper vc_figure\">\n\t\t\t<div class=\"vc_single_image-wrapper   vc_box_border_grey\"><img loading=\"lazy\" decoding=\"async\" width=\"1024\" height=\"683\" src=\"https:\/\/maldives-paradise.com\/wp-content\/uploads\/2024\/05\/pullman.jpg\" class=\"vc_single_image-img attachment-large\" alt=\"Pullman Maldivas Resort com tudo inclu\u00eddo\" title=\"puxador\" srcset=\"https:\/\/maldives-paradise.com\/wp-content\/uploads\/2024\/05\/pullman.jpg 1024w, https:\/\/maldives-paradise.com\/wp-content\/uploads\/2024\/05\/pullman-300x200.jpg 300w, https:\/\/maldives-paradise.com\/wp-content\/uploads\/2024\/05\/pullman-768x512.jpg 768w, https:\/\/maldives-paradise.com\/wp-content\/uploads\/2024\/05\/pullman-18x12.jpg 18w, https:\/\/maldives-paradise.com\/wp-content\/uploads\/2024\/05\/pullman-500x333.jpg 500w, https:\/\/maldives-paradise.com\/wp-content\/uploads\/2024\/05\/pullman-800x534.jpg 800w\" sizes=\"auto, (max-width: 1024px) 100vw, 1024px\" \/><\/div>\n\t\t<\/figure>\n\t<\/div>\n<\/div><\/div><\/div><\/div><div class=\"vc_row wpb_row vc_row-fluid\"><div class=\"wpb_column vc_column_container vc_col-sm-12\"><div class=\"vc_column-inner\"><div class=\"wpb_wrapper\">\n\t<div class=\"wpb_text_column wpb_content_element\" >\n\t\t<div class=\"wpb_wrapper\">\n\t\t\t<h4><a href=\"https:\/\/hotellook.tp.st\/sAUwE7NU\" target=\"_blank\" rel=\"nofollow noopener\">Pullman Maldivas Resort com tudo inclu\u00eddo<\/a><\/h4>\n<p>Pullman Maldives Maamutaa \u2014 um para\u00edso com tudo inclu\u00eddo onde o luxo encontra possibilidades ilimitadas. Mergulhe em vantagens exclusivas, acenda seu intelecto e amplie seus horizontes com ousadia. Este n\u00e3o \u00e9 apenas um resort; \u00e9 um lugar projetado para aqueles que querem melhorar seu jogo. Aninhado no sul das Maldivas, na Ilha Maamutaa, dentro do Atol Gaafu Alifu, nosso playground empreendedor abrange 18 hectares de vegeta\u00e7\u00e3o exuberante, circundando um lago natural. Nosso compromisso? Proporcionar a voc\u00ea as f\u00e9rias da sua vida<\/p>\n\n\t\t<\/div>\n\t<\/div>\n<\/div><\/div><\/div><\/div><div class=\"vc_row wpb_row vc_row-fluid\"><div class=\"wpb_column vc_column_container vc_col-sm-12\"><div class=\"vc_column-inner\"><div class=\"wpb_wrapper\">\n\t<div  class=\"wpb_single_image wpb_content_element vc_align_left wpb_content_element\">\n\t\t<h2 class=\"wpb_heading wpb_singleimage_heading\">A Resid\u00eancia Maldivas em Falhumaafushi<\/h2>\n\t\t<figure class=\"wpb_wrapper vc_figure\">\n\t\t\t<div class=\"vc_single_image-wrapper   vc_box_border_grey\"><img loading=\"lazy\" decoding=\"async\" width=\"780\" height=\"519\" src=\"https:\/\/maldives-paradise.com\/wp-content\/uploads\/2024\/05\/The-Residence-Maldives-at-Falhumaafushi.jpg\" class=\"vc_single_image-img attachment-large\" alt=\"A Resid\u00eancia Maldivas em Falhumaafushi\" title=\"A Resid\u00eancia Maldivas em Falhumaafushi\" srcset=\"https:\/\/maldives-paradise.com\/wp-content\/uploads\/2024\/05\/The-Residence-Maldives-at-Falhumaafushi.jpg 780w, https:\/\/maldives-paradise.com\/wp-content\/uploads\/2024\/05\/The-Residence-Maldives-at-Falhumaafushi-300x200.jpg 300w, https:\/\/maldives-paradise.com\/wp-content\/uploads\/2024\/05\/The-Residence-Maldives-at-Falhumaafushi-768x511.jpg 768w, https:\/\/maldives-paradise.com\/wp-content\/uploads\/2024\/05\/The-Residence-Maldives-at-Falhumaafushi-18x12.jpg 18w, https:\/\/maldives-paradise.com\/wp-content\/uploads\/2024\/05\/The-Residence-Maldives-at-Falhumaafushi-500x333.jpg 500w\" sizes=\"auto, (max-width: 780px) 100vw, 780px\" \/><\/div>\n\t\t<\/figure>\n\t<\/div>\n<\/div><\/div><\/div><\/div><div class=\"vc_row wpb_row vc_row-fluid\"><div class=\"wpb_column vc_column_container vc_col-sm-12\"><div class=\"vc_column-inner\"><div class=\"wpb_wrapper\">\n\t<div class=\"wpb_text_column wpb_content_element\" >\n\t\t<div class=\"wpb_wrapper\">\n\t\t\t<h4><a href=\"https:\/\/trip.tpo.lv\/HJSSIY3X\" target=\"_blank\" rel=\"nofollow noopener\">A Resid\u00eancia Maldivas<\/a><\/h4>\n<p>Aninhado na ilha intocada de Falhumaafushi, no atol de Gaafu Alifu, um dos maiores e mais profundos at\u00f3is do mundo, este resort de 94 vilas de frente para a praia e sobre a \u00e1gua \u00e9 um retiro \u00edntimo. A beleza do recife da casa da ilha e seus tubar\u00f5es e tartarugas residentes \u00e9 acess\u00edvel diretamente do deck da vila sobre a \u00e1gua. O resort possui tr\u00eas restaurantes e quatro bares, esportes aqu\u00e1ticos, uma academia, clube infantil e excurs\u00f5es para ilhas pr\u00f3ximas.<\/p>\n\n\t\t<\/div>\n\t<\/div>\n<\/div><\/div><\/div><\/div><div class=\"vc_row wpb_row vc_row-fluid\"><div class=\"wpb_column vc_column_container vc_col-sm-12\"><div class=\"vc_column-inner\"><div class=\"wpb_wrapper\">\n\t<div  class=\"wpb_single_image wpb_content_element vc_align_left wpb_content_element\">\n\t\t<h2 class=\"wpb_heading wpb_singleimage_heading\">NH Collection Maldivas Havodda Resort<\/h2>\n\t\t<figure class=\"wpb_wrapper vc_figure\">\n\t\t\t<div class=\"vc_single_image-wrapper   vc_box_border_grey\"><img loading=\"lazy\" decoding=\"async\" width=\"1024\" height=\"683\" src=\"https:\/\/maldives-paradise.com\/wp-content\/uploads\/2024\/05\/nh-collection.jpg\" class=\"vc_single_image-img attachment-large\" alt=\"NH Collection Maldivas Havodda Resort\" title=\"cole\u00e7\u00e3o nh\" srcset=\"https:\/\/maldives-paradise.com\/wp-content\/uploads\/2024\/05\/nh-collection.jpg 1024w, https:\/\/maldives-paradise.com\/wp-content\/uploads\/2024\/05\/nh-collection-300x200.jpg 300w, https:\/\/maldives-paradise.com\/wp-content\/uploads\/2024\/05\/nh-collection-768x512.jpg 768w, https:\/\/maldives-paradise.com\/wp-content\/uploads\/2024\/05\/nh-collection-18x12.jpg 18w, https:\/\/maldives-paradise.com\/wp-content\/uploads\/2024\/05\/nh-collection-500x333.jpg 500w, https:\/\/maldives-paradise.com\/wp-content\/uploads\/2024\/05\/nh-collection-800x534.jpg 800w\" sizes=\"auto, (max-width: 1024px) 100vw, 1024px\" \/><\/div>\n\t\t<\/figure>\n\t<\/div>\n<\/div><\/div><\/div><\/div><div class=\"vc_row wpb_row vc_row-fluid\"><div class=\"wpb_column vc_column_container vc_col-sm-12\"><div class=\"vc_column-inner\"><div class=\"wpb_wrapper\">\n\t<div class=\"wpb_text_column wpb_content_element\" >\n\t\t<div class=\"wpb_wrapper\">\n\t\t\t<h4><a href=\"https:\/\/hotellook.tp.st\/VjHy8xqe\" target=\"_blank\" rel=\"nofollow noopener\">NH Collection Maldivas Havodda Resort<\/a><\/h4>\n<p>O resort est\u00e1 escondido no Oceano \u00cdndico, em uma ilha particular a 400 km ao sul da capital, Mal\u00e9, no Atol Gaafu Dhaalu. N\u00f3s convidamos voc\u00ea a descobrir o para\u00edso no NH Collection Maldives Havodda Resort, um ref\u00fagio isolado com vegeta\u00e7\u00e3o tropical exuberante, \u00e1guas cristalinas azul-turquesa e infinitas praias de areia branca. Oferecendo uma piscina ao ar livre, piscina infantil e instala\u00e7\u00f5es para esportes aqu\u00e1ticos. O resort tem um terra\u00e7o para banhos de sol e um centro de spa, al\u00e9m de 5 op\u00e7\u00f5es gastron\u00f4micas. Ele tamb\u00e9m tem uma quadra de v\u00f4lei de praia e um centro FIT.<\/p>\n\n\t\t<\/div>\n\t<\/div>\n<\/div><\/div><\/div><\/div><div class=\"vc_row wpb_row vc_row-fluid\"><div class=\"wpb_column vc_column_container vc_col-sm-12\"><div class=\"vc_column-inner\"><div class=\"wpb_wrapper\">\n\t<div class=\"wpb_text_column wpb_content_element\" >\n\t\t<div class=\"wpb_wrapper\">\n\t\t\t<h4><a href=\"https:\/\/maldives-paradise.com\/pt\/2024\/03\/os-melhores-resorts-de-luxo-no-atol-baa\/\">Os melhores resorts de luxo no Atol Baa<\/a><\/h4>\n\n\t\t<\/div>\n\t<\/div>\n<\/div><\/div><\/div><\/div>\n<\/div>","protected":false},"excerpt":{"rendered":"<div class=\"mh-excerpt\"><\/div>","protected":false},"author":1,"featured_media":16027,"parent":0,"menu_order":0,"comment_status":"closed","ping_status":"closed","template":"","meta":{"footnotes":""},"class_list":["post-16026","page","type-page","status-publish","has-post-thumbnail"],"aioseo_notices":[],"_links":{"self":[{"href":"https:\/\/maldives-paradise.com\/pt\/wp-json\/wp\/v2\/pages\/16026","targetHints":{"allow":["GET"]}}],"collection":[{"href":"https:\/\/maldives-paradise.com\/pt\/wp-json\/wp\/v2\/pages"}],"about":[{"href":"https:\/\/maldives-paradise.com\/pt\/wp-json\/wp\/v2\/types\/page"}],"author":[{"embeddable":true,"href":"https:\/\/maldives-paradise.com\/pt\/wp-json\/wp\/v2\/users\/1"}],"replies":[{"embeddable":true,"href":"https:\/\/maldives-paradise.com\/pt\/wp-json\/wp\/v2\/comments?post=16026"}],"version-history":[{"count":7,"href":"https:\/\/maldives-paradise.com\/pt\/wp-json\/wp\/v2\/pages\/16026\/revisions"}],"predecessor-version":[{"id":43504,"href":"https:\/\/maldives-paradise.com\/pt\/wp-json\/wp\/v2\/pages\/16026\/revisions\/43504"}],"wp:featuredmedia":[{"embeddable":true,"href":"https:\/\/maldives-paradise.com\/pt\/wp-json\/wp\/v2\/media\/16027"}],"wp:attachment":[{"href":"https:\/\/maldives-paradise.com\/pt\/wp-json\/wp\/v2\/media?parent=16026"}],"curies":[{"name":"wp","href":"https:\/\/api.w.org\/{rel}","templated":true}]}}