{"id":15837,"date":"2024-05-22T16:34:40","date_gmt":"2024-05-22T16:34:40","guid":{"rendered":"http:\/\/maldives-paradise.com\/?page_id=15837"},"modified":"2025-10-04T09:51:35","modified_gmt":"2025-10-04T09:51:35","slug":"os-melhores-resorts-de-luxo-no-atol-de-dhaalu","status":"publish","type":"page","link":"https:\/\/maldives-paradise.com\/pt\/os-melhores-resorts-de-luxo-no-atol-de-dhaalu\/","title":{"rendered":"Os melhores resorts de luxo no Atol de Dhaalu"},"content":{"rendered":"<div class=\"wpb-content-wrapper\"><div class=\"vc_row wpb_row vc_row-fluid\"><div class=\"wpb_column vc_column_container vc_col-sm-12\"><div class=\"vc_column-inner\"><div class=\"wpb_wrapper\">\n\t<div class=\"wpb_text_column wpb_content_element\" >\n\t\t<div class=\"wpb_wrapper\">\n\t\t\t<p>O Atol de Dhaalu, uma joia imaculada na coroa das Maldivas, \u00e9 celebrado por suas paisagens subaqu\u00e1ticas de tirar o f\u00f4lego, \u00e1guas azul-turquesa cristalinas e ilhas isoladas que oferecem o m\u00e1ximo em luxo e privacidade. Este atol se tornou um destino procurado por aqueles que desejam uma escapada que combine a serenidade de uma ilha isolada com a opul\u00eancia de resorts de luxo. Aqui, a harmonia entre a natureza e o conforto luxuoso \u00e9 meticulosamente preservada, oferecendo aos h\u00f3spedes uma experi\u00eancia incompar\u00e1vel. Abaixo est\u00e3o os dez melhores resorts de luxo em <strong>Atol de Dhaalu<\/strong>, cada um proporcionando uma fuga para um mundo de tranquilidade indulgente e beleza incompar\u00e1vel.<\/p>\n\n\t\t<\/div>\n\t<\/div>\n<\/div><\/div><\/div><\/div><div class=\"vc_row wpb_row vc_row-fluid\"><div class=\"wpb_column vc_column_container vc_col-sm-12\"><div class=\"vc_column-inner\"><div class=\"wpb_wrapper\">\n\t<div  class=\"wpb_single_image wpb_content_element vc_align_left wpb_content_element\">\n\t\t<h2 class=\"wpb_heading wpb_singleimage_heading\">Ilhas Privadas de Niyama Maldivas<\/h2>\n\t\t<figure class=\"wpb_wrapper vc_figure\">\n\t\t\t<div class=\"vc_single_image-wrapper   vc_box_border_grey\"><img loading=\"lazy\" decoding=\"async\" width=\"1024\" height=\"720\" src=\"https:\/\/maldives-paradise.com\/wp-content\/uploads\/2024\/01\/niyama2.jpg\" class=\"vc_single_image-img attachment-large\" alt=\"Ilhas Privadas de Niyama Maldivas\" title=\"niyama2\" srcset=\"https:\/\/maldives-paradise.com\/wp-content\/uploads\/2024\/01\/niyama2.jpg 1024w, https:\/\/maldives-paradise.com\/wp-content\/uploads\/2024\/01\/niyama2-300x211.jpg 300w, https:\/\/maldives-paradise.com\/wp-content\/uploads\/2024\/01\/niyama2-768x540.jpg 768w, https:\/\/maldives-paradise.com\/wp-content\/uploads\/2024\/01\/niyama2-500x352.jpg 500w, https:\/\/maldives-paradise.com\/wp-content\/uploads\/2024\/01\/niyama2-800x563.jpg 800w\" sizes=\"auto, (max-width: 1024px) 100vw, 1024px\" \/><\/div>\n\t\t<\/figure>\n\t<\/div>\n<\/div><\/div><\/div><\/div><div class=\"vc_row wpb_row vc_row-fluid\"><div class=\"wpb_column vc_column_container vc_col-sm-12\"><div class=\"vc_column-inner\"><div class=\"wpb_wrapper\">\n\t<div class=\"wpb_text_column wpb_content_element\" >\n\t\t<div class=\"wpb_wrapper\">\n\t\t\t<h4><a href=\"https:\/\/lamp.glopss.com\/SHUv\" target=\"_blank\" rel=\"nofollow noopener\">Ilhas Privadas de Niyama Maldivas<\/a><\/h4>\n<p>O Niyama Private Islands Maldives leva o conceito de ilha chique a um novo n\u00edvel com suas ilhas g\u00eameas, Play e Chill. O resort oferece uma mistura \u00fanica de atividades de aventura e relaxamento sereno, incluindo uma boate subaqu\u00e1tica e um tranquilo spa sobre a \u00e1gua. As vilas, que variam de frente para a praia a sobre a \u00e1gua, redefinem o luxo com suas piscinas privadas e acesso direto \u00e0 lagoa ou ao oceano.<\/p>\n\n\t\t<\/div>\n\t<\/div>\n<\/div><\/div><\/div><\/div><div class=\"vc_row wpb_row vc_row-fluid\"><div class=\"wpb_column vc_column_container vc_col-sm-12\"><div class=\"vc_column-inner\"><div class=\"wpb_wrapper\">\n\t<div  class=\"wpb_single_image wpb_content_element vc_align_left wpb_content_element\">\n\t\t<h2 class=\"wpb_heading wpb_singleimage_heading\">O St. Regis Maldivas Vommuli Resort<\/h2>\n\t\t<figure class=\"wpb_wrapper vc_figure\">\n\t\t\t<div class=\"vc_single_image-wrapper   vc_box_border_grey\"><img loading=\"lazy\" decoding=\"async\" width=\"780\" height=\"489\" src=\"https:\/\/maldives-paradise.com\/wp-content\/uploads\/2024\/05\/the-st-regis-maldives-780.jpg\" class=\"vc_single_image-img attachment-large\" alt=\"O St. Regis Maldivas Vommuli Resort\" title=\"the-st-regis-maldives-780\" srcset=\"https:\/\/maldives-paradise.com\/wp-content\/uploads\/2024\/05\/the-st-regis-maldives-780.jpg 780w, https:\/\/maldives-paradise.com\/wp-content\/uploads\/2024\/05\/the-st-regis-maldives-780-300x188.jpg 300w, https:\/\/maldives-paradise.com\/wp-content\/uploads\/2024\/05\/the-st-regis-maldives-780-768x481.jpg 768w, https:\/\/maldives-paradise.com\/wp-content\/uploads\/2024\/05\/the-st-regis-maldives-780-18x12.jpg 18w, https:\/\/maldives-paradise.com\/wp-content\/uploads\/2024\/05\/the-st-regis-maldives-780-500x313.jpg 500w\" sizes=\"auto, (max-width: 780px) 100vw, 780px\" \/><\/div>\n\t\t<\/figure>\n\t<\/div>\n<\/div><\/div><\/div><\/div><div class=\"vc_row wpb_row vc_row-fluid\"><div class=\"wpb_column vc_column_container vc_col-sm-12\"><div class=\"vc_column-inner\"><div class=\"wpb_wrapper\">\n\t<div class=\"wpb_text_column wpb_content_element\" >\n\t\t<div class=\"wpb_wrapper\">\n\t\t\t<h4><a href=\"https:\/\/trip.tpo.lv\/2x3dIFEs\" target=\"_blank\" rel=\"nofollow noopener\">O St. Regis Maldivas Vommuli Resort<\/a><\/h4>\n<p>Reconhecido por sua arquitetura de tirar o f\u00f4lego e servi\u00e7o excepcional, o St. Regis Maldives Vommuli Resort oferece uma experi\u00eancia inigual\u00e1vel nas Maldivas. Cada vila \u00e9 um ref\u00fagio de luxo, oferecendo piscinas privativas e vistas deslumbrantes do Oceano \u00cdndico. O Iridium Spa do resort fica em sua pr\u00f3pria ilha, oferecendo tratamentos personalizados em um ambiente sereno.<\/p>\n\n\t\t<\/div>\n\t<\/div>\n<\/div><\/div><\/div><\/div><div class=\"vc_row wpb_row vc_row-fluid\"><div class=\"wpb_column vc_column_container vc_col-sm-12\"><div class=\"vc_column-inner\"><div class=\"wpb_wrapper\">\n\t<div  class=\"wpb_single_image wpb_content_element vc_align_left wpb_content_element\">\n\t\t<h2 class=\"wpb_heading wpb_singleimage_heading\">Sun Siyam Iru Veli<\/h2>\n\t\t<figure class=\"wpb_wrapper vc_figure\">\n\t\t\t<div class=\"vc_single_image-wrapper   vc_box_border_grey\"><img loading=\"lazy\" decoding=\"async\" width=\"780\" height=\"519\" src=\"https:\/\/maldives-paradise.com\/wp-content\/uploads\/2024\/05\/Sun-Siyam-Iru-Veli-Premium-All-Inclusive.jpeg\" class=\"vc_single_image-img attachment-large\" alt=\"Sun Siyam Iru Veli Resort Maldivas\" title=\"Sun-Siyam-Iru-Veli-Premium-All-Inclusive\" srcset=\"https:\/\/maldives-paradise.com\/wp-content\/uploads\/2024\/05\/Sun-Siyam-Iru-Veli-Premium-All-Inclusive.jpeg 780w, https:\/\/maldives-paradise.com\/wp-content\/uploads\/2024\/05\/Sun-Siyam-Iru-Veli-Premium-All-Inclusive-300x200.jpeg 300w, https:\/\/maldives-paradise.com\/wp-content\/uploads\/2024\/05\/Sun-Siyam-Iru-Veli-Premium-All-Inclusive-768x511.jpeg 768w, https:\/\/maldives-paradise.com\/wp-content\/uploads\/2024\/05\/Sun-Siyam-Iru-Veli-Premium-All-Inclusive-18x12.jpeg 18w, https:\/\/maldives-paradise.com\/wp-content\/uploads\/2024\/05\/Sun-Siyam-Iru-Veli-Premium-All-Inclusive-500x333.jpeg 500w\" sizes=\"auto, (max-width: 780px) 100vw, 780px\" \/><\/div>\n\t\t<\/figure>\n\t<\/div>\n<\/div><\/div><\/div><\/div><div class=\"vc_row wpb_row vc_row-fluid\"><div class=\"wpb_column vc_column_container vc_col-sm-12\"><div class=\"vc_column-inner\"><div class=\"wpb_wrapper\">\n\t<div class=\"wpb_text_column wpb_content_element\" >\n\t\t<div class=\"wpb_wrapper\">\n\t\t\t<h4><a href=\"https:\/\/lamp.glopss.com\/SHVC\" target=\"_blank\" rel=\"nofollow noopener\">Sun Siyam Iru Veli<\/a><\/h4>\n<p>Um resort exclusivo de su\u00edtes, o Sun Siyam Iru Veli \u00e9 uma obra-prima de design contempor\u00e2neo e vida luxuosa. Cada su\u00edte oferece acesso direto \u00e0 praia ou lagoa, e muitas incluem uma piscina privativa. O resort oferece uma variedade de op\u00e7\u00f5es gastron\u00f4micas, de buffets internacionais a experi\u00eancias gastron\u00f4micas requintadas, garantindo uma jornada culin\u00e1ria t\u00e3o diversa quanto deliciosa.<\/p>\n\n\t\t<\/div>\n\t<\/div>\n<\/div><\/div><\/div><\/div><div class=\"vc_row wpb_row vc_row-fluid\"><div class=\"wpb_column vc_column_container vc_col-sm-12\"><div class=\"vc_column-inner\"><div class=\"wpb_wrapper\">\n\t<div  class=\"wpb_single_image wpb_content_element vc_align_left wpb_content_element\">\n\t\t<h2 class=\"wpb_heading wpb_singleimage_heading\">Kandima Maldivas<\/h2>\n\t\t<figure class=\"wpb_wrapper vc_figure\">\n\t\t\t<div class=\"vc_single_image-wrapper   vc_box_border_grey\"><img loading=\"lazy\" decoding=\"async\" width=\"1024\" height=\"767\" src=\"https:\/\/maldives-paradise.com\/wp-content\/uploads\/2024\/02\/Kandima.jpg\" class=\"vc_single_image-img attachment-large\" alt=\"Kandima Maldivas\" title=\"Kandima.jpg\" srcset=\"https:\/\/maldives-paradise.com\/wp-content\/uploads\/2024\/02\/Kandima.jpg 1024w, https:\/\/maldives-paradise.com\/wp-content\/uploads\/2024\/02\/Kandima-300x225.jpg 300w, https:\/\/maldives-paradise.com\/wp-content\/uploads\/2024\/02\/Kandima-768x575.jpg 768w, https:\/\/maldives-paradise.com\/wp-content\/uploads\/2024\/02\/Kandima-16x12.jpg 16w, https:\/\/maldives-paradise.com\/wp-content\/uploads\/2024\/02\/Kandima-678x509.jpg 678w, https:\/\/maldives-paradise.com\/wp-content\/uploads\/2024\/02\/Kandima-326x245.jpg 326w, https:\/\/maldives-paradise.com\/wp-content\/uploads\/2024\/02\/Kandima-80x60.jpg 80w, https:\/\/maldives-paradise.com\/wp-content\/uploads\/2024\/02\/Kandima-500x375.jpg 500w, https:\/\/maldives-paradise.com\/wp-content\/uploads\/2024\/02\/Kandima-800x599.jpg 800w\" sizes=\"auto, (max-width: 1024px) 100vw, 1024px\" \/><\/div>\n\t\t<\/figure>\n\t<\/div>\n<\/div><\/div><\/div><\/div><div class=\"vc_row wpb_row vc_row-fluid\"><div class=\"wpb_column vc_column_container vc_col-sm-12\"><div class=\"vc_column-inner\"><div class=\"wpb_wrapper\">\n\t<div class=\"wpb_text_column wpb_content_element\" >\n\t\t<div class=\"wpb_wrapper\">\n\t\t\t<h4><a href=\"https:\/\/lamp.glopss.com\/SHUV\" target=\"_blank\" rel=\"nofollow noopener\">Kandima Maldivas<\/a><\/h4>\n<p>Posicionado como um resort de estilo de vida, o Kandima Maldives oferece uma nova vis\u00e3o das f\u00e9rias nas Maldivas com seu est\u00fadio de arte, centro de biologia marinha e extensas instala\u00e7\u00f5es esportivas. O resort atende tanto fam\u00edlias quanto casais, com uma variedade de acomoda\u00e7\u00f5es que incluem vilas aqu\u00e1ticas e de frente para a praia, cada uma oferecendo interiores elegantes e comodidades modernas.<\/p>\n\n\t\t<\/div>\n\t<\/div>\n<\/div><\/div><\/div><\/div><div class=\"vc_row wpb_row vc_row-fluid\"><div class=\"wpb_column vc_column_container vc_col-sm-12\"><div class=\"vc_column-inner\"><div class=\"wpb_wrapper\">\n\t<div  class=\"wpb_single_image wpb_content_element vc_align_left wpb_content_element\">\n\t\t<h2 class=\"wpb_heading wpb_singleimage_heading\">Baglioni Resort Maldivas<\/h2>\n\t\t<figure class=\"wpb_wrapper vc_figure\">\n\t\t\t<div class=\"vc_single_image-wrapper   vc_box_border_grey\"><img loading=\"lazy\" decoding=\"async\" width=\"1024\" height=\"764\" src=\"https:\/\/maldives-paradise.com\/wp-content\/uploads\/2023\/12\/baglioni-maldives-1.jpg\" class=\"vc_single_image-img attachment-large\" alt=\"Baglioni Resort Maldivas\" title=\"baglioni-maldivas\" srcset=\"https:\/\/maldives-paradise.com\/wp-content\/uploads\/2023\/12\/baglioni-maldives-1.jpg 1024w, https:\/\/maldives-paradise.com\/wp-content\/uploads\/2023\/12\/baglioni-maldives-1-300x224.jpg 300w, https:\/\/maldives-paradise.com\/wp-content\/uploads\/2023\/12\/baglioni-maldives-1-768x573.jpg 768w, https:\/\/maldives-paradise.com\/wp-content\/uploads\/2023\/12\/baglioni-maldives-1-80x60.jpg 80w, https:\/\/maldives-paradise.com\/wp-content\/uploads\/2023\/12\/baglioni-maldives-1-500x373.jpg 500w, https:\/\/maldives-paradise.com\/wp-content\/uploads\/2023\/12\/baglioni-maldives-1-800x597.jpg 800w\" sizes=\"auto, (max-width: 1024px) 100vw, 1024px\" \/><\/div>\n\t\t<\/figure>\n\t<\/div>\n<\/div><\/div><\/div><\/div><div class=\"vc_row wpb_row vc_row-fluid\"><div class=\"wpb_column vc_column_container vc_col-sm-12\"><div class=\"vc_column-inner\"><div class=\"wpb_wrapper\">\n\t<div class=\"wpb_text_column wpb_content_element\" >\n\t\t<div class=\"wpb_wrapper\">\n\t\t\t<h4><a href=\"https:\/\/trip.tpo.lv\/k5f5be0H\" target=\"_blank\" rel=\"nofollow noopener\">Baglioni Resort Maldivas<\/a><\/h4>\n<p>Combinando o estilo italiano com a beleza tropical das Maldivas, o Baglioni Resort Maldives \u00e9 um ref\u00fagio de luxo para viajantes exigentes. As vilas do resort oferecem uma mistura de eleg\u00e2ncia e privacidade, com algumas situadas sobre as \u00e1guas azuis e outras aninhadas nas praias de areia branca. O resort se orgulha de suas experi\u00eancias gastron\u00f4micas gourmet e do Baglioni SPA, que oferece um retiro tranquilo para os sentidos.<\/p>\n\n\t\t<\/div>\n\t<\/div>\n<\/div><\/div><\/div><\/div><div class=\"vc_row wpb_row vc_row-fluid\"><div class=\"wpb_column vc_column_container vc_col-sm-12\"><div class=\"vc_column-inner\"><div class=\"wpb_wrapper\">\n\t<div  class=\"wpb_single_image wpb_content_element vc_align_left wpb_content_element\">\n\t\t<h2 class=\"wpb_heading wpb_singleimage_heading\">Angsana Velavaru<\/h2>\n\t\t<figure class=\"wpb_wrapper vc_figure\">\n\t\t\t<div class=\"vc_single_image-wrapper   vc_box_border_grey\"><img loading=\"lazy\" decoding=\"async\" width=\"700\" height=\"466\" src=\"https:\/\/maldives-paradise.com\/wp-content\/uploads\/2023\/12\/batch_Angsana-Velavaru-Kuredhi-Bar-Alfresco.jpg\" class=\"vc_single_image-img attachment-large\" alt=\"Angsana Velavaru\" title=\"batch_Angsana-Velavaru-Kuredhi-Bar-Alfresco.jpg\" srcset=\"https:\/\/maldives-paradise.com\/wp-content\/uploads\/2023\/12\/batch_Angsana-Velavaru-Kuredhi-Bar-Alfresco.jpg 700w, https:\/\/maldives-paradise.com\/wp-content\/uploads\/2023\/12\/batch_Angsana-Velavaru-Kuredhi-Bar-Alfresco-300x200.jpg 300w, https:\/\/maldives-paradise.com\/wp-content\/uploads\/2023\/12\/batch_Angsana-Velavaru-Kuredhi-Bar-Alfresco-500x333.jpg 500w\" sizes=\"auto, (max-width: 700px) 100vw, 700px\" \/><\/div>\n\t\t<\/figure>\n\t<\/div>\n<\/div><\/div><\/div><\/div><div class=\"vc_row wpb_row vc_row-fluid\"><div class=\"wpb_column vc_column_container vc_col-sm-12\"><div class=\"vc_column-inner\"><div class=\"wpb_wrapper\">\n\t<div class=\"wpb_text_column wpb_content_element\" >\n\t\t<div class=\"wpb_wrapper\">\n\t\t\t<h4><a href=\"https:\/\/trip.tpo.lv\/DQMUstBs\" target=\"_blank\" rel=\"nofollow noopener\">Angsana Velavaru<\/a><\/h4>\n<p>Angsana Velavaru, \u201cTurtle Island\u201d no idioma local, oferece uma fuga id\u00edlica com suas vilas que se misturam perfeitamente ao ambiente natural. O resort \u00e9 especialmente conhecido por suas InOcean Villas, a primeira cole\u00e7\u00e3o aut\u00f4noma de vilas aqu\u00e1ticas situadas a um quil\u00f4metro da ilha principal, proporcionando privacidade incompar\u00e1vel e vistas panor\u00e2micas do oceano.<\/p>\n\n\t\t<\/div>\n\t<\/div>\n<\/div><\/div><\/div><\/div><div class=\"vc_row wpb_row vc_row-fluid\"><div class=\"wpb_column vc_column_container vc_col-sm-12\"><div class=\"vc_column-inner\"><div class=\"wpb_wrapper\">\n\t<div  class=\"wpb_single_image wpb_content_element vc_align_left wpb_content_element\">\n\t\t<h2 class=\"wpb_heading wpb_singleimage_heading\">Nova Maldivas<\/h2>\n\t\t<figure class=\"wpb_wrapper vc_figure\">\n\t\t\t<div class=\"vc_single_image-wrapper   vc_box_border_grey\"><img loading=\"lazy\" decoding=\"async\" width=\"854\" height=\"480\" src=\"https:\/\/maldives-paradise.com\/wp-content\/uploads\/2023\/12\/nova-maldives.jpg\" class=\"vc_single_image-img attachment-large\" alt=\"Nova Maldivas\" title=\"nova-maldives\" srcset=\"https:\/\/maldives-paradise.com\/wp-content\/uploads\/2023\/12\/nova-maldives.jpg 854w, https:\/\/maldives-paradise.com\/wp-content\/uploads\/2023\/12\/nova-maldives-300x169.jpg 300w, https:\/\/maldives-paradise.com\/wp-content\/uploads\/2023\/12\/nova-maldives-768x432.jpg 768w, https:\/\/maldives-paradise.com\/wp-content\/uploads\/2023\/12\/nova-maldives-678x381.jpg 678w, https:\/\/maldives-paradise.com\/wp-content\/uploads\/2023\/12\/nova-maldives-500x281.jpg 500w, https:\/\/maldives-paradise.com\/wp-content\/uploads\/2023\/12\/nova-maldives-800x450.jpg 800w\" sizes=\"auto, (max-width: 854px) 100vw, 854px\" \/><\/div>\n\t\t<\/figure>\n\t<\/div>\n<\/div><\/div><\/div><\/div><div class=\"vc_row wpb_row vc_row-fluid\"><div class=\"wpb_column vc_column_container vc_col-sm-12\"><div class=\"vc_column-inner\"><div class=\"wpb_wrapper\">\n\t<div class=\"wpb_text_column wpb_content_element\" >\n\t\t<div class=\"wpb_wrapper\">\n\t\t\t<h4><a href=\"https:\/\/hotellook.tp.st\/JA6kruq4\" target=\"_blank\" rel=\"nofollow noopener\">Nova Maldivas<\/a><\/h4>\n<p>Um conceito de comunidade moderna e luxuosa com tudo inclu\u00eddo, um lugar descontra\u00eddo com uma alma que desperta alegria e \u00e9 projetado para conex\u00e3o real. Um lugar para se sentir o seu melhor \u2014 e mais bem cuidado. N\u00e3o importa se voc\u00ea est\u00e1 viajando sozinho, com entes queridos, amigos ou fam\u00edlia \u2014 todos s\u00e3o bem-vindos ao nosso lar longe de casa. Aqui, voc\u00ea pode fazer o quanto quiser \u2014 o que sua alma desejar. Mergulhe, v\u00e1 \u00e0 academia ou sente-se sob as palmeiras e deleite-se com algo simples e real. Sinta-se feliz por estar aqui. Feliz no momento \u2014 em um dos melhores resorts com tudo inclu\u00eddo das Maldivas.<\/p>\n\n\t\t<\/div>\n\t<\/div>\n<\/div><\/div><\/div><\/div><div class=\"vc_row wpb_row vc_row-fluid\"><div class=\"wpb_column vc_column_container vc_col-sm-12\"><div class=\"vc_column-inner\"><div class=\"wpb_wrapper\">\n\t<div  class=\"wpb_single_image wpb_content_element vc_align_left wpb_content_element\">\n\t\t<h2 class=\"wpb_heading wpb_singleimage_heading\">Ayada Maldivas<\/h2>\n\t\t<figure class=\"wpb_wrapper vc_figure\">\n\t\t\t<div class=\"vc_single_image-wrapper   vc_box_border_grey\"><img loading=\"lazy\" decoding=\"async\" width=\"1024\" height=\"767\" src=\"https:\/\/maldives-paradise.com\/wp-content\/uploads\/2023\/12\/ayada-maldives-1024x767.jpg\" class=\"vc_single_image-img attachment-large\" alt=\"Ayada Maldivas\" title=\"ayada-maldivas\" srcset=\"https:\/\/maldives-paradise.com\/wp-content\/uploads\/2023\/12\/ayada-maldives-1024x767.jpg 1024w, https:\/\/maldives-paradise.com\/wp-content\/uploads\/2023\/12\/ayada-maldives-300x225.jpg 300w, https:\/\/maldives-paradise.com\/wp-content\/uploads\/2023\/12\/ayada-maldives-768x575.jpg 768w, https:\/\/maldives-paradise.com\/wp-content\/uploads\/2023\/12\/ayada-maldives-678x509.jpg 678w, https:\/\/maldives-paradise.com\/wp-content\/uploads\/2023\/12\/ayada-maldives-326x245.jpg 326w, https:\/\/maldives-paradise.com\/wp-content\/uploads\/2023\/12\/ayada-maldives-80x60.jpg 80w, https:\/\/maldives-paradise.com\/wp-content\/uploads\/2023\/12\/ayada-maldives-500x375.jpg 500w, https:\/\/maldives-paradise.com\/wp-content\/uploads\/2023\/12\/ayada-maldives-800x599.jpg 800w, https:\/\/maldives-paradise.com\/wp-content\/uploads\/2023\/12\/ayada-maldives.jpg 1080w\" sizes=\"auto, (max-width: 1024px) 100vw, 1024px\" \/><\/div>\n\t\t<\/figure>\n\t<\/div>\n<\/div><\/div><\/div><\/div><div class=\"vc_row wpb_row vc_row-fluid\"><div class=\"wpb_column vc_column_container vc_col-sm-12\"><div class=\"vc_column-inner\"><div class=\"wpb_wrapper\">\n\t<div class=\"wpb_text_column wpb_content_element\" >\n\t\t<div class=\"wpb_wrapper\">\n\t\t\t<h4><a href=\"http:\/\/lamp.glopss.com\/aff_c?offer_id=1520&amp;aff_id=1834\" target=\"_blank\" rel=\"nofollow noopener\">Ayada Maldivas<\/a><\/h4>\n<p>Premiado com o pr\u00eamio \u201cBest of the Best Hotel Award 2023\u201d do TripAdvisor pelo excepcional terceiro ano consecutivo e tamb\u00e9m listado entre os 25 melhores resorts de luxo do mundo, o Ayada Maldives \u00e9 um resort de ilha particular de luxo que oferece um retiro verdadeiramente luxuoso com um estilo genu\u00edno das Maldivas. Situado no relativamente inexplorado Atol Gaafu Dhaalu, no sul do pa\u00eds<\/p>\n<p>Cada um desses resorts no Atol de Dhaalu fornece uma lente \u00fanica atrav\u00e9s da qual voc\u00ea pode vivenciar a beleza e a serenidade das Maldivas. Quer voc\u00ea esteja buscando aventura, relaxamento ou um mergulho profundo na cultura das Maldivas, os resorts de luxo do Atol de Dhaalu oferecem uma porta de entrada para experi\u00eancias inesquec\u00edveis em um dos destinos mais pitorescos do mundo.<\/p>\n\n\t\t<\/div>\n\t<\/div>\n<\/div><\/div><\/div><\/div><div class=\"vc_row wpb_row vc_row-fluid\"><div class=\"wpb_column vc_column_container vc_col-sm-12\"><div class=\"vc_column-inner\"><div class=\"wpb_wrapper\">\n\t<div class=\"wpb_text_column wpb_content_element\" >\n\t\t<div class=\"wpb_wrapper\">\n\t\t\t<h4><a href=\"http:\/\/maldives-paradise.com\/pt\/melhores-resorts-de-luxo-no-atol-de-addu\/\">Melhores resorts de luxo no Atol de Addu<\/a><\/h4>\n\n\t\t<\/div>\n\t<\/div>\n<\/div><\/div><\/div><\/div>\n<\/div>","protected":false},"excerpt":{"rendered":"<div class=\"mh-excerpt\"><\/div>","protected":false},"author":1,"featured_media":15838,"parent":0,"menu_order":0,"comment_status":"closed","ping_status":"closed","template":"","meta":{"footnotes":""},"class_list":["post-15837","page","type-page","status-publish","has-post-thumbnail"],"aioseo_notices":[],"_links":{"self":[{"href":"https:\/\/maldives-paradise.com\/pt\/wp-json\/wp\/v2\/pages\/15837","targetHints":{"allow":["GET"]}}],"collection":[{"href":"https:\/\/maldives-paradise.com\/pt\/wp-json\/wp\/v2\/pages"}],"about":[{"href":"https:\/\/maldives-paradise.com\/pt\/wp-json\/wp\/v2\/types\/page"}],"author":[{"embeddable":true,"href":"https:\/\/maldives-paradise.com\/pt\/wp-json\/wp\/v2\/users\/1"}],"replies":[{"embeddable":true,"href":"https:\/\/maldives-paradise.com\/pt\/wp-json\/wp\/v2\/comments?post=15837"}],"version-history":[{"count":6,"href":"https:\/\/maldives-paradise.com\/pt\/wp-json\/wp\/v2\/pages\/15837\/revisions"}],"predecessor-version":[{"id":42880,"href":"https:\/\/maldives-paradise.com\/pt\/wp-json\/wp\/v2\/pages\/15837\/revisions\/42880"}],"wp:featuredmedia":[{"embeddable":true,"href":"https:\/\/maldives-paradise.com\/pt\/wp-json\/wp\/v2\/media\/15838"}],"wp:attachment":[{"href":"https:\/\/maldives-paradise.com\/pt\/wp-json\/wp\/v2\/media?parent=15837"}],"curies":[{"name":"wp","href":"https:\/\/api.w.org\/{rel}","templated":true}]}}