{"id":15282,"date":"2024-05-12T17:28:39","date_gmt":"2024-05-12T17:28:39","guid":{"rendered":"http:\/\/maldives-paradise.com\/?page_id=15282"},"modified":"2025-11-26T09:37:10","modified_gmt":"2025-11-26T09:37:10","slug":"os-12-melhores-resorts-spa-nas-maldivas","status":"publish","type":"page","link":"https:\/\/maldives-paradise.com\/pt\/os-12-melhores-resorts-spa-nas-maldivas\/","title":{"rendered":"The Best Spa Resorts in Maldives"},"content":{"rendered":"<div class=\"wpb-content-wrapper\"><div class=\"vc_row wpb_row vc_row-fluid\"><div class=\"wpb_column vc_column_container vc_col-sm-12\"><div class=\"vc_column-inner\"><div class=\"wpb_wrapper\">\n\t<div class=\"wpb_text_column wpb_content_element\" >\n\t\t<div class=\"wpb_wrapper\">\n\t\t\t<p>Experimente os melhores resorts de spa e bem-estar nas Maldivas. Os resorts spa nas Maldivas est\u00e3o entre os melhores servi\u00e7os de spa de luxo do mundo. Cada resort spa combina os mais altos padr\u00f5es de luxo e servi\u00e7o.<\/p>\n<p>Reservar um resort spa nas Maldivas oferece o melhor retiro para relaxamento e rejuvenescimento. Estes resorts s\u00e3o conhecidos pelas suas luxuosas instala\u00e7\u00f5es de spa, oferecendo uma ampla gama de tratamentos inspirados em pr\u00e1ticas de bem-estar tradicionais e modernas. Os h\u00f3spedes podem desfrutar de massagens relaxantes, esfolia\u00e7\u00f5es corporais revigorantes e terapias hol\u00edsticas enquanto desfrutam de vistas deslumbrantes do oceano. O ambiente sereno e natural melhora a experi\u00eancia geral, proporcionando uma fuga tranquila da vida quotidiana. Com programas de bem-estar personalizados, ambientes tranquilos e servi\u00e7os de primeira linha, um resort spa nas Maldivas \u00e9 o destino perfeito para quem busca restaurar a mente, o corpo e o esp\u00edrito.<\/p>\n<p>Aqui est\u00e1 uma lista dos melhores resorts spa.<\/p>\n\n\t\t<\/div>\n\t<\/div>\n<\/div><\/div><\/div><\/div><div class=\"vc_row wpb_row vc_row-fluid\"><div class=\"wpb_column vc_column_container vc_col-sm-3\"><div class=\"vc_column-inner\"><div class=\"wpb_wrapper\">\n\t<div  class=\"wpb_single_image wpb_content_element vc_align_left wpb_content_element\">\n\t\t\n\t\t<figure class=\"wpb_wrapper vc_figure\">\n\t\t\t<a href=\"https:\/\/lamp.glopss.com\/aff_c?offer_id=9&#038;aff_id=1834&#038;url=https%3A%2F%2Fwww.anantara.com%2Fen%2Fveli-maldives\" target=\"_self\" class=\"vc_single_image-wrapper   vc_box_border_grey\"><img loading=\"lazy\" decoding=\"async\" width=\"150\" height=\"150\" src=\"https:\/\/maldives-paradise.com\/wp-content\/uploads\/2024\/05\/Anantara-Veli-Maldives-Resort-spa-150x150.jpg\" class=\"vc_single_image-img attachment-thumbnail\" alt=\"O Spa do Anantara Veli Maldives Resort\" title=\"Anantara-Veli-Maldives-Resort-spa\" \/><\/a>\n\t\t<\/figure>\n\t<\/div>\n<\/div><\/div><\/div><div class=\"wpb_column vc_column_container vc_col-sm-9\"><div class=\"vc_column-inner\"><div class=\"wpb_wrapper\">\n\t<div class=\"wpb_text_column wpb_content_element\" >\n\t\t<div class=\"wpb_wrapper\">\n\t\t\t<h4><a href=\"https:\/\/lamp.glopss.com\/SHUt\" target=\"_blank\" rel=\"nofollow noopener\">Anantara Veli Maldivas Resort<\/a><\/h4>\n<p>A arte de curar. Encontre paz no corpo e na mente com t\u00e9cnicas antigas.<br \/>\nNo Balance Wellness by Anantara, convidamos voc\u00ea a embarcar em um retiro hol\u00edstico de bem-estar para corpo e mente. Sauda\u00e7\u00e3o ao sol. Medite diante do oceano. Delicie-se com terapias ayurv\u00e9dicas calmantes, adaptadas \u00e0s suas necessidades, em um dos melhores retiros de bem-estar das Maldivas.<\/p>\n\n\t\t<\/div>\n\t<\/div>\n<\/div><\/div><\/div><\/div><div class=\"vc_row wpb_row vc_row-fluid\"><div class=\"wpb_column vc_column_container vc_col-sm-3\"><div class=\"vc_column-inner\"><div class=\"wpb_wrapper\">\n\t<div  class=\"wpb_single_image wpb_content_element vc_align_left wpb_content_element\">\n\t\t\n\t\t<figure class=\"wpb_wrapper vc_figure\">\n\t\t\t<a href=\"https:\/\/lamp.glopss.com\/aff_c?offer_id=1476&#038;aff_id=1834&#038;url=https%3A%2F%2Fwww.sunsiyam.com%2Fsun-siyam-iru-fushi%2F\" target=\"_self\" class=\"vc_single_image-wrapper   vc_box_border_grey\"><img loading=\"lazy\" decoding=\"async\" width=\"150\" height=\"150\" src=\"https:\/\/maldives-paradise.com\/wp-content\/uploads\/2024\/05\/spa-sun-siyam-maldives-iru-fushi-150x150.jpg\" class=\"vc_single_image-img attachment-thumbnail\" alt=\"\" title=\"spa-sun-siyam-maldivas-iru-fushi\" \/><\/a>\n\t\t<\/figure>\n\t<\/div>\n<\/div><\/div><\/div><div class=\"wpb_column vc_column_container vc_col-sm-9\"><div class=\"vc_column-inner\"><div class=\"wpb_wrapper\">\n\t<div class=\"wpb_text_column wpb_content_element\" >\n\t\t<div class=\"wpb_wrapper\">\n\t\t\t<h4><a href=\"https:\/\/lamp.glopss.com\/SHUw\" target=\"_blank\" rel=\"nofollow noopener\">Sun Siyam Iru Fushi<\/a><\/h4>\n<p>Entre no nosso premiado The Spa by Thalgo France. E saia relaxado, revigorado e reconectado. Tratamentos exclusivos s\u00e3o oferecidos nas 20 salas do spa, bem como piscinas de hidroterapia, saunas a vapor e saunas. Para consultas personalizadas, agende uma sess\u00e3o individual de ioga com medita\u00e7\u00e3o guiada ou embarque em uma jornada vital\u00edcia rumo ao bem-estar com orienta\u00e7\u00e3o.<\/p>\n\n\t\t<\/div>\n\t<\/div>\n<\/div><\/div><\/div><\/div><div class=\"vc_row wpb_row vc_row-fluid\"><div class=\"wpb_column vc_column_container vc_col-sm-3\"><div class=\"vc_column-inner\"><div class=\"wpb_wrapper\">\n\t<div  class=\"wpb_single_image wpb_content_element vc_align_left wpb_content_element\">\n\t\t\n\t\t<figure class=\"wpb_wrapper vc_figure\">\n\t\t\t<a href=\"https:\/\/lamp.glopss.com\/aff_c?offer_id=1062&#038;aff_id=1834&#038;url=https%3A%2F%2Fwww.coloursofoblu.com%2Foblu-select-lobigili\" target=\"_self\" class=\"vc_single_image-wrapper   vc_box_border_grey\"><img loading=\"lazy\" decoding=\"async\" width=\"150\" height=\"150\" src=\"https:\/\/maldives-paradise.com\/wp-content\/uploads\/2024\/05\/spa-OBLU-SELECT-Lobigili-150x150.jpg\" class=\"vc_single_image-img attachment-thumbnail\" alt=\"Spa OBLU SELECT Lobigili\" title=\"spa-OBLU-SELECT-Lobigili\" \/><\/a>\n\t\t<\/figure>\n\t<\/div>\n<\/div><\/div><\/div><div class=\"wpb_column vc_column_container vc_col-sm-9\"><div class=\"vc_column-inner\"><div class=\"wpb_wrapper\">\n\t<div class=\"wpb_text_column wpb_content_element\" >\n\t\t<div class=\"wpb_wrapper\">\n\t\t\t<h4><a href=\"https:\/\/trip.tpo.lv\/dzh7lpnI\" target=\"_blank\" rel=\"nofollow noopener\">OBLU SELECT Lobigili<\/a><\/h4>\n<p>Imerso na beleza natural da ilha de Lobigili est\u00e1 o ELENA The Spa \u2013 uma experi\u00eancia de spa indulgente e \u00edntima projetada exclusivamente para casais e adultos. O tranquilo complexo de spa disp\u00f5e de quatro salas de tratamento duplas isoladas com banheira para casais, cada uma inserida em um exuberante jardim tropical. Desfrute de um banho em uma de nossas banheiras ao ar livre enquanto contempla o relaxante horizonte azul-turquesa. Flutue na uni\u00e3o e no bem-estar com uma de nossas massagens especiais para casais. Cada momento passado no nosso spa relaxa o corpo e eleva a alma.<\/p>\n\n\t\t<\/div>\n\t<\/div>\n<\/div><\/div><\/div><\/div><div class=\"vc_row wpb_row vc_row-fluid\"><div class=\"wpb_column vc_column_container vc_col-sm-3\"><div class=\"vc_column-inner\"><div class=\"wpb_wrapper\">\n\t<div  class=\"wpb_single_image wpb_content_element vc_align_left wpb_content_element\">\n\t\t\n\t\t<figure class=\"wpb_wrapper vc_figure\">\n\t\t\t<a href=\"https:\/\/lamp.glopss.com\/aff_c?offer_id=264&#038;aff_id=1834&#038;url=https%3A%2F%2Fwww.hurawalhi.com%2F\" target=\"_self\" class=\"vc_single_image-wrapper   vc_box_border_grey\"><img loading=\"lazy\" decoding=\"async\" width=\"150\" height=\"150\" src=\"https:\/\/maldives-paradise.com\/wp-content\/uploads\/2024\/05\/hurawalhi-spa-Sulha_signature-150x150.png\" class=\"vc_single_image-img attachment-thumbnail\" alt=\"Hurawalhi Island Resort Sulha Spa\" title=\"hurawalhi-spa-Sulha_assinatura\" \/><\/a>\n\t\t<\/figure>\n\t<\/div>\n<\/div><\/div><\/div><div class=\"wpb_column vc_column_container vc_col-sm-9\"><div class=\"vc_column-inner\"><div class=\"wpb_wrapper\">\n\t<div class=\"wpb_text_column wpb_content_element\" >\n\t\t<div class=\"wpb_wrapper\">\n\t\t\t<h4><a href=\"https:\/\/hotellook.tp.st\/6FluoLuO\" target=\"_blank\" rel=\"nofollow noopener\">Resort da Ilha Hurawalhi<\/a><\/h4>\n<p>Voc\u00ea deseja relaxamento profundo e paz? Desperte de corpo e alma no o\u00e1sis de relaxamento, beleza e bem-estar de Hurawalhi. Visite o Sulha Spa uma vez e definir\u00e1 o rumo do seu dia com tratamentos centrados no cora\u00e7\u00e3o; busque mimos e inspira\u00e7\u00e3o regularmente e entre no caminho de uma vida alegre e saud\u00e1vel para durar a vida toda.<\/p>\n\n\t\t<\/div>\n\t<\/div>\n<\/div><\/div><\/div><\/div><div class=\"vc_row wpb_row vc_row-fluid\"><div class=\"wpb_column vc_column_container vc_col-sm-3\"><div class=\"vc_column-inner\"><div class=\"wpb_wrapper\">\n\t<div  class=\"wpb_single_image wpb_content_element vc_align_left wpb_content_element\">\n\t\t\n\t\t<figure class=\"wpb_wrapper vc_figure\">\n\t\t\t<a href=\"https:\/\/lamp.glopss.com\/aff_c?offer_id=1508&#038;aff_id=1834\" target=\"_self\" class=\"vc_single_image-wrapper   vc_box_border_grey\"><img loading=\"lazy\" decoding=\"async\" width=\"150\" height=\"150\" src=\"https:\/\/maldives-paradise.com\/wp-content\/uploads\/2024\/05\/lily-beach-spa-150x150.jpg\" class=\"vc_single_image-img attachment-thumbnail\" alt=\"Lily Beach Resort &amp; Spa\" title=\"lily-praia-spa\" \/><\/a>\n\t\t<\/figure>\n\t<\/div>\n<\/div><\/div><\/div><div class=\"wpb_column vc_column_container vc_col-sm-9\"><div class=\"vc_column-inner\"><div class=\"wpb_wrapper\">\n\t<div class=\"wpb_text_column wpb_content_element\" >\n\t\t<div class=\"wpb_wrapper\">\n\t\t\t<h4><a href=\"https:\/\/lamp.glopss.com\/aff_c?offer_id=1508&amp;aff_id=1834\" target=\"_blank\" rel=\"nofollow noopener\">Lily Beach Resort &amp; Spa<\/a><\/h4>\n<p>O Tamara Spa sobre a \u00e1gua no Lily Beach Resort &amp; Spa oferece a oportunidade de indulg\u00eancia, relaxamento e rejuvenescimento como parte de suas f\u00e9rias nas Maldivas. Lily Beach Resort &amp; Spa \u00e9 o primeiro resort cinco estrelas com tudo inclu\u00eddo do Plano Platinum nas Maldivas.<\/p>\n\n\t\t<\/div>\n\t<\/div>\n<\/div><\/div><\/div><\/div><div class=\"vc_row wpb_row vc_row-fluid\"><div class=\"wpb_column vc_column_container vc_col-sm-3\"><div class=\"vc_column-inner\"><div class=\"wpb_wrapper\">\n\t<div  class=\"wpb_single_image wpb_content_element vc_align_left wpb_content_element\">\n\t\t\n\t\t<figure class=\"wpb_wrapper vc_figure\">\n\t\t\t<a href=\"http:\/\/maldives-paradise.com\/pt\/ilha-conrad-rangali-maldivas\/\" target=\"_self\" class=\"vc_single_image-wrapper   vc_box_border_grey\"><img loading=\"lazy\" decoding=\"async\" width=\"150\" height=\"150\" src=\"https:\/\/maldives-paradise.com\/wp-content\/uploads\/2024\/05\/Conrad-Maldives_the-over-water-spa-150x150.jpg\" class=\"vc_single_image-img attachment-thumbnail\" alt=\"O spa do Conrad Maldives Rangali Island\" title=\"Conrad-Maldivas_o-spa-sobre-a-\u00e1gua\" \/><\/a>\n\t\t<\/figure>\n\t<\/div>\n<\/div><\/div><\/div><div class=\"wpb_column vc_column_container vc_col-sm-9\"><div class=\"vc_column-inner\"><div class=\"wpb_wrapper\">\n\t<div class=\"wpb_text_column wpb_content_element\" >\n\t\t<div class=\"wpb_wrapper\">\n\t\t\t<h4><a href=\"http:\/\/maldives-paradise.com\/pt\/ilha-conrad-rangali-maldivas\/\">Conrad Maldivas Ilha Rangali<\/a><\/h4>\n<p>Localizado a 100 metros da ponta da Ilha Rangali-Finolhu, o escondido Spa Retreat oferece um santu\u00e1rio luxuoso onde todos os aspectos da sua sa\u00fade e bem-estar s\u00e3o abordados - desde dieta e tratamentos corporais at\u00e9 beleza.<\/p>\n\n\t\t<\/div>\n\t<\/div>\n<\/div><\/div><\/div><\/div><div class=\"vc_row wpb_row vc_row-fluid\"><div class=\"wpb_column vc_column_container vc_col-sm-3\"><div class=\"vc_column-inner\"><div class=\"wpb_wrapper\">\n\t<div  class=\"wpb_single_image wpb_content_element vc_align_left wpb_content_element\">\n\t\t\n\t\t<figure class=\"wpb_wrapper vc_figure\">\n\t\t\t<a href=\"http:\/\/maldives-paradise.com\/pt\/seis-sentidos-laamu\/\" target=\"_self\" class=\"vc_single_image-wrapper   vc_box_border_grey\"><img loading=\"lazy\" decoding=\"async\" width=\"150\" height=\"150\" src=\"https:\/\/maldives-paradise.com\/wp-content\/uploads\/2024\/05\/six-senses-laamu-spa-interior-150x150.jpg\" class=\"vc_single_image-img attachment-thumbnail\" alt=\"Spa Six Senses Laamu\" title=\"Six Senses Laamu Maldivas Resort\" \/><\/a>\n\t\t<\/figure>\n\t<\/div>\n<\/div><\/div><\/div><div class=\"wpb_column vc_column_container vc_col-sm-9\"><div class=\"vc_column-inner\"><div class=\"wpb_wrapper\">\n\t<div class=\"wpb_text_column wpb_content_element\" >\n\t\t<div class=\"wpb_wrapper\">\n\t\t\t<h4><a href=\"http:\/\/maldives-paradise.com\/pt\/seis-sentidos-laamu\/\">Seis Sentidos Laamu<\/a><\/h4>\n<p>Renda-se \u00e0s m\u00e3os curativas de nossos terapeutas qualificados por meio de tratamentos especializados e jornadas individuais que garantem que seus sentidos estejam equilibrados e que sua mente esteja feliz. Nosso resort spa nas Maldivas utiliza produtos naturais e produzidos de forma \u00e9tica, juntamente com pr\u00e1ticas tradicionais e de inspira\u00e7\u00e3o local para trat\u00e1-lo de dentro para fora e de fora para dentro.<\/p>\n\n\t\t<\/div>\n\t<\/div>\n<\/div><\/div><\/div><\/div><div class=\"vc_row wpb_row vc_row-fluid\"><div class=\"wpb_column vc_column_container vc_col-sm-3\"><div class=\"vc_column-inner\"><div class=\"wpb_wrapper\">\n\t<div  class=\"wpb_single_image wpb_content_element vc_align_left wpb_content_element\">\n\t\t\n\t\t<figure class=\"wpb_wrapper vc_figure\">\n\t\t\t<a href=\"http:\/\/maldives-paradise.com\/pt\/oneonly-reethi-rah-maldivas\/\" target=\"_self\" class=\"vc_single_image-wrapper   vc_box_border_grey\"><img loading=\"lazy\" decoding=\"async\" width=\"150\" height=\"150\" src=\"https:\/\/maldives-paradise.com\/wp-content\/uploads\/2024\/05\/oneandonly-reethirah-spaandfitness-couplesspasuite-150x150.jpg\" class=\"vc_single_image-img attachment-thumbnail\" alt=\"One &amp; Only Spa e Fitness Reethi Rah\" title=\"oneandonly-reethirah-spaandfitness-suite-casal-pa\" \/><\/a>\n\t\t<\/figure>\n\t<\/div>\n<\/div><\/div><\/div><div class=\"wpb_column vc_column_container vc_col-sm-9\"><div class=\"vc_column-inner\"><div class=\"wpb_wrapper\">\n\t<div class=\"wpb_text_column wpb_content_element\" >\n\t\t<div class=\"wpb_wrapper\">\n\t\t\t<h4><a href=\"http:\/\/maldives-paradise.com\/pt\/oneonly-reethi-rah-maldivas\/\">Um e \u00fanico Reethi Rah<\/a><\/h4>\n<p>Sua fuga para o spa. um santu\u00e1rio voltado para o mar para a mente, o corpo e a alma, nosso spa nas Maldivas concentra-se em tratamentos revitalizantes para o rosto e o corpo, inspirados nas tradi\u00e7\u00f5es de beleza asi\u00e1ticas. Nossas instala\u00e7\u00f5es de spa incluem piscina de vitalidade terap\u00eautica, salas de vapor de cristal e saunas. Comece com uma consulta no lobby do spa \u2013 resplandecente em tons roxos majestosos \u2013 antes de passear pelos nossos jardins tropicais at\u00e9 sua su\u00edte spa privativa.<\/p>\n\n\t\t<\/div>\n\t<\/div>\n<\/div><\/div><\/div><\/div><div class=\"vc_row wpb_row vc_row-fluid\"><div class=\"wpb_column vc_column_container vc_col-sm-3\"><div class=\"vc_column-inner\"><div class=\"wpb_wrapper\">\n\t<div  class=\"wpb_single_image wpb_content_element vc_align_left wpb_content_element\">\n\t\t\n\t\t<figure class=\"wpb_wrapper vc_figure\">\n\t\t\t<a href=\"https:\/\/lamp.glopss.com\/aff_c?offer_id=1476&#038;aff_id=1834&#038;url=https%3A%2F%2Fwww.sunsiyam.com%2Fsun-siyam-iru-veli%2F\" target=\"_self\" class=\"vc_single_image-wrapper   vc_box_border_grey\"><img loading=\"lazy\" decoding=\"async\" width=\"150\" height=\"150\" src=\"https:\/\/maldives-paradise.com\/wp-content\/uploads\/2024\/05\/sun-siyam-iru-veli-spa-150x150.jpg\" class=\"vc_single_image-img attachment-thumbnail\" alt=\"O Spa do Sun Siyam Iru Veli\" title=\"sol-siyam-iru-veli-spa\" \/><\/a>\n\t\t<\/figure>\n\t<\/div>\n<\/div><\/div><\/div><div class=\"wpb_column vc_column_container vc_col-sm-9\"><div class=\"vc_column-inner\"><div class=\"wpb_wrapper\">\n\t<div class=\"wpb_text_column wpb_content_element\" >\n\t\t<div class=\"wpb_wrapper\">\n\t\t\t<h4><a href=\"https:\/\/lamp.glopss.com\/SHVC\" target=\"_blank\" rel=\"nofollow noopener\">Sun Siyam Iru Veli<\/a><\/h4>\n<p>Mergulhe em novos n\u00edveis de relaxamento ao som das ondas com tratamentos restauradores e ingredientes naturais no Sun Siyam Iru Veli Spa. Nosso spa utiliza ingredientes naturais restauradores para ajud\u00e1-lo a reequilibrar corpo e mente. Inspirados nos tons suaves da ilha, os nossos pavilh\u00f5es spa s\u00e3o um casulo de calma, com camas duplas de massagem para relaxar durante os tratamentos em conjunto. Seja qual for a sua jornada de bem-estar, seu renovado senso de identidade certamente durar\u00e1 muito depois de voc\u00ea partir.<\/p>\n\n\t\t<\/div>\n\t<\/div>\n<\/div><\/div><\/div><\/div><div class=\"vc_row wpb_row vc_row-fluid\"><div class=\"wpb_column vc_column_container vc_col-sm-3\"><div class=\"vc_column-inner\"><div class=\"wpb_wrapper\">\n\t<div  class=\"wpb_single_image wpb_content_element vc_align_left wpb_content_element\">\n\t\t\n\t\t<figure class=\"wpb_wrapper vc_figure\">\n\t\t\t<a href=\"http:\/\/maldives-paradise.com\/pt\/soneva-jani\/\" target=\"_self\" class=\"vc_single_image-wrapper   vc_box_border_grey\"><img loading=\"lazy\" decoding=\"async\" width=\"150\" height=\"150\" src=\"https:\/\/maldives-paradise.com\/wp-content\/uploads\/2024\/05\/Soneva-jani-spa-150x150.jpg\" class=\"vc_single_image-img attachment-thumbnail\" alt=\"Spa Soneva Jani Souls\" title=\"Soneva-jani-spa\" \/><\/a>\n\t\t<\/figure>\n\t<\/div>\n<\/div><\/div><\/div><div class=\"wpb_column vc_column_container vc_col-sm-9\"><div class=\"vc_column-inner\"><div class=\"wpb_wrapper\">\n\t<div class=\"wpb_text_column wpb_content_element\" >\n\t\t<div class=\"wpb_wrapper\">\n\t\t\t<h4><a href=\"http:\/\/maldives-paradise.com\/pt\/soneva-jani\/\">O Spa do Soneva Jani<\/a><\/h4>\n<p>O complexo Island Spa de tr\u00eas n\u00edveis do Soneva Soul em Soneva Jani est\u00e1 ligado por passarelas elevadas que serpenteiam entre as \u00e1rvores. Complementando o Overwater Spa existente no The Gathering, inclui salas de tratamento ao ar livre, salas de consulta, salas de medicina integrativa, academia de \u00faltima gera\u00e7\u00e3o e bar de sucos. Um pavilh\u00e3o de ioga e uma plataforma de medita\u00e7\u00e3o ficam bem acima da linha das \u00e1rvores, oferecendo vistas de 360 graus da lagoa privada azul-turquesa.<\/p>\n\n\t\t<\/div>\n\t<\/div>\n<\/div><\/div><\/div><\/div><div class=\"vc_row wpb_row vc_row-fluid\"><div class=\"wpb_column vc_column_container vc_col-sm-3\"><div class=\"vc_column-inner\"><div class=\"wpb_wrapper\">\n\t<div  class=\"wpb_single_image wpb_content_element vc_align_left wpb_content_element\">\n\t\t\n\t\t<figure class=\"wpb_wrapper vc_figure\">\n\t\t\t<a href=\"http:\/\/maldives-paradise.com\/pt\/quatro-temporadas-maldivas-kuda-huraa\/\" target=\"_self\" class=\"vc_single_image-wrapper   vc_box_border_grey\"><img loading=\"lazy\" decoding=\"async\" width=\"150\" height=\"150\" src=\"https:\/\/maldives-paradise.com\/wp-content\/uploads\/2024\/05\/four-seasons-spa-150x150.jpg\" class=\"vc_single_image-img attachment-thumbnail\" alt=\"O Spa do Four Seasons Kuda Huraa\" title=\"spa-quatro-esta\u00e7\u00f5es\" \/><\/a>\n\t\t<\/figure>\n\t<\/div>\n<\/div><\/div><\/div><div class=\"wpb_column vc_column_container vc_col-sm-9\"><div class=\"vc_column-inner\"><div class=\"wpb_wrapper\">\n\t<div class=\"wpb_text_column wpb_content_element\" >\n\t\t<div class=\"wpb_wrapper\">\n\t\t\t<h4><a href=\"http:\/\/maldives-paradise.com\/pt\/quatro-temporadas-maldivas-kuda-huraa\/\">Spa Four Seasons Kuda Huraa<\/a><\/h4>\n<p>O santu\u00e1rio Island Spa \u00e9 um spa de luxo nas Maldivas. Navegue pelo azul, entre no verde e absorva os brancos et\u00e9reos de um ref\u00fagio de paz e pureza, onde detalhes arquitet\u00f4nicos e linhas geom\u00e9tricas dan\u00e7am com a luz e contrastam com o fluxo de forma livre circundante da natureza. Siga o caminho at\u00e9 o est\u00fadio de ioga ou a su\u00edte sobre a \u00e1gua para tratamentos inspirados no oceano e experimente o verdadeiro relaxamento das Maldivas.<\/p>\n\n\t\t<\/div>\n\t<\/div>\n<\/div><\/div><\/div><\/div><div class=\"vc_row wpb_row vc_row-fluid\"><div class=\"wpb_column vc_column_container vc_col-sm-3\"><div class=\"vc_column-inner\"><div class=\"wpb_wrapper\">\n\t<div  class=\"wpb_single_image wpb_content_element vc_align_left wpb_content_element\">\n\t\t\n\t\t<figure class=\"wpb_wrapper vc_figure\">\n\t\t\t<a href=\"http:\/\/maldives-paradise.com\/pt\/velaa-ilha-privada-maldivas\/\" target=\"_self\" class=\"vc_single_image-wrapper   vc_box_border_grey\"><img loading=\"lazy\" decoding=\"async\" width=\"150\" height=\"150\" src=\"https:\/\/maldives-paradise.com\/wp-content\/uploads\/2024\/05\/velaa-spa-snow-room-150x150.jpg\" class=\"vc_single_image-img attachment-thumbnail\" alt=\"O Spa na Velaa Private Island Maldivas\" title=\"velaa-spa-snow-room\" \/><\/a>\n\t\t<\/figure>\n\t<\/div>\n<\/div><\/div><\/div><div class=\"wpb_column vc_column_container vc_col-sm-9\"><div class=\"vc_column-inner\"><div class=\"wpb_wrapper\">\n\t<div class=\"wpb_text_column wpb_content_element\" >\n\t\t<div class=\"wpb_wrapper\">\n\t\t\t<h4><a href=\"http:\/\/maldives-paradise.com\/pt\/velaa-ilha-privada-maldivas\/\">Velaa Private Island Maldivas Spa<\/a><\/h4>\n<p>O mar sereno abriga um retiro tranquilo de vilas de tratamento privadas e uma grande \u00e1rea de spa onde o tempo passa ao ritmo suave das ondas abaixo. No Velaa Spa a vida reencontra o equil\u00edbrio. Refresque-se na \u00fanica sala de neve das Maldivas ou desintoxique-se no calor da sauna seca e a vapor, enquanto desfruta de infinitas vistas azul-turquesa.<br \/>\nFoi criada uma sele\u00e7\u00e3o de combina\u00e7\u00f5es de tratamentos eficazes para proporcionar uma nova abordagem \u00e0 terapia de cura, ao mesmo tempo que cria um equil\u00edbrio harmonioso entre tratamentos de spa, aten\u00e7\u00e3o plena, fitness e nutri\u00e7\u00e3o.<\/p>\n\n\t\t<\/div>\n\t<\/div>\n<\/div><\/div><\/div><\/div><div class=\"vc_row wpb_row vc_row-fluid\"><div class=\"wpb_column vc_column_container vc_col-sm-12\"><div class=\"vc_column-inner\"><div class=\"wpb_wrapper\">\n\t<div class=\"wpb_text_column wpb_content_element\" >\n\t\t<div class=\"wpb_wrapper\">\n\t\t\t<p><a href=\"https:\/\/maldives-paradise.com\/pt\/marcacao\/spa-maldivas\/\"><strong>Mais sobre Spa Resorts nas Maldivas<\/strong><\/a><\/p>\n<p><strong><a title=\"Os 12 melhores resorts de luxo nas Maldivas\" href=\"https:\/\/maldives-paradise.com\/pt\/os-12-melhores-resorts-de-luxo-nas-maldivas\/\">Os melhores resorts de luxo nas Maldivas<\/a><\/strong><\/p>\n\n\t\t<\/div>\n\t<\/div>\n<\/div><\/div><\/div><\/div>\n<\/div>","protected":false},"excerpt":{"rendered":"<div class=\"mh-excerpt\"><\/div>","protected":false},"author":1,"featured_media":15283,"parent":0,"menu_order":0,"comment_status":"closed","ping_status":"closed","template":"","meta":{"footnotes":""},"class_list":["post-15282","page","type-page","status-publish","has-post-thumbnail"],"aioseo_notices":[],"_links":{"self":[{"href":"https:\/\/maldives-paradise.com\/pt\/wp-json\/wp\/v2\/pages\/15282","targetHints":{"allow":["GET"]}}],"collection":[{"href":"https:\/\/maldives-paradise.com\/pt\/wp-json\/wp\/v2\/pages"}],"about":[{"href":"https:\/\/maldives-paradise.com\/pt\/wp-json\/wp\/v2\/types\/page"}],"author":[{"embeddable":true,"href":"https:\/\/maldives-paradise.com\/pt\/wp-json\/wp\/v2\/users\/1"}],"replies":[{"embeddable":true,"href":"https:\/\/maldives-paradise.com\/pt\/wp-json\/wp\/v2\/comments?post=15282"}],"version-history":[{"count":6,"href":"https:\/\/maldives-paradise.com\/pt\/wp-json\/wp\/v2\/pages\/15282\/revisions"}],"predecessor-version":[{"id":45317,"href":"https:\/\/maldives-paradise.com\/pt\/wp-json\/wp\/v2\/pages\/15282\/revisions\/45317"}],"wp:featuredmedia":[{"embeddable":true,"href":"https:\/\/maldives-paradise.com\/pt\/wp-json\/wp\/v2\/media\/15283"}],"wp:attachment":[{"href":"https:\/\/maldives-paradise.com\/pt\/wp-json\/wp\/v2\/media?parent=15282"}],"curies":[{"name":"wp","href":"https:\/\/api.w.org\/{rel}","templated":true}]}}