{"id":11428,"date":"2024-02-25T14:59:22","date_gmt":"2024-02-25T14:59:22","guid":{"rendered":"http:\/\/maldives-paradise.com\/?page_id=11428"},"modified":"2025-02-22T14:37:55","modified_gmt":"2025-02-22T14:37:55","slug":"regulamentos-sobre-alcool-nas-maldivas","status":"publish","type":"page","link":"https:\/\/maldives-paradise.com\/pt\/regulamentos-sobre-alcool-nas-maldivas\/","title":{"rendered":"Regulamenta\u00e7\u00f5es sobre \u00e1lcool nas Maldivas"},"content":{"rendered":"<div class=\"wpb-content-wrapper\"><div class=\"vc_row wpb_row vc_row-fluid\"><div class=\"wpb_column vc_column_container vc_col-sm-12\"><div class=\"vc_column-inner\"><div class=\"wpb_wrapper\">\n\t<div class=\"wpb_text_column wpb_content_element\" >\n\t\t<div class=\"wpb_wrapper\">\n\t\t\t<h3>Leis, regulamentos e considera\u00e7\u00f5es sobre \u00e1lcool nas Maldivas<\/h3>\n\n\t\t<\/div>\n\t<\/div>\n<\/div><\/div><\/div><\/div><div class=\"vc_row wpb_row vc_row-fluid\"><div class=\"wpb_column vc_column_container vc_col-sm-12\"><div class=\"vc_column-inner\"><div class=\"wpb_wrapper\">\n\t<div  class=\"wpb_single_image wpb_content_element vc_align_left wpb_content_element\">\n\t\t\n\t\t<figure class=\"wpb_wrapper vc_figure\">\n\t\t\t<div class=\"vc_single_image-wrapper   vc_box_border_grey\"><img loading=\"lazy\" decoding=\"async\" width=\"760\" height=\"506\" src=\"https:\/\/maldives-paradise.com\/wp-content\/uploads\/2024\/02\/drinks-maldives.jpg\" class=\"vc_single_image-img attachment-full\" alt=\"Regulamenta\u00e7\u00f5es sobre \u00e1lcool nas Maldivas\" title=\"bebidas-maldivas\" srcset=\"https:\/\/maldives-paradise.com\/wp-content\/uploads\/2024\/02\/drinks-maldives.jpg 760w, https:\/\/maldives-paradise.com\/wp-content\/uploads\/2024\/02\/drinks-maldives-300x200.jpg 300w, https:\/\/maldives-paradise.com\/wp-content\/uploads\/2024\/02\/drinks-maldives-18x12.jpg 18w, https:\/\/maldives-paradise.com\/wp-content\/uploads\/2024\/02\/drinks-maldives-500x333.jpg 500w\" sizes=\"auto, (max-width: 760px) 100vw, 760px\" \/><\/div>\n\t\t<\/figure>\n\t<\/div>\n<\/div><\/div><\/div><\/div><div class=\"vc_row wpb_row vc_row-fluid\"><div class=\"wpb_column vc_column_container vc_col-sm-12\"><div class=\"vc_column-inner\"><div class=\"wpb_wrapper\">\n\t<div class=\"wpb_text_column wpb_content_element\" >\n\t\t<div class=\"wpb_wrapper\">\n\t\t\t<p>As Maldivas t\u00eam uma abordagem \u00fanica \u00e0s leis sobre o \u00e1lcool que reflectem os seus valores culturais e religiosos. Sendo um pa\u00eds predominantemente mu\u00e7ulmano, as Maldivas aderem \u00e0 lei isl\u00e2mica, que pro\u00edbe o consumo de \u00e1lcool pelos seus cidad\u00e3os. Esta proibi\u00e7\u00e3o est\u00e1 enraizada na cren\u00e7a isl\u00e2mica.<\/p>\n<p><strong>Ilhas Privadas<\/strong><\/p>\n<p>No entanto, reconhecendo a import\u00e2ncia do turismo para a sua economia, as Maldivas abriram excep\u00e7\u00f5es a estas rigorosas leis sobre o \u00e1lcool em \u00e1reas designadas, principalmente em resorts localizados em ilhas privadas. Esses resorts, que atendem principalmente turistas estrangeiros, est\u00e3o autorizados a obter licen\u00e7as especiais para servir bebidas alco\u00f3licas aos seus h\u00f3spedes. O contraste na regulamenta\u00e7\u00e3o do \u00e1lcool entre \u00e1reas p\u00fablicas e resorts privados \u00e9 gritante.<\/p>\n<p><strong>Ilhas P\u00fablicas<\/strong><\/p>\n<p>As ilhas habitadas, onde reside a popula\u00e7\u00e3o local, pro\u00edbem estritamente a venda e o consumo de \u00e1lcool, de acordo com os princ\u00edpios isl\u00e2micos.<\/p>\n<p><strong>Alf\u00e2ndega das Maldivas<\/strong><\/p>\n<p>Os turistas tamb\u00e9m est\u00e3o proibidos de trazer bebidas alco\u00f3licas para o pa\u00eds e est\u00e3o sujeitos a fiscaliza\u00e7\u00e3o alfandeg\u00e1ria nos pontos de entrada.<\/p>\n<p><strong>Conclus\u00e3o<\/strong><\/p>\n<p>Nas ilhas tur\u00edsticas privadas, os turistas podem desfrutar de uma variedade de bebidas alco\u00f3licas, incluindo cerveja, vinho e bebidas espirituosas, num ambiente controlado. Os resorts s\u00e3o respons\u00e1veis por cumprir os regulamentos estabelecidos pelo governo das Maldivas, que incluem a n\u00e3o venda de \u00e1lcool aos cidad\u00e3os das Maldivas e a garantia de que o \u00e1lcool seja consumido apenas dentro dos limites do resort. Este sistema \u00fanico permite \u00e0s Maldivas manter a sua integridade cultural e religiosa, ao mesmo tempo que acomoda os desejos dos turistas internacionais.<\/p>\n<p>A abordagem do governo das Maldivas \u00e0 regulamenta\u00e7\u00e3o do \u00e1lcool \u00e9 um equil\u00edbrio delicado entre o respeito pelas leis e tradi\u00e7\u00f5es isl\u00e2micas e a promo\u00e7\u00e3o de uma ind\u00fastria tur\u00edstica lucrativa. Reflete o compromisso do pa\u00eds em preservar a sua identidade cultural e ao mesmo tempo estar aberto \u00e0 comunidade global. Este equil\u00edbrio \u00e9 crucial para manter a harmonia social e garantir que tanto os residentes como os visitantes possam desfrutar da beleza e serenidade das Maldivas.<\/p>\n\n\t\t<\/div>\n\t<\/div>\n<\/div><\/div><\/div><\/div><div class=\"vc_row wpb_row vc_row-fluid\"><div class=\"wpb_column vc_column_container vc_col-sm-12\"><div class=\"vc_column-inner\"><div class=\"wpb_wrapper\">\n\t<div class=\"wpb_text_column wpb_content_element\" >\n\t\t<div class=\"wpb_wrapper\">\n\t\t\t<p><strong><a class=\"wp-block-latest-posts__post-title\" href=\"https:\/\/maldives-paradise.com\/pt\/2024\/12\/novos-regulamentos-sobre-tabaco-e-proibicao-de-vaporizacao-nas-maldivas-2024\/\">Novos regulamentos sobre tabaco e proibi\u00e7\u00e3o de vaporiza\u00e7\u00e3o nas Maldivas 2024<\/a><\/strong><\/p>\n\n\t\t<\/div>\n\t<\/div>\n<\/div><\/div><\/div><\/div>\n<\/div>","protected":false},"excerpt":{"rendered":"<div class=\"mh-excerpt\"><\/div>","protected":false},"author":1,"featured_media":11430,"parent":0,"menu_order":0,"comment_status":"closed","ping_status":"closed","template":"","meta":{"footnotes":""},"class_list":["post-11428","page","type-page","status-publish","has-post-thumbnail"],"aioseo_notices":[],"_links":{"self":[{"href":"https:\/\/maldives-paradise.com\/pt\/wp-json\/wp\/v2\/pages\/11428","targetHints":{"allow":["GET"]}}],"collection":[{"href":"https:\/\/maldives-paradise.com\/pt\/wp-json\/wp\/v2\/pages"}],"about":[{"href":"https:\/\/maldives-paradise.com\/pt\/wp-json\/wp\/v2\/types\/page"}],"author":[{"embeddable":true,"href":"https:\/\/maldives-paradise.com\/pt\/wp-json\/wp\/v2\/users\/1"}],"replies":[{"embeddable":true,"href":"https:\/\/maldives-paradise.com\/pt\/wp-json\/wp\/v2\/comments?post=11428"}],"version-history":[{"count":4,"href":"https:\/\/maldives-paradise.com\/pt\/wp-json\/wp\/v2\/pages\/11428\/revisions"}],"predecessor-version":[{"id":30968,"href":"https:\/\/maldives-paradise.com\/pt\/wp-json\/wp\/v2\/pages\/11428\/revisions\/30968"}],"wp:featuredmedia":[{"embeddable":true,"href":"https:\/\/maldives-paradise.com\/pt\/wp-json\/wp\/v2\/media\/11430"}],"wp:attachment":[{"href":"https:\/\/maldives-paradise.com\/pt\/wp-json\/wp\/v2\/media?parent=11428"}],"curies":[{"name":"wp","href":"https:\/\/api.w.org\/{rel}","templated":true}]}}