{"id":10581,"date":"2024-02-12T20:15:26","date_gmt":"2024-02-12T20:15:26","guid":{"rendered":"http:\/\/maldives-paradise.com\/?page_id=10581"},"modified":"2025-10-15T14:02:41","modified_gmt":"2025-10-15T14:02:41","slug":"o-hotel-somerset","status":"publish","type":"page","link":"https:\/\/maldives-paradise.com\/pt\/o-hotel-somerset\/","title":{"rendered":"O Hotel Somerset"},"content":{"rendered":"<div class=\"wpb-content-wrapper\"><div class=\"vc_row wpb_row vc_row-fluid\"><div class=\"wpb_column vc_column_container vc_col-sm-12\"><div class=\"vc_column-inner\"><div class=\"wpb_wrapper\">\n\t<div class=\"wpb_text_column wpb_content_element\" >\n\t\t<div class=\"wpb_wrapper\">\n\t\t\t<h3>As principais caracter\u00edsticas do The Somerset Hotel nas Maldivas<\/h3>\n\n\t\t<\/div>\n\t<\/div>\n<\/div><\/div><\/div><\/div><div class=\"vc_row wpb_row vc_row-fluid\"><div class=\"wpb_column vc_column_container vc_col-sm-12\"><div class=\"vc_column-inner\"><div class=\"wpb_wrapper\">\n\t<div class=\"wpb_video_widget wpb_content_element vc_clearfix   vc_video-aspect-ratio-169 vc_video-el-width-100 vc_video-align-left\" >\n\t\t<div class=\"wpb_wrapper\">\n\t\t\t\n\t\t\t<div class=\"wpb_video_wrapper\"><iframe loading=\"lazy\" title=\"Season Paradise, destino de sonho nas Maldivas\" width=\"500\" height=\"281\" src=\"https:\/\/www.youtube.com\/embed\/lrFeMMiDh-w?feature=oembed\" frameborder=\"0\" allow=\"accelerometer; autoplay; clipboard-write; encrypted-media; gyroscope; picture-in-picture; web-share\" allowfullscreen><\/iframe><\/div>\n\t\t<\/div>\n\t<\/div>\n<\/div><\/div><\/div><\/div><div class=\"vc_row wpb_row vc_row-fluid\"><div class=\"wpb_column vc_column_container vc_col-sm-12\"><div class=\"vc_column-inner\"><div class=\"wpb_wrapper\">\n\t<div class=\"wpb_text_column wpb_content_element\" >\n\t\t<div class=\"wpb_wrapper\">\n\t\t\t<p>O Somerset Hotel se destaca como um farol de luxo e tranquilidade neste para\u00edso tropical. Localizado na capital Mal\u00e9, este retiro elegante oferece aos viajantes exigentes uma mistura \u00fanica de sofistica\u00e7\u00e3o contempor\u00e2nea e charme das Maldivas. Vamos explorar os principais recursos que tornam <strong>O Hotel Somerset<\/strong> um destino de visita obrigat\u00f3ria.<\/p>\n<p><strong>Localiza\u00e7\u00e3o privilegiada:<\/strong><br \/>\nO Somerset Hotel desfruta de uma localiza\u00e7\u00e3o privilegiada no cora\u00e7\u00e3o de Mal\u00e9, a vibrante capital das Maldivas. Convenientemente situado perto das principais atra\u00e7\u00f5es da cidade, distritos comerciais e centros de neg\u00f3cios, os h\u00f3spedes t\u00eam f\u00e1cil acesso a tudo o que este destino encantador tem a oferecer. Seja explorando as movimentadas ruas de Mal\u00e9 ou embarcando em excurs\u00f5es para ilhas pr\u00f3ximas, o Somerset Hotel serve como a base perfeita para aventuras inesquec\u00edveis.<\/p>\n<p><strong>Acomoda\u00e7\u00f5es luxuosas:<\/strong><br \/>\nO Somerset Hotel oferece acomoda\u00e7\u00f5es luxuosas projetadas para fornecer aos h\u00f3spedes o m\u00e1ximo de conforto e relaxamento. De quartos de h\u00f3spedes elegantes a su\u00edtes espa\u00e7osas, cada acomoda\u00e7\u00e3o \u00e9 elegantemente mobiliada e equipada com comodidades modernas para garantir uma estadia perfeita. Os h\u00f3spedes podem relaxar em camas macias, mergulhar em banheiras de imers\u00e3o profundas e desfrutar de vistas panor\u00e2micas do horizonte da cidade ou do tranquilo Oceano \u00cdndico de suas varandas privadas.<\/p>\n<p><strong>Experi\u00eancias gastron\u00f4micas excepcionais:<\/strong><br \/>\nDel\u00edcias culin\u00e1rias aguardam os h\u00f3spedes nos diversos restaurantes do The Somerset Hotel, onde chefs de classe mundial criam pratos requintados inspirados em sabores locais e cozinhas internacionais. De restaurantes finos que servem pratos gourmet a caf\u00e9s e bares casuais que oferecem petiscos leves e bebidas refrescantes, h\u00e1 algo para seduzir todos os paladares. Os h\u00f3spedes podem se deliciar com suntuosos buf\u00eas, refei\u00e7\u00f5es ao ar livre na piscina ou jantares rom\u00e2nticos sob as estrelas, garantindo uma experi\u00eancia culin\u00e1ria inesquec\u00edvel.<\/p>\n<p><strong>Piscina de borda infinita na cobertura:<\/strong><br \/>\nUma das caracter\u00edsticas de destaque do The Somerset Hotel \u00e9 sua piscina de borda infinita na cobertura, que oferece vistas de tirar o f\u00f4lego do horizonte das Maldivas e das \u00e1guas cintilantes do Oceano \u00cdndico. Os h\u00f3spedes podem dar um mergulho refrescante nas \u00e1guas cristalinas, aproveitar o sol tropical em confort\u00e1veis espregui\u00e7adeiras ou saborear coquet\u00e9is refrescantes no bar da piscina. Seja relaxando ap\u00f3s um dia de explora\u00e7\u00e3o ou curtindo um mergulho tranquilo ao p\u00f4r do sol, a piscina de borda infinita na cobertura oferece a melhor experi\u00eancia de relaxamento.<\/p>\n<p><strong>Bem-estar e recrea\u00e7\u00e3o:<\/strong><br \/>\nO Somerset Hotel oferece uma variedade de instala\u00e7\u00f5es de bem-estar e recrea\u00e7\u00e3o projetadas para rejuvenescer a mente, o corpo e a alma. Os h\u00f3spedes podem se deliciar com tratamentos de spa relaxantes, exerc\u00edcios revigorantes na academia ou sess\u00f5es de ioga no terra\u00e7o com vista para o oceano. Para aqueles que buscam aventura, o hotel pode organizar uma variedade de atividades de esportes aqu\u00e1ticos, incluindo mergulho com snorkel, mergulho e cruzeiros ao p\u00f4r do sol, permitindo que os h\u00f3spedes explorem a vibrante vida marinha e as maravilhas naturais das Maldivas.<\/p>\n<p><strong>Atendimento personalizado:<\/strong><br \/>\nNo The Somerset Hotel, os h\u00f3spedes s\u00e3o tratados com servi\u00e7o personalizado e hospitalidade calorosa das Maldivas desde o momento em que chegam. A equipe atenciosa vai al\u00e9m para garantir que cada aspecto da estadia dos h\u00f3spedes seja impec\u00e1vel, desde organizar traslados do aeroporto at\u00e9 organizar excurs\u00f5es e experi\u00eancias personalizadas. Com aten\u00e7\u00e3o aos detalhes e um desejo genu\u00edno de exceder as expectativas, o The Somerset Hotel cria mem\u00f3rias inesquec\u00edveis para cada h\u00f3spede.<\/p>\n<p><strong>Instala\u00e7\u00f5es para neg\u00f3cios e eventos:<\/strong><br \/>\nPara viajantes a neg\u00f3cios e aqueles que hospedam eventos especiais, o Somerset Hotel oferece instala\u00e7\u00f5es de \u00faltima gera\u00e7\u00e3o para reuni\u00f5es e eventos, equipadas com a mais recente tecnologia e comodidades. De reuni\u00f5es \u00edntimas em salas de diretoria a grandes recep\u00e7\u00f5es e banquetes, a experiente equipe de eventos do hotel pode ajudar com cada detalhe para garantir uma ocasi\u00e3o bem-sucedida e memor\u00e1vel.<\/p>\n<p>Concluindo, o The Somerset Hotel oferece um retiro luxuoso no cora\u00e7\u00e3o das Maldivas, combinando acomoda\u00e7\u00f5es elegantes, experi\u00eancias gastron\u00f4micas excepcionais e servi\u00e7o inigual\u00e1vel para criar uma estadia inesquec\u00edvel para os h\u00f3spedes. Seja buscando relaxamento, aventura ou oportunidades de neg\u00f3cios, o The Somerset Hotel convida os viajantes a descobrir a beleza e a serenidade deste destino encantador e criar mem\u00f3rias para durar a vida toda.<\/p>\n\n\t\t<\/div>\n\t<\/div>\n<\/div><\/div><\/div><\/div><div class=\"vc_row wpb_row vc_row-fluid\"><div class=\"wpb_column vc_column_container vc_col-sm-12\"><div class=\"vc_column-inner\"><div class=\"wpb_wrapper\">\n\t<div class=\"wpb_text_column wpb_content_element\" >\n\t\t<div class=\"wpb_wrapper\">\n\t\t\t<h3><a title=\"O Hotel Somerset\" href=\"https:\/\/trip.tpo.lv\/nJmI3cNc\" target=\"blanc2\" rel=\"nofollow\">Check availability and best price at The Somerset Hotel here &gt;&gt;<\/a><\/h3>\n\n\t\t<\/div>\n\t<\/div>\n<\/div><\/div><\/div><\/div>\n<\/div>","protected":false},"excerpt":{"rendered":"<div class=\"mh-excerpt\"><\/div>","protected":false},"author":1,"featured_media":10582,"parent":0,"menu_order":0,"comment_status":"closed","ping_status":"closed","template":"","meta":{"footnotes":""},"class_list":["post-10581","page","type-page","status-publish","has-post-thumbnail"],"aioseo_notices":[],"_links":{"self":[{"href":"https:\/\/maldives-paradise.com\/pt\/wp-json\/wp\/v2\/pages\/10581","targetHints":{"allow":["GET"]}}],"collection":[{"href":"https:\/\/maldives-paradise.com\/pt\/wp-json\/wp\/v2\/pages"}],"about":[{"href":"https:\/\/maldives-paradise.com\/pt\/wp-json\/wp\/v2\/types\/page"}],"author":[{"embeddable":true,"href":"https:\/\/maldives-paradise.com\/pt\/wp-json\/wp\/v2\/users\/1"}],"replies":[{"embeddable":true,"href":"https:\/\/maldives-paradise.com\/pt\/wp-json\/wp\/v2\/comments?post=10581"}],"version-history":[{"count":3,"href":"https:\/\/maldives-paradise.com\/pt\/wp-json\/wp\/v2\/pages\/10581\/revisions"}],"predecessor-version":[{"id":43713,"href":"https:\/\/maldives-paradise.com\/pt\/wp-json\/wp\/v2\/pages\/10581\/revisions\/43713"}],"wp:featuredmedia":[{"embeddable":true,"href":"https:\/\/maldives-paradise.com\/pt\/wp-json\/wp\/v2\/media\/10582"}],"wp:attachment":[{"href":"https:\/\/maldives-paradise.com\/pt\/wp-json\/wp\/v2\/media?parent=10581"}],"curies":[{"name":"wp","href":"https:\/\/api.w.org\/{rel}","templated":true}]}}