{"id":10573,"date":"2024-02-12T20:03:32","date_gmt":"2024-02-12T20:03:32","guid":{"rendered":"http:\/\/maldives-paradise.com\/?page_id=10573"},"modified":"2025-02-21T07:29:54","modified_gmt":"2025-02-21T07:29:54","slug":"hoteis-resorts-4-estrelas-nas-maldivas-4","status":"publish","type":"page","link":"https:\/\/maldives-paradise.com\/pt\/hoteis-resorts-4-estrelas-nas-maldivas-4\/","title":{"rendered":"Hot\u00e9is e resorts 4 estrelas nas Maldivas 4"},"content":{"rendered":"<div class=\"wpb-content-wrapper\"><div class=\"vc_row wpb_row vc_row-fluid\"><div class=\"wpb_column vc_column_container vc_col-sm-12\"><div class=\"vc_column-inner\"><div class=\"wpb_wrapper\">\n\t<div class=\"wpb_text_column wpb_content_element\" >\n\t\t<div class=\"wpb_wrapper\">\n\t\t\t<h3>Uma sele\u00e7\u00e3o de hot\u00e9is e resorts 4 estrelas nas Maldivas<\/h3>\n<p>As Maldivas abrigam in\u00fameras <strong data-start=\"82\" data-end=\"111\">Hot\u00e9is e resorts 4 estrelas<\/strong>, oferecendo um equil\u00edbrio perfeito de <strong data-start=\"143\" data-end=\"181\">luxo, conforto e acessibilidade<\/strong>. Esses resorts oferecem <strong data-start=\"205\" data-end=\"282\">deslumbrantes vilas \u00e0 beira-mar, bangal\u00f4s sobre a \u00e1gua e excelentes instala\u00e7\u00f5es<\/strong>, incluindo <strong data-start=\"294\" data-end=\"338\">piscinas, spas e diversas op\u00e7\u00f5es gastron\u00f4micas<\/strong>. Os h\u00f3spedes podem desfrutar de <strong data-start=\"362\" data-end=\"404\">mergulho com snorkel, mergulho e cruzeiros ao p\u00f4r do sol<\/strong>, tudo isso enquanto aproveita <strong data-start=\"425\" data-end=\"481\">hospitalidade excepcional e vistas deslumbrantes do oceano<\/strong>.<\/p>\n\n\t\t<\/div>\n\t<\/div>\n<\/div><\/div><\/div><\/div><div class=\"vc_row wpb_row vc_row-fluid\"><div class=\"wpb_column vc_column_container vc_col-sm-3\"><div class=\"vc_column-inner\"><div class=\"wpb_wrapper\">\n\t<div  class=\"wpb_single_image wpb_content_element vc_align_left wpb_content_element\">\n\t\t\n\t\t<figure class=\"wpb_wrapper vc_figure\">\n\t\t\t<a href=\"http:\/\/maldives-paradise.com\/pt\/resort-da-ilha-safari\/\" target=\"_self\" class=\"vc_single_image-wrapper   vc_box_border_grey\"><img loading=\"lazy\" decoding=\"async\" width=\"150\" height=\"150\" src=\"https:\/\/maldives-paradise.com\/wp-content\/uploads\/2024\/02\/safari-island-resort-150x150.jpg\" class=\"vc_single_image-img attachment-thumbnail\" alt=\"Resort Ilha Safari\" title=\"resort-ilha-saf\u00e1ri\" \/><\/a>\n\t\t<\/figure>\n\t<\/div>\n<\/div><\/div><\/div><div class=\"wpb_column vc_column_container vc_col-sm-9\"><div class=\"vc_column-inner\"><div class=\"wpb_wrapper\">\n\t<div class=\"wpb_text_column wpb_content_element\" >\n\t\t<div class=\"wpb_wrapper\">\n\t\t\t<h4><a href=\"http:\/\/maldives-paradise.com\/pt\/resort-da-ilha-safari\/\">Safari Island Maldivas<\/a><\/h4>\n<p>Safari Island nas Maldivas \u00e9 uma mistura de beleza natural, luxo, aventura e tranquilidade. \u00c9 um destino que atende a uma ampla gama de interesses e promete uma experi\u00eancia inesquec\u00edvel para qualquer um que o visite.<\/p>\n\n\t\t<\/div>\n\t<\/div>\n<\/div><\/div><\/div><\/div><div class=\"vc_row wpb_row vc_row-fluid\"><div class=\"wpb_column vc_column_container vc_col-sm-3\"><div class=\"vc_column-inner\"><div class=\"wpb_wrapper\">\n\t<div  class=\"wpb_single_image wpb_content_element vc_align_left wpb_content_element\">\n\t\t\n\t\t<figure class=\"wpb_wrapper vc_figure\">\n\t\t\t<a href=\"http:\/\/maldives-paradise.com\/pt\/paraiso-sazonal\/\" target=\"_self\" class=\"vc_single_image-wrapper   vc_box_border_grey\"><img loading=\"lazy\" decoding=\"async\" width=\"150\" height=\"150\" src=\"https:\/\/maldives-paradise.com\/wp-content\/uploads\/2024\/02\/season-paradise300-150x150.jpg\" class=\"vc_single_image-img attachment-thumbnail\" alt=\"Temporada Para\u00edso\" title=\"temporada-para\u00edso300\" \/><\/a>\n\t\t<\/figure>\n\t<\/div>\n<\/div><\/div><\/div><div class=\"wpb_column vc_column_container vc_col-sm-9\"><div class=\"vc_column-inner\"><div class=\"wpb_wrapper\">\n\t<div class=\"wpb_text_column wpb_content_element\" >\n\t\t<div class=\"wpb_wrapper\">\n\t\t\t<h4><a href=\"http:\/\/maldives-paradise.com\/pt\/paraiso-sazonal\/\">Temporada Para\u00edso<\/a><\/h4>\n<p>Situado na ilha de Thulusdhoo, no Atol de Mal\u00e9 do Norte, o Season Paradise oferece aos viajantes exigentes uma fuga id\u00edlica para o para\u00edso. De praias imaculadas a comodidades de classe mundial.<\/p>\n\n\t\t<\/div>\n\t<\/div>\n<\/div><\/div><\/div><\/div><div class=\"vc_row wpb_row vc_row-fluid\"><div class=\"wpb_column vc_column_container vc_col-sm-3\"><div class=\"vc_column-inner\"><div class=\"wpb_wrapper\">\n\t<div  class=\"wpb_single_image wpb_content_element vc_align_left wpb_content_element\">\n\t\t\n\t\t<figure class=\"wpb_wrapper vc_figure\">\n\t\t\t<a href=\"http:\/\/maldives-paradise.com\/pt\/south-palm-resort-maldives\/\" target=\"_self\" class=\"vc_single_image-wrapper   vc_box_border_grey\"><img loading=\"lazy\" decoding=\"async\" width=\"150\" height=\"150\" src=\"https:\/\/maldives-paradise.com\/wp-content\/uploads\/2024\/02\/south-palm-resort-maldives400-150x150.jpg\" class=\"vc_single_image-img attachment-thumbnail\" alt=\"South Palm Resort Maldivas\" title=\"resort-palm-sul-maldivas400\" \/><\/a>\n\t\t<\/figure>\n\t<\/div>\n<\/div><\/div><\/div><div class=\"wpb_column vc_column_container vc_col-sm-9\"><div class=\"vc_column-inner\"><div class=\"wpb_wrapper\">\n\t<div class=\"wpb_text_column wpb_content_element\" >\n\t\t<div class=\"wpb_wrapper\">\n\t\t\t<h4><a href=\"http:\/\/maldives-paradise.com\/pt\/south-palm-resort-maldives\/\">South Palm Resort Maldivas<\/a><\/h4>\n<p>O South Palm Resort Maldives oferece um retiro luxuoso em um dos destinos mais deslumbrantes do mundo, onde os h\u00f3spedes podem mergulhar na beleza e tranquilidade das Maldivas. Com suas acomoda\u00e7\u00f5es id\u00edlicas, experi\u00eancias gastron\u00f4micas requintadas, praias imaculadas e servi\u00e7o inigual\u00e1vel, o resort promete uma fuga inesquec\u00edvel para o para\u00edso.<\/p>\n\n\t\t<\/div>\n\t<\/div>\n<\/div><\/div><\/div><\/div><div class=\"vc_row wpb_row vc_row-fluid\"><div class=\"wpb_column vc_column_container vc_col-sm-3\"><div class=\"vc_column-inner\"><div class=\"wpb_wrapper\">\n\t<div  class=\"wpb_single_image wpb_content_element vc_align_left wpb_content_element\">\n\t\t\n\t\t<figure class=\"wpb_wrapper vc_figure\">\n\t\t\t<a href=\"http:\/\/maldives-paradise.com\/pt\/ilha-de-verao-maldivas\/\" target=\"_self\" class=\"vc_single_image-wrapper   vc_box_border_grey\"><img loading=\"lazy\" decoding=\"async\" width=\"150\" height=\"150\" src=\"https:\/\/maldives-paradise.com\/wp-content\/uploads\/2024\/02\/summer-island-maldives300-150x150.jpg\" class=\"vc_single_image-img attachment-thumbnail\" alt=\"Ilha de Ver\u00e3o Maldivas\" title=\"ilha de ver\u00e3o maldivas300\" \/><\/a>\n\t\t<\/figure>\n\t<\/div>\n<\/div><\/div><\/div><div class=\"wpb_column vc_column_container vc_col-sm-9\"><div class=\"vc_column-inner\"><div class=\"wpb_wrapper\">\n\t<div class=\"wpb_text_column wpb_content_element\" >\n\t\t<div class=\"wpb_wrapper\">\n\t\t\t<h4><a href=\"http:\/\/maldives-paradise.com\/pt\/ilha-de-verao-maldivas\/\">Ilha de Ver\u00e3o Maldivas<\/a><\/h4>\n<p><strong>Ilha de Ver\u00e3o Maldivas<\/strong>, um o\u00e1sis imaculado de luxo e tranquilidade. Situado na ilha particular de Ziyaaraiyfushi no North Male Atoll, este resort requintado oferece aos viajantes exigentes uma fuga incompar\u00e1vel para o para\u00edso.<\/p>\n\n\t\t<\/div>\n\t<\/div>\n<\/div><\/div><\/div><\/div><div class=\"vc_row wpb_row vc_row-fluid\"><div class=\"wpb_column vc_column_container vc_col-sm-3\"><div class=\"vc_column-inner\"><div class=\"wpb_wrapper\">\n\t<div  class=\"wpb_single_image wpb_content_element vc_align_left wpb_content_element\">\n\t\t\n\t\t<figure class=\"wpb_wrapper vc_figure\">\n\t\t\t<a href=\"http:\/\/maldives-paradise.com\/pt\/sol-siyam-olhuveli\/\" target=\"_self\" class=\"vc_single_image-wrapper   vc_box_border_grey\"><img loading=\"lazy\" decoding=\"async\" width=\"150\" height=\"150\" src=\"https:\/\/maldives-paradise.com\/wp-content\/uploads\/2024\/02\/sun-siyam-olhuveli-grand-water-villas-with-400-150x150.jpg\" class=\"vc_single_image-img attachment-thumbnail\" alt=\"Sun Siyam Olhuveli\" title=\"sun-siyam-olhuveli-grand-water-villas-com-400\" \/><\/a>\n\t\t<\/figure>\n\t<\/div>\n<\/div><\/div><\/div><div class=\"wpb_column vc_column_container vc_col-sm-9\"><div class=\"vc_column-inner\"><div class=\"wpb_wrapper\">\n\t<div class=\"wpb_text_column wpb_content_element\" >\n\t\t<div class=\"wpb_wrapper\">\n\t\t\t<h4><a href=\"http:\/\/maldives-paradise.com\/pt\/sol-siyam-olhuveli\/\">Sun Siyam Olhuveli<\/a><\/h4>\n<p>Com suas acomoda\u00e7\u00f5es luxuosas, experi\u00eancias gastron\u00f4micas de classe mundial, praias imaculadas e servi\u00e7o inigual\u00e1vel, o resort promete uma fuga inesquec\u00edvel para o para\u00edso para viajantes exigentes que buscam a melhor experi\u00eancia das Maldivas. Seja relaxando na praia, se entregando a tratamentos de spa ou embarcando em emocionantes aventuras de esportes aqu\u00e1ticos, os h\u00f3spedes s\u00e3o convidados a descobrir a magia de Sun Siyam Olhuveli e criar mem\u00f3rias para durar a vida toda.<\/p>\n\n\t\t<\/div>\n\t<\/div>\n<\/div><\/div><\/div><\/div><div class=\"vc_row wpb_row vc_row-fluid\"><div class=\"wpb_column vc_column_container vc_col-sm-3\"><div class=\"vc_column-inner\"><div class=\"wpb_wrapper\">\n\t<div  class=\"wpb_single_image wpb_content_element vc_align_left wpb_content_element\">\n\t\t\n\t\t<figure class=\"wpb_wrapper vc_figure\">\n\t\t\t<a href=\"http:\/\/maldives-paradise.com\/pt\/resort-na-ilha-de-thulhagiri\/\" target=\"_self\" class=\"vc_single_image-wrapper   vc_box_border_grey\"><img loading=\"lazy\" decoding=\"async\" width=\"150\" height=\"150\" src=\"https:\/\/maldives-paradise.com\/wp-content\/uploads\/2024\/02\/Thulhagiri-Island-Resort300-150x150.jpg\" class=\"vc_single_image-img attachment-thumbnail\" alt=\"Resort da Ilha Thulhagiri\" title=\"Thulhagiri-Ilha-Resort300\" \/><\/a>\n\t\t<\/figure>\n\t<\/div>\n<\/div><\/div><\/div><div class=\"wpb_column vc_column_container vc_col-sm-9\"><div class=\"vc_column-inner\"><div class=\"wpb_wrapper\">\n\t<div class=\"wpb_text_column wpb_content_element\" >\n\t\t<div class=\"wpb_wrapper\">\n\t\t\t<h4><a href=\"http:\/\/maldives-paradise.com\/pt\/resort-na-ilha-de-thulhagiri\/\">Resort da Ilha Thulhagiri<\/a><\/h4>\n<p>Thulhagiri Island Resort, um ref\u00fagio de luxo e tranquilidade nas Maldivas. Situado em sua ilha particular no North Male Atoll, este resort requintado oferece aos viajantes exigentes um retiro inesquec\u00edvel cercado por uma beleza natural de tirar o f\u00f4lego.<\/p>\n\n\t\t<\/div>\n\t<\/div>\n<\/div><\/div><\/div><\/div><div class=\"vc_row wpb_row vc_row-fluid\"><div class=\"wpb_column vc_column_container vc_col-sm-3\"><div class=\"vc_column-inner\"><div class=\"wpb_wrapper\">\n\t<div  class=\"wpb_single_image wpb_content_element vc_align_left wpb_content_element\">\n\t\t\n\t\t<figure class=\"wpb_wrapper vc_figure\">\n\t\t\t<a href=\"http:\/\/maldives-paradise.com\/pt\/vilamendhoo-island-resort-spa\/\" target=\"_self\" class=\"vc_single_image-wrapper   vc_box_border_grey\"><img loading=\"lazy\" decoding=\"async\" width=\"150\" height=\"150\" src=\"https:\/\/maldives-paradise.com\/wp-content\/uploads\/2024\/02\/Vilamendhoo-Island-Resort-Spa-Maldives-150x150.jpg\" class=\"vc_single_image-img attachment-thumbnail\" alt=\"Vilamendhoo Island Resort &amp; Spa\" title=\"Vilamendhoo-Ilha-Resort-Spa-Maldivas\" \/><\/a>\n\t\t<\/figure>\n\t<\/div>\n<\/div><\/div><\/div><div class=\"wpb_column vc_column_container vc_col-sm-9\"><div class=\"vc_column-inner\"><div class=\"wpb_wrapper\">\n\t<div class=\"wpb_text_column wpb_content_element\" >\n\t\t<div class=\"wpb_wrapper\">\n\t\t\t<h4><a href=\"http:\/\/maldives-paradise.com\/pt\/vilamendhoo-island-resort-spa\/\">Vilamendhoo Island Resort &amp; Spa<\/a><\/h4>\n<p>Vilamendhoo Island Resort &amp; Spa oferece um retiro luxuoso em um dos destinos mais deslumbrantes do mundo, onde os h\u00f3spedes podem mergulhar na beleza natural e na serenidade das Maldivas. Com suas acomoda\u00e7\u00f5es luxuosas, experi\u00eancias gastron\u00f4micas de classe mundial, praias imaculadas e servi\u00e7o inigual\u00e1vel.<\/p>\n\n\t\t<\/div>\n\t<\/div>\n<\/div><\/div><\/div><\/div><div class=\"vc_row wpb_row vc_row-fluid\"><div class=\"wpb_column vc_column_container vc_col-sm-3\"><div class=\"vc_column-inner\"><div class=\"wpb_wrapper\">\n\t<div  class=\"wpb_single_image wpb_content_element vc_align_left wpb_content_element\">\n\t\t\n\t\t<figure class=\"wpb_wrapper vc_figure\">\n\t\t\t<a href=\"http:\/\/maldives-paradise.com\/pt\/o-hotel-somerset\/\" target=\"_self\" class=\"vc_single_image-wrapper   vc_box_border_grey\"><img loading=\"lazy\" decoding=\"async\" width=\"150\" height=\"150\" src=\"https:\/\/maldives-paradise.com\/wp-content\/uploads\/2024\/02\/the-somerset-hotel-400-150x150.jpg\" class=\"vc_single_image-img attachment-thumbnail\" alt=\"O Hotel Somerset\" title=\"o-somerset-hotel-400\" \/><\/a>\n\t\t<\/figure>\n\t<\/div>\n<\/div><\/div><\/div><div class=\"wpb_column vc_column_container vc_col-sm-9\"><div class=\"vc_column-inner\"><div class=\"wpb_wrapper\">\n\t<div class=\"wpb_text_column wpb_content_element\" >\n\t\t<div class=\"wpb_wrapper\">\n\t\t\t<h3><a href=\"http:\/\/maldives-paradise.com\/pt\/o-hotel-somerset\/\">O Hotel Somerset<\/a><\/h3>\n<p>O Somerset Hotel convida os viajantes a descobrir a beleza e a serenidade deste destino encantador e a criar mem\u00f3rias que durar\u00e3o a vida toda.<\/p>\n\n\t\t<\/div>\n\t<\/div>\n<\/div><\/div><\/div><\/div><div class=\"vc_row wpb_row vc_row-fluid\"><div class=\"wpb_column vc_column_container vc_col-sm-12\"><div class=\"vc_column-inner\"><div class=\"wpb_wrapper\">\n\t<div class=\"wpb_text_column wpb_content_element\" >\n\t\t<div class=\"wpb_wrapper\">\n\t\t\t<h3>Hot\u00e9is e resorts 4 estrelas nas Maldivas\u00a0\u00a0\u00a0 <a href=\"http:\/\/maldives-paradise.com\/pt\/hoteis-resorts-4-estrelas-nas-maldivas\/\">P\u00e1gina 1<\/a>\u00a0\u00a0 <a href=\"http:\/\/maldives-paradise.com\/pt\/hoteis-resorts-4-estrelas-nas-maldivas-2\/\">P\u00e1gina 2<\/a>\u00a0\u00a0 <a href=\"http:\/\/maldives-paradise.com\/pt\/hoteis-resorts-4-estrelas-nas-maldivas-3\/\">P\u00e1gina 3<\/a><\/h3>\n\n\t\t<\/div>\n\t<\/div>\n<\/div><\/div><\/div><\/div>\n<\/div>","protected":false},"excerpt":{"rendered":"<div class=\"mh-excerpt\"><\/div>","protected":false},"author":1,"featured_media":10498,"parent":0,"menu_order":0,"comment_status":"closed","ping_status":"closed","template":"","meta":{"footnotes":""},"class_list":["post-10573","page","type-page","status-publish","has-post-thumbnail"],"aioseo_notices":[],"_links":{"self":[{"href":"https:\/\/maldives-paradise.com\/pt\/wp-json\/wp\/v2\/pages\/10573","targetHints":{"allow":["GET"]}}],"collection":[{"href":"https:\/\/maldives-paradise.com\/pt\/wp-json\/wp\/v2\/pages"}],"about":[{"href":"https:\/\/maldives-paradise.com\/pt\/wp-json\/wp\/v2\/types\/page"}],"author":[{"embeddable":true,"href":"https:\/\/maldives-paradise.com\/pt\/wp-json\/wp\/v2\/users\/1"}],"replies":[{"embeddable":true,"href":"https:\/\/maldives-paradise.com\/pt\/wp-json\/wp\/v2\/comments?post=10573"}],"version-history":[{"count":6,"href":"https:\/\/maldives-paradise.com\/pt\/wp-json\/wp\/v2\/pages\/10573\/revisions"}],"predecessor-version":[{"id":34287,"href":"https:\/\/maldives-paradise.com\/pt\/wp-json\/wp\/v2\/pages\/10573\/revisions\/34287"}],"wp:featuredmedia":[{"embeddable":true,"href":"https:\/\/maldives-paradise.com\/pt\/wp-json\/wp\/v2\/media\/10498"}],"wp:attachment":[{"href":"https:\/\/maldives-paradise.com\/pt\/wp-json\/wp\/v2\/media?parent=10573"}],"curies":[{"name":"wp","href":"https:\/\/api.w.org\/{rel}","templated":true}]}}