{"id":10332,"date":"2024-02-08T18:07:56","date_gmt":"2024-02-08T18:07:56","guid":{"rendered":"http:\/\/maldives-paradise.com\/?page_id=10332"},"modified":"2025-10-10T15:04:48","modified_gmt":"2025-10-10T15:04:48","slug":"resort-rihiveli-maldivas","status":"publish","type":"page","link":"https:\/\/maldives-paradise.com\/pt\/resort-rihiveli-maldivas\/","title":{"rendered":"Rihiveli Maldivas Resort"},"content":{"rendered":"<div class=\"wpb-content-wrapper\"><div class=\"vc_row wpb_row vc_row-fluid\"><div class=\"wpb_column vc_column_container vc_col-sm-12\"><div class=\"vc_column-inner\"><div class=\"wpb_wrapper\">\n\t<div class=\"wpb_text_column wpb_content_element\" >\n\t\t<div class=\"wpb_wrapper\">\n\t\t\t<h3>Rihiveli Maldives Resort: Um para\u00edso atemporal de beleza natural<\/h3>\n\n\t\t<\/div>\n\t<\/div>\n<\/div><\/div><\/div><\/div><div class=\"vc_row wpb_row vc_row-fluid\"><div class=\"wpb_column vc_column_container vc_col-sm-12\"><div class=\"vc_column-inner\"><div class=\"wpb_wrapper\">\n\t<div class=\"wpb_video_widget wpb_content_element vc_clearfix   vc_video-aspect-ratio-169 vc_video-el-width-100 vc_video-align-left\" >\n\t\t<div class=\"wpb_wrapper\">\n\t\t\t\n\t\t\t<div class=\"wpb_video_wrapper\"><iframe loading=\"lazy\" title=\"Rihiveli Maldives Resort - Ao redor da ilha\" width=\"413\" height=\"310\" src=\"https:\/\/www.youtube.com\/embed\/qxPqrM4zG3Q?feature=oembed\" frameborder=\"0\" allow=\"accelerometer; autoplay; clipboard-write; encrypted-media; gyroscope; picture-in-picture; web-share\" allowfullscreen><\/iframe><\/div>\n\t\t<\/div>\n\t<\/div>\n<\/div><\/div><\/div><\/div><div class=\"vc_row wpb_row vc_row-fluid\"><div class=\"wpb_column vc_column_container vc_col-sm-12\"><div class=\"vc_column-inner\"><div class=\"wpb_wrapper\">\n\t<div class=\"wpb_text_column wpb_content_element\" >\n\t\t<div class=\"wpb_wrapper\">\n\t\t\t<p>As Maldivas, com seus at\u00f3is de coral intocados, lagoas azul-turquesa e praias de areia branca, s\u00e3o um destino de sonho para viajantes em busca da melhor escapada tropical. Neste artigo, apresentaremos a voc\u00ea <strong>Rihiveli Maldivas Resort<\/strong>, um ref\u00fagio atemporal que incorpora a verdadeira ess\u00eancia de uma ilha paradis\u00edaca. Descubra os fatos fascinantes e as caracter\u00edsticas \u00fanicas que fazem do Rihiveli Maldives Resort uma escolha extraordin\u00e1ria para as f\u00e9rias dos seus sonhos.<\/p>\n<p><strong>Localiza\u00e7\u00e3o e acessibilidade<\/strong><\/p>\n<p>O Rihiveli Maldives Resort est\u00e1 localizado na ilha particular de Rihiveli, no Atol de Mal\u00e9 Sul, proporcionando um ambiente exclusivo e tranquilo para as suas f\u00e9rias. Para chegar a este para\u00edso isolado, os h\u00f3spedes podem fazer um curto e panor\u00e2mico passeio de lancha r\u00e1pida, com dura\u00e7\u00e3o de 50 minutos, partindo do Aeroporto Internacional de Velana. A viagem em si oferece uma introdu\u00e7\u00e3o deslumbrante \u00e0 beleza natural das Maldivas, preparando o cen\u00e1rio para a sua escapada tropical.<\/p>\n<p><strong>Alojamento<\/strong><\/p>\n<p>O resort oferece uma variedade de op\u00e7\u00f5es de acomoda\u00e7\u00e3o exclusivas, cada uma projetada para proporcionar uma experi\u00eancia aut\u00eantica e confort\u00e1vel. Os ic\u00f4nicos bangal\u00f4s aqu\u00e1ticos do Rihiveli ficam sobre palafitas sobre as \u00e1guas cristalinas da lagoa, oferecendo acesso direto ao oceano. Alternativamente, os bangal\u00f4s \u00e0 beira-mar oferecem f\u00e1cil acesso \u00e0s areias finas e ao mar azul-turquesa. Todas as acomoda\u00e7\u00f5es s\u00e3o equipadas com comodidades modernas e projetadas para se integrar perfeitamente \u00e0 natureza.<\/p>\n<p><strong>Jantar<\/strong><\/p>\n<p>O Rihiveli Maldives Resort oferece uma deliciosa jornada gastron\u00f4mica que reflete seu compromisso com a excel\u00eancia. O restaurante principal, Sand, serve uma mistura de culin\u00e1ria internacional e maldiva, com \u00eanfase em ingredientes frescos e de origem local. Os h\u00f3spedes tamb\u00e9m podem desfrutar de noites tem\u00e1ticas de churrasco e jantares \u00e0 beira-mar, criando experi\u00eancias gastron\u00f4micas inesquec\u00edveis sob o c\u00e9u estrelado das Maldivas.<\/p>\n<p><strong>Atividades e Aventuras<\/strong><\/p>\n<p>Seja em busca de aventura ou relaxamento, Rihiveli tem algo para todos. Explore o vibrante mundo subaqu\u00e1tico com aventuras de mergulho com snorkel e cilindro. Pratique diversos esportes aqu\u00e1ticos, incluindo windsurf, caiaque e stand-up paddle. Para quem busca relaxar, o spa do resort oferece uma variedade de tratamentos relaxantes e atividades de bem-estar.<\/p>\n<p><strong>Sustentabilidade e Conserva\u00e7\u00e3o<\/strong><\/p>\n<p>O Rihiveli Maldives Resort est\u00e1 profundamente comprometido com pr\u00e1ticas sustent\u00e1veis e a conserva\u00e7\u00e3o marinha. O resort participa ativamente de iniciativas de restaura\u00e7\u00e3o de corais, limpeza marinha e apoia iniciativas ambientais locais. Os h\u00f3spedes s\u00e3o incentivados a participar dessas atividades, contribuindo positivamente para a preserva\u00e7\u00e3o do precioso ecossistema marinho das Maldivas.<\/p>\n<p><strong>Experi\u00eancias \u00fanicas<\/strong><\/p>\n<p>Rihiveli oferece experi\u00eancias \u00fanicas que permitem que voc\u00ea se conecte com a cultura local e a natureza. Participe de uma tradicional pescaria das Maldivas, onde voc\u00ea pode aprender a arte da pesca com pescadores locais. Participe de um piquenique estilo Robinson Cruso\u00e9 em um banco de areia isolado ou simplesmente relaxe em uma rede com um livro e o som das ondas suaves.<\/p>\n<p><strong>Conclus\u00e3o<\/strong><\/p>\n<p>Em suma, o Rihiveli Maldives Resort \u00e9 um para\u00edso tropical atemporal que promete uma escapada inesquec\u00edvel. Sua localiza\u00e7\u00e3o id\u00edlica, acomoda\u00e7\u00f5es \u00fanicas, culin\u00e1ria deliciosa e dedica\u00e7\u00e3o \u00e0 sustentabilidade o tornam a escolha ideal para viajantes em busca de relaxamento e aventura. Seja para comemorar uma ocasi\u00e3o especial ou para uma escapada revigorante, o Rihiveli Maldives Resort oferece uma experi\u00eancia que cria mem\u00f3rias inesquec\u00edveis. Reserve sua estadia hoje mesmo e embarque em uma jornada para um para\u00edso atemporal nas Maldivas.<\/p>\n\n\t\t<\/div>\n\t<\/div>\n<\/div><\/div><\/div><\/div><div class=\"vc_row wpb_row vc_row-fluid\"><div class=\"wpb_column vc_column_container vc_col-sm-12\"><div class=\"vc_column-inner\"><div class=\"wpb_wrapper\">\n\t<div class=\"wpb_text_column wpb_content_element\" >\n\t\t<div class=\"wpb_wrapper\">\n\t\t\t<h3><a title=\"Rihiveli Maldivas Resort\" href=\"https:\/\/trip.tpo.lv\/J9wBZQqX\" target=\"blanc2\" rel=\"nofollow\">Confira a disponibilidade e o melhor pre\u00e7o no Rihiveli Maldives Resort aqui &gt;&gt;<\/a><\/h3>\n\n\t\t<\/div>\n\t<\/div>\n<\/div><\/div><\/div><\/div>\n<\/div>","protected":false},"excerpt":{"rendered":"<div class=\"mh-excerpt\"><\/div>","protected":false},"author":1,"featured_media":10333,"parent":0,"menu_order":0,"comment_status":"closed","ping_status":"closed","template":"","meta":{"footnotes":""},"class_list":["post-10332","page","type-page","status-publish","has-post-thumbnail"],"aioseo_notices":[],"_links":{"self":[{"href":"https:\/\/maldives-paradise.com\/pt\/wp-json\/wp\/v2\/pages\/10332","targetHints":{"allow":["GET"]}}],"collection":[{"href":"https:\/\/maldives-paradise.com\/pt\/wp-json\/wp\/v2\/pages"}],"about":[{"href":"https:\/\/maldives-paradise.com\/pt\/wp-json\/wp\/v2\/types\/page"}],"author":[{"embeddable":true,"href":"https:\/\/maldives-paradise.com\/pt\/wp-json\/wp\/v2\/users\/1"}],"replies":[{"embeddable":true,"href":"https:\/\/maldives-paradise.com\/pt\/wp-json\/wp\/v2\/comments?post=10332"}],"version-history":[{"count":3,"href":"https:\/\/maldives-paradise.com\/pt\/wp-json\/wp\/v2\/pages\/10332\/revisions"}],"predecessor-version":[{"id":43503,"href":"https:\/\/maldives-paradise.com\/pt\/wp-json\/wp\/v2\/pages\/10332\/revisions\/43503"}],"wp:featuredmedia":[{"embeddable":true,"href":"https:\/\/maldives-paradise.com\/pt\/wp-json\/wp\/v2\/media\/10333"}],"wp:attachment":[{"href":"https:\/\/maldives-paradise.com\/pt\/wp-json\/wp\/v2\/media?parent=10332"}],"curies":[{"name":"wp","href":"https:\/\/api.w.org\/{rel}","templated":true}]}}