{"id":32551,"date":"2025-01-09T16:41:04","date_gmt":"2025-01-09T16:41:04","guid":{"rendered":"https:\/\/maldives-paradise.com\/?page_id=32551"},"modified":"2025-03-30T08:53:36","modified_gmt":"2025-03-30T08:53:36","slug":"de-meest-luxueuze-residenties-op-de-malediven","status":"publish","type":"page","link":"https:\/\/maldives-paradise.com\/nl\/de-meest-luxueuze-residenties-op-de-malediven\/","title":{"rendered":"De meest luxueuze residenties op de Malediven"},"content":{"rendered":"<div class=\"wpb-content-wrapper\"><div class=\"vc_row wpb_row vc_row-fluid\"><div class=\"wpb_column vc_column_container vc_col-sm-12\"><div class=\"vc_column-inner\"><div class=\"wpb_wrapper\">\n\t<div class=\"wpb_text_column wpb_content_element\" >\n\t\t<div class=\"wpb_wrapper\">\n\t\t\t<p>Deze villa&#039;s herdefini\u00ebren luxe en bieden een mix van privacy, elegantie en voorzieningen van wereldklasse om onvergetelijke Maledivische ervaringen te cre\u00ebren<\/p>\n\n\t\t<\/div>\n\t<\/div>\n<\/div><\/div><\/div><\/div><div class=\"vc_row wpb_row vc_row-fluid\"><div class=\"wpb_column vc_column_container vc_col-sm-3\"><div class=\"vc_column-inner\"><div class=\"wpb_wrapper\">\n\t<div  class=\"wpb_single_image wpb_content_element vc_align_left wpb_content_element\">\n\t\t\n\t\t<figure class=\"wpb_wrapper vc_figure\">\n\t\t\t<a href=\"https:\/\/maldives-paradise.com\/nl\/2024\/12\/de-villas-met-glijbanen-in-het-waterreservoir-van-soneva-fushi\/\" target=\"_self\" class=\"vc_single_image-wrapper   vc_box_border_grey\"><img loading=\"lazy\" decoding=\"async\" width=\"150\" height=\"150\" src=\"https:\/\/maldives-paradise.com\/wp-content\/uploads\/2024\/06\/soneva-fushi-1-Bedroom-Water-Reserve-with-Slide-150x150.jpg\" class=\"vc_single_image-img attachment-thumbnail\" alt=\"Villa boven het water in Soneva Fushi\" title=\"soneva-fushi-1-slaapkamer-waterreserve-met-glijbaan\" \/><\/a>\n\t\t<\/figure>\n\t<\/div>\n<\/div><\/div><\/div><div class=\"wpb_column vc_column_container vc_col-sm-9\"><div class=\"vc_column-inner\"><div class=\"wpb_wrapper\">\n\t<div class=\"wpb_text_column wpb_content_element\" >\n\t\t<div class=\"wpb_wrapper\">\n\t\t\t<h4 class=\"entry-title mh-posts-list-title\"><a title=\"De Water Reserve Villas met glijbanen in Soneva Fushi\" href=\"https:\/\/maldives-paradise.com\/nl\/2024\/12\/de-villas-met-glijbanen-in-het-waterreservoir-van-soneva-fushi\/\" rel=\"bookmark\">De Water Reserve Villas met glijbanen in Soneva Fushi<\/a><\/h4>\n<p>Een luxueuze oase op de Malediven. Gelegen in het hart van de Malediven, staat Soneva Fushi symbool voor pure luxe en biedt het haar gasten onge\u00ebvenaarde weelde in harmonie met de natuur. Onder de vele wonderen...<\/p>\n\n\t\t<\/div>\n\t<\/div>\n<\/div><\/div><\/div><\/div><div class=\"vc_row wpb_row vc_row-fluid\"><div class=\"wpb_column vc_column_container vc_col-sm-3\"><div class=\"vc_column-inner\"><div class=\"wpb_wrapper\">\n\t<div  class=\"wpb_single_image wpb_content_element vc_align_left wpb_content_element\">\n\t\t\n\t\t<figure class=\"wpb_wrapper vc_figure\">\n\t\t\t<a href=\"https:\/\/maldives-paradise.com\/nl\/2024\/12\/de-ocean-pool-residences-op-kudadoo-maldives-prive-eiland\/\" target=\"_self\" class=\"vc_single_image-wrapper   vc_box_border_grey\"><img loading=\"lazy\" decoding=\"async\" width=\"150\" height=\"150\" src=\"https:\/\/maldives-paradise.com\/wp-content\/uploads\/2024\/06\/Kudadoo-private-island-Residence-pool-150x150.jpg\" class=\"vc_single_image-img attachment-thumbnail\" alt=\"Ocean Residence met priv\u00e9zwembad op het priv\u00e9-eiland Kudadoo Maldives\" title=\"Kudadoo-priv\u00e9-eiland-Residence-zwembad\" \/><\/a>\n\t\t<\/figure>\n\t<\/div>\n<\/div><\/div><\/div><div class=\"wpb_column vc_column_container vc_col-sm-9\"><div class=\"vc_column-inner\"><div class=\"wpb_wrapper\">\n\t<div class=\"wpb_text_column wpb_content_element\" >\n\t\t<div class=\"wpb_wrapper\">\n\t\t\t<h4 class=\"entry-title\"><a href=\"https:\/\/maldives-paradise.com\/nl\/2024\/12\/de-ocean-pool-residences-op-kudadoo-maldives-prive-eiland\/\">De Ocean Pool Residences op het priv\u00e9-eiland Kudadoo Maldives<\/a><\/h4>\n<p>Verscholen in de serene wateren van het Lhaviyani-atol op de Malediven, <strong>Kudadoo Malediven priv\u00e9-eiland<\/strong> herdefinieert de betekenis van luxe met zijn <strong>Ocean Pool-residenties<\/strong>. Deze schitterende villa&#039;s boven het water zijn ontworpen voor veeleisende reizigers die op zoek zijn naar privacy, all-inclusive verwennerij en services van wereldklasse op een van de mooiste bestemmingen ter wereld.<\/p>\n\n\t\t<\/div>\n\t<\/div>\n<\/div><\/div><\/div><\/div><div class=\"vc_row wpb_row vc_row-fluid\"><div class=\"wpb_column vc_column_container vc_col-sm-3\"><div class=\"vc_column-inner\"><div class=\"wpb_wrapper\">\n\t<div  class=\"wpb_single_image wpb_content_element vc_align_left wpb_content_element\">\n\t\t\n\t\t<figure class=\"wpb_wrapper vc_figure\">\n\t\t\t<a href=\"https:\/\/maldives-paradise.com\/nl\/2024\/12\/sunset-over-water-pool-villa-at-anantara-kihavah-maldives-villas\/\" target=\"_self\" class=\"vc_single_image-wrapper   vc_box_border_grey\"><img loading=\"lazy\" decoding=\"async\" width=\"150\" height=\"150\" src=\"https:\/\/maldives-paradise.com\/wp-content\/uploads\/2024\/12\/1_anantara_kihavah_sunset_over_water_pool_villa_aerial_880x600px-150x150.jpg\" class=\"vc_single_image-img attachment-thumbnail\" alt=\"Zonsondergang over het water zwembadvilla bij Anantara Kihavah Maldives Villas\" title=\"1_anantara_kihavah_zonsondergang_boven_water_zwembad_villa_luchtfoto_880x600px\" \/><\/a>\n\t\t<\/figure>\n\t<\/div>\n<\/div><\/div><\/div><div class=\"wpb_column vc_column_container vc_col-sm-9\"><div class=\"vc_column-inner\"><div class=\"wpb_wrapper\">\n\t<div class=\"wpb_text_column wpb_content_element\" >\n\t\t<div class=\"wpb_wrapper\">\n\t\t\t<h4 class=\"entry-title\"><a href=\"https:\/\/maldives-paradise.com\/nl\/2024\/12\/sunset-over-water-pool-villa-at-anantara-kihavah-maldives-villas\/\">Zonsondergang over het water zwembadvilla bij Anantara Kihavah Maldives Villas<\/a><\/h4>\n<p>De Sunset Over Water Pool Villa van Anantara Kihavah Maldives Villas, gelegen in het hart van de Malediven, is een luxe toevluchtsoord dat tropische rust belichaamt. Deze villa, hoog boven turquoise water en met een panoramisch uitzicht op de Indische Oceaan, combineert onge\u00ebvenaarde privacy, weelde en natuurschoon.<\/p>\n\n\t\t<\/div>\n\t<\/div>\n<\/div><\/div><\/div><\/div><div class=\"vc_row wpb_row vc_row-fluid\"><div class=\"wpb_column vc_column_container vc_col-sm-3\"><div class=\"vc_column-inner\"><div class=\"wpb_wrapper\">\n\t<div  class=\"wpb_single_image wpb_content_element vc_align_left wpb_content_element\">\n\t\t\n\t\t<figure class=\"wpb_wrapper vc_figure\">\n\t\t\t<a href=\"https:\/\/maldives-paradise.com\/nl\/2024\/12\/het-ritz-carlton-landgoed\/\" target=\"_self\" class=\"vc_single_image-wrapper   vc_box_border_grey\"><img loading=\"lazy\" decoding=\"async\" width=\"150\" height=\"150\" src=\"https:\/\/maldives-paradise.com\/wp-content\/uploads\/2023\/12\/The-Ritz-Carlton-Maldives-Fari-Islands-Fari-Marina-Village-150x150.jpg\" class=\"vc_single_image-img attachment-thumbnail\" alt=\"De Ritz-Carlton Malediven\" title=\"The-Ritz-Carlton-Maldives-Fari-Islands-Fari-Marina-Village.jpg\" \/><\/a>\n\t\t<\/figure>\n\t<\/div>\n<\/div><\/div><\/div><div class=\"wpb_column vc_column_container vc_col-sm-9\"><div class=\"vc_column-inner\"><div class=\"wpb_wrapper\">\n\t<div class=\"wpb_text_column wpb_content_element\" >\n\t\t<div class=\"wpb_wrapper\">\n\t\t\t<h4 class=\"entry-title\"><a href=\"https:\/\/maldives-paradise.com\/nl\/2024\/12\/het-ritz-carlton-landgoed\/\">Het Ritz-Carlton-landgoed<\/a><\/h4>\n<p>The Ritz-Carlton Estate in The Ritz-Carlton Maldives, Fari Islands, belichaamt luxe en exclusiviteit in een adembenemende eilandomgeving. Dit uitgestrekte landgoed beslaat 16.146 vierkante voet, woonoppervlak 1500 m\u00b2 (4921 sq ft), en biedt luxe en rust. Het beschikt over drie extravagante paviljoens, elk met maximaal vier slaapkamers. Uitnodigende woon- en eetruimtes, aangevuld met een volledig uitgeruste keuken, bieden een comfortabele ruimte voor ontspanning en maaltijden.<\/p>\n\n\t\t<\/div>\n\t<\/div>\n<\/div><\/div><\/div><\/div><div class=\"vc_row wpb_row vc_row-fluid\"><div class=\"wpb_column vc_column_container vc_col-sm-3\"><div class=\"vc_column-inner\"><div class=\"wpb_wrapper\">\n\t<div  class=\"wpb_single_image wpb_content_element vc_align_left wpb_content_element\">\n\t\t\n\t\t<figure class=\"wpb_wrapper vc_figure\">\n\t\t\t<a href=\"https:\/\/maldives-paradise.com\/nl\/2024\/12\/de-muraka-op-het-rangali-eiland-conrad-maldives\/\" target=\"_self\" class=\"vc_single_image-wrapper   vc_box_border_grey\"><img loading=\"lazy\" decoding=\"async\" width=\"150\" height=\"150\" src=\"https:\/\/maldives-paradise.com\/wp-content\/uploads\/2024\/12\/muraka2-conrad-maldivis-150x150.jpg\" class=\"vc_single_image-img attachment-thumbnail\" alt=\"De Muraka op het eiland Conrad Maldives Rangali\" title=\"muraka2-conrad-maldivis\" \/><\/a>\n\t\t<\/figure>\n\t<\/div>\n<\/div><\/div><\/div><div class=\"wpb_column vc_column_container vc_col-sm-9\"><div class=\"vc_column-inner\"><div class=\"wpb_wrapper\">\n\t<div class=\"wpb_text_column wpb_content_element\" >\n\t\t<div class=\"wpb_wrapper\">\n\t\t\t<h4 class=\"entry-title\"><a href=\"https:\/\/maldives-paradise.com\/nl\/2024\/12\/de-muraka-op-het-rangali-eiland-conrad-maldives\/\">De Muraka op het eiland Conrad Maldives Rangali<\/a><\/h4>\n<p>Het Muraka at Conrad Maldives Rangali Island is een baanbrekende luxe residentie die weelde en exclusiviteit in het hart van de Indische Oceaan herdefinieert. Als &#039;s werelds eerste onderwaterhotelsuite biedt het een onge\u00ebvenaarde ervaring die architectonische innovatie naadloos combineert met de natuurlijke schoonheid van de Malediven.<\/p>\n\n\t\t<\/div>\n\t<\/div>\n<\/div><\/div><\/div><\/div><div class=\"vc_row wpb_row vc_row-fluid\"><div class=\"wpb_column vc_column_container vc_col-sm-3\"><div class=\"vc_column-inner\"><div class=\"wpb_wrapper\">\n\t<div  class=\"wpb_single_image wpb_content_element vc_align_left wpb_content_element\">\n\t\t\n\t\t<figure class=\"wpb_wrapper vc_figure\">\n\t\t\t<a href=\"https:\/\/maldives-paradise.com\/nl\/2024\/12\/het-strandpaviljoen-met-twee-slaapkamers-en-zwembad-op-de-prive-eilanden-van-niyama\/\" target=\"_self\" class=\"vc_single_image-wrapper   vc_box_border_grey\"><img loading=\"lazy\" decoding=\"async\" width=\"150\" height=\"150\" src=\"https:\/\/maldives-paradise.com\/wp-content\/uploads\/2024\/12\/niyama_maldives_two_bedroom_beach_pool_pavilion_private_pool_880x600-150x150.webp\" class=\"vc_single_image-img attachment-thumbnail\" alt=\"Het paviljoen met twee slaapkamers en een strandzwembad op Niyama Private Islands\" title=\"niyama_maldives_twee_slaapkamer_strand_zwembad_paviljoen_priv\u00e9_zwembad_880x600\" \/><\/a>\n\t\t<\/figure>\n\t<\/div>\n<\/div><\/div><\/div><div class=\"wpb_column vc_column_container vc_col-sm-9\"><div class=\"vc_column-inner\"><div class=\"wpb_wrapper\">\n\t<div class=\"wpb_text_column wpb_content_element\" >\n\t\t<div class=\"wpb_wrapper\">\n\t\t\t<h4 class=\"entry-title\"><a href=\"https:\/\/maldives-paradise.com\/nl\/2024\/12\/het-strandpaviljoen-met-twee-slaapkamers-en-zwembad-op-de-prive-eilanden-van-niyama\/\">Het paviljoen met twee slaapkamers en een strandzwembad op Niyama Private Islands<\/a><\/h4>\n<p>Ervaar onge\u00ebvenaarde luxe en afzondering bij <strong>Niyama priv\u00e9-eilanden Malediven<\/strong> met de Two-Bedroom Beach Pool Pavilion. Met een indrukwekkende oppervlakte van 635 vierkante meter (6.833 vierkante voet) is dit exclusieve toevluchtsoord zorgvuldig ontworpen om het ultieme toevluchtsoord te bieden voor gezinnen of groepen die op zoek zijn naar een luxe strandvakantie.<\/p>\n\n\t\t<\/div>\n\t<\/div>\n<\/div><\/div><\/div><\/div><div class=\"vc_row wpb_row vc_row-fluid\"><div class=\"wpb_column vc_column_container vc_col-sm-3\"><div class=\"vc_column-inner\"><div class=\"wpb_wrapper\">\n\t<div  class=\"wpb_single_image wpb_content_element vc_align_left wpb_content_element\">\n\t\t\n\t\t<figure class=\"wpb_wrapper vc_figure\">\n\t\t\t<a href=\"https:\/\/maldives-paradise.com\/nl\/2024\/12\/de-ocean-residence-met-infinity-pool-bij-heritance-aarah\/\" target=\"_self\" class=\"vc_single_image-wrapper   vc_box_border_grey\"><img loading=\"lazy\" decoding=\"async\" width=\"150\" height=\"150\" src=\"https:\/\/maldives-paradise.com\/wp-content\/uploads\/2024\/12\/ocean-residence-heritance-aarah-150x150.jpg\" class=\"vc_single_image-img attachment-thumbnail\" alt=\"Ocean Residence met Infinity Lap Pool bij Heritance Aarah\" title=\"ocean-residence-heritance-aarah\" \/><\/a>\n\t\t<\/figure>\n\t<\/div>\n<\/div><\/div><\/div><div class=\"wpb_column vc_column_container vc_col-sm-9\"><div class=\"vc_column-inner\"><div class=\"wpb_wrapper\">\n\t<div class=\"wpb_text_column wpb_content_element\" >\n\t\t<div class=\"wpb_wrapper\">\n\t\t\t<h4 class=\"entry-title\"><a href=\"https:\/\/maldives-paradise.com\/nl\/2024\/12\/de-ocean-residence-met-infinity-pool-bij-heritance-aarah\/\">De Ocean Residence met Infinity Lap Pool bij Heritance Aarah<\/a><\/h4>\n<p>De residentie beschikt over twee slaapkamers met kingsize bedden, elk met een eigen badkamer met bad op beide verdiepingen. Daarnaast is er een aparte kamer voor de nanny, een ruime woonkamer en een aangrenzende pantry met koelkast en magnetron, waardoor een comfortabel verblijf voor maximaal zes volwassenen gegarandeerd is.<\/p>\n\n\t\t<\/div>\n\t<\/div>\n<\/div><\/div><\/div><\/div><div class=\"vc_row wpb_row vc_row-fluid\"><div class=\"wpb_column vc_column_container vc_col-sm-3\"><div class=\"vc_column-inner\"><div class=\"wpb_wrapper\">\n\t<div  class=\"wpb_single_image wpb_content_element vc_align_left wpb_content_element\">\n\t\t\n\t\t<figure class=\"wpb_wrapper vc_figure\">\n\t\t\t<a href=\"https:\/\/maldives-paradise.com\/nl\/2024\/12\/de-romantische-poolresidentie-op-het-prive-eiland-velaa\/\" target=\"_self\" class=\"vc_single_image-wrapper   vc_box_border_grey\"><img loading=\"lazy\" decoding=\"async\" width=\"150\" height=\"150\" src=\"https:\/\/maldives-paradise.com\/wp-content\/uploads\/2024\/12\/Romantic-pool-residence-at-Velaa-Private-Island5-villa-150x150.jpg\" class=\"vc_single_image-img attachment-thumbnail\" alt=\"De romantische poolresidentie op Velaa Private Island\" title=\"Romantische-zwembadresidentie-op-Velaa-Priv\u00e9-Eiland5-villanjpg\" \/><\/a>\n\t\t<\/figure>\n\t<\/div>\n<\/div><\/div><\/div><div class=\"wpb_column vc_column_container vc_col-sm-9\"><div class=\"vc_column-inner\"><div class=\"wpb_wrapper\">\n\t<div class=\"wpb_text_column wpb_content_element\" >\n\t\t<div class=\"wpb_wrapper\">\n\t\t\t<h4 class=\"entry-title\"><a href=\"https:\/\/maldives-paradise.com\/nl\/2024\/12\/de-romantische-poolresidentie-op-het-prive-eiland-velaa\/\">De romantische poolresidentie op Velaa Private Island<\/a><\/h4>\n<p>De Romantic Pool Residence op Velaa Private Island op de Malediven belichaamt afgezonderde luxe en is daarmee een ideaal toevluchtsoord voor huwelijksreizigers en stellen die op zoek zijn naar onge\u00ebvenaarde privacy. Met een oppervlakte van maar liefst 598 vierkante meter zweeft deze exclusieve villa met \u00e9\u00e9n slaapkamer boven de rustige lagune en is alleen per boot bereikbaar, wat volledige afzondering garandeert.<\/p>\n\n\t\t<\/div>\n\t<\/div>\n<\/div><\/div><\/div><\/div><div class=\"vc_row wpb_row vc_row-fluid\"><div class=\"wpb_column vc_column_container vc_col-sm-3\"><div class=\"vc_column-inner\"><div class=\"wpb_wrapper\">\n\t<div  class=\"wpb_single_image wpb_content_element vc_align_left wpb_content_element\">\n\t\t\n\t\t<figure class=\"wpb_wrapper vc_figure\">\n\t\t\t<a href=\"https:\/\/maldives-paradise.com\/nl\/2025\/03\/sirru-residences-luxe-landgoed-met-zeven-slaapkamers-in-sirru-fen-fushi\/\" target=\"_self\" class=\"vc_single_image-wrapper   vc_box_border_grey\"><img loading=\"lazy\" decoding=\"async\" width=\"150\" height=\"150\" src=\"https:\/\/maldives-paradise.com\/wp-content\/uploads\/2024\/01\/Fairmont-Maldives-Sirru-Fen-Fushi2-150x150.jpg\" class=\"vc_single_image-img attachment-thumbnail\" alt=\"Fairmont Malediven Sirru Fen Fushi\" title=\"Fairmont-Maldiven-Sirru-Fen-Fushi2\" \/><\/a>\n\t\t<\/figure>\n\t<\/div>\n<\/div><\/div><\/div><div class=\"wpb_column vc_column_container vc_col-sm-9\"><div class=\"vc_column-inner\"><div class=\"wpb_wrapper\">\n\t<div class=\"wpb_text_column wpb_content_element\" >\n\t\t<div class=\"wpb_wrapper\">\n\t\t\t<h4><a href=\"https:\/\/maldives-paradise.com\/nl\/2025\/03\/sirru-residences-luxe-landgoed-met-zeven-slaapkamers-in-sirru-fen-fushi\/\">Sirru Residences \u2013 Luxe landgoed met zeven slaapkamers in Sirru Fen Fushi<\/a><\/h4>\n<p>Sirru Residences \u2013 waar elegantie en pure luxe samenkomen in het hart van de Malediven. Gelegen op het ongerepte Shaviyani Atoll, in het exclusieve Sirru Fen Fushi resort, herdefini\u00ebren deze ultraluxe villa&#039;s met zeven slaapkamers het leven op een priv\u00e9-eiland met een buitengewone mix van ruimte, stijl en service.<\/p>\n\n\t\t<\/div>\n\t<\/div>\n<\/div><\/div><\/div><\/div>\n<\/div>","protected":false},"excerpt":{"rendered":"<div class=\"mh-excerpt\"><\/div>","protected":false},"author":1,"featured_media":18269,"parent":0,"menu_order":0,"comment_status":"closed","ping_status":"closed","template":"","meta":{"footnotes":""},"class_list":["post-32551","page","type-page","status-publish","has-post-thumbnail"],"aioseo_notices":[],"_links":{"self":[{"href":"https:\/\/maldives-paradise.com\/nl\/wp-json\/wp\/v2\/pages\/32551","targetHints":{"allow":["GET"]}}],"collection":[{"href":"https:\/\/maldives-paradise.com\/nl\/wp-json\/wp\/v2\/pages"}],"about":[{"href":"https:\/\/maldives-paradise.com\/nl\/wp-json\/wp\/v2\/types\/page"}],"author":[{"embeddable":true,"href":"https:\/\/maldives-paradise.com\/nl\/wp-json\/wp\/v2\/users\/1"}],"replies":[{"embeddable":true,"href":"https:\/\/maldives-paradise.com\/nl\/wp-json\/wp\/v2\/comments?post=32551"}],"version-history":[{"count":3,"href":"https:\/\/maldives-paradise.com\/nl\/wp-json\/wp\/v2\/pages\/32551\/revisions"}],"predecessor-version":[{"id":35745,"href":"https:\/\/maldives-paradise.com\/nl\/wp-json\/wp\/v2\/pages\/32551\/revisions\/35745"}],"wp:featuredmedia":[{"embeddable":true,"href":"https:\/\/maldives-paradise.com\/nl\/wp-json\/wp\/v2\/media\/18269"}],"wp:attachment":[{"href":"https:\/\/maldives-paradise.com\/nl\/wp-json\/wp\/v2\/media?parent=32551"}],"curies":[{"name":"wp","href":"https:\/\/api.w.org\/{rel}","templated":true}]}}