{"id":19376,"date":"2024-07-17T13:12:00","date_gmt":"2024-07-17T13:12:00","guid":{"rendered":"http:\/\/maldives-paradise.com\/?page_id=19376"},"modified":"2025-11-26T09:29:09","modified_gmt":"2025-11-26T09:29:09","slug":"de-12-beste-multi-eilandresorts-op-de-malediven","status":"publish","type":"page","link":"https:\/\/maldives-paradise.com\/nl\/de-12-beste-multi-eilandresorts-op-de-malediven\/","title":{"rendered":"De beste multi-eilandresorts op de Malediven"},"content":{"rendered":"<div class=\"wpb-content-wrapper\"><div class=\"vc_row wpb_row vc_row-fluid\"><div class=\"wpb_column vc_column_container vc_col-sm-12\"><div class=\"vc_column-inner\"><div class=\"wpb_wrapper\">\n\t<div class=\"wpb_text_column wpb_content_element\" >\n\t\t<div class=\"wpb_wrapper\">\n\t\t\t<p><strong>Ontdek de beste multi-eilandresorts op de Malediven<\/strong><\/p>\n<p>De Malediven, een tropisch paradijs dat bekendstaat om zijn ongerepte stranden, kristalheldere wateren en luxe resorts, biedt een aantal van de meest exquise multi-eilandervaringen. Deze resorts bieden een unieke mix van afzondering en avontuur, waardoor gasten meerdere eilanden kunnen verkennen terwijl ze genieten van voorzieningen van wereldklasse. Hier verkennen we een aantal van de beste multi-eilandresorts op de Malediven, elk met een uniek stukje paradijs.<\/p>\n\n\t\t<\/div>\n\t<\/div>\n<\/div><\/div><\/div><\/div><div class=\"vc_row wpb_row vc_row-fluid\"><div class=\"wpb_column vc_column_container vc_col-sm-3\"><div class=\"vc_column-inner\"><div class=\"wpb_wrapper\">\n\t<div  class=\"wpb_single_image wpb_content_element vc_align_left wpb_content_element\">\n\t\t\n\t\t<figure class=\"wpb_wrapper vc_figure\">\n\t\t\t<div class=\"vc_single_image-wrapper   vc_box_border_grey\"><img loading=\"lazy\" decoding=\"async\" width=\"150\" height=\"150\" src=\"https:\/\/maldives-paradise.com\/wp-content\/uploads\/2024\/07\/niyama_private_islands_maldives-150x150.jpg\" class=\"vc_single_image-img attachment-thumbnail\" alt=\"Niyama priv\u00e9-eilanden Malediven\" title=\"niyama_private_islands_maldives\" \/><\/div>\n\t\t<\/figure>\n\t<\/div>\n<\/div><\/div><\/div><div class=\"wpb_column vc_column_container vc_col-sm-9\"><div class=\"vc_column-inner\"><div class=\"wpb_wrapper\">\n\t<div class=\"wpb_text_column wpb_content_element\" >\n\t\t<div class=\"wpb_wrapper\">\n\t\t\t<h4><a href=\"https:\/\/lamp.glopss.com\/SHUv\" target=\"_blank\" rel=\"nofollow noopener\">Niyama priv\u00e9-eilanden Malediven<\/a><\/h4>\n<p>Niyama Private Islands Maldives onderscheidt zich door zijn tweelingeilanden, Play en Chill, die verschillende ervaringen bieden. Play is ideaal voor avontuur en familieplezier, met spannende watersporten, boomhutdiners en een kinderclub. Chill biedt daarentegen serene ontspanning met zijn overwaterspa, verfijnde restaurants en onderwaternachtclub, Subsix. Het veelzijdige aanbod van het resort zorgt ervoor dat zowel adrenalinezoekers als mensen die willen ontspannen, goed worden verzorgd.<\/p>\n\n\t\t<\/div>\n\t<\/div>\n<\/div><\/div><\/div><\/div><div class=\"vc_row wpb_row vc_row-fluid\"><div class=\"wpb_column vc_column_container vc_col-sm-3\"><div class=\"vc_column-inner\"><div class=\"wpb_wrapper\">\n\t<div  class=\"wpb_single_image wpb_content_element vc_align_left wpb_content_element\">\n\t\t\n\t\t<figure class=\"wpb_wrapper vc_figure\">\n\t\t\t<div class=\"vc_single_image-wrapper   vc_box_border_grey\"><img loading=\"lazy\" decoding=\"async\" width=\"150\" height=\"150\" src=\"https:\/\/maldives-paradise.com\/wp-content\/uploads\/2024\/07\/hard-rock-hotel-maldives-150x150.jpg\" class=\"vc_single_image-img attachment-thumbnail\" alt=\"\" title=\"hardrockhotel-maldiven\" \/><\/div>\n\t\t<\/figure>\n\t<\/div>\n<\/div><\/div><\/div><div class=\"wpb_column vc_column_container vc_col-sm-9\"><div class=\"vc_column-inner\"><div class=\"wpb_wrapper\">\n\t<div class=\"wpb_text_column wpb_content_element\" >\n\t\t<div class=\"wpb_wrapper\">\n\t\t\t<h4><a href=\"https:\/\/lamp.glopss.com\/SHUU\" target=\"_blank\" rel=\"nofollow noopener\">Hard Rock Hotel Malediven<\/a><\/h4>\n<p>Hard Rock Hotel Maldives maakt deel uit van het CROSSROADS Maldives-complex en biedt een energieke sfeer met voorzieningen met een muziekthema. Gasten kunnen heen en weer springen tussen het Hard Rock Hotel en de zusterhotels binnen het ge\u00efntegreerde resort. Het hotel beschikt over een uniek Hard Rock Caf\u00e9, een infinity pool en een Rock Spa, allemaal aangevuld met levendige livemuziek en entertainment. De nabijheid van de Marina @ CROSSROADS voegt winkelen, dineren en culturele ervaringen toe aan de mix.<\/p>\n\n\t\t<\/div>\n\t<\/div>\n<\/div><\/div><\/div><\/div><div class=\"vc_row wpb_row vc_row-fluid\"><div class=\"wpb_column vc_column_container vc_col-sm-3\"><div class=\"vc_column-inner\"><div class=\"wpb_wrapper\">\n\t<div  class=\"wpb_single_image wpb_content_element vc_align_left wpb_content_element\">\n\t\t\n\t\t<figure class=\"wpb_wrapper vc_figure\">\n\t\t\t<div class=\"vc_single_image-wrapper   vc_box_border_grey\"><img loading=\"lazy\" decoding=\"async\" width=\"150\" height=\"150\" src=\"https:\/\/maldives-paradise.com\/wp-content\/uploads\/2024\/07\/SAii-Lagoon-Maldives-150x150.jpg\" class=\"vc_single_image-img attachment-thumbnail\" alt=\"SAii-lagune Malediven\" title=\"SAii-Lagoon-Maldives\" \/><\/div>\n\t\t<\/figure>\n\t<\/div>\n<\/div><\/div><\/div><div class=\"wpb_column vc_column_container vc_col-sm-9\"><div class=\"vc_column-inner\"><div class=\"wpb_wrapper\">\n\t<div class=\"wpb_text_column wpb_content_element\" >\n\t\t<div class=\"wpb_wrapper\">\n\t\t\t<h4><a href=\"https:\/\/lamp.glopss.com\/SHUA\" target=\"_blank\" rel=\"nofollow noopener\">SAii-lagune Malediven<\/a><\/h4>\n<p>Ook gelegen in de CROSSROADS Maldives, staat SAii Lagoon Maldives bekend om zijn relaxte sfeer en persoonlijke service. Dit resort biedt gemakkelijke toegang tot The Marina, waar gasten kunnen genieten van verschillende culinaire en recreatieve activiteiten. De ruime villa&#039;s en suites, ontworpen met een tropische chique esthetiek, maken het een perfecte keuze voor zowel gezinnen als stellen die op zoek zijn naar een relaxte maar luxe retraite.<\/p>\n\n\t\t<\/div>\n\t<\/div>\n<\/div><\/div><\/div><\/div><div class=\"vc_row wpb_row vc_row-fluid\"><div class=\"wpb_column vc_column_container vc_col-sm-3\"><div class=\"vc_column-inner\"><div class=\"wpb_wrapper\">\n\t<div  class=\"wpb_single_image wpb_content_element vc_align_left wpb_content_element\">\n\t\t\n\t\t<figure class=\"wpb_wrapper vc_figure\">\n\t\t\t<div class=\"vc_single_image-wrapper   vc_box_border_grey\"><img loading=\"lazy\" decoding=\"async\" width=\"150\" height=\"150\" src=\"https:\/\/maldives-paradise.com\/wp-content\/uploads\/2024\/07\/waldorf-astoria-maldives-ithaafushi-150x150.jpg\" class=\"vc_single_image-img attachment-thumbnail\" alt=\"\" title=\"waldorf-astoria-maldives-ithaafushi\" \/><\/div>\n\t\t<\/figure>\n\t<\/div>\n<\/div><\/div><\/div><div class=\"wpb_column vc_column_container vc_col-sm-9\"><div class=\"vc_column-inner\"><div class=\"wpb_wrapper\">\n\t<div class=\"wpb_text_column wpb_content_element\" >\n\t\t<div class=\"wpb_wrapper\">\n\t\t\t<h4><a href=\"https:\/\/trip.tpo.lv\/WFVsZItJ\" target=\"_blank\" rel=\"nofollow noopener\">Waldorf Astoria Malediven Ithaafushi<\/a><\/h4>\n<p>Waldorf Astoria Maldives Ithaafushi beslaat drie priv\u00e9-eilanden en biedt onge\u00ebvenaarde luxe en privacy. Het resort beschikt over 119 villa&#039;s, elk met een priv\u00e9zwembad en een prachtig uitzicht op de oceaan. Gasten kunnen een scala aan eetgelegenheden verkennen op 11 unieke locaties, genieten van op maat gemaakte wellnesservaringen en genieten van een scala aan watersporten. Het priv\u00e9jacht en de persoonlijke conci\u00ebrgeservices van het resort zorgen voor een exclusief en onvergetelijk verblijf.<\/p>\n\n\t\t<\/div>\n\t<\/div>\n<\/div><\/div><\/div><\/div><div class=\"vc_row wpb_row vc_row-fluid\"><div class=\"wpb_column vc_column_container vc_col-sm-3\"><div class=\"vc_column-inner\"><div class=\"wpb_wrapper\">\n\t<div  class=\"wpb_single_image wpb_content_element vc_align_left wpb_content_element\">\n\t\t\n\t\t<figure class=\"wpb_wrapper vc_figure\">\n\t\t\t<div class=\"vc_single_image-wrapper   vc_box_border_grey\"><img loading=\"lazy\" decoding=\"async\" width=\"150\" height=\"150\" src=\"https:\/\/maldives-paradise.com\/wp-content\/uploads\/2024\/07\/ritz-carlton-maldives-150x150.jpg\" class=\"vc_single_image-img attachment-thumbnail\" alt=\"Het Ritz-Carlton Malediven, Fari-eilanden\" title=\"ritz-carlton-maldives\" \/><\/div>\n\t\t<\/figure>\n\t<\/div>\n<\/div><\/div><\/div><div class=\"wpb_column vc_column_container vc_col-sm-9\"><div class=\"vc_column-inner\"><div class=\"wpb_wrapper\">\n\t<div class=\"wpb_text_column wpb_content_element\" >\n\t\t<div class=\"wpb_wrapper\">\n\t\t\t<h4><a href=\"https:\/\/trip.tpo.lv\/csokQr2l\" target=\"_blank\" rel=\"nofollow noopener\">Het Ritz-Carlton Malediven, Fari-eilanden<\/a><\/h4>\n<p>The Ritz-Carlton Maldives ligt op de Fari-eilanden en biedt een mix van moderne luxe en traditionele Maldivische cultuur. Het resort beschikt over elegant ontworpen villa&#039;s, een speciale kinderclub en een verscheidenheid aan eetgelegenheden. Gasten kunnen het Fari Marina Village verkennen, met luxe boetieks, restaurants en een kunststudio. De focus van het resort op duurzaamheid en wellness draagt bij aan de aantrekkingskracht, waardoor het een toevluchtsoord is voor bewuste reizigers.<\/p>\n\n\t\t<\/div>\n\t<\/div>\n<\/div><\/div><\/div><\/div><div class=\"vc_row wpb_row vc_row-fluid\"><div class=\"wpb_column vc_column_container vc_col-sm-3\"><div class=\"vc_column-inner\"><div class=\"wpb_wrapper\">\n\t<div  class=\"wpb_single_image wpb_content_element vc_align_left wpb_content_element\">\n\t\t\n\t\t<figure class=\"wpb_wrapper vc_figure\">\n\t\t\t<div class=\"vc_single_image-wrapper   vc_box_border_grey\"><img loading=\"lazy\" decoding=\"async\" width=\"150\" height=\"150\" src=\"https:\/\/maldives-paradise.com\/wp-content\/uploads\/2024\/07\/conrad-maldives-rangali-island2-150x150.jpg\" class=\"vc_single_image-img attachment-thumbnail\" alt=\"Conrad Malediven Rangali-eiland\" title=\"conrad-maldives-rangali-island2\" \/><\/div>\n\t\t<\/figure>\n\t<\/div>\n<\/div><\/div><\/div><div class=\"wpb_column vc_column_container vc_col-sm-9\"><div class=\"vc_column-inner\"><div class=\"wpb_wrapper\">\n\t<div class=\"wpb_text_column wpb_content_element\" >\n\t\t<div class=\"wpb_wrapper\">\n\t\t\t<h4><a href=\"https:\/\/trip.tpo.lv\/6j29svud\" target=\"_blank\" rel=\"nofollow noopener\">Conrad Malediven Rangali-eiland<\/a><\/h4>\n<p>Conrad Maldives Rangali Island, beroemd om zijn baanbrekende onderwaterresidentie, The Muraka, biedt een uniek concept van twee eilanden die met elkaar verbonden zijn door een brug. Gasten kunnen genieten van diverse eetervaringen, waaronder &#039;s werelds eerste onderwaterrestaurant, Ithaa. Het uitgebreide aanbod aan activiteiten van het resort, van snorkelen met walvishaaien tot het genieten van verjongende spabehandelingen, zorgt voor een uitgebreide Maledivische ervaring.<\/p>\n\n\t\t<\/div>\n\t<\/div>\n<\/div><\/div><\/div><\/div><div class=\"vc_row wpb_row vc_row-fluid\"><div class=\"wpb_column vc_column_container vc_col-sm-3\"><div class=\"vc_column-inner\"><div class=\"wpb_wrapper\">\n\t<div  class=\"wpb_single_image wpb_content_element vc_align_left wpb_content_element\">\n\t\t\n\t\t<figure class=\"wpb_wrapper vc_figure\">\n\t\t\t<div class=\"vc_single_image-wrapper   vc_box_border_grey\"><img loading=\"lazy\" decoding=\"async\" width=\"150\" height=\"150\" src=\"https:\/\/maldives-paradise.com\/wp-content\/uploads\/2024\/07\/anantara-dhigu-maldives-resort-1-150x150.jpg\" class=\"vc_single_image-img attachment-thumbnail\" alt=\"Anantara Dhigu Malediven Resort\" title=\"anantara-dhigu-maldives-resort\" \/><\/div>\n\t\t<\/figure>\n\t<\/div>\n<\/div><\/div><\/div><div class=\"wpb_column vc_column_container vc_col-sm-9\"><div class=\"vc_column-inner\"><div class=\"wpb_wrapper\">\n\t<div class=\"wpb_text_column wpb_content_element\" >\n\t\t<div class=\"wpb_wrapper\">\n\t\t\t<h4><a href=\"https:\/\/lamp.glopss.com\/SHUr\" target=\"_blank\" rel=\"nofollow noopener\">Anantara Dhigu Malediven Resort &amp; Anantara Veli Malediven Resort<\/a><\/h4>\n<p>Deze zusterresorts zijn perfect voor zowel gezinnen als stellen. Anantara Dhigu biedt ruime villa&#039;s, een verscheidenheid aan watersporten en een gezinsvriendelijke sfeer. Anantara Veli, een resort alleen voor volwassenen, biedt een rustige omgeving met bungalows boven het water en romantische eetervaringen. Gasten kunnen gemakkelijk pendelen tussen de twee resorts om te genieten van het beste van beide werelden, of het nu gaat om ontspanning of avontuur.<\/p>\n\n\t\t<\/div>\n\t<\/div>\n<\/div><\/div><\/div><\/div><div class=\"vc_row wpb_row vc_row-fluid\"><div class=\"wpb_column vc_column_container vc_col-sm-3\"><div class=\"vc_column-inner\"><div class=\"wpb_wrapper\">\n\t<div  class=\"wpb_single_image wpb_content_element vc_align_left wpb_content_element\">\n\t\t\n\t\t<figure class=\"wpb_wrapper vc_figure\">\n\t\t\t<div class=\"vc_single_image-wrapper   vc_box_border_grey\"><img loading=\"lazy\" decoding=\"async\" width=\"150\" height=\"150\" src=\"https:\/\/maldives-paradise.com\/wp-content\/uploads\/2024\/07\/jawakara-islands-maldives-150x150.jpg\" class=\"vc_single_image-img attachment-thumbnail\" alt=\"Jawakara Islands Malediven een resort met meerdere eilanden\" title=\"jawakara-islands-maldives\" \/><\/div>\n\t\t<\/figure>\n\t<\/div>\n<\/div><\/div><\/div><div class=\"wpb_column vc_column_container vc_col-sm-9\"><div class=\"vc_column-inner\"><div class=\"wpb_wrapper\">\n\t<div class=\"wpb_text_column wpb_content_element\" >\n\t\t<div class=\"wpb_wrapper\">\n\t\t\t<h4><a href=\"https:\/\/lamp.glopss.com\/SHUj\" target=\"_blank\" rel=\"nofollow noopener\">Jawakara-eilanden Malediven<\/a><\/h4>\n<p>Een nieuwere toevoeging aan de luxe resortscene van de Maldiven, Jawakara Islands Maldives biedt een multi-eilandconcept dat de nadruk legt op privacy en natuurlijke schoonheid. Het resort beschikt over ruime villa&#039;s, ongerepte stranden en een verscheidenheid aan eetgelegenheden. De focus op duurzaam toerisme en milieuvriendelijke praktijken maken het een aantrekkelijke keuze voor milieubewuste reizigers.<\/p>\n\n\t\t<\/div>\n\t<\/div>\n<\/div><\/div><\/div><\/div><div class=\"vc_row wpb_row vc_row-fluid\"><div class=\"wpb_column vc_column_container vc_col-sm-3\"><div class=\"vc_column-inner\"><div class=\"wpb_wrapper\">\n\t<div  class=\"wpb_single_image wpb_content_element vc_align_left wpb_content_element\">\n\t\t\n\t\t<figure class=\"wpb_wrapper vc_figure\">\n\t\t\t<div class=\"vc_single_image-wrapper   vc_box_border_grey\"><img loading=\"lazy\" decoding=\"async\" width=\"150\" height=\"150\" src=\"https:\/\/maldives-paradise.com\/wp-content\/uploads\/2024\/07\/sun-siyam-olhuveli-150x150.jpg\" class=\"vc_single_image-img attachment-thumbnail\" alt=\"Sun Siyam Olhuveli, een resort met meerdere eilanden op de Malediven\" title=\"sun-siyam-olhuveli\" \/><\/div>\n\t\t<\/figure>\n\t<\/div>\n<\/div><\/div><\/div><div class=\"wpb_column vc_column_container vc_col-sm-9\"><div class=\"vc_column-inner\"><div class=\"wpb_wrapper\">\n\t<div class=\"wpb_text_column wpb_content_element\" >\n\t\t<div class=\"wpb_wrapper\">\n\t\t\t<h4><a href=\"https:\/\/lamp.glopss.com\/SHUo\" target=\"_blank\" rel=\"nofollow noopener\">Zon Siyam Olhuveli<\/a><\/h4>\n<p>Sun Siyam Olhuveli biedt een multi-eilandervaring met een focus op gezinsvriendelijke activiteiten en wellness. Het resort beschikt over een scala aan accommodaties, van strandvilla&#039;s tot overwatersuites. Gasten kunnen genieten van een verscheidenheid aan eetgelegenheden, recreatieve activiteiten en spabehandelingen op de onderling verbonden eilanden. Het levendige huisrif en de duikplekken maken het een favoriet onder onderwaterliefhebbers.<\/p>\n\n\t\t<\/div>\n\t<\/div>\n<\/div><\/div><\/div><\/div><div class=\"vc_row wpb_row vc_row-fluid\"><div class=\"wpb_column vc_column_container vc_col-sm-3\"><div class=\"vc_column-inner\"><div class=\"wpb_wrapper\">\n\t<div  class=\"wpb_single_image wpb_content_element vc_align_left wpb_content_element\">\n\t\t\n\t\t<figure class=\"wpb_wrapper vc_figure\">\n\t\t\t<div class=\"vc_single_image-wrapper   vc_box_border_grey\"><img loading=\"lazy\" decoding=\"async\" width=\"150\" height=\"150\" src=\"https:\/\/maldives-paradise.com\/wp-content\/uploads\/2024\/07\/oblu-select-sangeli-150x150.jpg\" class=\"vc_single_image-img attachment-thumbnail\" alt=\"OBLU SELECT Sangeli\" title=\"oblu-select-sangeli\" \/><\/div>\n\t\t<\/figure>\n\t<\/div>\n<\/div><\/div><\/div><div class=\"wpb_column vc_column_container vc_col-sm-9\"><div class=\"vc_column-inner\"><div class=\"wpb_wrapper\">\n\t<div class=\"wpb_text_column wpb_content_element\" >\n\t\t<div class=\"wpb_wrapper\">\n\t\t\t<h4><a href=\"https:\/\/trip.tpo.lv\/v9votxXA\">OBLU SELECT Sangeli<\/a><\/h4>\n<p>OBLU SELECT Sangeli biedt een all-inclusive ervaring op twee met elkaar verbonden eilanden. Het resort staat bekend om zijn levendige huisrif, spannende watersporten en een verscheidenheid aan eetgelegenheden. Het Serenity Plan omvat premium dineren, excursies en wellnessactiviteiten, wat zorgt voor een zorgeloos en plezierig verblijf. De Honeymoon Water Suites, alleen voor volwassenen, bieden een extra vleugje romantiek voor koppels.<\/p>\n\n\t\t<\/div>\n\t<\/div>\n<\/div><\/div><\/div><\/div><div class=\"vc_row wpb_row vc_row-fluid\"><div class=\"wpb_column vc_column_container vc_col-sm-3\"><div class=\"vc_column-inner\"><div class=\"wpb_wrapper\">\n\t<div  class=\"wpb_single_image wpb_content_element vc_align_left wpb_content_element\">\n\t\t\n\t\t<figure class=\"wpb_wrapper vc_figure\">\n\t\t\t<div class=\"vc_single_image-wrapper   vc_box_border_grey\"><img loading=\"lazy\" decoding=\"async\" width=\"150\" height=\"150\" src=\"https:\/\/maldives-paradise.com\/wp-content\/uploads\/2024\/07\/patina-maldives-150x150.jpg\" class=\"vc_single_image-img attachment-thumbnail\" alt=\"Patina Malediven, een resort met meerdere eilanden\" title=\"patina-maldives\" \/><\/div>\n\t\t<\/figure>\n\t<\/div>\n<\/div><\/div><\/div><div class=\"wpb_column vc_column_container vc_col-sm-9\"><div class=\"vc_column-inner\"><div class=\"wpb_wrapper\">\n\t<div class=\"wpb_text_column wpb_content_element\" >\n\t\t<div class=\"wpb_wrapper\">\n\t\t\t<h4><a href=\"https:\/\/lamp.glopss.com\/aff_c?offer_id=1506&amp;aff_id=1834\" target=\"_blank\" rel=\"nofollow noopener\">Patina Malediven, Fari-eilanden<\/a><\/h4>\n<p>Patina Maldives is een modern luxe resort op de Fari-eilanden, dat een verfijnde mix van natuur en design biedt. De ruime villa&#039;s van het resort, elk met een priv\u00e9zwembad, bieden een serene ontsnapping. Gasten kunnen het Fari Marina Village verkennen, deelnemen aan wellnessprogramma&#039;s en genieten van gastronomisch dineren. Patina&#039;s toewijding aan duurzaamheid en betrokkenheid bij de gemeenschap voegt diepte toe aan het luxueuze aanbod.<\/p>\n\n\t\t<\/div>\n\t<\/div>\n<\/div><\/div><\/div><\/div><div class=\"vc_row wpb_row vc_row-fluid\"><div class=\"wpb_column vc_column_container vc_col-sm-12\"><div class=\"vc_column-inner\"><div class=\"wpb_wrapper\">\n\t<div class=\"wpb_text_column wpb_content_element\" >\n\t\t<div class=\"wpb_wrapper\">\n\t\t\t<p>Concluderend bieden de Malediven een verscheidenheid aan de beste multi-eilandresorts, elk met unieke kenmerken en ervaringen. Of u nu op zoek bent naar avontuur, ontspanning of een mix van beide, deze resorts bieden de perfecte achtergrond voor een onvergetelijke Maledivische vakantie.<\/p>\n<p><strong><a title=\"De 12 beste luxe resorts op de Malediven\" href=\"https:\/\/maldives-paradise.com\/nl\/de-12-beste-luxe-resorts-op-de-malediven\/\">The Best Resorts in the Maldives<\/a><\/strong><\/p>\n\n\t\t<\/div>\n\t<\/div>\n<\/div><\/div><\/div><\/div>\n<\/div>","protected":false},"excerpt":{"rendered":"<div class=\"mh-excerpt\"><\/div>","protected":false},"author":1,"featured_media":19377,"parent":0,"menu_order":0,"comment_status":"closed","ping_status":"closed","template":"","meta":{"footnotes":""},"class_list":["post-19376","page","type-page","status-publish","has-post-thumbnail"],"aioseo_notices":[],"_links":{"self":[{"href":"https:\/\/maldives-paradise.com\/nl\/wp-json\/wp\/v2\/pages\/19376","targetHints":{"allow":["GET"]}}],"collection":[{"href":"https:\/\/maldives-paradise.com\/nl\/wp-json\/wp\/v2\/pages"}],"about":[{"href":"https:\/\/maldives-paradise.com\/nl\/wp-json\/wp\/v2\/types\/page"}],"author":[{"embeddable":true,"href":"https:\/\/maldives-paradise.com\/nl\/wp-json\/wp\/v2\/users\/1"}],"replies":[{"embeddable":true,"href":"https:\/\/maldives-paradise.com\/nl\/wp-json\/wp\/v2\/comments?post=19376"}],"version-history":[{"count":7,"href":"https:\/\/maldives-paradise.com\/nl\/wp-json\/wp\/v2\/pages\/19376\/revisions"}],"predecessor-version":[{"id":45311,"href":"https:\/\/maldives-paradise.com\/nl\/wp-json\/wp\/v2\/pages\/19376\/revisions\/45311"}],"wp:featuredmedia":[{"embeddable":true,"href":"https:\/\/maldives-paradise.com\/nl\/wp-json\/wp\/v2\/media\/19377"}],"wp:attachment":[{"href":"https:\/\/maldives-paradise.com\/nl\/wp-json\/wp\/v2\/media?parent=19376"}],"curies":[{"name":"wp","href":"https:\/\/api.w.org\/{rel}","templated":true}]}}