{"id":9641,"date":"2024-01-28T18:19:31","date_gmt":"2024-01-28T18:19:31","guid":{"rendered":"http:\/\/maldives-paradise.com\/?page_id=9641"},"modified":"2025-10-09T16:20:41","modified_gmt":"2025-10-09T16:20:41","slug":"leco-hotel-a-piedi-nudi","status":"publish","type":"page","link":"https:\/\/maldives-paradise.com\/it\/leco-hotel-a-piedi-nudi\/","title":{"rendered":"L&#039;Eco Hotel a piedi nudi"},"content":{"rendered":"<div class=\"wpb-content-wrapper\"><div class=\"vc_row wpb_row vc_row-fluid\"><div class=\"wpb_column vc_column_container vc_col-sm-12\"><div class=\"vc_column-inner\"><div class=\"wpb_wrapper\">\n\t<div class=\"wpb_text_column wpb_content_element\" >\n\t\t<div class=\"wpb_wrapper\">\n\t\t\t<h3>Barefoot Eco Hotel: un&#039;oasi sostenibile alle Maldive<\/h3>\n\n\t\t<\/div>\n\t<\/div>\n<\/div><\/div><\/div><\/div><div class=\"vc_row wpb_row vc_row-fluid\"><div class=\"wpb_column vc_column_container vc_col-sm-12\"><div class=\"vc_column-inner\"><div class=\"wpb_wrapper\">\n\t<div class=\"wpb_video_widget wpb_content_element vc_clearfix   vc_video-aspect-ratio-169 vc_video-el-width-100 vc_video-align-left\" >\n\t\t<div class=\"wpb_wrapper\">\n\t\t\t\n\t\t\t<div class=\"wpb_video_wrapper\"><iframe loading=\"lazy\" title=\"L&#039;Eco Hotel Barefoot - Hanimaadhoo Maldive\" width=\"500\" height=\"281\" src=\"https:\/\/www.youtube.com\/embed\/6-YQWRDt3q8?feature=oembed\" frameborder=\"0\" allow=\"accelerometer; autoplay; clipboard-write; encrypted-media; gyroscope; picture-in-picture; web-share\" allowfullscreen><\/iframe><\/div>\n\t\t<\/div>\n\t<\/div>\n<\/div><\/div><\/div><\/div><div class=\"vc_row wpb_row vc_row-fluid\"><div class=\"wpb_column vc_column_container vc_col-sm-12\"><div class=\"vc_column-inner\"><div class=\"wpb_wrapper\">\n\t<div class=\"wpb_text_column wpb_content_element\" >\n\t\t<div class=\"wpb_wrapper\">\n\t\t\t<p>Situato nel cuore dell&#039;Oceano Indiano, <strong>L&#039;Eco Hotel a piedi nudi<\/strong> \u00e8 un rifugio unico e attento all&#039;ambiente che offre ai viaggiatori un&#039;eccezionale esperienza maldiviana. Situato sulla bellissima isola di Hanimadhoo, questo paradiso ecologico combina lusso, sostenibilit\u00e0 e avventura per creare una fuga memorabile per gli amanti della natura e i viaggiatori eco-consapevoli.<\/p>\n<p><strong>Arrivo in Paradiso<\/strong><\/p>\n<p>Per raggiungere il Barefoot Eco Hotel, gli ospiti prendono un volo interno dall&#039;aeroporto internazionale di Mal\u00e9 all&#039;aeroporto di Hanimadhoo, seguito da un breve trasferimento in motoscafo. Il viaggio stesso offre uno scorcio della straordinaria bellezza naturale che ti aspetta.<\/p>\n<p><strong>Alloggi ecologici<\/strong><\/p>\n<p>Il Barefoot Eco Hotel \u00e8 rinomato per il suo impegno a favore della sostenibilit\u00e0. Il resort offre una variet\u00e0 di sistemazioni progettate pensando all&#039;eco-compatibilit\u00e0. Dalle spaziose ville sulla spiaggia ai bungalow sull&#039;acqua, ogni camera unisce comfort moderni e pratiche rispettose dell&#039;ambiente. Pannelli solari, raccolta dell&#039;acqua piovana ed elettrodomestici ad alta efficienza energetica contribuiscono all&#039;etica ecologica del resort.<\/p>\n<p><strong>Assaporare la cucina sostenibile<\/strong><\/p>\n<p>Il ristorante del resort, &quot;Dhivehi&quot;, \u00e8 specializzato in cucina biologica e di provenienza locale. Il menu presenta una fusione di sapori maldiviani e piatti internazionali. Goditi una cena in mezzo a rigogliosi giardini mentre apprezzi gli ingredienti pi\u00f9 freschi raccolti dalle fattorie locali.<\/p>\n<p><strong>Abbraccia la natura<\/strong><\/p>\n<p>Al The Barefoot Eco Hotel, la natura \u00e8 al centro dell&#039;attenzione. La propriet\u00e0 \u00e8 circondata da una lussureggiante vegetazione tropicale e le spiagge incontaminate ospitano tartarughe marine nidificanti. Passeggiate guidate nella natura, birdwatching e tour in bicicletta consentono agli ospiti di esplorare la flora e la fauna uniche dell&#039;isola.<\/p>\n<p><strong>Avventure marine<\/strong><\/p>\n<p>Il centro immersioni PADI a 5 stelle del resort offre una vasta gamma di avventure acquatiche, tra cui snorkeling, immersioni e persino escursioni con gli squali balena. Esplora le vivaci barriere coralline e nuota accanto a una vasta gamma di vita marina. Il resort \u00e8 dedicato agli sforzi di ripristino del corallo, contribuendo alla conservazione di questo fragile ecosistema.<\/p>\n<p><strong>Iniziative ecologiche<\/strong><\/p>\n<p>Il Barefoot Eco Hotel \u00e8 un pioniere nel turismo sostenibile alle Maldive. Si impegnano attivamente in iniziative di conservazione, come programmi di nidificazione delle tartarughe e sforzi di protezione marina. Gli ospiti sono incoraggiati a partecipare a pratiche ecocompatibili e a conoscere l&#039;ambiente locale durante il loro soggiorno.<\/p>\n<p><strong>Terme e Benessere<\/strong><\/p>\n<p>Per il massimo relax, la &quot;Earth and Sky Spa&quot; del resort offre una gamma di trattamenti olistici utilizzando prodotti naturali e biologici. Rilassa il corpo e la mente mentre sei circondato dai suoni rilassanti dell&#039;oceano e dalla dolce carezza della brezza marina.<\/p>\n<p><strong>L&#039;impegno della comunit\u00e0<\/strong><\/p>\n<p>Il Barefoot Eco Hotel mantiene forti legami con la comunit\u00e0 locale. Gli ospiti possono visitare le isole vicine per immergersi nella cultura maldiviana, esplorare l&#039;artigianato locale ed entrare in contatto con gli amichevoli residenti dell&#039;isola di Hanimadhoo.<\/p>\n<p><strong>Conclusione<\/strong><\/p>\n<p>Il Barefoot Eco Hotel alle Maldive invita i viaggiatori ad abbracciare la natura calpestando con leggerezza l&#039;ambiente. Con le sue sistemazioni eco-compatibili, opzioni di ristorazione sostenibili e una vasta gamma di avventure naturali, \u00e8 una destinazione che ti permette di goderti la bellezza delle Maldive contribuendo al tempo stesso alla sua preservazione.<\/p>\n<p>Se stai cercando una fuga eco-consapevole che combini lusso e sostenibilit\u00e0, The Barefoot Eco Hotel offre un&#039;esperienza indimenticabile. Lascia solo impronte, porta con te solo ricordi e ottieni un impatto positivo sull&#039;ambiente durante il tuo soggiorno in questo straordinario rifugio eco-consapevole alle Maldive.<\/p>\n<p>Il Barefoot Eco Hotel \u00e8 un <strong>Resort a 4 stelle a basso prezzo<\/strong>.<\/p>\n\n\t\t<\/div>\n\t<\/div>\n<\/div><\/div><\/div><\/div><div class=\"vc_row wpb_row vc_row-fluid\"><div class=\"wpb_column vc_column_container vc_col-sm-12\"><div class=\"vc_column-inner\"><div class=\"wpb_wrapper\">\n\t<div class=\"wpb_text_column wpb_content_element\" >\n\t\t<div class=\"wpb_wrapper\">\n\t\t\t<h3><a title=\"L&#039;Eco Hotel a piedi nudi\" href=\"https:\/\/trip.tpo.lv\/KC81uBLh\" target=\"blanc2\" rel=\"nofollow\">Check availability and best price at The Barefoot Eco Hotel here &gt;&gt;<\/a><\/h3>\n\n\t\t<\/div>\n\t<\/div>\n<\/div><\/div><\/div><\/div>\n<\/div>","protected":false},"excerpt":{"rendered":"<div class=\"mh-excerpt\"><\/div>","protected":false},"author":1,"featured_media":9642,"parent":0,"menu_order":0,"comment_status":"closed","ping_status":"closed","template":"","meta":{"footnotes":""},"class_list":["post-9641","page","type-page","status-publish","has-post-thumbnail"],"aioseo_notices":[],"_links":{"self":[{"href":"https:\/\/maldives-paradise.com\/it\/wp-json\/wp\/v2\/pages\/9641","targetHints":{"allow":["GET"]}}],"collection":[{"href":"https:\/\/maldives-paradise.com\/it\/wp-json\/wp\/v2\/pages"}],"about":[{"href":"https:\/\/maldives-paradise.com\/it\/wp-json\/wp\/v2\/types\/page"}],"author":[{"embeddable":true,"href":"https:\/\/maldives-paradise.com\/it\/wp-json\/wp\/v2\/users\/1"}],"replies":[{"embeddable":true,"href":"https:\/\/maldives-paradise.com\/it\/wp-json\/wp\/v2\/comments?post=9641"}],"version-history":[{"count":3,"href":"https:\/\/maldives-paradise.com\/it\/wp-json\/wp\/v2\/pages\/9641\/revisions"}],"predecessor-version":[{"id":43397,"href":"https:\/\/maldives-paradise.com\/it\/wp-json\/wp\/v2\/pages\/9641\/revisions\/43397"}],"wp:featuredmedia":[{"embeddable":true,"href":"https:\/\/maldives-paradise.com\/it\/wp-json\/wp\/v2\/media\/9642"}],"wp:attachment":[{"href":"https:\/\/maldives-paradise.com\/it\/wp-json\/wp\/v2\/media?parent=9641"}],"curies":[{"name":"wp","href":"https:\/\/api.w.org\/{rel}","templated":true}]}}