{"id":8128,"date":"2024-01-04T07:32:35","date_gmt":"2024-01-04T07:32:35","guid":{"rendered":"http:\/\/maldives-paradise.com\/?page_id=8128"},"modified":"2025-02-22T09:12:49","modified_gmt":"2025-02-22T09:12:49","slug":"hotel-5-stelle-resort-alle-maldive-5","status":"publish","type":"page","link":"https:\/\/maldives-paradise.com\/it\/hotel-5-stelle-resort-alle-maldive-5\/","title":{"rendered":"Hotel e resort a 5 stelle alle Maldive 5"},"content":{"rendered":"<div class=\"wpb-content-wrapper\"><div class=\"vc_row wpb_row vc_row-fluid\"><div class=\"wpb_column vc_column_container vc_col-sm-12\"><div class=\"vc_column-inner\"><div class=\"wpb_wrapper\">\n\t<div class=\"wpb_text_column wpb_content_element\" >\n\t\t<div class=\"wpb_wrapper\">\n\t\t\t<h3>Una selezione di hotel e resort 5 stelle alle Maldive<\/h3>\n<p>Con <strong data-start=\"450\" data-end=\"522\">viste mozzafiato sull&#039;oceano, spiagge di sabbia bianca e lagune cristalline<\/strong>, <strong data-start=\"524\" data-end=\"558\">Resort a 5 stelle alle Maldive<\/strong> ridefiniscono il lusso tropicale, rendendoli la destinazione perfetta per <strong data-start=\"625\" data-end=\"677\">viaggi di nozze, famiglie e viaggiatori esigenti<\/strong> alla ricerca di una vacanza indimenticabile.<\/p>\n\n\t\t<\/div>\n\t<\/div>\n<\/div><\/div><\/div><\/div><div class=\"vc_row wpb_row vc_row-fluid\"><div class=\"wpb_column vc_column_container vc_col-sm-3\"><div class=\"vc_column-inner\"><div class=\"wpb_wrapper\">\n\t<div  class=\"wpb_single_image wpb_content_element vc_align_left wpb_content_element\">\n\t\t\n\t\t<figure class=\"wpb_wrapper vc_figure\">\n\t\t\t<a href=\"http:\/\/maldives-paradise.com\/it\/?page_id=4724\" target=\"_self\" class=\"vc_single_image-wrapper   vc_box_border_grey\"><img loading=\"lazy\" decoding=\"async\" width=\"150\" height=\"150\" src=\"https:\/\/maldives-paradise.com\/wp-content\/uploads\/2024\/01\/Milaidhoo-Island-Maldives2-150x150.jpg\" class=\"vc_single_image-img attachment-thumbnail\" alt=\"Isola di Milaidhoo\" title=\"Milaidhoo-Isola-Maldive2\" \/><\/a>\n\t\t<\/figure>\n\t<\/div>\n<\/div><\/div><\/div><div class=\"wpb_column vc_column_container vc_col-sm-9\"><div class=\"vc_column-inner\"><div class=\"wpb_wrapper\">\n\t<div class=\"wpb_text_column wpb_content_element\" >\n\t\t<div class=\"wpb_wrapper\">\n\t\t\t<h4><a href=\"http:\/\/maldives-paradise.com\/it\/?page_id=4724\">Isola di Milaidhoo<\/a><\/h4>\n<p><strong><span style=\"color: #ff0000;\">*Miglior tariffa garantita per questo resort<\/span><br \/>\n<\/strong>Nel cuore dell&#039;atollo di Baa, Milaidhoo Island Maldives \u00e8 il luogo ideale da cui partire alla scoperta delle isole delle Maldive. \u00c8 un resort di lusso boutique nella riserva della biosfera dell&#039;UNESCO. La sua barriera corallina \u00e8 un&#039;area protetta ed \u00e8 nota come un eccezionale sito per lo snorkeling e le immersioni. La bellissima isola, ricca di vegetazione tropicale, \u00e8 orlata da spiagge di sabbia bianca e circondata da una barriera corallina.<\/p>\n\n\t\t<\/div>\n\t<\/div>\n<\/div><\/div><\/div><\/div><div class=\"vc_row wpb_row vc_row-fluid\"><div class=\"wpb_column vc_column_container vc_col-sm-3\"><div class=\"vc_column-inner\"><div class=\"wpb_wrapper\">\n\t<div  class=\"wpb_single_image wpb_content_element vc_align_left wpb_content_element\">\n\t\t\n\t\t<figure class=\"wpb_wrapper vc_figure\">\n\t\t\t<a href=\"http:\/\/maldives-paradise.com\/it\/?page_id=7435\" target=\"_self\" class=\"vc_single_image-wrapper   vc_box_border_grey\"><img loading=\"lazy\" decoding=\"async\" width=\"150\" height=\"150\" src=\"https:\/\/maldives-paradise.com\/wp-content\/uploads\/2024\/01\/mirihi2-150x150.jpg\" class=\"vc_single_image-img attachment-thumbnail\" alt=\"Mirihi Island Resort\" title=\"mirihi2\" \/><\/a>\n\t\t<\/figure>\n\t<\/div>\n<\/div><\/div><\/div><div class=\"wpb_column vc_column_container vc_col-sm-9\"><div class=\"vc_column-inner\"><div class=\"wpb_wrapper\">\n\t<div class=\"wpb_text_column wpb_content_element\" >\n\t\t<div class=\"wpb_wrapper\">\n\t\t\t<h4><a href=\"http:\/\/maldives-paradise.com\/it\/?page_id=7435\">Mirihi Island Resort<\/a><\/h4>\n<p><strong>Mirihi Island Resort<\/strong> rappresenta una testimonianza di opulenza e tranquillit\u00e0, offrendo una fuga senza precedenti a coloro che cercano l&#039;apice del lusso. Mentre intraprendi un viaggio verso questo paradiso appartato, preparati a lasciarti affascinare dalle principali caratteristiche del resort che ridefiniscono l&#039;essenza di un paradiso tropicale.<\/p>\n\n\t\t<\/div>\n\t<\/div>\n<\/div><\/div><\/div><\/div><div class=\"vc_row wpb_row vc_row-fluid\"><div class=\"wpb_column vc_column_container vc_col-sm-3\"><div class=\"vc_column-inner\"><div class=\"wpb_wrapper\">\n\t<div  class=\"wpb_single_image wpb_content_element vc_align_left wpb_content_element\">\n\t\t\n\t\t<figure class=\"wpb_wrapper vc_figure\">\n\t\t\t<a href=\"http:\/\/maldives-paradise.com\/it\/?page_id=7503\" target=\"_self\" class=\"vc_single_image-wrapper   vc_box_border_grey\"><img loading=\"lazy\" decoding=\"async\" width=\"150\" height=\"150\" src=\"https:\/\/maldives-paradise.com\/wp-content\/uploads\/2024\/01\/naladu2-150x150.jpg\" class=\"vc_single_image-img attachment-thumbnail\" alt=\"Isola privata di Naladhu\" title=\"naladu2\" \/><\/a>\n\t\t<\/figure>\n\t<\/div>\n<\/div><\/div><\/div><div class=\"wpb_column vc_column_container vc_col-sm-9\"><div class=\"vc_column-inner\"><div class=\"wpb_wrapper\">\n\t<div class=\"wpb_text_column wpb_content_element\" >\n\t\t<div class=\"wpb_wrapper\">\n\t\t\t<h4><a href=\"http:\/\/maldives-paradise.com\/it\/?page_id=7503\">Resort privato dell&#039;isola di Naladhu<\/a><\/h4>\n<p>Svelando un regno di lusso e tranquillit\u00e0 senza pari, <strong>Isola privata di Naladhu<\/strong> alle Maldive invita i viaggiatori pi\u00f9 esigenti a sperimentare una sinfonia di opulenza e bellezza naturale. Immerso nel cuore dell&#039;Oceano Indiano, questo rifugio esclusivo testimonia l&#039;eleganza raffinata e il servizio personalizzato, stabilendo un nuovo standard per il lusso alle Maldive.<\/p>\n\n\t\t<\/div>\n\t<\/div>\n<\/div><\/div><\/div><\/div><div class=\"vc_row wpb_row vc_row-fluid\"><div class=\"wpb_column vc_column_container vc_col-sm-3\"><div class=\"vc_column-inner\"><div class=\"wpb_wrapper\">\n\t<div  class=\"wpb_single_image wpb_content_element vc_align_left wpb_content_element\">\n\t\t\n\t\t<figure class=\"wpb_wrapper vc_figure\">\n\t\t\t<a href=\"http:\/\/maldives-paradise.com\/it\/?page_id=7525\" target=\"_self\" class=\"vc_single_image-wrapper   vc_box_border_grey\"><img loading=\"lazy\" decoding=\"async\" width=\"150\" height=\"150\" src=\"https:\/\/maldives-paradise.com\/wp-content\/uploads\/2024\/01\/nautilus2-150x150.jpg\" class=\"vc_single_image-img attachment-thumbnail\" alt=\"Nautilus Maldive\" title=\"nautilus2\" \/><\/a>\n\t\t<\/figure>\n\t<\/div>\n<\/div><\/div><\/div><div class=\"wpb_column vc_column_container vc_col-sm-9\"><div class=\"vc_column-inner\"><div class=\"wpb_wrapper\">\n\t<div class=\"wpb_text_column wpb_content_element\" >\n\t\t<div class=\"wpb_wrapper\">\n\t\t\t<h4><a href=\"http:\/\/maldives-paradise.com\/it\/?page_id=7525\">Nautilus Maldive<\/a><\/h4>\n<p>Votato tra i <strong>i 3 migliori resort del mondo<\/strong> e come miglior resort nell&#039;Oceano Indiano dai lettori di Cond\u00e9 Nast Traveller nel 2020!<br \/>\nIl Nautilus Maldives \u00e8 la location senza eguali dell&#039;isola; situato su un&#039;isola incontaminata di sabbia bianca e adornata da una verdeggiante flora endemica nella biosfera dell&#039;UNESCO dell&#039;atollo di Baa.<\/p>\n\n\t\t<\/div>\n\t<\/div>\n<\/div><\/div><\/div><\/div><div class=\"vc_row wpb_row vc_row-fluid\"><div class=\"wpb_column vc_column_container vc_col-sm-3\"><div class=\"vc_column-inner\"><div class=\"wpb_wrapper\">\n\t<div  class=\"wpb_single_image wpb_content_element vc_align_left wpb_content_element\">\n\t\t\n\t\t<figure class=\"wpb_wrapper vc_figure\">\n\t\t\t<a href=\"http:\/\/maldives-paradise.com\/it\/?page_id=7529\" target=\"_self\" class=\"vc_single_image-wrapper   vc_box_border_grey\"><img loading=\"lazy\" decoding=\"async\" width=\"150\" height=\"150\" src=\"https:\/\/maldives-paradise.com\/wp-content\/uploads\/2024\/01\/nika-island-beach-villa-with-private-150x150.jpg\" class=\"vc_single_image-img attachment-thumbnail\" alt=\"Nika Island Resort &amp; Spa Maldive\" title=\"nika-island-beach-villa-con-privato\" \/><\/a>\n\t\t<\/figure>\n\t<\/div>\n<\/div><\/div><\/div><div class=\"wpb_column vc_column_container vc_col-sm-9\"><div class=\"vc_column-inner\"><div class=\"wpb_wrapper\">\n\t<div class=\"wpb_text_column wpb_content_element\" >\n\t\t<div class=\"wpb_wrapper\">\n\t\t\t<h3><a href=\"http:\/\/maldives-paradise.com\/it\/?page_id=7529\">Nika Island Resort &amp; Spa Maldive<\/a><\/h3>\n<p>Immerso nel cuore delle Maldive, <strong>Nika Isola Resort &amp; Spa<\/strong> invita i viaggiatori pi\u00f9 esigenti a un mondo di lusso e bellezza naturale senza pari. Questo esclusivo resort, situato su un&#039;isola privata, offre un&#039;esperienza davvero indimenticabile con i suoi servizi di alto livello e dintorni mozzafiato.<\/p>\n\n\t\t<\/div>\n\t<\/div>\n<\/div><\/div><\/div><\/div><div class=\"vc_row wpb_row vc_row-fluid\"><div class=\"wpb_column vc_column_container vc_col-sm-3\"><div class=\"vc_column-inner\"><div class=\"wpb_wrapper\">\n\t<div  class=\"wpb_single_image wpb_content_element vc_align_left wpb_content_element\">\n\t\t\n\t\t<figure class=\"wpb_wrapper vc_figure\">\n\t\t\t<a href=\"http:\/\/maldives-paradise.com\/it\/?page_id=7533\" target=\"_self\" class=\"vc_single_image-wrapper   vc_box_border_grey\"><img loading=\"lazy\" decoding=\"async\" width=\"150\" height=\"150\" src=\"https:\/\/maldives-paradise.com\/wp-content\/uploads\/2024\/01\/niyama2-150x150.jpg\" class=\"vc_single_image-img attachment-thumbnail\" alt=\"Niyama Isole Private Maldive\" title=\"niyama2\" \/><\/a>\n\t\t<\/figure>\n\t<\/div>\n<\/div><\/div><\/div><div class=\"wpb_column vc_column_container vc_col-sm-9\"><div class=\"vc_column-inner\"><div class=\"wpb_wrapper\">\n\t<div class=\"wpb_text_column wpb_content_element\" >\n\t\t<div class=\"wpb_wrapper\">\n\t\t\t<h4><a href=\"http:\/\/maldives-paradise.com\/it\/?page_id=7533\">Niyama Isole Private Maldive<\/a><\/h4>\n<p>Isole private di Niyama, dove l&#039;opulenza incontra la natura in perfetta armonia. Immerso nel cuore dell&#039;Oceano Indiano, questo esclusivo resort invita i viaggiatori pi\u00f9 esigenti a sperimentare un mondo in cui ogni momento \u00e8 una celebrazione di una vita lussuosa. Ecco uno sguardo alle principali caratteristiche che rendono Niyama Private Islands un vero gioiello delle Maldive.<\/p>\n\n\t\t<\/div>\n\t<\/div>\n<\/div><\/div><\/div><\/div><div class=\"vc_row wpb_row vc_row-fluid\"><div class=\"wpb_column vc_column_container vc_col-sm-3\"><div class=\"vc_column-inner\"><div class=\"wpb_wrapper\">\n\t<div  class=\"wpb_single_image wpb_content_element vc_align_left wpb_content_element\">\n\t\t\n\t\t<figure class=\"wpb_wrapper vc_figure\">\n\t\t\t<a href=\"http:\/\/maldives-paradise.com\/it\/?page_id=7634\" target=\"_self\" class=\"vc_single_image-wrapper   vc_box_border_grey\"><img loading=\"lazy\" decoding=\"async\" width=\"150\" height=\"150\" src=\"https:\/\/maldives-paradise.com\/wp-content\/uploads\/2024\/01\/nova-maldives2-150x150.jpg\" class=\"vc_single_image-img attachment-thumbnail\" alt=\"Nova Maldive\" title=\"nova-maldive2\" \/><\/a>\n\t\t<\/figure>\n\t<\/div>\n<\/div><\/div><\/div><div class=\"wpb_column vc_column_container vc_col-sm-9\"><div class=\"vc_column-inner\"><div class=\"wpb_wrapper\">\n\t<div class=\"wpb_text_column wpb_content_element\" >\n\t\t<div class=\"wpb_wrapper\">\n\t\t\t<h4><a href=\"http:\/\/maldives-paradise.com\/it\/?page_id=7634\">Nova Maldive<\/a><\/h4>\n<p>Un mondo in cui le acque azzurre dell&#039;Oceano Indiano incontrano la sabbia bianca e polverosa in perfetta armonia <strong>Nova Maldive<\/strong>, l&#039;epitome dei resort di lusso. Situato su un&#039;isola privata, questo delizioso rifugio promette un&#039;esperienza senza precedenti che trascende le vacanze ordinarie. Tutto incluso.<\/p>\n\n\t\t<\/div>\n\t<\/div>\n<\/div><\/div><\/div><\/div><div class=\"vc_row wpb_row vc_row-fluid\"><div class=\"wpb_column vc_column_container vc_col-sm-3\"><div class=\"vc_column-inner\"><div class=\"wpb_wrapper\">\n\t<div  class=\"wpb_single_image wpb_content_element vc_align_left wpb_content_element\">\n\t\t\n\t\t<figure class=\"wpb_wrapper vc_figure\">\n\t\t\t<a href=\"http:\/\/maldives-paradise.com\/it\/?page_id=7537\" target=\"_self\" class=\"vc_single_image-wrapper   vc_box_border_grey\"><img loading=\"lazy\" decoding=\"async\" width=\"150\" height=\"150\" src=\"https:\/\/maldives-paradise.com\/wp-content\/uploads\/2024\/01\/oaga-art-resort2-150x150.jpg\" class=\"vc_single_image-img attachment-thumbnail\" alt=\"Oaga Art Resort\" title=\"oaga-art-resort2\" \/><\/a>\n\t\t<\/figure>\n\t<\/div>\n<\/div><\/div><\/div><div class=\"wpb_column vc_column_container vc_col-sm-9\"><div class=\"vc_column-inner\"><div class=\"wpb_wrapper\">\n\t<div class=\"wpb_text_column wpb_content_element\" >\n\t\t<div class=\"wpb_wrapper\">\n\t\t\t<h4><a href=\"http:\/\/maldives-paradise.com\/it\/?page_id=7537\">Oaga Art Resort<\/a><\/h4>\n<p>Scopri il massimo <strong>lusso tutto compreso<\/strong> esperienza nel resort a <strong>Resort di Oaga<\/strong>. Immergiti nell&#039;impareggiabile bellezza di questo paradiso tropicale mentre ti godi i comfort di prim&#039;ordine e il servizio di prima classe che rendono l&#039;Oaga Art Resort una destinazione davvero eccezionale.<\/p>\n\n\t\t<\/div>\n\t<\/div>\n<\/div><\/div><\/div><\/div><div class=\"vc_row wpb_row vc_row-fluid\"><div class=\"wpb_column vc_column_container vc_col-sm-3\"><div class=\"vc_column-inner\"><div class=\"wpb_wrapper\">\n\t<div  class=\"wpb_single_image wpb_content_element vc_align_left wpb_content_element\">\n\t\t\n\t\t<figure class=\"wpb_wrapper vc_figure\">\n\t\t\t<a href=\"http:\/\/maldives-paradise.com\/it\/?page_id=7541\" target=\"_self\" class=\"vc_single_image-wrapper   vc_box_border_grey\"><img loading=\"lazy\" decoding=\"async\" width=\"150\" height=\"150\" src=\"https:\/\/maldives-paradise.com\/wp-content\/uploads\/2024\/01\/one-and-only2-150x150.jpg\" class=\"vc_single_image-img attachment-thumbnail\" alt=\"One&amp;Only Reethi Rah Maldive\" title=\"unico e solo2\" \/><\/a>\n\t\t<\/figure>\n\t<\/div>\n<\/div><\/div><\/div><div class=\"wpb_column vc_column_container vc_col-sm-9\"><div class=\"vc_column-inner\"><div class=\"wpb_wrapper\">\n\t<div class=\"wpb_text_column wpb_content_element\" >\n\t\t<div class=\"wpb_wrapper\">\n\t\t\t<h4><a href=\"http:\/\/maldives-paradise.com\/it\/?page_id=7541\">One&amp;Only Reethi Rah Maldive<\/a><\/h4>\n<p>Fuggi in paradiso con un soggiorno squisito <strong>One&amp;Only Reethi Rah Maldive<\/strong>, dove il lusso non conosce limiti. Immerso nel cuore dell&#039;Oceano Indiano, questo resort di prima classe offre un&#039;esperienza senza precedenti che combina opulenza, tranquillit\u00e0 e bellezza naturale mozzafiato.<\/p>\n\n\t\t<\/div>\n\t<\/div>\n<\/div><\/div><\/div><\/div><div class=\"vc_row wpb_row vc_row-fluid\"><div class=\"wpb_column vc_column_container vc_col-sm-3\"><div class=\"vc_column-inner\"><div class=\"wpb_wrapper\">\n\t<div  class=\"wpb_single_image wpb_content_element vc_align_left wpb_content_element\">\n\t\t\n\t\t<figure class=\"wpb_wrapper vc_figure\">\n\t\t\t<a href=\"http:\/\/maldives-paradise.com\/it\/?page_id=7545\" target=\"_self\" class=\"vc_single_image-wrapper   vc_box_border_grey\"><img loading=\"lazy\" decoding=\"async\" width=\"150\" height=\"150\" src=\"https:\/\/maldives-paradise.com\/wp-content\/uploads\/2024\/01\/outrigger2-150x150.jpg\" class=\"vc_single_image-img attachment-thumbnail\" alt=\"Outrigger Maldive Maafushivaru\" title=\"stabilizzatore2\" \/><\/a>\n\t\t<\/figure>\n\t<\/div>\n<\/div><\/div><\/div><div class=\"wpb_column vc_column_container vc_col-sm-9\"><div class=\"vc_column-inner\"><div class=\"wpb_wrapper\">\n\t<div class=\"wpb_text_column wpb_content_element\" >\n\t\t<div class=\"wpb_wrapper\">\n\t\t\t<h4><a href=\"http:\/\/maldives-paradise.com\/it\/?page_id=7545\">Outrigger Maldive Maafushivaru<\/a><\/h4>\n<p>Concedetevi l&#039;emblema dell&#039;opulenza al <strong>Outrigger Maldive Maafushivaru<\/strong>, dove ogni momento \u00e8 una celebrazione del lusso e della tranquillit\u00e0. Immerso nel cuore delle Maldive, questo resort a cinque stelle \u00e8 un paradiso per chi cerca una perfetta combinazione di bellezza naturale mozzafiato e ospitalit\u00e0 di livello mondiale.<\/p>\n\n\t\t<\/div>\n\t<\/div>\n<\/div><\/div><\/div><\/div><div class=\"vc_row wpb_row vc_row-fluid\"><div class=\"wpb_column vc_column_container vc_col-sm-3\"><div class=\"vc_column-inner\"><div class=\"wpb_wrapper\">\n\t<div  class=\"wpb_single_image wpb_content_element vc_align_left wpb_content_element\">\n\t\t\n\t\t<figure class=\"wpb_wrapper vc_figure\">\n\t\t\t<a href=\"http:\/\/maldives-paradise.com\/it\/?page_id=7549\" target=\"_self\" class=\"vc_single_image-wrapper   vc_box_border_grey\"><img loading=\"lazy\" decoding=\"async\" width=\"150\" height=\"150\" src=\"https:\/\/maldives-paradise.com\/wp-content\/uploads\/2024\/01\/ozen-life-2-150x150.jpg\" class=\"vc_single_image-img attachment-thumbnail\" alt=\"OZEN Vita Maadhoo\" title=\"ozen-vita-2\" \/><\/a>\n\t\t<\/figure>\n\t<\/div>\n<\/div><\/div><\/div><div class=\"wpb_column vc_column_container vc_col-sm-9\"><div class=\"vc_column-inner\"><div class=\"wpb_wrapper\">\n\t<div class=\"wpb_text_column wpb_content_element\" >\n\t\t<div class=\"wpb_wrapper\">\n\t\t\t<h4><a href=\"http:\/\/maldives-paradise.com\/it\/?page_id=7549\">OZEN Vita Maadhoo<\/a><\/h4>\n<p>Fuggi a OZEN Life Maadhoo per una straordinaria miscela di lusso, bellezza naturale e ospitalit\u00e0 senza rivali. Concediti un&#039;esperienza irripetibile in cui ogni dettaglio \u00e8 meticolosamente curato per creare ricordi che durano tutta la vita. Prenota subito il tuo soggiorno e intraprendi un viaggio verso il paradiso come nessun altro.<\/p>\n\n\t\t<\/div>\n\t<\/div>\n<\/div><\/div><\/div><\/div><div class=\"vc_row wpb_row vc_row-fluid\"><div class=\"wpb_column vc_column_container vc_col-sm-3\"><div class=\"vc_column-inner\"><div class=\"wpb_wrapper\">\n\t<div  class=\"wpb_single_image wpb_content_element vc_align_left wpb_content_element\">\n\t\t\n\t\t<figure class=\"wpb_wrapper vc_figure\">\n\t\t\t<a href=\"http:\/\/maldives-paradise.com\/it\/?page_id=7554\" target=\"_self\" class=\"vc_single_image-wrapper   vc_box_border_grey\"><img loading=\"lazy\" decoding=\"async\" width=\"150\" height=\"150\" src=\"https:\/\/maldives-paradise.com\/wp-content\/uploads\/2024\/01\/Ozen-Reserve-Bolifushi2-150x150.jpg\" class=\"vc_single_image-img attachment-thumbnail\" alt=\"Bolifushi della riserva di Ozen\" title=\"Ozen-Riserva-Bolifushi2\" \/><\/a>\n\t\t<\/figure>\n\t<\/div>\n<\/div><\/div><\/div><div class=\"wpb_column vc_column_container vc_col-sm-9\"><div class=\"vc_column-inner\"><div class=\"wpb_wrapper\">\n\t<div class=\"wpb_text_column wpb_content_element\" >\n\t\t<div class=\"wpb_wrapper\">\n\t\t\t<h4><a href=\"http:\/\/maldives-paradise.com\/it\/?page_id=7554\">Bolifushi della riserva di Ozen<\/a><\/h4>\n<p>In ogni aspetto, Ozen Reserve Bolifushi trascende l&#039;ordinario, invitando gli ospiti a immergersi in un mondo di lusso e bellezza naturale senza pari. Questo gioiello maldiviano testimonia la perfetta fusione di opulenza, splendore naturale e ospitalit\u00e0 senza pari.<\/p>\n\n\t\t<\/div>\n\t<\/div>\n<\/div><\/div><\/div><\/div><div class=\"vc_row wpb_row vc_row-fluid\"><div class=\"wpb_column vc_column_container vc_col-sm-12\"><div class=\"vc_column-inner\"><div class=\"wpb_wrapper\">\n\t<div class=\"wpb_text_column wpb_content_element\" >\n\t\t<div class=\"wpb_wrapper\">\n\t\t\t<h3>Hotel e resort a 5 stelle alle Maldive\u00a0\u00a0 <a href=\"http:\/\/maldives-paradise.com\/it\/?page_id=4124\">Pagina 1<\/a>\u00a0\u00a0 <a href=\"http:\/\/maldives-paradise.com\/it\/?page_id=7968\">Pagina 2<\/a>\u00a0\u00a0 <a href=\"http:\/\/maldives-paradise.com\/it\/?page_id=7996\">Pagina 3<\/a> \u00a0 <a href=\"http:\/\/maldives-paradise.com\/it\/?page_id=8053\">Pagina 4<\/a> \u00a0 <a href=\"http:\/\/maldives-paradise.com\/it\/?page_id=8170\">Pagina 6<\/a>\u00a0\u00a0 <a href=\"http:\/\/maldives-paradise.com\/it\/?page_id=8384\">Pagina 7<\/a> \u00a0<a href=\"http:\/\/maldives-paradise.com\/it\/resort-hotel-5-stelle-alle-maldive-8\/\">Pagina 8<\/a>\u00a0\u00a0<a href=\"https:\/\/maldives-paradise.com\/it\/hotel-resort-a-5-stelle-alle-maldive-9\/\">Pagina 9<\/a><\/h3>\n\n\t\t<\/div>\n\t<\/div>\n<\/div><\/div><\/div><\/div>\n<\/div>","protected":false},"excerpt":{"rendered":"<div class=\"mh-excerpt\"><\/div>","protected":false},"author":1,"featured_media":8130,"parent":0,"menu_order":0,"comment_status":"closed","ping_status":"closed","template":"","meta":{"footnotes":""},"class_list":["post-8128","page","type-page","status-publish","has-post-thumbnail"],"aioseo_notices":[],"_links":{"self":[{"href":"https:\/\/maldives-paradise.com\/it\/wp-json\/wp\/v2\/pages\/8128","targetHints":{"allow":["GET"]}}],"collection":[{"href":"https:\/\/maldives-paradise.com\/it\/wp-json\/wp\/v2\/pages"}],"about":[{"href":"https:\/\/maldives-paradise.com\/it\/wp-json\/wp\/v2\/types\/page"}],"author":[{"embeddable":true,"href":"https:\/\/maldives-paradise.com\/it\/wp-json\/wp\/v2\/users\/1"}],"replies":[{"embeddable":true,"href":"https:\/\/maldives-paradise.com\/it\/wp-json\/wp\/v2\/comments?post=8128"}],"version-history":[{"count":6,"href":"https:\/\/maldives-paradise.com\/it\/wp-json\/wp\/v2\/pages\/8128\/revisions"}],"predecessor-version":[{"id":34300,"href":"https:\/\/maldives-paradise.com\/it\/wp-json\/wp\/v2\/pages\/8128\/revisions\/34300"}],"wp:featuredmedia":[{"embeddable":true,"href":"https:\/\/maldives-paradise.com\/it\/wp-json\/wp\/v2\/media\/8130"}],"wp:attachment":[{"href":"https:\/\/maldives-paradise.com\/it\/wp-json\/wp\/v2\/media?parent=8128"}],"curies":[{"name":"wp","href":"https:\/\/api.w.org\/{rel}","templated":true}]}}