{"id":7968,"date":"2024-01-02T16:23:18","date_gmt":"2024-01-02T16:23:18","guid":{"rendered":"http:\/\/maldives-paradise.com\/?page_id=7968"},"modified":"2025-02-22T09:05:46","modified_gmt":"2025-02-22T09:05:46","slug":"resort-hotel-5-stelle-alle-maldive-2","status":"publish","type":"page","link":"https:\/\/maldives-paradise.com\/it\/resort-hotel-5-stelle-alle-maldive-2\/","title":{"rendered":"Hotel e resort a 5 stelle alle Maldive 2"},"content":{"rendered":"<div class=\"wpb-content-wrapper\"><div class=\"vc_row wpb_row vc_row-fluid\"><div class=\"wpb_column vc_column_container vc_col-sm-12\"><div class=\"vc_column-inner\"><div class=\"wpb_wrapper\">\n\t<div class=\"wpb_text_column wpb_content_element\" >\n\t\t<div class=\"wpb_wrapper\">\n\t\t\t<h3>Una selezione di hotel e resort 5 stelle alle Maldive pagina 2<\/h3>\n<p>Le Maldive sono rinomate per la loro <strong data-start=\"82\" data-end=\"121\">lussuosi hotel e resort a 5 stelle<\/strong>, offrendo impareggiabile <strong data-start=\"145\" data-end=\"191\">eleganza, riservatezza e servizio di prima classe<\/strong>Questi ritiri esclusivi sono caratterizzati <strong data-start=\"226\" data-end=\"316\">ville sull&#039;acqua, piscine a sfioro, ristoranti raffinati e servizi di maggiordomo privato<\/strong>.<\/p>\n\n\t\t<\/div>\n\t<\/div>\n<\/div><\/div><\/div><\/div><div class=\"vc_row wpb_row vc_row-fluid\"><div class=\"wpb_column vc_column_container vc_col-sm-3\"><div class=\"vc_column-inner\"><div class=\"wpb_wrapper\">\n\t<div  class=\"wpb_single_image wpb_content_element vc_align_left wpb_content_element\">\n\t\t\n\t\t<figure class=\"wpb_wrapper vc_figure\">\n\t\t\t<a href=\"http:\/\/maldives-paradise.com\/it\/?page_id=6760\" target=\"_self\" class=\"vc_single_image-wrapper   vc_box_border_grey\"><img loading=\"lazy\" decoding=\"async\" width=\"150\" height=\"150\" src=\"https:\/\/maldives-paradise.com\/wp-content\/uploads\/2024\/01\/Cheval-Blanc-randheli-maldives-150x150.jpg\" class=\"vc_single_image-img attachment-thumbnail\" alt=\"\" title=\"Cheval-Blanc-randheli-maldive\" \/><\/a>\n\t\t<\/figure>\n\t<\/div>\n<\/div><\/div><\/div><div class=\"wpb_column vc_column_container vc_col-sm-9\"><div class=\"vc_column-inner\"><div class=\"wpb_wrapper\">\n\t<div class=\"wpb_text_column wpb_content_element\" >\n\t\t<div class=\"wpb_wrapper\">\n\t\t\t<h4><a href=\"http:\/\/maldives-paradise.com\/it\/?page_id=6760\">Cheval Blanc Randheli<\/a><\/h4>\n<p>Il resort a 5 stelle <strong>Cheval Blanc Randheli<\/strong> \u00e8 l&#039;emblema dell&#039;opulenza e della tranquillit\u00e0 alle Maldive. Questo esclusivo resort di lusso attira i viaggiatori pi\u00f9 esigenti che cercano una fuga senza precedenti in paradiso. Con il suo design raffinato, servizi di prima classe e un servizio impareggiabile, Cheval Blanc Randheli promette un&#039;esperienza indimenticabile per coloro che apprezzano le cose belle della vita.<\/p>\n\n\t\t<\/div>\n\t<\/div>\n<\/div><\/div><\/div><\/div><div class=\"vc_row wpb_row vc_row-fluid\"><div class=\"wpb_column vc_column_container vc_col-sm-3\"><div class=\"vc_column-inner\"><div class=\"wpb_wrapper\">\n\t<div  class=\"wpb_single_image wpb_content_element vc_align_left wpb_content_element\">\n\t\t\n\t\t<figure class=\"wpb_wrapper vc_figure\">\n\t\t\t<a href=\"http:\/\/maldives-paradise.com\/it\/?page_id=6764\" target=\"_self\" class=\"vc_single_image-wrapper   vc_box_border_grey\"><img loading=\"lazy\" decoding=\"async\" width=\"150\" height=\"150\" src=\"https:\/\/maldives-paradise.com\/wp-content\/uploads\/2024\/01\/coco-bodu-hithi2-150x150.jpg\" class=\"vc_single_image-img attachment-thumbnail\" alt=\"Coco Bodu Hithi\" title=\"coco-bodu-hithi2\" srcset=\"https:\/\/maldives-paradise.com\/wp-content\/uploads\/2024\/01\/coco-bodu-hithi2-150x150.jpg 150w, https:\/\/maldives-paradise.com\/wp-content\/uploads\/2024\/01\/coco-bodu-hithi2-300x300.jpg 300w, https:\/\/maldives-paradise.com\/wp-content\/uploads\/2024\/01\/coco-bodu-hithi2.jpg 450w\" sizes=\"auto, (max-width: 150px) 100vw, 150px\" \/><\/a>\n\t\t<\/figure>\n\t<\/div>\n<\/div><\/div><\/div><div class=\"wpb_column vc_column_container vc_col-sm-9\"><div class=\"vc_column-inner\"><div class=\"wpb_wrapper\">\n\t<div class=\"wpb_text_column wpb_content_element\" >\n\t\t<div class=\"wpb_wrapper\">\n\t\t\t<h4><a href=\"http:\/\/maldives-paradise.com\/it\/?page_id=6764\">Coco Bodu Hithi<\/a><\/h4>\n<p><strong>Coco Bodu Hithi<\/strong> rappresenta una testimonianza di opulenza e serenit\u00e0. Questo resort di lusso, rinomato per la sua bellezza mozzafiato e i suoi servizi di prima classe, offre una fuga in paradiso senza precedenti. Ecco le caratteristiche principali che rendono Coco Bodu Hithi una destinazione imperdibile per i viaggiatori pi\u00f9 esigenti che cercano l&#039;epitome dell&#039;indulgenza.<\/p>\n\n\t\t<\/div>\n\t<\/div>\n<\/div><\/div><\/div><\/div><div class=\"vc_row wpb_row vc_row-fluid\"><div class=\"wpb_column vc_column_container vc_col-sm-3\"><div class=\"vc_column-inner\"><div class=\"wpb_wrapper\">\n\t<div  class=\"wpb_single_image wpb_content_element vc_align_left wpb_content_element\">\n\t\t\n\t\t<figure class=\"wpb_wrapper vc_figure\">\n\t\t\t<a href=\"http:\/\/maldives-paradise.com\/it\/?page_id=6768\" target=\"_self\" class=\"vc_single_image-wrapper   vc_box_border_grey\"><img loading=\"lazy\" decoding=\"async\" width=\"150\" height=\"150\" src=\"https:\/\/maldives-paradise.com\/wp-content\/uploads\/2024\/01\/Coco_Palm_Dhuni_Kolhu_Maldives2-150x150.jpg\" class=\"vc_single_image-img attachment-thumbnail\" alt=\"Coco Palm Dhuni Kolhu\" title=\"Coco_Palm_Dhuni_Kolhu_Maldives2\" \/><\/a>\n\t\t<\/figure>\n\t<\/div>\n<\/div><\/div><\/div><div class=\"wpb_column vc_column_container vc_col-sm-9\"><div class=\"vc_column-inner\"><div class=\"wpb_wrapper\">\n\t<div class=\"wpb_text_column wpb_content_element\" >\n\t\t<div class=\"wpb_wrapper\">\n\t\t\t<h4><a href=\"http:\/\/maldives-paradise.com\/it\/?page_id=6768\">Coco Palm Dhuni Kolhu<\/a><\/h4>\n<p>Fuggi in un paradiso di lusso e serenit\u00e0 senza pari <strong>Coco Palm Dhuni Kolhu<\/strong>, l&#039;epitome del piacere tropicale nel cuore delle Maldive. Situato su un&#039;isola privata incontaminata, questo esclusivo resort fonde perfettamente la bellezza naturale con servizi di lusso, offrendo una fuga indimenticabile ai viaggiatori pi\u00f9 esigenti.<\/p>\n\n\t\t<\/div>\n\t<\/div>\n<\/div><\/div><\/div><\/div><div class=\"vc_row wpb_row vc_row-fluid\"><div class=\"wpb_column vc_column_container vc_col-sm-3\"><div class=\"vc_column-inner\"><div class=\"wpb_wrapper\">\n\t<div  class=\"wpb_single_image wpb_content_element vc_align_left wpb_content_element\">\n\t\t\n\t\t<figure class=\"wpb_wrapper vc_figure\">\n\t\t\t<a href=\"http:\/\/maldives-paradise.com\/it\/?page_id=6830\" target=\"_self\" class=\"vc_single_image-wrapper   vc_box_border_grey\"><img loading=\"lazy\" decoding=\"async\" width=\"150\" height=\"150\" src=\"https:\/\/maldives-paradise.com\/wp-content\/uploads\/2024\/01\/como-cocoa-island2-150x150.jpg\" class=\"vc_single_image-img attachment-thumbnail\" alt=\"COMO Isola del Cacao\" title=\"como-isola-del-cacao2\" \/><\/a>\n\t\t<\/figure>\n\t<\/div>\n<\/div><\/div><\/div><div class=\"wpb_column vc_column_container vc_col-sm-9\"><div class=\"vc_column-inner\"><div class=\"wpb_wrapper\">\n\t<div class=\"wpb_text_column wpb_content_element\" >\n\t\t<div class=\"wpb_wrapper\">\n\t\t\t<h4><a href=\"http:\/\/maldives-paradise.com\/it\/?page_id=6830\">COMO Isola del Cacao<\/a><\/h4>\n<p><strong>COMO Isola del Cacao<\/strong> rappresenta l&#039;epitome di opulenza e tranquillit\u00e0. Questo resort di lusso alle Maldive attira i viaggiatori pi\u00f9 esigenti con le sue spiagge incontaminate di sabbia bianca, acque turchesi cristalline e una serie di servizi senza pari. Qui sveliamo le principali caratteristiche che rendono COMO Cocoa Island un paradiso per chi cerca una fuga indimenticabile.<\/p>\n\n\t\t<\/div>\n\t<\/div>\n<\/div><\/div><\/div><\/div><div class=\"vc_row wpb_row vc_row-fluid\"><div class=\"wpb_column vc_column_container vc_col-sm-3\"><div class=\"vc_column-inner\"><div class=\"wpb_wrapper\">\n\t<div  class=\"wpb_single_image wpb_content_element vc_align_left wpb_content_element\">\n\t\t\n\t\t<figure class=\"wpb_wrapper vc_figure\">\n\t\t\t<a href=\"http:\/\/maldives-paradise.com\/it\/?page_id=6834\" target=\"_self\" class=\"vc_single_image-wrapper   vc_box_border_grey\"><img loading=\"lazy\" decoding=\"async\" width=\"150\" height=\"150\" src=\"https:\/\/maldives-paradise.com\/wp-content\/uploads\/2024\/01\/COMO-Maalifushi2-150x150.jpg\" class=\"vc_single_image-img attachment-thumbnail\" alt=\"COMO Maalifushi\" title=\"COMO-Maalifushi2\" \/><\/a>\n\t\t<\/figure>\n\t<\/div>\n<\/div><\/div><\/div><div class=\"wpb_column vc_column_container vc_col-sm-9\"><div class=\"vc_column-inner\"><div class=\"wpb_wrapper\">\n\t<div class=\"wpb_text_column wpb_content_element\" >\n\t\t<div class=\"wpb_wrapper\">\n\t\t\t<h4><a href=\"http:\/\/maldives-paradise.com\/it\/?page_id=6834\">COMO Maalifushi<\/a><\/h4>\n<p>Immerso nelle acque cristalline delle Maldive, <strong>COMO Maalifushi<\/strong> rappresenta l&#039;epitome del lusso e della tranquillit\u00e0. Questo esclusivo resort \u00e8 un paradiso per i viaggiatori pi\u00f9 esigenti che cercano una fuga senza precedenti in un paradiso tropicale. Con la sua straordinaria bellezza naturale e servizi di prima classe, COMO Maalifushi promette un&#039;esperienza indimenticabile.<\/p>\n\n\t\t<\/div>\n\t<\/div>\n<\/div><\/div><\/div><\/div><div class=\"vc_row wpb_row vc_row-fluid\"><div class=\"wpb_column vc_column_container vc_col-sm-3\"><div class=\"vc_column-inner\"><div class=\"wpb_wrapper\">\n\t<div  class=\"wpb_single_image wpb_content_element vc_align_left wpb_content_element\">\n\t\t\n\t\t<figure class=\"wpb_wrapper vc_figure\">\n\t\t\t<a href=\"http:\/\/maldives-paradise.com\/it\/?page_id=6886\" target=\"_self\" class=\"vc_single_image-wrapper   vc_box_border_grey\"><img loading=\"lazy\" decoding=\"async\" width=\"150\" height=\"150\" src=\"https:\/\/maldives-paradise.com\/wp-content\/uploads\/2024\/01\/Conrad-Rangali-Island-Maldives-150x150.jpg\" class=\"vc_single_image-img attachment-thumbnail\" alt=\"Conrad Rangali Isola Maldive\" title=\"Conrad-Rangali-Isola-Maldive\" \/><\/a>\n\t\t<\/figure>\n\t<\/div>\n<\/div><\/div><\/div><div class=\"wpb_column vc_column_container vc_col-sm-9\"><div class=\"vc_column-inner\"><div class=\"wpb_wrapper\">\n\t<div class=\"wpb_text_column wpb_content_element\" >\n\t\t<div class=\"wpb_wrapper\">\n\t\t\t<h4><a href=\"http:\/\/maldives-paradise.com\/it\/?page_id=6886\">Conrad Rangali Isola Maldive<\/a><\/h4>\n<p><strong>Conrad Rangali Isola Maldive<\/strong>, un paradiso affascinante immerso nel cuore dell&#039;Oceano Indiano. Rinomato per la sua bellezza senza pari e il servizio impeccabile, questo resort di lusso invita i viaggiatori pi\u00f9 esigenti a sperimentare una sinfonia di opulenza e tranquillit\u00e0.<\/p>\n\n\t\t<\/div>\n\t<\/div>\n<\/div><\/div><\/div><\/div><div class=\"vc_row wpb_row vc_row-fluid\"><div class=\"wpb_column vc_column_container vc_col-sm-3\"><div class=\"vc_column-inner\"><div class=\"wpb_wrapper\">\n\t<div  class=\"wpb_single_image wpb_content_element vc_align_left wpb_content_element\">\n\t\t\n\t\t<figure class=\"wpb_wrapper vc_figure\">\n\t\t\t<a href=\"http:\/\/maldives-paradise.com\/it\/?page_id=6890\" target=\"_self\" class=\"vc_single_image-wrapper   vc_box_border_grey\"><img loading=\"lazy\" decoding=\"async\" width=\"150\" height=\"150\" src=\"https:\/\/maldives-paradise.com\/wp-content\/uploads\/2024\/01\/constance-halavelii-maldive-best-destination-02-150x150.jpg\" class=\"vc_single_image-img attachment-thumbnail\" alt=\"Costanza Halaveli Maldive\" title=\"constance-halavelii-maldive-migliore-destinazione-02\" \/><\/a>\n\t\t<\/figure>\n\t<\/div>\n<\/div><\/div><\/div><div class=\"wpb_column vc_column_container vc_col-sm-9\"><div class=\"vc_column-inner\"><div class=\"wpb_wrapper\">\n\t<div class=\"wpb_text_column wpb_content_element\" >\n\t\t<div class=\"wpb_wrapper\">\n\t\t\t<h4><a href=\"http:\/\/maldives-paradise.com\/it\/?page_id=6890\">Costanza Halaveli Maldive<\/a><\/h4>\n<p><strong>Costanza Halaveli Maldive<\/strong> si erge come un faro di lusso senza pari, offrendo una fuga esclusiva in un paradiso tropicale. Rinomato per la sua bellezza mozzafiato e il servizio impeccabile, questo resort di lusso \u00e8 una destinazione da sogno per chi cerca un rifugio straordinario.<\/p>\n\n\t\t<\/div>\n\t<\/div>\n<\/div><\/div><\/div><\/div><div class=\"vc_row wpb_row vc_row-fluid\"><div class=\"wpb_column vc_column_container vc_col-sm-3\"><div class=\"vc_column-inner\"><div class=\"wpb_wrapper\">\n\t<div  class=\"wpb_single_image wpb_content_element vc_align_left wpb_content_element\">\n\t\t\n\t\t<figure class=\"wpb_wrapper vc_figure\">\n\t\t\t<a href=\"http:\/\/maldives-paradise.com\/it\/?page_id=6894\" target=\"_self\" class=\"vc_single_image-wrapper   vc_box_border_grey\"><img loading=\"lazy\" decoding=\"async\" width=\"150\" height=\"150\" src=\"https:\/\/maldives-paradise.com\/wp-content\/uploads\/2024\/01\/Constance-Moofushi-Maldivesjpg-150x150.jpg\" class=\"vc_single_image-img attachment-thumbnail\" alt=\"Constance Moofushi Maldive\" title=\"Constance-Moofushi-Maldivejpg\" \/><\/a>\n\t\t<\/figure>\n\t<\/div>\n<\/div><\/div><\/div><div class=\"wpb_column vc_column_container vc_col-sm-9\"><div class=\"vc_column-inner\"><div class=\"wpb_wrapper\">\n\t<div class=\"wpb_text_column wpb_content_element\" >\n\t\t<div class=\"wpb_wrapper\">\n\t\t\t<h4><a href=\"http:\/\/maldives-paradise.com\/it\/?page_id=6894\">Constance Moofushi Maldive<\/a><\/h4>\n<p><strong>Constance Moofushi Maldive<\/strong> \u00e8 l&#039;epitome del lusso e offre un rifugio sublime per i viaggiatori pi\u00f9 esigenti che cercano un&#039;esperienza isolana indimenticabile. Questo esclusivo resort combina straordinarie bellezze naturali con servizi opulenti per creare un paradiso di tranquillit\u00e0 e indulgenza. Ecco le caratteristiche principali che rendono Constance Moofushi una destinazione davvero eccezionale.<\/p>\n\n\t\t<\/div>\n\t<\/div>\n<\/div><\/div><\/div><\/div><div class=\"vc_row wpb_row vc_row-fluid\"><div class=\"wpb_column vc_column_container vc_col-sm-3\"><div class=\"vc_column-inner\"><div class=\"wpb_wrapper\">\n\t<div  class=\"wpb_single_image wpb_content_element vc_align_left wpb_content_element\">\n\t\t\n\t\t<figure class=\"wpb_wrapper vc_figure\">\n\t\t\t<a href=\"http:\/\/maldives-paradise.com\/it\/?page_id=6899\" target=\"_self\" class=\"vc_single_image-wrapper   vc_box_border_grey\"><img loading=\"lazy\" decoding=\"async\" width=\"150\" height=\"150\" src=\"https:\/\/maldives-paradise.com\/wp-content\/uploads\/2024\/01\/Cora-Cora-maldives-2-150x150.jpg\" class=\"vc_single_image-img attachment-thumbnail\" alt=\"Cora Cora Maldive\" title=\"Cora-Cora-maldive-2\" \/><\/a>\n\t\t<\/figure>\n\t<\/div>\n<\/div><\/div><\/div><div class=\"wpb_column vc_column_container vc_col-sm-9\"><div class=\"vc_column-inner\"><div class=\"wpb_wrapper\">\n\t<div class=\"wpb_text_column wpb_content_element\" >\n\t\t<div class=\"wpb_wrapper\">\n\t\t\t<h4><a href=\"http:\/\/maldives-paradise.com\/it\/?page_id=6899\">Cora Cora Maldive<\/a><\/h4>\n<p>Entra nel mondo di <strong>Cora Cora Maldive<\/strong>, dove ogni momento \u00e8 una celebrazione di opulenza e tranquillit\u00e0. Immerso nel cuore dell&#039;Oceano Indiano, questo straordinario resort di lusso invita i viaggiatori pi\u00f9 esigenti a sperimentare l&#039;epitome dello splendore maldiviano.<\/p>\n\n\t\t<\/div>\n\t<\/div>\n<\/div><\/div><\/div><\/div><div class=\"vc_row wpb_row vc_row-fluid\"><div class=\"wpb_column vc_column_container vc_col-sm-3\"><div class=\"vc_column-inner\"><div class=\"wpb_wrapper\">\n\t<div  class=\"wpb_single_image wpb_content_element vc_align_left wpb_content_element\">\n\t\t\n\t\t<figure class=\"wpb_wrapper vc_figure\">\n\t\t\t<a href=\"http:\/\/maldives-paradise.com\/it\/?page_id=6904\" target=\"_self\" class=\"vc_single_image-wrapper   vc_box_border_grey\"><img loading=\"lazy\" decoding=\"async\" width=\"150\" height=\"150\" src=\"https:\/\/maldives-paradise.com\/wp-content\/uploads\/2024\/01\/Dhigali-Maldives2-150x150.jpg\" class=\"vc_single_image-img attachment-thumbnail\" alt=\"Dhigali Maldive\" title=\"Dhigali-Maldive2\" \/><\/a>\n\t\t<\/figure>\n\t<\/div>\n<\/div><\/div><\/div><div class=\"wpb_column vc_column_container vc_col-sm-9\"><div class=\"vc_column-inner\"><div class=\"wpb_wrapper\">\n\t<div class=\"wpb_text_column wpb_content_element\" >\n\t\t<div class=\"wpb_wrapper\">\n\t\t\t<h4><a href=\"http:\/\/maldives-paradise.com\/it\/?page_id=6904\">Dhigali Maldive<\/a><\/h4>\n<p><strong>Dhigali Maldive<\/strong> si erge come un faro di lusso, invitando i viaggiatori a sperimentare un mondo in cui l&#039;opulenza incontra la bellezza naturale. Questo esclusivo resort \u00e8 un paradiso per chi cerca una fuga indimenticabile, offrendo una miriade di caratteristiche di alto livello che lo rendono l&#039;epitome dell&#039;indulgenza.<\/p>\n\n\t\t<\/div>\n\t<\/div>\n<\/div><\/div><\/div><\/div><div class=\"vc_row wpb_row vc_row-fluid\"><div class=\"wpb_column vc_column_container vc_col-sm-3\"><div class=\"vc_column-inner\"><div class=\"wpb_wrapper\">\n\t<div  class=\"wpb_single_image wpb_content_element vc_align_left wpb_content_element\">\n\t\t\n\t\t<figure class=\"wpb_wrapper vc_figure\">\n\t\t\t<a href=\"http:\/\/maldives-paradise.com\/it\/?page_id=6908\" target=\"_self\" class=\"vc_single_image-wrapper   vc_box_border_grey\"><img loading=\"lazy\" decoding=\"async\" width=\"150\" height=\"150\" src=\"https:\/\/maldives-paradise.com\/wp-content\/uploads\/2024\/01\/Diamonds-Athuruga-Maldives-ResortandSpa2-150x150.jpg\" class=\"vc_single_image-img attachment-thumbnail\" alt=\"Diamanti Athuruga Maldive Resort &amp; Spa\" title=\"Diamonds-Athuruga-Maldive-ResortandSpa2\" \/><\/a>\n\t\t<\/figure>\n\t<\/div>\n<\/div><\/div><\/div><div class=\"wpb_column vc_column_container vc_col-sm-9\"><div class=\"vc_column-inner\"><div class=\"wpb_wrapper\">\n\t<div class=\"wpb_text_column wpb_content_element\" >\n\t\t<div class=\"wpb_wrapper\">\n\t\t\t<h4><a href=\"http:\/\/maldives-paradise.com\/it\/?page_id=6908\">Diamanti Athuruga Maldive Resort &amp; Spa<\/a><\/h4>\n<p>Concedetevi l&#039;emblema del lusso e della tranquillit\u00e0 <strong>Diamanti Athuruga Maldive Resort &amp; Spa<\/strong>, un rifugio immerso nel cuore delle Maldive. Questo esclusivo resort promette un&#039;indimenticabile fuga in un paradiso, dove spiagge incontaminate, acque cristalline e un servizio impareggiabile convergono per creare un&#039;oasi di opulenza.<\/p>\n\n\t\t<\/div>\n\t<\/div>\n<\/div><\/div><\/div><\/div><div class=\"vc_row wpb_row vc_row-fluid\"><div class=\"wpb_column vc_column_container vc_col-sm-3\"><div class=\"vc_column-inner\"><div class=\"wpb_wrapper\">\n\t<div  class=\"wpb_single_image wpb_content_element vc_align_left wpb_content_element\">\n\t\t\n\t\t<figure class=\"wpb_wrapper vc_figure\">\n\t\t\t<a href=\"http:\/\/maldives-paradise.com\/it\/?page_id=6912\" target=\"_self\" class=\"vc_single_image-wrapper   vc_box_border_grey\"><img loading=\"lazy\" decoding=\"async\" width=\"150\" height=\"150\" src=\"https:\/\/maldives-paradise.com\/wp-content\/uploads\/2024\/01\/Diamonds-Thudufushi-Maldives2-150x150.jpg\" class=\"vc_single_image-img attachment-thumbnail\" alt=\"Diamanti Thudufushi Maldive Resort &amp; Spa\" title=\"Diamanti-Thudufushi-Maldive2\" \/><\/a>\n\t\t<\/figure>\n\t<\/div>\n<\/div><\/div><\/div><div class=\"wpb_column vc_column_container vc_col-sm-9\"><div class=\"vc_column-inner\"><div class=\"wpb_wrapper\">\n\t<div class=\"wpb_text_column wpb_content_element\" >\n\t\t<div class=\"wpb_wrapper\">\n\t\t\t<h4><a href=\"http:\/\/maldives-paradise.com\/it\/?page_id=6912\">Diamanti Thudufushi Maldive Resort &amp; Spa<\/a><\/h4>\n<p>Fuggi in un regno di opulenza e tranquillit\u00e0 <strong>Diamanti Thudufushi Maldive Resort &amp; Spa<\/strong>, dove spiagge baciate dal sole, acque turchesi cristalline e lusso senza pari convergono per creare un rifugio tropicale indimenticabile. Immerso nel cuore delle Maldive, questo esclusivo resort attira i viaggiatori pi\u00f9 esigenti con i suoi servizi di prima classe e i suoi dintorni mozzafiato.<\/p>\n\n\t\t<\/div>\n\t<\/div>\n<\/div><\/div><\/div><\/div><div class=\"vc_row wpb_row vc_row-fluid\"><div class=\"wpb_column vc_column_container vc_col-sm-12\"><div class=\"vc_column-inner\"><div class=\"wpb_wrapper\">\n\t<div class=\"wpb_text_column wpb_content_element\" >\n\t\t<div class=\"wpb_wrapper\">\n\t\t\t<h3>Hotel e resort a 5 stelle alle Maldive\u00a0 <a href=\"http:\/\/maldives-paradise.com\/it\/?page_id=4124\">Pagina 1<\/a> \u00a0 <a href=\"http:\/\/maldives-paradise.com\/it\/?page_id=7996\">Pagina 3<\/a> \u00a0 <a href=\"http:\/\/maldives-paradise.com\/it\/?page_id=8053\">Pagina 4<\/a> \u00a0 <a href=\"http:\/\/maldives-paradise.com\/it\/?page_id=8128\">Pagina 5<\/a> \u00a0 <a href=\"http:\/\/maldives-paradise.com\/it\/?page_id=8170\">Pagina 6<\/a>\u00a0\u00a0 <a href=\"http:\/\/maldives-paradise.com\/it\/?page_id=8384\">Pagina 7<\/a> \u00a0<a href=\"http:\/\/maldives-paradise.com\/it\/resort-hotel-5-stelle-alle-maldive-8\/\">Pagina 8<\/a>\u00a0\u00a0<a href=\"https:\/\/maldives-paradise.com\/it\/hotel-resort-a-5-stelle-alle-maldive-9\/\">Pagina 9<\/a><\/h3>\n\n\t\t<\/div>\n\t<\/div>\n<\/div><\/div><\/div><\/div>\n<\/div>","protected":false},"excerpt":{"rendered":"<div class=\"mh-excerpt\"><\/div>","protected":false},"author":1,"featured_media":7969,"parent":0,"menu_order":0,"comment_status":"closed","ping_status":"closed","template":"","meta":{"footnotes":""},"class_list":["post-7968","page","type-page","status-publish","has-post-thumbnail"],"aioseo_notices":[],"_links":{"self":[{"href":"https:\/\/maldives-paradise.com\/it\/wp-json\/wp\/v2\/pages\/7968","targetHints":{"allow":["GET"]}}],"collection":[{"href":"https:\/\/maldives-paradise.com\/it\/wp-json\/wp\/v2\/pages"}],"about":[{"href":"https:\/\/maldives-paradise.com\/it\/wp-json\/wp\/v2\/types\/page"}],"author":[{"embeddable":true,"href":"https:\/\/maldives-paradise.com\/it\/wp-json\/wp\/v2\/users\/1"}],"replies":[{"embeddable":true,"href":"https:\/\/maldives-paradise.com\/it\/wp-json\/wp\/v2\/comments?post=7968"}],"version-history":[{"count":6,"href":"https:\/\/maldives-paradise.com\/it\/wp-json\/wp\/v2\/pages\/7968\/revisions"}],"predecessor-version":[{"id":34297,"href":"https:\/\/maldives-paradise.com\/it\/wp-json\/wp\/v2\/pages\/7968\/revisions\/34297"}],"wp:featuredmedia":[{"embeddable":true,"href":"https:\/\/maldives-paradise.com\/it\/wp-json\/wp\/v2\/media\/7969"}],"wp:attachment":[{"href":"https:\/\/maldives-paradise.com\/it\/wp-json\/wp\/v2\/media?parent=7968"}],"curies":[{"name":"wp","href":"https:\/\/api.w.org\/{rel}","templated":true}]}}