{"id":24555,"date":"2024-09-12T18:04:35","date_gmt":"2024-09-12T18:04:35","guid":{"rendered":"https:\/\/maldives-paradise.com\/?page_id=24555"},"modified":"2025-02-22T09:17:56","modified_gmt":"2025-02-22T09:17:56","slug":"hotel-resort-a-5-stelle-alle-maldive-9","status":"publish","type":"page","link":"https:\/\/maldives-paradise.com\/it\/hotel-resort-a-5-stelle-alle-maldive-9\/","title":{"rendered":"Hotel e resort a 5 stelle alle Maldive 9"},"content":{"rendered":"<div class=\"wpb-content-wrapper\"><div class=\"vc_row wpb_row vc_row-fluid\"><div class=\"wpb_column vc_column_container vc_col-sm-12\"><div class=\"vc_column-inner\"><div class=\"wpb_wrapper\">\n\t<div class=\"wpb_text_column wpb_content_element\" >\n\t\t<div class=\"wpb_wrapper\">\n\t\t\t<h3>Una selezione di hotel e resort 5 stelle alle Maldive<\/h3>\n<p>Le Maldive sono rinomate per la loro <strong data-start=\"82\" data-end=\"121\">lussuosi hotel e resort a 5 stelle<\/strong>, offrendo impareggiabile <strong data-start=\"145\" data-end=\"191\">eleganza, riservatezza e servizio di prima classe<\/strong>Questi ritiri esclusivi sono caratterizzati <strong data-start=\"226\" data-end=\"316\">ville sull&#039;acqua, piscine a sfioro, ristoranti raffinati e servizi di maggiordomo privato<\/strong>Gli ospiti possono godere <strong data-start=\"335\" data-end=\"354\">Esperienze VIP<\/strong> ad esempio <strong data-start=\"363\" data-end=\"443\">trattamenti spa personalizzati, cene sott&#039;acqua ed escursioni private in yacht<\/strong>.<\/p>\n\n\t\t<\/div>\n\t<\/div>\n<\/div><\/div><\/div><\/div><div class=\"vc_row wpb_row vc_row-fluid\"><div class=\"wpb_column vc_column_container vc_col-sm-3\"><div class=\"vc_column-inner\"><div class=\"wpb_wrapper\">\n\t<div  class=\"wpb_single_image wpb_content_element vc_align_left wpb_content_element\">\n\t\t\n\t\t<figure class=\"wpb_wrapper vc_figure\">\n\t\t\t<a href=\"https:\/\/maldives-paradise.com\/it\/grande-parco-kodhipparu-maldive\/\" target=\"_self\" class=\"vc_single_image-wrapper   vc_box_border_grey\"><img loading=\"lazy\" decoding=\"async\" width=\"150\" height=\"150\" src=\"https:\/\/maldives-paradise.com\/wp-content\/uploads\/2024\/09\/grand-park-kodhipparu-150x150.jpg\" class=\"vc_single_image-img attachment-thumbnail\" alt=\"Grand Park Kodhipparu Maldive\" title=\"grande parco kodhipparu\" \/><\/a>\n\t\t<\/figure>\n\t<\/div>\n<\/div><\/div><\/div><div class=\"wpb_column vc_column_container vc_col-sm-9\"><div class=\"vc_column-inner\"><div class=\"wpb_wrapper\">\n\t<div class=\"wpb_text_column wpb_content_element\" >\n\t\t<div class=\"wpb_wrapper\">\n\t\t\t<h4><a href=\"https:\/\/maldives-paradise.com\/it\/grande-parco-kodhipparu-maldive\/\">Grande Parco Kodhipparu<\/a><\/h4>\n<p>Situato nello scenografico Atollo di Mal\u00e9 Nord, a soli 20 minuti di motoscafo dall&#039;Aeroporto Internazionale di Velana, il Grand Park Kodhipparu Maldives Resort offre un&#039;esperienza di lusso senza pari nel cuore dell&#039;Oceano Indiano. Circondato da acque turchesi incontaminate, spiagge di sabbia bianca e vibranti barriere coralline, questo resort pluripremiato \u00e8 un mix perfetto di relax, avventura e vita opulenta.<\/p>\n\n\t\t<\/div>\n\t<\/div>\n<\/div><\/div><\/div><\/div><div class=\"vc_row wpb_row vc_row-fluid\"><div class=\"wpb_column vc_column_container vc_col-sm-3\"><div class=\"vc_column-inner\"><div class=\"wpb_wrapper\">\n\t<div  class=\"wpb_single_image wpb_content_element vc_align_left wpb_content_element\">\n\t\t\n\t\t<figure class=\"wpb_wrapper vc_figure\">\n\t\t\t<a href=\"https:\/\/maldives-paradise.com\/it\/raaya-per-atmosfera\/\" target=\"_self\" class=\"vc_single_image-wrapper   vc_box_border_grey\"><img loading=\"lazy\" decoding=\"async\" width=\"150\" height=\"150\" src=\"https:\/\/maldives-paradise.com\/wp-content\/uploads\/2024\/09\/RAAYA-by-Atmosphere-150x150.jpg\" class=\"vc_single_image-img attachment-thumbnail\" alt=\"RAAYA di Atmosfera\" title=\"RAAYA-per-Atmosfera\" \/><\/a>\n\t\t<\/figure>\n\t<\/div>\n<\/div><\/div><\/div><div class=\"wpb_column vc_column_container vc_col-sm-9\"><div class=\"vc_column-inner\"><div class=\"wpb_wrapper\">\n\t<div class=\"wpb_text_column wpb_content_element\" >\n\t\t<div class=\"wpb_wrapper\">\n\t\t\t<h4><a href=\"https:\/\/maldives-paradise.com\/it\/raaya-per-atmosfera\/\">RAAYA di Atmosfera<\/a><\/h4>\n<p>RAAYA by Atmosphere, un esclusivo resort di lusso incastonato nel cuore delle Maldive, offre una straordinaria miscela di serenit\u00e0, opulenza ed esperienze uniche che soddisfano i viaggiatori pi\u00f9 esigenti. Questa destinazione di livello mondiale si distingue per il suo servizio impeccabile, gli splendidi dintorni naturali e i comfort all&#039;avanguardia.<\/p>\n\n\t\t<\/div>\n\t<\/div>\n<\/div><\/div><\/div><\/div><div class=\"vc_row wpb_row vc_row-fluid\"><div class=\"wpb_column vc_column_container vc_col-sm-3\"><div class=\"vc_column-inner\"><div class=\"wpb_wrapper\">\n\t<div  class=\"wpb_single_image wpb_content_element vc_align_left wpb_content_element\">\n\t\t\n\t\t<figure class=\"wpb_wrapper vc_figure\">\n\t\t\t<a href=\"https:\/\/maldives-paradise.com\/it\/varu-per-atmosfera\/\" target=\"_self\" class=\"vc_single_image-wrapper   vc_box_border_grey\"><img loading=\"lazy\" decoding=\"async\" width=\"150\" height=\"150\" src=\"https:\/\/maldives-paradise.com\/wp-content\/uploads\/2024\/04\/varu-by-atmophere2-150x150.jpg\" class=\"vc_single_image-img attachment-thumbnail\" alt=\"Varu per atmosfera\" title=\"varu-di-atmophere2\" \/><\/a>\n\t\t<\/figure>\n\t<\/div>\n<\/div><\/div><\/div><div class=\"wpb_column vc_column_container vc_col-sm-9\"><div class=\"vc_column-inner\"><div class=\"wpb_wrapper\">\n\t<div class=\"wpb_text_column wpb_content_element\" >\n\t\t<div class=\"wpb_wrapper\">\n\t\t\t<h4><a href=\"https:\/\/maldives-paradise.com\/it\/varu-per-atmosfera\/\">Varu per atmosfera<\/a><\/h4>\n<p>Situato nell&#039;idilliaco Atollo di Mal\u00e9 Nord, VARU by Atmosphere \u00e8 un resort di lusso alle Maldive che fonde la bellezza naturale con l&#039;eleganza contemporanea. Noto per le sue spiagge incontaminate, le acque cristalline e la vivace vita marina, VARU offre una fuga tropicale davvero indulgente. Che tu stia cercando romanticismo, divertimento in famiglia o sereno relax, le caratteristiche uniche del resort soddisfano ogni tipo di viaggiatore, rendendolo una delle migliori destinazioni di lusso alle Maldive.<\/p>\n\n\t\t<\/div>\n\t<\/div>\n<\/div><\/div><\/div><\/div><div class=\"vc_row wpb_row vc_row-fluid\"><div class=\"wpb_column vc_column_container vc_col-sm-3\"><div class=\"vc_column-inner\"><div class=\"wpb_wrapper\">\n\t<div  class=\"wpb_single_image wpb_content_element vc_align_left wpb_content_element\">\n\t\t\n\t\t<figure class=\"wpb_wrapper vc_figure\">\n\t\t\t<a href=\"https:\/\/maldives-paradise.com\/it\/oblu-seleziona-sangeli\/\" target=\"_self\" class=\"vc_single_image-wrapper   vc_box_border_grey\"><img loading=\"lazy\" decoding=\"async\" width=\"150\" height=\"150\" src=\"https:\/\/maldives-paradise.com\/wp-content\/uploads\/2024\/07\/oblu-select-sangeli-150x150.jpg\" class=\"vc_single_image-img attachment-thumbnail\" alt=\"OBLU SELEZIONA Sangeli\" title=\"oblu-select-sangeli\" \/><\/a>\n\t\t<\/figure>\n\t<\/div>\n<\/div><\/div><\/div><div class=\"wpb_column vc_column_container vc_col-sm-9\"><div class=\"vc_column-inner\"><div class=\"wpb_wrapper\">\n\t<div class=\"wpb_text_column wpb_content_element\" >\n\t\t<div class=\"wpb_wrapper\">\n\t\t\t<h4><a href=\"https:\/\/maldives-paradise.com\/it\/oblu-seleziona-sangeli\/\">OBLU SELEZIONA Sangeli<\/a><\/h4>\n<p>Situato nella pittoresca punta nord-occidentale dell&#039;atollo di Mal\u00e9, OBLU SELECT Sangeli by Atmosphere \u00e8 un resort all-inclusive di lusso che offre un mix unico di lusso, comfort e beatitudine tropicale. Noto per le sue spiagge incontaminate, le acque cristalline e la vivace vita marina, OBLU SELECT Sangeli \u00e8 una destinazione popolare per coppie in luna di miele, famiglie e amanti dell&#039;avventura. Ecco le principali caratteristiche che rendono questo resort un punto di riferimento alle Maldive.<\/p>\n\n\t\t<\/div>\n\t<\/div>\n<\/div><\/div><\/div><\/div><div class=\"vc_row wpb_row vc_row-fluid\"><div class=\"wpb_column vc_column_container vc_col-sm-3\"><div class=\"vc_column-inner\"><div class=\"wpb_wrapper\">\n\t<div  class=\"wpb_single_image wpb_content_element vc_align_left wpb_content_element\">\n\t\t\n\t\t<figure class=\"wpb_wrapper vc_figure\">\n\t\t\t<a href=\"https:\/\/maldives-paradise.com\/it\/oblu-seleziona-lobigili\/\" target=\"_self\" class=\"vc_single_image-wrapper   vc_box_border_grey\"><img loading=\"lazy\" decoding=\"async\" width=\"150\" height=\"150\" src=\"https:\/\/maldives-paradise.com\/wp-content\/uploads\/2024\/05\/oblu-select-lobigili-1-150x150.jpg\" class=\"vc_single_image-img attachment-thumbnail\" alt=\"OBLU SELEZIONA Lobigili\" title=\"oblu-select-lobigil-1\" \/><\/a>\n\t\t<\/figure>\n\t<\/div>\n<\/div><\/div><\/div><div class=\"wpb_column vc_column_container vc_col-sm-9\"><div class=\"vc_column-inner\"><div class=\"wpb_wrapper\">\n\t<div class=\"wpb_text_column wpb_content_element\" >\n\t\t<div class=\"wpb_wrapper\">\n\t\t\t<h4><a href=\"https:\/\/maldives-paradise.com\/it\/oblu-seleziona-lobigili\/\">OBLU SELEZIONA Lobigili<\/a><\/h4>\n<p>Immerso nelle splendide acque turchesi delle Maldive, OBLU SELECT Lobigili \u00e8 un resort all-inclusive di lusso che offre un&#039;indimenticabile fuga tropicale. Noto per la sua ambientazione romantica, il servizio eccezionale e i comfort lussuosi, questo esclusivo resort per soli adulti \u00e8 la destinazione perfetta per le coppie in cerca di un rifugio sereno e lussuoso. Ecco uno sguardo alle principali caratteristiche che rendono OBLU SELECT Lobigili uno dei resort pi\u00f9 esclusivi delle Maldive.<\/p>\n\n\t\t<\/div>\n\t<\/div>\n<\/div><\/div><\/div><\/div><div class=\"vc_row wpb_row vc_row-fluid\"><div class=\"wpb_column vc_column_container vc_col-sm-3\"><div class=\"vc_column-inner\"><div class=\"wpb_wrapper\">\n\t<div  class=\"wpb_single_image wpb_content_element vc_align_left wpb_content_element\">\n\t\t\n\t\t<figure class=\"wpb_wrapper vc_figure\">\n\t\t\t<a href=\"https:\/\/maldives-paradise.com\/it\/tu-mi-maldive\/\" target=\"_self\" class=\"vc_single_image-wrapper   vc_box_border_grey\"><img loading=\"lazy\" decoding=\"async\" width=\"150\" height=\"150\" src=\"https:\/\/maldives-paradise.com\/wp-content\/uploads\/2024\/06\/you-and-me-maldives-2-150x150.jpg\" class=\"vc_single_image-img attachment-thumbnail\" alt=\"Io e te Maldive\" title=\"tu-e-io-maldive-2\" \/><\/a>\n\t\t<\/figure>\n\t<\/div>\n<\/div><\/div><\/div><div class=\"wpb_column vc_column_container vc_col-sm-9\"><div class=\"vc_column-inner\"><div class=\"wpb_wrapper\">\n\t<div class=\"wpb_text_column wpb_content_element\" >\n\t\t<div class=\"wpb_wrapper\">\n\t\t\t<h4><a href=\"https:\/\/maldives-paradise.com\/it\/tu-mi-maldive\/\">Io e te Maldive<\/a><\/h4>\n<p>Il resort You &amp; Me Maldives \u00e8 un <strong>resort di lusso solo per adulti<\/strong> che offre la miscela perfetta di tranquillit\u00e0, romanticismo e opulenza. Progettato per coppie, sposi in luna di miele e coloro che cercano una fuga tranquilla, You &amp; Me Maldives offre un santuario appartato circondato da spiagge incontaminate e acque cristalline.<\/p>\n\n\t\t<\/div>\n\t<\/div>\n<\/div><\/div><\/div><\/div><div class=\"vc_row wpb_row vc_row-fluid\"><div class=\"wpb_column vc_column_container vc_col-sm-3\"><div class=\"vc_column-inner\"><div class=\"wpb_wrapper\">\n\t<div  class=\"wpb_single_image wpb_content_element vc_align_left wpb_content_element\">\n\t\t\n\t\t<figure class=\"wpb_wrapper vc_figure\">\n\t\t\t<a href=\"https:\/\/maldives-paradise.com\/it\/isola-resort-veligandu-maldive\/\" target=\"_self\" class=\"vc_single_image-wrapper   vc_box_border_grey\"><img loading=\"lazy\" decoding=\"async\" width=\"150\" height=\"150\" src=\"https:\/\/maldives-paradise.com\/wp-content\/uploads\/2024\/09\/Veligandu-Maldives-Resort-Island-150x150.jpg\" class=\"vc_single_image-img attachment-thumbnail\" alt=\"Veligandu Maldives Resort Isola\" title=\"Veligandu-Maldive-Resort-Isola\" \/><\/a>\n\t\t<\/figure>\n\t<\/div>\n<\/div><\/div><\/div><div class=\"wpb_column vc_column_container vc_col-sm-9\"><div class=\"vc_column-inner\"><div class=\"wpb_wrapper\">\n\t<div class=\"wpb_text_column wpb_content_element\" >\n\t\t<div class=\"wpb_wrapper\">\n\t\t\t<h4><a href=\"https:\/\/maldives-paradise.com\/it\/isola-resort-veligandu-maldive\/\">Veligandu Maldives Resort Isola<\/a><\/h4>\n<p>Veligandu Maldives Resort Island \u00e8 un rifugio di lusso che offre la perfetta combinazione di bellezza naturale, serenit\u00e0 e comfort di prima classe. Con le sue lagune cristalline, le splendide ville sull&#039;acqua e le esperienze esclusive, questo <strong>tutto incluso<\/strong> Il resort \u00e8 la destinazione ideale per coppie, coppie in luna di miele e viaggiatori in cerca di una lussuosa fuga alle Maldive.<\/p>\n\n\t\t<\/div>\n\t<\/div>\n<\/div><\/div><\/div><\/div><div class=\"vc_row wpb_row vc_row-fluid\"><div class=\"wpb_column vc_column_container vc_col-sm-3\"><div class=\"vc_column-inner\"><div class=\"wpb_wrapper\">\n\t<div  class=\"wpb_single_image wpb_content_element vc_align_left wpb_content_element\">\n\t\t\n\t\t<figure class=\"wpb_wrapper vc_figure\">\n\t\t\t<a href=\"https:\/\/maldives-paradise.com\/it\/resort-intercontinentale-maamunagau-alle-maldive\/\" target=\"_self\" class=\"vc_single_image-wrapper   vc_box_border_grey\"><img loading=\"lazy\" decoding=\"async\" width=\"150\" height=\"150\" src=\"https:\/\/maldives-paradise.com\/wp-content\/uploads\/2024\/09\/Intercontinental-Maldives-150x150.jpg\" class=\"vc_single_image-img attachment-thumbnail\" alt=\"Resort InterContinental Maldive Maamunagau\" title=\"Intercontinentale-Maldive\" \/><\/a>\n\t\t<\/figure>\n\t<\/div>\n<\/div><\/div><\/div><div class=\"wpb_column vc_column_container vc_col-sm-9\"><div class=\"vc_column-inner\"><div class=\"wpb_wrapper\">\n\t<div class=\"wpb_text_column wpb_content_element\" >\n\t\t<div class=\"wpb_wrapper\">\n\t\t\t<h4><a href=\"https:\/\/maldives-paradise.com\/it\/resort-intercontinentale-maamunagau-alle-maldive\/\">Maldive intercontinentali<\/a><\/h4>\n<p>InterContinental Maldives Maamunagau Resort \u00e8 un lussuoso rifugio che offre un&#039;esperienza senza pari alle Maldive. Noto per le sue splendide ville sull&#039;acqua, la ristorazione di prima classe e i servizi incentrati sul benessere, questo resort \u00e8 l&#039;epitome del lusso tropicale. Che tu stia cercando una fuga romantica o una vacanza in famiglia, InterContinental Maldives Maamunagau Resort offre un ambiente idilliaco con servizi di alto livello e caratteristiche uniche.<\/p>\n\n\t\t<\/div>\n\t<\/div>\n<\/div><\/div><\/div><\/div><div class=\"vc_row wpb_row vc_row-fluid\"><div class=\"wpb_column vc_column_container vc_col-sm-3\"><div class=\"vc_column-inner\"><div class=\"wpb_wrapper\">\n\t<div  class=\"wpb_single_image wpb_content_element vc_align_left wpb_content_element\">\n\t\t\n\t\t<figure class=\"wpb_wrapper vc_figure\">\n\t\t\t<a href=\"https:\/\/maldives-paradise.com\/it\/sun-siyam-iru-veli\/\" target=\"_self\" class=\"vc_single_image-wrapper   vc_box_border_grey\"><img loading=\"lazy\" decoding=\"async\" width=\"150\" height=\"150\" src=\"https:\/\/maldives-paradise.com\/wp-content\/uploads\/2024\/09\/Sun-Siyam-Iru-Veli-overwater-villa-150x150.jpg\" class=\"vc_single_image-img attachment-thumbnail\" alt=\"Sun Siyam Iru Veli\" title=\"Sun-Siyam-Iru-Veli-villa sull&#039;acqua\" \/><\/a>\n\t\t<\/figure>\n\t<\/div>\n<\/div><\/div><\/div><div class=\"wpb_column vc_column_container vc_col-sm-9\"><div class=\"vc_column-inner\"><div class=\"wpb_wrapper\">\n\t<div class=\"wpb_text_column wpb_content_element\" >\n\t\t<div class=\"wpb_wrapper\">\n\t\t\t<h4><a href=\"https:\/\/maldives-paradise.com\/it\/sun-siyam-iru-veli\/\">Sun Siyam Iru Veli<\/a><\/h4>\n<p>Situato nel pittoresco Atollo di South Nilandhe, il Sun Siyam Iru Veli \u00e8 un resort di lusso a 5 stelle alle Maldive che offre una combinazione perfetta di serenit\u00e0, avventura e comfort di prima classe. Noto per le sue ampie ville sull&#039;acqua, le piscine private e i pacchetti all-inclusive, il resort soddisfa sia le coppie che le famiglie in cerca di una lussuosa fuga tropicale. Ecco una panoramica delle principali caratteristiche che rendono il Sun Siyam Iru Veli una delle principali destinazioni di lusso alle Maldive.<\/p>\n\n\t\t<\/div>\n\t<\/div>\n<\/div><\/div><\/div><\/div><div class=\"vc_row wpb_row vc_row-fluid\"><div class=\"wpb_column vc_column_container vc_col-sm-3\"><div class=\"vc_column-inner\"><div class=\"wpb_wrapper\">\n\t<div  class=\"wpb_single_image wpb_content_element vc_align_left wpb_content_element\">\n\t\t\n\t\t<figure class=\"wpb_wrapper vc_figure\">\n\t\t\t<a href=\"https:\/\/maldives-paradise.com\/it\/dhawa-ihuru\/\" target=\"_self\" class=\"vc_single_image-wrapper   vc_box_border_grey\"><img loading=\"lazy\" decoding=\"async\" width=\"150\" height=\"150\" src=\"https:\/\/maldives-paradise.com\/wp-content\/uploads\/2024\/09\/Dhawa-Ihuru-150x150.jpg\" class=\"vc_single_image-img attachment-thumbnail\" alt=\"Dhawa Ihuru\" title=\"Dhawa-Ihuru\" \/><\/a>\n\t\t<\/figure>\n\t<\/div>\n<\/div><\/div><\/div><div class=\"wpb_column vc_column_container vc_col-sm-9\"><div class=\"vc_column-inner\"><div class=\"wpb_wrapper\">\n\t<div class=\"wpb_text_column wpb_content_element\" >\n\t\t<div class=\"wpb_wrapper\">\n\t\t\t<h4><a href=\"https:\/\/maldives-paradise.com\/it\/dhawa-ihuru\/\">Dhawa Ihuru<\/a><\/h4>\n<p>Dhawa Ihuru \u00e8 un resort di lusso alle Maldive che offre un&#039;idilliaca fuga tropicale con un forte impegno per la sostenibilit\u00e0. Noto per le sue spiagge incontaminate, le acque cristalline e le pratiche eco-compatibili, Dhawa Ihuru \u00e8 un paradiso per gli amanti della natura e i viaggiatori che cercano sia relax che avventura. Questo resort di sole ville, con accesso diretto a una delle barriere coralline pi\u00f9 famose delle Maldive, offre un&#039;esperienza immersiva che fonde lusso e consapevolezza ambientale.<\/p>\n\n\t\t<\/div>\n\t<\/div>\n<\/div><\/div><\/div><\/div><div class=\"vc_row wpb_row vc_row-fluid\"><div class=\"wpb_column vc_column_container vc_col-sm-3\"><div class=\"vc_column-inner\"><div class=\"wpb_wrapper\">\n\t<div  class=\"wpb_single_image wpb_content_element vc_align_left wpb_content_element\">\n\t\t\n\t\t<figure class=\"wpb_wrapper vc_figure\">\n\t\t\t<a href=\"https:\/\/maldives-paradise.com\/it\/jw-marriott-maldive-resort-spa\/\" target=\"_self\" class=\"vc_single_image-wrapper   vc_box_border_grey\"><img loading=\"lazy\" decoding=\"async\" width=\"150\" height=\"150\" src=\"https:\/\/maldives-paradise.com\/wp-content\/uploads\/2024\/09\/JW-Marriott-Maldives-Resort-Spa-150x150.jpg\" class=\"vc_single_image-img attachment-thumbnail\" alt=\"JW Marriott Maldive Resort &amp; Spa\" title=\"JW Marriott Maldive Resort Spa\" \/><\/a>\n\t\t<\/figure>\n\t<\/div>\n<\/div><\/div><\/div><div class=\"wpb_column vc_column_container vc_col-sm-9\"><div class=\"vc_column-inner\"><div class=\"wpb_wrapper\">\n\t<div class=\"wpb_text_column wpb_content_element\" >\n\t\t<div class=\"wpb_wrapper\">\n\t\t\t<h4><a href=\"https:\/\/maldives-paradise.com\/it\/jw-marriott-maldive-resort-spa\/\">JW Marriott Maldive Resort &amp; Spa<\/a><\/h4>\n<p>Situato sull&#039;isola incontaminata di Vagaru nell&#039;atollo di Shaviyani, il JW Marriott Maldives Resort &amp; Spa \u00e8 un resort di lusso a 5 stelle che offre una squisita combinazione di bellezza naturale, design contemporaneo e servizio ineguagliabile. Noto per le sue ville sull&#039;acqua, la ristorazione di prima classe e le esperienze personalizzate, il JW Marriott Maldives \u00e8 una destinazione ideale per coppie in luna di miele, famiglie e amanti del lusso.<\/p>\n\n\t\t<\/div>\n\t<\/div>\n<\/div><\/div><\/div><\/div><div class=\"vc_row wpb_row vc_row-fluid\"><div class=\"wpb_column vc_column_container vc_col-sm-3\"><div class=\"vc_column-inner\"><div class=\"wpb_wrapper\">\n\t<div  class=\"wpb_single_image wpb_content_element vc_align_left wpb_content_element\">\n\t\t\n\t\t<figure class=\"wpb_wrapper vc_figure\">\n\t\t\t<a href=\"https:\/\/maldives-paradise.com\/it\/resort-dellisola-di-dhigufaru\/\" target=\"_self\" class=\"vc_single_image-wrapper   vc_box_border_grey\"><img loading=\"lazy\" decoding=\"async\" width=\"150\" height=\"150\" src=\"https:\/\/maldives-paradise.com\/wp-content\/uploads\/2024\/09\/Dhigufaru-Island-Resort-150x150.jpg\" class=\"vc_single_image-img attachment-thumbnail\" alt=\"Resort dell&#039;isola di Dhigufaru\" title=\"Resort dell&#039;isola di Dhigufaru\" \/><\/a>\n\t\t<\/figure>\n\t<\/div>\n<\/div><\/div><\/div><div class=\"wpb_column vc_column_container vc_col-sm-9\"><div class=\"vc_column-inner\"><div class=\"wpb_wrapper\">\n\t<div class=\"wpb_text_column wpb_content_element\" >\n\t\t<div class=\"wpb_wrapper\">\n\t\t\t<h4><a href=\"https:\/\/maldives-paradise.com\/it\/resort-dellisola-di-dhigufaru\/\">Resort dell&#039;isola di Dhigufaru<\/a><\/h4>\n<p>Le Maldive sono rinomate per le loro spiagge incontaminate, le acque cristalline e i resort di lusso, e il Dhigufaru Island Resort \u00e8 un esempio lampante di questo paradiso tropicale. Immerso nella riserva protetta della biosfera UNESCO di Baa Atoll, il Dhigufaru offre un mix unico di bellezza naturale, servizi di prima classe e privacy senza pari. Per coloro che cercano una fuga indulgente, ecco le principali caratteristiche che rendono questo resort una scelta eccezionale.<\/p>\n\n\t\t<\/div>\n\t<\/div>\n<\/div><\/div><\/div><\/div><div class=\"vc_row wpb_row vc_row-fluid\"><div class=\"wpb_column vc_column_container vc_col-sm-12\"><div class=\"vc_column-inner\"><div class=\"wpb_wrapper\">\n\t<div class=\"wpb_text_column wpb_content_element\" >\n\t\t<div class=\"wpb_wrapper\">\n\t\t\t<h3>Hotel e resort a 5 stelle alle Maldive <a href=\"http:\/\/maldives-paradise.com\/it\/?page_id=4124\">Pagina 1<\/a> \u00a0<a href=\"http:\/\/maldives-paradise.com\/it\/?page_id=7968\">Pagina 2<\/a> \u00a0 <a href=\"http:\/\/maldives-paradise.com\/it\/?page_id=7996\">Pagina 3<\/a>\u00a0 <a href=\"http:\/\/maldives-paradise.com\/it\/?page_id=8053\">Pagina 4<\/a>\u00a0 <a href=\"http:\/\/maldives-paradise.com\/it\/?page_id=8128\">Pagina 5<\/a> \u00a0 <a href=\"http:\/\/maldives-paradise.com\/it\/?page_id=8170\">Pagina 6<\/a>\u00a0\u00a0 <a href=\"http:\/\/maldives-paradise.com\/it\/?page_id=8384\">Pagina 7<\/a> \u00a0<a href=\"https:\/\/maldives-paradise.com\/it\/resort-hotel-5-stelle-alle-maldive-8\/\">Pagina 8<\/a><\/h3>\n\n\t\t<\/div>\n\t<\/div>\n<\/div><\/div><\/div><\/div>\n<\/div>","protected":false},"excerpt":{"rendered":"<div class=\"mh-excerpt\"><\/div>","protected":false},"author":1,"featured_media":24551,"parent":0,"menu_order":0,"comment_status":"closed","ping_status":"closed","template":"","meta":{"footnotes":""},"class_list":["post-24555","page","type-page","status-publish","has-post-thumbnail"],"aioseo_notices":[],"_links":{"self":[{"href":"https:\/\/maldives-paradise.com\/it\/wp-json\/wp\/v2\/pages\/24555","targetHints":{"allow":["GET"]}}],"collection":[{"href":"https:\/\/maldives-paradise.com\/it\/wp-json\/wp\/v2\/pages"}],"about":[{"href":"https:\/\/maldives-paradise.com\/it\/wp-json\/wp\/v2\/types\/page"}],"author":[{"embeddable":true,"href":"https:\/\/maldives-paradise.com\/it\/wp-json\/wp\/v2\/users\/1"}],"replies":[{"embeddable":true,"href":"https:\/\/maldives-paradise.com\/it\/wp-json\/wp\/v2\/comments?post=24555"}],"version-history":[{"count":6,"href":"https:\/\/maldives-paradise.com\/it\/wp-json\/wp\/v2\/pages\/24555\/revisions"}],"predecessor-version":[{"id":34304,"href":"https:\/\/maldives-paradise.com\/it\/wp-json\/wp\/v2\/pages\/24555\/revisions\/34304"}],"wp:featuredmedia":[{"embeddable":true,"href":"https:\/\/maldives-paradise.com\/it\/wp-json\/wp\/v2\/media\/24551"}],"wp:attachment":[{"href":"https:\/\/maldives-paradise.com\/it\/wp-json\/wp\/v2\/media?parent=24555"}],"curies":[{"name":"wp","href":"https:\/\/api.w.org\/{rel}","templated":true}]}}