{"id":19376,"date":"2024-07-17T13:12:00","date_gmt":"2024-07-17T13:12:00","guid":{"rendered":"http:\/\/maldives-paradise.com\/?page_id=19376"},"modified":"2025-11-26T09:29:09","modified_gmt":"2025-11-26T09:29:09","slug":"i-12-migliori-resort-multi-isola-alle-maldive","status":"publish","type":"page","link":"https:\/\/maldives-paradise.com\/it\/i-12-migliori-resort-multi-isola-alle-maldive\/","title":{"rendered":"I migliori resort multi-isola delle Maldive"},"content":{"rendered":"<div class=\"wpb-content-wrapper\"><div class=\"vc_row wpb_row vc_row-fluid\"><div class=\"wpb_column vc_column_container vc_col-sm-12\"><div class=\"vc_column-inner\"><div class=\"wpb_wrapper\">\n\t<div class=\"wpb_text_column wpb_content_element\" >\n\t\t<div class=\"wpb_wrapper\">\n\t\t\t<p><strong>Esplorando i migliori resort multi-isola delle Maldive<\/strong><\/p>\n<p>Le Maldive, un paradiso tropicale noto per le sue spiagge incontaminate, le acque cristalline e i resort di lusso, offrono alcune delle pi\u00f9 squisite esperienze multi-isola. Questi resort offrono una miscela unica di solitudine e avventura, consentendo agli ospiti di esplorare pi\u00f9 isole godendo di servizi di prima classe. Qui esploriamo alcuni dei migliori resort multi-isola delle Maldive, ognuno dei quali offre una fetta di paradiso unica.<\/p>\n\n\t\t<\/div>\n\t<\/div>\n<\/div><\/div><\/div><\/div><div class=\"vc_row wpb_row vc_row-fluid\"><div class=\"wpb_column vc_column_container vc_col-sm-3\"><div class=\"vc_column-inner\"><div class=\"wpb_wrapper\">\n\t<div  class=\"wpb_single_image wpb_content_element vc_align_left wpb_content_element\">\n\t\t\n\t\t<figure class=\"wpb_wrapper vc_figure\">\n\t\t\t<div class=\"vc_single_image-wrapper   vc_box_border_grey\"><img loading=\"lazy\" decoding=\"async\" width=\"150\" height=\"150\" src=\"https:\/\/maldives-paradise.com\/wp-content\/uploads\/2024\/07\/niyama_private_islands_maldives-150x150.jpg\" class=\"vc_single_image-img attachment-thumbnail\" alt=\"Niyama Isole Private Maldive\" title=\"niyama_private_islands_maldives\" \/><\/div>\n\t\t<\/figure>\n\t<\/div>\n<\/div><\/div><\/div><div class=\"wpb_column vc_column_container vc_col-sm-9\"><div class=\"vc_column-inner\"><div class=\"wpb_wrapper\">\n\t<div class=\"wpb_text_column wpb_content_element\" >\n\t\t<div class=\"wpb_wrapper\">\n\t\t\t<h4><a href=\"https:\/\/lamp.glopss.com\/SHUv\" target=\"_blank\" rel=\"nofollow noopener\">Niyama Isole Private Maldive<\/a><\/h4>\n<p>Niyama Private Islands Maldives si distingue per le sue isole gemelle, Play e Chill, che offrono esperienze distinte. Il gioco \u00e8 l&#039;ideale per l&#039;avventura e il divertimento in famiglia, con emozionanti sport acquatici, cene nella casa sull&#039;albero e un miniclub. Chill, d&#039;altro canto, offre un sereno relax con la sua spa sull&#039;acqua, la cucina raffinata e la discoteca sottomarina, Subsix. Le versatili offerte del resort assicurano che sia gli amanti dell&#039;adrenalina che coloro che desiderano rilassarsi siano ben soddisfatti.<\/p>\n\n\t\t<\/div>\n\t<\/div>\n<\/div><\/div><\/div><\/div><div class=\"vc_row wpb_row vc_row-fluid\"><div class=\"wpb_column vc_column_container vc_col-sm-3\"><div class=\"vc_column-inner\"><div class=\"wpb_wrapper\">\n\t<div  class=\"wpb_single_image wpb_content_element vc_align_left wpb_content_element\">\n\t\t\n\t\t<figure class=\"wpb_wrapper vc_figure\">\n\t\t\t<div class=\"vc_single_image-wrapper   vc_box_border_grey\"><img loading=\"lazy\" decoding=\"async\" width=\"150\" height=\"150\" src=\"https:\/\/maldives-paradise.com\/wp-content\/uploads\/2024\/07\/hard-rock-hotel-maldives-150x150.jpg\" class=\"vc_single_image-img attachment-thumbnail\" alt=\"\" title=\"hard-rock-hotel-maldive\" \/><\/div>\n\t\t<\/figure>\n\t<\/div>\n<\/div><\/div><\/div><div class=\"wpb_column vc_column_container vc_col-sm-9\"><div class=\"vc_column-inner\"><div class=\"wpb_wrapper\">\n\t<div class=\"wpb_text_column wpb_content_element\" >\n\t\t<div class=\"wpb_wrapper\">\n\t\t\t<h4><a href=\"https:\/\/lamp.glopss.com\/SHUU\" target=\"_blank\" rel=\"nofollow noopener\">Hard Rock Hotel Maldive<\/a><\/h4>\n<p>Parte del complesso CROSSROADS Maldives, l&#039;Hard Rock Hotel Maldives offre un&#039;atmosfera energica con servizi a tema musicale. Gli ospiti possono spostarsi tra l&#039;Hard Rock Hotel e le sue propriet\u00e0 gemellate all&#039;interno del resort integrato. L&#039;hotel dispone di un esclusivo Hard Rock Caf\u00e9, una piscina a sfioro e una Rock Spa, il tutto accompagnato da vivace musica dal vivo e intrattenimento. La sua vicinanza alla Marina @ CROSSROADS aggiunge al mix esperienze di shopping, ristorazione ed esperienze culturali.<\/p>\n\n\t\t<\/div>\n\t<\/div>\n<\/div><\/div><\/div><\/div><div class=\"vc_row wpb_row vc_row-fluid\"><div class=\"wpb_column vc_column_container vc_col-sm-3\"><div class=\"vc_column-inner\"><div class=\"wpb_wrapper\">\n\t<div  class=\"wpb_single_image wpb_content_element vc_align_left wpb_content_element\">\n\t\t\n\t\t<figure class=\"wpb_wrapper vc_figure\">\n\t\t\t<div class=\"vc_single_image-wrapper   vc_box_border_grey\"><img loading=\"lazy\" decoding=\"async\" width=\"150\" height=\"150\" src=\"https:\/\/maldives-paradise.com\/wp-content\/uploads\/2024\/07\/SAii-Lagoon-Maldives-150x150.jpg\" class=\"vc_single_image-img attachment-thumbnail\" alt=\"SAii Laguna Maldive\" title=\"SAii-Lagoon-Maldives\" \/><\/div>\n\t\t<\/figure>\n\t<\/div>\n<\/div><\/div><\/div><div class=\"wpb_column vc_column_container vc_col-sm-9\"><div class=\"vc_column-inner\"><div class=\"wpb_wrapper\">\n\t<div class=\"wpb_text_column wpb_content_element\" >\n\t\t<div class=\"wpb_wrapper\">\n\t\t\t<h4><a href=\"https:\/\/lamp.glopss.com\/SHUA\" target=\"_blank\" rel=\"nofollow noopener\">SAii Laguna Maldive<\/a><\/h4>\n<p>Situato anch&#039;esso all&#039;interno del CROSSROADS Maldives, SAii Lagoon Maldives \u00e8 noto per la sua atmosfera rilassata e i servizi personalizzati. Questo resort offre un facile accesso alla Marina, dove gli ospiti possono dedicarsi a varie attivit\u00e0 culinarie e ricreative. Le spaziose ville e suite, progettate con un&#039;estetica tropical chic, lo rendono una scelta perfetta sia per famiglie che per coppie che cercano un rifugio rilassato ma lussuoso.<\/p>\n\n\t\t<\/div>\n\t<\/div>\n<\/div><\/div><\/div><\/div><div class=\"vc_row wpb_row vc_row-fluid\"><div class=\"wpb_column vc_column_container vc_col-sm-3\"><div class=\"vc_column-inner\"><div class=\"wpb_wrapper\">\n\t<div  class=\"wpb_single_image wpb_content_element vc_align_left wpb_content_element\">\n\t\t\n\t\t<figure class=\"wpb_wrapper vc_figure\">\n\t\t\t<div class=\"vc_single_image-wrapper   vc_box_border_grey\"><img loading=\"lazy\" decoding=\"async\" width=\"150\" height=\"150\" src=\"https:\/\/maldives-paradise.com\/wp-content\/uploads\/2024\/07\/waldorf-astoria-maldives-ithaafushi-150x150.jpg\" class=\"vc_single_image-img attachment-thumbnail\" alt=\"\" title=\"waldorf-astoria-maldives-ithaafushi\" \/><\/div>\n\t\t<\/figure>\n\t<\/div>\n<\/div><\/div><\/div><div class=\"wpb_column vc_column_container vc_col-sm-9\"><div class=\"vc_column-inner\"><div class=\"wpb_wrapper\">\n\t<div class=\"wpb_text_column wpb_content_element\" >\n\t\t<div class=\"wpb_wrapper\">\n\t\t\t<h4><a href=\"https:\/\/trip.tpo.lv\/WFVsZItJ\" target=\"_blank\" rel=\"nofollow noopener\">Waldorf Astoria Maldive Ithaafushi<\/a><\/h4>\n<p>Waldorf Astoria Maldives Ithaafushi si estende su tre isole private, offrendo lusso e privacy senza pari. Il resort vanta 119 ville, ognuna con piscina privata e splendida vista sull&#039;oceano. Gli ospiti possono esplorare una vasta gamma di opzioni per la ristorazione in 11 luoghi unici, concedersi esperienze di benessere su misura e praticare una vasta gamma di sport acquatici. Lo yacht privato del resort e i servizi concierge personalizzati assicurano un soggiorno esclusivo e memorabile.<\/p>\n\n\t\t<\/div>\n\t<\/div>\n<\/div><\/div><\/div><\/div><div class=\"vc_row wpb_row vc_row-fluid\"><div class=\"wpb_column vc_column_container vc_col-sm-3\"><div class=\"vc_column-inner\"><div class=\"wpb_wrapper\">\n\t<div  class=\"wpb_single_image wpb_content_element vc_align_left wpb_content_element\">\n\t\t\n\t\t<figure class=\"wpb_wrapper vc_figure\">\n\t\t\t<div class=\"vc_single_image-wrapper   vc_box_border_grey\"><img loading=\"lazy\" decoding=\"async\" width=\"150\" height=\"150\" src=\"https:\/\/maldives-paradise.com\/wp-content\/uploads\/2024\/07\/ritz-carlton-maldives-150x150.jpg\" class=\"vc_single_image-img attachment-thumbnail\" alt=\"Il Ritz-Carlton Maldive, Isole Fari\" title=\"ritz-carlton-maldives\" \/><\/div>\n\t\t<\/figure>\n\t<\/div>\n<\/div><\/div><\/div><div class=\"wpb_column vc_column_container vc_col-sm-9\"><div class=\"vc_column-inner\"><div class=\"wpb_wrapper\">\n\t<div class=\"wpb_text_column wpb_content_element\" >\n\t\t<div class=\"wpb_wrapper\">\n\t\t\t<h4><a href=\"https:\/\/trip.tpo.lv\/csokQr2l\" target=\"_blank\" rel=\"nofollow noopener\">Il Ritz-Carlton Maldive, Isole Fari<\/a><\/h4>\n<p>Immerso nelle Isole Fari, il Ritz-Carlton Maldives offre una miscela di lusso moderno e cultura tradizionale maldiviana. Il resort dispone di ville dal design elegante, un miniclub dedicato e una variet\u00e0 di opzioni per la ristorazione. Gli ospiti possono esplorare il Fari Marina Village, che comprende boutique di lusso, ristoranti e uno studio d&#039;arte. L&#039;attenzione del resort alla sostenibilit\u00e0 e al benessere si aggiunge al suo fascino, rendendolo un paradiso per i viaggiatori consapevoli.<\/p>\n\n\t\t<\/div>\n\t<\/div>\n<\/div><\/div><\/div><\/div><div class=\"vc_row wpb_row vc_row-fluid\"><div class=\"wpb_column vc_column_container vc_col-sm-3\"><div class=\"vc_column-inner\"><div class=\"wpb_wrapper\">\n\t<div  class=\"wpb_single_image wpb_content_element vc_align_left wpb_content_element\">\n\t\t\n\t\t<figure class=\"wpb_wrapper vc_figure\">\n\t\t\t<div class=\"vc_single_image-wrapper   vc_box_border_grey\"><img loading=\"lazy\" decoding=\"async\" width=\"150\" height=\"150\" src=\"https:\/\/maldives-paradise.com\/wp-content\/uploads\/2024\/07\/conrad-maldives-rangali-island2-150x150.jpg\" class=\"vc_single_image-img attachment-thumbnail\" alt=\"Conrad Maldive Isola di Rangali\" title=\"conrad-maldives-rangali-island2\" \/><\/div>\n\t\t<\/figure>\n\t<\/div>\n<\/div><\/div><\/div><div class=\"wpb_column vc_column_container vc_col-sm-9\"><div class=\"vc_column-inner\"><div class=\"wpb_wrapper\">\n\t<div class=\"wpb_text_column wpb_content_element\" >\n\t\t<div class=\"wpb_wrapper\">\n\t\t\t<h4><a href=\"https:\/\/trip.tpo.lv\/6j29svud\" target=\"_blank\" rel=\"nofollow noopener\">Conrad Maldive Isola di Rangali<\/a><\/h4>\n<p>Famosa per la sua pionieristica residenza sottomarina, The Muraka, Conrad Maldives Rangali Island offre un concetto unico di due isole collegate da un ponte. Gli ospiti possono godere di diverse esperienze culinarie, incluso il primo ristorante sottomarino al mondo, Ithaa. L&#039;ampia gamma di attivit\u00e0 del resort, dallo snorkeling con gli squali balena ai trattamenti termali rigeneranti, garantisce un&#039;esperienza maldiviana completa.<\/p>\n\n\t\t<\/div>\n\t<\/div>\n<\/div><\/div><\/div><\/div><div class=\"vc_row wpb_row vc_row-fluid\"><div class=\"wpb_column vc_column_container vc_col-sm-3\"><div class=\"vc_column-inner\"><div class=\"wpb_wrapper\">\n\t<div  class=\"wpb_single_image wpb_content_element vc_align_left wpb_content_element\">\n\t\t\n\t\t<figure class=\"wpb_wrapper vc_figure\">\n\t\t\t<div class=\"vc_single_image-wrapper   vc_box_border_grey\"><img loading=\"lazy\" decoding=\"async\" width=\"150\" height=\"150\" src=\"https:\/\/maldives-paradise.com\/wp-content\/uploads\/2024\/07\/anantara-dhigu-maldives-resort-1-150x150.jpg\" class=\"vc_single_image-img attachment-thumbnail\" alt=\"Anantara Dhigu Resort alle Maldive\" title=\"anantara-dhigu-maldives-resort\" \/><\/div>\n\t\t<\/figure>\n\t<\/div>\n<\/div><\/div><\/div><div class=\"wpb_column vc_column_container vc_col-sm-9\"><div class=\"vc_column-inner\"><div class=\"wpb_wrapper\">\n\t<div class=\"wpb_text_column wpb_content_element\" >\n\t\t<div class=\"wpb_wrapper\">\n\t\t\t<h4><a href=\"https:\/\/lamp.glopss.com\/SHUr\" target=\"_blank\" rel=\"nofollow noopener\">Anantara Dhigu Maldive Resort e Anantara Veli Maldive Resort<\/a><\/h4>\n<p>Questi resort gemelli sono perfetti sia per famiglie che per coppie. Anantara Dhigu offre ville spaziose, una variet\u00e0 di sport acquatici e un&#039;atmosfera familiare. Anantara Veli, un resort per soli adulti, offre un ambiente tranquillo con bungalow sull&#039;acqua ed esperienze culinarie romantiche. Gli ospiti possono facilmente spostarsi tra i due resort per godersi il meglio di entrambi i mondi, che si tratti di relax o avventura.<\/p>\n\n\t\t<\/div>\n\t<\/div>\n<\/div><\/div><\/div><\/div><div class=\"vc_row wpb_row vc_row-fluid\"><div class=\"wpb_column vc_column_container vc_col-sm-3\"><div class=\"vc_column-inner\"><div class=\"wpb_wrapper\">\n\t<div  class=\"wpb_single_image wpb_content_element vc_align_left wpb_content_element\">\n\t\t\n\t\t<figure class=\"wpb_wrapper vc_figure\">\n\t\t\t<div class=\"vc_single_image-wrapper   vc_box_border_grey\"><img loading=\"lazy\" decoding=\"async\" width=\"150\" height=\"150\" src=\"https:\/\/maldives-paradise.com\/wp-content\/uploads\/2024\/07\/jawakara-islands-maldives-150x150.jpg\" class=\"vc_single_image-img attachment-thumbnail\" alt=\"Isole Jawakara Maldive, un resort multi-isola\" title=\"jawakara-islands-maldives\" \/><\/div>\n\t\t<\/figure>\n\t<\/div>\n<\/div><\/div><\/div><div class=\"wpb_column vc_column_container vc_col-sm-9\"><div class=\"vc_column-inner\"><div class=\"wpb_wrapper\">\n\t<div class=\"wpb_text_column wpb_content_element\" >\n\t\t<div class=\"wpb_wrapper\">\n\t\t\t<h4><a href=\"https:\/\/lamp.glopss.com\/SHUj\" target=\"_blank\" rel=\"nofollow noopener\">Isole Jawakara Maldive<\/a><\/h4>\n<p>Una nuova aggiunta alla scena dei resort di lusso maldiviani, Jawakara Islands Maldives offre un concetto di pi\u00f9 isole che enfatizza la privacy e la bellezza naturale. Il resort dispone di ville spaziose, spiagge incontaminate e una variet\u00e0 di punti ristoro. La sua attenzione al turismo sostenibile e alle pratiche ecocompatibili lo rende una scelta attraente per i viaggiatori attenti all&#039;ambiente.<\/p>\n\n\t\t<\/div>\n\t<\/div>\n<\/div><\/div><\/div><\/div><div class=\"vc_row wpb_row vc_row-fluid\"><div class=\"wpb_column vc_column_container vc_col-sm-3\"><div class=\"vc_column-inner\"><div class=\"wpb_wrapper\">\n\t<div  class=\"wpb_single_image wpb_content_element vc_align_left wpb_content_element\">\n\t\t\n\t\t<figure class=\"wpb_wrapper vc_figure\">\n\t\t\t<div class=\"vc_single_image-wrapper   vc_box_border_grey\"><img loading=\"lazy\" decoding=\"async\" width=\"150\" height=\"150\" src=\"https:\/\/maldives-paradise.com\/wp-content\/uploads\/2024\/07\/sun-siyam-olhuveli-150x150.jpg\" class=\"vc_single_image-img attachment-thumbnail\" alt=\"Sun Siyam Olhuveli, un resort multi-isola delle Maldive\" title=\"sun-siyam-olhuveli\" \/><\/div>\n\t\t<\/figure>\n\t<\/div>\n<\/div><\/div><\/div><div class=\"wpb_column vc_column_container vc_col-sm-9\"><div class=\"vc_column-inner\"><div class=\"wpb_wrapper\">\n\t<div class=\"wpb_text_column wpb_content_element\" >\n\t\t<div class=\"wpb_wrapper\">\n\t\t\t<h4><a href=\"https:\/\/lamp.glopss.com\/SHUo\" target=\"_blank\" rel=\"nofollow noopener\">Sun Siyam Olhuveli<\/a><\/h4>\n<p>Sun Siyam Olhuveli offre un&#039;esperienza su pi\u00f9 isole con particolare attenzione alle attivit\u00e0 per famiglie e al benessere. Il resort offre una vasta gamma di sistemazioni, dalle ville sulla spiaggia alle suite sull&#039;acqua. Gli ospiti possono usufruire di una variet\u00e0 di opzioni per la ristorazione, attivit\u00e0 ricreative e trattamenti termali nelle isole interconnesse. La sua vivace barriera corallina e i punti di immersione ne fanno uno dei preferiti tra gli appassionati di subacquea.<\/p>\n\n\t\t<\/div>\n\t<\/div>\n<\/div><\/div><\/div><\/div><div class=\"vc_row wpb_row vc_row-fluid\"><div class=\"wpb_column vc_column_container vc_col-sm-3\"><div class=\"vc_column-inner\"><div class=\"wpb_wrapper\">\n\t<div  class=\"wpb_single_image wpb_content_element vc_align_left wpb_content_element\">\n\t\t\n\t\t<figure class=\"wpb_wrapper vc_figure\">\n\t\t\t<div class=\"vc_single_image-wrapper   vc_box_border_grey\"><img loading=\"lazy\" decoding=\"async\" width=\"150\" height=\"150\" src=\"https:\/\/maldives-paradise.com\/wp-content\/uploads\/2024\/07\/oblu-select-sangeli-150x150.jpg\" class=\"vc_single_image-img attachment-thumbnail\" alt=\"OBLU SELEZIONA Sangeli\" title=\"oblu-select-sangeli\" \/><\/div>\n\t\t<\/figure>\n\t<\/div>\n<\/div><\/div><\/div><div class=\"wpb_column vc_column_container vc_col-sm-9\"><div class=\"vc_column-inner\"><div class=\"wpb_wrapper\">\n\t<div class=\"wpb_text_column wpb_content_element\" >\n\t\t<div class=\"wpb_wrapper\">\n\t\t\t<h4><a href=\"https:\/\/trip.tpo.lv\/v9votxXA\">OBLU SELEZIONA Sangeli<\/a><\/h4>\n<p>OBLU SELECT Sangeli offre un&#039;esperienza all-inclusive su due isole interconnesse. Il resort \u00e8 noto per la sua vivace barriera corallina, gli emozionanti sport acquatici e una variet\u00e0 di opzioni per la ristorazione. Il suo Piano Serenity include pasti premium, escursioni e attivit\u00e0 benessere, garantendo un soggiorno piacevole e senza problemi. Le Honeymoon Water Suites per soli adulti offrono un tocco di romanticismo in pi\u00f9 per le coppie.<\/p>\n\n\t\t<\/div>\n\t<\/div>\n<\/div><\/div><\/div><\/div><div class=\"vc_row wpb_row vc_row-fluid\"><div class=\"wpb_column vc_column_container vc_col-sm-3\"><div class=\"vc_column-inner\"><div class=\"wpb_wrapper\">\n\t<div  class=\"wpb_single_image wpb_content_element vc_align_left wpb_content_element\">\n\t\t\n\t\t<figure class=\"wpb_wrapper vc_figure\">\n\t\t\t<div class=\"vc_single_image-wrapper   vc_box_border_grey\"><img loading=\"lazy\" decoding=\"async\" width=\"150\" height=\"150\" src=\"https:\/\/maldives-paradise.com\/wp-content\/uploads\/2024\/07\/patina-maldives-150x150.jpg\" class=\"vc_single_image-img attachment-thumbnail\" alt=\"Patina Maldives \u00e8 un resort multi-isola\" title=\"patina-maldives\" \/><\/div>\n\t\t<\/figure>\n\t<\/div>\n<\/div><\/div><\/div><div class=\"wpb_column vc_column_container vc_col-sm-9\"><div class=\"vc_column-inner\"><div class=\"wpb_wrapper\">\n\t<div class=\"wpb_text_column wpb_content_element\" >\n\t\t<div class=\"wpb_wrapper\">\n\t\t\t<h4><a href=\"https:\/\/lamp.glopss.com\/aff_c?offer_id=1506&amp;aff_id=1834\" target=\"_blank\" rel=\"nofollow noopener\">Patina Maldive, Isole Fari<\/a><\/h4>\n<p>Patina Maldives \u00e8 un moderno resort di lusso nelle Isole Fari, che offre una sofisticata miscela di natura e design. Le spaziose ville del resort, ognuna con piscina privata, offrono una fuga serena. Gli ospiti possono esplorare il Fari Marina Village, partecipare a programmi benessere e gustare cene gourmet. L&#039;impegno di Patina per la sostenibilit\u00e0 e l&#039;impegno della comunit\u00e0 aggiunge profondit\u00e0 alle sue offerte di lusso.<\/p>\n\n\t\t<\/div>\n\t<\/div>\n<\/div><\/div><\/div><\/div><div class=\"vc_row wpb_row vc_row-fluid\"><div class=\"wpb_column vc_column_container vc_col-sm-12\"><div class=\"vc_column-inner\"><div class=\"wpb_wrapper\">\n\t<div class=\"wpb_text_column wpb_content_element\" >\n\t\t<div class=\"wpb_wrapper\">\n\t\t\t<p>In conclusione, le Maldive offrono una variet\u00e0 dei migliori resort multi-isola, ognuno con caratteristiche ed esperienze uniche. Che tu cerchi l&#039;avventura, il relax o un mix di entrambi, questi resort offrono lo sfondo perfetto per un&#039;indimenticabile vacanza alle Maldive.<\/p>\n<p><strong><a title=\"I 12 migliori resort di lusso alle Maldive\" href=\"https:\/\/maldives-paradise.com\/it\/i-12-migliori-resort-di-lusso-alle-maldive\/\">The Best Resorts in the Maldives<\/a><\/strong><\/p>\n\n\t\t<\/div>\n\t<\/div>\n<\/div><\/div><\/div><\/div>\n<\/div>","protected":false},"excerpt":{"rendered":"<div class=\"mh-excerpt\"><\/div>","protected":false},"author":1,"featured_media":19377,"parent":0,"menu_order":0,"comment_status":"closed","ping_status":"closed","template":"","meta":{"footnotes":""},"class_list":["post-19376","page","type-page","status-publish","has-post-thumbnail"],"aioseo_notices":[],"_links":{"self":[{"href":"https:\/\/maldives-paradise.com\/it\/wp-json\/wp\/v2\/pages\/19376","targetHints":{"allow":["GET"]}}],"collection":[{"href":"https:\/\/maldives-paradise.com\/it\/wp-json\/wp\/v2\/pages"}],"about":[{"href":"https:\/\/maldives-paradise.com\/it\/wp-json\/wp\/v2\/types\/page"}],"author":[{"embeddable":true,"href":"https:\/\/maldives-paradise.com\/it\/wp-json\/wp\/v2\/users\/1"}],"replies":[{"embeddable":true,"href":"https:\/\/maldives-paradise.com\/it\/wp-json\/wp\/v2\/comments?post=19376"}],"version-history":[{"count":7,"href":"https:\/\/maldives-paradise.com\/it\/wp-json\/wp\/v2\/pages\/19376\/revisions"}],"predecessor-version":[{"id":45311,"href":"https:\/\/maldives-paradise.com\/it\/wp-json\/wp\/v2\/pages\/19376\/revisions\/45311"}],"wp:featuredmedia":[{"embeddable":true,"href":"https:\/\/maldives-paradise.com\/it\/wp-json\/wp\/v2\/media\/19377"}],"wp:attachment":[{"href":"https:\/\/maldives-paradise.com\/it\/wp-json\/wp\/v2\/media?parent=19376"}],"curies":[{"name":"wp","href":"https:\/\/api.w.org\/{rel}","templated":true}]}}