{"id":17432,"date":"2024-06-15T08:23:33","date_gmt":"2024-06-15T08:23:33","guid":{"rendered":"http:\/\/maldives-paradise.com\/?page_id=17432"},"modified":"2025-11-26T09:31:39","modified_gmt":"2025-11-26T09:31:39","slug":"i-12-migliori-resort-per-matrimoni-alle-maldive-2","status":"publish","type":"page","link":"https:\/\/maldives-paradise.com\/it\/i-12-migliori-resort-per-matrimoni-alle-maldive-2\/","title":{"rendered":"I migliori resort per matrimoni alle Maldive"},"content":{"rendered":"<div class=\"wpb-content-wrapper\"><div class=\"vc_row wpb_row vc_row-fluid\"><div class=\"wpb_column vc_column_container vc_col-sm-12\"><div class=\"vc_column-inner\"><div class=\"wpb_wrapper\">\n\t<div class=\"wpb_text_column wpb_content_element\" >\n\t\t<div class=\"wpb_wrapper\">\n\t\t\t<p><strong>I migliori resort di lusso alle Maldive per matrimoni<\/strong><\/p>\n<p>Le Maldive, un paradiso tropicale, sono sinonimo di lusso, romanticismo e bellezza naturale senza pari. Le sue splendide ville sull&#039;acqua, le spiagge incontaminate e le lagune turchesi ne fanno una destinazione da sogno per i matrimoni. Per coloro che pianificano un matrimonio di destinazione, le Maldive offrono una miriade di resort di lusso.<\/p>\n<div class=\"flex flex-grow flex-col max-w-full\">\n<div class=\"min-h-&#091;20px&#093; text-message flex flex-col items-start whitespace-pre-wrap break-words &#091;.text-message+&amp;&#093;:mt-5 juice:w-full juice:items-end overflow-x-auto gap-2\" dir=\"auto\" data-message-author-role=\"assistant\" data-message-id=\"15d50877-8a2d-4bc1-b5cd-4fb3aac1d75e\">\n<div class=\"flex w-full flex-col gap-1 juice:empty:hidden juice:first:pt-&#091;3px&#093;\">\n<div class=\"markdown prose w-full break-words dark:prose-invert light\">\n<p>Immaginate lo scambio di promesse su una spiaggia incontaminata di sabbia bianca con le acque turchesi cristalline come sfondo, o in un elegante padiglione sull&#039;acqua circondato dall&#039;oceano sereno. I resort maldiviani offrono pacchetti nuziali completi, tra cui cerimonie personalizzate, squisiti punti ristoro e sistemazioni di lusso per te e i tuoi ospiti. Con tramonti mozzafiato, intimit\u00e0 romantica e un servizio di prima classe, un matrimonio alle Maldive promette un&#039;indimenticabile celebrazione dell&#039;amore in paradiso.<\/p>\n<\/div>\n<\/div>\n<\/div>\n<\/div>\n<p>Ecco alcuni dei migliori resort di lusso alle Maldive per matrimoni.<\/p>\n\n\t\t<\/div>\n\t<\/div>\n<\/div><\/div><\/div><\/div><div class=\"vc_row wpb_row vc_row-fluid\"><div class=\"wpb_column vc_column_container vc_col-sm-3\"><div class=\"vc_column-inner\"><div class=\"wpb_wrapper\">\n\t<div  class=\"wpb_single_image wpb_content_element vc_align_left wpb_content_element\">\n\t\t\n\t\t<figure class=\"wpb_wrapper vc_figure\">\n\t\t\t<div class=\"vc_single_image-wrapper   vc_box_border_grey\"><img loading=\"lazy\" decoding=\"async\" width=\"150\" height=\"150\" src=\"https:\/\/maldives-paradise.com\/wp-content\/uploads\/2024\/06\/One_Only_Reethi_Rah_Wedding-150x150.jpg\" class=\"vc_single_image-img attachment-thumbnail\" alt=\"One&amp;Only Reethi Rah\" title=\"One_Only_Reethi_Rah_Wedding\" \/><\/div>\n\t\t<\/figure>\n\t<\/div>\n<\/div><\/div><\/div><div class=\"wpb_column vc_column_container vc_col-sm-9\"><div class=\"vc_column-inner\"><div class=\"wpb_wrapper\">\n\t<div class=\"wpb_text_column wpb_content_element\" >\n\t\t<div class=\"wpb_wrapper\">\n\t\t\t<h4><a href=\"https:\/\/hotellook.tp.st\/AH0DpGXS\" target=\"_blank\" rel=\"nofollow noopener\">One&amp;Only Reethi Rah<\/a><\/h4>\n<p>One&amp;Only Reethi Rah \u00e8 un resort su un&#039;isola privata noto per la sua eleganza ed esclusivit\u00e0. Con oltre 120 ville, questo resort offre una variet\u00e0 di splendidi luoghi per cerimonie nuziali, tra cui location sulla spiaggia e padiglioni sull&#039;acqua. Il resort fornisce servizi personalizzati di pianificazione del matrimonio, garantendo che ogni dettaglio sia perfetto. Le coppie possono godersi una romantica cena a lume di candela sulla spiaggia, seguita da una luna di miele in una delle lussuose ville.<\/p>\n\n\t\t<\/div>\n\t<\/div>\n<\/div><\/div><\/div><\/div><div class=\"vc_row wpb_row vc_row-fluid\"><div class=\"wpb_column vc_column_container vc_col-sm-3\"><div class=\"vc_column-inner\"><div class=\"wpb_wrapper\">\n\t<div  class=\"wpb_single_image wpb_content_element vc_align_left wpb_content_element\">\n\t\t\n\t\t<figure class=\"wpb_wrapper vc_figure\">\n\t\t\t<div class=\"vc_single_image-wrapper   vc_box_border_grey\"><img loading=\"lazy\" decoding=\"async\" width=\"150\" height=\"150\" src=\"https:\/\/maldives-paradise.com\/wp-content\/uploads\/2024\/06\/soneva-fushi-maldives-wedding-150x150.jpg\" class=\"vc_single_image-img attachment-thumbnail\" alt=\"\" title=\"matrimonio-soneva-fushi-maldive\" \/><\/div>\n\t\t<\/figure>\n\t<\/div>\n<\/div><\/div><\/div><div class=\"wpb_column vc_column_container vc_col-sm-9\"><div class=\"vc_column-inner\"><div class=\"wpb_wrapper\">\n\t<div class=\"wpb_text_column wpb_content_element\" >\n\t\t<div class=\"wpb_wrapper\">\n\t\t\t<h4><a href=\"https:\/\/trip.tpo.lv\/s4Vbr1lj\" target=\"_blank\" rel=\"nofollow noopener\">Soneva Fushi<\/a><\/h4>\n<p>Soneva Fushi, situato nella Riserva della Biosfera UNESCO dell&#039;Atollo Baa, \u00e8 rinomato per il suo lusso sostenibile. Questo resort offre lusso a piedi nudi in spaziose ville circondate da una vegetazione lussureggiante. I pacchetti nuziali di Soneva Fushi includono di tutto, da una cerimonia privata sul banco di sabbia a una crociera al tramonto. L&#039;impegno del resort per la sostenibilit\u00e0 aggiunge un tocco ecologico al tuo giorno speciale.<\/p>\n\n\t\t<\/div>\n\t<\/div>\n<\/div><\/div><\/div><\/div><div class=\"vc_row wpb_row vc_row-fluid\"><div class=\"wpb_column vc_column_container vc_col-sm-3\"><div class=\"vc_column-inner\"><div class=\"wpb_wrapper\">\n\t<div  class=\"wpb_single_image wpb_content_element vc_align_left wpb_content_element\">\n\t\t\n\t\t<figure class=\"wpb_wrapper vc_figure\">\n\t\t\t<div class=\"vc_single_image-wrapper   vc_box_border_grey\"><img loading=\"lazy\" decoding=\"async\" width=\"150\" height=\"150\" src=\"https:\/\/maldives-paradise.com\/wp-content\/uploads\/2024\/06\/velaa-private-island-wedding-150x150.jpg\" class=\"vc_single_image-img attachment-thumbnail\" alt=\"\" title=\"velaa-matrimonio-isola-privata\" \/><\/div>\n\t\t<\/figure>\n\t<\/div>\n<\/div><\/div><\/div><div class=\"wpb_column vc_column_container vc_col-sm-9\"><div class=\"vc_column-inner\"><div class=\"wpb_wrapper\">\n\t<div class=\"wpb_text_column wpb_content_element\" >\n\t\t<div class=\"wpb_wrapper\">\n\t\t\t<h4><a href=\"https:\/\/trip.tpo.lv\/5ucKKYji\" target=\"_blank\" rel=\"nofollow noopener\">Isola privata Velaa<\/a><\/h4>\n<p>Velaa Private Island \u00e8 l&#039;emblema del lusso e dell&#039;esclusivit\u00e0. Questo resort, situato su un&#039;isola privata nell&#039;atollo di Noonu, dispone di 47 ville, ognuna con la propria piscina. Velaa offre pacchetti nuziali su misura in base alle preferenze della coppia. Dalle cerimonie intime su una spiaggia appartata alle grandi celebrazioni nelle splendide location del resort, Velaa Private Island garantisce un&#039;esperienza di matrimonio magica.<\/p>\n\n\t\t<\/div>\n\t<\/div>\n<\/div><\/div><\/div><\/div><div class=\"vc_row wpb_row vc_row-fluid\"><div class=\"wpb_column vc_column_container vc_col-sm-3\"><div class=\"vc_column-inner\"><div class=\"wpb_wrapper\">\n\t<div  class=\"wpb_single_image wpb_content_element vc_align_left wpb_content_element\">\n\t\t\n\t\t<figure class=\"wpb_wrapper vc_figure\">\n\t\t\t<div class=\"vc_single_image-wrapper   vc_box_border_grey\"><img loading=\"lazy\" decoding=\"async\" width=\"150\" height=\"150\" src=\"https:\/\/maldives-paradise.com\/wp-content\/uploads\/2024\/06\/st-regis-wedding-150x150.jpg\" class=\"vc_single_image-img attachment-thumbnail\" alt=\"Matrimonio al St. Regis Maldives Vommuli Resort\" title=\"matrimonio-st-regis\" \/><\/div>\n\t\t<\/figure>\n\t<\/div>\n<\/div><\/div><\/div><div class=\"wpb_column vc_column_container vc_col-sm-9\"><div class=\"vc_column-inner\"><div class=\"wpb_wrapper\">\n\t<div class=\"wpb_text_column wpb_content_element\" >\n\t\t<div class=\"wpb_wrapper\">\n\t\t\t<h4><a href=\"https:\/\/trip.tpo.lv\/2x3dIFEs\" target=\"_blank\" rel=\"nofollow noopener\">Il St. Regis Maldives Vommuli Resort<\/a><\/h4>\n<p>Il St. Regis Maldives Vommuli Resort combina il design contemporaneo con il fascino maldiviano. Questo resort offre luoghi mozzafiato per matrimoni, tra cui l&#039;Iridium Spa sull&#039;acqua e la St. Regis Suite sulla spiaggia. Gli specialisti dei matrimoni del resort aiutano a creare cerimonie personalizzate, sia che tu immagini un matrimonio tradizionale maldiviano o una celebrazione moderna. Le lussuose ville e le eccezionali opzioni ristorative lo rendono la scelta ideale per un matrimonio e una luna di miele.<\/p>\n\n\t\t<\/div>\n\t<\/div>\n<\/div><\/div><\/div><\/div><div class=\"vc_row wpb_row vc_row-fluid\"><div class=\"wpb_column vc_column_container vc_col-sm-3\"><div class=\"vc_column-inner\"><div class=\"wpb_wrapper\">\n\t<div  class=\"wpb_single_image wpb_content_element vc_align_left wpb_content_element\">\n\t\t\n\t\t<figure class=\"wpb_wrapper vc_figure\">\n\t\t\t<div class=\"vc_single_image-wrapper   vc_box_border_grey\"><img loading=\"lazy\" decoding=\"async\" width=\"150\" height=\"150\" src=\"https:\/\/maldives-paradise.com\/wp-content\/uploads\/2024\/06\/Gili-Lankanfushi-Maldives-wedding-150x150.jpg\" class=\"vc_single_image-img attachment-thumbnail\" alt=\"Matrimonio a Gili Lankanfushi\" title=\"Matrimonio-Gili-Lankanfushi-Maldive\" \/><\/div>\n\t\t<\/figure>\n\t<\/div>\n<\/div><\/div><\/div><div class=\"wpb_column vc_column_container vc_col-sm-9\"><div class=\"vc_column-inner\"><div class=\"wpb_wrapper\">\n\t<div class=\"wpb_text_column wpb_content_element\" >\n\t\t<div class=\"wpb_wrapper\">\n\t\t\t<h4><a href=\"https:\/\/trip.tpo.lv\/yIcxe2hb\" target=\"_blank\" rel=\"nofollow noopener\">Gili Lankanfushi<\/a><\/h4>\n<p>Gili Lankanfushi \u00e8 un lussuoso eco-resort che offre un ambiente intimo e romantico per i matrimoni. Conosciuto per le sue ville sull&#039;acqua e l&#039;impegno per la sostenibilit\u00e0, Gili Lankanfushi offre uno scenario sereno per il tuo giorno speciale. I pacchetti nuziali includono un wedding planner dedicato, addobbi floreali e una crociera al tramonto. La filosofia &quot;No News, No Shoes&quot; del resort garantisce un&#039;esperienza di matrimonio rilassata e senza stress.<\/p>\n\n\t\t<\/div>\n\t<\/div>\n<\/div><\/div><\/div><\/div><div class=\"vc_row wpb_row vc_row-fluid\"><div class=\"wpb_column vc_column_container vc_col-sm-3\"><div class=\"vc_column-inner\"><div class=\"wpb_wrapper\">\n\t<div  class=\"wpb_single_image wpb_content_element vc_align_left wpb_content_element\">\n\t\t\n\t\t<figure class=\"wpb_wrapper vc_figure\">\n\t\t\t<div class=\"vc_single_image-wrapper   vc_box_border_grey\"><img loading=\"lazy\" decoding=\"async\" width=\"150\" height=\"150\" src=\"https:\/\/maldives-paradise.com\/wp-content\/uploads\/2024\/06\/four-seasons-wedding-150x150.jpg\" class=\"vc_single_image-img attachment-thumbnail\" alt=\"Four Seasons Resort Maldive a Landaa Giraavaru\" title=\"matrimonio quattro stagioni\" \/><\/div>\n\t\t<\/figure>\n\t<\/div>\n<\/div><\/div><\/div><div class=\"wpb_column vc_column_container vc_col-sm-9\"><div class=\"vc_column-inner\"><div class=\"wpb_wrapper\">\n\t<div class=\"wpb_text_column wpb_content_element\" >\n\t\t<div class=\"wpb_wrapper\">\n\t\t\t<h4><a href=\"https:\/\/trip.tpo.lv\/zgtY38IJ\" target=\"_blank\" rel=\"nofollow noopener\">Four Seasons Resort Maldive a Landaa Giraavaru<\/a><\/h4>\n<p>Situato nell&#039;atollo di Baa, il Four Seasons Resort Maldives a Landaa Giraavaru \u00e8 un paradiso di lusso e tranquillit\u00e0. Il resort offre varie location per matrimoni, da un banco di sabbia privato a un tradizionale dhoni (barca) maldiviano. Il team del matrimonio Four Seasons assiste in ogni dettaglio, inclusi menu personalizzati, composizioni floreali e intrattenimento. La spa ayurvedica e i programmi benessere del resort rappresentano l&#039;inizio perfetto per una vita matrimoniale armoniosa.<\/p>\n\n\t\t<\/div>\n\t<\/div>\n<\/div><\/div><\/div><\/div><div class=\"vc_row wpb_row vc_row-fluid\"><div class=\"wpb_column vc_column_container vc_col-sm-3\"><div class=\"vc_column-inner\"><div class=\"wpb_wrapper\">\n\t<div  class=\"wpb_single_image wpb_content_element vc_align_left wpb_content_element\">\n\t\t\n\t\t<figure class=\"wpb_wrapper vc_figure\">\n\t\t\t<div class=\"vc_single_image-wrapper   vc_box_border_grey\"><img loading=\"lazy\" decoding=\"async\" width=\"150\" height=\"150\" src=\"https:\/\/maldives-paradise.com\/wp-content\/uploads\/2024\/06\/com-maalifushi-wedding-150x150.jpg\" class=\"vc_single_image-img attachment-thumbnail\" alt=\"Matrimonio a COMO Maalifushi\" title=\"com-maalifushi-matrimonio\" \/><\/div>\n\t\t<\/figure>\n\t<\/div>\n<\/div><\/div><\/div><div class=\"wpb_column vc_column_container vc_col-sm-9\"><div class=\"vc_column-inner\"><div class=\"wpb_wrapper\">\n\t<div class=\"wpb_text_column wpb_content_element\" >\n\t\t<div class=\"wpb_wrapper\">\n\t\t\t<h4><a href=\"https:\/\/lamp.glopss.com\/SHU9\" target=\"_blank\" rel=\"nofollow noopener\">COMO Maalifushi<\/a><\/h4>\n<p>COMO Maalifushi \u00e8 l&#039;unico resort nell&#039;incontaminato atollo di Thaa, che offre un&#039;esperienza di matrimonio unica e privata. Il resort dispone di eleganti ville sull&#039;acqua e sulla spiaggia, che offrono splendide ambientazioni per cerimonie nuziali. I pacchetti nuziali di COMO Maalifushi includono servizi personalizzati come fotografia, videografia e un coordinatore del matrimonio. Il COMO Shambhala Retreat del resort garantisce relax e ringiovanimento prima e dopo il matrimonio.<\/p>\n\n\t\t<\/div>\n\t<\/div>\n<\/div><\/div><\/div><\/div><div class=\"vc_row wpb_row vc_row-fluid\"><div class=\"wpb_column vc_column_container vc_col-sm-3\"><div class=\"vc_column-inner\"><div class=\"wpb_wrapper\">\n\t<div  class=\"wpb_single_image wpb_content_element vc_align_left wpb_content_element\">\n\t\t\n\t\t<figure class=\"wpb_wrapper vc_figure\">\n\t\t\t<div class=\"vc_single_image-wrapper   vc_box_border_grey\"><img loading=\"lazy\" decoding=\"async\" width=\"150\" height=\"150\" src=\"https:\/\/maldives-paradise.com\/wp-content\/uploads\/2024\/06\/Conrad-Maldives-Rangali-Wedding-Ithaa-Undersee2-150x150.jpg\" class=\"vc_single_image-img attachment-thumbnail\" alt=\"Matrimonio al Conrad Maldives Rangali Island\" title=\"Conrad-Maldive-Rangali-Wedding-Ithaa-Undersee2\" \/><\/div>\n\t\t<\/figure>\n\t<\/div>\n<\/div><\/div><\/div><div class=\"wpb_column vc_column_container vc_col-sm-9\"><div class=\"vc_column-inner\"><div class=\"wpb_wrapper\">\n\t<div class=\"wpb_text_column wpb_content_element\" >\n\t\t<div class=\"wpb_wrapper\">\n\t\t\t<h4><a href=\"https:\/\/trip.tpo.lv\/6j29svud\" target=\"_blank\" rel=\"nofollow noopener\">Conrad Maldive Isola di Rangali<\/a><\/h4>\n<p>Conrad Maldives Rangali Island \u00e8 famosa per il suo ristorante sottomarino, Ithaa, e le lussuose ville. Il resort offre location per matrimoni uniche, tra cui una cerimonia subacquea o una celebrazione sulla spiaggia. I pacchetti nuziali di Conrad sono completi e comprendono tutto, dalle decorazioni agli accordi legali. Le isole gemelle del resort offrono esperienze diverse, rendendolo la scelta perfetta per un matrimonio e una luna di miele.<\/p>\n\n\t\t<\/div>\n\t<\/div>\n<\/div><\/div><\/div><\/div><div class=\"vc_row wpb_row vc_row-fluid\"><div class=\"wpb_column vc_column_container vc_col-sm-3\"><div class=\"vc_column-inner\"><div class=\"wpb_wrapper\">\n\t<div  class=\"wpb_single_image wpb_content_element vc_align_left wpb_content_element\">\n\t\t\n\t\t<figure class=\"wpb_wrapper vc_figure\">\n\t\t\t<div class=\"vc_single_image-wrapper   vc_box_border_grey\"><img loading=\"lazy\" decoding=\"async\" width=\"150\" height=\"150\" src=\"https:\/\/maldives-paradise.com\/wp-content\/uploads\/2024\/06\/hideaway-weddings-150x150.jpg\" class=\"vc_single_image-img attachment-thumbnail\" alt=\"\" title=\"matrimoni-nascondiglio\" \/><\/div>\n\t\t<\/figure>\n\t<\/div>\n<\/div><\/div><\/div><div class=\"wpb_column vc_column_container vc_col-sm-9\"><div class=\"vc_column-inner\"><div class=\"wpb_wrapper\">\n\t<div class=\"wpb_text_column wpb_content_element\" >\n\t\t<div class=\"wpb_wrapper\">\n\t\t\t<h4><a href=\"https:\/\/lamp.glopss.com\/aff_c?offer_id=1384&amp;aff_id=1834\" target=\"_blank\" rel=\"nofollow noopener\">Rifugio sulla spiaggia e spa<\/a><\/h4>\n<p>Hideaway Beach Resort &amp; Spa \u00e8 un lussuoso rifugio situato nell&#039;atollo di Haa Alifu. Conosciuto per le sue ville spaziose e gli ambienti privati, questo resort \u00e8 l&#039;ideale per le coppie che cercano un&#039;esperienza di matrimonio intima. Il resort offre vari pacchetti nuziali, tra cui cerimonie in spiaggia e ricevimenti al tramonto. Servizi personalizzati come wedding planner, addobbi floreali e fotografia garantiscono che ogni dettaglio sia perfetto. L&#039;atmosfera romantica del resort e la posizione appartata lo rendono la scelta migliore per i matrimoni di destinazione.<\/p>\n\n\t\t<\/div>\n\t<\/div>\n<\/div><\/div><\/div><\/div><div class=\"vc_row wpb_row vc_row-fluid\"><div class=\"wpb_column vc_column_container vc_col-sm-3\"><div class=\"vc_column-inner\"><div class=\"wpb_wrapper\">\n\t<div  class=\"wpb_single_image wpb_content_element vc_align_left wpb_content_element\">\n\t\t\n\t\t<figure class=\"wpb_wrapper vc_figure\">\n\t\t\t<div class=\"vc_single_image-wrapper   vc_box_border_grey\"><img loading=\"lazy\" decoding=\"async\" width=\"150\" height=\"150\" src=\"https:\/\/maldives-paradise.com\/wp-content\/uploads\/2024\/06\/Komandoo-Wedding-150x150.jpg\" class=\"vc_single_image-img attachment-thumbnail\" alt=\"Matrimonio al Komandoo Island Resort &amp; Spa\" title=\"Matrimonio Komandoo\" \/><\/div>\n\t\t<\/figure>\n\t<\/div>\n<\/div><\/div><\/div><div class=\"wpb_column vc_column_container vc_col-sm-9\"><div class=\"vc_column-inner\"><div class=\"wpb_wrapper\">\n\t<div class=\"wpb_text_column wpb_content_element\" >\n\t\t<div class=\"wpb_wrapper\">\n\t\t\t<h4><a href=\"https:\/\/hotellook.tp.st\/m18hEKIZ\" target=\"_blank\" rel=\"nofollow noopener\">Resort e spa dell&#039;isola di Komandoo<\/a><\/h4>\n<p>Komandoo Island Resort &amp; Spa, situato nell&#039;atollo di Lhaviyani, \u00e8 un resort per soli adulti che promette un&#039;atmosfera serena e romantica. Questo resort boutique offre ville sulla spiaggia e sull&#039;acqua, che offrono splendidi fondali per cerimonie nuziali. I pacchetti nuziali di Komandoo includono di tutto, dalle tradizionali benedizioni maldiviane alle celebrazioni moderne. Il team esperto del resort assiste nella pianificazione, garantendo un giorno del matrimonio memorabile e senza stress. Le coppie possono godersi una romantica cena a lume di candela e concedersi trattamenti spa per un&#039;esperienza di matrimonio completa.<\/p>\n\n\t\t<\/div>\n\t<\/div>\n<\/div><\/div><\/div><\/div><div class=\"vc_row wpb_row vc_row-fluid\"><div class=\"wpb_column vc_column_container vc_col-sm-3\"><div class=\"vc_column-inner\"><div class=\"wpb_wrapper\">\n\t<div  class=\"wpb_single_image wpb_content_element vc_align_left wpb_content_element\">\n\t\t\n\t\t<figure class=\"wpb_wrapper vc_figure\">\n\t\t\t<div class=\"vc_single_image-wrapper   vc_box_border_grey\"><img loading=\"lazy\" decoding=\"async\" width=\"150\" height=\"150\" src=\"https:\/\/maldives-paradise.com\/wp-content\/uploads\/2024\/06\/hurawalhi-wedding-1-150x150.jpg\" class=\"vc_single_image-img attachment-thumbnail\" alt=\"Matrimonio all&#039;Hurawalhi Island Resort\" title=\"hurawalhi-matrimonio-1\" \/><\/div>\n\t\t<\/figure>\n\t<\/div>\n<\/div><\/div><\/div><div class=\"wpb_column vc_column_container vc_col-sm-9\"><div class=\"vc_column-inner\"><div class=\"wpb_wrapper\">\n\t<div class=\"wpb_text_column wpb_content_element\" >\n\t\t<div class=\"wpb_wrapper\">\n\t\t\t<h4><a href=\"https:\/\/hotellook.tp.st\/6FluoLuO\" target=\"_blank\" rel=\"nofollow noopener\">Resort dell&#039;isola di Hurawalhi<\/a><\/h4>\n<p>L&#039;Hurawalhi Island Resort, situato nell&#039;atollo di Lhaviyani, \u00e8 rinomato per il suo lusso ed esclusivit\u00e0. Il resort dispone del pi\u00f9 grande ristorante sottomarino in vetro del mondo, che offre un luogo unico per matrimoni. I pacchetti nuziali di Hurawalhi soddisfano varie preferenze, comprese cerimonie sulla spiaggia e matrimoni sott&#039;acqua. Il resort offre servizi completi, tra cui wedding planner, decorazioni e intrattenimento. Le lussuose ville e gli eccezionali punti ristoro rendono Hurawalhi una scelta eccellente per un matrimonio e una luna di miele.<\/p>\n\n\t\t<\/div>\n\t<\/div>\n<\/div><\/div><\/div><\/div><div class=\"vc_row wpb_row vc_row-fluid\"><div class=\"wpb_column vc_column_container vc_col-sm-3\"><div class=\"vc_column-inner\"><div class=\"wpb_wrapper\">\n\t<div  class=\"wpb_single_image wpb_content_element vc_align_left wpb_content_element\">\n\t\t\n\t\t<figure class=\"wpb_wrapper vc_figure\">\n\t\t\t<div class=\"vc_single_image-wrapper   vc_box_border_grey\"><img loading=\"lazy\" decoding=\"async\" width=\"150\" height=\"150\" src=\"https:\/\/maldives-paradise.com\/wp-content\/uploads\/2024\/06\/kandima-maldives-wedding-150x150.jpg\" class=\"vc_single_image-img attachment-thumbnail\" alt=\"Matrimonio a Kandima Maldive\" title=\"matrimonio-kandima-maldive\" \/><\/div>\n\t\t<\/figure>\n\t<\/div>\n<\/div><\/div><\/div><div class=\"wpb_column vc_column_container vc_col-sm-9\"><div class=\"vc_column-inner\"><div class=\"wpb_wrapper\">\n\t<div class=\"wpb_text_column wpb_content_element\" >\n\t\t<div class=\"wpb_wrapper\">\n\t\t\t<h4><a href=\"https:\/\/lamp.glopss.com\/SHUV\" target=\"_blank\" rel=\"nofollow noopener\">Kandima Maldive<\/a><\/h4>\n<p>Kandima Maldives, situato nell&#039;atollo di Dhaalu, \u00e8 un resort vivace ed elegante che offre un mix di lusso e divertimento. Il resort dispone di una variet\u00e0 di location per matrimoni, dalle location sulla spiaggia ai padiglioni sull&#039;acqua. I pacchetti nuziali di Kandima includono servizi personalizzati come coordinatori di matrimoni, addobbi floreali e intrattenimento dal vivo. Le ampie strutture del resort, tra cui numerosi punti ristoro e un centro benessere, assicurano un&#039;esperienza memorabile per le coppie e i loro ospiti. La miscela unica di lusso e atmosfera giocosa di Kandima lo rende la scelta ideale per un matrimonio moderno.<\/p>\n<p><strong>Conclusione<\/strong><\/p>\n<p>Scegliere le Maldive per il proprio matrimonio garantisce una cornice suggestiva ed un&#039;esperienza indimenticabile. Questi resort di lusso offrono servizi personalizzati, luoghi mozzafiato e un&#039;ospitalit\u00e0 eccezionale, garantendo che il giorno del tuo matrimonio sia perfetto. Che tu sogni una grande festa o una cerimonia intima, le Maldive hanno il resort di lusso perfetto per rendere il giorno del tuo matrimonio un caro ricordo.<\/p>\n\n\t\t<\/div>\n\t<\/div>\n<\/div><\/div><\/div><\/div><div class=\"vc_row wpb_row vc_row-fluid\"><div class=\"wpb_column vc_column_container vc_col-sm-12\"><div class=\"vc_column-inner\"><div class=\"wpb_wrapper\">\n\t<div class=\"wpb_text_column wpb_content_element\" >\n\t\t<div class=\"wpb_wrapper\">\n\t\t\t<p><a href=\"http:\/\/maldives-paradise.com\/it\/etichetta\/matrimoni-maldive\/\"><strong>Maggiori informazioni sui matrimoni alle Maldive<\/strong><\/a><\/p>\n<p><strong><a title=\"I 12 migliori resort per luna di miele alle Maldive\" href=\"https:\/\/maldives-paradise.com\/it\/i-12-migliori-resort-per-luna-di-miele-alle-maldive\/\">I migliori resort per luna di miele alle Maldive<\/a><\/strong><\/p>\n\n\t\t<\/div>\n\t<\/div>\n<\/div><\/div><\/div><\/div>\n<\/div>","protected":false},"excerpt":{"rendered":"<div class=\"mh-excerpt\"><\/div>","protected":false},"author":1,"featured_media":17433,"parent":0,"menu_order":0,"comment_status":"closed","ping_status":"closed","template":"","meta":{"footnotes":""},"class_list":["post-17432","page","type-page","status-publish","has-post-thumbnail"],"aioseo_notices":[],"_links":{"self":[{"href":"https:\/\/maldives-paradise.com\/it\/wp-json\/wp\/v2\/pages\/17432","targetHints":{"allow":["GET"]}}],"collection":[{"href":"https:\/\/maldives-paradise.com\/it\/wp-json\/wp\/v2\/pages"}],"about":[{"href":"https:\/\/maldives-paradise.com\/it\/wp-json\/wp\/v2\/types\/page"}],"author":[{"embeddable":true,"href":"https:\/\/maldives-paradise.com\/it\/wp-json\/wp\/v2\/users\/1"}],"replies":[{"embeddable":true,"href":"https:\/\/maldives-paradise.com\/it\/wp-json\/wp\/v2\/comments?post=17432"}],"version-history":[{"count":7,"href":"https:\/\/maldives-paradise.com\/it\/wp-json\/wp\/v2\/pages\/17432\/revisions"}],"predecessor-version":[{"id":45313,"href":"https:\/\/maldives-paradise.com\/it\/wp-json\/wp\/v2\/pages\/17432\/revisions\/45313"}],"wp:featuredmedia":[{"embeddable":true,"href":"https:\/\/maldives-paradise.com\/it\/wp-json\/wp\/v2\/media\/17433"}],"wp:attachment":[{"href":"https:\/\/maldives-paradise.com\/it\/wp-json\/wp\/v2\/media?parent=17432"}],"curies":[{"name":"wp","href":"https:\/\/api.w.org\/{rel}","templated":true}]}}