{"id":16336,"date":"2024-05-30T18:22:53","date_gmt":"2024-05-30T18:22:53","guid":{"rendered":"http:\/\/maldives-paradise.com\/?page_id=16336"},"modified":"2025-02-22T18:07:17","modified_gmt":"2025-02-22T18:07:17","slug":"i-migliori-resort-di-lusso-nellatollo-di-lhaviyani","status":"publish","type":"page","link":"https:\/\/maldives-paradise.com\/it\/i-migliori-resort-di-lusso-nellatollo-di-lhaviyani\/","title":{"rendered":"I migliori resort di lusso nell&#039;atollo di Lhaviyani"},"content":{"rendered":"<div class=\"wpb-content-wrapper\"><div class=\"vc_row wpb_row vc_row-fluid\"><div class=\"wpb_column vc_column_container vc_col-sm-12\"><div class=\"vc_column-inner\"><div class=\"wpb_wrapper\">\n\t<div class=\"wpb_text_column wpb_content_element\" >\n\t\t<div class=\"wpb_wrapper\">\n\t\t\t<p>L&#039;atollo di Lhaviyani, un faro del lusso tropicale immerso nel vasto Oceano Indiano, \u00e8 rinomato per la sua bellezza idilliaca, le acque cristalline e alcuni dei resort di lusso pi\u00f9 spettacolari delle Maldive. Questo atollo offre ai viaggiatori pi\u00f9 esigenti una serie di rifugi esclusivi, dove un servizio impareggiabile, squisite esperienze culinarie e scenari naturali mozzafiato si uniscono per creare fughe indimenticabili. Ecco i migliori resort di lusso in <strong>Atollo di Lhaviyani<\/strong>, ognuno dei quali promette una fetta di paradiso unica.<\/p>\n\n\t\t<\/div>\n\t<\/div>\n<\/div><\/div><\/div><\/div><div class=\"vc_row wpb_row vc_row-fluid\"><div class=\"wpb_column vc_column_container vc_col-sm-12\"><div class=\"vc_column-inner\"><div class=\"wpb_wrapper\">\n\t<div  class=\"wpb_single_image wpb_content_element vc_align_left wpb_content_element\">\n\t\t<h2 class=\"wpb_heading wpb_singleimage_heading\">Resort dell&#039;isola di Hurawalhi<\/h2>\n\t\t<figure class=\"wpb_wrapper vc_figure\">\n\t\t\t<div class=\"vc_single_image-wrapper   vc_box_border_grey\"><img loading=\"lazy\" decoding=\"async\" width=\"780\" height=\"520\" src=\"https:\/\/maldives-paradise.com\/wp-content\/uploads\/2024\/05\/hurawalhi.jpg\" class=\"vc_single_image-img attachment-large\" alt=\"Resort dell&#039;isola di Hurawalhi\" title=\"Hurawalhi\" srcset=\"https:\/\/maldives-paradise.com\/wp-content\/uploads\/2024\/05\/hurawalhi.jpg 780w, https:\/\/maldives-paradise.com\/wp-content\/uploads\/2024\/05\/hurawalhi-300x200.jpg 300w, https:\/\/maldives-paradise.com\/wp-content\/uploads\/2024\/05\/hurawalhi-768x512.jpg 768w, https:\/\/maldives-paradise.com\/wp-content\/uploads\/2024\/05\/hurawalhi-18x12.jpg 18w, https:\/\/maldives-paradise.com\/wp-content\/uploads\/2024\/05\/hurawalhi-500x333.jpg 500w\" sizes=\"auto, (max-width: 780px) 100vw, 780px\" \/><\/div>\n\t\t<\/figure>\n\t<\/div>\n<\/div><\/div><\/div><\/div><div class=\"vc_row wpb_row vc_row-fluid\"><div class=\"wpb_column vc_column_container vc_col-sm-12\"><div class=\"vc_column-inner\"><div class=\"wpb_wrapper\">\n\t<div class=\"wpb_text_column wpb_content_element\" >\n\t\t<div class=\"wpb_wrapper\">\n\t\t\t<h4><a href=\"http:\/\/maldives-paradise.com\/it\/maldive-dellisola-di-hurawalhi\/\">Resort dell&#039;isola di Hurawalhi<\/a><\/h4>\n<p>L&#039;Hurawalhi Island Resort ospita il pi\u00f9 grande ristorante sottomarino interamente in vetro del mondo, che offre ai commensali una vista a 360 gradi della vivace vita marina. Il resort bilancia il lusso con la sostenibilit\u00e0, presentando eleganti ville sull&#039;acqua e sulla spiaggia che garantiscono serenit\u00e0 e privacy. Gli ospiti possono indulgere in una spa situata sopra le acque cristalline o prendere parte ad esilaranti sport acquatici.<\/p>\n\n\t\t<\/div>\n\t<\/div>\n<\/div><\/div><\/div><\/div><div class=\"vc_row wpb_row vc_row-fluid\"><div class=\"wpb_column vc_column_container vc_col-sm-12\"><div class=\"vc_column-inner\"><div class=\"wpb_wrapper\">\n\t<div  class=\"wpb_single_image wpb_content_element vc_align_left wpb_content_element\">\n\t\t<h2 class=\"wpb_heading wpb_singleimage_heading\">Isola privata Kudadoo Maldive<\/h2>\n\t\t<figure class=\"wpb_wrapper vc_figure\">\n\t\t\t<div class=\"vc_single_image-wrapper   vc_box_border_grey\"><img loading=\"lazy\" decoding=\"async\" width=\"780\" height=\"438\" src=\"https:\/\/maldives-paradise.com\/wp-content\/uploads\/2024\/05\/Kudadoo-Maldives-Private-Island.jpg\" class=\"vc_single_image-img attachment-large\" alt=\"Isola privata Kudadoo Maldive\" title=\"Kudadoo-Maldive-Isola-Privata\" srcset=\"https:\/\/maldives-paradise.com\/wp-content\/uploads\/2024\/05\/Kudadoo-Maldives-Private-Island.jpg 780w, https:\/\/maldives-paradise.com\/wp-content\/uploads\/2024\/05\/Kudadoo-Maldives-Private-Island-300x168.jpg 300w, https:\/\/maldives-paradise.com\/wp-content\/uploads\/2024\/05\/Kudadoo-Maldives-Private-Island-768x431.jpg 768w, https:\/\/maldives-paradise.com\/wp-content\/uploads\/2024\/05\/Kudadoo-Maldives-Private-Island-18x10.jpg 18w, https:\/\/maldives-paradise.com\/wp-content\/uploads\/2024\/05\/Kudadoo-Maldives-Private-Island-678x381.jpg 678w, https:\/\/maldives-paradise.com\/wp-content\/uploads\/2024\/05\/Kudadoo-Maldives-Private-Island-500x281.jpg 500w\" sizes=\"auto, (max-width: 780px) 100vw, 780px\" \/><\/div>\n\t\t<\/figure>\n\t<\/div>\n<\/div><\/div><\/div><\/div><div class=\"vc_row wpb_row vc_row-fluid\"><div class=\"wpb_column vc_column_container vc_col-sm-12\"><div class=\"vc_column-inner\"><div class=\"wpb_wrapper\">\n\t<div class=\"wpb_text_column wpb_content_element\" >\n\t\t<div class=\"wpb_wrapper\">\n\t\t\t<h4><a href=\"http:\/\/maldives-paradise.com\/it\/kudadoo-isola-privata-delle-maldive\/\">Isola privata Kudadoo Maldive<\/a><\/h4>\n<p>Kudadoo Maldives Private Island offre un&#039;esperienza davvero esclusiva, con particolare attenzione alla sostenibilit\u00e0. Questo resort di lusso \u00e8 alimentato interamente da energia solare, unendo pratiche eco-compatibili con un lusso senza compromessi. Ognuna delle ampie residenze sull&#039;acqua \u00e8 dotata di un maggiordomo personale, garantendo un soggiorno su misura e spensierato.<\/p>\n\n\t\t<\/div>\n\t<\/div>\n<\/div><\/div><\/div><\/div><div class=\"vc_row wpb_row vc_row-fluid\"><div class=\"wpb_column vc_column_container vc_col-sm-12\"><div class=\"vc_column-inner\"><div class=\"wpb_wrapper\">\n\t<div  class=\"wpb_single_image wpb_content_element vc_align_left wpb_content_element\">\n\t\t<h2 class=\"wpb_heading wpb_singleimage_heading\">Komandoo Maldives Island Resort<\/h2>\n\t\t<figure class=\"wpb_wrapper vc_figure\">\n\t\t\t<div class=\"vc_single_image-wrapper   vc_box_border_grey\"><img loading=\"lazy\" decoding=\"async\" width=\"780\" height=\"393\" src=\"https:\/\/maldives-paradise.com\/wp-content\/uploads\/2024\/05\/Komandoo-Maldives-Island-Resort2.jpg\" class=\"vc_single_image-img attachment-large\" alt=\"Komandoo Maldives Island Resort\" title=\"Komandoo-Maldive-Island-Resort2\" srcset=\"https:\/\/maldives-paradise.com\/wp-content\/uploads\/2024\/05\/Komandoo-Maldives-Island-Resort2.jpg 780w, https:\/\/maldives-paradise.com\/wp-content\/uploads\/2024\/05\/Komandoo-Maldives-Island-Resort2-300x151.jpg 300w, https:\/\/maldives-paradise.com\/wp-content\/uploads\/2024\/05\/Komandoo-Maldives-Island-Resort2-768x387.jpg 768w, https:\/\/maldives-paradise.com\/wp-content\/uploads\/2024\/05\/Komandoo-Maldives-Island-Resort2-18x9.jpg 18w, https:\/\/maldives-paradise.com\/wp-content\/uploads\/2024\/05\/Komandoo-Maldives-Island-Resort2-500x252.jpg 500w\" sizes=\"auto, (max-width: 780px) 100vw, 780px\" \/><\/div>\n\t\t<\/figure>\n\t<\/div>\n<\/div><\/div><\/div><\/div><div class=\"vc_row wpb_row vc_row-fluid\"><div class=\"wpb_column vc_column_container vc_col-sm-12\"><div class=\"vc_column-inner\"><div class=\"wpb_wrapper\">\n\t<div class=\"wpb_text_column wpb_content_element\" >\n\t\t<div class=\"wpb_wrapper\">\n\t\t\t<h4><a href=\"http:\/\/maldives-paradise.com\/it\/spa-del-resort-dellisola-di-komandoo\/\">Komandoo Maldives Island Resort<\/a><\/h4>\n<p>Il Komandoo Maldives Island Resort \u00e8 un&#039;oasi per soli adulti, che promette un rifugio tranquillo. Con le sue intime ville sulla spiaggia e i bungalow sull&#039;acqua, \u00e8 il luogo perfetto per il romanticismo o il relax. Il resort offre una spa squisita, esperienze culinarie eccezionali e una miriade di attivit\u00e0 acquatiche, dalle immersioni allo snorkeling nella sua laguna cristallina nell&#039;atollo di Lhaviyani.<\/p>\n\n\t\t<\/div>\n\t<\/div>\n<\/div><\/div><\/div><\/div><div class=\"vc_row wpb_row vc_row-fluid\"><div class=\"wpb_column vc_column_container vc_col-sm-12\"><div class=\"vc_column-inner\"><div class=\"wpb_wrapper\">\n\t<div  class=\"wpb_single_image wpb_content_element vc_align_left wpb_content_element\">\n\t\t<h2 class=\"wpb_heading wpb_singleimage_heading\">Atmosfera Kanifushi Maldive<\/h2>\n\t\t<figure class=\"wpb_wrapper vc_figure\">\n\t\t\t<div class=\"vc_single_image-wrapper   vc_box_border_grey\"><img loading=\"lazy\" decoding=\"async\" width=\"700\" height=\"466\" src=\"https:\/\/maldives-paradise.com\/wp-content\/uploads\/2024\/05\/Atmosphere-Kanifushi-Maldives2.jpg\" class=\"vc_single_image-img attachment-large\" alt=\"Atmosfera Kanifushi Maldive\" title=\"Atmosfera-Kanifushi-Maldive2\" srcset=\"https:\/\/maldives-paradise.com\/wp-content\/uploads\/2024\/05\/Atmosphere-Kanifushi-Maldives2.jpg 700w, https:\/\/maldives-paradise.com\/wp-content\/uploads\/2024\/05\/Atmosphere-Kanifushi-Maldives2-300x200.jpg 300w, https:\/\/maldives-paradise.com\/wp-content\/uploads\/2024\/05\/Atmosphere-Kanifushi-Maldives2-18x12.jpg 18w, https:\/\/maldives-paradise.com\/wp-content\/uploads\/2024\/05\/Atmosphere-Kanifushi-Maldives2-500x333.jpg 500w\" sizes=\"auto, (max-width: 700px) 100vw, 700px\" \/><\/div>\n\t\t<\/figure>\n\t<\/div>\n<\/div><\/div><\/div><\/div><div class=\"vc_row wpb_row vc_row-fluid\"><div class=\"wpb_column vc_column_container vc_col-sm-12\"><div class=\"vc_column-inner\"><div class=\"wpb_wrapper\">\n\t<div class=\"wpb_text_column wpb_content_element\" >\n\t\t<div class=\"wpb_wrapper\">\n\t\t\t<h4><a href=\"http:\/\/maldives-paradise.com\/it\/atmosfera-kanifushi\/\">Atmosfera Kanifushi Maldive<\/a><\/h4>\n<p>Estendendosi per due chilometri di spiagge sabbiose incontaminate, Atmosphere Kanifushi si distingue per la sua lussureggiante vegetazione tropicale e una spettacolare barriera corallina. Il resort offre spaziose ville sulla spiaggia con accesso diretto all&#039;oceano e un piano all-inclusive premium, garantendo una vacanza di lusso senza problemi con cucina raffinata, attivit\u00e0 ed escursioni.<\/p>\n\n\t\t<\/div>\n\t<\/div>\n<\/div><\/div><\/div><\/div><div class=\"vc_row wpb_row vc_row-fluid\"><div class=\"wpb_column vc_column_container vc_col-sm-12\"><div class=\"vc_column-inner\"><div class=\"wpb_wrapper\">\n\t<div  class=\"wpb_single_image wpb_content_element vc_align_left wpb_content_element\">\n\t\t<h2 class=\"wpb_heading wpb_singleimage_heading\">Fushifaru Maldive<\/h2>\n\t\t<figure class=\"wpb_wrapper vc_figure\">\n\t\t\t<div class=\"vc_single_image-wrapper   vc_box_border_grey\"><img loading=\"lazy\" decoding=\"async\" width=\"780\" height=\"519\" src=\"https:\/\/maldives-paradise.com\/wp-content\/uploads\/2024\/05\/Fushifaru-Maldives2.jpg\" class=\"vc_single_image-img attachment-large\" alt=\"Fushifaru Maldive\" title=\"Fushifaru-Maldive2\" srcset=\"https:\/\/maldives-paradise.com\/wp-content\/uploads\/2024\/05\/Fushifaru-Maldives2.jpg 780w, https:\/\/maldives-paradise.com\/wp-content\/uploads\/2024\/05\/Fushifaru-Maldives2-300x200.jpg 300w, https:\/\/maldives-paradise.com\/wp-content\/uploads\/2024\/05\/Fushifaru-Maldives2-768x511.jpg 768w, https:\/\/maldives-paradise.com\/wp-content\/uploads\/2024\/05\/Fushifaru-Maldives2-18x12.jpg 18w, https:\/\/maldives-paradise.com\/wp-content\/uploads\/2024\/05\/Fushifaru-Maldives2-500x333.jpg 500w\" sizes=\"auto, (max-width: 780px) 100vw, 780px\" \/><\/div>\n\t\t<\/figure>\n\t<\/div>\n<\/div><\/div><\/div><\/div><div class=\"vc_row wpb_row vc_row-fluid\"><div class=\"wpb_column vc_column_container vc_col-sm-12\"><div class=\"vc_column-inner\"><div class=\"wpb_wrapper\">\n\t<div class=\"wpb_text_column wpb_content_element\" >\n\t\t<div class=\"wpb_wrapper\">\n\t\t\t<h4><a href=\"http:\/\/maldives-paradise.com\/it\/fushifaru-maldive\/\">Fushifaru Maldive<\/a><\/h4>\n<p>Fushifaru Maldives, situato all&#039;estremit\u00e0 nord-orientale dell&#039;atollo di Lhaviyani, \u00e8 circondato da una vivace barriera corallina che ospita un&#039;abbondante vita marina. Questo boutique resort fonde il design maldiviano con l&#039;estetica moderna, offrendo ville sulla spiaggia e sull&#039;acqua che incarnano comfort ed eleganza. Gli ospiti possono esplorare avventure sottomarine, concedersi trattamenti termali o gustare le delizie culinarie.<\/p>\n\n\t\t<\/div>\n\t<\/div>\n<\/div><\/div><\/div><\/div><div class=\"vc_row wpb_row vc_row-fluid\"><div class=\"wpb_column vc_column_container vc_col-sm-12\"><div class=\"vc_column-inner\"><div class=\"wpb_wrapper\">\n\t<div  class=\"wpb_single_image wpb_content_element vc_align_left wpb_content_element\">\n\t\t<h2 class=\"wpb_heading wpb_singleimage_heading\">I Sei Sensi Kanuhura<\/h2>\n\t\t<figure class=\"wpb_wrapper vc_figure\">\n\t\t\t<div class=\"vc_single_image-wrapper   vc_box_border_grey\"><img loading=\"lazy\" decoding=\"async\" width=\"780\" height=\"507\" src=\"https:\/\/maldives-paradise.com\/wp-content\/uploads\/2024\/05\/Six-Senses-Kanuhura2.jpg\" class=\"vc_single_image-img attachment-large\" alt=\"I Sei Sensi Kanuhura\" title=\"Sei sensi-Kanuhura2\" srcset=\"https:\/\/maldives-paradise.com\/wp-content\/uploads\/2024\/05\/Six-Senses-Kanuhura2.jpg 780w, https:\/\/maldives-paradise.com\/wp-content\/uploads\/2024\/05\/Six-Senses-Kanuhura2-300x195.jpg 300w, https:\/\/maldives-paradise.com\/wp-content\/uploads\/2024\/05\/Six-Senses-Kanuhura2-768x499.jpg 768w, https:\/\/maldives-paradise.com\/wp-content\/uploads\/2024\/05\/Six-Senses-Kanuhura2-18x12.jpg 18w, https:\/\/maldives-paradise.com\/wp-content\/uploads\/2024\/05\/Six-Senses-Kanuhura2-500x325.jpg 500w\" sizes=\"auto, (max-width: 780px) 100vw, 780px\" \/><\/div>\n\t\t<\/figure>\n\t<\/div>\n<\/div><\/div><\/div><\/div><div class=\"vc_row wpb_row vc_row-fluid\"><div class=\"wpb_column vc_column_container vc_col-sm-12\"><div class=\"vc_column-inner\"><div class=\"wpb_wrapper\">\n\t<div class=\"wpb_text_column wpb_content_element\" >\n\t\t<div class=\"wpb_wrapper\">\n\t\t\t<h4><a href=\"http:\/\/maldives-paradise.com\/it\/sei-sensi-kanuhura\/\">I Sei Sensi Kanuhura<\/a><\/h4>\n<p>Questo rifugio rilassato \u00e8 noto per ospitare le pi\u00f9 belle spiagge delle Maldive. Comprendente tre isole private, il resort Six Senses Kanuhura \u00e8 raggiungibile con un breve tragitto in idrovolante dall&#039;aeroporto internazionale di Mal\u00e9 o con un trasferimento in motoscafo dall&#039;incontaminato atollo di Lhaviyani. Con 91 spaziose ville sulla spiaggia, per famiglie e con piscina sull&#039;acqua, la laguna \u00e8 ai tuoi piedi, dove la vivace barriera corallina protegge le tartarughe residenti e la vita marina.<\/p>\n\n\t\t<\/div>\n\t<\/div>\n<\/div><\/div><\/div><\/div><div class=\"vc_row wpb_row vc_row-fluid\"><div class=\"wpb_column vc_column_container vc_col-sm-12\"><div class=\"vc_column-inner\"><div class=\"wpb_wrapper\">\n\t<div  class=\"wpb_single_image wpb_content_element vc_align_left wpb_content_element\">\n\t\t<h2 class=\"wpb_heading wpb_singleimage_heading\">Cocoon Maldive<\/h2>\n\t\t<figure class=\"wpb_wrapper vc_figure\">\n\t\t\t<div class=\"vc_single_image-wrapper   vc_box_border_grey\"><img loading=\"lazy\" decoding=\"async\" width=\"780\" height=\"584\" src=\"https:\/\/maldives-paradise.com\/wp-content\/uploads\/2024\/05\/Cocoon-Maldives2.jpg\" class=\"vc_single_image-img attachment-large\" alt=\"Cocoon Maldive\" title=\"Cocoon-Maldive2\" srcset=\"https:\/\/maldives-paradise.com\/wp-content\/uploads\/2024\/05\/Cocoon-Maldives2.jpg 780w, https:\/\/maldives-paradise.com\/wp-content\/uploads\/2024\/05\/Cocoon-Maldives2-300x225.jpg 300w, https:\/\/maldives-paradise.com\/wp-content\/uploads\/2024\/05\/Cocoon-Maldives2-768x575.jpg 768w, https:\/\/maldives-paradise.com\/wp-content\/uploads\/2024\/05\/Cocoon-Maldives2-16x12.jpg 16w, https:\/\/maldives-paradise.com\/wp-content\/uploads\/2024\/05\/Cocoon-Maldives2-678x509.jpg 678w, https:\/\/maldives-paradise.com\/wp-content\/uploads\/2024\/05\/Cocoon-Maldives2-326x245.jpg 326w, https:\/\/maldives-paradise.com\/wp-content\/uploads\/2024\/05\/Cocoon-Maldives2-80x60.jpg 80w, https:\/\/maldives-paradise.com\/wp-content\/uploads\/2024\/05\/Cocoon-Maldives2-500x374.jpg 500w\" sizes=\"auto, (max-width: 780px) 100vw, 780px\" \/><\/div>\n\t\t<\/figure>\n\t<\/div>\n<\/div><\/div><\/div><\/div><div class=\"vc_row wpb_row vc_row-fluid\"><div class=\"wpb_column vc_column_container vc_col-sm-12\"><div class=\"vc_column-inner\"><div class=\"wpb_wrapper\">\n\t<div class=\"wpb_text_column wpb_content_element\" >\n\t\t<div class=\"wpb_wrapper\">\n\t\t\t<h4><a href=\"https:\/\/hotellook.tp.st\/IwpsBQEP\" target=\"_blank\" rel=\"nofollow noopener\">Cocoon Maldive \u2013 Tutto Incluso<\/a><\/h4>\n<p>Cocoon Maldives combina il design italiano con la straordinaria bellezza naturale delle Maldive. Questo resort di lusso offre una vasta gamma di sistemazioni, dalle ville sulla spiaggia alle suite laguna sull&#039;acqua. Con le sue ampie strutture ricreative, tra cui un centro immersioni, una spa e un miniclub, il Cocoon Maldives, situato nell&#039;atollo di Lhaviyani, garantisce un soggiorno indimenticabile a tutti gli ospiti.<\/p>\n\n\t\t<\/div>\n\t<\/div>\n<\/div><\/div><\/div><\/div><div class=\"vc_row wpb_row vc_row-fluid\"><div class=\"wpb_column vc_column_container vc_col-sm-12\"><div class=\"vc_column-inner\"><div class=\"wpb_wrapper\">\n\t<div  class=\"wpb_single_image wpb_content_element vc_align_left wpb_content_element\">\n\t\t<h2 class=\"wpb_heading wpb_singleimage_heading\">Kuredu Island Resort &amp; Spa<\/h2>\n\t\t<figure class=\"wpb_wrapper vc_figure\">\n\t\t\t<div class=\"vc_single_image-wrapper   vc_box_border_grey\"><img loading=\"lazy\" decoding=\"async\" width=\"780\" height=\"438\" src=\"https:\/\/maldives-paradise.com\/wp-content\/uploads\/2024\/05\/kuredu_Aerial.jpg\" class=\"vc_single_image-img attachment-large\" alt=\"Kuredu Island Resort &amp; Spa\" title=\"kuredu_Aerial\" srcset=\"https:\/\/maldives-paradise.com\/wp-content\/uploads\/2024\/05\/kuredu_Aerial.jpg 780w, https:\/\/maldives-paradise.com\/wp-content\/uploads\/2024\/05\/kuredu_Aerial-300x168.jpg 300w, https:\/\/maldives-paradise.com\/wp-content\/uploads\/2024\/05\/kuredu_Aerial-768x431.jpg 768w, https:\/\/maldives-paradise.com\/wp-content\/uploads\/2024\/05\/kuredu_Aerial-18x10.jpg 18w, https:\/\/maldives-paradise.com\/wp-content\/uploads\/2024\/05\/kuredu_Aerial-678x381.jpg 678w, https:\/\/maldives-paradise.com\/wp-content\/uploads\/2024\/05\/kuredu_Aerial-500x281.jpg 500w\" sizes=\"auto, (max-width: 780px) 100vw, 780px\" \/><\/div>\n\t\t<\/figure>\n\t<\/div>\n<\/div><\/div><\/div><\/div><div class=\"vc_row wpb_row vc_row-fluid\"><div class=\"wpb_column vc_column_container vc_col-sm-12\"><div class=\"vc_column-inner\"><div class=\"wpb_wrapper\">\n\t<div class=\"wpb_text_column wpb_content_element\" >\n\t\t<div class=\"wpb_wrapper\">\n\t\t\t<h4><a href=\"http:\/\/maldives-paradise.com\/it\/centro-termale-del-resort-dellisola-di-kuredu\/\">Kuredu Island Resort &amp; Spa<\/a><\/h4>\n<p>Kuredu Island Resort &amp; Spa \u00e8 uno dei resort pi\u00f9 grandi delle Maldive e offre un&#039;ampia scelta di sistemazioni, dai bungalow sulla spiaggia alle lussuose ville Sultan Pool. Il resort \u00e8 un paradiso per gli appassionati di sport acquatici, con un campo da golf a 6 buche, un centro immersioni e una serie di altre attivit\u00e0.<\/p>\n\n\t\t<\/div>\n\t<\/div>\n<\/div><\/div><\/div><\/div><div class=\"vc_row wpb_row vc_row-fluid\"><div class=\"wpb_column vc_column_container vc_col-sm-12\"><div class=\"vc_column-inner\"><div class=\"wpb_wrapper\">\n\t<div  class=\"wpb_single_image wpb_content_element vc_align_left wpb_content_element\">\n\t\t<h2 class=\"wpb_heading wpb_singleimage_heading\">Resort e spa dell&#039;isola di Palm Beach<\/h2>\n\t\t<figure class=\"wpb_wrapper vc_figure\">\n\t\t\t<div class=\"vc_single_image-wrapper   vc_box_border_grey\"><img loading=\"lazy\" decoding=\"async\" width=\"780\" height=\"520\" src=\"https:\/\/maldives-paradise.com\/wp-content\/uploads\/2024\/05\/palm-beach-island-resort2.jpg\" class=\"vc_single_image-img attachment-large\" alt=\"Resort e spa dell&#039;isola di Palm Beach\" title=\"palm-beach-island-resort2\" srcset=\"https:\/\/maldives-paradise.com\/wp-content\/uploads\/2024\/05\/palm-beach-island-resort2.jpg 780w, https:\/\/maldives-paradise.com\/wp-content\/uploads\/2024\/05\/palm-beach-island-resort2-300x200.jpg 300w, https:\/\/maldives-paradise.com\/wp-content\/uploads\/2024\/05\/palm-beach-island-resort2-768x512.jpg 768w, https:\/\/maldives-paradise.com\/wp-content\/uploads\/2024\/05\/palm-beach-island-resort2-18x12.jpg 18w, https:\/\/maldives-paradise.com\/wp-content\/uploads\/2024\/05\/palm-beach-island-resort2-500x333.jpg 500w\" sizes=\"auto, (max-width: 780px) 100vw, 780px\" \/><\/div>\n\t\t<\/figure>\n\t<\/div>\n<\/div><\/div><\/div><\/div><div class=\"vc_row wpb_row vc_row-fluid\"><div class=\"wpb_column vc_column_container vc_col-sm-12\"><div class=\"vc_column-inner\"><div class=\"wpb_wrapper\">\n\t<div class=\"wpb_text_column wpb_content_element\" >\n\t\t<div class=\"wpb_wrapper\">\n\t\t\t<h4><a href=\"http:\/\/maldives-paradise.com\/it\/centro-termale-del-resort-di-palm-beach-island\/\">Resort e spa dell&#039;isola di Palm Beach<\/a><\/h4>\n<p>Palm Beach Island Resort &amp; Spa, situato su una splendida isola lunga 2 km, \u00e8 noto per le sue lussuose sistemazioni, che includono alcune delle ville pi\u00f9 grandi delle Maldive. Il resort offre un mix di relax e avventura, con un centro immersioni completo, una spa rilassante e numerosi punti ristoro che servono cucina internazionale.<\/p>\n\n\t\t<\/div>\n\t<\/div>\n<\/div><\/div><\/div><\/div><div class=\"vc_row wpb_row vc_row-fluid\"><div class=\"wpb_column vc_column_container vc_col-sm-12\"><div class=\"vc_column-inner\"><div class=\"wpb_wrapper\">\n\t<div  class=\"wpb_single_image wpb_content_element vc_align_left wpb_content_element\">\n\t\t<h2 class=\"wpb_heading wpb_singleimage_heading\">Innahura Maldive Resort<\/h2>\n\t\t<figure class=\"wpb_wrapper vc_figure\">\n\t\t\t<div class=\"vc_single_image-wrapper   vc_box_border_grey\"><img loading=\"lazy\" decoding=\"async\" width=\"780\" height=\"437\" src=\"https:\/\/maldives-paradise.com\/wp-content\/uploads\/2024\/05\/Innahura-Maldives-Resort2.jpg\" class=\"vc_single_image-img attachment-large\" alt=\"Innahura Maldive Resort\" title=\"Innahura-Maldive-Resort2\" srcset=\"https:\/\/maldives-paradise.com\/wp-content\/uploads\/2024\/05\/Innahura-Maldives-Resort2.jpg 780w, https:\/\/maldives-paradise.com\/wp-content\/uploads\/2024\/05\/Innahura-Maldives-Resort2-300x168.jpg 300w, https:\/\/maldives-paradise.com\/wp-content\/uploads\/2024\/05\/Innahura-Maldives-Resort2-768x430.jpg 768w, https:\/\/maldives-paradise.com\/wp-content\/uploads\/2024\/05\/Innahura-Maldives-Resort2-18x10.jpg 18w, https:\/\/maldives-paradise.com\/wp-content\/uploads\/2024\/05\/Innahura-Maldives-Resort2-678x381.jpg 678w, https:\/\/maldives-paradise.com\/wp-content\/uploads\/2024\/05\/Innahura-Maldives-Resort2-500x280.jpg 500w\" sizes=\"auto, (max-width: 780px) 100vw, 780px\" \/><\/div>\n\t\t<\/figure>\n\t<\/div>\n<\/div><\/div><\/div><\/div><div class=\"vc_row wpb_row vc_row-fluid\"><div class=\"wpb_column vc_column_container vc_col-sm-12\"><div class=\"vc_column-inner\"><div class=\"wpb_wrapper\">\n\t<div class=\"wpb_text_column wpb_content_element\" >\n\t\t<div class=\"wpb_wrapper\">\n\t\t\t<h4><a href=\"http:\/\/maldives-paradise.com\/it\/resort-di-innahura-maldive\/\">Innahura Maldive Resort<\/a><\/h4>\n<p>Innahura Maldives Resort offre un&#039;esperienza di lusso senza pretese, con particolare attenzione alla bellezza naturale delle Maldive. I bungalow del resort sono progettati per offrire comfort e semplicit\u00e0 e offrono un rifugio tranquillo. L&#039;approccio di Innahura al lusso \u00e8 rilassato e mirato a fornire un&#039;autentica esperienza di vacanza alle Maldive.<\/p>\n<p>I resort di lusso dell&#039;atollo di Lhaviyani sono molto pi\u00f9 che semplici luoghi in cui soggiornare; sono porte verso esperienze che permangono nella memoria molto tempo dopo che l&#039;abbronzatura \u00e8 svanita. Ogni resort, con le sue offerte uniche e un&#039;ospitalit\u00e0 senza pari, invita gli ospiti a scoprire lo splendore delle Maldive nel grembo del lusso.<\/p>\n\n\t\t<\/div>\n\t<\/div>\n<\/div><\/div><\/div><\/div>\n<\/div>","protected":false},"excerpt":{"rendered":"<div class=\"mh-excerpt\"><\/div>","protected":false},"author":1,"featured_media":16337,"parent":0,"menu_order":0,"comment_status":"closed","ping_status":"closed","template":"","meta":{"footnotes":""},"class_list":["post-16336","page","type-page","status-publish","has-post-thumbnail"],"aioseo_notices":[],"_links":{"self":[{"href":"https:\/\/maldives-paradise.com\/it\/wp-json\/wp\/v2\/pages\/16336","targetHints":{"allow":["GET"]}}],"collection":[{"href":"https:\/\/maldives-paradise.com\/it\/wp-json\/wp\/v2\/pages"}],"about":[{"href":"https:\/\/maldives-paradise.com\/it\/wp-json\/wp\/v2\/types\/page"}],"author":[{"embeddable":true,"href":"https:\/\/maldives-paradise.com\/it\/wp-json\/wp\/v2\/users\/1"}],"replies":[{"embeddable":true,"href":"https:\/\/maldives-paradise.com\/it\/wp-json\/wp\/v2\/comments?post=16336"}],"version-history":[{"count":4,"href":"https:\/\/maldives-paradise.com\/it\/wp-json\/wp\/v2\/pages\/16336\/revisions"}],"predecessor-version":[{"id":16352,"href":"https:\/\/maldives-paradise.com\/it\/wp-json\/wp\/v2\/pages\/16336\/revisions\/16352"}],"wp:featuredmedia":[{"embeddable":true,"href":"https:\/\/maldives-paradise.com\/it\/wp-json\/wp\/v2\/media\/16337"}],"wp:attachment":[{"href":"https:\/\/maldives-paradise.com\/it\/wp-json\/wp\/v2\/media?parent=16336"}],"curies":[{"name":"wp","href":"https:\/\/api.w.org\/{rel}","templated":true}]}}