{"id":16026,"date":"2024-05-25T10:56:36","date_gmt":"2024-05-25T10:56:36","guid":{"rendered":"http:\/\/maldives-paradise.com\/?page_id=16026"},"modified":"2025-10-10T15:08:11","modified_gmt":"2025-10-10T15:08:11","slug":"i-migliori-resort-di-lusso-nellatollo-di-gaafu","status":"publish","type":"page","link":"https:\/\/maldives-paradise.com\/it\/i-migliori-resort-di-lusso-nellatollo-di-gaafu\/","title":{"rendered":"I migliori resort di lusso nell&#039;atollo di Gaafu"},"content":{"rendered":"<div class=\"wpb-content-wrapper\"><div class=\"vc_row wpb_row vc_row-fluid\"><div class=\"wpb_column vc_column_container vc_col-sm-12\"><div class=\"vc_column-inner\"><div class=\"wpb_wrapper\">\n\t<div class=\"wpb_text_column wpb_content_element\" >\n\t\t<div class=\"wpb_wrapper\">\n\t\t\t<p><strong>Atollo di Gaafu<\/strong> \u00e8 una destinazione turistica popolare per chi cerca un&#039;autentica esperienza maldiviana. L&#039;atollo \u00e8 famoso per le sue spiagge incontaminate, le acque turchesi e la diversificata vita marina, che lo rendono un luogo ideale per lo snorkeling e le immersioni. L&#039;atollo \u00e8 uno dei pi\u00f9 grandi delle Maldive, con 87 isole, di cui solo 12 abitate.<\/p>\n\n\t\t<\/div>\n\t<\/div>\n<\/div><\/div><\/div><\/div><div class=\"vc_row wpb_row vc_row-fluid\"><div class=\"wpb_column vc_column_container vc_col-sm-12\"><div class=\"vc_column-inner\"><div class=\"wpb_wrapper\">\n\t<div  class=\"wpb_single_image wpb_content_element vc_align_left wpb_content_element\">\n\t\t<h2 class=\"wpb_heading wpb_singleimage_heading\">Raffles Maldive Meradhoo<\/h2>\n\t\t<figure class=\"wpb_wrapper vc_figure\">\n\t\t\t<div class=\"vc_single_image-wrapper   vc_box_border_grey\"><img loading=\"lazy\" decoding=\"async\" width=\"1024\" height=\"768\" src=\"https:\/\/maldives-paradise.com\/wp-content\/uploads\/2024\/05\/raffles.jpg\" class=\"vc_single_image-img attachment-large\" alt=\"Raffles Maldive Meradhoo\" title=\"lotterie\" srcset=\"https:\/\/maldives-paradise.com\/wp-content\/uploads\/2024\/05\/raffles.jpg 1024w, https:\/\/maldives-paradise.com\/wp-content\/uploads\/2024\/05\/raffles-300x225.jpg 300w, https:\/\/maldives-paradise.com\/wp-content\/uploads\/2024\/05\/raffles-768x576.jpg 768w, https:\/\/maldives-paradise.com\/wp-content\/uploads\/2024\/05\/raffles-16x12.jpg 16w, https:\/\/maldives-paradise.com\/wp-content\/uploads\/2024\/05\/raffles-678x509.jpg 678w, https:\/\/maldives-paradise.com\/wp-content\/uploads\/2024\/05\/raffles-326x245.jpg 326w, https:\/\/maldives-paradise.com\/wp-content\/uploads\/2024\/05\/raffles-80x60.jpg 80w, https:\/\/maldives-paradise.com\/wp-content\/uploads\/2024\/05\/raffles-500x375.jpg 500w, https:\/\/maldives-paradise.com\/wp-content\/uploads\/2024\/05\/raffles-800x600.jpg 800w\" sizes=\"auto, (max-width: 1024px) 100vw, 1024px\" \/><\/div>\n\t\t<\/figure>\n\t<\/div>\n<\/div><\/div><\/div><\/div><div class=\"vc_row wpb_row vc_row-fluid\"><div class=\"wpb_column vc_column_container vc_col-sm-12\"><div class=\"vc_column-inner\"><div class=\"wpb_wrapper\">\n\t<div class=\"wpb_text_column wpb_content_element\" >\n\t\t<div class=\"wpb_wrapper\">\n\t\t\t<h4><a href=\"https:\/\/trip.tpo.lv\/a8GaZiTf\" target=\"_blank\" rel=\"nofollow noopener\">Raffle Maldive<\/a><\/h4>\n<p>Raffles Maldives Meradhoo \u00e8 due mondi meravigliosi in uno, circondati da sabbia bianca incontaminata e acque cristalline. Le ville e i residence eleganti e spaziosi sono a pochi passi dalla spiaggia su un&#039;isola privata o sulla laguna, con ampi panorami della bellezza eterea dell&#039;atollo di Gaafu nell&#039;Oceano Indiano.<\/p>\n\n\t\t<\/div>\n\t<\/div>\n<\/div><\/div><\/div><\/div><div class=\"vc_row wpb_row vc_row-fluid\"><div class=\"wpb_column vc_column_container vc_col-sm-12\"><div class=\"vc_column-inner\"><div class=\"wpb_wrapper\">\n\t<div  class=\"wpb_single_image wpb_content_element vc_align_left wpb_content_element\">\n\t\t<h2 class=\"wpb_heading wpb_singleimage_heading\">Park Hyatt Maldive Hadahaa<\/h2>\n\t\t<figure class=\"wpb_wrapper vc_figure\">\n\t\t\t<div class=\"vc_single_image-wrapper   vc_box_border_grey\"><img loading=\"lazy\" decoding=\"async\" width=\"700\" height=\"475\" src=\"https:\/\/maldives-paradise.com\/wp-content\/uploads\/2024\/05\/Park-Hyatt-Maldives-Hadahaa-deluxe-park-pool-villa.jpg\" class=\"vc_single_image-img attachment-large\" alt=\"Park Hyatt Maldive Hadahaa\" title=\"Park Hyatt Maldives Hadahaa-villa-deluxe-park-piscina\" srcset=\"https:\/\/maldives-paradise.com\/wp-content\/uploads\/2024\/05\/Park-Hyatt-Maldives-Hadahaa-deluxe-park-pool-villa.jpg 700w, https:\/\/maldives-paradise.com\/wp-content\/uploads\/2024\/05\/Park-Hyatt-Maldives-Hadahaa-deluxe-park-pool-villa-300x204.jpg 300w, https:\/\/maldives-paradise.com\/wp-content\/uploads\/2024\/05\/Park-Hyatt-Maldives-Hadahaa-deluxe-park-pool-villa-18x12.jpg 18w, https:\/\/maldives-paradise.com\/wp-content\/uploads\/2024\/05\/Park-Hyatt-Maldives-Hadahaa-deluxe-park-pool-villa-500x339.jpg 500w\" sizes=\"auto, (max-width: 700px) 100vw, 700px\" \/><\/div>\n\t\t<\/figure>\n\t<\/div>\n<\/div><\/div><\/div><\/div><div class=\"vc_row wpb_row vc_row-fluid\"><div class=\"wpb_column vc_column_container vc_col-sm-12\"><div class=\"vc_column-inner\"><div class=\"wpb_wrapper\">\n\t<div class=\"wpb_text_column wpb_content_element\" >\n\t\t<div class=\"wpb_wrapper\">\n\t\t\t<h4><a href=\"https:\/\/trip.tpo.lv\/VgLltNfb\" target=\"_blank\" rel=\"nofollow noopener\">Park Hyatt Maldive Hadahaa<\/a><\/h4>\n<p>Sperimenta un servizio di prima classe al Park Hyatt Maldives Hadahaa. Goditi soggiorni di lusso su un&#039;isola esclusiva al Park Hyatt Maldives, con ville a 5 stelle situate a pochi passi dalla finissima sabbia bianca. \u00c8 dotato di piscina all&#039;aperto, centro attivit\u00e0 e colombaie PADI 5 stelle, spa e centro fitness di prim&#039;ordine. Immerse nella vegetazione tropicale, le ville dispongono di aree bagno a pianta aperta con viste panoramiche. I comfort della villa includono ponti privati con divani letto, hub multimediale e molto altro.<\/p>\n\n\t\t<\/div>\n\t<\/div>\n<\/div><\/div><\/div><\/div><div class=\"vc_row wpb_row vc_row-fluid\"><div class=\"wpb_column vc_column_container vc_col-sm-12\"><div class=\"vc_column-inner\"><div class=\"wpb_wrapper\">\n\t<div  class=\"wpb_single_image wpb_content_element vc_align_left wpb_content_element\">\n\t\t<h2 class=\"wpb_heading wpb_singleimage_heading\">ROBINSON Club Maldive<\/h2>\n\t\t<figure class=\"wpb_wrapper vc_figure\">\n\t\t\t<div class=\"vc_single_image-wrapper   vc_box_border_grey\"><img loading=\"lazy\" decoding=\"async\" width=\"780\" height=\"518\" src=\"https:\/\/maldives-paradise.com\/wp-content\/uploads\/2024\/05\/Robinson-Maldives-Adults-Only-Hotel-Gaafu-Alifu-Atoll-Exterior.jpeg\" class=\"vc_single_image-img attachment-large\" alt=\"Atollo di Gaafu alle Maldive\" title=\"Robinson-Maldive-Adults-Only-Hotel-Gaafu-Alifu-Atoll-esterno\" srcset=\"https:\/\/maldives-paradise.com\/wp-content\/uploads\/2024\/05\/Robinson-Maldives-Adults-Only-Hotel-Gaafu-Alifu-Atoll-Exterior.jpeg 780w, https:\/\/maldives-paradise.com\/wp-content\/uploads\/2024\/05\/Robinson-Maldives-Adults-Only-Hotel-Gaafu-Alifu-Atoll-Exterior-300x199.jpeg 300w, https:\/\/maldives-paradise.com\/wp-content\/uploads\/2024\/05\/Robinson-Maldives-Adults-Only-Hotel-Gaafu-Alifu-Atoll-Exterior-768x510.jpeg 768w, https:\/\/maldives-paradise.com\/wp-content\/uploads\/2024\/05\/Robinson-Maldives-Adults-Only-Hotel-Gaafu-Alifu-Atoll-Exterior-18x12.jpeg 18w, https:\/\/maldives-paradise.com\/wp-content\/uploads\/2024\/05\/Robinson-Maldives-Adults-Only-Hotel-Gaafu-Alifu-Atoll-Exterior-500x332.jpeg 500w\" sizes=\"auto, (max-width: 780px) 100vw, 780px\" \/><\/div>\n\t\t<\/figure>\n\t<\/div>\n<\/div><\/div><\/div><\/div><div class=\"vc_row wpb_row vc_row-fluid\"><div class=\"wpb_column vc_column_container vc_col-sm-12\"><div class=\"vc_column-inner\"><div class=\"wpb_wrapper\">\n\t<div class=\"wpb_text_column wpb_content_element\" >\n\t\t<div class=\"wpb_wrapper\">\n\t\t\t<h4><a href=\"https:\/\/trip.tpo.lv\/eBl71ATn\" target=\"_blank\" rel=\"nofollow noopener\">ROBINSON Club Maldive<\/a><\/h4>\n<p>Situato sull&#039;isola di Funamadua, il ROBINSON Maldives si rivolge ad adulti e famiglie con bambini dai 14 anni in su. Offre un&#039;atmosfera rilassata con bungalow sulla spiaggia, ville con giardino e ville sull&#039;acqua, ognuna progettata per offrire un rifugio intimo. Il resort \u00e8 noto per la sua vasta gamma di attivit\u00e0 sportive, tra cui immersioni, sport acquatici e corsi di fitness, che lo rendono la scelta perfetta per i viaggiatori attivi in cerca di lusso.<\/p>\n\n\t\t<\/div>\n\t<\/div>\n<\/div><\/div><\/div><\/div><div class=\"vc_row wpb_row vc_row-fluid\"><div class=\"wpb_column vc_column_container vc_col-sm-12\"><div class=\"vc_column-inner\"><div class=\"wpb_wrapper\">\n\t<div  class=\"wpb_single_image wpb_content_element vc_align_left wpb_content_element\">\n\t\t<h2 class=\"wpb_heading wpb_singleimage_heading\">Mercure Maldive Kooddoo Resort<\/h2>\n\t\t<figure class=\"wpb_wrapper vc_figure\">\n\t\t\t<div class=\"vc_single_image-wrapper   vc_box_border_grey\"><img loading=\"lazy\" decoding=\"async\" width=\"1024\" height=\"768\" src=\"https:\/\/maldives-paradise.com\/wp-content\/uploads\/2024\/05\/mercure.jpg\" class=\"vc_single_image-img attachment-large\" alt=\"Mercure Maldive Kooddoo Resort\" title=\"Mercure Maldive Kooddoo Resort\" srcset=\"https:\/\/maldives-paradise.com\/wp-content\/uploads\/2024\/05\/mercure.jpg 1024w, https:\/\/maldives-paradise.com\/wp-content\/uploads\/2024\/05\/mercure-300x225.jpg 300w, https:\/\/maldives-paradise.com\/wp-content\/uploads\/2024\/05\/mercure-768x576.jpg 768w, https:\/\/maldives-paradise.com\/wp-content\/uploads\/2024\/05\/mercure-16x12.jpg 16w, https:\/\/maldives-paradise.com\/wp-content\/uploads\/2024\/05\/mercure-678x509.jpg 678w, https:\/\/maldives-paradise.com\/wp-content\/uploads\/2024\/05\/mercure-326x245.jpg 326w, https:\/\/maldives-paradise.com\/wp-content\/uploads\/2024\/05\/mercure-80x60.jpg 80w, https:\/\/maldives-paradise.com\/wp-content\/uploads\/2024\/05\/mercure-500x375.jpg 500w, https:\/\/maldives-paradise.com\/wp-content\/uploads\/2024\/05\/mercure-800x600.jpg 800w\" sizes=\"auto, (max-width: 1024px) 100vw, 1024px\" \/><\/div>\n\t\t<\/figure>\n\t<\/div>\n<\/div><\/div><\/div><\/div><div class=\"vc_row wpb_row vc_row-fluid\"><div class=\"wpb_column vc_column_container vc_col-sm-12\"><div class=\"vc_column-inner\"><div class=\"wpb_wrapper\">\n\t<div class=\"wpb_text_column wpb_content_element\" >\n\t\t<div class=\"wpb_wrapper\">\n\t\t\t<h4><a href=\"https:\/\/trip.tpo.lv\/VmYMdeUR\" target=\"_blank\" rel=\"nofollow noopener\">Mercure Maldive Kooddoo Resort<\/a><\/h4>\n<p>Dotato di accesso diretto all&#039;oceano da tutte le sue ville, il Mercure Maldives Kooddoo Resort combina l&#039;architettura locale con i comfort moderni. \u00c8 l&#039;unico resort alle Maldive costruito utilizzando materiali locali, riducendo significativamente l&#039;impronta di carbonio. Con un centro di biologia marina, una spa ben attrezzata e numerosi punti ristoro, il resort offre un&#039;esperienza di lusso completa.<\/p>\n\n\t\t<\/div>\n\t<\/div>\n<\/div><\/div><\/div><\/div><div class=\"vc_row wpb_row vc_row-fluid\"><div class=\"wpb_column vc_column_container vc_col-sm-12\"><div class=\"vc_column-inner\"><div class=\"wpb_wrapper\">\n\t<div  class=\"wpb_single_image wpb_content_element vc_align_left wpb_content_element\">\n\t\t<h2 class=\"wpb_heading wpb_singleimage_heading\">Outrigger Konotta Maldives Resort<\/h2>\n\t\t<figure class=\"wpb_wrapper vc_figure\">\n\t\t\t<div class=\"vc_single_image-wrapper   vc_box_border_grey\"><img loading=\"lazy\" decoding=\"async\" width=\"900\" height=\"500\" src=\"https:\/\/maldives-paradise.com\/wp-content\/uploads\/2024\/05\/outrigger.jpg\" class=\"vc_single_image-img attachment-large\" alt=\"Outrigger Konotta Maldives Resort\" title=\"stabilizzatore\" srcset=\"https:\/\/maldives-paradise.com\/wp-content\/uploads\/2024\/05\/outrigger.jpg 900w, https:\/\/maldives-paradise.com\/wp-content\/uploads\/2024\/05\/outrigger-300x167.jpg 300w, https:\/\/maldives-paradise.com\/wp-content\/uploads\/2024\/05\/outrigger-768x427.jpg 768w, https:\/\/maldives-paradise.com\/wp-content\/uploads\/2024\/05\/outrigger-18x10.jpg 18w, https:\/\/maldives-paradise.com\/wp-content\/uploads\/2024\/05\/outrigger-500x278.jpg 500w, https:\/\/maldives-paradise.com\/wp-content\/uploads\/2024\/05\/outrigger-800x444.jpg 800w\" sizes=\"auto, (max-width: 900px) 100vw, 900px\" \/><\/div>\n\t\t<\/figure>\n\t<\/div>\n<\/div><\/div><\/div><\/div><div class=\"vc_row wpb_row vc_row-fluid\"><div class=\"wpb_column vc_column_container vc_col-sm-12\"><div class=\"vc_column-inner\"><div class=\"wpb_wrapper\">\n\t<div class=\"wpb_text_column wpb_content_element\" >\n\t\t<div class=\"wpb_wrapper\">\n\t\t\t<h4><a href=\"https:\/\/hotellook.tp.st\/C5KGyvIB\" target=\"_blank\" rel=\"nofollow noopener\">Outrigger Konotta Maldives Resort<\/a><\/h4>\n<p>Questo resort appartato offre privacy e lusso senza eguali, con ville spaziose dotate di piscine private, accesso diretto alla laguna e servizio personalizzato. L&#039;Outrigger Konotta Maldives Resort \u00e8 perfetto per chi cerca una fuga serena e opulenta. La sua Navasana Spa, le diverse opzioni culinarie e la gamma di attivit\u00e0 acquatiche assicurano un soggiorno indimenticabile nel paradiso dell&#039;atollo di Gaafu.<\/p>\n\n\t\t<\/div>\n\t<\/div>\n<\/div><\/div><\/div><\/div><div class=\"vc_row wpb_row vc_row-fluid\"><div class=\"wpb_column vc_column_container vc_col-sm-12\"><div class=\"vc_column-inner\"><div class=\"wpb_wrapper\">\n\t<div  class=\"wpb_single_image wpb_content_element vc_align_left wpb_content_element\">\n\t\t<h2 class=\"wpb_heading wpb_singleimage_heading\">Resort tutto compreso Pullman Maldive<\/h2>\n\t\t<figure class=\"wpb_wrapper vc_figure\">\n\t\t\t<div class=\"vc_single_image-wrapper   vc_box_border_grey\"><img loading=\"lazy\" decoding=\"async\" width=\"1024\" height=\"683\" src=\"https:\/\/maldives-paradise.com\/wp-content\/uploads\/2024\/05\/pullman.jpg\" class=\"vc_single_image-img attachment-large\" alt=\"Resort tutto compreso Pullman Maldive\" title=\"pullman\" srcset=\"https:\/\/maldives-paradise.com\/wp-content\/uploads\/2024\/05\/pullman.jpg 1024w, https:\/\/maldives-paradise.com\/wp-content\/uploads\/2024\/05\/pullman-300x200.jpg 300w, https:\/\/maldives-paradise.com\/wp-content\/uploads\/2024\/05\/pullman-768x512.jpg 768w, https:\/\/maldives-paradise.com\/wp-content\/uploads\/2024\/05\/pullman-18x12.jpg 18w, https:\/\/maldives-paradise.com\/wp-content\/uploads\/2024\/05\/pullman-500x333.jpg 500w, https:\/\/maldives-paradise.com\/wp-content\/uploads\/2024\/05\/pullman-800x534.jpg 800w\" sizes=\"auto, (max-width: 1024px) 100vw, 1024px\" \/><\/div>\n\t\t<\/figure>\n\t<\/div>\n<\/div><\/div><\/div><\/div><div class=\"vc_row wpb_row vc_row-fluid\"><div class=\"wpb_column vc_column_container vc_col-sm-12\"><div class=\"vc_column-inner\"><div class=\"wpb_wrapper\">\n\t<div class=\"wpb_text_column wpb_content_element\" >\n\t\t<div class=\"wpb_wrapper\">\n\t\t\t<h4><a href=\"https:\/\/hotellook.tp.st\/sAUwE7NU\" target=\"_blank\" rel=\"nofollow noopener\">Resort tutto compreso Pullman Maldive<\/a><\/h4>\n<p>Pullman Maldives Maamutaa: un paradiso all-inclusive dove il lusso incontra possibilit\u00e0 illimitate. Immergiti in vantaggi esclusivi, accendi il tuo intelletto ed estendi con coraggio i tuoi orizzonti. Questo non \u00e8 solo un resort; \u00e8 un luogo progettato per coloro che vogliono migliorare il proprio gioco. Immerso nel sud delle Maldive, sull&#039;isola di Maamutaa, nell&#039;atollo di Gaafu Alifu, il nostro intraprendente parco giochi si estende su 18 ettari di vegetazione lussureggiante, che circonda un lago naturale. Il nostro impegno? Fornirti la vacanza di una vita<\/p>\n\n\t\t<\/div>\n\t<\/div>\n<\/div><\/div><\/div><\/div><div class=\"vc_row wpb_row vc_row-fluid\"><div class=\"wpb_column vc_column_container vc_col-sm-12\"><div class=\"vc_column-inner\"><div class=\"wpb_wrapper\">\n\t<div  class=\"wpb_single_image wpb_content_element vc_align_left wpb_content_element\">\n\t\t<h2 class=\"wpb_heading wpb_singleimage_heading\">Il Residence Maldive a Falhumaafushi<\/h2>\n\t\t<figure class=\"wpb_wrapper vc_figure\">\n\t\t\t<div class=\"vc_single_image-wrapper   vc_box_border_grey\"><img loading=\"lazy\" decoding=\"async\" width=\"780\" height=\"519\" src=\"https:\/\/maldives-paradise.com\/wp-content\/uploads\/2024\/05\/The-Residence-Maldives-at-Falhumaafushi.jpg\" class=\"vc_single_image-img attachment-large\" alt=\"Il Residence Maldive a Falhumaafushi\" title=\"Il Residence Maldive a Falhumaafushi\" srcset=\"https:\/\/maldives-paradise.com\/wp-content\/uploads\/2024\/05\/The-Residence-Maldives-at-Falhumaafushi.jpg 780w, https:\/\/maldives-paradise.com\/wp-content\/uploads\/2024\/05\/The-Residence-Maldives-at-Falhumaafushi-300x200.jpg 300w, https:\/\/maldives-paradise.com\/wp-content\/uploads\/2024\/05\/The-Residence-Maldives-at-Falhumaafushi-768x511.jpg 768w, https:\/\/maldives-paradise.com\/wp-content\/uploads\/2024\/05\/The-Residence-Maldives-at-Falhumaafushi-18x12.jpg 18w, https:\/\/maldives-paradise.com\/wp-content\/uploads\/2024\/05\/The-Residence-Maldives-at-Falhumaafushi-500x333.jpg 500w\" sizes=\"auto, (max-width: 780px) 100vw, 780px\" \/><\/div>\n\t\t<\/figure>\n\t<\/div>\n<\/div><\/div><\/div><\/div><div class=\"vc_row wpb_row vc_row-fluid\"><div class=\"wpb_column vc_column_container vc_col-sm-12\"><div class=\"vc_column-inner\"><div class=\"wpb_wrapper\">\n\t<div class=\"wpb_text_column wpb_content_element\" >\n\t\t<div class=\"wpb_wrapper\">\n\t\t\t<h4><a href=\"https:\/\/trip.tpo.lv\/HJSSIY3X\" target=\"_blank\" rel=\"nofollow noopener\">La Residenza Maldive<\/a><\/h4>\n<p>Situato sull&#039;isola incontaminata di Falhumaafushi nell&#039;atollo di Gaafu Alifu, uno degli atolli pi\u00f9 grandi e profondi del mondo, questo resort con 94 ville fronte spiaggia e sull&#039;acqua \u00e8 un rifugio intimo. La bellezza della barriera corallina dell&#039;isola e dei suoi squali e tartarughe residenti \u00e8 accessibile direttamente dal ponte della villa sull&#039;acqua. Il resort vanta tre ristoranti e quattro bar, sport acquatici, un centro fitness, miniclub ed escursioni alle isole vicine.<\/p>\n\n\t\t<\/div>\n\t<\/div>\n<\/div><\/div><\/div><\/div><div class=\"vc_row wpb_row vc_row-fluid\"><div class=\"wpb_column vc_column_container vc_col-sm-12\"><div class=\"vc_column-inner\"><div class=\"wpb_wrapper\">\n\t<div  class=\"wpb_single_image wpb_content_element vc_align_left wpb_content_element\">\n\t\t<h2 class=\"wpb_heading wpb_singleimage_heading\">NH Collection Maldive Havodda Resort<\/h2>\n\t\t<figure class=\"wpb_wrapper vc_figure\">\n\t\t\t<div class=\"vc_single_image-wrapper   vc_box_border_grey\"><img loading=\"lazy\" decoding=\"async\" width=\"1024\" height=\"683\" src=\"https:\/\/maldives-paradise.com\/wp-content\/uploads\/2024\/05\/nh-collection.jpg\" class=\"vc_single_image-img attachment-large\" alt=\"NH Collection Maldive Havodda Resort\" title=\"nh-collezione\" srcset=\"https:\/\/maldives-paradise.com\/wp-content\/uploads\/2024\/05\/nh-collection.jpg 1024w, https:\/\/maldives-paradise.com\/wp-content\/uploads\/2024\/05\/nh-collection-300x200.jpg 300w, https:\/\/maldives-paradise.com\/wp-content\/uploads\/2024\/05\/nh-collection-768x512.jpg 768w, https:\/\/maldives-paradise.com\/wp-content\/uploads\/2024\/05\/nh-collection-18x12.jpg 18w, https:\/\/maldives-paradise.com\/wp-content\/uploads\/2024\/05\/nh-collection-500x333.jpg 500w, https:\/\/maldives-paradise.com\/wp-content\/uploads\/2024\/05\/nh-collection-800x534.jpg 800w\" sizes=\"auto, (max-width: 1024px) 100vw, 1024px\" \/><\/div>\n\t\t<\/figure>\n\t<\/div>\n<\/div><\/div><\/div><\/div><div class=\"vc_row wpb_row vc_row-fluid\"><div class=\"wpb_column vc_column_container vc_col-sm-12\"><div class=\"vc_column-inner\"><div class=\"wpb_wrapper\">\n\t<div class=\"wpb_text_column wpb_content_element\" >\n\t\t<div class=\"wpb_wrapper\">\n\t\t\t<h4><a href=\"https:\/\/hotellook.tp.st\/VjHy8xqe\" target=\"_blank\" rel=\"nofollow noopener\">NH Collection Maldive Havodda Resort<\/a><\/h4>\n<p>Il resort \u00e8 nascosto nell&#039;Oceano Indiano, su un&#039;isola privata a 400 km a sud della capitale, Male, nell&#039;atollo di Gaafu Dhaalu. Ti invitiamo a scoprire il paradiso all&#039;NH Collection Maldives Havodda Resort, un rifugio appartato con una lussureggiante vegetazione tropicale, acque turchesi cristalline e infinite spiagge di sabbia bianca. Offre una piscina all&#039;aperto, una piscina per bambini e strutture per sport acquatici. Il resort dispone di una terrazza solarium, di un centro benessere e di 5 punti ristoro. Dispone inoltre di un campo da beach volley e di un centro FIT.<\/p>\n\n\t\t<\/div>\n\t<\/div>\n<\/div><\/div><\/div><\/div><div class=\"vc_row wpb_row vc_row-fluid\"><div class=\"wpb_column vc_column_container vc_col-sm-12\"><div class=\"vc_column-inner\"><div class=\"wpb_wrapper\">\n\t<div class=\"wpb_text_column wpb_content_element\" >\n\t\t<div class=\"wpb_wrapper\">\n\t\t\t<h4><a href=\"https:\/\/maldives-paradise.com\/it\/2024\/03\/i-migliori-resort-di-lusso-nellatollo-di-baa\/\">I migliori resort di lusso nell&#039;atollo di Baa<\/a><\/h4>\n\n\t\t<\/div>\n\t<\/div>\n<\/div><\/div><\/div><\/div>\n<\/div>","protected":false},"excerpt":{"rendered":"<div class=\"mh-excerpt\"><\/div>","protected":false},"author":1,"featured_media":16027,"parent":0,"menu_order":0,"comment_status":"closed","ping_status":"closed","template":"","meta":{"footnotes":""},"class_list":["post-16026","page","type-page","status-publish","has-post-thumbnail"],"aioseo_notices":[],"_links":{"self":[{"href":"https:\/\/maldives-paradise.com\/it\/wp-json\/wp\/v2\/pages\/16026","targetHints":{"allow":["GET"]}}],"collection":[{"href":"https:\/\/maldives-paradise.com\/it\/wp-json\/wp\/v2\/pages"}],"about":[{"href":"https:\/\/maldives-paradise.com\/it\/wp-json\/wp\/v2\/types\/page"}],"author":[{"embeddable":true,"href":"https:\/\/maldives-paradise.com\/it\/wp-json\/wp\/v2\/users\/1"}],"replies":[{"embeddable":true,"href":"https:\/\/maldives-paradise.com\/it\/wp-json\/wp\/v2\/comments?post=16026"}],"version-history":[{"count":7,"href":"https:\/\/maldives-paradise.com\/it\/wp-json\/wp\/v2\/pages\/16026\/revisions"}],"predecessor-version":[{"id":43504,"href":"https:\/\/maldives-paradise.com\/it\/wp-json\/wp\/v2\/pages\/16026\/revisions\/43504"}],"wp:featuredmedia":[{"embeddable":true,"href":"https:\/\/maldives-paradise.com\/it\/wp-json\/wp\/v2\/media\/16027"}],"wp:attachment":[{"href":"https:\/\/maldives-paradise.com\/it\/wp-json\/wp\/v2\/media?parent=16026"}],"curies":[{"name":"wp","href":"https:\/\/api.w.org\/{rel}","templated":true}]}}