{"id":15837,"date":"2024-05-22T16:34:40","date_gmt":"2024-05-22T16:34:40","guid":{"rendered":"http:\/\/maldives-paradise.com\/?page_id=15837"},"modified":"2025-10-04T09:51:35","modified_gmt":"2025-10-04T09:51:35","slug":"i-migliori-resort-di-lusso-nellatollo-di-dhaalu","status":"publish","type":"page","link":"https:\/\/maldives-paradise.com\/it\/i-migliori-resort-di-lusso-nellatollo-di-dhaalu\/","title":{"rendered":"I migliori resort di lusso nell&#039;atollo di Dhaalu"},"content":{"rendered":"<div class=\"wpb-content-wrapper\"><div class=\"vc_row wpb_row vc_row-fluid\"><div class=\"wpb_column vc_column_container vc_col-sm-12\"><div class=\"vc_column-inner\"><div class=\"wpb_wrapper\">\n\t<div class=\"wpb_text_column wpb_content_element\" >\n\t\t<div class=\"wpb_wrapper\">\n\t\t\t<p>L&#039;atollo di Dhaalu, un gioiello incontaminato nella corona delle Maldive, \u00e8 celebrato per i suoi paesaggi sottomarini mozzafiato, le acque turchesi cristalline e le isole appartate che offrono il massimo del lusso e della privacy. Questo atollo \u00e8 diventato una destinazione ambita per coloro che desiderano una vacanza che combini la serenit\u00e0 di un&#039;isola appartata con l&#039;opulenza dei resort di lusso. Qui, l&#039;armonia tra natura e comfort di lusso \u00e8 meticolosamente preservata, offrendo agli ospiti un&#039;esperienza senza pari. Di seguito sono riportati i dieci migliori resort di lusso in <strong>Atollo di Dhaalu<\/strong>, ognuno dei quali offre una via di fuga in un mondo di indulgente tranquillit\u00e0 e bellezza senza pari.<\/p>\n\n\t\t<\/div>\n\t<\/div>\n<\/div><\/div><\/div><\/div><div class=\"vc_row wpb_row vc_row-fluid\"><div class=\"wpb_column vc_column_container vc_col-sm-12\"><div class=\"vc_column-inner\"><div class=\"wpb_wrapper\">\n\t<div  class=\"wpb_single_image wpb_content_element vc_align_left wpb_content_element\">\n\t\t<h2 class=\"wpb_heading wpb_singleimage_heading\">Niyama Isole Private Maldive<\/h2>\n\t\t<figure class=\"wpb_wrapper vc_figure\">\n\t\t\t<div class=\"vc_single_image-wrapper   vc_box_border_grey\"><img loading=\"lazy\" decoding=\"async\" width=\"1024\" height=\"720\" src=\"https:\/\/maldives-paradise.com\/wp-content\/uploads\/2024\/01\/niyama2.jpg\" class=\"vc_single_image-img attachment-large\" alt=\"Niyama Isole Private Maldive\" title=\"niyama2\" srcset=\"https:\/\/maldives-paradise.com\/wp-content\/uploads\/2024\/01\/niyama2.jpg 1024w, https:\/\/maldives-paradise.com\/wp-content\/uploads\/2024\/01\/niyama2-300x211.jpg 300w, https:\/\/maldives-paradise.com\/wp-content\/uploads\/2024\/01\/niyama2-768x540.jpg 768w, https:\/\/maldives-paradise.com\/wp-content\/uploads\/2024\/01\/niyama2-500x352.jpg 500w, https:\/\/maldives-paradise.com\/wp-content\/uploads\/2024\/01\/niyama2-800x563.jpg 800w\" sizes=\"auto, (max-width: 1024px) 100vw, 1024px\" \/><\/div>\n\t\t<\/figure>\n\t<\/div>\n<\/div><\/div><\/div><\/div><div class=\"vc_row wpb_row vc_row-fluid\"><div class=\"wpb_column vc_column_container vc_col-sm-12\"><div class=\"vc_column-inner\"><div class=\"wpb_wrapper\">\n\t<div class=\"wpb_text_column wpb_content_element\" >\n\t\t<div class=\"wpb_wrapper\">\n\t\t\t<h4><a href=\"https:\/\/lamp.glopss.com\/SHUv\" target=\"_blank\" rel=\"nofollow noopener\">Niyama Isole Private Maldive<\/a><\/h4>\n<p>Niyama Private Islands Maldives porta il concetto di isola chic a un nuovo livello con le sue isole gemelle, Play e Chill. Il resort offre una miscela unica di attivit\u00e0 avventurose e relax sereno, tra cui una discoteca sottomarina e una tranquilla spa sull&#039;acqua. Le ville, che vanno dalla spiaggia all&#039;overwater, ridefiniscono il lusso con le loro piscine private e l&#039;accesso diretto alla laguna o all&#039;oceano.<\/p>\n\n\t\t<\/div>\n\t<\/div>\n<\/div><\/div><\/div><\/div><div class=\"vc_row wpb_row vc_row-fluid\"><div class=\"wpb_column vc_column_container vc_col-sm-12\"><div class=\"vc_column-inner\"><div class=\"wpb_wrapper\">\n\t<div  class=\"wpb_single_image wpb_content_element vc_align_left wpb_content_element\">\n\t\t<h2 class=\"wpb_heading wpb_singleimage_heading\">Il St. Regis Maldives Vommuli Resort<\/h2>\n\t\t<figure class=\"wpb_wrapper vc_figure\">\n\t\t\t<div class=\"vc_single_image-wrapper   vc_box_border_grey\"><img loading=\"lazy\" decoding=\"async\" width=\"780\" height=\"489\" src=\"https:\/\/maldives-paradise.com\/wp-content\/uploads\/2024\/05\/the-st-regis-maldives-780.jpg\" class=\"vc_single_image-img attachment-large\" alt=\"Il St. Regis Maldives Vommuli Resort\" title=\"the-st-regis-maldive-780\" srcset=\"https:\/\/maldives-paradise.com\/wp-content\/uploads\/2024\/05\/the-st-regis-maldives-780.jpg 780w, https:\/\/maldives-paradise.com\/wp-content\/uploads\/2024\/05\/the-st-regis-maldives-780-300x188.jpg 300w, https:\/\/maldives-paradise.com\/wp-content\/uploads\/2024\/05\/the-st-regis-maldives-780-768x481.jpg 768w, https:\/\/maldives-paradise.com\/wp-content\/uploads\/2024\/05\/the-st-regis-maldives-780-18x12.jpg 18w, https:\/\/maldives-paradise.com\/wp-content\/uploads\/2024\/05\/the-st-regis-maldives-780-500x313.jpg 500w\" sizes=\"auto, (max-width: 780px) 100vw, 780px\" \/><\/div>\n\t\t<\/figure>\n\t<\/div>\n<\/div><\/div><\/div><\/div><div class=\"vc_row wpb_row vc_row-fluid\"><div class=\"wpb_column vc_column_container vc_col-sm-12\"><div class=\"vc_column-inner\"><div class=\"wpb_wrapper\">\n\t<div class=\"wpb_text_column wpb_content_element\" >\n\t\t<div class=\"wpb_wrapper\">\n\t\t\t<h4><a href=\"https:\/\/trip.tpo.lv\/2x3dIFEs\" target=\"_blank\" rel=\"nofollow noopener\">Il St. Regis Maldives Vommuli Resort<\/a><\/h4>\n<p>Rinomato per la sua architettura mozzafiato e il servizio eccezionale, il St. Regis Maldives Vommuli Resort offre un&#039;esperienza maldiviana senza rivali. Ogni villa \u00e8 un paradiso di lusso, offre piscine private e viste mozzafiato sull&#039;Oceano Indiano. L&#039;Iridium Spa del resort si trova sulla propria isola e offre trattamenti su misura in un ambiente sereno.<\/p>\n\n\t\t<\/div>\n\t<\/div>\n<\/div><\/div><\/div><\/div><div class=\"vc_row wpb_row vc_row-fluid\"><div class=\"wpb_column vc_column_container vc_col-sm-12\"><div class=\"vc_column-inner\"><div class=\"wpb_wrapper\">\n\t<div  class=\"wpb_single_image wpb_content_element vc_align_left wpb_content_element\">\n\t\t<h2 class=\"wpb_heading wpb_singleimage_heading\">Sun Siyam Iru Veli<\/h2>\n\t\t<figure class=\"wpb_wrapper vc_figure\">\n\t\t\t<div class=\"vc_single_image-wrapper   vc_box_border_grey\"><img loading=\"lazy\" decoding=\"async\" width=\"780\" height=\"519\" src=\"https:\/\/maldives-paradise.com\/wp-content\/uploads\/2024\/05\/Sun-Siyam-Iru-Veli-Premium-All-Inclusive.jpeg\" class=\"vc_single_image-img attachment-large\" alt=\"Sun Siyam Iru Veli Resort Maldive\" title=\"Sun-Siyam-Iru-Veli-Premium-All-Inclusive\" srcset=\"https:\/\/maldives-paradise.com\/wp-content\/uploads\/2024\/05\/Sun-Siyam-Iru-Veli-Premium-All-Inclusive.jpeg 780w, https:\/\/maldives-paradise.com\/wp-content\/uploads\/2024\/05\/Sun-Siyam-Iru-Veli-Premium-All-Inclusive-300x200.jpeg 300w, https:\/\/maldives-paradise.com\/wp-content\/uploads\/2024\/05\/Sun-Siyam-Iru-Veli-Premium-All-Inclusive-768x511.jpeg 768w, https:\/\/maldives-paradise.com\/wp-content\/uploads\/2024\/05\/Sun-Siyam-Iru-Veli-Premium-All-Inclusive-18x12.jpeg 18w, https:\/\/maldives-paradise.com\/wp-content\/uploads\/2024\/05\/Sun-Siyam-Iru-Veli-Premium-All-Inclusive-500x333.jpeg 500w\" sizes=\"auto, (max-width: 780px) 100vw, 780px\" \/><\/div>\n\t\t<\/figure>\n\t<\/div>\n<\/div><\/div><\/div><\/div><div class=\"vc_row wpb_row vc_row-fluid\"><div class=\"wpb_column vc_column_container vc_col-sm-12\"><div class=\"vc_column-inner\"><div class=\"wpb_wrapper\">\n\t<div class=\"wpb_text_column wpb_content_element\" >\n\t\t<div class=\"wpb_wrapper\">\n\t\t\t<h4><a href=\"https:\/\/lamp.glopss.com\/SHVC\" target=\"_blank\" rel=\"nofollow noopener\">Sun Siyam Iru Veli<\/a><\/h4>\n<p>Un esclusivo resort di sole suite, Sun Siyam Iru Veli \u00e8 un capolavoro di design contemporaneo e vita lussuosa. Ogni suite offre l&#039;accesso diretto alla spiaggia o alla laguna e molte includono una piscina privata. Il resort offre una vasta gamma di opzioni per la ristorazione, dai buffet internazionali alle esperienze culinarie raffinate, garantendo un viaggio culinario tanto vario quanto delizioso.<\/p>\n\n\t\t<\/div>\n\t<\/div>\n<\/div><\/div><\/div><\/div><div class=\"vc_row wpb_row vc_row-fluid\"><div class=\"wpb_column vc_column_container vc_col-sm-12\"><div class=\"vc_column-inner\"><div class=\"wpb_wrapper\">\n\t<div  class=\"wpb_single_image wpb_content_element vc_align_left wpb_content_element\">\n\t\t<h2 class=\"wpb_heading wpb_singleimage_heading\">Kandima Maldive<\/h2>\n\t\t<figure class=\"wpb_wrapper vc_figure\">\n\t\t\t<div class=\"vc_single_image-wrapper   vc_box_border_grey\"><img loading=\"lazy\" decoding=\"async\" width=\"1024\" height=\"767\" src=\"https:\/\/maldives-paradise.com\/wp-content\/uploads\/2024\/02\/Kandima.jpg\" class=\"vc_single_image-img attachment-large\" alt=\"Kandima Maldive\" title=\"Kandima.jpg\" srcset=\"https:\/\/maldives-paradise.com\/wp-content\/uploads\/2024\/02\/Kandima.jpg 1024w, https:\/\/maldives-paradise.com\/wp-content\/uploads\/2024\/02\/Kandima-300x225.jpg 300w, https:\/\/maldives-paradise.com\/wp-content\/uploads\/2024\/02\/Kandima-768x575.jpg 768w, https:\/\/maldives-paradise.com\/wp-content\/uploads\/2024\/02\/Kandima-16x12.jpg 16w, https:\/\/maldives-paradise.com\/wp-content\/uploads\/2024\/02\/Kandima-678x509.jpg 678w, https:\/\/maldives-paradise.com\/wp-content\/uploads\/2024\/02\/Kandima-326x245.jpg 326w, https:\/\/maldives-paradise.com\/wp-content\/uploads\/2024\/02\/Kandima-80x60.jpg 80w, https:\/\/maldives-paradise.com\/wp-content\/uploads\/2024\/02\/Kandima-500x375.jpg 500w, https:\/\/maldives-paradise.com\/wp-content\/uploads\/2024\/02\/Kandima-800x599.jpg 800w\" sizes=\"auto, (max-width: 1024px) 100vw, 1024px\" \/><\/div>\n\t\t<\/figure>\n\t<\/div>\n<\/div><\/div><\/div><\/div><div class=\"vc_row wpb_row vc_row-fluid\"><div class=\"wpb_column vc_column_container vc_col-sm-12\"><div class=\"vc_column-inner\"><div class=\"wpb_wrapper\">\n\t<div class=\"wpb_text_column wpb_content_element\" >\n\t\t<div class=\"wpb_wrapper\">\n\t\t\t<h4><a href=\"https:\/\/lamp.glopss.com\/SHUV\" target=\"_blank\" rel=\"nofollow noopener\">Kandima Maldive<\/a><\/h4>\n<p>Posizionato come resort lifestyle, Kandima Maldives offre una nuova interpretazione della vacanza maldiviana con il suo studio d&#039;arte, il centro di biologia marina e ampie strutture sportive. Il resort si rivolge sia a famiglie che a coppie, con una gamma di sistemazioni che includono ville sulla spiaggia e sull&#039;acqua, ognuna con interni eleganti e comfort moderni.<\/p>\n\n\t\t<\/div>\n\t<\/div>\n<\/div><\/div><\/div><\/div><div class=\"vc_row wpb_row vc_row-fluid\"><div class=\"wpb_column vc_column_container vc_col-sm-12\"><div class=\"vc_column-inner\"><div class=\"wpb_wrapper\">\n\t<div  class=\"wpb_single_image wpb_content_element vc_align_left wpb_content_element\">\n\t\t<h2 class=\"wpb_heading wpb_singleimage_heading\">Baglioni Resort Maldive<\/h2>\n\t\t<figure class=\"wpb_wrapper vc_figure\">\n\t\t\t<div class=\"vc_single_image-wrapper   vc_box_border_grey\"><img loading=\"lazy\" decoding=\"async\" width=\"1024\" height=\"764\" src=\"https:\/\/maldives-paradise.com\/wp-content\/uploads\/2023\/12\/baglioni-maldives-1.jpg\" class=\"vc_single_image-img attachment-large\" alt=\"Baglioni Resort Maldive\" title=\"baglioni-maldive\" srcset=\"https:\/\/maldives-paradise.com\/wp-content\/uploads\/2023\/12\/baglioni-maldives-1.jpg 1024w, https:\/\/maldives-paradise.com\/wp-content\/uploads\/2023\/12\/baglioni-maldives-1-300x224.jpg 300w, https:\/\/maldives-paradise.com\/wp-content\/uploads\/2023\/12\/baglioni-maldives-1-768x573.jpg 768w, https:\/\/maldives-paradise.com\/wp-content\/uploads\/2023\/12\/baglioni-maldives-1-80x60.jpg 80w, https:\/\/maldives-paradise.com\/wp-content\/uploads\/2023\/12\/baglioni-maldives-1-500x373.jpg 500w, https:\/\/maldives-paradise.com\/wp-content\/uploads\/2023\/12\/baglioni-maldives-1-800x597.jpg 800w\" sizes=\"auto, (max-width: 1024px) 100vw, 1024px\" \/><\/div>\n\t\t<\/figure>\n\t<\/div>\n<\/div><\/div><\/div><\/div><div class=\"vc_row wpb_row vc_row-fluid\"><div class=\"wpb_column vc_column_container vc_col-sm-12\"><div class=\"vc_column-inner\"><div class=\"wpb_wrapper\">\n\t<div class=\"wpb_text_column wpb_content_element\" >\n\t\t<div class=\"wpb_wrapper\">\n\t\t\t<h4><a href=\"https:\/\/trip.tpo.lv\/k5f5be0H\" target=\"_blank\" rel=\"nofollow noopener\">Baglioni Resort Maldive<\/a><\/h4>\n<p>Combinando lo stile italiano con la bellezza tropicale delle Maldive, il Baglioni Resort Maldives \u00e8 un paradiso di lusso per i viaggiatori pi\u00f9 esigenti. Le ville del resort offrono un mix di eleganza e privacy, alcune situate in cima alle acque azzurre e altre annidate sulle spiagge di sabbia bianca. Il resort \u00e8 orgoglioso delle sue esperienze culinarie gourmet e della Baglioni SPA, che offre un tranquillo rifugio per i sensi.<\/p>\n\n\t\t<\/div>\n\t<\/div>\n<\/div><\/div><\/div><\/div><div class=\"vc_row wpb_row vc_row-fluid\"><div class=\"wpb_column vc_column_container vc_col-sm-12\"><div class=\"vc_column-inner\"><div class=\"wpb_wrapper\">\n\t<div  class=\"wpb_single_image wpb_content_element vc_align_left wpb_content_element\">\n\t\t<h2 class=\"wpb_heading wpb_singleimage_heading\">Angsana Velavaru<\/h2>\n\t\t<figure class=\"wpb_wrapper vc_figure\">\n\t\t\t<div class=\"vc_single_image-wrapper   vc_box_border_grey\"><img loading=\"lazy\" decoding=\"async\" width=\"700\" height=\"466\" src=\"https:\/\/maldives-paradise.com\/wp-content\/uploads\/2023\/12\/batch_Angsana-Velavaru-Kuredhi-Bar-Alfresco.jpg\" class=\"vc_single_image-img attachment-large\" alt=\"Angsana Velavaru\" title=\"batch_Angsana-Velavaru-Keredhi-Bar-Alfresco.jpg\" srcset=\"https:\/\/maldives-paradise.com\/wp-content\/uploads\/2023\/12\/batch_Angsana-Velavaru-Kuredhi-Bar-Alfresco.jpg 700w, https:\/\/maldives-paradise.com\/wp-content\/uploads\/2023\/12\/batch_Angsana-Velavaru-Kuredhi-Bar-Alfresco-300x200.jpg 300w, https:\/\/maldives-paradise.com\/wp-content\/uploads\/2023\/12\/batch_Angsana-Velavaru-Kuredhi-Bar-Alfresco-500x333.jpg 500w\" sizes=\"auto, (max-width: 700px) 100vw, 700px\" \/><\/div>\n\t\t<\/figure>\n\t<\/div>\n<\/div><\/div><\/div><\/div><div class=\"vc_row wpb_row vc_row-fluid\"><div class=\"wpb_column vc_column_container vc_col-sm-12\"><div class=\"vc_column-inner\"><div class=\"wpb_wrapper\">\n\t<div class=\"wpb_text_column wpb_content_element\" >\n\t\t<div class=\"wpb_wrapper\">\n\t\t\t<h4><a href=\"https:\/\/trip.tpo.lv\/DQMUstBs\" target=\"_blank\" rel=\"nofollow noopener\">Angsana Velavaru<\/a><\/h4>\n<p>Angsana Velavaru, \u201cIsola delle Tartarughe\u201d nella lingua locale, offre una fuga idilliaca con le sue ville che si fondono perfettamente con l&#039;ambiente naturale. Il resort \u00e8 particolarmente noto per le sue InOcean Villas, la prima collezione indipendente di ville sull&#039;acqua situata a un chilometro dall&#039;isola principale, che offre privacy senza pari e viste panoramiche sull&#039;oceano.<\/p>\n\n\t\t<\/div>\n\t<\/div>\n<\/div><\/div><\/div><\/div><div class=\"vc_row wpb_row vc_row-fluid\"><div class=\"wpb_column vc_column_container vc_col-sm-12\"><div class=\"vc_column-inner\"><div class=\"wpb_wrapper\">\n\t<div  class=\"wpb_single_image wpb_content_element vc_align_left wpb_content_element\">\n\t\t<h2 class=\"wpb_heading wpb_singleimage_heading\">Nova Maldive<\/h2>\n\t\t<figure class=\"wpb_wrapper vc_figure\">\n\t\t\t<div class=\"vc_single_image-wrapper   vc_box_border_grey\"><img loading=\"lazy\" decoding=\"async\" width=\"854\" height=\"480\" src=\"https:\/\/maldives-paradise.com\/wp-content\/uploads\/2023\/12\/nova-maldives.jpg\" class=\"vc_single_image-img attachment-large\" alt=\"Nova Maldive\" title=\"nova-maldive\" srcset=\"https:\/\/maldives-paradise.com\/wp-content\/uploads\/2023\/12\/nova-maldives.jpg 854w, https:\/\/maldives-paradise.com\/wp-content\/uploads\/2023\/12\/nova-maldives-300x169.jpg 300w, https:\/\/maldives-paradise.com\/wp-content\/uploads\/2023\/12\/nova-maldives-768x432.jpg 768w, https:\/\/maldives-paradise.com\/wp-content\/uploads\/2023\/12\/nova-maldives-678x381.jpg 678w, https:\/\/maldives-paradise.com\/wp-content\/uploads\/2023\/12\/nova-maldives-500x281.jpg 500w, https:\/\/maldives-paradise.com\/wp-content\/uploads\/2023\/12\/nova-maldives-800x450.jpg 800w\" sizes=\"auto, (max-width: 854px) 100vw, 854px\" \/><\/div>\n\t\t<\/figure>\n\t<\/div>\n<\/div><\/div><\/div><\/div><div class=\"vc_row wpb_row vc_row-fluid\"><div class=\"wpb_column vc_column_container vc_col-sm-12\"><div class=\"vc_column-inner\"><div class=\"wpb_wrapper\">\n\t<div class=\"wpb_text_column wpb_content_element\" >\n\t\t<div class=\"wpb_wrapper\">\n\t\t\t<h4><a href=\"https:\/\/hotellook.tp.st\/JA6kruq4\" target=\"_blank\" rel=\"nofollow noopener\">Nova Maldive<\/a><\/h4>\n<p>Un concetto di comunit\u00e0 all-inclusive moderno e di lusso, un luogo rilassato con un&#039;anima che suscita gioia ed \u00e8 progettato per una vera connessione. Un posto dove sentirti al meglio e dove ti prendi pi\u00f9 cura di te. Che tu stia viaggiando da solo, con i tuoi cari, gli amici o la famiglia, tutti sono i benvenuti nella nostra casa lontano da casa. Qui puoi fare tutto ci\u00f2 che vuoi, qualunque cosa la tua anima desideri. Fai immersioni, vai in palestra o siediti sotto le palme e goditi qualcosa di semplice e reale. Sentiti felice di essere qui. Felice in questo momento, in uno dei migliori resort all-inclusive delle Maldive.<\/p>\n\n\t\t<\/div>\n\t<\/div>\n<\/div><\/div><\/div><\/div><div class=\"vc_row wpb_row vc_row-fluid\"><div class=\"wpb_column vc_column_container vc_col-sm-12\"><div class=\"vc_column-inner\"><div class=\"wpb_wrapper\">\n\t<div  class=\"wpb_single_image wpb_content_element vc_align_left wpb_content_element\">\n\t\t<h2 class=\"wpb_heading wpb_singleimage_heading\">Ayada Maldive<\/h2>\n\t\t<figure class=\"wpb_wrapper vc_figure\">\n\t\t\t<div class=\"vc_single_image-wrapper   vc_box_border_grey\"><img loading=\"lazy\" decoding=\"async\" width=\"1024\" height=\"767\" src=\"https:\/\/maldives-paradise.com\/wp-content\/uploads\/2023\/12\/ayada-maldives-1024x767.jpg\" class=\"vc_single_image-img attachment-large\" alt=\"Ayada Maldive\" title=\"ayada-maldive\" srcset=\"https:\/\/maldives-paradise.com\/wp-content\/uploads\/2023\/12\/ayada-maldives-1024x767.jpg 1024w, https:\/\/maldives-paradise.com\/wp-content\/uploads\/2023\/12\/ayada-maldives-300x225.jpg 300w, https:\/\/maldives-paradise.com\/wp-content\/uploads\/2023\/12\/ayada-maldives-768x575.jpg 768w, https:\/\/maldives-paradise.com\/wp-content\/uploads\/2023\/12\/ayada-maldives-678x509.jpg 678w, https:\/\/maldives-paradise.com\/wp-content\/uploads\/2023\/12\/ayada-maldives-326x245.jpg 326w, https:\/\/maldives-paradise.com\/wp-content\/uploads\/2023\/12\/ayada-maldives-80x60.jpg 80w, https:\/\/maldives-paradise.com\/wp-content\/uploads\/2023\/12\/ayada-maldives-500x375.jpg 500w, https:\/\/maldives-paradise.com\/wp-content\/uploads\/2023\/12\/ayada-maldives-800x599.jpg 800w, https:\/\/maldives-paradise.com\/wp-content\/uploads\/2023\/12\/ayada-maldives.jpg 1080w\" sizes=\"auto, (max-width: 1024px) 100vw, 1024px\" \/><\/div>\n\t\t<\/figure>\n\t<\/div>\n<\/div><\/div><\/div><\/div><div class=\"vc_row wpb_row vc_row-fluid\"><div class=\"wpb_column vc_column_container vc_col-sm-12\"><div class=\"vc_column-inner\"><div class=\"wpb_wrapper\">\n\t<div class=\"wpb_text_column wpb_content_element\" >\n\t\t<div class=\"wpb_wrapper\">\n\t\t\t<h4><a href=\"http:\/\/lamp.glopss.com\/aff_c?offer_id=1520&amp;aff_id=1834\" target=\"_blank\" rel=\"nofollow noopener\">Ayada Maldive<\/a><\/h4>\n<p>Premiato con il &quot;Best of the Best Hotel Award 2023&quot; di TripAdvisor per un eccezionale terzo anno consecutivo ed elencato tra i 25 migliori resort di lusso al mondo, Ayada Maldives \u00e8 un lussuoso resort su un&#039;isola privata che offre un rifugio davvero lussuoso con un autentico stile maldiviano. Ambientato nell&#039;atollo Gaafu Dhaalu, relativamente inesplorato, nel sud del paese<\/p>\n<p>Ognuno di questi resort nell&#039;atollo di Dhaalu offre una lente unica attraverso la quale vivere la bellezza e la serenit\u00e0 delle Maldive. Che tu sia alla ricerca di avventura, relax o di un tuffo nella cultura maldiviana, i resort di lusso dell&#039;atollo di Dhaalu offrono la porta verso esperienze indimenticabili in una delle destinazioni pi\u00f9 pittoresche del mondo.<\/p>\n\n\t\t<\/div>\n\t<\/div>\n<\/div><\/div><\/div><\/div><div class=\"vc_row wpb_row vc_row-fluid\"><div class=\"wpb_column vc_column_container vc_col-sm-12\"><div class=\"vc_column-inner\"><div class=\"wpb_wrapper\">\n\t<div class=\"wpb_text_column wpb_content_element\" >\n\t\t<div class=\"wpb_wrapper\">\n\t\t\t<h4><a href=\"http:\/\/maldives-paradise.com\/it\/i-migliori-resort-di-lusso-nellatollo-di-addu\/\">I migliori resort di lusso nell&#039;atollo di Addu<\/a><\/h4>\n\n\t\t<\/div>\n\t<\/div>\n<\/div><\/div><\/div><\/div>\n<\/div>","protected":false},"excerpt":{"rendered":"<div class=\"mh-excerpt\"><\/div>","protected":false},"author":1,"featured_media":15838,"parent":0,"menu_order":0,"comment_status":"closed","ping_status":"closed","template":"","meta":{"footnotes":""},"class_list":["post-15837","page","type-page","status-publish","has-post-thumbnail"],"aioseo_notices":[],"_links":{"self":[{"href":"https:\/\/maldives-paradise.com\/it\/wp-json\/wp\/v2\/pages\/15837","targetHints":{"allow":["GET"]}}],"collection":[{"href":"https:\/\/maldives-paradise.com\/it\/wp-json\/wp\/v2\/pages"}],"about":[{"href":"https:\/\/maldives-paradise.com\/it\/wp-json\/wp\/v2\/types\/page"}],"author":[{"embeddable":true,"href":"https:\/\/maldives-paradise.com\/it\/wp-json\/wp\/v2\/users\/1"}],"replies":[{"embeddable":true,"href":"https:\/\/maldives-paradise.com\/it\/wp-json\/wp\/v2\/comments?post=15837"}],"version-history":[{"count":6,"href":"https:\/\/maldives-paradise.com\/it\/wp-json\/wp\/v2\/pages\/15837\/revisions"}],"predecessor-version":[{"id":42880,"href":"https:\/\/maldives-paradise.com\/it\/wp-json\/wp\/v2\/pages\/15837\/revisions\/42880"}],"wp:featuredmedia":[{"embeddable":true,"href":"https:\/\/maldives-paradise.com\/it\/wp-json\/wp\/v2\/media\/15838"}],"wp:attachment":[{"href":"https:\/\/maldives-paradise.com\/it\/wp-json\/wp\/v2\/media?parent=15837"}],"curies":[{"name":"wp","href":"https:\/\/api.w.org\/{rel}","templated":true}]}}