{"id":14860,"date":"2024-05-04T07:48:44","date_gmt":"2024-05-04T07:48:44","guid":{"rendered":"http:\/\/maldives-paradise.com\/?page_id=14860"},"modified":"2024-05-04T07:48:44","modified_gmt":"2024-05-04T07:48:44","slug":"assistenza-sanitaria-e-cliniche-mediche-per-i-turisti-alle-maldive","status":"publish","type":"page","link":"https:\/\/maldives-paradise.com\/it\/assistenza-sanitaria-e-cliniche-mediche-per-i-turisti-alle-maldive\/","title":{"rendered":"Assistenza sanitaria e cliniche mediche per i turisti alle Maldive"},"content":{"rendered":"<div class=\"wpb-content-wrapper\"><div class=\"vc_row wpb_row vc_row-fluid\"><div class=\"wpb_column vc_column_container vc_col-sm-12\"><div class=\"vc_column-inner\"><div class=\"wpb_wrapper\">\n\t<div class=\"wpb_text_column wpb_content_element\" >\n\t\t<div class=\"wpb_wrapper\">\n\t\t\t<p>Le Maldive, rinomate per le sue isole mozzafiato e come destinazione di vacanza di lusso, sono anche dotate di un sistema sanitario progettato per soddisfare sia i residenti che i turisti internazionali che visitano ogni anno. Comprendere la portata e l\u2019efficacia dei servizi sanitari disponibili \u00e8 fondamentale per i viaggiatori, soprattutto quando visitano isole remote.<\/p>\n<p><strong>Infrastrutture sanitarie<\/strong><\/p>\n<p>Il sistema sanitario delle Maldive ha visto miglioramenti significativi negli ultimi anni. La capitale, Mal\u00e9, ospita le strutture mediche pi\u00f9 avanzate del paese, tra cui l&#039;Indira Gandhi Memorial Hospital (IGMH) e l&#039;ADK Hospital, che offrono una gamma di servizi specializzati. Per i turisti, questi ospedali sono i centri primari per un&#039;assistenza medica completa, attrezzati per gestire i casi medici pi\u00f9 gravi, comprese le emergenze. Entrambi gli ospedali hanno medici che parlano inglese.<\/p>\n<p>Oltre a questi, ci sono ospedali regionali e numerosi centri sanitari sparsi nei vari atolli. Le Maldive vantano anche una rete di cliniche isolane, specificatamente finalizzate a fornire servizi medici di base. Questi sono particolarmente vitali data la natura frammentata dell\u2019arcipelago.<\/p>\n<p><strong>Servizi medici per i turisti<\/strong><\/p>\n<p>La maggior parte dei resort delle Maldive dispone di cliniche mediche in loco gestite da un medico generico o da un&#039;infermiera, in grado di trattare disturbi minori come tagli, contusioni e malattie comuni come raffreddori o allergie. Per problemi pi\u00f9 seri, le cliniche del resort possono facilitare i trasferimenti all&#039;ospedale pi\u00f9 vicino. In caso di emergenza, soprattutto nelle isole pi\u00f9 isolate, vengono utilizzati idrovolanti o motoscafi per trasportare i pazienti verso strutture meglio attrezzate a Mal\u00e9.<\/p>\n<p>Il settore sanitario privato delle Maldive \u00e8 cresciuto in modo significativo negli ultimi dieci anni alle Maldive. Attualmente ci sono pi\u00f9 di 50 cliniche oltre ad alcuni ospedali terziari in tutto il paese.<\/p>\n<p><strong>Assicurazione sanitaria e costi<\/strong><\/p>\n<p>\u00c8 altamente consigliabile che i turisti abbiano un&#039;assicurazione sanitaria di viaggio completa prima di arrivare alle Maldive. I servizi medici, in particolare le evacuazioni di emergenza e le cure negli ospedali privati, possono essere costosi. Un\u2019assicurazione sanitaria che copra l\u2019evacuazione aerea \u00e8 particolarmente consigliata perch\u00e9 la logistica dei trasporti pu\u00f2 aumentare significativamente i costi medici.<\/p>\n<p><strong>Precauzioni e raccomandazioni sanitarie<\/strong><\/p>\n<p>I turisti dovrebbero adottare le precauzioni sanitarie standard di viaggio, come l\u2019aggiornamento delle vaccinazioni e l\u2019uso di repellenti per zanzare per evitare malattie tropicali come la febbre dengue, che ha periodiche epidemie alle Maldive. Si consiglia inoltre di bere acqua in bottiglia per evitare malattie trasmesse dall&#039;acqua.<\/p>\n<p><strong>Accessibilit\u00e0 e disponibilit\u00e0<\/strong><\/p>\n<p>La disponibilit\u00e0 dell\u2019assistenza sanitaria varia notevolmente da un\u2019isola all\u2019altra. Mentre Mal\u00e9 e le principali localit\u00e0 turistiche offrono standard di assistenza medica relativamente elevati, le isole pi\u00f9 remote potrebbero avere strutture mediche limitate. I turisti che intendono visitare o soggiornare su isole isolate dovrebbero verificare preventivamente la disponibilit\u00e0 dei servizi medici.<\/p>\n<p><strong>Conclusione<\/strong><\/p>\n<p>Sebbene le Maldive offrano ai suoi visitatori un\u2019esperienza paradisiaca, la nazione adotta anche misure considerevoli per garantire che i turisti possano accedere ai servizi sanitari essenziali. Con il posizionamento strategico delle strutture mediche e la preparazione alle emergenze, il sistema sanitario delle Maldive \u00e8 orientato a rendere il soggiorno di ogni turista il pi\u00f9 sicuro e salutare possibile.<\/p>\n<p>Tutti i resort di lusso hanno accesso ad assistenza sanitaria e cliniche mediche affidabili.<\/p>\n\n\t\t<\/div>\n\t<\/div>\n<\/div><\/div><\/div><\/div>\n<\/div>","protected":false},"excerpt":{"rendered":"<div class=\"mh-excerpt\"><\/div>","protected":false},"author":1,"featured_media":14861,"parent":0,"menu_order":0,"comment_status":"closed","ping_status":"closed","template":"","meta":{"footnotes":""},"class_list":["post-14860","page","type-page","status-publish","has-post-thumbnail"],"aioseo_notices":[],"_links":{"self":[{"href":"https:\/\/maldives-paradise.com\/it\/wp-json\/wp\/v2\/pages\/14860","targetHints":{"allow":["GET"]}}],"collection":[{"href":"https:\/\/maldives-paradise.com\/it\/wp-json\/wp\/v2\/pages"}],"about":[{"href":"https:\/\/maldives-paradise.com\/it\/wp-json\/wp\/v2\/types\/page"}],"author":[{"embeddable":true,"href":"https:\/\/maldives-paradise.com\/it\/wp-json\/wp\/v2\/users\/1"}],"replies":[{"embeddable":true,"href":"https:\/\/maldives-paradise.com\/it\/wp-json\/wp\/v2\/comments?post=14860"}],"version-history":[{"count":2,"href":"https:\/\/maldives-paradise.com\/it\/wp-json\/wp\/v2\/pages\/14860\/revisions"}],"predecessor-version":[{"id":14863,"href":"https:\/\/maldives-paradise.com\/it\/wp-json\/wp\/v2\/pages\/14860\/revisions\/14863"}],"wp:featuredmedia":[{"embeddable":true,"href":"https:\/\/maldives-paradise.com\/it\/wp-json\/wp\/v2\/media\/14861"}],"wp:attachment":[{"href":"https:\/\/maldives-paradise.com\/it\/wp-json\/wp\/v2\/media?parent=14860"}],"curies":[{"name":"wp","href":"https:\/\/api.w.org\/{rel}","templated":true}]}}