{"id":12744,"date":"2024-03-23T08:05:25","date_gmt":"2024-03-23T08:05:25","guid":{"rendered":"http:\/\/maldives-paradise.com\/?page_id=12744"},"modified":"2025-02-23T08:10:09","modified_gmt":"2025-02-23T08:10:09","slug":"hotel-e-resort-economici-alle-maldive","status":"publish","type":"page","link":"https:\/\/maldives-paradise.com\/it\/hotel-e-resort-economici-alle-maldive\/","title":{"rendered":"Hotel e resort economici alle Maldive"},"content":{"rendered":"<div class=\"wpb-content-wrapper\"><div class=\"vc_row wpb_row vc_row-fluid\"><div class=\"wpb_column vc_column_container vc_col-sm-12\"><div class=\"vc_column-inner\"><div class=\"wpb_wrapper\">\n\t<div class=\"wpb_text_column wpb_content_element\" >\n\t\t<div class=\"wpb_wrapper\">\n\t\t\t<p>Gli hotel economici e le guest house alle Maldive offrono un modo conveniente per vivere la bellezza di questo paradiso tropicale senza rinunciare al comfort. Queste sistemazioni solitamente offrono camere accoglienti con aria condizionata, Wi-Fi e servizio personalizzato.<br \/>\nMolti hotel economici si trovano sulle isole locali, consentendo agli ospiti di esplorare una cultura vivace, spiagge incontaminate e una vita marina diversificata. Gli ospiti possono divertirsi con attivit\u00e0 come snorkeling, immersioni e osservazione dei delfini, spesso organizzate a tariffe convenienti. Con opzioni che vanno dalle guesthouse a conduzione familiare ai soggiorni in stile boutique, queste sistemazioni offrono un&#039;atmosfera accogliente e l&#039;accesso a autentiche esperienze maldiviane, rendendole ideali per i viaggiatori in cerca di valore e avventura.<\/p>\n\n\t\t<\/div>\n\t<\/div>\n<\/div><\/div><\/div><\/div><div class=\"vc_row wpb_row vc_row-fluid\"><div class=\"wpb_column vc_column_container vc_col-sm-3\"><div class=\"vc_column-inner\"><div class=\"wpb_wrapper\">\n\t<div  class=\"wpb_single_image wpb_content_element vc_align_left wpb_content_element\">\n\t\t\n\t\t<figure class=\"wpb_wrapper vc_figure\">\n\t\t\t<a href=\"https:\/\/maldives-paradise.com\/it\/2024\/11\/come-vivere-con-un-budget-limitato-alle-maldive-una-guida-per-il-viaggiatore-attento-ai-costi\/\" target=\"_self\" class=\"vc_single_image-wrapper   vc_box_border_grey\"><img loading=\"lazy\" decoding=\"async\" width=\"150\" height=\"150\" src=\"https:\/\/maldives-paradise.com\/wp-content\/uploads\/2024\/09\/maldives-beach-150x150.jpg\" class=\"vc_single_image-img attachment-thumbnail\" alt=\"Spiaggia alle Maldive\" title=\"spiaggia delle maldive\" \/><\/a>\n\t\t<\/figure>\n\t<\/div>\n<\/div><\/div><\/div><div class=\"wpb_column vc_column_container vc_col-sm-9\"><div class=\"vc_column-inner\"><div class=\"wpb_wrapper\">\n\t<div class=\"wpb_text_column wpb_content_element\" >\n\t\t<div class=\"wpb_wrapper\">\n\t\t\t<h4 class=\"entry-title\"><a href=\"https:\/\/maldives-paradise.com\/it\/2024\/11\/come-vivere-con-un-budget-limitato-alle-maldive-una-guida-per-il-viaggiatore-attento-ai-costi\/\">Come vivere con un budget limitato alle Maldive: una guida per il viaggiatore attento ai costi<\/a><\/h4>\n<p>Sebbene le Maldive siano famose per le loro isole resort private, ci sono numerose isole locali che offrono opzioni economiche. Queste isole offrono hotel economici e guest house in un&#039;esperienza autentica della cultura maldiviana, con spiagge di sabbia bianca, acque turchesi e una vivace vita marina.<\/p>\n\n\t\t<\/div>\n\t<\/div>\n<\/div><\/div><\/div><\/div><div class=\"vc_row wpb_row vc_row-fluid\"><div class=\"wpb_column vc_column_container vc_col-sm-3\"><div class=\"vc_column-inner\"><div class=\"wpb_wrapper\">\n\t<div  class=\"wpb_single_image wpb_content_element vc_align_left wpb_content_element\">\n\t\t\n\t\t<figure class=\"wpb_wrapper vc_figure\">\n\t\t\t<a href=\"https:\/\/maldives-paradise.com\/it\/2024\/12\/hotel-economici-e-pensioni-sullisola-di-dhigurah\/\" target=\"_self\" class=\"vc_single_image-wrapper   vc_box_border_grey\"><img loading=\"lazy\" decoding=\"async\" width=\"150\" height=\"150\" src=\"https:\/\/maldives-paradise.com\/wp-content\/uploads\/2024\/12\/Dhigurah-island-150x150.jpeg\" class=\"vc_single_image-img attachment-thumbnail\" alt=\"Isola di Dhigurah\" title=\"DCIM100MEDIADJI_0239JPG\" \/><\/a>\n\t\t<\/figure>\n\t<\/div>\n<\/div><\/div><\/div><div class=\"wpb_column vc_column_container vc_col-sm-9\"><div class=\"vc_column-inner\"><div class=\"wpb_wrapper\">\n\t<div class=\"wpb_text_column wpb_content_element\" >\n\t\t<div class=\"wpb_wrapper\">\n\t\t\t<h4 class=\"entry-title\"><a href=\"https:\/\/maldives-paradise.com\/it\/2024\/12\/hotel-economici-e-pensioni-sullisola-di-dhigurah\/\">Hotel economici e pensioni sull&#039;isola di Dhigurah<\/a><\/h4>\n<p>Una delle caratteristiche pi\u00f9 distintive di Dhigurah \u00e8 la sua vicinanza a una popolazione di squali balena che vive tutto l&#039;anno, rendendola una destinazione di prim&#039;ordine per gli amanti dello snorkeling e delle immersioni. Le acque circostanti l&#039;isola ospitano anche mante e barriere coralline colorate, offrendo esperienze subacquee senza pari.<\/p>\n<p>Per i viaggiatori che cercano hotel e pensioni economici ma che non rinunciano al comfort, Dhigurah offre diverse soluzioni eccellenti.<\/p>\n\n\t\t<\/div>\n\t<\/div>\n<\/div><\/div><\/div><\/div><div class=\"vc_row wpb_row vc_row-fluid\"><div class=\"wpb_column vc_column_container vc_col-sm-3\"><div class=\"vc_column-inner\"><div class=\"wpb_wrapper\">\n\t<div  class=\"wpb_single_image wpb_content_element vc_align_left wpb_content_element\">\n\t\t\n\t\t<figure class=\"wpb_wrapper vc_figure\">\n\t\t\t<a href=\"https:\/\/maldives-paradise.com\/it\/2024\/12\/budget-hotels-and-guest-houses-in-gulhi-island\/\" target=\"_self\" class=\"vc_single_image-wrapper   vc_box_border_grey\"><img loading=\"lazy\" decoding=\"async\" width=\"150\" height=\"150\" src=\"https:\/\/maldives-paradise.com\/wp-content\/uploads\/2024\/12\/Gulhi-Island-view-150x150.jpg\" class=\"vc_single_image-img attachment-thumbnail\" alt=\"Isola di Gulhi\" title=\"Vista dell&#039;isola di Gulhi\" \/><\/a>\n\t\t<\/figure>\n\t<\/div>\n<\/div><\/div><\/div><div class=\"wpb_column vc_column_container vc_col-sm-9\"><div class=\"vc_column-inner\"><div class=\"wpb_wrapper\">\n\t<div class=\"wpb_text_column wpb_content_element\" >\n\t\t<div class=\"wpb_wrapper\">\n\t\t\t<h4 class=\"entry-title\"><a href=\"https:\/\/maldives-paradise.com\/it\/2024\/12\/budget-hotels-and-guest-houses-in-gulhi-island\/\">Hotel economici e pensioni nell&#039;isola di Gulhi<\/a><\/h4>\n<p>Gulhi Island, incastonata nell&#039;atollo di South Mal\u00e9 delle Maldive, \u00e8 un paradiso sereno celebrato per le sue spiagge incontaminate di sabbia bianca, le acque turchesi cristalline e l&#039;atmosfera tranquilla. A differenza dei suoi vicini pi\u00f9 commerciali, Gulhi offre ai visitatori un&#039;autentica esperienza maldiviana, caratterizzata dalla sua piccola comunit\u00e0 di pescatori e dalla bellezza naturale incontaminata.<\/p>\n\n\t\t<\/div>\n\t<\/div>\n<\/div><\/div><\/div><\/div><div class=\"vc_row wpb_row vc_row-fluid\"><div class=\"wpb_column vc_column_container vc_col-sm-3\"><div class=\"vc_column-inner\"><div class=\"wpb_wrapper\">\n\t<div  class=\"wpb_single_image wpb_content_element vc_align_left wpb_content_element\">\n\t\t\n\t\t<figure class=\"wpb_wrapper vc_figure\">\n\t\t\t<a href=\"https:\/\/maldives-paradise.com\/it\/2022\/10\/i-posti-migliori-in-cui-soggiornare-a-maafushi-alle-maldive\/\" target=\"_self\" class=\"vc_single_image-wrapper   vc_box_border_grey\"><img loading=\"lazy\" decoding=\"async\" width=\"150\" height=\"150\" src=\"https:\/\/maldives-paradise.com\/wp-content\/uploads\/2024\/04\/stingray-feeding-maafushi-triton-maldives-150x150.jpg\" class=\"vc_single_image-img attachment-thumbnail\" alt=\"Atollo di Vaavu\" title=\"pastinaca-nutrizione-maafushi-tritone-maldive\" \/><\/a>\n\t\t<\/figure>\n\t<\/div>\n<\/div><\/div><\/div><div class=\"wpb_column vc_column_container vc_col-sm-9\"><div class=\"vc_column-inner\"><div class=\"wpb_wrapper\">\n\t<div class=\"wpb_text_column wpb_content_element\" >\n\t\t<div class=\"wpb_wrapper\">\n\t\t\t<h4 class=\"entry-title\"><a href=\"https:\/\/maldives-paradise.com\/it\/2022\/10\/i-posti-migliori-in-cui-soggiornare-a-maafushi-alle-maldive\/\">I posti migliori in cui alloggiare a Maafushi, Maldive<\/a><\/h4>\n<p>Quando si sceglie tra gli hotel economici in cui soggiornare a Maafushi, non importa quale parte dell&#039;isola si seleziona. Alcuni hotel a Maafushi garantiscono viste panoramiche sull&#039;oceano. Al contrario, altri si trovano in angoli tranquilli, lontani dalla rumorosa vivacit\u00e0 delle folle di turisti.<\/p>\n\n\t\t<\/div>\n\t<\/div>\n<\/div><\/div><\/div><\/div><div class=\"vc_row wpb_row vc_row-fluid\"><div class=\"wpb_column vc_column_container vc_col-sm-3\"><div class=\"vc_column-inner\"><div class=\"wpb_wrapper\">\n\t<div  class=\"wpb_single_image wpb_content_element vc_align_left wpb_content_element\">\n\t\t\n\t\t<figure class=\"wpb_wrapper vc_figure\">\n\t\t\t<a href=\"https:\/\/maldives-paradise.com\/it\/2024\/12\/hotel-economici-e-pensioni-a-male\/\" target=\"_self\" class=\"vc_single_image-wrapper   vc_box_border_grey\"><img loading=\"lazy\" decoding=\"async\" width=\"150\" height=\"150\" src=\"https:\/\/maldives-paradise.com\/wp-content\/uploads\/2024\/07\/Male-Maldives-700x450-1-150x150.jpg\" class=\"vc_single_image-img attachment-thumbnail\" alt=\"Maldive maschili\" title=\"Maschio-Maldive-700x450\" \/><\/a>\n\t\t<\/figure>\n\t<\/div>\n<\/div><\/div><\/div><div class=\"wpb_column vc_column_container vc_col-sm-9\"><div class=\"vc_column-inner\"><div class=\"wpb_wrapper\">\n\t<div class=\"wpb_text_column wpb_content_element\" >\n\t\t<div class=\"wpb_wrapper\">\n\t\t\t<h4 class=\"entry-title\"><a href=\"https:\/\/maldives-paradise.com\/it\/2024\/12\/hotel-economici-e-pensioni-a-male\/\">Hotel economici e pensioni a Male<\/a><\/h4>\n<p>Per i viaggiatori che cercano soggiorni convenienti a Mal\u00e9, ecco cinque hotel e guest house economici. Mal\u00e9, la vivace capitale delle Maldive, offre un mix unico di ricco patrimonio culturale e moderna vita urbana, distinguendosi dalle tranquille isole turistiche della nazione. Situata su un&#039;isola compatta nell&#039;atollo di Mal\u00e9 Nord, \u00e8 una delle citt\u00e0 pi\u00f9 densamente popolate al mondo, offrendo ai visitatori uno scorcio autentico della vita quotidiana maldiviana.<\/p>\n\n\t\t<\/div>\n\t<\/div>\n<\/div><\/div><\/div><\/div><div class=\"vc_row wpb_row vc_row-fluid\"><div class=\"wpb_column vc_column_container vc_col-sm-3\"><div class=\"vc_column-inner\"><div class=\"wpb_wrapper\">\n\t<div  class=\"wpb_single_image wpb_content_element vc_align_left wpb_content_element\">\n\t\t\n\t\t<figure class=\"wpb_wrapper vc_figure\">\n\t\t\t<a href=\"https:\/\/maldives-paradise.com\/it\/2024\/12\/hotel-economici-e-pensioni-sullisola-di-thoddoo\/\" target=\"_self\" class=\"vc_single_image-wrapper   vc_box_border_grey\"><img loading=\"lazy\" decoding=\"async\" width=\"150\" height=\"150\" src=\"https:\/\/maldives-paradise.com\/wp-content\/uploads\/2024\/11\/thoodoo-island-150x150.jpg\" class=\"vc_single_image-img attachment-thumbnail\" alt=\"Todoo\" title=\"isola di thoodoo\" \/><\/a>\n\t\t<\/figure>\n\t<\/div>\n<\/div><\/div><\/div><div class=\"wpb_column vc_column_container vc_col-sm-9\"><div class=\"vc_column-inner\"><div class=\"wpb_wrapper\">\n\t<div class=\"wpb_text_column wpb_content_element\" >\n\t\t<div class=\"wpb_wrapper\">\n\t\t\t<h4 class=\"entry-title\"><a href=\"https:\/\/maldives-paradise.com\/it\/2024\/12\/hotel-economici-e-pensioni-sullisola-di-thoddoo\/\">Hotel economici e pensioni nell&#039;isola di Thoddoo<\/a><\/h4>\n<p>Thoddoo offre ai visitatori uno sguardo autentico alla vita tradizionale maldiviana, unendo armoniosamente l&#039;agricoltura con il turismo emergente. Le vaste terre coltivate dell&#039;isola e la coltivazione di frutta tropicale offrono uno sfondo unico, distinguendola dalle tipiche destinazioni turistiche.<\/p>\n<p>Per i viaggiatori che cercano sistemazioni economiche senza rinunciare all&#039;esperienza, Thoddoo offre diversi hotel economici e pensioni.<\/p>\n\n\t\t<\/div>\n\t<\/div>\n<\/div><\/div><\/div><\/div><div class=\"vc_row wpb_row vc_row-fluid\"><div class=\"wpb_column vc_column_container vc_col-sm-3\"><div class=\"vc_column-inner\"><div class=\"wpb_wrapper\">\n\t<div  class=\"wpb_single_image wpb_content_element vc_align_left wpb_content_element\">\n\t\t\n\t\t<figure class=\"wpb_wrapper vc_figure\">\n\t\t\t<a href=\"https:\/\/maldives-paradise.com\/it\/2024\/12\/hotel-economici-e-pensioni-nellisola-di-thulusdhoo\/\" target=\"_self\" class=\"vc_single_image-wrapper   vc_box_border_grey\"><img loading=\"lazy\" decoding=\"async\" width=\"150\" height=\"150\" src=\"https:\/\/maldives-paradise.com\/wp-content\/uploads\/2024\/12\/Thulusdhoo-150x150.jpg\" class=\"vc_single_image-img attachment-thumbnail\" alt=\"Isola di Thulusdhoo\" title=\"DCIM100MEDIADJI_0047JPG\" \/><\/a>\n\t\t<\/figure>\n\t<\/div>\n<\/div><\/div><\/div><div class=\"wpb_column vc_column_container vc_col-sm-9\"><div class=\"vc_column-inner\"><div class=\"wpb_wrapper\">\n\t<div class=\"wpb_text_column wpb_content_element\" >\n\t\t<div class=\"wpb_wrapper\">\n\t\t\t<h4 class=\"entry-title\"><a href=\"https:\/\/maldives-paradise.com\/it\/2024\/12\/hotel-economici-e-pensioni-nellisola-di-thulusdhoo\/\">Hotel economici e pensioni nell&#039;isola di Thulusdhoo<\/a><\/h4>\n<p>L&#039;isola di Thulusdhoo si distingue come una destinazione esclusiva delle Maldive, offrendo surf di livello mondiale, autentiche esperienze culturali e sistemazioni economiche, il che la rende una scelta ideale per i viaggiatori che cercano sia l&#039;avventura che la convenienza.<br \/>\nI viaggiatori che cercano un soggiorno conveniente ma confortevole troveranno Thulusdhoo accomodante. Ecco quattro opzioni economiche<\/p>\n\n\t\t<\/div>\n\t<\/div>\n<\/div><\/div><\/div><\/div><div class=\"vc_row wpb_row vc_row-fluid\"><div class=\"wpb_column vc_column_container vc_col-sm-3\"><div class=\"vc_column-inner\"><div class=\"wpb_wrapper\">\n\t<div  class=\"wpb_single_image wpb_content_element vc_align_left wpb_content_element\">\n\t\t\n\t\t<figure class=\"wpb_wrapper vc_figure\">\n\t\t\t<a href=\"https:\/\/maldives-paradise.com\/it\/2024\/11\/hotel-economici-e-pensioni-a-ukulhas\/\" target=\"_self\" class=\"vc_single_image-wrapper   vc_box_border_grey\"><img loading=\"lazy\" decoding=\"async\" width=\"150\" height=\"150\" src=\"https:\/\/maldives-paradise.com\/wp-content\/uploads\/2024\/11\/ukulhus-1-150x150.jpg\" class=\"vc_single_image-img attachment-thumbnail\" alt=\"Ukulha\" title=\"ukulhu\" \/><\/a>\n\t\t<\/figure>\n\t<\/div>\n<\/div><\/div><\/div><div class=\"wpb_column vc_column_container vc_col-sm-9\"><div class=\"vc_column-inner\"><div class=\"wpb_wrapper\">\n\t<div class=\"wpb_text_column wpb_content_element\" >\n\t\t<div class=\"wpb_wrapper\">\n\t\t\t<h4 class=\"entry-title\"><a href=\"https:\/\/maldives-paradise.com\/it\/2024\/11\/hotel-economici-e-pensioni-a-ukulhas\/\">Hotel economici e pensioni a Ukulhas<\/a><\/h4>\n<p>Per i viaggiatori che cercano hotel e pensioni economiche ma che non rinunciano al comfort, Ukulhas offre diverse soluzioni eccellenti.<\/p>\n\n\t\t<\/div>\n\t<\/div>\n<\/div><\/div><\/div><\/div>\n<\/div>","protected":false},"excerpt":{"rendered":"<div class=\"mh-excerpt\"><\/div>","protected":false},"author":1,"featured_media":11680,"parent":0,"menu_order":0,"comment_status":"closed","ping_status":"closed","template":"","meta":{"footnotes":""},"class_list":["post-12744","page","type-page","status-publish","has-post-thumbnail"],"aioseo_notices":[],"_links":{"self":[{"href":"https:\/\/maldives-paradise.com\/it\/wp-json\/wp\/v2\/pages\/12744","targetHints":{"allow":["GET"]}}],"collection":[{"href":"https:\/\/maldives-paradise.com\/it\/wp-json\/wp\/v2\/pages"}],"about":[{"href":"https:\/\/maldives-paradise.com\/it\/wp-json\/wp\/v2\/types\/page"}],"author":[{"embeddable":true,"href":"https:\/\/maldives-paradise.com\/it\/wp-json\/wp\/v2\/users\/1"}],"replies":[{"embeddable":true,"href":"https:\/\/maldives-paradise.com\/it\/wp-json\/wp\/v2\/comments?post=12744"}],"version-history":[{"count":6,"href":"https:\/\/maldives-paradise.com\/it\/wp-json\/wp\/v2\/pages\/12744\/revisions"}],"predecessor-version":[{"id":30047,"href":"https:\/\/maldives-paradise.com\/it\/wp-json\/wp\/v2\/pages\/12744\/revisions\/30047"}],"wp:featuredmedia":[{"embeddable":true,"href":"https:\/\/maldives-paradise.com\/it\/wp-json\/wp\/v2\/media\/11680"}],"wp:attachment":[{"href":"https:\/\/maldives-paradise.com\/it\/wp-json\/wp\/v2\/media?parent=12744"}],"curies":[{"name":"wp","href":"https:\/\/api.w.org\/{rel}","templated":true}]}}