{"id":11428,"date":"2024-02-25T14:59:22","date_gmt":"2024-02-25T14:59:22","guid":{"rendered":"http:\/\/maldives-paradise.com\/?page_id=11428"},"modified":"2025-02-22T14:37:55","modified_gmt":"2025-02-22T14:37:55","slug":"normativa-sullalcol-alle-maldive","status":"publish","type":"page","link":"https:\/\/maldives-paradise.com\/it\/normativa-sullalcol-alle-maldive\/","title":{"rendered":"Regolamento sull&#039;alcol alle Maldive"},"content":{"rendered":"<div class=\"wpb-content-wrapper\"><div class=\"vc_row wpb_row vc_row-fluid\"><div class=\"wpb_column vc_column_container vc_col-sm-12\"><div class=\"vc_column-inner\"><div class=\"wpb_wrapper\">\n\t<div class=\"wpb_text_column wpb_content_element\" >\n\t\t<div class=\"wpb_wrapper\">\n\t\t\t<h3>Leggi, regolamenti e considerazioni sull&#039;alcol alle Maldive<\/h3>\n\n\t\t<\/div>\n\t<\/div>\n<\/div><\/div><\/div><\/div><div class=\"vc_row wpb_row vc_row-fluid\"><div class=\"wpb_column vc_column_container vc_col-sm-12\"><div class=\"vc_column-inner\"><div class=\"wpb_wrapper\">\n\t<div  class=\"wpb_single_image wpb_content_element vc_align_left wpb_content_element\">\n\t\t\n\t\t<figure class=\"wpb_wrapper vc_figure\">\n\t\t\t<div class=\"vc_single_image-wrapper   vc_box_border_grey\"><img loading=\"lazy\" decoding=\"async\" width=\"760\" height=\"506\" src=\"https:\/\/maldives-paradise.com\/wp-content\/uploads\/2024\/02\/drinks-maldives.jpg\" class=\"vc_single_image-img attachment-full\" alt=\"Norme sull&#039;alcol alle Maldive\" title=\"bevande-maldive\" srcset=\"https:\/\/maldives-paradise.com\/wp-content\/uploads\/2024\/02\/drinks-maldives.jpg 760w, https:\/\/maldives-paradise.com\/wp-content\/uploads\/2024\/02\/drinks-maldives-300x200.jpg 300w, https:\/\/maldives-paradise.com\/wp-content\/uploads\/2024\/02\/drinks-maldives-18x12.jpg 18w, https:\/\/maldives-paradise.com\/wp-content\/uploads\/2024\/02\/drinks-maldives-500x333.jpg 500w\" sizes=\"auto, (max-width: 760px) 100vw, 760px\" \/><\/div>\n\t\t<\/figure>\n\t<\/div>\n<\/div><\/div><\/div><\/div><div class=\"vc_row wpb_row vc_row-fluid\"><div class=\"wpb_column vc_column_container vc_col-sm-12\"><div class=\"vc_column-inner\"><div class=\"wpb_wrapper\">\n\t<div class=\"wpb_text_column wpb_content_element\" >\n\t\t<div class=\"wpb_wrapper\">\n\t\t\t<p>Le Maldive hanno un approccio unico alle leggi sull\u2019alcol che riflettono i suoi valori culturali e religiosi. Essendo un paese a maggioranza musulmana, le Maldive aderiscono alla legge islamica, che vieta il consumo di alcol da parte dei suoi cittadini. Questo divieto \u00e8 radicato nella credenza islamica.<\/p>\n<p><strong>Isole private<\/strong><\/p>\n<p>Tuttavia, riconoscendo l\u2019importanza del turismo per la propria economia, le Maldive hanno fatto delle eccezioni a queste rigide leggi sull\u2019alcol in aree designate, principalmente nei resort situati su isole private. Questi resort, che si rivolgono principalmente a turisti stranieri, possono ottenere licenze speciali per servire alcolici ai propri ospiti. Il contrasto nella regolamentazione dell\u2019alcol tra le aree pubbliche e i resort privati \u00e8 netto.<\/p>\n<p><strong>Isole pubbliche<\/strong><\/p>\n<p>Le isole abitate, dove risiede la popolazione locale, vietano severamente la vendita e il consumo di alcolici in linea con i principi islamici.<\/p>\n<p><strong>Dogana delle Maldive<\/strong><\/p>\n<p>Ai turisti \u00e8 inoltre vietato introdurre alcolici nel Paese e sono soggetti a controlli doganali ai punti di ingresso.<\/p>\n<p><strong>Conclusione<\/strong><\/p>\n<p>Nelle isole private dei resort, i turisti possono gustare una variet\u00e0 di bevande alcoliche, tra cui birra, vino e liquori, in un ambiente controllato. I resort sono responsabili del rispetto delle normative stabilite dal governo delle Maldive, che includono la non vendita di alcolici ai cittadini maldiviani e la garanzia che l&#039;alcol venga consumato solo entro i confini del resort. Questo sistema unico consente alle Maldive di mantenere la propria integrit\u00e0 culturale e religiosa soddisfacendo allo stesso tempo i desideri dei turisti internazionali.<\/p>\n<p>L&#039;approccio del governo maldiviano alla regolamentazione dell&#039;alcol \u00e8 un delicato equilibrio tra il rispetto delle leggi e delle tradizioni islamiche e la promozione di un&#039;industria turistica redditizia. Riflette l&#039;impegno del Paese a preservare la propria identit\u00e0 culturale pur essendo aperto alla comunit\u00e0 globale. Questo equilibrio \u00e8 fondamentale per mantenere l\u2019armonia sociale e garantire che sia i residenti che i visitatori possano godere della bellezza e della serenit\u00e0 delle Maldive.<\/p>\n\n\t\t<\/div>\n\t<\/div>\n<\/div><\/div><\/div><\/div><div class=\"vc_row wpb_row vc_row-fluid\"><div class=\"wpb_column vc_column_container vc_col-sm-12\"><div class=\"vc_column-inner\"><div class=\"wpb_wrapper\">\n\t<div class=\"wpb_text_column wpb_content_element\" >\n\t\t<div class=\"wpb_wrapper\">\n\t\t\t<p><strong><a class=\"wp-block-latest-posts__post-title\" href=\"https:\/\/maldives-paradise.com\/it\/2024\/12\/nuove-normative-sul-tabacco-e-divieto-di-svapo-alle-maldive-nel-2024\/\">Nuove normative sul tabacco e divieto di svapo alle Maldive 2024<\/a><\/strong><\/p>\n\n\t\t<\/div>\n\t<\/div>\n<\/div><\/div><\/div><\/div>\n<\/div>","protected":false},"excerpt":{"rendered":"<div class=\"mh-excerpt\"><\/div>","protected":false},"author":1,"featured_media":11430,"parent":0,"menu_order":0,"comment_status":"closed","ping_status":"closed","template":"","meta":{"footnotes":""},"class_list":["post-11428","page","type-page","status-publish","has-post-thumbnail"],"aioseo_notices":[],"_links":{"self":[{"href":"https:\/\/maldives-paradise.com\/it\/wp-json\/wp\/v2\/pages\/11428","targetHints":{"allow":["GET"]}}],"collection":[{"href":"https:\/\/maldives-paradise.com\/it\/wp-json\/wp\/v2\/pages"}],"about":[{"href":"https:\/\/maldives-paradise.com\/it\/wp-json\/wp\/v2\/types\/page"}],"author":[{"embeddable":true,"href":"https:\/\/maldives-paradise.com\/it\/wp-json\/wp\/v2\/users\/1"}],"replies":[{"embeddable":true,"href":"https:\/\/maldives-paradise.com\/it\/wp-json\/wp\/v2\/comments?post=11428"}],"version-history":[{"count":4,"href":"https:\/\/maldives-paradise.com\/it\/wp-json\/wp\/v2\/pages\/11428\/revisions"}],"predecessor-version":[{"id":30968,"href":"https:\/\/maldives-paradise.com\/it\/wp-json\/wp\/v2\/pages\/11428\/revisions\/30968"}],"wp:featuredmedia":[{"embeddable":true,"href":"https:\/\/maldives-paradise.com\/it\/wp-json\/wp\/v2\/media\/11430"}],"wp:attachment":[{"href":"https:\/\/maldives-paradise.com\/it\/wp-json\/wp\/v2\/media?parent=11428"}],"curies":[{"name":"wp","href":"https:\/\/api.w.org\/{rel}","templated":true}]}}