{"id":10573,"date":"2024-02-12T20:03:32","date_gmt":"2024-02-12T20:03:32","guid":{"rendered":"http:\/\/maldives-paradise.com\/?page_id=10573"},"modified":"2025-02-21T07:29:54","modified_gmt":"2025-02-21T07:29:54","slug":"hotel-4-stelle-resort-alle-maldive-4","status":"publish","type":"page","link":"https:\/\/maldives-paradise.com\/it\/hotel-4-stelle-resort-alle-maldive-4\/","title":{"rendered":"Hotel e resort a 4 stelle alle Maldive 4"},"content":{"rendered":"<div class=\"wpb-content-wrapper\"><div class=\"vc_row wpb_row vc_row-fluid\"><div class=\"wpb_column vc_column_container vc_col-sm-12\"><div class=\"vc_column-inner\"><div class=\"wpb_wrapper\">\n\t<div class=\"wpb_text_column wpb_content_element\" >\n\t\t<div class=\"wpb_wrapper\">\n\t\t\t<h3>Una selezione di hotel e resort 4 stelle alle Maldive<\/h3>\n<p>Le Maldive ospitano numerosi <strong data-start=\"82\" data-end=\"111\">Hotel e resort a 4 stelle<\/strong>, offrendo un perfetto equilibrio tra <strong data-start=\"143\" data-end=\"181\">lusso, comfort e convenienza<\/strong>Questi resort offrono <strong data-start=\"205\" data-end=\"282\">splendide ville sulla spiaggia, bungalow sull&#039;acqua e strutture eccellenti<\/strong>, Compreso <strong data-start=\"294\" data-end=\"338\">piscine, spa e molteplici opzioni di ristorazione<\/strong>Gli ospiti possono concedersi <strong data-start=\"362\" data-end=\"404\">snorkeling, immersioni e crociere al tramonto<\/strong>, il tutto divertendosi <strong data-start=\"425\" data-end=\"481\">ospitalit\u00e0 eccezionale e viste mozzafiato sull&#039;oceano<\/strong>.<\/p>\n\n\t\t<\/div>\n\t<\/div>\n<\/div><\/div><\/div><\/div><div class=\"vc_row wpb_row vc_row-fluid\"><div class=\"wpb_column vc_column_container vc_col-sm-3\"><div class=\"vc_column-inner\"><div class=\"wpb_wrapper\">\n\t<div  class=\"wpb_single_image wpb_content_element vc_align_left wpb_content_element\">\n\t\t\n\t\t<figure class=\"wpb_wrapper vc_figure\">\n\t\t\t<a href=\"http:\/\/maldives-paradise.com\/it\/resort-sullisola-safari\/\" target=\"_self\" class=\"vc_single_image-wrapper   vc_box_border_grey\"><img loading=\"lazy\" decoding=\"async\" width=\"150\" height=\"150\" src=\"https:\/\/maldives-paradise.com\/wp-content\/uploads\/2024\/02\/safari-island-resort-150x150.jpg\" class=\"vc_single_image-img attachment-thumbnail\" alt=\"Resort dell&#039;Isola Safari\" title=\"resort-isola-safari\" \/><\/a>\n\t\t<\/figure>\n\t<\/div>\n<\/div><\/div><\/div><div class=\"wpb_column vc_column_container vc_col-sm-9\"><div class=\"vc_column-inner\"><div class=\"wpb_wrapper\">\n\t<div class=\"wpb_text_column wpb_content_element\" >\n\t\t<div class=\"wpb_wrapper\">\n\t\t\t<h4><a href=\"http:\/\/maldives-paradise.com\/it\/resort-sullisola-safari\/\">Safari Island Maldive<\/a><\/h4>\n<p>Safari Island alle Maldive \u00e8 una miscela di bellezza naturale, lusso, avventura e tranquillit\u00e0. \u00c8 una destinazione che soddisfa una vasta gamma di interessi e promette un&#039;esperienza indimenticabile a chiunque la visiti.<\/p>\n\n\t\t<\/div>\n\t<\/div>\n<\/div><\/div><\/div><\/div><div class=\"vc_row wpb_row vc_row-fluid\"><div class=\"wpb_column vc_column_container vc_col-sm-3\"><div class=\"vc_column-inner\"><div class=\"wpb_wrapper\">\n\t<div  class=\"wpb_single_image wpb_content_element vc_align_left wpb_content_element\">\n\t\t\n\t\t<figure class=\"wpb_wrapper vc_figure\">\n\t\t\t<a href=\"http:\/\/maldives-paradise.com\/it\/paradiso-stagionale\/\" target=\"_self\" class=\"vc_single_image-wrapper   vc_box_border_grey\"><img loading=\"lazy\" decoding=\"async\" width=\"150\" height=\"150\" src=\"https:\/\/maldives-paradise.com\/wp-content\/uploads\/2024\/02\/season-paradise300-150x150.jpg\" class=\"vc_single_image-img attachment-thumbnail\" alt=\"Paradiso della stagione\" title=\"stagione-paradiso300\" \/><\/a>\n\t\t<\/figure>\n\t<\/div>\n<\/div><\/div><\/div><div class=\"wpb_column vc_column_container vc_col-sm-9\"><div class=\"vc_column-inner\"><div class=\"wpb_wrapper\">\n\t<div class=\"wpb_text_column wpb_content_element\" >\n\t\t<div class=\"wpb_wrapper\">\n\t\t\t<h4><a href=\"http:\/\/maldives-paradise.com\/it\/paradiso-stagionale\/\">Paradiso della stagione<\/a><\/h4>\n<p>Situato sull&#039;isola di Thulusdhoo nell&#039;atollo di Mal\u00e9 Nord, Season Paradise offre ai viaggiatori pi\u00f9 esigenti una fuga idilliaca in paradiso. Dalle spiagge incontaminate ai servizi di prima classe.<\/p>\n\n\t\t<\/div>\n\t<\/div>\n<\/div><\/div><\/div><\/div><div class=\"vc_row wpb_row vc_row-fluid\"><div class=\"wpb_column vc_column_container vc_col-sm-3\"><div class=\"vc_column-inner\"><div class=\"wpb_wrapper\">\n\t<div  class=\"wpb_single_image wpb_content_element vc_align_left wpb_content_element\">\n\t\t\n\t\t<figure class=\"wpb_wrapper vc_figure\">\n\t\t\t<a href=\"http:\/\/maldives-paradise.com\/it\/resort-di-palme-del-sud-alle-maldive\/\" target=\"_self\" class=\"vc_single_image-wrapper   vc_box_border_grey\"><img loading=\"lazy\" decoding=\"async\" width=\"150\" height=\"150\" src=\"https:\/\/maldives-paradise.com\/wp-content\/uploads\/2024\/02\/south-palm-resort-maldives400-150x150.jpg\" class=\"vc_single_image-img attachment-thumbnail\" alt=\"South Palm Resort Maldive\" title=\"sud-palm-resort-maldive400\" \/><\/a>\n\t\t<\/figure>\n\t<\/div>\n<\/div><\/div><\/div><div class=\"wpb_column vc_column_container vc_col-sm-9\"><div class=\"vc_column-inner\"><div class=\"wpb_wrapper\">\n\t<div class=\"wpb_text_column wpb_content_element\" >\n\t\t<div class=\"wpb_wrapper\">\n\t\t\t<h4><a href=\"http:\/\/maldives-paradise.com\/it\/resort-di-palme-del-sud-alle-maldive\/\">South Palm Resort Maldive<\/a><\/h4>\n<p>South Palm Resort Maldives offre un rifugio di lusso in una delle destinazioni pi\u00f9 mozzafiato del mondo, dove gli ospiti possono immergersi nella bellezza e nella tranquillit\u00e0 delle Maldive. Con le sue sistemazioni idilliache, squisite esperienze culinarie, spiagge incontaminate e un servizio impareggiabile, il resort promette un&#039;indimenticabile fuga in paradiso.<\/p>\n\n\t\t<\/div>\n\t<\/div>\n<\/div><\/div><\/div><\/div><div class=\"vc_row wpb_row vc_row-fluid\"><div class=\"wpb_column vc_column_container vc_col-sm-3\"><div class=\"vc_column-inner\"><div class=\"wpb_wrapper\">\n\t<div  class=\"wpb_single_image wpb_content_element vc_align_left wpb_content_element\">\n\t\t\n\t\t<figure class=\"wpb_wrapper vc_figure\">\n\t\t\t<a href=\"http:\/\/maldives-paradise.com\/it\/isola-estiva-maldive\/\" target=\"_self\" class=\"vc_single_image-wrapper   vc_box_border_grey\"><img loading=\"lazy\" decoding=\"async\" width=\"150\" height=\"150\" src=\"https:\/\/maldives-paradise.com\/wp-content\/uploads\/2024\/02\/summer-island-maldives300-150x150.jpg\" class=\"vc_single_image-img attachment-thumbnail\" alt=\"Isola estiva delle Maldive\" title=\"isola estiva maldive300\" \/><\/a>\n\t\t<\/figure>\n\t<\/div>\n<\/div><\/div><\/div><div class=\"wpb_column vc_column_container vc_col-sm-9\"><div class=\"vc_column-inner\"><div class=\"wpb_wrapper\">\n\t<div class=\"wpb_text_column wpb_content_element\" >\n\t\t<div class=\"wpb_wrapper\">\n\t\t\t<h4><a href=\"http:\/\/maldives-paradise.com\/it\/isola-estiva-maldive\/\">Isola estiva delle Maldive<\/a><\/h4>\n<p><strong>Isola estiva delle Maldive<\/strong>, un&#039;oasi incontaminata di lusso e tranquillit\u00e0. Situato sull&#039;isola privata di Ziyaaraiyfushi nell&#039;atollo di Male Nord, questo splendido resort offre ai viaggiatori pi\u00f9 esigenti una fuga senza precedenti in paradiso.<\/p>\n\n\t\t<\/div>\n\t<\/div>\n<\/div><\/div><\/div><\/div><div class=\"vc_row wpb_row vc_row-fluid\"><div class=\"wpb_column vc_column_container vc_col-sm-3\"><div class=\"vc_column-inner\"><div class=\"wpb_wrapper\">\n\t<div  class=\"wpb_single_image wpb_content_element vc_align_left wpb_content_element\">\n\t\t\n\t\t<figure class=\"wpb_wrapper vc_figure\">\n\t\t\t<a href=\"http:\/\/maldives-paradise.com\/it\/sun-siyam-olhuveli\/\" target=\"_self\" class=\"vc_single_image-wrapper   vc_box_border_grey\"><img loading=\"lazy\" decoding=\"async\" width=\"150\" height=\"150\" src=\"https:\/\/maldives-paradise.com\/wp-content\/uploads\/2024\/02\/sun-siyam-olhuveli-grand-water-villas-with-400-150x150.jpg\" class=\"vc_single_image-img attachment-thumbnail\" alt=\"Sun Siyam Olhuveli\" title=\"sun-siyam-olhuveli-grand-water-villas-con-400\" \/><\/a>\n\t\t<\/figure>\n\t<\/div>\n<\/div><\/div><\/div><div class=\"wpb_column vc_column_container vc_col-sm-9\"><div class=\"vc_column-inner\"><div class=\"wpb_wrapper\">\n\t<div class=\"wpb_text_column wpb_content_element\" >\n\t\t<div class=\"wpb_wrapper\">\n\t\t\t<h4><a href=\"http:\/\/maldives-paradise.com\/it\/sun-siyam-olhuveli\/\">Sun Siyam Olhuveli<\/a><\/h4>\n<p>Con le sue lussuose sistemazioni, esperienze culinarie di livello mondiale, spiagge incontaminate e un servizio impareggiabile, il resort promette un&#039;indimenticabile fuga in paradiso per i viaggiatori pi\u00f9 esigenti che cercano la migliore esperienza maldiviana. Che si tratti di rilassarsi sulla spiaggia, concedersi trattamenti termali o intraprendere emozionanti avventure di sport acquatici, gli ospiti sono invitati a scoprire la magia di Sun Siyam Olhuveli e creare ricordi che dureranno tutta la vita.<\/p>\n\n\t\t<\/div>\n\t<\/div>\n<\/div><\/div><\/div><\/div><div class=\"vc_row wpb_row vc_row-fluid\"><div class=\"wpb_column vc_column_container vc_col-sm-3\"><div class=\"vc_column-inner\"><div class=\"wpb_wrapper\">\n\t<div  class=\"wpb_single_image wpb_content_element vc_align_left wpb_content_element\">\n\t\t\n\t\t<figure class=\"wpb_wrapper vc_figure\">\n\t\t\t<a href=\"http:\/\/maldives-paradise.com\/it\/resort-sullisola-di-thulhagiri\/\" target=\"_self\" class=\"vc_single_image-wrapper   vc_box_border_grey\"><img loading=\"lazy\" decoding=\"async\" width=\"150\" height=\"150\" src=\"https:\/\/maldives-paradise.com\/wp-content\/uploads\/2024\/02\/Thulhagiri-Island-Resort300-150x150.jpg\" class=\"vc_single_image-img attachment-thumbnail\" alt=\"Resort dell&#039;isola di Thulhagiri\" title=\"Thulhagiri-Isola-Resort300\" \/><\/a>\n\t\t<\/figure>\n\t<\/div>\n<\/div><\/div><\/div><div class=\"wpb_column vc_column_container vc_col-sm-9\"><div class=\"vc_column-inner\"><div class=\"wpb_wrapper\">\n\t<div class=\"wpb_text_column wpb_content_element\" >\n\t\t<div class=\"wpb_wrapper\">\n\t\t\t<h4><a href=\"http:\/\/maldives-paradise.com\/it\/resort-sullisola-di-thulhagiri\/\">Resort dell&#039;isola di Thulhagiri<\/a><\/h4>\n<p>Thulhagiri Island Resort, un paradiso di lusso e tranquillit\u00e0 alle Maldive. Situato sulla sua isola privata nell&#039;atollo di Male Nord, questo splendido resort offre ai viaggiatori pi\u00f9 esigenti un rifugio indimenticabile circondato da una bellezza naturale mozzafiato.<\/p>\n\n\t\t<\/div>\n\t<\/div>\n<\/div><\/div><\/div><\/div><div class=\"vc_row wpb_row vc_row-fluid\"><div class=\"wpb_column vc_column_container vc_col-sm-3\"><div class=\"vc_column-inner\"><div class=\"wpb_wrapper\">\n\t<div  class=\"wpb_single_image wpb_content_element vc_align_left wpb_content_element\">\n\t\t\n\t\t<figure class=\"wpb_wrapper vc_figure\">\n\t\t\t<a href=\"http:\/\/maldives-paradise.com\/it\/centro-benessere-dellisola-di-vilamendhoo\/\" target=\"_self\" class=\"vc_single_image-wrapper   vc_box_border_grey\"><img loading=\"lazy\" decoding=\"async\" width=\"150\" height=\"150\" src=\"https:\/\/maldives-paradise.com\/wp-content\/uploads\/2024\/02\/Vilamendhoo-Island-Resort-Spa-Maldives-150x150.jpg\" class=\"vc_single_image-img attachment-thumbnail\" alt=\"Resort e spa dell&#039;isola di Vilamendhoo\" title=\"Vilamendhoo-Island-Resort-Spa-Maldive\" \/><\/a>\n\t\t<\/figure>\n\t<\/div>\n<\/div><\/div><\/div><div class=\"wpb_column vc_column_container vc_col-sm-9\"><div class=\"vc_column-inner\"><div class=\"wpb_wrapper\">\n\t<div class=\"wpb_text_column wpb_content_element\" >\n\t\t<div class=\"wpb_wrapper\">\n\t\t\t<h4><a href=\"http:\/\/maldives-paradise.com\/it\/centro-benessere-dellisola-di-vilamendhoo\/\">Resort e spa dell&#039;isola di Vilamendhoo<\/a><\/h4>\n<p>Vilamendhoo Island Resort &amp; Spa offre un rifugio di lusso in una delle destinazioni pi\u00f9 mozzafiato del mondo, dove gli ospiti possono immergersi nella bellezza naturale e nella serenit\u00e0 delle Maldive. Con le sue sistemazioni lussuose, esperienze culinarie di livello mondiale, spiagge incontaminate e un servizio impareggiabile.<\/p>\n\n\t\t<\/div>\n\t<\/div>\n<\/div><\/div><\/div><\/div><div class=\"vc_row wpb_row vc_row-fluid\"><div class=\"wpb_column vc_column_container vc_col-sm-3\"><div class=\"vc_column-inner\"><div class=\"wpb_wrapper\">\n\t<div  class=\"wpb_single_image wpb_content_element vc_align_left wpb_content_element\">\n\t\t\n\t\t<figure class=\"wpb_wrapper vc_figure\">\n\t\t\t<a href=\"http:\/\/maldives-paradise.com\/it\/lhotel-somerset\/\" target=\"_self\" class=\"vc_single_image-wrapper   vc_box_border_grey\"><img loading=\"lazy\" decoding=\"async\" width=\"150\" height=\"150\" src=\"https:\/\/maldives-paradise.com\/wp-content\/uploads\/2024\/02\/the-somerset-hotel-400-150x150.jpg\" class=\"vc_single_image-img attachment-thumbnail\" alt=\"L&#039;Hotel Somerset\" title=\"il-somerset-hotel-400\" \/><\/a>\n\t\t<\/figure>\n\t<\/div>\n<\/div><\/div><\/div><div class=\"wpb_column vc_column_container vc_col-sm-9\"><div class=\"vc_column-inner\"><div class=\"wpb_wrapper\">\n\t<div class=\"wpb_text_column wpb_content_element\" >\n\t\t<div class=\"wpb_wrapper\">\n\t\t\t<h3><a href=\"http:\/\/maldives-paradise.com\/it\/lhotel-somerset\/\">L&#039;Hotel Somerset<\/a><\/h3>\n<p>Il Somerset Hotel invita i viaggiatori a scoprire la bellezza e la serenit\u00e0 di questa incantevole destinazione e a creare ricordi che dureranno tutta la vita.<\/p>\n\n\t\t<\/div>\n\t<\/div>\n<\/div><\/div><\/div><\/div><div class=\"vc_row wpb_row vc_row-fluid\"><div class=\"wpb_column vc_column_container vc_col-sm-12\"><div class=\"vc_column-inner\"><div class=\"wpb_wrapper\">\n\t<div class=\"wpb_text_column wpb_content_element\" >\n\t\t<div class=\"wpb_wrapper\">\n\t\t\t<h3>Hotel e resort 4 stelle alle Maldive\u00a0\u00a0\u00a0 <a href=\"http:\/\/maldives-paradise.com\/it\/hotel-resort-4-stelle-alle-maldive\/\">Pagina 1<\/a>\u00a0\u00a0 <a href=\"http:\/\/maldives-paradise.com\/it\/hotel-4-stelle-resort-alle-maldive-2\/\">Pagina 2<\/a>\u00a0\u00a0 <a href=\"http:\/\/maldives-paradise.com\/it\/hotel-4-stelle-resort-alle-maldive-3\/\">Pagina 3<\/a><\/h3>\n\n\t\t<\/div>\n\t<\/div>\n<\/div><\/div><\/div><\/div>\n<\/div>","protected":false},"excerpt":{"rendered":"<div class=\"mh-excerpt\"><\/div>","protected":false},"author":1,"featured_media":10498,"parent":0,"menu_order":0,"comment_status":"closed","ping_status":"closed","template":"","meta":{"footnotes":""},"class_list":["post-10573","page","type-page","status-publish","has-post-thumbnail"],"aioseo_notices":[],"_links":{"self":[{"href":"https:\/\/maldives-paradise.com\/it\/wp-json\/wp\/v2\/pages\/10573","targetHints":{"allow":["GET"]}}],"collection":[{"href":"https:\/\/maldives-paradise.com\/it\/wp-json\/wp\/v2\/pages"}],"about":[{"href":"https:\/\/maldives-paradise.com\/it\/wp-json\/wp\/v2\/types\/page"}],"author":[{"embeddable":true,"href":"https:\/\/maldives-paradise.com\/it\/wp-json\/wp\/v2\/users\/1"}],"replies":[{"embeddable":true,"href":"https:\/\/maldives-paradise.com\/it\/wp-json\/wp\/v2\/comments?post=10573"}],"version-history":[{"count":6,"href":"https:\/\/maldives-paradise.com\/it\/wp-json\/wp\/v2\/pages\/10573\/revisions"}],"predecessor-version":[{"id":34287,"href":"https:\/\/maldives-paradise.com\/it\/wp-json\/wp\/v2\/pages\/10573\/revisions\/34287"}],"wp:featuredmedia":[{"embeddable":true,"href":"https:\/\/maldives-paradise.com\/it\/wp-json\/wp\/v2\/media\/10498"}],"wp:attachment":[{"href":"https:\/\/maldives-paradise.com\/it\/wp-json\/wp\/v2\/media?parent=10573"}],"curies":[{"name":"wp","href":"https:\/\/api.w.org\/{rel}","templated":true}]}}